{"id":312,"date":"2012-10-24T09:56:41","date_gmt":"2012-10-24T09:56:41","guid":{"rendered":"http:\/\/mediterrania.adgency.es\/producto\/producto\/cuina-caputxina-les-pitances-dels-frares-2\/"},"modified":"2020-02-05T12:53:28","modified_gmt":"2020-02-05T11:53:28","slug":"cuina-caputxina-les-pitances-dels-frares","status":"publish","type":"product","link":"https:\/\/editorialmediterrania.com\/es\/producto\/cuina-caputxina-les-pitances-dels-frares\/","title":{"rendered":"Cuina caputxina"},"content":{"rendered":"<p style=\"text-align: justify;\"><em>Cuina caputxina<\/em> es un libro simp\u00e1tico, en ocasiones pretendidamente divertido, pero no una obra fr\u00edvola, pues est\u00e1 escrita con gran rigor. El lector encontrar\u00e1 en la primera parte indicaciones respecto a la austeridad de la vida cotidiana de los antiguos capuchinos. En la segunda y tercera parte se han transcrito la selecci\u00f3n de las recetas del nuevo volumen de la colecci\u00f3n \u00abA la Caputxina\u00bb.<\/p>\n<p>Este libro tambi\u00e9n est\u00e1 disponible en formato ebook o libro electr\u00f3nico que podr\u00e1s encontrar en la web de nuestro distribuidor digital\u00a0<a href=\"http:\/\/www.zonaebooks.com\/Mi-Cesta\" target=\"_blank\">Zonaebooks<\/a>.<\/p>\n","protected":false},"excerpt":{"rendered":"<p>Cuina caputxina es un libro simp\u00e1tico, en ocasiones pretendidamente divertido, pero no una obra fr\u00edvola, pues est\u00e1 escrita con gran rigor. El lector encontrar\u00e1 en la primera parte indicaciones respecto a la austeridad de la vida cotidiana de los antiguos capuchinos. En la segunda y tercera parte se han transcrito la selecci\u00f3n de las recetas [&hellip;]<\/p>\n","protected":false},"featured_media":20423,"template":"","meta":[],"product_cat":[6542,3350],"product_tag":[625],"autors":[],"class_list":{"0":"post-312","1":"product","2":"type-product","3":"status-publish","4":"has-post-thumbnail","6":"product_cat-a-la-caputxina-es","7":"product_cat-mediterrania-productes","8":"product_tag-fra-valenti-serra-de-manresa","10":"first","11":"instock","12":"purchasable","13":"product-type-simple","swatches":"rey-swatches","show_selected":""},"acf":[],"yoast_head":"<!-- This site is optimized with the Yoast SEO plugin v22.8 - https:\/\/yoast.com\/wordpress\/plugins\/seo\/ -->\n<title>Cuina Caputxina - Editorial Mediterrania<\/title>\n<meta name=\"description\" content=\"Cuina Caputxina es un libro simp\u00e1tico, en ocasiones pretendidamente divertido, pero no una obra fr\u00edvola, pues est\u00e1 escrita con gran rigor.\" \/>\n<meta name=\"robots\" content=\"index, follow, max-snippet:-1, max-image-preview:large, max-video-preview:-1\" \/>\n<link rel=\"canonical\" href=\"https:\/\/editorialmediterrania.com\/es\/producto\/cuina-caputxina-les-pitances-dels-frares\/\" \/>\n<meta property=\"og:locale\" content=\"es_ES\" \/>\n<meta property=\"og:type\" content=\"article\" \/>\n<meta property=\"og:title\" content=\"Cuina Caputxina - Editorial Mediterrania\" \/>\n<meta property=\"og:description\" content=\"Cuina Caputxina es un libro simp\u00e1tico, en ocasiones pretendidamente divertido, pero no una obra fr\u00edvola, pues est\u00e1 escrita con gran rigor.\" \/>\n<meta property=\"og:url\" content=\"https:\/\/editorialmediterrania.com\/es\/producto\/cuina-caputxina-les-pitances-dels-frares\/\" \/>\n<meta property=\"og:site_name\" content=\"Editorial Mediterr\u00e0nia\" \/>\n<meta property=\"article:modified_time\" content=\"2020-02-05T11:53:28+00:00\" \/>\n<meta property=\"og:image\" content=\"https:\/\/editorialmediterrania.com\/wp-content\/uploads\/2012\/10\/Cuina-Caputxina.jpg\" \/>\n\t<meta property=\"og:image:width\" content=\"600\" \/>\n\t<meta property=\"og:image:height\" content=\"840\" \/>\n\t<meta property=\"og:image:type\" content=\"image\/jpeg\" \/>\n<meta name=\"twitter:card\" content=\"summary_large_image\" \/>\n<meta name=\"twitter:site\" content=\"@edmediterrania\" \/>\n<script type=\"application\/ld+json\" class=\"yoast-schema-graph\">{\"@context\":\"https:\/\/schema.org\",\"@graph\":[{\"@type\":\"WebPage\",\"@id\":\"https:\/\/editorialmediterrania.com\/es\/producto\/cuina-caputxina-les-pitances-dels-frares\/\",\"url\":\"https:\/\/editorialmediterrania.com\/es\/producto\/cuina-caputxina-les-pitances-dels-frares\/\",\"name\":\"Cuina Caputxina - Editorial Mediterrania\",\"isPartOf\":{\"@id\":\"https:\/\/editorialmediterrania.com\/es\/#website\"},\"primaryImageOfPage\":{\"@id\":\"https:\/\/editorialmediterrania.com\/es\/producto\/cuina-caputxina-les-pitances-dels-frares\/#primaryimage\"},\"image\":{\"@id\":\"https:\/\/editorialmediterrania.com\/es\/producto\/cuina-caputxina-les-pitances-dels-frares\/#primaryimage\"},\"thumbnailUrl\":\"https:\/\/editorialmediterrania.com\/wp-content\/uploads\/2012\/10\/Cuina-Caputxina.jpg\",\"datePublished\":\"2012-10-24T09:56:41+00:00\",\"dateModified\":\"2020-02-05T11:53:28+00:00\",\"description\":\"Cuina Caputxina es un libro simp\u00e1tico, en ocasiones pretendidamente divertido, pero no una obra fr\u00edvola, pues est\u00e1 escrita con gran rigor.\",\"breadcrumb\":{\"@id\":\"https:\/\/editorialmediterrania.com\/es\/producto\/cuina-caputxina-les-pitances-dels-frares\/#breadcrumb\"},\"inLanguage\":\"es\",\"potentialAction\":[{\"@type\":\"ReadAction\",\"target\":[\"https:\/\/editorialmediterrania.com\/es\/producto\/cuina-caputxina-les-pitances-dels-frares\/\"]}]},{\"@type\":\"ImageObject\",\"inLanguage\":\"es\",\"@id\":\"https:\/\/editorialmediterrania.com\/es\/producto\/cuina-caputxina-les-pitances-dels-frares\/#primaryimage\",\"url\":\"https:\/\/editorialmediterrania.com\/wp-content\/uploads\/2012\/10\/Cuina-Caputxina.jpg\",\"contentUrl\":\"https:\/\/editorialmediterrania.com\/wp-content\/uploads\/2012\/10\/Cuina-Caputxina.jpg\",\"width\":600,\"height\":840},{\"@type\":\"BreadcrumbList\",\"@id\":\"https:\/\/editorialmediterrania.com\/es\/producto\/cuina-caputxina-les-pitances-dels-frares\/#breadcrumb\",\"itemListElement\":[{\"@type\":\"ListItem\",\"position\":1,\"name\":\"Tienda de libros infantiles de arte\",\"item\":\"https:\/\/editorialmediterrania.com\/es\/tienda-de-libros-infantiles-arte\/\"},{\"@type\":\"ListItem\",\"position\":2,\"name\":\"Cuina caputxina\"}]},{\"@type\":\"WebSite\",\"@id\":\"https:\/\/editorialmediterrania.com\/es\/#website\",\"url\":\"https:\/\/editorialmediterrania.com\/es\/\",\"name\":\"Editorial Mediterrania\",\"description\":\"Llibres que t\u2019obriran nous mons\",\"publisher\":{\"@id\":\"https:\/\/editorialmediterrania.com\/es\/#organization\"},\"alternateName\":\"Llibres infantils d'art, cultura i natura\",\"potentialAction\":[{\"@type\":\"SearchAction\",\"target\":{\"@type\":\"EntryPoint\",\"urlTemplate\":\"https:\/\/editorialmediterrania.com\/es\/?s={search_term_string}\"},\"query-input\":\"required name=search_term_string\"}],\"inLanguage\":\"es\"},{\"@type\":\"Organization\",\"@id\":\"https:\/\/editorialmediterrania.com\/es\/#organization\",\"name\":\"Editorial Mediterrania\",\"alternateName\":\"Llibres d'art, cultura i natura per infants i fam\u00edlies\",\"url\":\"https:\/\/editorialmediterrania.com\/es\/\",\"logo\":{\"@type\":\"ImageObject\",\"inLanguage\":\"es\",\"@id\":\"https:\/\/editorialmediterrania.com\/es\/#\/schema\/logo\/image\/\",\"url\":\"https:\/\/editorialmediterrania.com\/wp-content\/uploads\/2023\/03\/LOGO-ED_MEDITERRANIA_OK-2.png\",\"contentUrl\":\"https:\/\/editorialmediterrania.com\/wp-content\/uploads\/2023\/03\/LOGO-ED_MEDITERRANIA_OK-2.png\",\"width\":1200,\"height\":300,\"caption\":\"Editorial Mediterrania\"},\"image\":{\"@id\":\"https:\/\/editorialmediterrania.com\/es\/#\/schema\/logo\/image\/\"},\"sameAs\":[\"https:\/\/x.com\/edmediterrania\",\"https:\/\/www.instagram.com\/editorialmediterrania\/\"]}]}<\/script>\n<!-- \/ Yoast SEO plugin. -->","yoast_head_json":{"title":"Cuina Caputxina - Editorial Mediterrania","description":"Cuina Caputxina es un libro simp\u00e1tico, en ocasiones pretendidamente divertido, pero no una obra fr\u00edvola, pues est\u00e1 escrita con gran rigor.","robots":{"index":"index","follow":"follow","max-snippet":"max-snippet:-1","max-image-preview":"max-image-preview:large","max-video-preview":"max-video-preview:-1"},"canonical":"https:\/\/editorialmediterrania.com\/es\/producto\/cuina-caputxina-les-pitances-dels-frares\/","og_locale":"es_ES","og_type":"article","og_title":"Cuina Caputxina - Editorial Mediterrania","og_description":"Cuina Caputxina es un libro simp\u00e1tico, en ocasiones pretendidamente divertido, pero no una obra fr\u00edvola, pues est\u00e1 escrita con gran rigor.","og_url":"https:\/\/editorialmediterrania.com\/es\/producto\/cuina-caputxina-les-pitances-dels-frares\/","og_site_name":"Editorial Mediterr\u00e0nia","article_modified_time":"2020-02-05T11:53:28+00:00","og_image":[{"width":600,"height":840,"url":"https:\/\/editorialmediterrania.com\/wp-content\/uploads\/2012\/10\/Cuina-Caputxina.jpg","type":"image\/jpeg"}],"twitter_card":"summary_large_image","twitter_site":"@edmediterrania","schema":{"@context":"https:\/\/schema.org","@graph":[{"@type":"WebPage","@id":"https:\/\/editorialmediterrania.com\/es\/producto\/cuina-caputxina-les-pitances-dels-frares\/","url":"https:\/\/editorialmediterrania.com\/es\/producto\/cuina-caputxina-les-pitances-dels-frares\/","name":"Cuina Caputxina - Editorial Mediterrania","isPartOf":{"@id":"https:\/\/editorialmediterrania.com\/es\/#website"},"primaryImageOfPage":{"@id":"https:\/\/editorialmediterrania.com\/es\/producto\/cuina-caputxina-les-pitances-dels-frares\/#primaryimage"},"image":{"@id":"https:\/\/editorialmediterrania.com\/es\/producto\/cuina-caputxina-les-pitances-dels-frares\/#primaryimage"},"thumbnailUrl":"https:\/\/editorialmediterrania.com\/wp-content\/uploads\/2012\/10\/Cuina-Caputxina.jpg","datePublished":"2012-10-24T09:56:41+00:00","dateModified":"2020-02-05T11:53:28+00:00","description":"Cuina Caputxina es un libro simp\u00e1tico, en ocasiones pretendidamente divertido, pero no una obra fr\u00edvola, pues est\u00e1 escrita con gran rigor.","breadcrumb":{"@id":"https:\/\/editorialmediterrania.com\/es\/producto\/cuina-caputxina-les-pitances-dels-frares\/#breadcrumb"},"inLanguage":"es","potentialAction":[{"@type":"ReadAction","target":["https:\/\/editorialmediterrania.com\/es\/producto\/cuina-caputxina-les-pitances-dels-frares\/"]}]},{"@type":"ImageObject","inLanguage":"es","@id":"https:\/\/editorialmediterrania.com\/es\/producto\/cuina-caputxina-les-pitances-dels-frares\/#primaryimage","url":"https:\/\/editorialmediterrania.com\/wp-content\/uploads\/2012\/10\/Cuina-Caputxina.jpg","contentUrl":"https:\/\/editorialmediterrania.com\/wp-content\/uploads\/2012\/10\/Cuina-Caputxina.jpg","width":600,"height":840},{"@type":"BreadcrumbList","@id":"https:\/\/editorialmediterrania.com\/es\/producto\/cuina-caputxina-les-pitances-dels-frares\/#breadcrumb","itemListElement":[{"@type":"ListItem","position":1,"name":"Tienda de libros infantiles de arte","item":"https:\/\/editorialmediterrania.com\/es\/tienda-de-libros-infantiles-arte\/"},{"@type":"ListItem","position":2,"name":"Cuina caputxina"}]},{"@type":"WebSite","@id":"https:\/\/editorialmediterrania.com\/es\/#website","url":"https:\/\/editorialmediterrania.com\/es\/","name":"Editorial Mediterrania","description":"Llibres que t\u2019obriran nous mons","publisher":{"@id":"https:\/\/editorialmediterrania.com\/es\/#organization"},"alternateName":"Llibres infantils d'art, cultura i natura","potentialAction":[{"@type":"SearchAction","target":{"@type":"EntryPoint","urlTemplate":"https:\/\/editorialmediterrania.com\/es\/?s={search_term_string}"},"query-input":"required name=search_term_string"}],"inLanguage":"es"},{"@type":"Organization","@id":"https:\/\/editorialmediterrania.com\/es\/#organization","name":"Editorial Mediterrania","alternateName":"Llibres d'art, cultura i natura per infants i fam\u00edlies","url":"https:\/\/editorialmediterrania.com\/es\/","logo":{"@type":"ImageObject","inLanguage":"es","@id":"https:\/\/editorialmediterrania.com\/es\/#\/schema\/logo\/image\/","url":"https:\/\/editorialmediterrania.com\/wp-content\/uploads\/2023\/03\/LOGO-ED_MEDITERRANIA_OK-2.png","contentUrl":"https:\/\/editorialmediterrania.com\/wp-content\/uploads\/2023\/03\/LOGO-ED_MEDITERRANIA_OK-2.png","width":1200,"height":300,"caption":"Editorial Mediterrania"},"image":{"@id":"https:\/\/editorialmediterrania.com\/es\/#\/schema\/logo\/image\/"},"sameAs":["https:\/\/x.com\/edmediterrania","https:\/\/www.instagram.com\/editorialmediterrania\/"]}]}},"_links":{"self":[{"href":"https:\/\/editorialmediterrania.com\/es\/wp-json\/wp\/v2\/product\/312","targetHints":{"allow":["GET"]}}],"collection":[{"href":"https:\/\/editorialmediterrania.com\/es\/wp-json\/wp\/v2\/product"}],"about":[{"href":"https:\/\/editorialmediterrania.com\/es\/wp-json\/wp\/v2\/types\/product"}],"wp:featuredmedia":[{"embeddable":true,"href":"https:\/\/editorialmediterrania.com\/es\/wp-json\/wp\/v2\/media\/20423"}],"wp:attachment":[{"href":"https:\/\/editorialmediterrania.com\/es\/wp-json\/wp\/v2\/media?parent=312"}],"wp:term":[{"taxonomy":"product_cat","embeddable":true,"href":"https:\/\/editorialmediterrania.com\/es\/wp-json\/wp\/v2\/product_cat?post=312"},{"taxonomy":"product_tag","embeddable":true,"href":"https:\/\/editorialmediterrania.com\/es\/wp-json\/wp\/v2\/product_tag?post=312"},{"taxonomy":"autors","embeddable":true,"href":"https:\/\/editorialmediterrania.com\/es\/wp-json\/wp\/v2\/autors?post=312"}],"curies":[{"name":"wp","href":"https:\/\/api.w.org\/{rel}","templated":true}]}}