{"id":33099,"date":"2020-02-13T13:11:35","date_gmt":"2020-02-13T12:11:35","guid":{"rendered":"http:\/\/localhost:8888\/mediterrania\/?post_type=product&#038;p=33099"},"modified":"2025-07-29T11:15:39","modified_gmt":"2025-07-29T09:15:39","slug":"pintem-velazquez","status":"publish","type":"product","link":"https:\/\/editorialmediterrania.com\/es\/producto\/pintem-velazquez\/","title":{"rendered":"Pintem! Vel\u00e1zquez"},"content":{"rendered":"<p><strong>Hores de diversi\u00f3 amb els teus artistes preferits!<\/strong><\/p>\n<p><em>Pintem! Vel\u00e1zquez<\/em> \u00e9s un quadern il\u00b7lustrat perqu\u00e8 els m\u00e9s petits de la casa puguin divertir-se acolorint al mateix temps que aprenen qui va ser el pintor Diego Vel\u00e1zquez.<br \/>\nLa coneguda il\u00b7lustradora Pilar\u00edn Bay\u00e9s ha dibuixat per a aquesta ocasi\u00f3 diverses escenes de la vida i l\u2019obra del pintor sevill\u00e0, un geni del barroc.<br \/>\nTotes les p\u00e0gines dobles estan plantejades amb una part en blanc i negre, per tal d\u2019acolorir, i una en color.<\/p>\n","protected":false},"excerpt":{"rendered":"<p>Hores de diversi\u00f3 amb els teus artistes preferits! Pintem! Vel\u00e1zquez \u00e9s un quadern il\u00b7lustrat perqu\u00e8 els m\u00e9s petits de la casa puguin divertir-se acolorint al mateix temps que aprenen qui va ser el pintor Diego Vel\u00e1zquez. La coneguda il\u00b7lustradora Pilar\u00edn Bay\u00e9s ha dibuixat per a aquesta ocasi\u00f3 diverses escenes de la vida i l\u2019obra del [&hellip;]<\/p>\n","protected":false},"featured_media":33100,"template":"","meta":[],"product_cat":[16,4363],"product_tag":[365,1808,5918,5972],"autors":[],"class_list":{"0":"post-33099","1":"product","2":"type-product","3":"status-publish","4":"has-post-thumbnail","6":"product_cat-editorial-mediterrania","7":"product_cat-pintem","8":"product_tag-pintem","9":"product_tag-pintor","10":"product_tag-quadern-il-lustrat","11":"product_tag-quadern-infantil","13":"first","14":"instock","15":"purchasable","16":"product-type-simple","swatches":"rey-swatches","show_selected":""},"acf":[],"yoast_head":"<!-- This site is optimized with the Yoast SEO plugin v22.8 - https:\/\/yoast.com\/wordpress\/plugins\/seo\/ -->\n<title>Pintem! Vel\u00e1zquez , quadern il.lustrat infantil - Editorial Mediterr\u00e0nia<\/title>\n<meta name=\"description\" content=\"Pintem! Vel\u00e1zquez \u00e9s un quadern il\u00b7lustrat infantil perqu\u00e8 els m\u00e9s petits de la casa puguin divertir-se acolorint al mateix temps que aprenen qui va ser el pintor Diego Vel\u00e1zquez.\" \/>\n<meta name=\"robots\" content=\"index, follow, max-snippet:-1, max-image-preview:large, max-video-preview:-1\" \/>\n<link rel=\"canonical\" href=\"https:\/\/editorialmediterrania.com\/es\/producto\/pintem-velazquez\/\" \/>\n<meta property=\"og:locale\" content=\"es_ES\" \/>\n<meta property=\"og:type\" content=\"article\" \/>\n<meta property=\"og:title\" content=\"Pintem! Vel\u00e1zquez , quadern il.lustrat infantil - Editorial Mediterr\u00e0nia\" \/>\n<meta property=\"og:description\" content=\"Pintem! Vel\u00e1zquez \u00e9s un quadern il\u00b7lustrat infantil perqu\u00e8 els m\u00e9s petits de la casa puguin divertir-se acolorint al mateix temps que aprenen qui va ser el pintor Diego Vel\u00e1zquez.\" \/>\n<meta property=\"og:url\" content=\"https:\/\/editorialmediterrania.com\/es\/producto\/pintem-velazquez\/\" \/>\n<meta property=\"og:site_name\" content=\"Editorial Mediterr\u00e0nia\" \/>\n<meta property=\"article:modified_time\" content=\"2025-07-29T09:15:39+00:00\" \/>\n<meta property=\"og:image\" content=\"https:\/\/editorialmediterrania.com\/wp-content\/uploads\/2020\/02\/9788499796604.jpg\" \/>\n\t<meta property=\"og:image:width\" content=\"886\" \/>\n\t<meta property=\"og:image:height\" content=\"866\" \/>\n\t<meta property=\"og:image:type\" content=\"image\/jpeg\" \/>\n<meta name=\"twitter:card\" content=\"summary_large_image\" \/>\n<meta name=\"twitter:site\" content=\"@edmediterrania\" \/>\n<meta name=\"twitter:label1\" content=\"Tiempo de lectura\" \/>\n\t<meta name=\"twitter:data1\" content=\"1 minuto\" \/>\n<script type=\"application\/ld+json\" class=\"yoast-schema-graph\">{\"@context\":\"https:\/\/schema.org\",\"@graph\":[{\"@type\":\"WebPage\",\"@id\":\"https:\/\/editorialmediterrania.com\/es\/producto\/pintem-velazquez\/\",\"url\":\"https:\/\/editorialmediterrania.com\/es\/producto\/pintem-velazquez\/\",\"name\":\"Pintem! Vel\u00e1zquez , quadern il.lustrat infantil - Editorial Mediterr\u00e0nia\",\"isPartOf\":{\"@id\":\"https:\/\/editorialmediterrania.com\/es\/#website\"},\"primaryImageOfPage\":{\"@id\":\"https:\/\/editorialmediterrania.com\/es\/producto\/pintem-velazquez\/#primaryimage\"},\"image\":{\"@id\":\"https:\/\/editorialmediterrania.com\/es\/producto\/pintem-velazquez\/#primaryimage\"},\"thumbnailUrl\":\"https:\/\/editorialmediterrania.com\/wp-content\/uploads\/2020\/02\/9788499796604.jpg\",\"datePublished\":\"2020-02-13T12:11:35+00:00\",\"dateModified\":\"2025-07-29T09:15:39+00:00\",\"description\":\"Pintem! Vel\u00e1zquez \u00e9s un quadern il\u00b7lustrat infantil perqu\u00e8 els m\u00e9s petits de la casa puguin divertir-se acolorint al mateix temps que aprenen qui va ser el pintor Diego Vel\u00e1zquez.\",\"breadcrumb\":{\"@id\":\"https:\/\/editorialmediterrania.com\/es\/producto\/pintem-velazquez\/#breadcrumb\"},\"inLanguage\":\"es\",\"potentialAction\":[{\"@type\":\"ReadAction\",\"target\":[\"https:\/\/editorialmediterrania.com\/es\/producto\/pintem-velazquez\/\"]}]},{\"@type\":\"ImageObject\",\"inLanguage\":\"es\",\"@id\":\"https:\/\/editorialmediterrania.com\/es\/producto\/pintem-velazquez\/#primaryimage\",\"url\":\"https:\/\/editorialmediterrania.com\/wp-content\/uploads\/2020\/02\/9788499796604.jpg\",\"contentUrl\":\"https:\/\/editorialmediterrania.com\/wp-content\/uploads\/2020\/02\/9788499796604.jpg\",\"width\":886,\"height\":866,\"caption\":\"Pintem Velazquez\"},{\"@type\":\"BreadcrumbList\",\"@id\":\"https:\/\/editorialmediterrania.com\/es\/producto\/pintem-velazquez\/#breadcrumb\",\"itemListElement\":[{\"@type\":\"ListItem\",\"position\":1,\"name\":\"Tienda de libros infantiles de arte\",\"item\":\"https:\/\/editorialmediterrania.com\/es\/tienda-de-libros-infantiles-arte\/\"},{\"@type\":\"ListItem\",\"position\":2,\"name\":\"Pintem! Vel\u00e1zquez\"}]},{\"@type\":\"WebSite\",\"@id\":\"https:\/\/editorialmediterrania.com\/es\/#website\",\"url\":\"https:\/\/editorialmediterrania.com\/es\/\",\"name\":\"Editorial Mediterrania\",\"description\":\"Llibres que t\u2019obriran nous mons\",\"publisher\":{\"@id\":\"https:\/\/editorialmediterrania.com\/es\/#organization\"},\"alternateName\":\"Llibres infantils d'art, cultura i natura\",\"potentialAction\":[{\"@type\":\"SearchAction\",\"target\":{\"@type\":\"EntryPoint\",\"urlTemplate\":\"https:\/\/editorialmediterrania.com\/es\/?s={search_term_string}\"},\"query-input\":\"required name=search_term_string\"}],\"inLanguage\":\"es\"},{\"@type\":\"Organization\",\"@id\":\"https:\/\/editorialmediterrania.com\/es\/#organization\",\"name\":\"Editorial Mediterrania\",\"alternateName\":\"Llibres d'art, cultura i natura per infants i fam\u00edlies\",\"url\":\"https:\/\/editorialmediterrania.com\/es\/\",\"logo\":{\"@type\":\"ImageObject\",\"inLanguage\":\"es\",\"@id\":\"https:\/\/editorialmediterrania.com\/es\/#\/schema\/logo\/image\/\",\"url\":\"https:\/\/editorialmediterrania.com\/wp-content\/uploads\/2023\/03\/LOGO-ED_MEDITERRANIA_OK-2.png\",\"contentUrl\":\"https:\/\/editorialmediterrania.com\/wp-content\/uploads\/2023\/03\/LOGO-ED_MEDITERRANIA_OK-2.png\",\"width\":1200,\"height\":300,\"caption\":\"Editorial Mediterrania\"},\"image\":{\"@id\":\"https:\/\/editorialmediterrania.com\/es\/#\/schema\/logo\/image\/\"},\"sameAs\":[\"https:\/\/x.com\/edmediterrania\",\"https:\/\/www.instagram.com\/editorialmediterrania\/\"]}]}<\/script>\n<!-- \/ Yoast SEO plugin. -->","yoast_head_json":{"title":"Pintem! Vel\u00e1zquez , quadern il.lustrat infantil - Editorial Mediterr\u00e0nia","description":"Pintem! Vel\u00e1zquez \u00e9s un quadern il\u00b7lustrat infantil perqu\u00e8 els m\u00e9s petits de la casa puguin divertir-se acolorint al mateix temps que aprenen qui va ser el pintor Diego Vel\u00e1zquez.","robots":{"index":"index","follow":"follow","max-snippet":"max-snippet:-1","max-image-preview":"max-image-preview:large","max-video-preview":"max-video-preview:-1"},"canonical":"https:\/\/editorialmediterrania.com\/es\/producto\/pintem-velazquez\/","og_locale":"es_ES","og_type":"article","og_title":"Pintem! Vel\u00e1zquez , quadern il.lustrat infantil - Editorial Mediterr\u00e0nia","og_description":"Pintem! Vel\u00e1zquez \u00e9s un quadern il\u00b7lustrat infantil perqu\u00e8 els m\u00e9s petits de la casa puguin divertir-se acolorint al mateix temps que aprenen qui va ser el pintor Diego Vel\u00e1zquez.","og_url":"https:\/\/editorialmediterrania.com\/es\/producto\/pintem-velazquez\/","og_site_name":"Editorial Mediterr\u00e0nia","article_modified_time":"2025-07-29T09:15:39+00:00","og_image":[{"width":886,"height":866,"url":"https:\/\/editorialmediterrania.com\/wp-content\/uploads\/2020\/02\/9788499796604.jpg","type":"image\/jpeg"}],"twitter_card":"summary_large_image","twitter_site":"@edmediterrania","twitter_misc":{"Tiempo de lectura":"1 minuto"},"schema":{"@context":"https:\/\/schema.org","@graph":[{"@type":"WebPage","@id":"https:\/\/editorialmediterrania.com\/es\/producto\/pintem-velazquez\/","url":"https:\/\/editorialmediterrania.com\/es\/producto\/pintem-velazquez\/","name":"Pintem! Vel\u00e1zquez , quadern il.lustrat infantil - Editorial Mediterr\u00e0nia","isPartOf":{"@id":"https:\/\/editorialmediterrania.com\/es\/#website"},"primaryImageOfPage":{"@id":"https:\/\/editorialmediterrania.com\/es\/producto\/pintem-velazquez\/#primaryimage"},"image":{"@id":"https:\/\/editorialmediterrania.com\/es\/producto\/pintem-velazquez\/#primaryimage"},"thumbnailUrl":"https:\/\/editorialmediterrania.com\/wp-content\/uploads\/2020\/02\/9788499796604.jpg","datePublished":"2020-02-13T12:11:35+00:00","dateModified":"2025-07-29T09:15:39+00:00","description":"Pintem! Vel\u00e1zquez \u00e9s un quadern il\u00b7lustrat infantil perqu\u00e8 els m\u00e9s petits de la casa puguin divertir-se acolorint al mateix temps que aprenen qui va ser el pintor Diego Vel\u00e1zquez.","breadcrumb":{"@id":"https:\/\/editorialmediterrania.com\/es\/producto\/pintem-velazquez\/#breadcrumb"},"inLanguage":"es","potentialAction":[{"@type":"ReadAction","target":["https:\/\/editorialmediterrania.com\/es\/producto\/pintem-velazquez\/"]}]},{"@type":"ImageObject","inLanguage":"es","@id":"https:\/\/editorialmediterrania.com\/es\/producto\/pintem-velazquez\/#primaryimage","url":"https:\/\/editorialmediterrania.com\/wp-content\/uploads\/2020\/02\/9788499796604.jpg","contentUrl":"https:\/\/editorialmediterrania.com\/wp-content\/uploads\/2020\/02\/9788499796604.jpg","width":886,"height":866,"caption":"Pintem Velazquez"},{"@type":"BreadcrumbList","@id":"https:\/\/editorialmediterrania.com\/es\/producto\/pintem-velazquez\/#breadcrumb","itemListElement":[{"@type":"ListItem","position":1,"name":"Tienda de libros infantiles de arte","item":"https:\/\/editorialmediterrania.com\/es\/tienda-de-libros-infantiles-arte\/"},{"@type":"ListItem","position":2,"name":"Pintem! Vel\u00e1zquez"}]},{"@type":"WebSite","@id":"https:\/\/editorialmediterrania.com\/es\/#website","url":"https:\/\/editorialmediterrania.com\/es\/","name":"Editorial Mediterrania","description":"Llibres que t\u2019obriran nous mons","publisher":{"@id":"https:\/\/editorialmediterrania.com\/es\/#organization"},"alternateName":"Llibres infantils d'art, cultura i natura","potentialAction":[{"@type":"SearchAction","target":{"@type":"EntryPoint","urlTemplate":"https:\/\/editorialmediterrania.com\/es\/?s={search_term_string}"},"query-input":"required name=search_term_string"}],"inLanguage":"es"},{"@type":"Organization","@id":"https:\/\/editorialmediterrania.com\/es\/#organization","name":"Editorial Mediterrania","alternateName":"Llibres d'art, cultura i natura per infants i fam\u00edlies","url":"https:\/\/editorialmediterrania.com\/es\/","logo":{"@type":"ImageObject","inLanguage":"es","@id":"https:\/\/editorialmediterrania.com\/es\/#\/schema\/logo\/image\/","url":"https:\/\/editorialmediterrania.com\/wp-content\/uploads\/2023\/03\/LOGO-ED_MEDITERRANIA_OK-2.png","contentUrl":"https:\/\/editorialmediterrania.com\/wp-content\/uploads\/2023\/03\/LOGO-ED_MEDITERRANIA_OK-2.png","width":1200,"height":300,"caption":"Editorial Mediterrania"},"image":{"@id":"https:\/\/editorialmediterrania.com\/es\/#\/schema\/logo\/image\/"},"sameAs":["https:\/\/x.com\/edmediterrania","https:\/\/www.instagram.com\/editorialmediterrania\/"]}]}},"_links":{"self":[{"href":"https:\/\/editorialmediterrania.com\/es\/wp-json\/wp\/v2\/product\/33099","targetHints":{"allow":["GET"]}}],"collection":[{"href":"https:\/\/editorialmediterrania.com\/es\/wp-json\/wp\/v2\/product"}],"about":[{"href":"https:\/\/editorialmediterrania.com\/es\/wp-json\/wp\/v2\/types\/product"}],"wp:featuredmedia":[{"embeddable":true,"href":"https:\/\/editorialmediterrania.com\/es\/wp-json\/wp\/v2\/media\/33100"}],"wp:attachment":[{"href":"https:\/\/editorialmediterrania.com\/es\/wp-json\/wp\/v2\/media?parent=33099"}],"wp:term":[{"taxonomy":"product_cat","embeddable":true,"href":"https:\/\/editorialmediterrania.com\/es\/wp-json\/wp\/v2\/product_cat?post=33099"},{"taxonomy":"product_tag","embeddable":true,"href":"https:\/\/editorialmediterrania.com\/es\/wp-json\/wp\/v2\/product_tag?post=33099"},{"taxonomy":"autors","embeddable":true,"href":"https:\/\/editorialmediterrania.com\/es\/wp-json\/wp\/v2\/autors?post=33099"}],"curies":[{"name":"wp","href":"https:\/\/api.w.org\/{rel}","templated":true}]}}