{"id":33104,"date":"2020-02-13T13:06:32","date_gmt":"2020-02-13T12:43:22","guid":{"rendered":"http:\/\/localhost:8888\/mediterrania\/?post_type=product&#038;p=33104"},"modified":"2023-05-16T15:55:03","modified_gmt":"2023-05-16T13:55:03","slug":"pintemos-velazquez","status":"publish","type":"product","link":"https:\/\/editorialmediterrania.com\/es\/producto\/pintemos-velazquez\/","title":{"rendered":"\u00a1Pintemos! Vel\u00e1zquez"},"content":{"rendered":"<p><strong>\u00a1Horas de diversi\u00f3n con tus artistas favoritos!<\/strong><\/p>\n<p><em>\u00a1Pintemos! Vel\u00e1zquez<\/em> es un cuaderno ilustrado para que los m\u00e1s peque\u00f1os de la casa puedan divertirse al mismo tiempo que aprenden qui\u00e9n fue el pintor Diego Vel\u00e1zquez.<br \/>\nLa conocida ilustradora Pilar\u00edn Bay\u00e9s ha dibujado para esta ocasi\u00f3n diversas escenas de la vida y obra del pintor sevillano, un aut\u00e9ntico genio del barroco.<br \/>\nTodas las p\u00e1ginas dobles est\u00e1n planteadas con una parte en blanco y negro para colorear, y una en color.<\/p>\n","protected":false},"excerpt":{"rendered":"<p>\u00a1Horas de diversi\u00f3n con tus artistas favoritos! \u00a1Pintemos! Vel\u00e1zquez es un cuaderno ilustrado para que los m\u00e1s peque\u00f1os de la casa puedan divertirse al mismo tiempo que aprenden qui\u00e9n fue el pintor Diego Vel\u00e1zquez. La conocida ilustradora Pilar\u00edn Bay\u00e9s ha dibujado para esta ocasi\u00f3n diversas escenas de la vida y obra del pintor sevillano, un [&hellip;]<\/p>\n","protected":false},"featured_media":33102,"template":"","meta":[],"product_cat":[30,183],"product_tag":[368,4376],"autors":[],"class_list":{"0":"post-33104","1":"product","2":"type-product","3":"status-publish","4":"has-post-thumbnail","6":"product_cat-editorial-mediterrania","7":"product_cat-pintemos","8":"product_tag-pintemos","9":"product_tag-pintor-es","11":"first","12":"instock","13":"purchasable","14":"product-type-simple","swatches":"rey-swatches","show_selected":""},"acf":[],"yoast_head":"<!-- This site is optimized with the Yoast SEO plugin v22.8 - https:\/\/yoast.com\/wordpress\/plugins\/seo\/ -->\n<title>\u00a1Pintemos! Vel\u00e1zquez - Editorial Mediterr\u00e0nia<\/title>\n<meta name=\"description\" content=\"Descobreix un m\u00f3n de meravelles a trav\u00e9s dels llibres de la nostra editorial especialitzada en art, cultura i natura per a fam\u00edlies. Amb il\u00b7lustracions fascinants i hist\u00f2ries enriquidores, inspirem el descobriment i la curiositat en petits i grans, connectant-los amb el patrimoni cultural i el meravell\u00f3s m\u00f3n natural que ens envolta\" \/>\n<meta name=\"robots\" content=\"index, follow, max-snippet:-1, max-image-preview:large, max-video-preview:-1\" \/>\n<link rel=\"canonical\" href=\"https:\/\/editorialmediterrania.com\/es\/producto\/pintemos-velazquez\/\" \/>\n<meta property=\"og:locale\" content=\"es_ES\" \/>\n<meta property=\"og:type\" content=\"article\" \/>\n<meta property=\"og:title\" content=\"\u00a1Pintemos! Vel\u00e1zquez - Editorial Mediterr\u00e0nia\" \/>\n<meta property=\"og:description\" content=\"Descobreix un m\u00f3n de meravelles a trav\u00e9s dels llibres de la nostra editorial especialitzada en art, cultura i natura per a fam\u00edlies. Amb il\u00b7lustracions fascinants i hist\u00f2ries enriquidores, inspirem el descobriment i la curiositat en petits i grans, connectant-los amb el patrimoni cultural i el meravell\u00f3s m\u00f3n natural que ens envolta\" \/>\n<meta property=\"og:url\" content=\"https:\/\/editorialmediterrania.com\/es\/producto\/pintemos-velazquez\/\" \/>\n<meta property=\"og:site_name\" content=\"Editorial Mediterr\u00e0nia\" \/>\n<meta property=\"article:modified_time\" content=\"2023-05-16T13:55:03+00:00\" \/>\n<meta property=\"og:image\" content=\"https:\/\/editorialmediterrania.com\/wp-content\/uploads\/2020\/02\/9788499796604.jpg\" \/>\n\t<meta property=\"og:image:width\" content=\"886\" \/>\n\t<meta property=\"og:image:height\" content=\"866\" \/>\n\t<meta property=\"og:image:type\" content=\"image\/jpeg\" \/>\n<meta name=\"twitter:card\" content=\"summary_large_image\" \/>\n<meta name=\"twitter:site\" content=\"@edmediterrania\" \/>\n<script type=\"application\/ld+json\" class=\"yoast-schema-graph\">{\"@context\":\"https:\/\/schema.org\",\"@graph\":[{\"@type\":\"WebPage\",\"@id\":\"https:\/\/editorialmediterrania.com\/es\/producto\/pintemos-velazquez\/\",\"url\":\"https:\/\/editorialmediterrania.com\/es\/producto\/pintemos-velazquez\/\",\"name\":\"\u00a1Pintemos! Vel\u00e1zquez - Editorial Mediterr\u00e0nia\",\"isPartOf\":{\"@id\":\"https:\/\/editorialmediterrania.com\/es\/#website\"},\"primaryImageOfPage\":{\"@id\":\"https:\/\/editorialmediterrania.com\/es\/producto\/pintemos-velazquez\/#primaryimage\"},\"image\":{\"@id\":\"https:\/\/editorialmediterrania.com\/es\/producto\/pintemos-velazquez\/#primaryimage\"},\"thumbnailUrl\":\"https:\/\/editorialmediterrania.com\/wp-content\/uploads\/2020\/02\/9788499796604.jpg\",\"datePublished\":\"2020-02-13T12:43:22+00:00\",\"dateModified\":\"2023-05-16T13:55:03+00:00\",\"description\":\"Descobreix un m\u00f3n de meravelles a trav\u00e9s dels llibres de la nostra editorial especialitzada en art, cultura i natura per a fam\u00edlies. Amb il\u00b7lustracions fascinants i hist\u00f2ries enriquidores, inspirem el descobriment i la curiositat en petits i grans, connectant-los amb el patrimoni cultural i el meravell\u00f3s m\u00f3n natural que ens envolta\",\"breadcrumb\":{\"@id\":\"https:\/\/editorialmediterrania.com\/es\/producto\/pintemos-velazquez\/#breadcrumb\"},\"inLanguage\":\"es\",\"potentialAction\":[{\"@type\":\"ReadAction\",\"target\":[\"https:\/\/editorialmediterrania.com\/es\/producto\/pintemos-velazquez\/\"]}]},{\"@type\":\"ImageObject\",\"inLanguage\":\"es\",\"@id\":\"https:\/\/editorialmediterrania.com\/es\/producto\/pintemos-velazquez\/#primaryimage\",\"url\":\"https:\/\/editorialmediterrania.com\/wp-content\/uploads\/2020\/02\/9788499796604.jpg\",\"contentUrl\":\"https:\/\/editorialmediterrania.com\/wp-content\/uploads\/2020\/02\/9788499796604.jpg\",\"width\":886,\"height\":866,\"caption\":\"Pintem Velazquez\"},{\"@type\":\"BreadcrumbList\",\"@id\":\"https:\/\/editorialmediterrania.com\/es\/producto\/pintemos-velazquez\/#breadcrumb\",\"itemListElement\":[{\"@type\":\"ListItem\",\"position\":1,\"name\":\"Tienda de libros infantiles de arte\",\"item\":\"https:\/\/editorialmediterrania.com\/es\/tienda-de-libros-infantiles-arte\/\"},{\"@type\":\"ListItem\",\"position\":2,\"name\":\"\u00a1Pintemos! Vel\u00e1zquez\"}]},{\"@type\":\"WebSite\",\"@id\":\"https:\/\/editorialmediterrania.com\/es\/#website\",\"url\":\"https:\/\/editorialmediterrania.com\/es\/\",\"name\":\"Editorial Mediterrania\",\"description\":\"Llibres que t\u2019obriran nous mons\",\"publisher\":{\"@id\":\"https:\/\/editorialmediterrania.com\/es\/#organization\"},\"alternateName\":\"Llibres infantils d'art, cultura i natura\",\"potentialAction\":[{\"@type\":\"SearchAction\",\"target\":{\"@type\":\"EntryPoint\",\"urlTemplate\":\"https:\/\/editorialmediterrania.com\/es\/?s={search_term_string}\"},\"query-input\":\"required name=search_term_string\"}],\"inLanguage\":\"es\"},{\"@type\":\"Organization\",\"@id\":\"https:\/\/editorialmediterrania.com\/es\/#organization\",\"name\":\"Editorial Mediterrania\",\"alternateName\":\"Llibres d'art, cultura i natura per infants i fam\u00edlies\",\"url\":\"https:\/\/editorialmediterrania.com\/es\/\",\"logo\":{\"@type\":\"ImageObject\",\"inLanguage\":\"es\",\"@id\":\"https:\/\/editorialmediterrania.com\/es\/#\/schema\/logo\/image\/\",\"url\":\"https:\/\/editorialmediterrania.com\/wp-content\/uploads\/2023\/03\/LOGO-ED_MEDITERRANIA_OK-2.png\",\"contentUrl\":\"https:\/\/editorialmediterrania.com\/wp-content\/uploads\/2023\/03\/LOGO-ED_MEDITERRANIA_OK-2.png\",\"width\":1200,\"height\":300,\"caption\":\"Editorial Mediterrania\"},\"image\":{\"@id\":\"https:\/\/editorialmediterrania.com\/es\/#\/schema\/logo\/image\/\"},\"sameAs\":[\"https:\/\/x.com\/edmediterrania\",\"https:\/\/www.instagram.com\/editorialmediterrania\/\"]}]}<\/script>\n<!-- \/ Yoast SEO plugin. -->","yoast_head_json":{"title":"\u00a1Pintemos! Vel\u00e1zquez - Editorial Mediterr\u00e0nia","description":"Descobreix un m\u00f3n de meravelles a trav\u00e9s dels llibres de la nostra editorial especialitzada en art, cultura i natura per a fam\u00edlies. Amb il\u00b7lustracions fascinants i hist\u00f2ries enriquidores, inspirem el descobriment i la curiositat en petits i grans, connectant-los amb el patrimoni cultural i el meravell\u00f3s m\u00f3n natural que ens envolta","robots":{"index":"index","follow":"follow","max-snippet":"max-snippet:-1","max-image-preview":"max-image-preview:large","max-video-preview":"max-video-preview:-1"},"canonical":"https:\/\/editorialmediterrania.com\/es\/producto\/pintemos-velazquez\/","og_locale":"es_ES","og_type":"article","og_title":"\u00a1Pintemos! Vel\u00e1zquez - Editorial Mediterr\u00e0nia","og_description":"Descobreix un m\u00f3n de meravelles a trav\u00e9s dels llibres de la nostra editorial especialitzada en art, cultura i natura per a fam\u00edlies. Amb il\u00b7lustracions fascinants i hist\u00f2ries enriquidores, inspirem el descobriment i la curiositat en petits i grans, connectant-los amb el patrimoni cultural i el meravell\u00f3s m\u00f3n natural que ens envolta","og_url":"https:\/\/editorialmediterrania.com\/es\/producto\/pintemos-velazquez\/","og_site_name":"Editorial Mediterr\u00e0nia","article_modified_time":"2023-05-16T13:55:03+00:00","og_image":[{"width":886,"height":866,"url":"https:\/\/editorialmediterrania.com\/wp-content\/uploads\/2020\/02\/9788499796604.jpg","type":"image\/jpeg"}],"twitter_card":"summary_large_image","twitter_site":"@edmediterrania","schema":{"@context":"https:\/\/schema.org","@graph":[{"@type":"WebPage","@id":"https:\/\/editorialmediterrania.com\/es\/producto\/pintemos-velazquez\/","url":"https:\/\/editorialmediterrania.com\/es\/producto\/pintemos-velazquez\/","name":"\u00a1Pintemos! Vel\u00e1zquez - Editorial Mediterr\u00e0nia","isPartOf":{"@id":"https:\/\/editorialmediterrania.com\/es\/#website"},"primaryImageOfPage":{"@id":"https:\/\/editorialmediterrania.com\/es\/producto\/pintemos-velazquez\/#primaryimage"},"image":{"@id":"https:\/\/editorialmediterrania.com\/es\/producto\/pintemos-velazquez\/#primaryimage"},"thumbnailUrl":"https:\/\/editorialmediterrania.com\/wp-content\/uploads\/2020\/02\/9788499796604.jpg","datePublished":"2020-02-13T12:43:22+00:00","dateModified":"2023-05-16T13:55:03+00:00","description":"Descobreix un m\u00f3n de meravelles a trav\u00e9s dels llibres de la nostra editorial especialitzada en art, cultura i natura per a fam\u00edlies. Amb il\u00b7lustracions fascinants i hist\u00f2ries enriquidores, inspirem el descobriment i la curiositat en petits i grans, connectant-los amb el patrimoni cultural i el meravell\u00f3s m\u00f3n natural que ens envolta","breadcrumb":{"@id":"https:\/\/editorialmediterrania.com\/es\/producto\/pintemos-velazquez\/#breadcrumb"},"inLanguage":"es","potentialAction":[{"@type":"ReadAction","target":["https:\/\/editorialmediterrania.com\/es\/producto\/pintemos-velazquez\/"]}]},{"@type":"ImageObject","inLanguage":"es","@id":"https:\/\/editorialmediterrania.com\/es\/producto\/pintemos-velazquez\/#primaryimage","url":"https:\/\/editorialmediterrania.com\/wp-content\/uploads\/2020\/02\/9788499796604.jpg","contentUrl":"https:\/\/editorialmediterrania.com\/wp-content\/uploads\/2020\/02\/9788499796604.jpg","width":886,"height":866,"caption":"Pintem Velazquez"},{"@type":"BreadcrumbList","@id":"https:\/\/editorialmediterrania.com\/es\/producto\/pintemos-velazquez\/#breadcrumb","itemListElement":[{"@type":"ListItem","position":1,"name":"Tienda de libros infantiles de arte","item":"https:\/\/editorialmediterrania.com\/es\/tienda-de-libros-infantiles-arte\/"},{"@type":"ListItem","position":2,"name":"\u00a1Pintemos! Vel\u00e1zquez"}]},{"@type":"WebSite","@id":"https:\/\/editorialmediterrania.com\/es\/#website","url":"https:\/\/editorialmediterrania.com\/es\/","name":"Editorial Mediterrania","description":"Llibres que t\u2019obriran nous mons","publisher":{"@id":"https:\/\/editorialmediterrania.com\/es\/#organization"},"alternateName":"Llibres infantils d'art, cultura i natura","potentialAction":[{"@type":"SearchAction","target":{"@type":"EntryPoint","urlTemplate":"https:\/\/editorialmediterrania.com\/es\/?s={search_term_string}"},"query-input":"required name=search_term_string"}],"inLanguage":"es"},{"@type":"Organization","@id":"https:\/\/editorialmediterrania.com\/es\/#organization","name":"Editorial Mediterrania","alternateName":"Llibres d'art, cultura i natura per infants i fam\u00edlies","url":"https:\/\/editorialmediterrania.com\/es\/","logo":{"@type":"ImageObject","inLanguage":"es","@id":"https:\/\/editorialmediterrania.com\/es\/#\/schema\/logo\/image\/","url":"https:\/\/editorialmediterrania.com\/wp-content\/uploads\/2023\/03\/LOGO-ED_MEDITERRANIA_OK-2.png","contentUrl":"https:\/\/editorialmediterrania.com\/wp-content\/uploads\/2023\/03\/LOGO-ED_MEDITERRANIA_OK-2.png","width":1200,"height":300,"caption":"Editorial Mediterrania"},"image":{"@id":"https:\/\/editorialmediterrania.com\/es\/#\/schema\/logo\/image\/"},"sameAs":["https:\/\/x.com\/edmediterrania","https:\/\/www.instagram.com\/editorialmediterrania\/"]}]}},"_links":{"self":[{"href":"https:\/\/editorialmediterrania.com\/es\/wp-json\/wp\/v2\/product\/33104","targetHints":{"allow":["GET"]}}],"collection":[{"href":"https:\/\/editorialmediterrania.com\/es\/wp-json\/wp\/v2\/product"}],"about":[{"href":"https:\/\/editorialmediterrania.com\/es\/wp-json\/wp\/v2\/types\/product"}],"wp:featuredmedia":[{"embeddable":true,"href":"https:\/\/editorialmediterrania.com\/es\/wp-json\/wp\/v2\/media\/33102"}],"wp:attachment":[{"href":"https:\/\/editorialmediterrania.com\/es\/wp-json\/wp\/v2\/media?parent=33104"}],"wp:term":[{"taxonomy":"product_cat","embeddable":true,"href":"https:\/\/editorialmediterrania.com\/es\/wp-json\/wp\/v2\/product_cat?post=33104"},{"taxonomy":"product_tag","embeddable":true,"href":"https:\/\/editorialmediterrania.com\/es\/wp-json\/wp\/v2\/product_tag?post=33104"},{"taxonomy":"autors","embeddable":true,"href":"https:\/\/editorialmediterrania.com\/es\/wp-json\/wp\/v2\/autors?post=33104"}],"curies":[{"name":"wp","href":"https:\/\/api.w.org\/{rel}","templated":true}]}}