{"id":33268,"date":"2019-03-29T15:19:27","date_gmt":"2020-05-11T14:27:46","guid":{"rendered":"http:\/\/localhost:8888\/mediterrania\/?post_type=product&#038;p=33268"},"modified":"2025-07-24T11:48:06","modified_gmt":"2025-07-24T09:48:06","slug":"historia-del-arte-en-21-gatos","status":"publish","type":"product","link":"https:\/\/editorialmediterrania.com\/es\/producto\/historia-del-arte-en-21-gatos\/","title":{"rendered":"Historia del arte en 21 gatos"},"content":{"rendered":"<p><strong>\u00a1Una historia del arte de bigotes!<\/strong><\/p>\n<p>\u00bfQu\u00e9 ten\u00edan en com\u00fan Picasso, Monet y Georgia O\u2019Keefe? Exacto: los tres fueron grandes artistas&#8230; y grandes amantes de los gatos. Ahora, de la mano (o de la zarpa) de 21 gatos expertos en arte, aprender\u00e1s a distinguir los movimientos pict\u00f3ricos m\u00e1s importantes de la historia. Ilustrados de manera \u00fanica y divertida, conocer\u00e1s el sorprendente gato cubista, el refinado gato rococ\u00f3, el gato surrealista y daliniano, el vistoso gato arte pop, el simb\u00f3lico gato bizantino, la enigm\u00e1tica gata Monna Lisa, el elegante gato art d\u00e9co\u2026<\/p>\n<p>\u201cUn libro ingenioso y creativo. Cada gato es una obra de arte por \u00e9l mismo, pero m\u00e1s all\u00e1 de esto, Gould conecta muy bien los movimientos art\u00edsticos en el tiempo, explicando c\u00f3mo los artistas pretend\u00edan superar el movimiento precedente o bien rebalarse en contra.\u201d &#8211; Culturefly<\/p>\n","protected":false},"excerpt":{"rendered":"<p>\u00a1Una historia del arte de bigotes!<\/p>\n","protected":false},"featured_media":47080,"template":"","meta":[],"product_cat":[30,28],"product_tag":[4128,6479,6001,6020,4325,4397],"autors":[],"class_list":{"0":"post-33268","1":"product","2":"type-product","3":"status-publish","4":"has-post-thumbnail","6":"product_cat-editorial-mediterrania","7":"product_cat-arte-en-familia","8":"product_tag-dali-es","9":"product_tag-llibre-dart-es-2","10":"product_tag-llibres-infantils-es","11":"product_tag-llibres-infantils-en-catala-es","12":"product_tag-miro-es","13":"product_tag-picasso-es","15":"first","16":"instock","17":"featured","18":"purchasable","19":"product-type-variable","20":"has-default-attributes","swatches":"rey-swatches","show_selected":""},"acf":[],"yoast_head":"<!-- This site is optimized with the Yoast SEO plugin v22.8 - https:\/\/yoast.com\/wordpress\/plugins\/seo\/ -->\n<title>Historia del arte en 21 gatos , libro infantil - Editorial Mediterr\u00e0nia<\/title>\n<meta name=\"description\" content=\"El libro para aprender historia del arte a traves de 21 gats, con ilustraciones de Nia Gould. \u00a1Una historia del arte con bigotes para peque\u00f1os y adultos!\" \/>\n<meta name=\"robots\" content=\"index, follow, max-snippet:-1, max-image-preview:large, max-video-preview:-1\" \/>\n<link rel=\"canonical\" href=\"https:\/\/editorialmediterrania.com\/es\/producto\/historia-del-arte-en-21-gatos\/\" \/>\n<meta property=\"og:locale\" content=\"es_ES\" \/>\n<meta property=\"og:type\" content=\"article\" \/>\n<meta property=\"og:title\" content=\"Historia del arte en 21 gatos , libro infantil - Editorial Mediterr\u00e0nia\" \/>\n<meta property=\"og:description\" content=\"El libro para aprender historia del arte a traves de 21 gats, con ilustraciones de Nia Gould. \u00a1Una historia del arte con bigotes para peque\u00f1os y adultos!\" \/>\n<meta property=\"og:url\" content=\"https:\/\/editorialmediterrania.com\/es\/producto\/historia-del-arte-en-21-gatos\/\" \/>\n<meta property=\"og:site_name\" content=\"Editorial Mediterr\u00e0nia\" \/>\n<meta property=\"article:modified_time\" content=\"2025-07-24T09:48:06+00:00\" \/>\n<meta property=\"og:image\" content=\"https:\/\/editorialmediterrania.com\/wp-content\/uploads\/2019\/03\/COB_HISTORY-OF-ART-IN-21-CATS_CAST_2025_7aEd.jpg\" \/>\n\t<meta property=\"og:image:width\" content=\"1101\" \/>\n\t<meta property=\"og:image:height\" content=\"1397\" \/>\n\t<meta property=\"og:image:type\" content=\"image\/jpeg\" \/>\n<meta name=\"twitter:card\" content=\"summary_large_image\" \/>\n<meta name=\"twitter:site\" content=\"@edmediterrania\" \/>\n<meta name=\"twitter:label1\" content=\"Tiempo de lectura\" \/>\n\t<meta name=\"twitter:data1\" content=\"1 minuto\" \/>\n<script type=\"application\/ld+json\" class=\"yoast-schema-graph\">{\"@context\":\"https:\/\/schema.org\",\"@graph\":[{\"@type\":\"WebPage\",\"@id\":\"https:\/\/editorialmediterrania.com\/es\/producto\/historia-del-arte-en-21-gatos\/\",\"url\":\"https:\/\/editorialmediterrania.com\/es\/producto\/historia-del-arte-en-21-gatos\/\",\"name\":\"Historia del arte en 21 gatos , libro infantil - Editorial Mediterr\u00e0nia\",\"isPartOf\":{\"@id\":\"https:\/\/editorialmediterrania.com\/es\/#website\"},\"primaryImageOfPage\":{\"@id\":\"https:\/\/editorialmediterrania.com\/es\/producto\/historia-del-arte-en-21-gatos\/#primaryimage\"},\"image\":{\"@id\":\"https:\/\/editorialmediterrania.com\/es\/producto\/historia-del-arte-en-21-gatos\/#primaryimage\"},\"thumbnailUrl\":\"https:\/\/editorialmediterrania.com\/wp-content\/uploads\/2019\/03\/COB_HISTORY-OF-ART-IN-21-CATS_CAST_2025_7aEd.jpg\",\"datePublished\":\"2020-05-11T14:27:46+00:00\",\"dateModified\":\"2025-07-24T09:48:06+00:00\",\"description\":\"El libro para aprender historia del arte a traves de 21 gats, con ilustraciones de Nia Gould. \u00a1Una historia del arte con bigotes para peque\u00f1os y adultos!\",\"breadcrumb\":{\"@id\":\"https:\/\/editorialmediterrania.com\/es\/producto\/historia-del-arte-en-21-gatos\/#breadcrumb\"},\"inLanguage\":\"es\",\"potentialAction\":[{\"@type\":\"ReadAction\",\"target\":[\"https:\/\/editorialmediterrania.com\/es\/producto\/historia-del-arte-en-21-gatos\/\"]}]},{\"@type\":\"ImageObject\",\"inLanguage\":\"es\",\"@id\":\"https:\/\/editorialmediterrania.com\/es\/producto\/historia-del-arte-en-21-gatos\/#primaryimage\",\"url\":\"https:\/\/editorialmediterrania.com\/wp-content\/uploads\/2019\/03\/COB_HISTORY-OF-ART-IN-21-CATS_CAST_2025_7aEd.jpg\",\"contentUrl\":\"https:\/\/editorialmediterrania.com\/wp-content\/uploads\/2019\/03\/COB_HISTORY-OF-ART-IN-21-CATS_CAST_2025_7aEd.jpg\",\"width\":1101,\"height\":1397},{\"@type\":\"BreadcrumbList\",\"@id\":\"https:\/\/editorialmediterrania.com\/es\/producto\/historia-del-arte-en-21-gatos\/#breadcrumb\",\"itemListElement\":[{\"@type\":\"ListItem\",\"position\":1,\"name\":\"Tienda de libros infantiles de arte\",\"item\":\"https:\/\/editorialmediterrania.com\/es\/tienda-de-libros-infantiles-arte\/\"},{\"@type\":\"ListItem\",\"position\":2,\"name\":\"Historia del arte en 21 gatos\"}]},{\"@type\":\"WebSite\",\"@id\":\"https:\/\/editorialmediterrania.com\/es\/#website\",\"url\":\"https:\/\/editorialmediterrania.com\/es\/\",\"name\":\"Editorial Mediterrania\",\"description\":\"Llibres que t\u2019obriran nous mons\",\"publisher\":{\"@id\":\"https:\/\/editorialmediterrania.com\/es\/#organization\"},\"alternateName\":\"Llibres infantils d'art, cultura i natura\",\"potentialAction\":[{\"@type\":\"SearchAction\",\"target\":{\"@type\":\"EntryPoint\",\"urlTemplate\":\"https:\/\/editorialmediterrania.com\/es\/?s={search_term_string}\"},\"query-input\":\"required name=search_term_string\"}],\"inLanguage\":\"es\"},{\"@type\":\"Organization\",\"@id\":\"https:\/\/editorialmediterrania.com\/es\/#organization\",\"name\":\"Editorial Mediterrania\",\"alternateName\":\"Llibres d'art, cultura i natura per infants i fam\u00edlies\",\"url\":\"https:\/\/editorialmediterrania.com\/es\/\",\"logo\":{\"@type\":\"ImageObject\",\"inLanguage\":\"es\",\"@id\":\"https:\/\/editorialmediterrania.com\/es\/#\/schema\/logo\/image\/\",\"url\":\"https:\/\/editorialmediterrania.com\/wp-content\/uploads\/2023\/03\/LOGO-ED_MEDITERRANIA_OK-2.png\",\"contentUrl\":\"https:\/\/editorialmediterrania.com\/wp-content\/uploads\/2023\/03\/LOGO-ED_MEDITERRANIA_OK-2.png\",\"width\":1200,\"height\":300,\"caption\":\"Editorial Mediterrania\"},\"image\":{\"@id\":\"https:\/\/editorialmediterrania.com\/es\/#\/schema\/logo\/image\/\"},\"sameAs\":[\"https:\/\/x.com\/edmediterrania\",\"https:\/\/www.instagram.com\/editorialmediterrania\/\"]}]}<\/script>\n<!-- \/ Yoast SEO plugin. -->","yoast_head_json":{"title":"Historia del arte en 21 gatos , libro infantil - Editorial Mediterr\u00e0nia","description":"El libro para aprender historia del arte a traves de 21 gats, con ilustraciones de Nia Gould. \u00a1Una historia del arte con bigotes para peque\u00f1os y adultos!","robots":{"index":"index","follow":"follow","max-snippet":"max-snippet:-1","max-image-preview":"max-image-preview:large","max-video-preview":"max-video-preview:-1"},"canonical":"https:\/\/editorialmediterrania.com\/es\/producto\/historia-del-arte-en-21-gatos\/","og_locale":"es_ES","og_type":"article","og_title":"Historia del arte en 21 gatos , libro infantil - Editorial Mediterr\u00e0nia","og_description":"El libro para aprender historia del arte a traves de 21 gats, con ilustraciones de Nia Gould. \u00a1Una historia del arte con bigotes para peque\u00f1os y adultos!","og_url":"https:\/\/editorialmediterrania.com\/es\/producto\/historia-del-arte-en-21-gatos\/","og_site_name":"Editorial Mediterr\u00e0nia","article_modified_time":"2025-07-24T09:48:06+00:00","og_image":[{"width":1101,"height":1397,"url":"https:\/\/editorialmediterrania.com\/wp-content\/uploads\/2019\/03\/COB_HISTORY-OF-ART-IN-21-CATS_CAST_2025_7aEd.jpg","type":"image\/jpeg"}],"twitter_card":"summary_large_image","twitter_site":"@edmediterrania","twitter_misc":{"Tiempo de lectura":"1 minuto"},"schema":{"@context":"https:\/\/schema.org","@graph":[{"@type":"WebPage","@id":"https:\/\/editorialmediterrania.com\/es\/producto\/historia-del-arte-en-21-gatos\/","url":"https:\/\/editorialmediterrania.com\/es\/producto\/historia-del-arte-en-21-gatos\/","name":"Historia del arte en 21 gatos , libro infantil - Editorial Mediterr\u00e0nia","isPartOf":{"@id":"https:\/\/editorialmediterrania.com\/es\/#website"},"primaryImageOfPage":{"@id":"https:\/\/editorialmediterrania.com\/es\/producto\/historia-del-arte-en-21-gatos\/#primaryimage"},"image":{"@id":"https:\/\/editorialmediterrania.com\/es\/producto\/historia-del-arte-en-21-gatos\/#primaryimage"},"thumbnailUrl":"https:\/\/editorialmediterrania.com\/wp-content\/uploads\/2019\/03\/COB_HISTORY-OF-ART-IN-21-CATS_CAST_2025_7aEd.jpg","datePublished":"2020-05-11T14:27:46+00:00","dateModified":"2025-07-24T09:48:06+00:00","description":"El libro para aprender historia del arte a traves de 21 gats, con ilustraciones de Nia Gould. \u00a1Una historia del arte con bigotes para peque\u00f1os y adultos!","breadcrumb":{"@id":"https:\/\/editorialmediterrania.com\/es\/producto\/historia-del-arte-en-21-gatos\/#breadcrumb"},"inLanguage":"es","potentialAction":[{"@type":"ReadAction","target":["https:\/\/editorialmediterrania.com\/es\/producto\/historia-del-arte-en-21-gatos\/"]}]},{"@type":"ImageObject","inLanguage":"es","@id":"https:\/\/editorialmediterrania.com\/es\/producto\/historia-del-arte-en-21-gatos\/#primaryimage","url":"https:\/\/editorialmediterrania.com\/wp-content\/uploads\/2019\/03\/COB_HISTORY-OF-ART-IN-21-CATS_CAST_2025_7aEd.jpg","contentUrl":"https:\/\/editorialmediterrania.com\/wp-content\/uploads\/2019\/03\/COB_HISTORY-OF-ART-IN-21-CATS_CAST_2025_7aEd.jpg","width":1101,"height":1397},{"@type":"BreadcrumbList","@id":"https:\/\/editorialmediterrania.com\/es\/producto\/historia-del-arte-en-21-gatos\/#breadcrumb","itemListElement":[{"@type":"ListItem","position":1,"name":"Tienda de libros infantiles de arte","item":"https:\/\/editorialmediterrania.com\/es\/tienda-de-libros-infantiles-arte\/"},{"@type":"ListItem","position":2,"name":"Historia del arte en 21 gatos"}]},{"@type":"WebSite","@id":"https:\/\/editorialmediterrania.com\/es\/#website","url":"https:\/\/editorialmediterrania.com\/es\/","name":"Editorial Mediterrania","description":"Llibres que t\u2019obriran nous mons","publisher":{"@id":"https:\/\/editorialmediterrania.com\/es\/#organization"},"alternateName":"Llibres infantils d'art, cultura i natura","potentialAction":[{"@type":"SearchAction","target":{"@type":"EntryPoint","urlTemplate":"https:\/\/editorialmediterrania.com\/es\/?s={search_term_string}"},"query-input":"required name=search_term_string"}],"inLanguage":"es"},{"@type":"Organization","@id":"https:\/\/editorialmediterrania.com\/es\/#organization","name":"Editorial Mediterrania","alternateName":"Llibres d'art, cultura i natura per infants i fam\u00edlies","url":"https:\/\/editorialmediterrania.com\/es\/","logo":{"@type":"ImageObject","inLanguage":"es","@id":"https:\/\/editorialmediterrania.com\/es\/#\/schema\/logo\/image\/","url":"https:\/\/editorialmediterrania.com\/wp-content\/uploads\/2023\/03\/LOGO-ED_MEDITERRANIA_OK-2.png","contentUrl":"https:\/\/editorialmediterrania.com\/wp-content\/uploads\/2023\/03\/LOGO-ED_MEDITERRANIA_OK-2.png","width":1200,"height":300,"caption":"Editorial Mediterrania"},"image":{"@id":"https:\/\/editorialmediterrania.com\/es\/#\/schema\/logo\/image\/"},"sameAs":["https:\/\/x.com\/edmediterrania","https:\/\/www.instagram.com\/editorialmediterrania\/"]}]}},"_links":{"self":[{"href":"https:\/\/editorialmediterrania.com\/es\/wp-json\/wp\/v2\/product\/33268","targetHints":{"allow":["GET"]}}],"collection":[{"href":"https:\/\/editorialmediterrania.com\/es\/wp-json\/wp\/v2\/product"}],"about":[{"href":"https:\/\/editorialmediterrania.com\/es\/wp-json\/wp\/v2\/types\/product"}],"wp:featuredmedia":[{"embeddable":true,"href":"https:\/\/editorialmediterrania.com\/es\/wp-json\/wp\/v2\/media\/47080"}],"wp:attachment":[{"href":"https:\/\/editorialmediterrania.com\/es\/wp-json\/wp\/v2\/media?parent=33268"}],"wp:term":[{"taxonomy":"product_cat","embeddable":true,"href":"https:\/\/editorialmediterrania.com\/es\/wp-json\/wp\/v2\/product_cat?post=33268"},{"taxonomy":"product_tag","embeddable":true,"href":"https:\/\/editorialmediterrania.com\/es\/wp-json\/wp\/v2\/product_tag?post=33268"},{"taxonomy":"autors","embeddable":true,"href":"https:\/\/editorialmediterrania.com\/es\/wp-json\/wp\/v2\/autors?post=33268"}],"curies":[{"name":"wp","href":"https:\/\/api.w.org\/{rel}","templated":true}]}}