{"id":337,"date":"2012-10-24T09:37:23","date_gmt":"2012-10-24T09:37:23","guid":{"rendered":"http:\/\/mediterrania.adgency.es\/producto\/producto\/ofrena-de-capvespre-2\/"},"modified":"2015-07-29T13:30:52","modified_gmt":"2015-07-29T11:30:52","slug":"ofrena-de-capvespre","status":"publish","type":"product","link":"https:\/\/editorialmediterrania.com\/es\/producto\/ofrena-de-capvespre\/","title":{"rendered":"Ofrena de capvespre"},"content":{"rendered":"<p style=\"text-align: justify;\">\u00abYa hace diez a\u00f1os que muri\u00f3 Jordi Llimona. Desde entonces el mundo ha dado muchas vueltas, quiz\u00e1s girando demasiado deprisa y produci\u00e9ndonos una cierta sensaci\u00f3n de v\u00e9rtigo.<\/p>\n<p style=\"text-align: justify;\">Como si todo fuera lanzado a una carrera alborotada de ideas, muchas de las cuales tienen una vida tan corta como la de aquellas ef\u00edmeras mariposas de noche, que acaban quemadas por una buj\u00eda.<\/p>\n<p style=\"text-align: justify;\">Y resulta que el texto que se presenta al lector persigue todo lo contrario. Parece que nos hable en voz baja, sin nunca querer subir el tono. Como si el murmullo fuera la forma expresiva m\u00e1s adecuada para lo que nos quiere transmitir Jordi Limona en esta recopilaci\u00f3n de cuentos escritos. \u00c9l mismo afirma, en su peque\u00f1a presentaci\u00f3n, que \u201cvienen a ser un resumen de mis ideas y sentimientos\u201d, y \u201cun obsequio en las tranquilas horas del atardecer\u201d. M\u00e1s all\u00e1 de la belleza de las palabras escogidas para introducirnos los textos, la expresi\u00f3n nos invita a la serenidad y a la calmosa percepci\u00f3n de lo que escuchamos.\u00bb<\/p>\n","protected":false},"excerpt":{"rendered":"<p>\u00abYa hace diez a\u00f1os que muri\u00f3 Jordi Llimona. Desde entonces el mundo ha dado muchas vueltas, quiz\u00e1s girando demasiado deprisa y produci\u00e9ndonos una cierta sensaci\u00f3n de v\u00e9rtigo. Como si todo fuera lanzado a una carrera alborotada de ideas, muchas de las cuales tienen una vida tan corta como la de aquellas ef\u00edmeras mariposas de noche, [&hellip;]<\/p>\n","protected":false},"featured_media":20444,"template":"","meta":[],"product_cat":[6542,3350],"product_tag":[2181],"autors":[],"class_list":{"0":"post-337","1":"product","2":"type-product","3":"status-publish","4":"has-post-thumbnail","6":"product_cat-a-la-caputxina-es","7":"product_cat-mediterrania-productes","8":"product_tag-llibres-dassaig-es","10":"first","11":"outofstock","12":"purchasable","13":"product-type-simple","swatches":"rey-swatches","show_selected":""},"acf":[],"yoast_head":"<!-- This site is optimized with the Yoast SEO plugin v22.8 - https:\/\/yoast.com\/wordpress\/plugins\/seo\/ -->\n<title>Ofrena de Capvespre - Editorial Mediterrania<\/title>\n<meta name=\"description\" content=\"Ya hace diez a\u00f1os que muri\u00f3 Jordi Llimona. Desde entonces el mundo ha dado muchas vueltas, produci\u00e9ndonos una cierta sensaci\u00f3n de v\u00e9rtigo.\" \/>\n<meta name=\"robots\" content=\"index, follow, max-snippet:-1, max-image-preview:large, max-video-preview:-1\" \/>\n<link rel=\"canonical\" href=\"https:\/\/editorialmediterrania.com\/es\/producto\/ofrena-de-capvespre\/\" \/>\n<meta property=\"og:locale\" content=\"es_ES\" \/>\n<meta property=\"og:type\" content=\"article\" \/>\n<meta property=\"og:title\" content=\"Ofrena de Capvespre - Editorial Mediterrania\" \/>\n<meta property=\"og:description\" content=\"Ya hace diez a\u00f1os que muri\u00f3 Jordi Llimona. Desde entonces el mundo ha dado muchas vueltas, produci\u00e9ndonos una cierta sensaci\u00f3n de v\u00e9rtigo.\" \/>\n<meta property=\"og:url\" content=\"https:\/\/editorialmediterrania.com\/es\/producto\/ofrena-de-capvespre\/\" \/>\n<meta property=\"og:site_name\" content=\"Editorial Mediterr\u00e0nia\" \/>\n<meta property=\"article:modified_time\" content=\"2015-07-29T11:30:52+00:00\" \/>\n<meta property=\"og:image\" content=\"https:\/\/editorialmediterrania.com\/wp-content\/uploads\/2012\/10\/Ofrena-de-capvespre.jpg\" \/>\n\t<meta property=\"og:image:width\" content=\"600\" \/>\n\t<meta property=\"og:image:height\" content=\"879\" \/>\n\t<meta property=\"og:image:type\" content=\"image\/jpeg\" \/>\n<meta name=\"twitter:card\" content=\"summary_large_image\" \/>\n<meta name=\"twitter:site\" content=\"@edmediterrania\" \/>\n<meta name=\"twitter:label1\" content=\"Tiempo de lectura\" \/>\n\t<meta name=\"twitter:data1\" content=\"1 minuto\" \/>\n<script type=\"application\/ld+json\" class=\"yoast-schema-graph\">{\"@context\":\"https:\/\/schema.org\",\"@graph\":[{\"@type\":\"WebPage\",\"@id\":\"https:\/\/editorialmediterrania.com\/es\/producto\/ofrena-de-capvespre\/\",\"url\":\"https:\/\/editorialmediterrania.com\/es\/producto\/ofrena-de-capvespre\/\",\"name\":\"Ofrena de Capvespre - Editorial Mediterrania\",\"isPartOf\":{\"@id\":\"https:\/\/editorialmediterrania.com\/es\/#website\"},\"primaryImageOfPage\":{\"@id\":\"https:\/\/editorialmediterrania.com\/es\/producto\/ofrena-de-capvespre\/#primaryimage\"},\"image\":{\"@id\":\"https:\/\/editorialmediterrania.com\/es\/producto\/ofrena-de-capvespre\/#primaryimage\"},\"thumbnailUrl\":\"https:\/\/editorialmediterrania.com\/wp-content\/uploads\/2012\/10\/Ofrena-de-capvespre.jpg\",\"datePublished\":\"2012-10-24T09:37:23+00:00\",\"dateModified\":\"2015-07-29T11:30:52+00:00\",\"description\":\"Ya hace diez a\u00f1os que muri\u00f3 Jordi Llimona. Desde entonces el mundo ha dado muchas vueltas, produci\u00e9ndonos una cierta sensaci\u00f3n de v\u00e9rtigo.\",\"breadcrumb\":{\"@id\":\"https:\/\/editorialmediterrania.com\/es\/producto\/ofrena-de-capvespre\/#breadcrumb\"},\"inLanguage\":\"es\",\"potentialAction\":[{\"@type\":\"ReadAction\",\"target\":[\"https:\/\/editorialmediterrania.com\/es\/producto\/ofrena-de-capvespre\/\"]}]},{\"@type\":\"ImageObject\",\"inLanguage\":\"es\",\"@id\":\"https:\/\/editorialmediterrania.com\/es\/producto\/ofrena-de-capvespre\/#primaryimage\",\"url\":\"https:\/\/editorialmediterrania.com\/wp-content\/uploads\/2012\/10\/Ofrena-de-capvespre.jpg\",\"contentUrl\":\"https:\/\/editorialmediterrania.com\/wp-content\/uploads\/2012\/10\/Ofrena-de-capvespre.jpg\",\"width\":600,\"height\":879},{\"@type\":\"BreadcrumbList\",\"@id\":\"https:\/\/editorialmediterrania.com\/es\/producto\/ofrena-de-capvespre\/#breadcrumb\",\"itemListElement\":[{\"@type\":\"ListItem\",\"position\":1,\"name\":\"Tienda de libros infantiles de arte\",\"item\":\"https:\/\/editorialmediterrania.com\/es\/tienda-de-libros-infantiles-arte\/\"},{\"@type\":\"ListItem\",\"position\":2,\"name\":\"Ofrena de capvespre\"}]},{\"@type\":\"WebSite\",\"@id\":\"https:\/\/editorialmediterrania.com\/es\/#website\",\"url\":\"https:\/\/editorialmediterrania.com\/es\/\",\"name\":\"Editorial Mediterrania\",\"description\":\"Llibres que t\u2019obriran nous mons\",\"publisher\":{\"@id\":\"https:\/\/editorialmediterrania.com\/es\/#organization\"},\"alternateName\":\"Llibres infantils d'art, cultura i natura\",\"potentialAction\":[{\"@type\":\"SearchAction\",\"target\":{\"@type\":\"EntryPoint\",\"urlTemplate\":\"https:\/\/editorialmediterrania.com\/es\/?s={search_term_string}\"},\"query-input\":\"required name=search_term_string\"}],\"inLanguage\":\"es\"},{\"@type\":\"Organization\",\"@id\":\"https:\/\/editorialmediterrania.com\/es\/#organization\",\"name\":\"Editorial Mediterrania\",\"alternateName\":\"Llibres d'art, cultura i natura per infants i fam\u00edlies\",\"url\":\"https:\/\/editorialmediterrania.com\/es\/\",\"logo\":{\"@type\":\"ImageObject\",\"inLanguage\":\"es\",\"@id\":\"https:\/\/editorialmediterrania.com\/es\/#\/schema\/logo\/image\/\",\"url\":\"https:\/\/editorialmediterrania.com\/wp-content\/uploads\/2023\/03\/LOGO-ED_MEDITERRANIA_OK-2.png\",\"contentUrl\":\"https:\/\/editorialmediterrania.com\/wp-content\/uploads\/2023\/03\/LOGO-ED_MEDITERRANIA_OK-2.png\",\"width\":1200,\"height\":300,\"caption\":\"Editorial Mediterrania\"},\"image\":{\"@id\":\"https:\/\/editorialmediterrania.com\/es\/#\/schema\/logo\/image\/\"},\"sameAs\":[\"https:\/\/x.com\/edmediterrania\",\"https:\/\/www.instagram.com\/editorialmediterrania\/\"]}]}<\/script>\n<!-- \/ Yoast SEO plugin. -->","yoast_head_json":{"title":"Ofrena de Capvespre - Editorial Mediterrania","description":"Ya hace diez a\u00f1os que muri\u00f3 Jordi Llimona. Desde entonces el mundo ha dado muchas vueltas, produci\u00e9ndonos una cierta sensaci\u00f3n de v\u00e9rtigo.","robots":{"index":"index","follow":"follow","max-snippet":"max-snippet:-1","max-image-preview":"max-image-preview:large","max-video-preview":"max-video-preview:-1"},"canonical":"https:\/\/editorialmediterrania.com\/es\/producto\/ofrena-de-capvespre\/","og_locale":"es_ES","og_type":"article","og_title":"Ofrena de Capvespre - Editorial Mediterrania","og_description":"Ya hace diez a\u00f1os que muri\u00f3 Jordi Llimona. Desde entonces el mundo ha dado muchas vueltas, produci\u00e9ndonos una cierta sensaci\u00f3n de v\u00e9rtigo.","og_url":"https:\/\/editorialmediterrania.com\/es\/producto\/ofrena-de-capvespre\/","og_site_name":"Editorial Mediterr\u00e0nia","article_modified_time":"2015-07-29T11:30:52+00:00","og_image":[{"width":600,"height":879,"url":"https:\/\/editorialmediterrania.com\/wp-content\/uploads\/2012\/10\/Ofrena-de-capvespre.jpg","type":"image\/jpeg"}],"twitter_card":"summary_large_image","twitter_site":"@edmediterrania","twitter_misc":{"Tiempo de lectura":"1 minuto"},"schema":{"@context":"https:\/\/schema.org","@graph":[{"@type":"WebPage","@id":"https:\/\/editorialmediterrania.com\/es\/producto\/ofrena-de-capvespre\/","url":"https:\/\/editorialmediterrania.com\/es\/producto\/ofrena-de-capvespre\/","name":"Ofrena de Capvespre - Editorial Mediterrania","isPartOf":{"@id":"https:\/\/editorialmediterrania.com\/es\/#website"},"primaryImageOfPage":{"@id":"https:\/\/editorialmediterrania.com\/es\/producto\/ofrena-de-capvespre\/#primaryimage"},"image":{"@id":"https:\/\/editorialmediterrania.com\/es\/producto\/ofrena-de-capvespre\/#primaryimage"},"thumbnailUrl":"https:\/\/editorialmediterrania.com\/wp-content\/uploads\/2012\/10\/Ofrena-de-capvespre.jpg","datePublished":"2012-10-24T09:37:23+00:00","dateModified":"2015-07-29T11:30:52+00:00","description":"Ya hace diez a\u00f1os que muri\u00f3 Jordi Llimona. Desde entonces el mundo ha dado muchas vueltas, produci\u00e9ndonos una cierta sensaci\u00f3n de v\u00e9rtigo.","breadcrumb":{"@id":"https:\/\/editorialmediterrania.com\/es\/producto\/ofrena-de-capvespre\/#breadcrumb"},"inLanguage":"es","potentialAction":[{"@type":"ReadAction","target":["https:\/\/editorialmediterrania.com\/es\/producto\/ofrena-de-capvespre\/"]}]},{"@type":"ImageObject","inLanguage":"es","@id":"https:\/\/editorialmediterrania.com\/es\/producto\/ofrena-de-capvespre\/#primaryimage","url":"https:\/\/editorialmediterrania.com\/wp-content\/uploads\/2012\/10\/Ofrena-de-capvespre.jpg","contentUrl":"https:\/\/editorialmediterrania.com\/wp-content\/uploads\/2012\/10\/Ofrena-de-capvespre.jpg","width":600,"height":879},{"@type":"BreadcrumbList","@id":"https:\/\/editorialmediterrania.com\/es\/producto\/ofrena-de-capvespre\/#breadcrumb","itemListElement":[{"@type":"ListItem","position":1,"name":"Tienda de libros infantiles de arte","item":"https:\/\/editorialmediterrania.com\/es\/tienda-de-libros-infantiles-arte\/"},{"@type":"ListItem","position":2,"name":"Ofrena de capvespre"}]},{"@type":"WebSite","@id":"https:\/\/editorialmediterrania.com\/es\/#website","url":"https:\/\/editorialmediterrania.com\/es\/","name":"Editorial Mediterrania","description":"Llibres que t\u2019obriran nous mons","publisher":{"@id":"https:\/\/editorialmediterrania.com\/es\/#organization"},"alternateName":"Llibres infantils d'art, cultura i natura","potentialAction":[{"@type":"SearchAction","target":{"@type":"EntryPoint","urlTemplate":"https:\/\/editorialmediterrania.com\/es\/?s={search_term_string}"},"query-input":"required name=search_term_string"}],"inLanguage":"es"},{"@type":"Organization","@id":"https:\/\/editorialmediterrania.com\/es\/#organization","name":"Editorial Mediterrania","alternateName":"Llibres d'art, cultura i natura per infants i fam\u00edlies","url":"https:\/\/editorialmediterrania.com\/es\/","logo":{"@type":"ImageObject","inLanguage":"es","@id":"https:\/\/editorialmediterrania.com\/es\/#\/schema\/logo\/image\/","url":"https:\/\/editorialmediterrania.com\/wp-content\/uploads\/2023\/03\/LOGO-ED_MEDITERRANIA_OK-2.png","contentUrl":"https:\/\/editorialmediterrania.com\/wp-content\/uploads\/2023\/03\/LOGO-ED_MEDITERRANIA_OK-2.png","width":1200,"height":300,"caption":"Editorial Mediterrania"},"image":{"@id":"https:\/\/editorialmediterrania.com\/es\/#\/schema\/logo\/image\/"},"sameAs":["https:\/\/x.com\/edmediterrania","https:\/\/www.instagram.com\/editorialmediterrania\/"]}]}},"_links":{"self":[{"href":"https:\/\/editorialmediterrania.com\/es\/wp-json\/wp\/v2\/product\/337","targetHints":{"allow":["GET"]}}],"collection":[{"href":"https:\/\/editorialmediterrania.com\/es\/wp-json\/wp\/v2\/product"}],"about":[{"href":"https:\/\/editorialmediterrania.com\/es\/wp-json\/wp\/v2\/types\/product"}],"wp:featuredmedia":[{"embeddable":true,"href":"https:\/\/editorialmediterrania.com\/es\/wp-json\/wp\/v2\/media\/20444"}],"wp:attachment":[{"href":"https:\/\/editorialmediterrania.com\/es\/wp-json\/wp\/v2\/media?parent=337"}],"wp:term":[{"taxonomy":"product_cat","embeddable":true,"href":"https:\/\/editorialmediterrania.com\/es\/wp-json\/wp\/v2\/product_cat?post=337"},{"taxonomy":"product_tag","embeddable":true,"href":"https:\/\/editorialmediterrania.com\/es\/wp-json\/wp\/v2\/product_tag?post=337"},{"taxonomy":"autors","embeddable":true,"href":"https:\/\/editorialmediterrania.com\/es\/wp-json\/wp\/v2\/autors?post=337"}],"curies":[{"name":"wp","href":"https:\/\/api.w.org\/{rel}","templated":true}]}}