{"id":33776,"date":"2020-08-12T15:51:55","date_gmt":"2020-08-12T13:51:55","guid":{"rendered":"http:\/\/localhost:8888\/mediterrania\/product\/viu-en-verd\/"},"modified":"2025-03-11T11:35:53","modified_gmt":"2025-03-11T10:35:53","slug":"vive-en-verde","status":"publish","type":"product","link":"https:\/\/editorialmediterrania.com\/es\/producto\/vive-en-verde\/","title":{"rendered":"\u00a1Vive en verde!"},"content":{"rendered":"<p>Aprende con los amigos qu\u00e9 quiere decir vivir en verde y ponlo en pr\u00e1ctica.<\/p>\n<p>\u00a1Sara, Max, Clara y David han celebrado una fiesta de aniversario y se lo han pasado muy bien! Pero al final de la fiesta se dan cuenta que hay un mont\u00f3n de restos, como por ejemplo papel de regalo, globos reventados o juguetes de pl\u00e1stico. \u00bfD\u00f3nde ir\u00e1 a parar todo este desecho?<\/p>\n<p>Hablando con su profesora, con expertos en la materia y con gente del barrio aprender\u00e1n qu\u00e9 quiere decir vivir en verde. Todos los amigos descubrir\u00e1n que hay diferentes modos de actuar para ayudar a salvar el planeta, y que entre todos es muy f\u00e1cil hacerlas. \u00a1Este libro est\u00e1 lleno de ideas brillantes para reducir, reutilizar y reciclar!<\/p>\n<p>Escrito por Liz Gogery con ilustraciones de Sr. S\u00e1nchez.<\/p>\n","protected":false},"excerpt":{"rendered":"<p>Aprende con los amigos qu\u00e9 quiere decir vivir en verde y ponlo en pr\u00e1ctica.<\/p>\n","protected":false},"featured_media":33766,"template":"","meta":[],"product_cat":[6495,30,28],"product_tag":[6202,6001,6002,6003],"autors":[],"class_list":{"0":"post-33776","1":"product","2":"type-product","3":"status-publish","4":"has-post-thumbnail","6":"product_cat-outlet-es","7":"product_cat-editorial-mediterrania","8":"product_cat-arte-en-familia","9":"product_tag-llibre-il-lustrats-es","10":"product_tag-llibres-infantils-es","11":"product_tag-llibres-per-nens-es","12":"product_tag-llibres-per-nens-il-lustrats-es","14":"first","15":"instock","16":"sale","17":"purchasable","18":"product-type-variable","swatches":"rey-swatches","show_selected":""},"acf":[],"yoast_head":"<!-- This site is optimized with the Yoast SEO plugin v22.8 - https:\/\/yoast.com\/wordpress\/plugins\/seo\/ -->\n<title>Libro para aprender a reciclar<\/title>\n<meta name=\"description\" content=\"Aprende con los amigos qu\u00e9 quiere decir vivir en verde y ponlo en pr\u00e1ctica. \u00a1Este libro infantil est\u00e1 lleno de ideas brillantes para aprender a reducir, reutilizar y reciclar!\" \/>\n<meta name=\"robots\" content=\"index, follow, max-snippet:-1, max-image-preview:large, max-video-preview:-1\" \/>\n<link rel=\"canonical\" href=\"https:\/\/editorialmediterrania.com\/es\/producto\/vive-en-verde\/\" \/>\n<meta property=\"og:locale\" content=\"es_ES\" \/>\n<meta property=\"og:type\" content=\"article\" \/>\n<meta property=\"og:title\" content=\"Libro para aprender a reciclar\" \/>\n<meta property=\"og:description\" content=\"Aprende con los amigos qu\u00e9 quiere decir vivir en verde y ponlo en pr\u00e1ctica. \u00a1Este libro infantil est\u00e1 lleno de ideas brillantes para aprender a reducir, reutilizar y reciclar!\" \/>\n<meta property=\"og:url\" content=\"https:\/\/editorialmediterrania.com\/es\/producto\/vive-en-verde\/\" \/>\n<meta property=\"og:site_name\" content=\"Editorial Mediterr\u00e0nia\" \/>\n<meta property=\"article:modified_time\" content=\"2025-03-11T10:35:53+00:00\" \/>\n<meta property=\"og:image\" content=\"https:\/\/editorialmediterrania.com\/wp-content\/uploads\/2020\/08\/VIU-EN-VERD_CUB_CAT.jpg\" \/>\n\t<meta property=\"og:image:width\" content=\"1278\" \/>\n\t<meta property=\"og:image:height\" content=\"1600\" \/>\n\t<meta property=\"og:image:type\" content=\"image\/jpeg\" \/>\n<meta name=\"twitter:card\" content=\"summary_large_image\" \/>\n<meta name=\"twitter:site\" content=\"@edmediterrania\" \/>\n<meta name=\"twitter:label1\" content=\"Tiempo de lectura\" \/>\n\t<meta name=\"twitter:data1\" content=\"1 minuto\" \/>\n<script type=\"application\/ld+json\" class=\"yoast-schema-graph\">{\"@context\":\"https:\/\/schema.org\",\"@graph\":[{\"@type\":\"WebPage\",\"@id\":\"https:\/\/editorialmediterrania.com\/es\/producto\/vive-en-verde\/\",\"url\":\"https:\/\/editorialmediterrania.com\/es\/producto\/vive-en-verde\/\",\"name\":\"Libro para aprender a reciclar\",\"isPartOf\":{\"@id\":\"https:\/\/editorialmediterrania.com\/es\/#website\"},\"primaryImageOfPage\":{\"@id\":\"https:\/\/editorialmediterrania.com\/es\/producto\/vive-en-verde\/#primaryimage\"},\"image\":{\"@id\":\"https:\/\/editorialmediterrania.com\/es\/producto\/vive-en-verde\/#primaryimage\"},\"thumbnailUrl\":\"https:\/\/editorialmediterrania.com\/wp-content\/uploads\/2020\/08\/VIU-EN-VERD_CUB_CAT.jpg\",\"datePublished\":\"2020-08-12T13:51:55+00:00\",\"dateModified\":\"2025-03-11T10:35:53+00:00\",\"description\":\"Aprende con los amigos qu\u00e9 quiere decir vivir en verde y ponlo en pr\u00e1ctica. \u00a1Este libro infantil est\u00e1 lleno de ideas brillantes para aprender a reducir, reutilizar y reciclar!\",\"breadcrumb\":{\"@id\":\"https:\/\/editorialmediterrania.com\/es\/producto\/vive-en-verde\/#breadcrumb\"},\"inLanguage\":\"es\",\"potentialAction\":[{\"@type\":\"ReadAction\",\"target\":[\"https:\/\/editorialmediterrania.com\/es\/producto\/vive-en-verde\/\"]}]},{\"@type\":\"ImageObject\",\"inLanguage\":\"es\",\"@id\":\"https:\/\/editorialmediterrania.com\/es\/producto\/vive-en-verde\/#primaryimage\",\"url\":\"https:\/\/editorialmediterrania.com\/wp-content\/uploads\/2020\/08\/VIU-EN-VERD_CUB_CAT.jpg\",\"contentUrl\":\"https:\/\/editorialmediterrania.com\/wp-content\/uploads\/2020\/08\/VIU-EN-VERD_CUB_CAT.jpg\",\"width\":1278,\"height\":1600},{\"@type\":\"BreadcrumbList\",\"@id\":\"https:\/\/editorialmediterrania.com\/es\/producto\/vive-en-verde\/#breadcrumb\",\"itemListElement\":[{\"@type\":\"ListItem\",\"position\":1,\"name\":\"Tienda de libros infantiles de arte\",\"item\":\"https:\/\/editorialmediterrania.com\/es\/tienda-de-libros-infantiles-arte\/\"},{\"@type\":\"ListItem\",\"position\":2,\"name\":\"\u00a1Vive en verde!\"}]},{\"@type\":\"WebSite\",\"@id\":\"https:\/\/editorialmediterrania.com\/es\/#website\",\"url\":\"https:\/\/editorialmediterrania.com\/es\/\",\"name\":\"Editorial Mediterrania\",\"description\":\"Llibres que t\u2019obriran nous mons\",\"publisher\":{\"@id\":\"https:\/\/editorialmediterrania.com\/es\/#organization\"},\"alternateName\":\"Llibres infantils d'art, cultura i natura\",\"potentialAction\":[{\"@type\":\"SearchAction\",\"target\":{\"@type\":\"EntryPoint\",\"urlTemplate\":\"https:\/\/editorialmediterrania.com\/es\/?s={search_term_string}\"},\"query-input\":\"required name=search_term_string\"}],\"inLanguage\":\"es\"},{\"@type\":\"Organization\",\"@id\":\"https:\/\/editorialmediterrania.com\/es\/#organization\",\"name\":\"Editorial Mediterrania\",\"alternateName\":\"Llibres d'art, cultura i natura per infants i fam\u00edlies\",\"url\":\"https:\/\/editorialmediterrania.com\/es\/\",\"logo\":{\"@type\":\"ImageObject\",\"inLanguage\":\"es\",\"@id\":\"https:\/\/editorialmediterrania.com\/es\/#\/schema\/logo\/image\/\",\"url\":\"https:\/\/editorialmediterrania.com\/wp-content\/uploads\/2023\/03\/LOGO-ED_MEDITERRANIA_OK-2.png\",\"contentUrl\":\"https:\/\/editorialmediterrania.com\/wp-content\/uploads\/2023\/03\/LOGO-ED_MEDITERRANIA_OK-2.png\",\"width\":1200,\"height\":300,\"caption\":\"Editorial Mediterrania\"},\"image\":{\"@id\":\"https:\/\/editorialmediterrania.com\/es\/#\/schema\/logo\/image\/\"},\"sameAs\":[\"https:\/\/x.com\/edmediterrania\",\"https:\/\/www.instagram.com\/editorialmediterrania\/\"]}]}<\/script>\n<!-- \/ Yoast SEO plugin. -->","yoast_head_json":{"title":"Libro para aprender a reciclar","description":"Aprende con los amigos qu\u00e9 quiere decir vivir en verde y ponlo en pr\u00e1ctica. \u00a1Este libro infantil est\u00e1 lleno de ideas brillantes para aprender a reducir, reutilizar y reciclar!","robots":{"index":"index","follow":"follow","max-snippet":"max-snippet:-1","max-image-preview":"max-image-preview:large","max-video-preview":"max-video-preview:-1"},"canonical":"https:\/\/editorialmediterrania.com\/es\/producto\/vive-en-verde\/","og_locale":"es_ES","og_type":"article","og_title":"Libro para aprender a reciclar","og_description":"Aprende con los amigos qu\u00e9 quiere decir vivir en verde y ponlo en pr\u00e1ctica. \u00a1Este libro infantil est\u00e1 lleno de ideas brillantes para aprender a reducir, reutilizar y reciclar!","og_url":"https:\/\/editorialmediterrania.com\/es\/producto\/vive-en-verde\/","og_site_name":"Editorial Mediterr\u00e0nia","article_modified_time":"2025-03-11T10:35:53+00:00","og_image":[{"width":1278,"height":1600,"url":"https:\/\/editorialmediterrania.com\/wp-content\/uploads\/2020\/08\/VIU-EN-VERD_CUB_CAT.jpg","type":"image\/jpeg"}],"twitter_card":"summary_large_image","twitter_site":"@edmediterrania","twitter_misc":{"Tiempo de lectura":"1 minuto"},"schema":{"@context":"https:\/\/schema.org","@graph":[{"@type":"WebPage","@id":"https:\/\/editorialmediterrania.com\/es\/producto\/vive-en-verde\/","url":"https:\/\/editorialmediterrania.com\/es\/producto\/vive-en-verde\/","name":"Libro para aprender a reciclar","isPartOf":{"@id":"https:\/\/editorialmediterrania.com\/es\/#website"},"primaryImageOfPage":{"@id":"https:\/\/editorialmediterrania.com\/es\/producto\/vive-en-verde\/#primaryimage"},"image":{"@id":"https:\/\/editorialmediterrania.com\/es\/producto\/vive-en-verde\/#primaryimage"},"thumbnailUrl":"https:\/\/editorialmediterrania.com\/wp-content\/uploads\/2020\/08\/VIU-EN-VERD_CUB_CAT.jpg","datePublished":"2020-08-12T13:51:55+00:00","dateModified":"2025-03-11T10:35:53+00:00","description":"Aprende con los amigos qu\u00e9 quiere decir vivir en verde y ponlo en pr\u00e1ctica. \u00a1Este libro infantil est\u00e1 lleno de ideas brillantes para aprender a reducir, reutilizar y reciclar!","breadcrumb":{"@id":"https:\/\/editorialmediterrania.com\/es\/producto\/vive-en-verde\/#breadcrumb"},"inLanguage":"es","potentialAction":[{"@type":"ReadAction","target":["https:\/\/editorialmediterrania.com\/es\/producto\/vive-en-verde\/"]}]},{"@type":"ImageObject","inLanguage":"es","@id":"https:\/\/editorialmediterrania.com\/es\/producto\/vive-en-verde\/#primaryimage","url":"https:\/\/editorialmediterrania.com\/wp-content\/uploads\/2020\/08\/VIU-EN-VERD_CUB_CAT.jpg","contentUrl":"https:\/\/editorialmediterrania.com\/wp-content\/uploads\/2020\/08\/VIU-EN-VERD_CUB_CAT.jpg","width":1278,"height":1600},{"@type":"BreadcrumbList","@id":"https:\/\/editorialmediterrania.com\/es\/producto\/vive-en-verde\/#breadcrumb","itemListElement":[{"@type":"ListItem","position":1,"name":"Tienda de libros infantiles de arte","item":"https:\/\/editorialmediterrania.com\/es\/tienda-de-libros-infantiles-arte\/"},{"@type":"ListItem","position":2,"name":"\u00a1Vive en verde!"}]},{"@type":"WebSite","@id":"https:\/\/editorialmediterrania.com\/es\/#website","url":"https:\/\/editorialmediterrania.com\/es\/","name":"Editorial Mediterrania","description":"Llibres que t\u2019obriran nous mons","publisher":{"@id":"https:\/\/editorialmediterrania.com\/es\/#organization"},"alternateName":"Llibres infantils d'art, cultura i natura","potentialAction":[{"@type":"SearchAction","target":{"@type":"EntryPoint","urlTemplate":"https:\/\/editorialmediterrania.com\/es\/?s={search_term_string}"},"query-input":"required name=search_term_string"}],"inLanguage":"es"},{"@type":"Organization","@id":"https:\/\/editorialmediterrania.com\/es\/#organization","name":"Editorial Mediterrania","alternateName":"Llibres d'art, cultura i natura per infants i fam\u00edlies","url":"https:\/\/editorialmediterrania.com\/es\/","logo":{"@type":"ImageObject","inLanguage":"es","@id":"https:\/\/editorialmediterrania.com\/es\/#\/schema\/logo\/image\/","url":"https:\/\/editorialmediterrania.com\/wp-content\/uploads\/2023\/03\/LOGO-ED_MEDITERRANIA_OK-2.png","contentUrl":"https:\/\/editorialmediterrania.com\/wp-content\/uploads\/2023\/03\/LOGO-ED_MEDITERRANIA_OK-2.png","width":1200,"height":300,"caption":"Editorial Mediterrania"},"image":{"@id":"https:\/\/editorialmediterrania.com\/es\/#\/schema\/logo\/image\/"},"sameAs":["https:\/\/x.com\/edmediterrania","https:\/\/www.instagram.com\/editorialmediterrania\/"]}]}},"_links":{"self":[{"href":"https:\/\/editorialmediterrania.com\/es\/wp-json\/wp\/v2\/product\/33776","targetHints":{"allow":["GET"]}}],"collection":[{"href":"https:\/\/editorialmediterrania.com\/es\/wp-json\/wp\/v2\/product"}],"about":[{"href":"https:\/\/editorialmediterrania.com\/es\/wp-json\/wp\/v2\/types\/product"}],"wp:featuredmedia":[{"embeddable":true,"href":"https:\/\/editorialmediterrania.com\/es\/wp-json\/wp\/v2\/media\/33766"}],"wp:attachment":[{"href":"https:\/\/editorialmediterrania.com\/es\/wp-json\/wp\/v2\/media?parent=33776"}],"wp:term":[{"taxonomy":"product_cat","embeddable":true,"href":"https:\/\/editorialmediterrania.com\/es\/wp-json\/wp\/v2\/product_cat?post=33776"},{"taxonomy":"product_tag","embeddable":true,"href":"https:\/\/editorialmediterrania.com\/es\/wp-json\/wp\/v2\/product_tag?post=33776"},{"taxonomy":"autors","embeddable":true,"href":"https:\/\/editorialmediterrania.com\/es\/wp-json\/wp\/v2\/autors?post=33776"}],"curies":[{"name":"wp","href":"https:\/\/api.w.org\/{rel}","templated":true}]}}