{"id":34389,"date":"2021-02-04T13:26:18","date_gmt":"2021-02-04T12:26:18","guid":{"rendered":"http:\/\/localhost:8888\/mediterrania\/?post_type=product&#038;p=34389"},"modified":"2025-09-02T13:34:28","modified_gmt":"2025-09-02T11:34:28","slug":"petita-historia-del-mnactec","status":"publish","type":"product","link":"https:\/\/editorialmediterrania.com\/es\/producto\/petita-historia-del-mnactec\/","title":{"rendered":"Petita hist\u00f2ria del MNACTEC"},"content":{"rendered":"<div class=\"\"><span class=\"\" lang=\"CA\">La<strong> Petita hist\u00f2ria<\/strong> del <a href=\"https:\/\/www.google.com\/search?client=safari&amp;rls=en&amp;q=nactec&amp;ie=UTF-8&amp;oe=UTF-8\"><strong>Museu Nacional de la Ci\u00e8ncia i la T\u00e8cnica<\/strong> <\/a>explica als m\u00e9s petits la industrialitzaci\u00f3 del nostre pa\u00eds i la hist\u00f2ria del seu edifici modernista. Des de l\u2019arribada de la m\u00e0quina de vapor, passant per la f\u00e0brica de teixits i fins a dia d\u2019avui. El Vapor Aymerich, Amat i Jover ha viscut mil aventures i ha esdevingut un referent en el patrimoni industrial de Catalunya!<\/span><\/div>\n<div><\/div>\n<div class=\"\"><span class=\"\" lang=\"CA\">La col\u00b7lecci\u00f3 de llibres infantils <a href=\"http:\/\/localhost:8888\/mediterrania\/\/coleccions\/infantil-juvenil-i-families\/col-leccions\/petites-histories\/\">Petites hist\u00f2ries<\/a> compta amb m\u00e9s de 330 t\u00edtols diferents, tots ells il\u00b7lustrats per <strong><a href=\"http:\/\/www.pilarin.cat\">Pilar\u00edn Bay\u00e9s<\/a><\/strong>. Gr\u00e0cies a aquesta col\u00b7lecci\u00f3, els nens i nenes han pogut con\u00e8ixer els artistes, tradicions, associacions i indrets m\u00e9s destacats del nostre pa\u00eds.<\/span><\/div>\n","protected":false},"excerpt":{"rendered":"<p><span class=\"\" lang=\"CA\">La Petita hist\u00f2ria del <strong><a href=\"https:\/\/www.google.com\/search?client=safari&amp;rls=en&amp;q=nactec&amp;ie=UTF-8&amp;oe=UTF-8\">Museu Nacional de la Ci\u00e8ncia i la T\u00e8cnica<\/a> <\/strong>explica als m\u00e9s petits la industrialitzaci\u00f3 del nostre pa\u00eds i la hist\u00f2ria del seu edifici modernista.<\/span><\/p>\n","protected":false},"featured_media":34391,"template":"","meta":[],"product_cat":[16,73],"product_tag":[5922,5910,5928,337,339,5927,1301,5874,5875,4362],"autors":[],"class_list":{"0":"post-34389","1":"product","2":"type-product","3":"status-publish","4":"has-post-thumbnail","6":"product_cat-editorial-mediterrania","7":"product_cat-petites-histories","8":"product_tag-contes-il-lustrats-per-nens","9":"product_tag-contes-infantils","10":"product_tag-contes-per-nens","11":"product_tag-libro-infantil","12":"product_tag-literatura","13":"product_tag-llibres-il-lustrats-infantils","14":"product_tag-modernisme","15":"product_tag-museus","16":"product_tag-patrimoni-industrial","17":"product_tag-pilarin-bayes","19":"first","20":"outofstock","21":"purchasable","22":"product-type-simple","swatches":"rey-swatches","show_selected":""},"acf":[],"yoast_head":"<!-- This site is optimized with the Yoast SEO plugin v22.8 - https:\/\/yoast.com\/wordpress\/plugins\/seo\/ -->\n<title>Petita hist\u00f2ria del MNACTEC - Editorial Mediterr\u00e0nia<\/title>\n<meta name=\"description\" content=\"La col.lecci\u00f3 de llibres infantils Petita hist\u00f2ria del MNCATEC explica als m\u00e9s petits la industrialitzaci\u00f3 del nostre pa\u00eds i la hist\u00f2ria del seu edifici modernista.\" \/>\n<meta name=\"robots\" content=\"index, follow, max-snippet:-1, max-image-preview:large, max-video-preview:-1\" \/>\n<link rel=\"canonical\" href=\"https:\/\/editorialmediterrania.com\/es\/producto\/petita-historia-del-mnactec\/\" \/>\n<meta property=\"og:locale\" content=\"es_ES\" \/>\n<meta property=\"og:type\" content=\"article\" \/>\n<meta property=\"og:title\" content=\"Petita hist\u00f2ria del MNACTEC - Editorial Mediterr\u00e0nia\" \/>\n<meta property=\"og:description\" content=\"La col.lecci\u00f3 de llibres infantils Petita hist\u00f2ria del MNCATEC explica als m\u00e9s petits la industrialitzaci\u00f3 del nostre pa\u00eds i la hist\u00f2ria del seu edifici modernista.\" \/>\n<meta property=\"og:url\" content=\"https:\/\/editorialmediterrania.com\/es\/producto\/petita-historia-del-mnactec\/\" \/>\n<meta property=\"og:site_name\" content=\"Editorial Mediterr\u00e0nia\" \/>\n<meta property=\"article:modified_time\" content=\"2025-09-02T11:34:28+00:00\" \/>\n<meta property=\"og:image\" content=\"https:\/\/editorialmediterrania.com\/wp-content\/uploads\/2021\/02\/9788499796857.png\" \/>\n\t<meta property=\"og:image:width\" content=\"743\" \/>\n\t<meta property=\"og:image:height\" content=\"890\" \/>\n\t<meta property=\"og:image:type\" content=\"image\/png\" \/>\n<meta name=\"twitter:card\" content=\"summary_large_image\" \/>\n<meta name=\"twitter:site\" content=\"@edmediterrania\" \/>\n<meta name=\"twitter:label1\" content=\"Tiempo de lectura\" \/>\n\t<meta name=\"twitter:data1\" content=\"1 minuto\" \/>\n<script type=\"application\/ld+json\" class=\"yoast-schema-graph\">{\"@context\":\"https:\/\/schema.org\",\"@graph\":[{\"@type\":\"WebPage\",\"@id\":\"https:\/\/editorialmediterrania.com\/es\/producto\/petita-historia-del-mnactec\/\",\"url\":\"https:\/\/editorialmediterrania.com\/es\/producto\/petita-historia-del-mnactec\/\",\"name\":\"Petita hist\u00f2ria del MNACTEC - Editorial Mediterr\u00e0nia\",\"isPartOf\":{\"@id\":\"https:\/\/editorialmediterrania.com\/es\/#website\"},\"primaryImageOfPage\":{\"@id\":\"https:\/\/editorialmediterrania.com\/es\/producto\/petita-historia-del-mnactec\/#primaryimage\"},\"image\":{\"@id\":\"https:\/\/editorialmediterrania.com\/es\/producto\/petita-historia-del-mnactec\/#primaryimage\"},\"thumbnailUrl\":\"https:\/\/editorialmediterrania.com\/wp-content\/uploads\/2021\/02\/9788499796857.png\",\"datePublished\":\"2021-02-04T12:26:18+00:00\",\"dateModified\":\"2025-09-02T11:34:28+00:00\",\"description\":\"La col.lecci\u00f3 de llibres infantils Petita hist\u00f2ria del MNCATEC explica als m\u00e9s petits la industrialitzaci\u00f3 del nostre pa\u00eds i la hist\u00f2ria del seu edifici modernista.\",\"breadcrumb\":{\"@id\":\"https:\/\/editorialmediterrania.com\/es\/producto\/petita-historia-del-mnactec\/#breadcrumb\"},\"inLanguage\":\"es\",\"potentialAction\":[{\"@type\":\"ReadAction\",\"target\":[\"https:\/\/editorialmediterrania.com\/es\/producto\/petita-historia-del-mnactec\/\"]}]},{\"@type\":\"ImageObject\",\"inLanguage\":\"es\",\"@id\":\"https:\/\/editorialmediterrania.com\/es\/producto\/petita-historia-del-mnactec\/#primaryimage\",\"url\":\"https:\/\/editorialmediterrania.com\/wp-content\/uploads\/2021\/02\/9788499796857.png\",\"contentUrl\":\"https:\/\/editorialmediterrania.com\/wp-content\/uploads\/2021\/02\/9788499796857.png\",\"width\":743,\"height\":890,\"caption\":\"Petita hist\u00f2ria del MNACTEC\"},{\"@type\":\"BreadcrumbList\",\"@id\":\"https:\/\/editorialmediterrania.com\/es\/producto\/petita-historia-del-mnactec\/#breadcrumb\",\"itemListElement\":[{\"@type\":\"ListItem\",\"position\":1,\"name\":\"Tienda de libros infantiles de arte\",\"item\":\"https:\/\/editorialmediterrania.com\/es\/tienda-de-libros-infantiles-arte\/\"},{\"@type\":\"ListItem\",\"position\":2,\"name\":\"Petita hist\u00f2ria del MNACTEC\"}]},{\"@type\":\"WebSite\",\"@id\":\"https:\/\/editorialmediterrania.com\/es\/#website\",\"url\":\"https:\/\/editorialmediterrania.com\/es\/\",\"name\":\"Editorial Mediterrania\",\"description\":\"Llibres que t\u2019obriran nous mons\",\"publisher\":{\"@id\":\"https:\/\/editorialmediterrania.com\/es\/#organization\"},\"alternateName\":\"Llibres infantils d'art, cultura i natura\",\"potentialAction\":[{\"@type\":\"SearchAction\",\"target\":{\"@type\":\"EntryPoint\",\"urlTemplate\":\"https:\/\/editorialmediterrania.com\/es\/?s={search_term_string}\"},\"query-input\":\"required name=search_term_string\"}],\"inLanguage\":\"es\"},{\"@type\":\"Organization\",\"@id\":\"https:\/\/editorialmediterrania.com\/es\/#organization\",\"name\":\"Editorial Mediterrania\",\"alternateName\":\"Llibres d'art, cultura i natura per infants i fam\u00edlies\",\"url\":\"https:\/\/editorialmediterrania.com\/es\/\",\"logo\":{\"@type\":\"ImageObject\",\"inLanguage\":\"es\",\"@id\":\"https:\/\/editorialmediterrania.com\/es\/#\/schema\/logo\/image\/\",\"url\":\"https:\/\/editorialmediterrania.com\/wp-content\/uploads\/2023\/03\/LOGO-ED_MEDITERRANIA_OK-2.png\",\"contentUrl\":\"https:\/\/editorialmediterrania.com\/wp-content\/uploads\/2023\/03\/LOGO-ED_MEDITERRANIA_OK-2.png\",\"width\":1200,\"height\":300,\"caption\":\"Editorial Mediterrania\"},\"image\":{\"@id\":\"https:\/\/editorialmediterrania.com\/es\/#\/schema\/logo\/image\/\"},\"sameAs\":[\"https:\/\/x.com\/edmediterrania\",\"https:\/\/www.instagram.com\/editorialmediterrania\/\"]}]}<\/script>\n<!-- \/ Yoast SEO plugin. -->","yoast_head_json":{"title":"Petita hist\u00f2ria del MNACTEC - Editorial Mediterr\u00e0nia","description":"La col.lecci\u00f3 de llibres infantils Petita hist\u00f2ria del MNCATEC explica als m\u00e9s petits la industrialitzaci\u00f3 del nostre pa\u00eds i la hist\u00f2ria del seu edifici modernista.","robots":{"index":"index","follow":"follow","max-snippet":"max-snippet:-1","max-image-preview":"max-image-preview:large","max-video-preview":"max-video-preview:-1"},"canonical":"https:\/\/editorialmediterrania.com\/es\/producto\/petita-historia-del-mnactec\/","og_locale":"es_ES","og_type":"article","og_title":"Petita hist\u00f2ria del MNACTEC - Editorial Mediterr\u00e0nia","og_description":"La col.lecci\u00f3 de llibres infantils Petita hist\u00f2ria del MNCATEC explica als m\u00e9s petits la industrialitzaci\u00f3 del nostre pa\u00eds i la hist\u00f2ria del seu edifici modernista.","og_url":"https:\/\/editorialmediterrania.com\/es\/producto\/petita-historia-del-mnactec\/","og_site_name":"Editorial Mediterr\u00e0nia","article_modified_time":"2025-09-02T11:34:28+00:00","og_image":[{"width":743,"height":890,"url":"https:\/\/editorialmediterrania.com\/wp-content\/uploads\/2021\/02\/9788499796857.png","type":"image\/png"}],"twitter_card":"summary_large_image","twitter_site":"@edmediterrania","twitter_misc":{"Tiempo de lectura":"1 minuto"},"schema":{"@context":"https:\/\/schema.org","@graph":[{"@type":"WebPage","@id":"https:\/\/editorialmediterrania.com\/es\/producto\/petita-historia-del-mnactec\/","url":"https:\/\/editorialmediterrania.com\/es\/producto\/petita-historia-del-mnactec\/","name":"Petita hist\u00f2ria del MNACTEC - Editorial Mediterr\u00e0nia","isPartOf":{"@id":"https:\/\/editorialmediterrania.com\/es\/#website"},"primaryImageOfPage":{"@id":"https:\/\/editorialmediterrania.com\/es\/producto\/petita-historia-del-mnactec\/#primaryimage"},"image":{"@id":"https:\/\/editorialmediterrania.com\/es\/producto\/petita-historia-del-mnactec\/#primaryimage"},"thumbnailUrl":"https:\/\/editorialmediterrania.com\/wp-content\/uploads\/2021\/02\/9788499796857.png","datePublished":"2021-02-04T12:26:18+00:00","dateModified":"2025-09-02T11:34:28+00:00","description":"La col.lecci\u00f3 de llibres infantils Petita hist\u00f2ria del MNCATEC explica als m\u00e9s petits la industrialitzaci\u00f3 del nostre pa\u00eds i la hist\u00f2ria del seu edifici modernista.","breadcrumb":{"@id":"https:\/\/editorialmediterrania.com\/es\/producto\/petita-historia-del-mnactec\/#breadcrumb"},"inLanguage":"es","potentialAction":[{"@type":"ReadAction","target":["https:\/\/editorialmediterrania.com\/es\/producto\/petita-historia-del-mnactec\/"]}]},{"@type":"ImageObject","inLanguage":"es","@id":"https:\/\/editorialmediterrania.com\/es\/producto\/petita-historia-del-mnactec\/#primaryimage","url":"https:\/\/editorialmediterrania.com\/wp-content\/uploads\/2021\/02\/9788499796857.png","contentUrl":"https:\/\/editorialmediterrania.com\/wp-content\/uploads\/2021\/02\/9788499796857.png","width":743,"height":890,"caption":"Petita hist\u00f2ria del MNACTEC"},{"@type":"BreadcrumbList","@id":"https:\/\/editorialmediterrania.com\/es\/producto\/petita-historia-del-mnactec\/#breadcrumb","itemListElement":[{"@type":"ListItem","position":1,"name":"Tienda de libros infantiles de arte","item":"https:\/\/editorialmediterrania.com\/es\/tienda-de-libros-infantiles-arte\/"},{"@type":"ListItem","position":2,"name":"Petita hist\u00f2ria del MNACTEC"}]},{"@type":"WebSite","@id":"https:\/\/editorialmediterrania.com\/es\/#website","url":"https:\/\/editorialmediterrania.com\/es\/","name":"Editorial Mediterrania","description":"Llibres que t\u2019obriran nous mons","publisher":{"@id":"https:\/\/editorialmediterrania.com\/es\/#organization"},"alternateName":"Llibres infantils d'art, cultura i natura","potentialAction":[{"@type":"SearchAction","target":{"@type":"EntryPoint","urlTemplate":"https:\/\/editorialmediterrania.com\/es\/?s={search_term_string}"},"query-input":"required name=search_term_string"}],"inLanguage":"es"},{"@type":"Organization","@id":"https:\/\/editorialmediterrania.com\/es\/#organization","name":"Editorial Mediterrania","alternateName":"Llibres d'art, cultura i natura per infants i fam\u00edlies","url":"https:\/\/editorialmediterrania.com\/es\/","logo":{"@type":"ImageObject","inLanguage":"es","@id":"https:\/\/editorialmediterrania.com\/es\/#\/schema\/logo\/image\/","url":"https:\/\/editorialmediterrania.com\/wp-content\/uploads\/2023\/03\/LOGO-ED_MEDITERRANIA_OK-2.png","contentUrl":"https:\/\/editorialmediterrania.com\/wp-content\/uploads\/2023\/03\/LOGO-ED_MEDITERRANIA_OK-2.png","width":1200,"height":300,"caption":"Editorial Mediterrania"},"image":{"@id":"https:\/\/editorialmediterrania.com\/es\/#\/schema\/logo\/image\/"},"sameAs":["https:\/\/x.com\/edmediterrania","https:\/\/www.instagram.com\/editorialmediterrania\/"]}]}},"_links":{"self":[{"href":"https:\/\/editorialmediterrania.com\/es\/wp-json\/wp\/v2\/product\/34389","targetHints":{"allow":["GET"]}}],"collection":[{"href":"https:\/\/editorialmediterrania.com\/es\/wp-json\/wp\/v2\/product"}],"about":[{"href":"https:\/\/editorialmediterrania.com\/es\/wp-json\/wp\/v2\/types\/product"}],"wp:featuredmedia":[{"embeddable":true,"href":"https:\/\/editorialmediterrania.com\/es\/wp-json\/wp\/v2\/media\/34391"}],"wp:attachment":[{"href":"https:\/\/editorialmediterrania.com\/es\/wp-json\/wp\/v2\/media?parent=34389"}],"wp:term":[{"taxonomy":"product_cat","embeddable":true,"href":"https:\/\/editorialmediterrania.com\/es\/wp-json\/wp\/v2\/product_cat?post=34389"},{"taxonomy":"product_tag","embeddable":true,"href":"https:\/\/editorialmediterrania.com\/es\/wp-json\/wp\/v2\/product_tag?post=34389"},{"taxonomy":"autors","embeddable":true,"href":"https:\/\/editorialmediterrania.com\/es\/wp-json\/wp\/v2\/autors?post=34389"}],"curies":[{"name":"wp","href":"https:\/\/api.w.org\/{rel}","templated":true}]}}