{"id":34452,"date":"2021-02-08T12:43:52","date_gmt":"2021-02-08T11:43:52","guid":{"rendered":"http:\/\/localhost:8888\/mediterrania\/product\/pintemos-san-jorge\/"},"modified":"2023-05-16T15:55:07","modified_gmt":"2023-05-16T13:55:07","slug":"pintemos-sant-jordi","status":"publish","type":"product","link":"https:\/\/editorialmediterrania.com\/es\/producto\/pintemos-sant-jordi\/","title":{"rendered":"\u00a1Pintemos! Sant Jordi"},"content":{"rendered":"<p><em>Pintemos! Sant Jordi<\/em>\u00a0es un cuaderno ilustrado para que los m\u00e1s peque\u00f1os puedan divertirse coloreando al mismo tiempo que viven la leyenda de San Jorge. Todas las p\u00e1ginas dobles est\u00e1n planteadas con una parte en blanco y negro, para colorear, y una en color.<\/p>\n<p>La conocida ilustradora Pilar\u00edn Bay\u00e9s ha dibujado para esta ocasi\u00f3n diferentes escenas de la tradici\u00f3n m\u00e1s esperada por los amantes de la lectura: la fiesta del libro y la rosa!<\/p>\n","protected":false},"excerpt":{"rendered":"<p><em>Pintemos! Sant Jordi<\/em> es un cuaderno ilustrado para que los m\u00e1s peque\u00f1os puedan divertirse coloreando al mismo tiempo que viven la leyenda de San Jorge.<\/p>\n","protected":false},"featured_media":34444,"template":"","meta":[],"product_cat":[30,183],"product_tag":[6228,396,4376,5602,4545],"autors":[],"class_list":{"0":"post-34452","1":"product","2":"type-product","3":"status-publish","4":"has-post-thumbnail","6":"product_cat-editorial-mediterrania","7":"product_cat-pintemos","8":"product_tag-llibres-per-pintar-es","9":"product_tag-pilarin-bayes-es","10":"product_tag-pintor-es","11":"product_tag-sant-jordi-es","12":"product_tag-tradicions-es","14":"first","15":"instock","16":"featured","17":"purchasable","18":"product-type-simple","swatches":"rey-swatches","show_selected":""},"acf":[],"yoast_head":"<!-- This site is optimized with the Yoast SEO plugin v22.8 - https:\/\/yoast.com\/wordpress\/plugins\/seo\/ -->\n<title>\u00a1Pintemos! Sant Jordi. Editorial Mediterr\u00e0nia<\/title>\n<meta name=\"description\" content=\"La conocida ilustradora Pilar\u00edn Bay\u00e9s ha dibujado para esta ocasi\u00f3n diferentes escenas de la tradici\u00f3n m\u00e1s esperada por los amantes de la lectura: la fiesta del libro y la rosa!\" \/>\n<meta name=\"robots\" content=\"index, follow, max-snippet:-1, max-image-preview:large, max-video-preview:-1\" \/>\n<link rel=\"canonical\" href=\"https:\/\/editorialmediterrania.com\/es\/producto\/pintemos-sant-jordi\/\" \/>\n<meta property=\"og:locale\" content=\"es_ES\" \/>\n<meta property=\"og:type\" content=\"article\" \/>\n<meta property=\"og:title\" content=\"\u00a1Pintemos! Sant Jordi. Editorial Mediterr\u00e0nia\" \/>\n<meta property=\"og:description\" content=\"La conocida ilustradora Pilar\u00edn Bay\u00e9s ha dibujado para esta ocasi\u00f3n diferentes escenas de la tradici\u00f3n m\u00e1s esperada por los amantes de la lectura: la fiesta del libro y la rosa!\" \/>\n<meta property=\"og:url\" content=\"https:\/\/editorialmediterrania.com\/es\/producto\/pintemos-sant-jordi\/\" \/>\n<meta property=\"og:site_name\" content=\"Editorial Mediterr\u00e0nia\" \/>\n<meta property=\"article:modified_time\" content=\"2023-05-16T13:55:07+00:00\" \/>\n<meta property=\"og:image\" content=\"https:\/\/editorialmediterrania.com\/wp-content\/uploads\/2021\/02\/Coberta-Pintem-St-Jordi_BAIXA-scaled.jpg\" \/>\n\t<meta property=\"og:image:width\" content=\"2560\" \/>\n\t<meta property=\"og:image:height\" content=\"2556\" \/>\n\t<meta property=\"og:image:type\" content=\"image\/jpeg\" \/>\n<meta name=\"twitter:card\" content=\"summary_large_image\" \/>\n<meta name=\"twitter:site\" content=\"@edmediterrania\" \/>\n<script type=\"application\/ld+json\" class=\"yoast-schema-graph\">{\"@context\":\"https:\/\/schema.org\",\"@graph\":[{\"@type\":\"WebPage\",\"@id\":\"https:\/\/editorialmediterrania.com\/es\/producto\/pintemos-sant-jordi\/\",\"url\":\"https:\/\/editorialmediterrania.com\/es\/producto\/pintemos-sant-jordi\/\",\"name\":\"\u00a1Pintemos! Sant Jordi. Editorial Mediterr\u00e0nia\",\"isPartOf\":{\"@id\":\"https:\/\/editorialmediterrania.com\/es\/#website\"},\"primaryImageOfPage\":{\"@id\":\"https:\/\/editorialmediterrania.com\/es\/producto\/pintemos-sant-jordi\/#primaryimage\"},\"image\":{\"@id\":\"https:\/\/editorialmediterrania.com\/es\/producto\/pintemos-sant-jordi\/#primaryimage\"},\"thumbnailUrl\":\"https:\/\/editorialmediterrania.com\/wp-content\/uploads\/2021\/02\/Coberta-Pintem-St-Jordi_BAIXA-scaled.jpg\",\"datePublished\":\"2021-02-08T11:43:52+00:00\",\"dateModified\":\"2023-05-16T13:55:07+00:00\",\"description\":\"La conocida ilustradora Pilar\u00edn Bay\u00e9s ha dibujado para esta ocasi\u00f3n diferentes escenas de la tradici\u00f3n m\u00e1s esperada por los amantes de la lectura: la fiesta del libro y la rosa!\",\"breadcrumb\":{\"@id\":\"https:\/\/editorialmediterrania.com\/es\/producto\/pintemos-sant-jordi\/#breadcrumb\"},\"inLanguage\":\"es\",\"potentialAction\":[{\"@type\":\"ReadAction\",\"target\":[\"https:\/\/editorialmediterrania.com\/es\/producto\/pintemos-sant-jordi\/\"]}]},{\"@type\":\"ImageObject\",\"inLanguage\":\"es\",\"@id\":\"https:\/\/editorialmediterrania.com\/es\/producto\/pintemos-sant-jordi\/#primaryimage\",\"url\":\"https:\/\/editorialmediterrania.com\/wp-content\/uploads\/2021\/02\/Coberta-Pintem-St-Jordi_BAIXA-scaled.jpg\",\"contentUrl\":\"https:\/\/editorialmediterrania.com\/wp-content\/uploads\/2021\/02\/Coberta-Pintem-St-Jordi_BAIXA-scaled.jpg\",\"width\":2560,\"height\":2556,\"caption\":\"Pintem! Sant Jordi\"},{\"@type\":\"BreadcrumbList\",\"@id\":\"https:\/\/editorialmediterrania.com\/es\/producto\/pintemos-sant-jordi\/#breadcrumb\",\"itemListElement\":[{\"@type\":\"ListItem\",\"position\":1,\"name\":\"Tienda de libros infantiles de arte\",\"item\":\"https:\/\/editorialmediterrania.com\/es\/tienda-de-libros-infantiles-arte\/\"},{\"@type\":\"ListItem\",\"position\":2,\"name\":\"\u00a1Pintemos! Sant Jordi\"}]},{\"@type\":\"WebSite\",\"@id\":\"https:\/\/editorialmediterrania.com\/es\/#website\",\"url\":\"https:\/\/editorialmediterrania.com\/es\/\",\"name\":\"Editorial Mediterrania\",\"description\":\"Llibres que t\u2019obriran nous mons\",\"publisher\":{\"@id\":\"https:\/\/editorialmediterrania.com\/es\/#organization\"},\"alternateName\":\"Llibres infantils d'art, cultura i natura\",\"potentialAction\":[{\"@type\":\"SearchAction\",\"target\":{\"@type\":\"EntryPoint\",\"urlTemplate\":\"https:\/\/editorialmediterrania.com\/es\/?s={search_term_string}\"},\"query-input\":\"required name=search_term_string\"}],\"inLanguage\":\"es\"},{\"@type\":\"Organization\",\"@id\":\"https:\/\/editorialmediterrania.com\/es\/#organization\",\"name\":\"Editorial Mediterrania\",\"alternateName\":\"Llibres d'art, cultura i natura per infants i fam\u00edlies\",\"url\":\"https:\/\/editorialmediterrania.com\/es\/\",\"logo\":{\"@type\":\"ImageObject\",\"inLanguage\":\"es\",\"@id\":\"https:\/\/editorialmediterrania.com\/es\/#\/schema\/logo\/image\/\",\"url\":\"https:\/\/editorialmediterrania.com\/wp-content\/uploads\/2023\/03\/LOGO-ED_MEDITERRANIA_OK-2.png\",\"contentUrl\":\"https:\/\/editorialmediterrania.com\/wp-content\/uploads\/2023\/03\/LOGO-ED_MEDITERRANIA_OK-2.png\",\"width\":1200,\"height\":300,\"caption\":\"Editorial Mediterrania\"},\"image\":{\"@id\":\"https:\/\/editorialmediterrania.com\/es\/#\/schema\/logo\/image\/\"},\"sameAs\":[\"https:\/\/x.com\/edmediterrania\",\"https:\/\/www.instagram.com\/editorialmediterrania\/\"]}]}<\/script>\n<!-- \/ Yoast SEO plugin. -->","yoast_head_json":{"title":"\u00a1Pintemos! Sant Jordi. Editorial Mediterr\u00e0nia","description":"La conocida ilustradora Pilar\u00edn Bay\u00e9s ha dibujado para esta ocasi\u00f3n diferentes escenas de la tradici\u00f3n m\u00e1s esperada por los amantes de la lectura: la fiesta del libro y la rosa!","robots":{"index":"index","follow":"follow","max-snippet":"max-snippet:-1","max-image-preview":"max-image-preview:large","max-video-preview":"max-video-preview:-1"},"canonical":"https:\/\/editorialmediterrania.com\/es\/producto\/pintemos-sant-jordi\/","og_locale":"es_ES","og_type":"article","og_title":"\u00a1Pintemos! Sant Jordi. Editorial Mediterr\u00e0nia","og_description":"La conocida ilustradora Pilar\u00edn Bay\u00e9s ha dibujado para esta ocasi\u00f3n diferentes escenas de la tradici\u00f3n m\u00e1s esperada por los amantes de la lectura: la fiesta del libro y la rosa!","og_url":"https:\/\/editorialmediterrania.com\/es\/producto\/pintemos-sant-jordi\/","og_site_name":"Editorial Mediterr\u00e0nia","article_modified_time":"2023-05-16T13:55:07+00:00","og_image":[{"width":2560,"height":2556,"url":"https:\/\/editorialmediterrania.com\/wp-content\/uploads\/2021\/02\/Coberta-Pintem-St-Jordi_BAIXA-scaled.jpg","type":"image\/jpeg"}],"twitter_card":"summary_large_image","twitter_site":"@edmediterrania","schema":{"@context":"https:\/\/schema.org","@graph":[{"@type":"WebPage","@id":"https:\/\/editorialmediterrania.com\/es\/producto\/pintemos-sant-jordi\/","url":"https:\/\/editorialmediterrania.com\/es\/producto\/pintemos-sant-jordi\/","name":"\u00a1Pintemos! Sant Jordi. Editorial Mediterr\u00e0nia","isPartOf":{"@id":"https:\/\/editorialmediterrania.com\/es\/#website"},"primaryImageOfPage":{"@id":"https:\/\/editorialmediterrania.com\/es\/producto\/pintemos-sant-jordi\/#primaryimage"},"image":{"@id":"https:\/\/editorialmediterrania.com\/es\/producto\/pintemos-sant-jordi\/#primaryimage"},"thumbnailUrl":"https:\/\/editorialmediterrania.com\/wp-content\/uploads\/2021\/02\/Coberta-Pintem-St-Jordi_BAIXA-scaled.jpg","datePublished":"2021-02-08T11:43:52+00:00","dateModified":"2023-05-16T13:55:07+00:00","description":"La conocida ilustradora Pilar\u00edn Bay\u00e9s ha dibujado para esta ocasi\u00f3n diferentes escenas de la tradici\u00f3n m\u00e1s esperada por los amantes de la lectura: la fiesta del libro y la rosa!","breadcrumb":{"@id":"https:\/\/editorialmediterrania.com\/es\/producto\/pintemos-sant-jordi\/#breadcrumb"},"inLanguage":"es","potentialAction":[{"@type":"ReadAction","target":["https:\/\/editorialmediterrania.com\/es\/producto\/pintemos-sant-jordi\/"]}]},{"@type":"ImageObject","inLanguage":"es","@id":"https:\/\/editorialmediterrania.com\/es\/producto\/pintemos-sant-jordi\/#primaryimage","url":"https:\/\/editorialmediterrania.com\/wp-content\/uploads\/2021\/02\/Coberta-Pintem-St-Jordi_BAIXA-scaled.jpg","contentUrl":"https:\/\/editorialmediterrania.com\/wp-content\/uploads\/2021\/02\/Coberta-Pintem-St-Jordi_BAIXA-scaled.jpg","width":2560,"height":2556,"caption":"Pintem! Sant Jordi"},{"@type":"BreadcrumbList","@id":"https:\/\/editorialmediterrania.com\/es\/producto\/pintemos-sant-jordi\/#breadcrumb","itemListElement":[{"@type":"ListItem","position":1,"name":"Tienda de libros infantiles de arte","item":"https:\/\/editorialmediterrania.com\/es\/tienda-de-libros-infantiles-arte\/"},{"@type":"ListItem","position":2,"name":"\u00a1Pintemos! Sant Jordi"}]},{"@type":"WebSite","@id":"https:\/\/editorialmediterrania.com\/es\/#website","url":"https:\/\/editorialmediterrania.com\/es\/","name":"Editorial Mediterrania","description":"Llibres que t\u2019obriran nous mons","publisher":{"@id":"https:\/\/editorialmediterrania.com\/es\/#organization"},"alternateName":"Llibres infantils d'art, cultura i natura","potentialAction":[{"@type":"SearchAction","target":{"@type":"EntryPoint","urlTemplate":"https:\/\/editorialmediterrania.com\/es\/?s={search_term_string}"},"query-input":"required name=search_term_string"}],"inLanguage":"es"},{"@type":"Organization","@id":"https:\/\/editorialmediterrania.com\/es\/#organization","name":"Editorial Mediterrania","alternateName":"Llibres d'art, cultura i natura per infants i fam\u00edlies","url":"https:\/\/editorialmediterrania.com\/es\/","logo":{"@type":"ImageObject","inLanguage":"es","@id":"https:\/\/editorialmediterrania.com\/es\/#\/schema\/logo\/image\/","url":"https:\/\/editorialmediterrania.com\/wp-content\/uploads\/2023\/03\/LOGO-ED_MEDITERRANIA_OK-2.png","contentUrl":"https:\/\/editorialmediterrania.com\/wp-content\/uploads\/2023\/03\/LOGO-ED_MEDITERRANIA_OK-2.png","width":1200,"height":300,"caption":"Editorial Mediterrania"},"image":{"@id":"https:\/\/editorialmediterrania.com\/es\/#\/schema\/logo\/image\/"},"sameAs":["https:\/\/x.com\/edmediterrania","https:\/\/www.instagram.com\/editorialmediterrania\/"]}]}},"_links":{"self":[{"href":"https:\/\/editorialmediterrania.com\/es\/wp-json\/wp\/v2\/product\/34452","targetHints":{"allow":["GET"]}}],"collection":[{"href":"https:\/\/editorialmediterrania.com\/es\/wp-json\/wp\/v2\/product"}],"about":[{"href":"https:\/\/editorialmediterrania.com\/es\/wp-json\/wp\/v2\/types\/product"}],"wp:featuredmedia":[{"embeddable":true,"href":"https:\/\/editorialmediterrania.com\/es\/wp-json\/wp\/v2\/media\/34444"}],"wp:attachment":[{"href":"https:\/\/editorialmediterrania.com\/es\/wp-json\/wp\/v2\/media?parent=34452"}],"wp:term":[{"taxonomy":"product_cat","embeddable":true,"href":"https:\/\/editorialmediterrania.com\/es\/wp-json\/wp\/v2\/product_cat?post=34452"},{"taxonomy":"product_tag","embeddable":true,"href":"https:\/\/editorialmediterrania.com\/es\/wp-json\/wp\/v2\/product_tag?post=34452"},{"taxonomy":"autors","embeddable":true,"href":"https:\/\/editorialmediterrania.com\/es\/wp-json\/wp\/v2\/autors?post=34452"}],"curies":[{"name":"wp","href":"https:\/\/api.w.org\/{rel}","templated":true}]}}