{"id":34617,"date":"2021-04-20T14:43:57","date_gmt":"2021-04-20T12:43:57","guid":{"rendered":"http:\/\/localhost:8888\/mediterrania\/\/?post_type=product&#038;p=34617"},"modified":"2024-09-16T09:42:30","modified_gmt":"2024-09-16T07:42:30","slug":"petita-historia-de-rafael-patxot-i-jubert","status":"publish","type":"product","link":"https:\/\/editorialmediterrania.com\/es\/producto\/petita-historia-de-rafael-patxot-i-jubert\/","title":{"rendered":"Petita hist\u00f2ria de Rafael Patxot i Jubert"},"content":{"rendered":"<p>La Petita hist\u00f2ria de Rafael Patxot i Jubert \u00e9s un conte adre\u00e7at a explicar als m\u00e9s petits la vida i la traject\u00f2ria del mecenes i cient\u00edfic Rafael Patxot i Jubert, nascut a Sant Feliu de Gu\u00edxols el 1872. Patxot mostr\u00e0 una vocaci\u00f3 inicial per l&#8217;astronomia i la meteorologia. Posteriorment despleg\u00e0 una intensa activitat filantr\u00f2pica i humanista de foment i protecci\u00f3 de la cultura catalana, que el va convertir en un dels mecenes m\u00e9s importants que ha tingut Catalunya.<\/p>\n<p>El llibre recull els diversos escenaris de la seva vida: el Sant Feliu natal i l\u2019entorn familiar, l\u2019etapa de Barcelona i, finalment, el seu exili for\u00e7\u00f3s a Su\u00efssa, arran de la Guerra Civil espanyola, on va morir el 1964. En el conte hi podem recon\u00e8ixer perfectament, amb el tra\u00e7 expressiu i alhora personal\u00edssim de Pilar\u00edn Bay\u00e9s, escenaris t\u00edpicament guixolencs vinculats a la vida de Rafael Patxot i dels seus avantpassats, com la platja, l\u2019observatori i la casa Patxot, el Casino dels Nois o el conjunt arquitect\u00f2nic del monestir.<\/p>\n<p>La col\u00b7lecci\u00f3 de llibres infantils <a href=\"http:\/\/localhost:8888\/mediterrania\/\/coleccions\/infantil-juvenil-i-families\/col-leccions\/petites-histories\/\">Petites hist\u00f2ries<\/a> compta amb m\u00e9s de 330 t\u00edtols diferents, tots ells il\u00b7lustrats per Pilar\u00edn Bay\u00e9s. Gr\u00e0cies a aquesta col\u00b7lecci\u00f3, els nens i nenes de diverses generacions han pogut con\u00e8ixer els artistes, tradicions i indrets m\u00e9s destacats del nostre pa\u00eds, de manera divertida i amena.<\/p>\n","protected":false},"excerpt":{"rendered":"<p>La Petita hist\u00f2ria de Rafael Patxot i Jubert \u00e9s un conte per explicar als m\u00e9s petits la vida i la traject\u00f2ria del mecenes i cient\u00edfic Rafael Patxot i Jubert.<\/p>\n","protected":false},"featured_media":41296,"template":"","meta":[],"product_cat":[16,73],"product_tag":[6053,337,339,377,5981,5874,5875,4362],"autors":[],"class_list":{"0":"post-34617","1":"product","2":"type-product","3":"status-publish","4":"has-post-thumbnail","6":"product_cat-editorial-mediterrania","7":"product_cat-petites-histories","8":"product_tag-conte-infantil","9":"product_tag-libro-infantil","10":"product_tag-literatura","11":"product_tag-llibre-infantil","12":"product_tag-llibre-infantil-il-ustrat","13":"product_tag-museus","14":"product_tag-patrimoni-industrial","15":"product_tag-pilarin-bayes","17":"first","18":"outofstock","19":"purchasable","20":"product-type-simple","swatches":"rey-swatches","show_selected":""},"acf":[],"yoast_head":"<!-- This site is optimized with the Yoast SEO plugin v22.8 - https:\/\/yoast.com\/wordpress\/plugins\/seo\/ -->\n<title>Llibre infantil de Rafael Patxot i Jubert - Editorial Mediterr\u00e0nia<\/title>\n<meta name=\"description\" content=\"El llibre infantil La Petita hist\u00f2ria de Rafael Patxot i Jubert \u00e9s un conte per explicar als m\u00e9s petits la vida i la traject\u00f2ria del mecenes i cient\u00edfic Rafael Patxot i Jubert.\" \/>\n<meta name=\"robots\" content=\"index, follow, max-snippet:-1, max-image-preview:large, max-video-preview:-1\" \/>\n<link rel=\"canonical\" href=\"https:\/\/editorialmediterrania.com\/es\/producto\/petita-historia-de-rafael-patxot-i-jubert\/\" \/>\n<meta property=\"og:locale\" content=\"es_ES\" \/>\n<meta property=\"og:type\" content=\"article\" \/>\n<meta property=\"og:title\" content=\"Llibre infantil de Rafael Patxot i Jubert - Editorial Mediterr\u00e0nia\" \/>\n<meta property=\"og:description\" content=\"El llibre infantil La Petita hist\u00f2ria de Rafael Patxot i Jubert \u00e9s un conte per explicar als m\u00e9s petits la vida i la traject\u00f2ria del mecenes i cient\u00edfic Rafael Patxot i Jubert.\" \/>\n<meta property=\"og:url\" content=\"https:\/\/editorialmediterrania.com\/es\/producto\/petita-historia-de-rafael-patxot-i-jubert\/\" \/>\n<meta property=\"og:site_name\" content=\"Editorial Mediterr\u00e0nia\" \/>\n<meta property=\"article:modified_time\" content=\"2024-09-16T07:42:30+00:00\" \/>\n<meta property=\"og:image\" content=\"https:\/\/editorialmediterrania.com\/wp-content\/uploads\/2021\/04\/Captura-de-pantalla-2023-05-22-a-les-12.36.02-1.png\" \/>\n\t<meta property=\"og:image:width\" content=\"1218\" \/>\n\t<meta property=\"og:image:height\" content=\"1460\" \/>\n\t<meta property=\"og:image:type\" content=\"image\/png\" \/>\n<meta name=\"twitter:card\" content=\"summary_large_image\" \/>\n<meta name=\"twitter:site\" content=\"@edmediterrania\" \/>\n<meta name=\"twitter:label1\" content=\"Tiempo de lectura\" \/>\n\t<meta name=\"twitter:data1\" content=\"2 minutos\" \/>\n<script type=\"application\/ld+json\" class=\"yoast-schema-graph\">{\"@context\":\"https:\/\/schema.org\",\"@graph\":[{\"@type\":\"WebPage\",\"@id\":\"https:\/\/editorialmediterrania.com\/es\/producto\/petita-historia-de-rafael-patxot-i-jubert\/\",\"url\":\"https:\/\/editorialmediterrania.com\/es\/producto\/petita-historia-de-rafael-patxot-i-jubert\/\",\"name\":\"Llibre infantil de Rafael Patxot i Jubert - Editorial Mediterr\u00e0nia\",\"isPartOf\":{\"@id\":\"https:\/\/editorialmediterrania.com\/es\/#website\"},\"primaryImageOfPage\":{\"@id\":\"https:\/\/editorialmediterrania.com\/es\/producto\/petita-historia-de-rafael-patxot-i-jubert\/#primaryimage\"},\"image\":{\"@id\":\"https:\/\/editorialmediterrania.com\/es\/producto\/petita-historia-de-rafael-patxot-i-jubert\/#primaryimage\"},\"thumbnailUrl\":\"https:\/\/editorialmediterrania.com\/wp-content\/uploads\/2021\/04\/Captura-de-pantalla-2023-05-22-a-les-12.36.02-1.png\",\"datePublished\":\"2021-04-20T12:43:57+00:00\",\"dateModified\":\"2024-09-16T07:42:30+00:00\",\"description\":\"El llibre infantil La Petita hist\u00f2ria de Rafael Patxot i Jubert \u00e9s un conte per explicar als m\u00e9s petits la vida i la traject\u00f2ria del mecenes i cient\u00edfic Rafael Patxot i Jubert.\",\"breadcrumb\":{\"@id\":\"https:\/\/editorialmediterrania.com\/es\/producto\/petita-historia-de-rafael-patxot-i-jubert\/#breadcrumb\"},\"inLanguage\":\"es\",\"potentialAction\":[{\"@type\":\"ReadAction\",\"target\":[\"https:\/\/editorialmediterrania.com\/es\/producto\/petita-historia-de-rafael-patxot-i-jubert\/\"]}]},{\"@type\":\"ImageObject\",\"inLanguage\":\"es\",\"@id\":\"https:\/\/editorialmediterrania.com\/es\/producto\/petita-historia-de-rafael-patxot-i-jubert\/#primaryimage\",\"url\":\"https:\/\/editorialmediterrania.com\/wp-content\/uploads\/2021\/04\/Captura-de-pantalla-2023-05-22-a-les-12.36.02-1.png\",\"contentUrl\":\"https:\/\/editorialmediterrania.com\/wp-content\/uploads\/2021\/04\/Captura-de-pantalla-2023-05-22-a-les-12.36.02-1.png\",\"width\":1218,\"height\":1460},{\"@type\":\"BreadcrumbList\",\"@id\":\"https:\/\/editorialmediterrania.com\/es\/producto\/petita-historia-de-rafael-patxot-i-jubert\/#breadcrumb\",\"itemListElement\":[{\"@type\":\"ListItem\",\"position\":1,\"name\":\"Tienda de libros infantiles de arte\",\"item\":\"https:\/\/editorialmediterrania.com\/es\/tienda-de-libros-infantiles-arte\/\"},{\"@type\":\"ListItem\",\"position\":2,\"name\":\"Petita hist\u00f2ria de Rafael Patxot i Jubert\"}]},{\"@type\":\"WebSite\",\"@id\":\"https:\/\/editorialmediterrania.com\/es\/#website\",\"url\":\"https:\/\/editorialmediterrania.com\/es\/\",\"name\":\"Editorial Mediterrania\",\"description\":\"Llibres que t\u2019obriran nous mons\",\"publisher\":{\"@id\":\"https:\/\/editorialmediterrania.com\/es\/#organization\"},\"alternateName\":\"Llibres infantils d'art, cultura i natura\",\"potentialAction\":[{\"@type\":\"SearchAction\",\"target\":{\"@type\":\"EntryPoint\",\"urlTemplate\":\"https:\/\/editorialmediterrania.com\/es\/?s={search_term_string}\"},\"query-input\":\"required name=search_term_string\"}],\"inLanguage\":\"es\"},{\"@type\":\"Organization\",\"@id\":\"https:\/\/editorialmediterrania.com\/es\/#organization\",\"name\":\"Editorial Mediterrania\",\"alternateName\":\"Llibres d'art, cultura i natura per infants i fam\u00edlies\",\"url\":\"https:\/\/editorialmediterrania.com\/es\/\",\"logo\":{\"@type\":\"ImageObject\",\"inLanguage\":\"es\",\"@id\":\"https:\/\/editorialmediterrania.com\/es\/#\/schema\/logo\/image\/\",\"url\":\"https:\/\/editorialmediterrania.com\/wp-content\/uploads\/2023\/03\/LOGO-ED_MEDITERRANIA_OK-2.png\",\"contentUrl\":\"https:\/\/editorialmediterrania.com\/wp-content\/uploads\/2023\/03\/LOGO-ED_MEDITERRANIA_OK-2.png\",\"width\":1200,\"height\":300,\"caption\":\"Editorial Mediterrania\"},\"image\":{\"@id\":\"https:\/\/editorialmediterrania.com\/es\/#\/schema\/logo\/image\/\"},\"sameAs\":[\"https:\/\/x.com\/edmediterrania\",\"https:\/\/www.instagram.com\/editorialmediterrania\/\"]}]}<\/script>\n<!-- \/ Yoast SEO plugin. -->","yoast_head_json":{"title":"Llibre infantil de Rafael Patxot i Jubert - Editorial Mediterr\u00e0nia","description":"El llibre infantil La Petita hist\u00f2ria de Rafael Patxot i Jubert \u00e9s un conte per explicar als m\u00e9s petits la vida i la traject\u00f2ria del mecenes i cient\u00edfic Rafael Patxot i Jubert.","robots":{"index":"index","follow":"follow","max-snippet":"max-snippet:-1","max-image-preview":"max-image-preview:large","max-video-preview":"max-video-preview:-1"},"canonical":"https:\/\/editorialmediterrania.com\/es\/producto\/petita-historia-de-rafael-patxot-i-jubert\/","og_locale":"es_ES","og_type":"article","og_title":"Llibre infantil de Rafael Patxot i Jubert - Editorial Mediterr\u00e0nia","og_description":"El llibre infantil La Petita hist\u00f2ria de Rafael Patxot i Jubert \u00e9s un conte per explicar als m\u00e9s petits la vida i la traject\u00f2ria del mecenes i cient\u00edfic Rafael Patxot i Jubert.","og_url":"https:\/\/editorialmediterrania.com\/es\/producto\/petita-historia-de-rafael-patxot-i-jubert\/","og_site_name":"Editorial Mediterr\u00e0nia","article_modified_time":"2024-09-16T07:42:30+00:00","og_image":[{"width":1218,"height":1460,"url":"https:\/\/editorialmediterrania.com\/wp-content\/uploads\/2021\/04\/Captura-de-pantalla-2023-05-22-a-les-12.36.02-1.png","type":"image\/png"}],"twitter_card":"summary_large_image","twitter_site":"@edmediterrania","twitter_misc":{"Tiempo de lectura":"2 minutos"},"schema":{"@context":"https:\/\/schema.org","@graph":[{"@type":"WebPage","@id":"https:\/\/editorialmediterrania.com\/es\/producto\/petita-historia-de-rafael-patxot-i-jubert\/","url":"https:\/\/editorialmediterrania.com\/es\/producto\/petita-historia-de-rafael-patxot-i-jubert\/","name":"Llibre infantil de Rafael Patxot i Jubert - Editorial Mediterr\u00e0nia","isPartOf":{"@id":"https:\/\/editorialmediterrania.com\/es\/#website"},"primaryImageOfPage":{"@id":"https:\/\/editorialmediterrania.com\/es\/producto\/petita-historia-de-rafael-patxot-i-jubert\/#primaryimage"},"image":{"@id":"https:\/\/editorialmediterrania.com\/es\/producto\/petita-historia-de-rafael-patxot-i-jubert\/#primaryimage"},"thumbnailUrl":"https:\/\/editorialmediterrania.com\/wp-content\/uploads\/2021\/04\/Captura-de-pantalla-2023-05-22-a-les-12.36.02-1.png","datePublished":"2021-04-20T12:43:57+00:00","dateModified":"2024-09-16T07:42:30+00:00","description":"El llibre infantil La Petita hist\u00f2ria de Rafael Patxot i Jubert \u00e9s un conte per explicar als m\u00e9s petits la vida i la traject\u00f2ria del mecenes i cient\u00edfic Rafael Patxot i Jubert.","breadcrumb":{"@id":"https:\/\/editorialmediterrania.com\/es\/producto\/petita-historia-de-rafael-patxot-i-jubert\/#breadcrumb"},"inLanguage":"es","potentialAction":[{"@type":"ReadAction","target":["https:\/\/editorialmediterrania.com\/es\/producto\/petita-historia-de-rafael-patxot-i-jubert\/"]}]},{"@type":"ImageObject","inLanguage":"es","@id":"https:\/\/editorialmediterrania.com\/es\/producto\/petita-historia-de-rafael-patxot-i-jubert\/#primaryimage","url":"https:\/\/editorialmediterrania.com\/wp-content\/uploads\/2021\/04\/Captura-de-pantalla-2023-05-22-a-les-12.36.02-1.png","contentUrl":"https:\/\/editorialmediterrania.com\/wp-content\/uploads\/2021\/04\/Captura-de-pantalla-2023-05-22-a-les-12.36.02-1.png","width":1218,"height":1460},{"@type":"BreadcrumbList","@id":"https:\/\/editorialmediterrania.com\/es\/producto\/petita-historia-de-rafael-patxot-i-jubert\/#breadcrumb","itemListElement":[{"@type":"ListItem","position":1,"name":"Tienda de libros infantiles de arte","item":"https:\/\/editorialmediterrania.com\/es\/tienda-de-libros-infantiles-arte\/"},{"@type":"ListItem","position":2,"name":"Petita hist\u00f2ria de Rafael Patxot i Jubert"}]},{"@type":"WebSite","@id":"https:\/\/editorialmediterrania.com\/es\/#website","url":"https:\/\/editorialmediterrania.com\/es\/","name":"Editorial Mediterrania","description":"Llibres que t\u2019obriran nous mons","publisher":{"@id":"https:\/\/editorialmediterrania.com\/es\/#organization"},"alternateName":"Llibres infantils d'art, cultura i natura","potentialAction":[{"@type":"SearchAction","target":{"@type":"EntryPoint","urlTemplate":"https:\/\/editorialmediterrania.com\/es\/?s={search_term_string}"},"query-input":"required name=search_term_string"}],"inLanguage":"es"},{"@type":"Organization","@id":"https:\/\/editorialmediterrania.com\/es\/#organization","name":"Editorial Mediterrania","alternateName":"Llibres d'art, cultura i natura per infants i fam\u00edlies","url":"https:\/\/editorialmediterrania.com\/es\/","logo":{"@type":"ImageObject","inLanguage":"es","@id":"https:\/\/editorialmediterrania.com\/es\/#\/schema\/logo\/image\/","url":"https:\/\/editorialmediterrania.com\/wp-content\/uploads\/2023\/03\/LOGO-ED_MEDITERRANIA_OK-2.png","contentUrl":"https:\/\/editorialmediterrania.com\/wp-content\/uploads\/2023\/03\/LOGO-ED_MEDITERRANIA_OK-2.png","width":1200,"height":300,"caption":"Editorial Mediterrania"},"image":{"@id":"https:\/\/editorialmediterrania.com\/es\/#\/schema\/logo\/image\/"},"sameAs":["https:\/\/x.com\/edmediterrania","https:\/\/www.instagram.com\/editorialmediterrania\/"]}]}},"_links":{"self":[{"href":"https:\/\/editorialmediterrania.com\/es\/wp-json\/wp\/v2\/product\/34617","targetHints":{"allow":["GET"]}}],"collection":[{"href":"https:\/\/editorialmediterrania.com\/es\/wp-json\/wp\/v2\/product"}],"about":[{"href":"https:\/\/editorialmediterrania.com\/es\/wp-json\/wp\/v2\/types\/product"}],"wp:featuredmedia":[{"embeddable":true,"href":"https:\/\/editorialmediterrania.com\/es\/wp-json\/wp\/v2\/media\/41296"}],"wp:attachment":[{"href":"https:\/\/editorialmediterrania.com\/es\/wp-json\/wp\/v2\/media?parent=34617"}],"wp:term":[{"taxonomy":"product_cat","embeddable":true,"href":"https:\/\/editorialmediterrania.com\/es\/wp-json\/wp\/v2\/product_cat?post=34617"},{"taxonomy":"product_tag","embeddable":true,"href":"https:\/\/editorialmediterrania.com\/es\/wp-json\/wp\/v2\/product_tag?post=34617"},{"taxonomy":"autors","embeddable":true,"href":"https:\/\/editorialmediterrania.com\/es\/wp-json\/wp\/v2\/autors?post=34617"}],"curies":[{"name":"wp","href":"https:\/\/api.w.org\/{rel}","templated":true}]}}