{"id":34927,"date":"2021-05-27T10:18:40","date_gmt":"2021-05-27T08:18:40","guid":{"rendered":"http:\/\/localhost:8888\/mediterrania\/\/?post_type=product&#038;p=34927"},"modified":"2025-07-29T10:44:11","modified_gmt":"2025-07-29T08:44:11","slug":"pintem-un-any-fent-festa","status":"publish","type":"product","link":"https:\/\/editorialmediterrania.com\/es\/producto\/pintem-un-any-fent-festa\/","title":{"rendered":"Pintem! Un any fent festa"},"content":{"rendered":"<p><em>Pintem! Un any fent festa<\/em> \u00e9s un quadern il\u00b7lustrat perqu\u00e8 els m\u00e9s petits de casa puguin divertir-se acolorint-lo, al mateix temps que viuen les festes que es celebren a la Vila de Gr\u00e0cia de Barcelona.<br \/>\nLa J\u00falia i l\u2019Arnau viuen a la Vila de Gr\u00e0cia i s\u00f3n de fam\u00edlia festera. I qu\u00e8 vol dir? Doncs que els agrada molt compartir estones amb el ve\u00efnat del seu carrer i preparen plegats festes i activitats. T\u2019apuntes a seguir-los al llarg d\u2019un any?<\/p>\n<p>Un quadern il\u00b7lustrat perqu\u00e8 els m\u00e9s petits de casa puguin divertir-se acolorint-lo, al mateix temps que viuen les festes que es celebren a la Vila de Gr\u00e0cia.<\/p>\n<p>&nbsp;<\/p>\n","protected":false},"excerpt":{"rendered":"<p>Pintem! Un any fent festa \u00e9s un quadern il\u00b7lustrat perqu\u00e8 els m\u00e9s petits de casa puguin divertir-se acolorint-lo, al mateix temps que viuen les festes que es celebren a la Vila de Gr\u00e0cia de Barcelona. La J\u00falia i l\u2019Arnau viuen a la Vila de Gr\u00e0cia i s\u00f3n de fam\u00edlia festera. I qu\u00e8 vol dir? Doncs [&hellip;]<\/p>\n","protected":false},"featured_media":34921,"template":"","meta":[],"product_cat":[16,4363,319],"product_tag":[4550,6220,5919,365,5918,5920,1196],"autors":[],"class_list":{"0":"post-34927","1":"product","2":"type-product","3":"status-publish","4":"has-post-thumbnail","6":"product_cat-editorial-mediterrania","7":"product_cat-pintem","8":"product_cat-tradicions","9":"product_tag-cultura-popular","10":"product_tag-fundacio-festa-major-de-gracia","11":"product_tag-llibres-per-pintar","12":"product_tag-pintem","13":"product_tag-quadern-il-lustrat","14":"product_tag-quaderns-per-pintar","15":"product_tag-tradicions","17":"first","18":"instock","19":"purchasable","20":"product-type-simple","swatches":"rey-swatches","show_selected":""},"acf":[],"yoast_head":"<!-- This site is optimized with the Yoast SEO plugin v22.8 - https:\/\/yoast.com\/wordpress\/plugins\/seo\/ -->\n<title>Pintem! Un any fent festa a la Vila de Gr\u00e0cia | Editorial Mediterr\u00e0nia<\/title>\n<meta name=\"description\" content=\"Un quadern il\u00b7lustrat perqu\u00e8 els m\u00e9s petits de casa puguin divertir-se acolorint-lo, al mateix temps que viuen les festes que es celebren a la Vila de Gr\u00e0cia.\" \/>\n<meta name=\"robots\" content=\"index, follow, max-snippet:-1, max-image-preview:large, max-video-preview:-1\" \/>\n<link rel=\"canonical\" href=\"https:\/\/editorialmediterrania.com\/es\/producto\/pintem-un-any-fent-festa\/\" \/>\n<meta property=\"og:locale\" content=\"es_ES\" \/>\n<meta property=\"og:type\" content=\"article\" \/>\n<meta property=\"og:title\" content=\"Pintem! Un any fent festa a la Vila de Gr\u00e0cia | Editorial Mediterr\u00e0nia\" \/>\n<meta property=\"og:description\" content=\"Un quadern il\u00b7lustrat perqu\u00e8 els m\u00e9s petits de casa puguin divertir-se acolorint-lo, al mateix temps que viuen les festes que es celebren a la Vila de Gr\u00e0cia.\" \/>\n<meta property=\"og:url\" content=\"https:\/\/editorialmediterrania.com\/es\/producto\/pintem-un-any-fent-festa\/\" \/>\n<meta property=\"og:site_name\" content=\"Editorial Mediterr\u00e0nia\" \/>\n<meta property=\"article:modified_time\" content=\"2025-07-29T08:44:11+00:00\" \/>\n<meta property=\"og:image\" content=\"https:\/\/editorialmediterrania.com\/wp-content\/uploads\/2021\/05\/9788499796963-scaled.jpg\" \/>\n\t<meta property=\"og:image:width\" content=\"2560\" \/>\n\t<meta property=\"og:image:height\" content=\"2560\" \/>\n\t<meta property=\"og:image:type\" content=\"image\/jpeg\" \/>\n<meta name=\"twitter:card\" content=\"summary_large_image\" \/>\n<meta name=\"twitter:site\" content=\"@edmediterrania\" \/>\n<meta name=\"twitter:label1\" content=\"Tiempo de lectura\" \/>\n\t<meta name=\"twitter:data1\" content=\"1 minuto\" \/>\n<script type=\"application\/ld+json\" class=\"yoast-schema-graph\">{\"@context\":\"https:\/\/schema.org\",\"@graph\":[{\"@type\":\"WebPage\",\"@id\":\"https:\/\/editorialmediterrania.com\/es\/producto\/pintem-un-any-fent-festa\/\",\"url\":\"https:\/\/editorialmediterrania.com\/es\/producto\/pintem-un-any-fent-festa\/\",\"name\":\"Pintem! Un any fent festa a la Vila de Gr\u00e0cia | Editorial Mediterr\u00e0nia\",\"isPartOf\":{\"@id\":\"https:\/\/editorialmediterrania.com\/es\/#website\"},\"primaryImageOfPage\":{\"@id\":\"https:\/\/editorialmediterrania.com\/es\/producto\/pintem-un-any-fent-festa\/#primaryimage\"},\"image\":{\"@id\":\"https:\/\/editorialmediterrania.com\/es\/producto\/pintem-un-any-fent-festa\/#primaryimage\"},\"thumbnailUrl\":\"https:\/\/editorialmediterrania.com\/wp-content\/uploads\/2021\/05\/9788499796963-scaled.jpg\",\"datePublished\":\"2021-05-27T08:18:40+00:00\",\"dateModified\":\"2025-07-29T08:44:11+00:00\",\"description\":\"Un quadern il\u00b7lustrat perqu\u00e8 els m\u00e9s petits de casa puguin divertir-se acolorint-lo, al mateix temps que viuen les festes que es celebren a la Vila de Gr\u00e0cia.\",\"breadcrumb\":{\"@id\":\"https:\/\/editorialmediterrania.com\/es\/producto\/pintem-un-any-fent-festa\/#breadcrumb\"},\"inLanguage\":\"es\",\"potentialAction\":[{\"@type\":\"ReadAction\",\"target\":[\"https:\/\/editorialmediterrania.com\/es\/producto\/pintem-un-any-fent-festa\/\"]}]},{\"@type\":\"ImageObject\",\"inLanguage\":\"es\",\"@id\":\"https:\/\/editorialmediterrania.com\/es\/producto\/pintem-un-any-fent-festa\/#primaryimage\",\"url\":\"https:\/\/editorialmediterrania.com\/wp-content\/uploads\/2021\/05\/9788499796963-scaled.jpg\",\"contentUrl\":\"https:\/\/editorialmediterrania.com\/wp-content\/uploads\/2021\/05\/9788499796963-scaled.jpg\",\"width\":2560,\"height\":2560},{\"@type\":\"BreadcrumbList\",\"@id\":\"https:\/\/editorialmediterrania.com\/es\/producto\/pintem-un-any-fent-festa\/#breadcrumb\",\"itemListElement\":[{\"@type\":\"ListItem\",\"position\":1,\"name\":\"Tienda de libros infantiles de arte\",\"item\":\"https:\/\/editorialmediterrania.com\/es\/tienda-de-libros-infantiles-arte\/\"},{\"@type\":\"ListItem\",\"position\":2,\"name\":\"Pintem! Un any fent festa\"}]},{\"@type\":\"WebSite\",\"@id\":\"https:\/\/editorialmediterrania.com\/es\/#website\",\"url\":\"https:\/\/editorialmediterrania.com\/es\/\",\"name\":\"Editorial Mediterrania\",\"description\":\"Llibres que t\u2019obriran nous mons\",\"publisher\":{\"@id\":\"https:\/\/editorialmediterrania.com\/es\/#organization\"},\"alternateName\":\"Llibres infantils d'art, cultura i natura\",\"potentialAction\":[{\"@type\":\"SearchAction\",\"target\":{\"@type\":\"EntryPoint\",\"urlTemplate\":\"https:\/\/editorialmediterrania.com\/es\/?s={search_term_string}\"},\"query-input\":\"required name=search_term_string\"}],\"inLanguage\":\"es\"},{\"@type\":\"Organization\",\"@id\":\"https:\/\/editorialmediterrania.com\/es\/#organization\",\"name\":\"Editorial Mediterrania\",\"alternateName\":\"Llibres d'art, cultura i natura per infants i fam\u00edlies\",\"url\":\"https:\/\/editorialmediterrania.com\/es\/\",\"logo\":{\"@type\":\"ImageObject\",\"inLanguage\":\"es\",\"@id\":\"https:\/\/editorialmediterrania.com\/es\/#\/schema\/logo\/image\/\",\"url\":\"https:\/\/editorialmediterrania.com\/wp-content\/uploads\/2023\/03\/LOGO-ED_MEDITERRANIA_OK-2.png\",\"contentUrl\":\"https:\/\/editorialmediterrania.com\/wp-content\/uploads\/2023\/03\/LOGO-ED_MEDITERRANIA_OK-2.png\",\"width\":1200,\"height\":300,\"caption\":\"Editorial Mediterrania\"},\"image\":{\"@id\":\"https:\/\/editorialmediterrania.com\/es\/#\/schema\/logo\/image\/\"},\"sameAs\":[\"https:\/\/x.com\/edmediterrania\",\"https:\/\/www.instagram.com\/editorialmediterrania\/\"]}]}<\/script>\n<!-- \/ Yoast SEO plugin. -->","yoast_head_json":{"title":"Pintem! Un any fent festa a la Vila de Gr\u00e0cia | Editorial Mediterr\u00e0nia","description":"Un quadern il\u00b7lustrat perqu\u00e8 els m\u00e9s petits de casa puguin divertir-se acolorint-lo, al mateix temps que viuen les festes que es celebren a la Vila de Gr\u00e0cia.","robots":{"index":"index","follow":"follow","max-snippet":"max-snippet:-1","max-image-preview":"max-image-preview:large","max-video-preview":"max-video-preview:-1"},"canonical":"https:\/\/editorialmediterrania.com\/es\/producto\/pintem-un-any-fent-festa\/","og_locale":"es_ES","og_type":"article","og_title":"Pintem! Un any fent festa a la Vila de Gr\u00e0cia | Editorial Mediterr\u00e0nia","og_description":"Un quadern il\u00b7lustrat perqu\u00e8 els m\u00e9s petits de casa puguin divertir-se acolorint-lo, al mateix temps que viuen les festes que es celebren a la Vila de Gr\u00e0cia.","og_url":"https:\/\/editorialmediterrania.com\/es\/producto\/pintem-un-any-fent-festa\/","og_site_name":"Editorial Mediterr\u00e0nia","article_modified_time":"2025-07-29T08:44:11+00:00","og_image":[{"width":2560,"height":2560,"url":"https:\/\/editorialmediterrania.com\/wp-content\/uploads\/2021\/05\/9788499796963-scaled.jpg","type":"image\/jpeg"}],"twitter_card":"summary_large_image","twitter_site":"@edmediterrania","twitter_misc":{"Tiempo de lectura":"1 minuto"},"schema":{"@context":"https:\/\/schema.org","@graph":[{"@type":"WebPage","@id":"https:\/\/editorialmediterrania.com\/es\/producto\/pintem-un-any-fent-festa\/","url":"https:\/\/editorialmediterrania.com\/es\/producto\/pintem-un-any-fent-festa\/","name":"Pintem! Un any fent festa a la Vila de Gr\u00e0cia | Editorial Mediterr\u00e0nia","isPartOf":{"@id":"https:\/\/editorialmediterrania.com\/es\/#website"},"primaryImageOfPage":{"@id":"https:\/\/editorialmediterrania.com\/es\/producto\/pintem-un-any-fent-festa\/#primaryimage"},"image":{"@id":"https:\/\/editorialmediterrania.com\/es\/producto\/pintem-un-any-fent-festa\/#primaryimage"},"thumbnailUrl":"https:\/\/editorialmediterrania.com\/wp-content\/uploads\/2021\/05\/9788499796963-scaled.jpg","datePublished":"2021-05-27T08:18:40+00:00","dateModified":"2025-07-29T08:44:11+00:00","description":"Un quadern il\u00b7lustrat perqu\u00e8 els m\u00e9s petits de casa puguin divertir-se acolorint-lo, al mateix temps que viuen les festes que es celebren a la Vila de Gr\u00e0cia.","breadcrumb":{"@id":"https:\/\/editorialmediterrania.com\/es\/producto\/pintem-un-any-fent-festa\/#breadcrumb"},"inLanguage":"es","potentialAction":[{"@type":"ReadAction","target":["https:\/\/editorialmediterrania.com\/es\/producto\/pintem-un-any-fent-festa\/"]}]},{"@type":"ImageObject","inLanguage":"es","@id":"https:\/\/editorialmediterrania.com\/es\/producto\/pintem-un-any-fent-festa\/#primaryimage","url":"https:\/\/editorialmediterrania.com\/wp-content\/uploads\/2021\/05\/9788499796963-scaled.jpg","contentUrl":"https:\/\/editorialmediterrania.com\/wp-content\/uploads\/2021\/05\/9788499796963-scaled.jpg","width":2560,"height":2560},{"@type":"BreadcrumbList","@id":"https:\/\/editorialmediterrania.com\/es\/producto\/pintem-un-any-fent-festa\/#breadcrumb","itemListElement":[{"@type":"ListItem","position":1,"name":"Tienda de libros infantiles de arte","item":"https:\/\/editorialmediterrania.com\/es\/tienda-de-libros-infantiles-arte\/"},{"@type":"ListItem","position":2,"name":"Pintem! Un any fent festa"}]},{"@type":"WebSite","@id":"https:\/\/editorialmediterrania.com\/es\/#website","url":"https:\/\/editorialmediterrania.com\/es\/","name":"Editorial Mediterrania","description":"Llibres que t\u2019obriran nous mons","publisher":{"@id":"https:\/\/editorialmediterrania.com\/es\/#organization"},"alternateName":"Llibres infantils d'art, cultura i natura","potentialAction":[{"@type":"SearchAction","target":{"@type":"EntryPoint","urlTemplate":"https:\/\/editorialmediterrania.com\/es\/?s={search_term_string}"},"query-input":"required name=search_term_string"}],"inLanguage":"es"},{"@type":"Organization","@id":"https:\/\/editorialmediterrania.com\/es\/#organization","name":"Editorial Mediterrania","alternateName":"Llibres d'art, cultura i natura per infants i fam\u00edlies","url":"https:\/\/editorialmediterrania.com\/es\/","logo":{"@type":"ImageObject","inLanguage":"es","@id":"https:\/\/editorialmediterrania.com\/es\/#\/schema\/logo\/image\/","url":"https:\/\/editorialmediterrania.com\/wp-content\/uploads\/2023\/03\/LOGO-ED_MEDITERRANIA_OK-2.png","contentUrl":"https:\/\/editorialmediterrania.com\/wp-content\/uploads\/2023\/03\/LOGO-ED_MEDITERRANIA_OK-2.png","width":1200,"height":300,"caption":"Editorial Mediterrania"},"image":{"@id":"https:\/\/editorialmediterrania.com\/es\/#\/schema\/logo\/image\/"},"sameAs":["https:\/\/x.com\/edmediterrania","https:\/\/www.instagram.com\/editorialmediterrania\/"]}]}},"_links":{"self":[{"href":"https:\/\/editorialmediterrania.com\/es\/wp-json\/wp\/v2\/product\/34927","targetHints":{"allow":["GET"]}}],"collection":[{"href":"https:\/\/editorialmediterrania.com\/es\/wp-json\/wp\/v2\/product"}],"about":[{"href":"https:\/\/editorialmediterrania.com\/es\/wp-json\/wp\/v2\/types\/product"}],"wp:featuredmedia":[{"embeddable":true,"href":"https:\/\/editorialmediterrania.com\/es\/wp-json\/wp\/v2\/media\/34921"}],"wp:attachment":[{"href":"https:\/\/editorialmediterrania.com\/es\/wp-json\/wp\/v2\/media?parent=34927"}],"wp:term":[{"taxonomy":"product_cat","embeddable":true,"href":"https:\/\/editorialmediterrania.com\/es\/wp-json\/wp\/v2\/product_cat?post=34927"},{"taxonomy":"product_tag","embeddable":true,"href":"https:\/\/editorialmediterrania.com\/es\/wp-json\/wp\/v2\/product_tag?post=34927"},{"taxonomy":"autors","embeddable":true,"href":"https:\/\/editorialmediterrania.com\/es\/wp-json\/wp\/v2\/autors?post=34927"}],"curies":[{"name":"wp","href":"https:\/\/api.w.org\/{rel}","templated":true}]}}