{"id":35062,"date":"2021-08-02T08:34:38","date_gmt":"2021-08-02T06:34:38","guid":{"rendered":"http:\/\/localhost:8888\/mediterrania\/\/?post_type=product&#038;p=35062"},"modified":"2025-03-11T11:12:45","modified_gmt":"2025-03-11T10:12:45","slug":"el-arte-menudo-puntazo-2","status":"publish","type":"product","link":"https:\/\/editorialmediterrania.com\/es\/producto\/el-arte-menudo-puntazo-2\/","title":{"rendered":"El arte, \u00a1menudo puntazo!"},"content":{"rendered":"<p>El punto es el inicio de toda creaci\u00f3n y, a pesar de que pueda parecer muy poca cosa, es el origen de much\u00edsimas obras de arte.<\/p>\n<p>Los puntos pueden ser peque\u00f1os y senzillos. Se pueden deformar y se pueden hacer grandes como las redondas. Pueden estar vac\u00edos como los c\u00edrculos, o llenos y tener texturas diversas. Tambi\u00e9n los pueden atravesar l\u00edneas u otras formas geom\u00e9tricas.<\/p>\n<p>En esta gu\u00eda pr\u00e1ctica descubrir\u00e1s como diez artistas diferentes usan el punto en sus obras, dispondr\u00e1s de un espacio de creaci\u00f3n para aprender su t\u00e9cnica y practicar a partir de un mont\u00f3n de propuestas interesantes. \u00bfTe apuntas?<\/p>\n<blockquote><p>Diez artistas de renombre internacional como Paul Klee, Yayoi Kusama, Vassili Kandinsky o Hilma af Klint, \u00a1y espacio dentro del libro para hacer tus propios cuadros!<\/p><\/blockquote>\n","protected":false},"excerpt":{"rendered":"<p>Diez artistas de renombre internacional como Paul Klee, Yayoi Kusama, Vassili Kandinsky o Hilma af Klint, \u00a1y espacio dentro del libro para hacer tus propios cuadros!<\/p>\n","protected":false},"featured_media":40904,"template":"","meta":[],"product_cat":[6495,30,28],"product_tag":[6017,4324,6228],"autors":[],"class_list":{"0":"post-35062","1":"product","2":"type-product","3":"status-publish","4":"has-post-thumbnail","6":"product_cat-outlet-es","7":"product_cat-editorial-mediterrania","8":"product_cat-arte-en-familia","9":"product_tag-contes-infantils-es","10":"product_tag-klee-es","11":"product_tag-llibres-per-pintar-es","13":"first","14":"instock","15":"sale","16":"purchasable","17":"product-type-variable","18":"has-default-attributes","swatches":"rey-swatches","show_selected":""},"acf":[],"yoast_head":"<!-- This site is optimized with the Yoast SEO plugin v22.8 - https:\/\/yoast.com\/wordpress\/plugins\/seo\/ -->\n<title>El arte, \u00a1menudo puntazo! - Editorial Mediterr\u00e0nia<\/title>\n<meta name=\"description\" content=\"Diez artistas de renombre internacional como Paul Klee, Yayoi Kusama, Vassili Kandinsky o Hilma af Klint, \u00a1y espacio dentro del libro para hacer tus propios cuadros!\" \/>\n<meta name=\"robots\" content=\"index, follow, max-snippet:-1, max-image-preview:large, max-video-preview:-1\" \/>\n<link rel=\"canonical\" href=\"https:\/\/editorialmediterrania.com\/es\/producto\/el-arte-menudo-puntazo-2\/\" \/>\n<meta property=\"og:locale\" content=\"es_ES\" \/>\n<meta property=\"og:type\" content=\"article\" \/>\n<meta property=\"og:title\" content=\"El arte, \u00a1menudo puntazo! - Editorial Mediterr\u00e0nia\" \/>\n<meta property=\"og:description\" content=\"Diez artistas de renombre internacional como Paul Klee, Yayoi Kusama, Vassili Kandinsky o Hilma af Klint, \u00a1y espacio dentro del libro para hacer tus propios cuadros!\" \/>\n<meta property=\"og:url\" content=\"https:\/\/editorialmediterrania.com\/es\/producto\/el-arte-menudo-puntazo-2\/\" \/>\n<meta property=\"og:site_name\" content=\"Editorial Mediterr\u00e0nia\" \/>\n<meta property=\"article:modified_time\" content=\"2025-03-11T10:12:45+00:00\" \/>\n<meta property=\"og:image\" content=\"https:\/\/editorialmediterrania.com\/wp-content\/uploads\/2023\/08\/Coberta_cast_EL-ARTE-\u00a1MENUDO-PUNTAZO_ok-1024x729-3.png\" \/>\n\t<meta property=\"og:image:width\" content=\"1024\" \/>\n\t<meta property=\"og:image:height\" content=\"729\" \/>\n\t<meta property=\"og:image:type\" content=\"image\/png\" \/>\n<meta name=\"twitter:card\" content=\"summary_large_image\" \/>\n<meta name=\"twitter:site\" content=\"@edmediterrania\" \/>\n<meta name=\"twitter:label1\" content=\"Tiempo de lectura\" \/>\n\t<meta name=\"twitter:data1\" content=\"1 minuto\" \/>\n<script type=\"application\/ld+json\" class=\"yoast-schema-graph\">{\"@context\":\"https:\/\/schema.org\",\"@graph\":[{\"@type\":\"WebPage\",\"@id\":\"https:\/\/editorialmediterrania.com\/es\/producto\/el-arte-menudo-puntazo-2\/\",\"url\":\"https:\/\/editorialmediterrania.com\/es\/producto\/el-arte-menudo-puntazo-2\/\",\"name\":\"El arte, \u00a1menudo puntazo! - Editorial Mediterr\u00e0nia\",\"isPartOf\":{\"@id\":\"https:\/\/editorialmediterrania.com\/es\/#website\"},\"primaryImageOfPage\":{\"@id\":\"https:\/\/editorialmediterrania.com\/es\/producto\/el-arte-menudo-puntazo-2\/#primaryimage\"},\"image\":{\"@id\":\"https:\/\/editorialmediterrania.com\/es\/producto\/el-arte-menudo-puntazo-2\/#primaryimage\"},\"thumbnailUrl\":\"https:\/\/editorialmediterrania.com\/wp-content\/uploads\/2023\/08\/Coberta_cast_EL-ARTE-\u00a1MENUDO-PUNTAZO_ok-1024x729-3.png\",\"datePublished\":\"2021-08-02T06:34:38+00:00\",\"dateModified\":\"2025-03-11T10:12:45+00:00\",\"description\":\"Diez artistas de renombre internacional como Paul Klee, Yayoi Kusama, Vassili Kandinsky o Hilma af Klint, \u00a1y espacio dentro del libro para hacer tus propios cuadros!\",\"breadcrumb\":{\"@id\":\"https:\/\/editorialmediterrania.com\/es\/producto\/el-arte-menudo-puntazo-2\/#breadcrumb\"},\"inLanguage\":\"es\",\"potentialAction\":[{\"@type\":\"ReadAction\",\"target\":[\"https:\/\/editorialmediterrania.com\/es\/producto\/el-arte-menudo-puntazo-2\/\"]}]},{\"@type\":\"ImageObject\",\"inLanguage\":\"es\",\"@id\":\"https:\/\/editorialmediterrania.com\/es\/producto\/el-arte-menudo-puntazo-2\/#primaryimage\",\"url\":\"https:\/\/editorialmediterrania.com\/wp-content\/uploads\/2023\/08\/Coberta_cast_EL-ARTE-\u00a1MENUDO-PUNTAZO_ok-1024x729-3.png\",\"contentUrl\":\"https:\/\/editorialmediterrania.com\/wp-content\/uploads\/2023\/08\/Coberta_cast_EL-ARTE-\u00a1MENUDO-PUNTAZO_ok-1024x729-3.png\",\"width\":1024,\"height\":729},{\"@type\":\"BreadcrumbList\",\"@id\":\"https:\/\/editorialmediterrania.com\/es\/producto\/el-arte-menudo-puntazo-2\/#breadcrumb\",\"itemListElement\":[{\"@type\":\"ListItem\",\"position\":1,\"name\":\"Tienda de libros infantiles de arte\",\"item\":\"https:\/\/editorialmediterrania.com\/es\/tienda-de-libros-infantiles-arte\/\"},{\"@type\":\"ListItem\",\"position\":2,\"name\":\"El arte, \u00a1menudo puntazo!\"}]},{\"@type\":\"WebSite\",\"@id\":\"https:\/\/editorialmediterrania.com\/es\/#website\",\"url\":\"https:\/\/editorialmediterrania.com\/es\/\",\"name\":\"Editorial Mediterrania\",\"description\":\"Llibres que t\u2019obriran nous mons\",\"publisher\":{\"@id\":\"https:\/\/editorialmediterrania.com\/es\/#organization\"},\"alternateName\":\"Llibres infantils d'art, cultura i natura\",\"potentialAction\":[{\"@type\":\"SearchAction\",\"target\":{\"@type\":\"EntryPoint\",\"urlTemplate\":\"https:\/\/editorialmediterrania.com\/es\/?s={search_term_string}\"},\"query-input\":\"required name=search_term_string\"}],\"inLanguage\":\"es\"},{\"@type\":\"Organization\",\"@id\":\"https:\/\/editorialmediterrania.com\/es\/#organization\",\"name\":\"Editorial Mediterrania\",\"alternateName\":\"Llibres d'art, cultura i natura per infants i fam\u00edlies\",\"url\":\"https:\/\/editorialmediterrania.com\/es\/\",\"logo\":{\"@type\":\"ImageObject\",\"inLanguage\":\"es\",\"@id\":\"https:\/\/editorialmediterrania.com\/es\/#\/schema\/logo\/image\/\",\"url\":\"https:\/\/editorialmediterrania.com\/wp-content\/uploads\/2023\/03\/LOGO-ED_MEDITERRANIA_OK-2.png\",\"contentUrl\":\"https:\/\/editorialmediterrania.com\/wp-content\/uploads\/2023\/03\/LOGO-ED_MEDITERRANIA_OK-2.png\",\"width\":1200,\"height\":300,\"caption\":\"Editorial Mediterrania\"},\"image\":{\"@id\":\"https:\/\/editorialmediterrania.com\/es\/#\/schema\/logo\/image\/\"},\"sameAs\":[\"https:\/\/x.com\/edmediterrania\",\"https:\/\/www.instagram.com\/editorialmediterrania\/\"]}]}<\/script>\n<!-- \/ Yoast SEO plugin. -->","yoast_head_json":{"title":"El arte, \u00a1menudo puntazo! - Editorial Mediterr\u00e0nia","description":"Diez artistas de renombre internacional como Paul Klee, Yayoi Kusama, Vassili Kandinsky o Hilma af Klint, \u00a1y espacio dentro del libro para hacer tus propios cuadros!","robots":{"index":"index","follow":"follow","max-snippet":"max-snippet:-1","max-image-preview":"max-image-preview:large","max-video-preview":"max-video-preview:-1"},"canonical":"https:\/\/editorialmediterrania.com\/es\/producto\/el-arte-menudo-puntazo-2\/","og_locale":"es_ES","og_type":"article","og_title":"El arte, \u00a1menudo puntazo! - Editorial Mediterr\u00e0nia","og_description":"Diez artistas de renombre internacional como Paul Klee, Yayoi Kusama, Vassili Kandinsky o Hilma af Klint, \u00a1y espacio dentro del libro para hacer tus propios cuadros!","og_url":"https:\/\/editorialmediterrania.com\/es\/producto\/el-arte-menudo-puntazo-2\/","og_site_name":"Editorial Mediterr\u00e0nia","article_modified_time":"2025-03-11T10:12:45+00:00","og_image":[{"width":1024,"height":729,"url":"https:\/\/editorialmediterrania.com\/wp-content\/uploads\/2023\/08\/Coberta_cast_EL-ARTE-\u00a1MENUDO-PUNTAZO_ok-1024x729-3.png","type":"image\/png"}],"twitter_card":"summary_large_image","twitter_site":"@edmediterrania","twitter_misc":{"Tiempo de lectura":"1 minuto"},"schema":{"@context":"https:\/\/schema.org","@graph":[{"@type":"WebPage","@id":"https:\/\/editorialmediterrania.com\/es\/producto\/el-arte-menudo-puntazo-2\/","url":"https:\/\/editorialmediterrania.com\/es\/producto\/el-arte-menudo-puntazo-2\/","name":"El arte, \u00a1menudo puntazo! - Editorial Mediterr\u00e0nia","isPartOf":{"@id":"https:\/\/editorialmediterrania.com\/es\/#website"},"primaryImageOfPage":{"@id":"https:\/\/editorialmediterrania.com\/es\/producto\/el-arte-menudo-puntazo-2\/#primaryimage"},"image":{"@id":"https:\/\/editorialmediterrania.com\/es\/producto\/el-arte-menudo-puntazo-2\/#primaryimage"},"thumbnailUrl":"https:\/\/editorialmediterrania.com\/wp-content\/uploads\/2023\/08\/Coberta_cast_EL-ARTE-\u00a1MENUDO-PUNTAZO_ok-1024x729-3.png","datePublished":"2021-08-02T06:34:38+00:00","dateModified":"2025-03-11T10:12:45+00:00","description":"Diez artistas de renombre internacional como Paul Klee, Yayoi Kusama, Vassili Kandinsky o Hilma af Klint, \u00a1y espacio dentro del libro para hacer tus propios cuadros!","breadcrumb":{"@id":"https:\/\/editorialmediterrania.com\/es\/producto\/el-arte-menudo-puntazo-2\/#breadcrumb"},"inLanguage":"es","potentialAction":[{"@type":"ReadAction","target":["https:\/\/editorialmediterrania.com\/es\/producto\/el-arte-menudo-puntazo-2\/"]}]},{"@type":"ImageObject","inLanguage":"es","@id":"https:\/\/editorialmediterrania.com\/es\/producto\/el-arte-menudo-puntazo-2\/#primaryimage","url":"https:\/\/editorialmediterrania.com\/wp-content\/uploads\/2023\/08\/Coberta_cast_EL-ARTE-\u00a1MENUDO-PUNTAZO_ok-1024x729-3.png","contentUrl":"https:\/\/editorialmediterrania.com\/wp-content\/uploads\/2023\/08\/Coberta_cast_EL-ARTE-\u00a1MENUDO-PUNTAZO_ok-1024x729-3.png","width":1024,"height":729},{"@type":"BreadcrumbList","@id":"https:\/\/editorialmediterrania.com\/es\/producto\/el-arte-menudo-puntazo-2\/#breadcrumb","itemListElement":[{"@type":"ListItem","position":1,"name":"Tienda de libros infantiles de arte","item":"https:\/\/editorialmediterrania.com\/es\/tienda-de-libros-infantiles-arte\/"},{"@type":"ListItem","position":2,"name":"El arte, \u00a1menudo puntazo!"}]},{"@type":"WebSite","@id":"https:\/\/editorialmediterrania.com\/es\/#website","url":"https:\/\/editorialmediterrania.com\/es\/","name":"Editorial Mediterrania","description":"Llibres que t\u2019obriran nous mons","publisher":{"@id":"https:\/\/editorialmediterrania.com\/es\/#organization"},"alternateName":"Llibres infantils d'art, cultura i natura","potentialAction":[{"@type":"SearchAction","target":{"@type":"EntryPoint","urlTemplate":"https:\/\/editorialmediterrania.com\/es\/?s={search_term_string}"},"query-input":"required name=search_term_string"}],"inLanguage":"es"},{"@type":"Organization","@id":"https:\/\/editorialmediterrania.com\/es\/#organization","name":"Editorial Mediterrania","alternateName":"Llibres d'art, cultura i natura per infants i fam\u00edlies","url":"https:\/\/editorialmediterrania.com\/es\/","logo":{"@type":"ImageObject","inLanguage":"es","@id":"https:\/\/editorialmediterrania.com\/es\/#\/schema\/logo\/image\/","url":"https:\/\/editorialmediterrania.com\/wp-content\/uploads\/2023\/03\/LOGO-ED_MEDITERRANIA_OK-2.png","contentUrl":"https:\/\/editorialmediterrania.com\/wp-content\/uploads\/2023\/03\/LOGO-ED_MEDITERRANIA_OK-2.png","width":1200,"height":300,"caption":"Editorial Mediterrania"},"image":{"@id":"https:\/\/editorialmediterrania.com\/es\/#\/schema\/logo\/image\/"},"sameAs":["https:\/\/x.com\/edmediterrania","https:\/\/www.instagram.com\/editorialmediterrania\/"]}]}},"_links":{"self":[{"href":"https:\/\/editorialmediterrania.com\/es\/wp-json\/wp\/v2\/product\/35062","targetHints":{"allow":["GET"]}}],"collection":[{"href":"https:\/\/editorialmediterrania.com\/es\/wp-json\/wp\/v2\/product"}],"about":[{"href":"https:\/\/editorialmediterrania.com\/es\/wp-json\/wp\/v2\/types\/product"}],"wp:featuredmedia":[{"embeddable":true,"href":"https:\/\/editorialmediterrania.com\/es\/wp-json\/wp\/v2\/media\/40904"}],"wp:attachment":[{"href":"https:\/\/editorialmediterrania.com\/es\/wp-json\/wp\/v2\/media?parent=35062"}],"wp:term":[{"taxonomy":"product_cat","embeddable":true,"href":"https:\/\/editorialmediterrania.com\/es\/wp-json\/wp\/v2\/product_cat?post=35062"},{"taxonomy":"product_tag","embeddable":true,"href":"https:\/\/editorialmediterrania.com\/es\/wp-json\/wp\/v2\/product_tag?post=35062"},{"taxonomy":"autors","embeddable":true,"href":"https:\/\/editorialmediterrania.com\/es\/wp-json\/wp\/v2\/autors?post=35062"}],"curies":[{"name":"wp","href":"https:\/\/api.w.org\/{rel}","templated":true}]}}