{"id":35083,"date":"2021-08-02T10:58:04","date_gmt":"2021-08-02T08:58:07","guid":{"rendered":"http:\/\/localhost:8888\/mediterrania\/\/?post_type=product&#038;p=35083"},"modified":"2023-05-16T15:56:00","modified_gmt":"2023-05-16T13:56:00","slug":"pantone-colores","status":"publish","type":"product","link":"https:\/\/editorialmediterrania.com\/es\/producto\/pantone-colores\/","title":{"rendered":"Pantone Colores"},"content":{"rendered":"<p style=\"text-align: justify;\"><strong>Un impresionante y completo libro de primeros colores de PANTONE \u00a9. <\/strong><\/p>\n<p style=\"text-align: justify;\">Creada en colaboraci\u00f3n con PANTONE, esta intro ducci\u00f3n al mundo del color va m\u00e1s all\u00e1 de otros li bros de colores, presentando 9 colores b\u00e1sicos y 20 tonos diferentes de cada uno. Los m\u00e1s peque\u00f1os aprender\u00e1n a identificar los colo res en una variedad de tonos oscuros, claros y me dio, y comenzar\u00e1n a encontrar sus tonos preferidos.<\/p>\n<p style=\"text-align: justify;\">Con un dise\u00f1o adecuado y un formato resistente, Pantone Colores es una manera visualmente agra dable de ampliar la conversaci\u00f3n de colores y desa rrollar la percepci\u00f3n visual de los ni\u00f1os y ni\u00f1as.<\/p>\n<blockquote>\n<p style=\"text-align: justify;\">\u201cEs una exploraci\u00f3n evocadora de los matices del co lor, en un libro pulido y atractivo\u201d. Publishers Weekly<\/p>\n<p style=\"text-align: justify;\">\u201cBellamente dise\u00f1ado de cubierta a contra.\u201d Booklist<\/p>\n<\/blockquote>\n","protected":false},"excerpt":{"rendered":"<p>El primer libro para los m\u00e1s peque\u00f1os con el copyright de Pantone en nuestro pa\u00eds.<\/p>\n","protected":false},"featured_media":40988,"template":"","meta":[],"product_cat":[30,28],"product_tag":[6017,6001],"autors":[],"class_list":{"0":"post-35083","1":"product","2":"type-product","3":"status-publish","4":"has-post-thumbnail","6":"product_cat-editorial-mediterrania","7":"product_cat-arte-en-familia","8":"product_tag-contes-infantils-es","9":"product_tag-llibres-infantils-es","11":"first","12":"instock","13":"featured","14":"purchasable","15":"product-type-variable","swatches":"rey-swatches","show_selected":""},"acf":[],"yoast_head":"<!-- This site is optimized with the Yoast SEO plugin v22.8 - https:\/\/yoast.com\/wordpress\/plugins\/seo\/ -->\n<title>Pantone Colores - Editorial Mediterr\u00e0nia<\/title>\n<meta name=\"description\" content=\"9 colores b\u00e1sicos y m\u00e1s de 20 tonalidades por descubrir. El primer libro para los m\u00e1s peque\u00f1os con el copyright de Pantone en nuestro pa\u00eds.\" \/>\n<meta name=\"robots\" content=\"index, follow, max-snippet:-1, max-image-preview:large, max-video-preview:-1\" \/>\n<link rel=\"canonical\" href=\"https:\/\/editorialmediterrania.com\/es\/producto\/pantone-colores\/\" \/>\n<meta property=\"og:locale\" content=\"es_ES\" \/>\n<meta property=\"og:type\" content=\"article\" \/>\n<meta property=\"og:title\" content=\"Pantone Colores - Editorial Mediterr\u00e0nia\" \/>\n<meta property=\"og:description\" content=\"9 colores b\u00e1sicos y m\u00e1s de 20 tonalidades por descubrir. El primer libro para los m\u00e1s peque\u00f1os con el copyright de Pantone en nuestro pa\u00eds.\" \/>\n<meta property=\"og:url\" content=\"https:\/\/editorialmediterrania.com\/es\/producto\/pantone-colores\/\" \/>\n<meta property=\"og:site_name\" content=\"Editorial Mediterr\u00e0nia\" \/>\n<meta property=\"article:modified_time\" content=\"2023-05-16T13:56:00+00:00\" \/>\n<meta property=\"og:image\" content=\"https:\/\/editorialmediterrania.com\/wp-content\/uploads\/2023\/08\/PANTONE_coberta_CAST_ALTA-1370x1536-1.png\" \/>\n\t<meta property=\"og:image:width\" content=\"1370\" \/>\n\t<meta property=\"og:image:height\" content=\"1536\" \/>\n\t<meta property=\"og:image:type\" content=\"image\/png\" \/>\n<meta name=\"twitter:card\" content=\"summary_large_image\" \/>\n<meta name=\"twitter:site\" content=\"@edmediterrania\" \/>\n<meta name=\"twitter:label1\" content=\"Tiempo de lectura\" \/>\n\t<meta name=\"twitter:data1\" content=\"1 minuto\" \/>\n<script type=\"application\/ld+json\" class=\"yoast-schema-graph\">{\"@context\":\"https:\/\/schema.org\",\"@graph\":[{\"@type\":\"WebPage\",\"@id\":\"https:\/\/editorialmediterrania.com\/es\/producto\/pantone-colores\/\",\"url\":\"https:\/\/editorialmediterrania.com\/es\/producto\/pantone-colores\/\",\"name\":\"Pantone Colores - Editorial Mediterr\u00e0nia\",\"isPartOf\":{\"@id\":\"https:\/\/editorialmediterrania.com\/es\/#website\"},\"primaryImageOfPage\":{\"@id\":\"https:\/\/editorialmediterrania.com\/es\/producto\/pantone-colores\/#primaryimage\"},\"image\":{\"@id\":\"https:\/\/editorialmediterrania.com\/es\/producto\/pantone-colores\/#primaryimage\"},\"thumbnailUrl\":\"https:\/\/editorialmediterrania.com\/wp-content\/uploads\/2023\/08\/PANTONE_coberta_CAST_ALTA-1370x1536-1.png\",\"datePublished\":\"2021-08-02T08:58:07+00:00\",\"dateModified\":\"2023-05-16T13:56:00+00:00\",\"description\":\"9 colores b\u00e1sicos y m\u00e1s de 20 tonalidades por descubrir. El primer libro para los m\u00e1s peque\u00f1os con el copyright de Pantone en nuestro pa\u00eds.\",\"breadcrumb\":{\"@id\":\"https:\/\/editorialmediterrania.com\/es\/producto\/pantone-colores\/#breadcrumb\"},\"inLanguage\":\"es\",\"potentialAction\":[{\"@type\":\"ReadAction\",\"target\":[\"https:\/\/editorialmediterrania.com\/es\/producto\/pantone-colores\/\"]}]},{\"@type\":\"ImageObject\",\"inLanguage\":\"es\",\"@id\":\"https:\/\/editorialmediterrania.com\/es\/producto\/pantone-colores\/#primaryimage\",\"url\":\"https:\/\/editorialmediterrania.com\/wp-content\/uploads\/2023\/08\/PANTONE_coberta_CAST_ALTA-1370x1536-1.png\",\"contentUrl\":\"https:\/\/editorialmediterrania.com\/wp-content\/uploads\/2023\/08\/PANTONE_coberta_CAST_ALTA-1370x1536-1.png\",\"width\":1370,\"height\":1536},{\"@type\":\"BreadcrumbList\",\"@id\":\"https:\/\/editorialmediterrania.com\/es\/producto\/pantone-colores\/#breadcrumb\",\"itemListElement\":[{\"@type\":\"ListItem\",\"position\":1,\"name\":\"Tienda de libros infantiles de arte\",\"item\":\"https:\/\/editorialmediterrania.com\/es\/tienda-de-libros-infantiles-arte\/\"},{\"@type\":\"ListItem\",\"position\":2,\"name\":\"Pantone Colores\"}]},{\"@type\":\"WebSite\",\"@id\":\"https:\/\/editorialmediterrania.com\/es\/#website\",\"url\":\"https:\/\/editorialmediterrania.com\/es\/\",\"name\":\"Editorial Mediterrania\",\"description\":\"Llibres que t\u2019obriran nous mons\",\"publisher\":{\"@id\":\"https:\/\/editorialmediterrania.com\/es\/#organization\"},\"alternateName\":\"Llibres infantils d'art, cultura i natura\",\"potentialAction\":[{\"@type\":\"SearchAction\",\"target\":{\"@type\":\"EntryPoint\",\"urlTemplate\":\"https:\/\/editorialmediterrania.com\/es\/?s={search_term_string}\"},\"query-input\":\"required name=search_term_string\"}],\"inLanguage\":\"es\"},{\"@type\":\"Organization\",\"@id\":\"https:\/\/editorialmediterrania.com\/es\/#organization\",\"name\":\"Editorial Mediterrania\",\"alternateName\":\"Llibres d'art, cultura i natura per infants i fam\u00edlies\",\"url\":\"https:\/\/editorialmediterrania.com\/es\/\",\"logo\":{\"@type\":\"ImageObject\",\"inLanguage\":\"es\",\"@id\":\"https:\/\/editorialmediterrania.com\/es\/#\/schema\/logo\/image\/\",\"url\":\"https:\/\/editorialmediterrania.com\/wp-content\/uploads\/2023\/03\/LOGO-ED_MEDITERRANIA_OK-2.png\",\"contentUrl\":\"https:\/\/editorialmediterrania.com\/wp-content\/uploads\/2023\/03\/LOGO-ED_MEDITERRANIA_OK-2.png\",\"width\":1200,\"height\":300,\"caption\":\"Editorial Mediterrania\"},\"image\":{\"@id\":\"https:\/\/editorialmediterrania.com\/es\/#\/schema\/logo\/image\/\"},\"sameAs\":[\"https:\/\/x.com\/edmediterrania\",\"https:\/\/www.instagram.com\/editorialmediterrania\/\"]}]}<\/script>\n<!-- \/ Yoast SEO plugin. -->","yoast_head_json":{"title":"Pantone Colores - Editorial Mediterr\u00e0nia","description":"9 colores b\u00e1sicos y m\u00e1s de 20 tonalidades por descubrir. El primer libro para los m\u00e1s peque\u00f1os con el copyright de Pantone en nuestro pa\u00eds.","robots":{"index":"index","follow":"follow","max-snippet":"max-snippet:-1","max-image-preview":"max-image-preview:large","max-video-preview":"max-video-preview:-1"},"canonical":"https:\/\/editorialmediterrania.com\/es\/producto\/pantone-colores\/","og_locale":"es_ES","og_type":"article","og_title":"Pantone Colores - Editorial Mediterr\u00e0nia","og_description":"9 colores b\u00e1sicos y m\u00e1s de 20 tonalidades por descubrir. El primer libro para los m\u00e1s peque\u00f1os con el copyright de Pantone en nuestro pa\u00eds.","og_url":"https:\/\/editorialmediterrania.com\/es\/producto\/pantone-colores\/","og_site_name":"Editorial Mediterr\u00e0nia","article_modified_time":"2023-05-16T13:56:00+00:00","og_image":[{"width":1370,"height":1536,"url":"https:\/\/editorialmediterrania.com\/wp-content\/uploads\/2023\/08\/PANTONE_coberta_CAST_ALTA-1370x1536-1.png","type":"image\/png"}],"twitter_card":"summary_large_image","twitter_site":"@edmediterrania","twitter_misc":{"Tiempo de lectura":"1 minuto"},"schema":{"@context":"https:\/\/schema.org","@graph":[{"@type":"WebPage","@id":"https:\/\/editorialmediterrania.com\/es\/producto\/pantone-colores\/","url":"https:\/\/editorialmediterrania.com\/es\/producto\/pantone-colores\/","name":"Pantone Colores - Editorial Mediterr\u00e0nia","isPartOf":{"@id":"https:\/\/editorialmediterrania.com\/es\/#website"},"primaryImageOfPage":{"@id":"https:\/\/editorialmediterrania.com\/es\/producto\/pantone-colores\/#primaryimage"},"image":{"@id":"https:\/\/editorialmediterrania.com\/es\/producto\/pantone-colores\/#primaryimage"},"thumbnailUrl":"https:\/\/editorialmediterrania.com\/wp-content\/uploads\/2023\/08\/PANTONE_coberta_CAST_ALTA-1370x1536-1.png","datePublished":"2021-08-02T08:58:07+00:00","dateModified":"2023-05-16T13:56:00+00:00","description":"9 colores b\u00e1sicos y m\u00e1s de 20 tonalidades por descubrir. El primer libro para los m\u00e1s peque\u00f1os con el copyright de Pantone en nuestro pa\u00eds.","breadcrumb":{"@id":"https:\/\/editorialmediterrania.com\/es\/producto\/pantone-colores\/#breadcrumb"},"inLanguage":"es","potentialAction":[{"@type":"ReadAction","target":["https:\/\/editorialmediterrania.com\/es\/producto\/pantone-colores\/"]}]},{"@type":"ImageObject","inLanguage":"es","@id":"https:\/\/editorialmediterrania.com\/es\/producto\/pantone-colores\/#primaryimage","url":"https:\/\/editorialmediterrania.com\/wp-content\/uploads\/2023\/08\/PANTONE_coberta_CAST_ALTA-1370x1536-1.png","contentUrl":"https:\/\/editorialmediterrania.com\/wp-content\/uploads\/2023\/08\/PANTONE_coberta_CAST_ALTA-1370x1536-1.png","width":1370,"height":1536},{"@type":"BreadcrumbList","@id":"https:\/\/editorialmediterrania.com\/es\/producto\/pantone-colores\/#breadcrumb","itemListElement":[{"@type":"ListItem","position":1,"name":"Tienda de libros infantiles de arte","item":"https:\/\/editorialmediterrania.com\/es\/tienda-de-libros-infantiles-arte\/"},{"@type":"ListItem","position":2,"name":"Pantone Colores"}]},{"@type":"WebSite","@id":"https:\/\/editorialmediterrania.com\/es\/#website","url":"https:\/\/editorialmediterrania.com\/es\/","name":"Editorial Mediterrania","description":"Llibres que t\u2019obriran nous mons","publisher":{"@id":"https:\/\/editorialmediterrania.com\/es\/#organization"},"alternateName":"Llibres infantils d'art, cultura i natura","potentialAction":[{"@type":"SearchAction","target":{"@type":"EntryPoint","urlTemplate":"https:\/\/editorialmediterrania.com\/es\/?s={search_term_string}"},"query-input":"required name=search_term_string"}],"inLanguage":"es"},{"@type":"Organization","@id":"https:\/\/editorialmediterrania.com\/es\/#organization","name":"Editorial Mediterrania","alternateName":"Llibres d'art, cultura i natura per infants i fam\u00edlies","url":"https:\/\/editorialmediterrania.com\/es\/","logo":{"@type":"ImageObject","inLanguage":"es","@id":"https:\/\/editorialmediterrania.com\/es\/#\/schema\/logo\/image\/","url":"https:\/\/editorialmediterrania.com\/wp-content\/uploads\/2023\/03\/LOGO-ED_MEDITERRANIA_OK-2.png","contentUrl":"https:\/\/editorialmediterrania.com\/wp-content\/uploads\/2023\/03\/LOGO-ED_MEDITERRANIA_OK-2.png","width":1200,"height":300,"caption":"Editorial Mediterrania"},"image":{"@id":"https:\/\/editorialmediterrania.com\/es\/#\/schema\/logo\/image\/"},"sameAs":["https:\/\/x.com\/edmediterrania","https:\/\/www.instagram.com\/editorialmediterrania\/"]}]}},"_links":{"self":[{"href":"https:\/\/editorialmediterrania.com\/es\/wp-json\/wp\/v2\/product\/35083","targetHints":{"allow":["GET"]}}],"collection":[{"href":"https:\/\/editorialmediterrania.com\/es\/wp-json\/wp\/v2\/product"}],"about":[{"href":"https:\/\/editorialmediterrania.com\/es\/wp-json\/wp\/v2\/types\/product"}],"wp:featuredmedia":[{"embeddable":true,"href":"https:\/\/editorialmediterrania.com\/es\/wp-json\/wp\/v2\/media\/40988"}],"wp:attachment":[{"href":"https:\/\/editorialmediterrania.com\/es\/wp-json\/wp\/v2\/media?parent=35083"}],"wp:term":[{"taxonomy":"product_cat","embeddable":true,"href":"https:\/\/editorialmediterrania.com\/es\/wp-json\/wp\/v2\/product_cat?post=35083"},{"taxonomy":"product_tag","embeddable":true,"href":"https:\/\/editorialmediterrania.com\/es\/wp-json\/wp\/v2\/product_tag?post=35083"},{"taxonomy":"autors","embeddable":true,"href":"https:\/\/editorialmediterrania.com\/es\/wp-json\/wp\/v2\/autors?post=35083"}],"curies":[{"name":"wp","href":"https:\/\/api.w.org\/{rel}","templated":true}]}}