{"id":35136,"date":"2021-08-24T11:15:34","date_gmt":"2021-08-24T09:15:36","guid":{"rendered":"http:\/\/localhost:8888\/mediterrania\/\/?post_type=product&#038;p=35136"},"modified":"2023-05-16T15:56:04","modified_gmt":"2023-05-16T13:56:04","slug":"busca-y-encuentra-museus-de-les-comarques-de-tarragona-i-les-terres-de-lebre","status":"publish","type":"product","link":"https:\/\/editorialmediterrania.com\/es\/producto\/busca-y-encuentra-museus-de-les-comarques-de-tarragona-i-les-terres-de-lebre\/","title":{"rendered":"Busca y encuentra. Museus de les comarques de Tarragona i les terres de l&#8217;Ebre"},"content":{"rendered":"<p><strong>13 museos y m\u00e1s de 180 objetos a encontrar!<\/strong><\/p>\n<p>Horas y horas de diversi\u00f3n en los museos m\u00e1s destacados de las comarcas de Tarragona y las Tierras del Ebro.<\/p>\n<p>Diferentes niveles de dificultad para que grandes y peque\u00f1os puedan jugar a la vez que aprenden y descubren la oferta cultural de Catalu\u00f1a.<\/p>\n<p>P\u00e1gina final con curiosidades para seguir buscando en las ilustraciones.<\/p>\n<p>Ilustrado por Miguel Bustos.<\/p>\n<p>&nbsp;<\/p>\n<blockquote><p>Link:\u00a0<a href=\"http:\/\/editorialmediterrania.com\/wp-content\/uploads\/2021\/08\/Cerca-i-troba-Museus-de-Tarragona_curiositats_CAST_ING_FR.pdf\" target=\"_blank\" rel=\"noopener\">Curiositats (CAT) \/ Curiosidades (CAST) \/ Curiosities (ENG) \/ Curiosit\u00e9s (FR)<\/a><\/p><\/blockquote>\n<p>&nbsp;<\/p>\n<p>&nbsp;<\/p>\n<p>&nbsp;<\/p>\n<p>&nbsp;<\/p>\n","protected":false},"excerpt":{"rendered":"<p>Horas y horas de diversi\u00f3n en los museos m\u00e1s destacados de las comarcas de Tarragona y las Tierras del Ebro.<\/p>\n","protected":false},"featured_media":41132,"template":"","meta":[],"product_cat":[30,6247],"product_tag":[413,6496,4113],"autors":[],"class_list":{"0":"post-35136","1":"product","2":"type-product","3":"status-publish","4":"has-post-thumbnail","6":"product_cat-editorial-mediterrania","7":"product_cat-busca-y-encuentra","8":"product_tag-cultura-es","9":"product_tag-museos","10":"product_tag-tarragona-es","12":"first","13":"outofstock","14":"purchasable","15":"product-type-simple","swatches":"rey-swatches","show_selected":""},"acf":[],"yoast_head":"<!-- This site is optimized with the Yoast SEO plugin v22.8 - https:\/\/yoast.com\/wordpress\/plugins\/seo\/ -->\n<title>Busca y encuentra. Museus de les comarques de Tarragona i les terres de l&#039;Ebre - Editorial Mediterr\u00e0nia<\/title>\n<meta name=\"description\" content=\"Horas y horas de diversi\u00f3n en los museos m\u00e1s destacados de las comarcas de Tarragona y las Tierras del Ebro.\" \/>\n<meta name=\"robots\" content=\"index, follow, max-snippet:-1, max-image-preview:large, max-video-preview:-1\" \/>\n<link rel=\"canonical\" href=\"https:\/\/editorialmediterrania.com\/es\/producto\/busca-y-encuentra-museus-de-les-comarques-de-tarragona-i-les-terres-de-lebre\/\" \/>\n<meta property=\"og:locale\" content=\"es_ES\" \/>\n<meta property=\"og:type\" content=\"article\" \/>\n<meta property=\"og:title\" content=\"Busca y encuentra. Museus de les comarques de Tarragona i les terres de l&#039;Ebre - Editorial Mediterr\u00e0nia\" \/>\n<meta property=\"og:description\" content=\"Horas y horas de diversi\u00f3n en los museos m\u00e1s destacados de las comarcas de Tarragona y las Tierras del Ebro.\" \/>\n<meta property=\"og:url\" content=\"https:\/\/editorialmediterrania.com\/es\/producto\/busca-y-encuentra-museus-de-les-comarques-de-tarragona-i-les-terres-de-lebre\/\" \/>\n<meta property=\"og:site_name\" content=\"Editorial Mediterr\u00e0nia\" \/>\n<meta property=\"article:modified_time\" content=\"2023-05-16T13:56:04+00:00\" \/>\n<meta property=\"og:image\" content=\"https:\/\/editorialmediterrania.com\/wp-content\/uploads\/2021\/08\/Cerca-i-troba-Museus-de-Tarragona_Cob.png\" \/>\n\t<meta property=\"og:image:width\" content=\"921\" \/>\n\t<meta property=\"og:image:height\" content=\"1174\" \/>\n\t<meta property=\"og:image:type\" content=\"image\/png\" \/>\n<meta name=\"twitter:card\" content=\"summary_large_image\" \/>\n<meta name=\"twitter:site\" content=\"@edmediterrania\" \/>\n<meta name=\"twitter:label1\" content=\"Tiempo de lectura\" \/>\n\t<meta name=\"twitter:data1\" content=\"1 minuto\" \/>\n<script type=\"application\/ld+json\" class=\"yoast-schema-graph\">{\"@context\":\"https:\/\/schema.org\",\"@graph\":[{\"@type\":\"WebPage\",\"@id\":\"https:\/\/editorialmediterrania.com\/es\/producto\/busca-y-encuentra-museus-de-les-comarques-de-tarragona-i-les-terres-de-lebre\/\",\"url\":\"https:\/\/editorialmediterrania.com\/es\/producto\/busca-y-encuentra-museus-de-les-comarques-de-tarragona-i-les-terres-de-lebre\/\",\"name\":\"Busca y encuentra. Museus de les comarques de Tarragona i les terres de l'Ebre - Editorial Mediterr\u00e0nia\",\"isPartOf\":{\"@id\":\"https:\/\/editorialmediterrania.com\/es\/#website\"},\"primaryImageOfPage\":{\"@id\":\"https:\/\/editorialmediterrania.com\/es\/producto\/busca-y-encuentra-museus-de-les-comarques-de-tarragona-i-les-terres-de-lebre\/#primaryimage\"},\"image\":{\"@id\":\"https:\/\/editorialmediterrania.com\/es\/producto\/busca-y-encuentra-museus-de-les-comarques-de-tarragona-i-les-terres-de-lebre\/#primaryimage\"},\"thumbnailUrl\":\"https:\/\/editorialmediterrania.com\/wp-content\/uploads\/2021\/08\/Cerca-i-troba-Museus-de-Tarragona_Cob.png\",\"datePublished\":\"2021-08-24T09:15:36+00:00\",\"dateModified\":\"2023-05-16T13:56:04+00:00\",\"description\":\"Horas y horas de diversi\u00f3n en los museos m\u00e1s destacados de las comarcas de Tarragona y las Tierras del Ebro.\",\"breadcrumb\":{\"@id\":\"https:\/\/editorialmediterrania.com\/es\/producto\/busca-y-encuentra-museus-de-les-comarques-de-tarragona-i-les-terres-de-lebre\/#breadcrumb\"},\"inLanguage\":\"es\",\"potentialAction\":[{\"@type\":\"ReadAction\",\"target\":[\"https:\/\/editorialmediterrania.com\/es\/producto\/busca-y-encuentra-museus-de-les-comarques-de-tarragona-i-les-terres-de-lebre\/\"]}]},{\"@type\":\"ImageObject\",\"inLanguage\":\"es\",\"@id\":\"https:\/\/editorialmediterrania.com\/es\/producto\/busca-y-encuentra-museus-de-les-comarques-de-tarragona-i-les-terres-de-lebre\/#primaryimage\",\"url\":\"https:\/\/editorialmediterrania.com\/wp-content\/uploads\/2021\/08\/Cerca-i-troba-Museus-de-Tarragona_Cob.png\",\"contentUrl\":\"https:\/\/editorialmediterrania.com\/wp-content\/uploads\/2021\/08\/Cerca-i-troba-Museus-de-Tarragona_Cob.png\",\"width\":921,\"height\":1174},{\"@type\":\"BreadcrumbList\",\"@id\":\"https:\/\/editorialmediterrania.com\/es\/producto\/busca-y-encuentra-museus-de-les-comarques-de-tarragona-i-les-terres-de-lebre\/#breadcrumb\",\"itemListElement\":[{\"@type\":\"ListItem\",\"position\":1,\"name\":\"Tienda de libros infantiles de arte\",\"item\":\"https:\/\/editorialmediterrania.com\/es\/tienda-de-libros-infantiles-arte\/\"},{\"@type\":\"ListItem\",\"position\":2,\"name\":\"Busca y encuentra. Museus de les comarques de Tarragona i les terres de l&#8217;Ebre\"}]},{\"@type\":\"WebSite\",\"@id\":\"https:\/\/editorialmediterrania.com\/es\/#website\",\"url\":\"https:\/\/editorialmediterrania.com\/es\/\",\"name\":\"Editorial Mediterrania\",\"description\":\"Llibres que t\u2019obriran nous mons\",\"publisher\":{\"@id\":\"https:\/\/editorialmediterrania.com\/es\/#organization\"},\"alternateName\":\"Llibres infantils d'art, cultura i natura\",\"potentialAction\":[{\"@type\":\"SearchAction\",\"target\":{\"@type\":\"EntryPoint\",\"urlTemplate\":\"https:\/\/editorialmediterrania.com\/es\/?s={search_term_string}\"},\"query-input\":\"required name=search_term_string\"}],\"inLanguage\":\"es\"},{\"@type\":\"Organization\",\"@id\":\"https:\/\/editorialmediterrania.com\/es\/#organization\",\"name\":\"Editorial Mediterrania\",\"alternateName\":\"Llibres d'art, cultura i natura per infants i fam\u00edlies\",\"url\":\"https:\/\/editorialmediterrania.com\/es\/\",\"logo\":{\"@type\":\"ImageObject\",\"inLanguage\":\"es\",\"@id\":\"https:\/\/editorialmediterrania.com\/es\/#\/schema\/logo\/image\/\",\"url\":\"https:\/\/editorialmediterrania.com\/wp-content\/uploads\/2023\/03\/LOGO-ED_MEDITERRANIA_OK-2.png\",\"contentUrl\":\"https:\/\/editorialmediterrania.com\/wp-content\/uploads\/2023\/03\/LOGO-ED_MEDITERRANIA_OK-2.png\",\"width\":1200,\"height\":300,\"caption\":\"Editorial Mediterrania\"},\"image\":{\"@id\":\"https:\/\/editorialmediterrania.com\/es\/#\/schema\/logo\/image\/\"},\"sameAs\":[\"https:\/\/x.com\/edmediterrania\",\"https:\/\/www.instagram.com\/editorialmediterrania\/\"]}]}<\/script>\n<!-- \/ Yoast SEO plugin. -->","yoast_head_json":{"title":"Busca y encuentra. Museus de les comarques de Tarragona i les terres de l'Ebre - Editorial Mediterr\u00e0nia","description":"Horas y horas de diversi\u00f3n en los museos m\u00e1s destacados de las comarcas de Tarragona y las Tierras del Ebro.","robots":{"index":"index","follow":"follow","max-snippet":"max-snippet:-1","max-image-preview":"max-image-preview:large","max-video-preview":"max-video-preview:-1"},"canonical":"https:\/\/editorialmediterrania.com\/es\/producto\/busca-y-encuentra-museus-de-les-comarques-de-tarragona-i-les-terres-de-lebre\/","og_locale":"es_ES","og_type":"article","og_title":"Busca y encuentra. Museus de les comarques de Tarragona i les terres de l'Ebre - Editorial Mediterr\u00e0nia","og_description":"Horas y horas de diversi\u00f3n en los museos m\u00e1s destacados de las comarcas de Tarragona y las Tierras del Ebro.","og_url":"https:\/\/editorialmediterrania.com\/es\/producto\/busca-y-encuentra-museus-de-les-comarques-de-tarragona-i-les-terres-de-lebre\/","og_site_name":"Editorial Mediterr\u00e0nia","article_modified_time":"2023-05-16T13:56:04+00:00","og_image":[{"width":921,"height":1174,"url":"https:\/\/editorialmediterrania.com\/wp-content\/uploads\/2021\/08\/Cerca-i-troba-Museus-de-Tarragona_Cob.png","type":"image\/png"}],"twitter_card":"summary_large_image","twitter_site":"@edmediterrania","twitter_misc":{"Tiempo de lectura":"1 minuto"},"schema":{"@context":"https:\/\/schema.org","@graph":[{"@type":"WebPage","@id":"https:\/\/editorialmediterrania.com\/es\/producto\/busca-y-encuentra-museus-de-les-comarques-de-tarragona-i-les-terres-de-lebre\/","url":"https:\/\/editorialmediterrania.com\/es\/producto\/busca-y-encuentra-museus-de-les-comarques-de-tarragona-i-les-terres-de-lebre\/","name":"Busca y encuentra. Museus de les comarques de Tarragona i les terres de l'Ebre - Editorial Mediterr\u00e0nia","isPartOf":{"@id":"https:\/\/editorialmediterrania.com\/es\/#website"},"primaryImageOfPage":{"@id":"https:\/\/editorialmediterrania.com\/es\/producto\/busca-y-encuentra-museus-de-les-comarques-de-tarragona-i-les-terres-de-lebre\/#primaryimage"},"image":{"@id":"https:\/\/editorialmediterrania.com\/es\/producto\/busca-y-encuentra-museus-de-les-comarques-de-tarragona-i-les-terres-de-lebre\/#primaryimage"},"thumbnailUrl":"https:\/\/editorialmediterrania.com\/wp-content\/uploads\/2021\/08\/Cerca-i-troba-Museus-de-Tarragona_Cob.png","datePublished":"2021-08-24T09:15:36+00:00","dateModified":"2023-05-16T13:56:04+00:00","description":"Horas y horas de diversi\u00f3n en los museos m\u00e1s destacados de las comarcas de Tarragona y las Tierras del Ebro.","breadcrumb":{"@id":"https:\/\/editorialmediterrania.com\/es\/producto\/busca-y-encuentra-museus-de-les-comarques-de-tarragona-i-les-terres-de-lebre\/#breadcrumb"},"inLanguage":"es","potentialAction":[{"@type":"ReadAction","target":["https:\/\/editorialmediterrania.com\/es\/producto\/busca-y-encuentra-museus-de-les-comarques-de-tarragona-i-les-terres-de-lebre\/"]}]},{"@type":"ImageObject","inLanguage":"es","@id":"https:\/\/editorialmediterrania.com\/es\/producto\/busca-y-encuentra-museus-de-les-comarques-de-tarragona-i-les-terres-de-lebre\/#primaryimage","url":"https:\/\/editorialmediterrania.com\/wp-content\/uploads\/2021\/08\/Cerca-i-troba-Museus-de-Tarragona_Cob.png","contentUrl":"https:\/\/editorialmediterrania.com\/wp-content\/uploads\/2021\/08\/Cerca-i-troba-Museus-de-Tarragona_Cob.png","width":921,"height":1174},{"@type":"BreadcrumbList","@id":"https:\/\/editorialmediterrania.com\/es\/producto\/busca-y-encuentra-museus-de-les-comarques-de-tarragona-i-les-terres-de-lebre\/#breadcrumb","itemListElement":[{"@type":"ListItem","position":1,"name":"Tienda de libros infantiles de arte","item":"https:\/\/editorialmediterrania.com\/es\/tienda-de-libros-infantiles-arte\/"},{"@type":"ListItem","position":2,"name":"Busca y encuentra. Museus de les comarques de Tarragona i les terres de l&#8217;Ebre"}]},{"@type":"WebSite","@id":"https:\/\/editorialmediterrania.com\/es\/#website","url":"https:\/\/editorialmediterrania.com\/es\/","name":"Editorial Mediterrania","description":"Llibres que t\u2019obriran nous mons","publisher":{"@id":"https:\/\/editorialmediterrania.com\/es\/#organization"},"alternateName":"Llibres infantils d'art, cultura i natura","potentialAction":[{"@type":"SearchAction","target":{"@type":"EntryPoint","urlTemplate":"https:\/\/editorialmediterrania.com\/es\/?s={search_term_string}"},"query-input":"required name=search_term_string"}],"inLanguage":"es"},{"@type":"Organization","@id":"https:\/\/editorialmediterrania.com\/es\/#organization","name":"Editorial Mediterrania","alternateName":"Llibres d'art, cultura i natura per infants i fam\u00edlies","url":"https:\/\/editorialmediterrania.com\/es\/","logo":{"@type":"ImageObject","inLanguage":"es","@id":"https:\/\/editorialmediterrania.com\/es\/#\/schema\/logo\/image\/","url":"https:\/\/editorialmediterrania.com\/wp-content\/uploads\/2023\/03\/LOGO-ED_MEDITERRANIA_OK-2.png","contentUrl":"https:\/\/editorialmediterrania.com\/wp-content\/uploads\/2023\/03\/LOGO-ED_MEDITERRANIA_OK-2.png","width":1200,"height":300,"caption":"Editorial Mediterrania"},"image":{"@id":"https:\/\/editorialmediterrania.com\/es\/#\/schema\/logo\/image\/"},"sameAs":["https:\/\/x.com\/edmediterrania","https:\/\/www.instagram.com\/editorialmediterrania\/"]}]}},"_links":{"self":[{"href":"https:\/\/editorialmediterrania.com\/es\/wp-json\/wp\/v2\/product\/35136","targetHints":{"allow":["GET"]}}],"collection":[{"href":"https:\/\/editorialmediterrania.com\/es\/wp-json\/wp\/v2\/product"}],"about":[{"href":"https:\/\/editorialmediterrania.com\/es\/wp-json\/wp\/v2\/types\/product"}],"wp:featuredmedia":[{"embeddable":true,"href":"https:\/\/editorialmediterrania.com\/es\/wp-json\/wp\/v2\/media\/41132"}],"wp:attachment":[{"href":"https:\/\/editorialmediterrania.com\/es\/wp-json\/wp\/v2\/media?parent=35136"}],"wp:term":[{"taxonomy":"product_cat","embeddable":true,"href":"https:\/\/editorialmediterrania.com\/es\/wp-json\/wp\/v2\/product_cat?post=35136"},{"taxonomy":"product_tag","embeddable":true,"href":"https:\/\/editorialmediterrania.com\/es\/wp-json\/wp\/v2\/product_tag?post=35136"},{"taxonomy":"autors","embeddable":true,"href":"https:\/\/editorialmediterrania.com\/es\/wp-json\/wp\/v2\/autors?post=35136"}],"curies":[{"name":"wp","href":"https:\/\/api.w.org\/{rel}","templated":true}]}}