{"id":35150,"date":"2021-08-27T14:29:53","date_gmt":"2021-08-27T12:29:53","guid":{"rendered":"http:\/\/localhost:8888\/mediterrania\/\/?post_type=product&#038;p=35150"},"modified":"2023-05-22T12:29:27","modified_gmt":"2023-05-22T10:29:27","slug":"petita-historia-de-larros-del-delta-de-lebre","status":"publish","type":"product","link":"https:\/\/editorialmediterrania.com\/es\/producto\/petita-historia-de-larros-del-delta-de-lebre\/","title":{"rendered":"Petita hist\u00f2ria de l&#8217;arr\u00f2s del Delta de l&#8217;Ebre"},"content":{"rendered":"<div class=\"\">La Petita hist\u00f2ria de l&#8217;arr\u00f2s del Delta de l&#8217;Ebre explica als m\u00e9s petits la Denominaci\u00f3 d&#8217;Origen Protegida d&#8217;aquest aliment. Acompanyant a l&#8217;Aina i a la seva fam\u00edlia en un cap de setmana a la natura, la mainada aprendr\u00e0 el proc\u00e9s de l&#8217;arr\u00f2s, la seva hist\u00f2ria i tots els seus usos!<\/div>\n<div><\/div>\n<div><\/div>\n<div class=\"\">La col\u00b7lecci\u00f3 <a href=\"http:\/\/localhost:8888\/mediterrania\/\/coleccions\/infantil-juvenil-i-families\/col-leccions\/petites-histories\/\">Petites hist\u00f2ries<\/a> compta amb m\u00e9s de 330 t\u00edtols diferents, tots ells il\u00b7lustrats per Pilar\u00edn Bay\u00e9s. Gr\u00e0cies a aquesta col\u00b7lecci\u00f3, els nens i nenes de diverses generacions han pogut con\u00e8ixer els artistes, tradicions i indrets m\u00e9s destacats del nostre pa\u00eds, de manera divertida i amena.<\/div>\n","protected":false},"excerpt":{"rendered":"<p>La Petita hist\u00f2ria de l&#8217;arr\u00f2s del Delta de l&#8217;Ebre explica als m\u00e9s petits la Denominaci\u00f3 d&#8217;Origen Protegida d&#8217;aquest aliment.<\/p>\n","protected":false},"featured_media":41289,"template":"","meta":[],"product_cat":[16,73],"product_tag":[4550,6258,6257,337,339,4362],"autors":[],"class_list":{"0":"post-35150","1":"product","2":"type-product","3":"status-publish","4":"has-post-thumbnail","6":"product_cat-editorial-mediterrania","7":"product_cat-petites-histories","8":"product_tag-cultura-popular","9":"product_tag-escala","10":"product_tag-festa-de-la-sal","11":"product_tag-libro-infantil","12":"product_tag-literatura","13":"product_tag-pilarin-bayes","15":"first","16":"instock","17":"purchasable","18":"product-type-simple","swatches":"rey-swatches","show_selected":""},"acf":[],"yoast_head":"<!-- This site is optimized with the Yoast SEO plugin v22.8 - https:\/\/yoast.com\/wordpress\/plugins\/seo\/ -->\n<title>Llibre infantil de l&#039;arr\u00f2s del Delta de l&#039;Ebre - Editorial Mediterr\u00e0nia<\/title>\n<meta name=\"description\" content=\"La Petita hist\u00f2ria de l&#039;arr\u00f2s del Delta de l&#039;Ebre explica als m\u00e9s petits la Denominaci\u00f3 d&#039;Origen Protegida d&#039;aquest aliment.\" \/>\n<meta name=\"robots\" content=\"index, follow, max-snippet:-1, max-image-preview:large, max-video-preview:-1\" \/>\n<link rel=\"canonical\" href=\"https:\/\/editorialmediterrania.com\/es\/producto\/petita-historia-de-larros-del-delta-de-lebre\/\" \/>\n<meta property=\"og:locale\" content=\"es_ES\" \/>\n<meta property=\"og:type\" content=\"article\" \/>\n<meta property=\"og:title\" content=\"Llibre infantil de l&#039;arr\u00f2s del Delta de l&#039;Ebre - Editorial Mediterr\u00e0nia\" \/>\n<meta property=\"og:description\" content=\"La Petita hist\u00f2ria de l&#039;arr\u00f2s del Delta de l&#039;Ebre explica als m\u00e9s petits la Denominaci\u00f3 d&#039;Origen Protegida d&#039;aquest aliment.\" \/>\n<meta property=\"og:url\" content=\"https:\/\/editorialmediterrania.com\/es\/producto\/petita-historia-de-larros-del-delta-de-lebre\/\" \/>\n<meta property=\"og:site_name\" content=\"Editorial Mediterr\u00e0nia\" \/>\n<meta property=\"article:modified_time\" content=\"2023-05-22T10:29:27+00:00\" \/>\n<meta property=\"og:image\" content=\"https:\/\/editorialmediterrania.com\/wp-content\/uploads\/2021\/08\/9788499797083.png\" \/>\n\t<meta property=\"og:image:width\" content=\"798\" \/>\n\t<meta property=\"og:image:height\" content=\"961\" \/>\n\t<meta property=\"og:image:type\" content=\"image\/png\" \/>\n<meta name=\"twitter:card\" content=\"summary_large_image\" \/>\n<meta name=\"twitter:site\" content=\"@edmediterrania\" \/>\n<meta name=\"twitter:label1\" content=\"Tiempo de lectura\" \/>\n\t<meta name=\"twitter:data1\" content=\"1 minuto\" \/>\n<script type=\"application\/ld+json\" class=\"yoast-schema-graph\">{\"@context\":\"https:\/\/schema.org\",\"@graph\":[{\"@type\":\"WebPage\",\"@id\":\"https:\/\/editorialmediterrania.com\/es\/producto\/petita-historia-de-larros-del-delta-de-lebre\/\",\"url\":\"https:\/\/editorialmediterrania.com\/es\/producto\/petita-historia-de-larros-del-delta-de-lebre\/\",\"name\":\"Llibre infantil de l'arr\u00f2s del Delta de l'Ebre - Editorial Mediterr\u00e0nia\",\"isPartOf\":{\"@id\":\"https:\/\/editorialmediterrania.com\/es\/#website\"},\"primaryImageOfPage\":{\"@id\":\"https:\/\/editorialmediterrania.com\/es\/producto\/petita-historia-de-larros-del-delta-de-lebre\/#primaryimage\"},\"image\":{\"@id\":\"https:\/\/editorialmediterrania.com\/es\/producto\/petita-historia-de-larros-del-delta-de-lebre\/#primaryimage\"},\"thumbnailUrl\":\"https:\/\/editorialmediterrania.com\/wp-content\/uploads\/2021\/08\/9788499797083.png\",\"datePublished\":\"2021-08-27T12:29:53+00:00\",\"dateModified\":\"2023-05-22T10:29:27+00:00\",\"description\":\"La Petita hist\u00f2ria de l'arr\u00f2s del Delta de l'Ebre explica als m\u00e9s petits la Denominaci\u00f3 d'Origen Protegida d'aquest aliment.\",\"breadcrumb\":{\"@id\":\"https:\/\/editorialmediterrania.com\/es\/producto\/petita-historia-de-larros-del-delta-de-lebre\/#breadcrumb\"},\"inLanguage\":\"es\",\"potentialAction\":[{\"@type\":\"ReadAction\",\"target\":[\"https:\/\/editorialmediterrania.com\/es\/producto\/petita-historia-de-larros-del-delta-de-lebre\/\"]}]},{\"@type\":\"ImageObject\",\"inLanguage\":\"es\",\"@id\":\"https:\/\/editorialmediterrania.com\/es\/producto\/petita-historia-de-larros-del-delta-de-lebre\/#primaryimage\",\"url\":\"https:\/\/editorialmediterrania.com\/wp-content\/uploads\/2021\/08\/9788499797083.png\",\"contentUrl\":\"https:\/\/editorialmediterrania.com\/wp-content\/uploads\/2021\/08\/9788499797083.png\",\"width\":798,\"height\":961},{\"@type\":\"BreadcrumbList\",\"@id\":\"https:\/\/editorialmediterrania.com\/es\/producto\/petita-historia-de-larros-del-delta-de-lebre\/#breadcrumb\",\"itemListElement\":[{\"@type\":\"ListItem\",\"position\":1,\"name\":\"Tienda de libros infantiles de arte\",\"item\":\"https:\/\/editorialmediterrania.com\/es\/tienda-de-libros-infantiles-arte\/\"},{\"@type\":\"ListItem\",\"position\":2,\"name\":\"Petita hist\u00f2ria de l&#8217;arr\u00f2s del Delta de l&#8217;Ebre\"}]},{\"@type\":\"WebSite\",\"@id\":\"https:\/\/editorialmediterrania.com\/es\/#website\",\"url\":\"https:\/\/editorialmediterrania.com\/es\/\",\"name\":\"Editorial Mediterrania\",\"description\":\"Llibres que t\u2019obriran nous mons\",\"publisher\":{\"@id\":\"https:\/\/editorialmediterrania.com\/es\/#organization\"},\"alternateName\":\"Llibres infantils d'art, cultura i natura\",\"potentialAction\":[{\"@type\":\"SearchAction\",\"target\":{\"@type\":\"EntryPoint\",\"urlTemplate\":\"https:\/\/editorialmediterrania.com\/es\/?s={search_term_string}\"},\"query-input\":\"required name=search_term_string\"}],\"inLanguage\":\"es\"},{\"@type\":\"Organization\",\"@id\":\"https:\/\/editorialmediterrania.com\/es\/#organization\",\"name\":\"Editorial Mediterrania\",\"alternateName\":\"Llibres d'art, cultura i natura per infants i fam\u00edlies\",\"url\":\"https:\/\/editorialmediterrania.com\/es\/\",\"logo\":{\"@type\":\"ImageObject\",\"inLanguage\":\"es\",\"@id\":\"https:\/\/editorialmediterrania.com\/es\/#\/schema\/logo\/image\/\",\"url\":\"https:\/\/editorialmediterrania.com\/wp-content\/uploads\/2023\/03\/LOGO-ED_MEDITERRANIA_OK-2.png\",\"contentUrl\":\"https:\/\/editorialmediterrania.com\/wp-content\/uploads\/2023\/03\/LOGO-ED_MEDITERRANIA_OK-2.png\",\"width\":1200,\"height\":300,\"caption\":\"Editorial Mediterrania\"},\"image\":{\"@id\":\"https:\/\/editorialmediterrania.com\/es\/#\/schema\/logo\/image\/\"},\"sameAs\":[\"https:\/\/x.com\/edmediterrania\",\"https:\/\/www.instagram.com\/editorialmediterrania\/\"]}]}<\/script>\n<!-- \/ Yoast SEO plugin. -->","yoast_head_json":{"title":"Llibre infantil de l'arr\u00f2s del Delta de l'Ebre - Editorial Mediterr\u00e0nia","description":"La Petita hist\u00f2ria de l'arr\u00f2s del Delta de l'Ebre explica als m\u00e9s petits la Denominaci\u00f3 d'Origen Protegida d'aquest aliment.","robots":{"index":"index","follow":"follow","max-snippet":"max-snippet:-1","max-image-preview":"max-image-preview:large","max-video-preview":"max-video-preview:-1"},"canonical":"https:\/\/editorialmediterrania.com\/es\/producto\/petita-historia-de-larros-del-delta-de-lebre\/","og_locale":"es_ES","og_type":"article","og_title":"Llibre infantil de l'arr\u00f2s del Delta de l'Ebre - Editorial Mediterr\u00e0nia","og_description":"La Petita hist\u00f2ria de l'arr\u00f2s del Delta de l'Ebre explica als m\u00e9s petits la Denominaci\u00f3 d'Origen Protegida d'aquest aliment.","og_url":"https:\/\/editorialmediterrania.com\/es\/producto\/petita-historia-de-larros-del-delta-de-lebre\/","og_site_name":"Editorial Mediterr\u00e0nia","article_modified_time":"2023-05-22T10:29:27+00:00","og_image":[{"width":798,"height":961,"url":"https:\/\/editorialmediterrania.com\/wp-content\/uploads\/2021\/08\/9788499797083.png","type":"image\/png"}],"twitter_card":"summary_large_image","twitter_site":"@edmediterrania","twitter_misc":{"Tiempo de lectura":"1 minuto"},"schema":{"@context":"https:\/\/schema.org","@graph":[{"@type":"WebPage","@id":"https:\/\/editorialmediterrania.com\/es\/producto\/petita-historia-de-larros-del-delta-de-lebre\/","url":"https:\/\/editorialmediterrania.com\/es\/producto\/petita-historia-de-larros-del-delta-de-lebre\/","name":"Llibre infantil de l'arr\u00f2s del Delta de l'Ebre - Editorial Mediterr\u00e0nia","isPartOf":{"@id":"https:\/\/editorialmediterrania.com\/es\/#website"},"primaryImageOfPage":{"@id":"https:\/\/editorialmediterrania.com\/es\/producto\/petita-historia-de-larros-del-delta-de-lebre\/#primaryimage"},"image":{"@id":"https:\/\/editorialmediterrania.com\/es\/producto\/petita-historia-de-larros-del-delta-de-lebre\/#primaryimage"},"thumbnailUrl":"https:\/\/editorialmediterrania.com\/wp-content\/uploads\/2021\/08\/9788499797083.png","datePublished":"2021-08-27T12:29:53+00:00","dateModified":"2023-05-22T10:29:27+00:00","description":"La Petita hist\u00f2ria de l'arr\u00f2s del Delta de l'Ebre explica als m\u00e9s petits la Denominaci\u00f3 d'Origen Protegida d'aquest aliment.","breadcrumb":{"@id":"https:\/\/editorialmediterrania.com\/es\/producto\/petita-historia-de-larros-del-delta-de-lebre\/#breadcrumb"},"inLanguage":"es","potentialAction":[{"@type":"ReadAction","target":["https:\/\/editorialmediterrania.com\/es\/producto\/petita-historia-de-larros-del-delta-de-lebre\/"]}]},{"@type":"ImageObject","inLanguage":"es","@id":"https:\/\/editorialmediterrania.com\/es\/producto\/petita-historia-de-larros-del-delta-de-lebre\/#primaryimage","url":"https:\/\/editorialmediterrania.com\/wp-content\/uploads\/2021\/08\/9788499797083.png","contentUrl":"https:\/\/editorialmediterrania.com\/wp-content\/uploads\/2021\/08\/9788499797083.png","width":798,"height":961},{"@type":"BreadcrumbList","@id":"https:\/\/editorialmediterrania.com\/es\/producto\/petita-historia-de-larros-del-delta-de-lebre\/#breadcrumb","itemListElement":[{"@type":"ListItem","position":1,"name":"Tienda de libros infantiles de arte","item":"https:\/\/editorialmediterrania.com\/es\/tienda-de-libros-infantiles-arte\/"},{"@type":"ListItem","position":2,"name":"Petita hist\u00f2ria de l&#8217;arr\u00f2s del Delta de l&#8217;Ebre"}]},{"@type":"WebSite","@id":"https:\/\/editorialmediterrania.com\/es\/#website","url":"https:\/\/editorialmediterrania.com\/es\/","name":"Editorial Mediterrania","description":"Llibres que t\u2019obriran nous mons","publisher":{"@id":"https:\/\/editorialmediterrania.com\/es\/#organization"},"alternateName":"Llibres infantils d'art, cultura i natura","potentialAction":[{"@type":"SearchAction","target":{"@type":"EntryPoint","urlTemplate":"https:\/\/editorialmediterrania.com\/es\/?s={search_term_string}"},"query-input":"required name=search_term_string"}],"inLanguage":"es"},{"@type":"Organization","@id":"https:\/\/editorialmediterrania.com\/es\/#organization","name":"Editorial Mediterrania","alternateName":"Llibres d'art, cultura i natura per infants i fam\u00edlies","url":"https:\/\/editorialmediterrania.com\/es\/","logo":{"@type":"ImageObject","inLanguage":"es","@id":"https:\/\/editorialmediterrania.com\/es\/#\/schema\/logo\/image\/","url":"https:\/\/editorialmediterrania.com\/wp-content\/uploads\/2023\/03\/LOGO-ED_MEDITERRANIA_OK-2.png","contentUrl":"https:\/\/editorialmediterrania.com\/wp-content\/uploads\/2023\/03\/LOGO-ED_MEDITERRANIA_OK-2.png","width":1200,"height":300,"caption":"Editorial Mediterrania"},"image":{"@id":"https:\/\/editorialmediterrania.com\/es\/#\/schema\/logo\/image\/"},"sameAs":["https:\/\/x.com\/edmediterrania","https:\/\/www.instagram.com\/editorialmediterrania\/"]}]}},"_links":{"self":[{"href":"https:\/\/editorialmediterrania.com\/es\/wp-json\/wp\/v2\/product\/35150","targetHints":{"allow":["GET"]}}],"collection":[{"href":"https:\/\/editorialmediterrania.com\/es\/wp-json\/wp\/v2\/product"}],"about":[{"href":"https:\/\/editorialmediterrania.com\/es\/wp-json\/wp\/v2\/types\/product"}],"wp:featuredmedia":[{"embeddable":true,"href":"https:\/\/editorialmediterrania.com\/es\/wp-json\/wp\/v2\/media\/41289"}],"wp:attachment":[{"href":"https:\/\/editorialmediterrania.com\/es\/wp-json\/wp\/v2\/media?parent=35150"}],"wp:term":[{"taxonomy":"product_cat","embeddable":true,"href":"https:\/\/editorialmediterrania.com\/es\/wp-json\/wp\/v2\/product_cat?post=35150"},{"taxonomy":"product_tag","embeddable":true,"href":"https:\/\/editorialmediterrania.com\/es\/wp-json\/wp\/v2\/product_tag?post=35150"},{"taxonomy":"autors","embeddable":true,"href":"https:\/\/editorialmediterrania.com\/es\/wp-json\/wp\/v2\/autors?post=35150"}],"curies":[{"name":"wp","href":"https:\/\/api.w.org\/{rel}","templated":true}]}}