{"id":35424,"date":"2022-03-15T17:26:40","date_gmt":"2022-03-15T16:26:40","guid":{"rendered":"http:\/\/localhost:8888\/mediterrania\/\/?post_type=product&#038;p=35424"},"modified":"2024-03-25T12:42:37","modified_gmt":"2024-03-25T11:42:37","slug":"col%c2%b7leccio-dues-lectures-la-princesa-i-el-pesol-jack-i-la-mongetera","status":"publish","type":"product","link":"https:\/\/editorialmediterrania.com\/es\/producto\/col%c2%b7leccio-dues-lectures-la-princesa-i-el-pesol-jack-i-la-mongetera\/","title":{"rendered":"La princesa i el p\u00e8sol \/ Jack i la mongetera"},"content":{"rendered":"<p>Una nova col\u00b7leccio\u0301 capicua perque\u0300 els me\u0301s petits comencin a llegir de la ma\u0300 d\u2019una de les artistes me\u0301s estimades del pai\u0301s. Per una banda <em>La Caputxeta Vermella<\/em> i si gires el llibre&#8230; <em>En Patufet!<\/em> Amb lletra de pal i lletra lligada per seguir l\u2019evolucio\u0301 lectora dels joves lectors.<\/p>\n<div class=\"column\">\n<p><strong>Il\u00b7lustrats per Pilarin Bay\u00e9s!<\/strong><\/p>\n<\/div>\n","protected":false},"excerpt":{"rendered":"<p>Els contes cla\u0300ssics per llegir en fami\u0301lia!<\/p>\n","protected":false},"featured_media":35449,"template":"","meta":[],"product_cat":[16,6289],"product_tag":[],"autors":[],"class_list":{"0":"post-35424","1":"product","2":"type-product","3":"status-publish","4":"has-post-thumbnail","6":"product_cat-editorial-mediterrania","7":"product_cat-dues-lectures","9":"first","10":"instock","11":"featured","12":"taxable","13":"shipping-taxable","14":"purchasable","15":"product-type-simple","swatches":"rey-swatches","show_selected":""},"acf":[],"yoast_head":"<!-- This site is optimized with the Yoast SEO plugin v22.8 - https:\/\/yoast.com\/wordpress\/plugins\/seo\/ -->\n<title>La princesa i el p\u00e8sol \/ Jack i la mongetera - Editorial Mediterr\u00e0nia<\/title>\n<meta name=\"description\" content=\"En jack i la mongeta i la princesa del p\u00e8sol, una doble lectura per llegir en fam\u00edlia! Pertany a la col\u00b7lecci\u00f3 dues lectures de Pilar\u00edn Bay\u00e9s.\" \/>\n<meta name=\"robots\" content=\"index, follow, max-snippet:-1, max-image-preview:large, max-video-preview:-1\" \/>\n<link rel=\"canonical\" href=\"https:\/\/editorialmediterrania.com\/es\/producto\/col%c2%b7leccio-dues-lectures-la-princesa-i-el-pesol-jack-i-la-mongetera\/\" \/>\n<meta property=\"og:locale\" content=\"es_ES\" \/>\n<meta property=\"og:type\" content=\"article\" \/>\n<meta property=\"og:title\" content=\"La princesa i el p\u00e8sol \/ Jack i la mongetera - Editorial Mediterr\u00e0nia\" \/>\n<meta property=\"og:description\" content=\"En jack i la mongeta i la princesa del p\u00e8sol, una doble lectura per llegir en fam\u00edlia! Pertany a la col\u00b7lecci\u00f3 dues lectures de Pilar\u00edn Bay\u00e9s.\" \/>\n<meta property=\"og:url\" content=\"https:\/\/editorialmediterrania.com\/es\/producto\/col%c2%b7leccio-dues-lectures-la-princesa-i-el-pesol-jack-i-la-mongetera\/\" \/>\n<meta property=\"og:site_name\" content=\"Editorial Mediterr\u00e0nia\" \/>\n<meta property=\"article:modified_time\" content=\"2024-03-25T11:42:37+00:00\" \/>\n<meta property=\"og:image\" content=\"https:\/\/editorialmediterrania.com\/wp-content\/uploads\/2022\/03\/2_Princesa-pesol-scaled.jpeg\" \/>\n\t<meta property=\"og:image:width\" content=\"2560\" \/>\n\t<meta property=\"og:image:height\" content=\"2338\" \/>\n\t<meta property=\"og:image:type\" content=\"image\/jpeg\" \/>\n<meta name=\"twitter:card\" content=\"summary_large_image\" \/>\n<meta name=\"twitter:site\" content=\"@edmediterrania\" \/>\n<meta name=\"twitter:label1\" content=\"Tiempo de lectura\" \/>\n\t<meta name=\"twitter:data1\" content=\"1 minuto\" \/>\n<script type=\"application\/ld+json\" class=\"yoast-schema-graph\">{\"@context\":\"https:\/\/schema.org\",\"@graph\":[{\"@type\":\"WebPage\",\"@id\":\"https:\/\/editorialmediterrania.com\/es\/producto\/col%c2%b7leccio-dues-lectures-la-princesa-i-el-pesol-jack-i-la-mongetera\/\",\"url\":\"https:\/\/editorialmediterrania.com\/es\/producto\/col%c2%b7leccio-dues-lectures-la-princesa-i-el-pesol-jack-i-la-mongetera\/\",\"name\":\"La princesa i el p\u00e8sol \/ Jack i la mongetera - Editorial Mediterr\u00e0nia\",\"isPartOf\":{\"@id\":\"https:\/\/editorialmediterrania.com\/es\/#website\"},\"primaryImageOfPage\":{\"@id\":\"https:\/\/editorialmediterrania.com\/es\/producto\/col%c2%b7leccio-dues-lectures-la-princesa-i-el-pesol-jack-i-la-mongetera\/#primaryimage\"},\"image\":{\"@id\":\"https:\/\/editorialmediterrania.com\/es\/producto\/col%c2%b7leccio-dues-lectures-la-princesa-i-el-pesol-jack-i-la-mongetera\/#primaryimage\"},\"thumbnailUrl\":\"https:\/\/editorialmediterrania.com\/wp-content\/uploads\/2022\/03\/2_Princesa-pesol-scaled.jpeg\",\"datePublished\":\"2022-03-15T16:26:40+00:00\",\"dateModified\":\"2024-03-25T11:42:37+00:00\",\"description\":\"En jack i la mongeta i la princesa del p\u00e8sol, una doble lectura per llegir en fam\u00edlia! Pertany a la col\u00b7lecci\u00f3 dues lectures de Pilar\u00edn Bay\u00e9s.\",\"breadcrumb\":{\"@id\":\"https:\/\/editorialmediterrania.com\/es\/producto\/col%c2%b7leccio-dues-lectures-la-princesa-i-el-pesol-jack-i-la-mongetera\/#breadcrumb\"},\"inLanguage\":\"es\",\"potentialAction\":[{\"@type\":\"ReadAction\",\"target\":[\"https:\/\/editorialmediterrania.com\/es\/producto\/col%c2%b7leccio-dues-lectures-la-princesa-i-el-pesol-jack-i-la-mongetera\/\"]}]},{\"@type\":\"ImageObject\",\"inLanguage\":\"es\",\"@id\":\"https:\/\/editorialmediterrania.com\/es\/producto\/col%c2%b7leccio-dues-lectures-la-princesa-i-el-pesol-jack-i-la-mongetera\/#primaryimage\",\"url\":\"https:\/\/editorialmediterrania.com\/wp-content\/uploads\/2022\/03\/2_Princesa-pesol-scaled.jpeg\",\"contentUrl\":\"https:\/\/editorialmediterrania.com\/wp-content\/uploads\/2022\/03\/2_Princesa-pesol-scaled.jpeg\",\"width\":2560,\"height\":2338},{\"@type\":\"BreadcrumbList\",\"@id\":\"https:\/\/editorialmediterrania.com\/es\/producto\/col%c2%b7leccio-dues-lectures-la-princesa-i-el-pesol-jack-i-la-mongetera\/#breadcrumb\",\"itemListElement\":[{\"@type\":\"ListItem\",\"position\":1,\"name\":\"Tienda de libros infantiles de arte\",\"item\":\"https:\/\/editorialmediterrania.com\/es\/tienda-de-libros-infantiles-arte\/\"},{\"@type\":\"ListItem\",\"position\":2,\"name\":\"La princesa i el p\u00e8sol \/ Jack i la mongetera\"}]},{\"@type\":\"WebSite\",\"@id\":\"https:\/\/editorialmediterrania.com\/es\/#website\",\"url\":\"https:\/\/editorialmediterrania.com\/es\/\",\"name\":\"Editorial Mediterrania\",\"description\":\"Llibres que t\u2019obriran nous mons\",\"publisher\":{\"@id\":\"https:\/\/editorialmediterrania.com\/es\/#organization\"},\"alternateName\":\"Llibres infantils d'art, cultura i natura\",\"potentialAction\":[{\"@type\":\"SearchAction\",\"target\":{\"@type\":\"EntryPoint\",\"urlTemplate\":\"https:\/\/editorialmediterrania.com\/es\/?s={search_term_string}\"},\"query-input\":\"required name=search_term_string\"}],\"inLanguage\":\"es\"},{\"@type\":\"Organization\",\"@id\":\"https:\/\/editorialmediterrania.com\/es\/#organization\",\"name\":\"Editorial Mediterrania\",\"alternateName\":\"Llibres d'art, cultura i natura per infants i fam\u00edlies\",\"url\":\"https:\/\/editorialmediterrania.com\/es\/\",\"logo\":{\"@type\":\"ImageObject\",\"inLanguage\":\"es\",\"@id\":\"https:\/\/editorialmediterrania.com\/es\/#\/schema\/logo\/image\/\",\"url\":\"https:\/\/editorialmediterrania.com\/wp-content\/uploads\/2023\/03\/LOGO-ED_MEDITERRANIA_OK-2.png\",\"contentUrl\":\"https:\/\/editorialmediterrania.com\/wp-content\/uploads\/2023\/03\/LOGO-ED_MEDITERRANIA_OK-2.png\",\"width\":1200,\"height\":300,\"caption\":\"Editorial Mediterrania\"},\"image\":{\"@id\":\"https:\/\/editorialmediterrania.com\/es\/#\/schema\/logo\/image\/\"},\"sameAs\":[\"https:\/\/x.com\/edmediterrania\",\"https:\/\/www.instagram.com\/editorialmediterrania\/\"]}]}<\/script>\n<!-- \/ Yoast SEO plugin. -->","yoast_head_json":{"title":"La princesa i el p\u00e8sol \/ Jack i la mongetera - Editorial Mediterr\u00e0nia","description":"En jack i la mongeta i la princesa del p\u00e8sol, una doble lectura per llegir en fam\u00edlia! Pertany a la col\u00b7lecci\u00f3 dues lectures de Pilar\u00edn Bay\u00e9s.","robots":{"index":"index","follow":"follow","max-snippet":"max-snippet:-1","max-image-preview":"max-image-preview:large","max-video-preview":"max-video-preview:-1"},"canonical":"https:\/\/editorialmediterrania.com\/es\/producto\/col%c2%b7leccio-dues-lectures-la-princesa-i-el-pesol-jack-i-la-mongetera\/","og_locale":"es_ES","og_type":"article","og_title":"La princesa i el p\u00e8sol \/ Jack i la mongetera - Editorial Mediterr\u00e0nia","og_description":"En jack i la mongeta i la princesa del p\u00e8sol, una doble lectura per llegir en fam\u00edlia! Pertany a la col\u00b7lecci\u00f3 dues lectures de Pilar\u00edn Bay\u00e9s.","og_url":"https:\/\/editorialmediterrania.com\/es\/producto\/col%c2%b7leccio-dues-lectures-la-princesa-i-el-pesol-jack-i-la-mongetera\/","og_site_name":"Editorial Mediterr\u00e0nia","article_modified_time":"2024-03-25T11:42:37+00:00","og_image":[{"width":2560,"height":2338,"url":"https:\/\/editorialmediterrania.com\/wp-content\/uploads\/2022\/03\/2_Princesa-pesol-scaled.jpeg","type":"image\/jpeg"}],"twitter_card":"summary_large_image","twitter_site":"@edmediterrania","twitter_misc":{"Tiempo de lectura":"1 minuto"},"schema":{"@context":"https:\/\/schema.org","@graph":[{"@type":"WebPage","@id":"https:\/\/editorialmediterrania.com\/es\/producto\/col%c2%b7leccio-dues-lectures-la-princesa-i-el-pesol-jack-i-la-mongetera\/","url":"https:\/\/editorialmediterrania.com\/es\/producto\/col%c2%b7leccio-dues-lectures-la-princesa-i-el-pesol-jack-i-la-mongetera\/","name":"La princesa i el p\u00e8sol \/ Jack i la mongetera - Editorial Mediterr\u00e0nia","isPartOf":{"@id":"https:\/\/editorialmediterrania.com\/es\/#website"},"primaryImageOfPage":{"@id":"https:\/\/editorialmediterrania.com\/es\/producto\/col%c2%b7leccio-dues-lectures-la-princesa-i-el-pesol-jack-i-la-mongetera\/#primaryimage"},"image":{"@id":"https:\/\/editorialmediterrania.com\/es\/producto\/col%c2%b7leccio-dues-lectures-la-princesa-i-el-pesol-jack-i-la-mongetera\/#primaryimage"},"thumbnailUrl":"https:\/\/editorialmediterrania.com\/wp-content\/uploads\/2022\/03\/2_Princesa-pesol-scaled.jpeg","datePublished":"2022-03-15T16:26:40+00:00","dateModified":"2024-03-25T11:42:37+00:00","description":"En jack i la mongeta i la princesa del p\u00e8sol, una doble lectura per llegir en fam\u00edlia! Pertany a la col\u00b7lecci\u00f3 dues lectures de Pilar\u00edn Bay\u00e9s.","breadcrumb":{"@id":"https:\/\/editorialmediterrania.com\/es\/producto\/col%c2%b7leccio-dues-lectures-la-princesa-i-el-pesol-jack-i-la-mongetera\/#breadcrumb"},"inLanguage":"es","potentialAction":[{"@type":"ReadAction","target":["https:\/\/editorialmediterrania.com\/es\/producto\/col%c2%b7leccio-dues-lectures-la-princesa-i-el-pesol-jack-i-la-mongetera\/"]}]},{"@type":"ImageObject","inLanguage":"es","@id":"https:\/\/editorialmediterrania.com\/es\/producto\/col%c2%b7leccio-dues-lectures-la-princesa-i-el-pesol-jack-i-la-mongetera\/#primaryimage","url":"https:\/\/editorialmediterrania.com\/wp-content\/uploads\/2022\/03\/2_Princesa-pesol-scaled.jpeg","contentUrl":"https:\/\/editorialmediterrania.com\/wp-content\/uploads\/2022\/03\/2_Princesa-pesol-scaled.jpeg","width":2560,"height":2338},{"@type":"BreadcrumbList","@id":"https:\/\/editorialmediterrania.com\/es\/producto\/col%c2%b7leccio-dues-lectures-la-princesa-i-el-pesol-jack-i-la-mongetera\/#breadcrumb","itemListElement":[{"@type":"ListItem","position":1,"name":"Tienda de libros infantiles de arte","item":"https:\/\/editorialmediterrania.com\/es\/tienda-de-libros-infantiles-arte\/"},{"@type":"ListItem","position":2,"name":"La princesa i el p\u00e8sol \/ Jack i la mongetera"}]},{"@type":"WebSite","@id":"https:\/\/editorialmediterrania.com\/es\/#website","url":"https:\/\/editorialmediterrania.com\/es\/","name":"Editorial Mediterrania","description":"Llibres que t\u2019obriran nous mons","publisher":{"@id":"https:\/\/editorialmediterrania.com\/es\/#organization"},"alternateName":"Llibres infantils d'art, cultura i natura","potentialAction":[{"@type":"SearchAction","target":{"@type":"EntryPoint","urlTemplate":"https:\/\/editorialmediterrania.com\/es\/?s={search_term_string}"},"query-input":"required name=search_term_string"}],"inLanguage":"es"},{"@type":"Organization","@id":"https:\/\/editorialmediterrania.com\/es\/#organization","name":"Editorial Mediterrania","alternateName":"Llibres d'art, cultura i natura per infants i fam\u00edlies","url":"https:\/\/editorialmediterrania.com\/es\/","logo":{"@type":"ImageObject","inLanguage":"es","@id":"https:\/\/editorialmediterrania.com\/es\/#\/schema\/logo\/image\/","url":"https:\/\/editorialmediterrania.com\/wp-content\/uploads\/2023\/03\/LOGO-ED_MEDITERRANIA_OK-2.png","contentUrl":"https:\/\/editorialmediterrania.com\/wp-content\/uploads\/2023\/03\/LOGO-ED_MEDITERRANIA_OK-2.png","width":1200,"height":300,"caption":"Editorial Mediterrania"},"image":{"@id":"https:\/\/editorialmediterrania.com\/es\/#\/schema\/logo\/image\/"},"sameAs":["https:\/\/x.com\/edmediterrania","https:\/\/www.instagram.com\/editorialmediterrania\/"]}]}},"_links":{"self":[{"href":"https:\/\/editorialmediterrania.com\/es\/wp-json\/wp\/v2\/product\/35424","targetHints":{"allow":["GET"]}}],"collection":[{"href":"https:\/\/editorialmediterrania.com\/es\/wp-json\/wp\/v2\/product"}],"about":[{"href":"https:\/\/editorialmediterrania.com\/es\/wp-json\/wp\/v2\/types\/product"}],"wp:featuredmedia":[{"embeddable":true,"href":"https:\/\/editorialmediterrania.com\/es\/wp-json\/wp\/v2\/media\/35449"}],"wp:attachment":[{"href":"https:\/\/editorialmediterrania.com\/es\/wp-json\/wp\/v2\/media?parent=35424"}],"wp:term":[{"taxonomy":"product_cat","embeddable":true,"href":"https:\/\/editorialmediterrania.com\/es\/wp-json\/wp\/v2\/product_cat?post=35424"},{"taxonomy":"product_tag","embeddable":true,"href":"https:\/\/editorialmediterrania.com\/es\/wp-json\/wp\/v2\/product_tag?post=35424"},{"taxonomy":"autors","embeddable":true,"href":"https:\/\/editorialmediterrania.com\/es\/wp-json\/wp\/v2\/autors?post=35424"}],"curies":[{"name":"wp","href":"https:\/\/api.w.org\/{rel}","templated":true}]}}