{"id":35443,"date":"2022-03-15T17:44:28","date_gmt":"2022-03-15T16:49:52","guid":{"rendered":"http:\/\/localhost:8888\/mediterrania\/\/?post_type=product&#038;p=35443"},"modified":"2025-03-11T13:04:05","modified_gmt":"2025-03-11T12:04:05","slug":"uaaau-recursos-para-acercar-el-arte-al-aula","status":"publish","type":"product","link":"https:\/\/editorialmediterrania.com\/es\/producto\/uaaau-recursos-para-acercar-el-arte-al-aula\/","title":{"rendered":"UAAAU! Recursos para acercar el arte al aula"},"content":{"rendered":"<div class=\"page\" title=\"P\u00e1gina 1\">\n<div class=\"layoutArea\">\n<div class=\"column\">\n<p>\u00bfQu\u00e9 encontrar\u00e1s?<\/p>\n<ul>\n<li>Propuestas art\u00edsticas f\u00e1ciles, econ\u00f3micas y sostenibles.<\/li>\n<li>Asesoramiento sobre material y equipamiento que har\u00e1n de vuestras aulas aut\u00e9nticos <strong>talleres de arte<\/strong>.<\/li>\n<li>Hilos conductores que os llevar\u00e1n a explorar diferentes universos creativos.<\/li>\n<li>Consejos para atrevir-se a experimentar sin complejos.<\/li>\n<li>I&#8230;\u00a1MUCHO AMOR POR EL <strong>ARTE<\/strong>!<\/li>\n<\/ul>\n<\/div>\n<\/div>\n<\/div>\n","protected":false},"excerpt":{"rendered":"<p>\u00a1El libro que el <strong>profesorado de nuestro pa\u00eds<\/strong> estaba esperando! \u00a1Versi\u00f3n en castellano y catal\u00e1n! <\/p>\n<p>Un Proyecto de<strong> <a href=\"https:\/\/www.koalaartforkids.com\/\">Koala Art for Kids<\/a><\/strong>, ilustrado por <strong>Luisa Vera<\/strong>.<\/p>\n","protected":false},"featured_media":35442,"template":"","meta":[],"product_cat":[30,28],"product_tag":[],"autors":[],"class_list":{"0":"post-35443","1":"product","2":"type-product","3":"status-publish","4":"has-post-thumbnail","6":"product_cat-editorial-mediterrania","7":"product_cat-arte-en-familia","9":"first","10":"instock","11":"featured","12":"taxable","13":"shipping-taxable","14":"purchasable","15":"product-type-variable","swatches":"rey-swatches","show_selected":""},"acf":[],"yoast_head":"<!-- This site is optimized with the Yoast SEO plugin v22.8 - https:\/\/yoast.com\/wordpress\/plugins\/seo\/ -->\n<title>UAAAU! Recursos para acercar el arte al aula - Editorial Mediterr\u00e0nia<\/title>\n<meta name=\"description\" content=\"\u00a1El llibre que el profesorado de nuestro pa\u00eds estaba esperando! Un Proyecto de Koala Art for Kids, ilustrado por Luisa Vera.\" \/>\n<meta name=\"robots\" content=\"index, follow, max-snippet:-1, max-image-preview:large, max-video-preview:-1\" \/>\n<link rel=\"canonical\" href=\"https:\/\/editorialmediterrania.com\/es\/producto\/uaaau-recursos-para-acercar-el-arte-al-aula\/\" \/>\n<meta property=\"og:locale\" content=\"es_ES\" \/>\n<meta property=\"og:type\" content=\"article\" \/>\n<meta property=\"og:title\" content=\"UAAAU! Recursos para acercar el arte al aula - Editorial Mediterr\u00e0nia\" \/>\n<meta property=\"og:description\" content=\"\u00a1El llibre que el profesorado de nuestro pa\u00eds estaba esperando! Un Proyecto de Koala Art for Kids, ilustrado por Luisa Vera.\" \/>\n<meta property=\"og:url\" content=\"https:\/\/editorialmediterrania.com\/es\/producto\/uaaau-recursos-para-acercar-el-arte-al-aula\/\" \/>\n<meta property=\"og:site_name\" content=\"Editorial Mediterr\u00e0nia\" \/>\n<meta property=\"article:modified_time\" content=\"2025-03-11T12:04:05+00:00\" \/>\n<meta property=\"og:image\" content=\"https:\/\/editorialmediterrania.com\/wp-content\/uploads\/2023\/08\/9788499797236-3.png\" \/>\n\t<meta property=\"og:image:width\" content=\"229\" \/>\n\t<meta property=\"og:image:height\" content=\"301\" \/>\n\t<meta property=\"og:image:type\" content=\"image\/png\" \/>\n<meta name=\"twitter:card\" content=\"summary_large_image\" \/>\n<meta name=\"twitter:site\" content=\"@edmediterrania\" \/>\n<meta name=\"twitter:label1\" content=\"Tiempo de lectura\" \/>\n\t<meta name=\"twitter:data1\" content=\"1 minuto\" \/>\n<script type=\"application\/ld+json\" class=\"yoast-schema-graph\">{\"@context\":\"https:\/\/schema.org\",\"@graph\":[{\"@type\":\"WebPage\",\"@id\":\"https:\/\/editorialmediterrania.com\/es\/producto\/uaaau-recursos-para-acercar-el-arte-al-aula\/\",\"url\":\"https:\/\/editorialmediterrania.com\/es\/producto\/uaaau-recursos-para-acercar-el-arte-al-aula\/\",\"name\":\"UAAAU! Recursos para acercar el arte al aula - Editorial Mediterr\u00e0nia\",\"isPartOf\":{\"@id\":\"https:\/\/editorialmediterrania.com\/es\/#website\"},\"primaryImageOfPage\":{\"@id\":\"https:\/\/editorialmediterrania.com\/es\/producto\/uaaau-recursos-para-acercar-el-arte-al-aula\/#primaryimage\"},\"image\":{\"@id\":\"https:\/\/editorialmediterrania.com\/es\/producto\/uaaau-recursos-para-acercar-el-arte-al-aula\/#primaryimage\"},\"thumbnailUrl\":\"https:\/\/editorialmediterrania.com\/wp-content\/uploads\/2023\/08\/9788499797236-3.png\",\"datePublished\":\"2022-03-15T16:49:52+00:00\",\"dateModified\":\"2025-03-11T12:04:05+00:00\",\"description\":\"\u00a1El llibre que el profesorado de nuestro pa\u00eds estaba esperando! Un Proyecto de Koala Art for Kids, ilustrado por Luisa Vera.\",\"breadcrumb\":{\"@id\":\"https:\/\/editorialmediterrania.com\/es\/producto\/uaaau-recursos-para-acercar-el-arte-al-aula\/#breadcrumb\"},\"inLanguage\":\"es\",\"potentialAction\":[{\"@type\":\"ReadAction\",\"target\":[\"https:\/\/editorialmediterrania.com\/es\/producto\/uaaau-recursos-para-acercar-el-arte-al-aula\/\"]}]},{\"@type\":\"ImageObject\",\"inLanguage\":\"es\",\"@id\":\"https:\/\/editorialmediterrania.com\/es\/producto\/uaaau-recursos-para-acercar-el-arte-al-aula\/#primaryimage\",\"url\":\"https:\/\/editorialmediterrania.com\/wp-content\/uploads\/2023\/08\/9788499797236-3.png\",\"contentUrl\":\"https:\/\/editorialmediterrania.com\/wp-content\/uploads\/2023\/08\/9788499797236-3.png\",\"width\":229,\"height\":301},{\"@type\":\"BreadcrumbList\",\"@id\":\"https:\/\/editorialmediterrania.com\/es\/producto\/uaaau-recursos-para-acercar-el-arte-al-aula\/#breadcrumb\",\"itemListElement\":[{\"@type\":\"ListItem\",\"position\":1,\"name\":\"Tienda de libros infantiles de arte\",\"item\":\"https:\/\/editorialmediterrania.com\/es\/tienda-de-libros-infantiles-arte\/\"},{\"@type\":\"ListItem\",\"position\":2,\"name\":\"UAAAU! Recursos para acercar el arte al aula\"}]},{\"@type\":\"WebSite\",\"@id\":\"https:\/\/editorialmediterrania.com\/es\/#website\",\"url\":\"https:\/\/editorialmediterrania.com\/es\/\",\"name\":\"Editorial Mediterrania\",\"description\":\"Llibres que t\u2019obriran nous mons\",\"publisher\":{\"@id\":\"https:\/\/editorialmediterrania.com\/es\/#organization\"},\"alternateName\":\"Llibres infantils d'art, cultura i natura\",\"potentialAction\":[{\"@type\":\"SearchAction\",\"target\":{\"@type\":\"EntryPoint\",\"urlTemplate\":\"https:\/\/editorialmediterrania.com\/es\/?s={search_term_string}\"},\"query-input\":\"required name=search_term_string\"}],\"inLanguage\":\"es\"},{\"@type\":\"Organization\",\"@id\":\"https:\/\/editorialmediterrania.com\/es\/#organization\",\"name\":\"Editorial Mediterrania\",\"alternateName\":\"Llibres d'art, cultura i natura per infants i fam\u00edlies\",\"url\":\"https:\/\/editorialmediterrania.com\/es\/\",\"logo\":{\"@type\":\"ImageObject\",\"inLanguage\":\"es\",\"@id\":\"https:\/\/editorialmediterrania.com\/es\/#\/schema\/logo\/image\/\",\"url\":\"https:\/\/editorialmediterrania.com\/wp-content\/uploads\/2023\/03\/LOGO-ED_MEDITERRANIA_OK-2.png\",\"contentUrl\":\"https:\/\/editorialmediterrania.com\/wp-content\/uploads\/2023\/03\/LOGO-ED_MEDITERRANIA_OK-2.png\",\"width\":1200,\"height\":300,\"caption\":\"Editorial Mediterrania\"},\"image\":{\"@id\":\"https:\/\/editorialmediterrania.com\/es\/#\/schema\/logo\/image\/\"},\"sameAs\":[\"https:\/\/x.com\/edmediterrania\",\"https:\/\/www.instagram.com\/editorialmediterrania\/\"]}]}<\/script>\n<!-- \/ Yoast SEO plugin. -->","yoast_head_json":{"title":"UAAAU! Recursos para acercar el arte al aula - Editorial Mediterr\u00e0nia","description":"\u00a1El llibre que el profesorado de nuestro pa\u00eds estaba esperando! Un Proyecto de Koala Art for Kids, ilustrado por Luisa Vera.","robots":{"index":"index","follow":"follow","max-snippet":"max-snippet:-1","max-image-preview":"max-image-preview:large","max-video-preview":"max-video-preview:-1"},"canonical":"https:\/\/editorialmediterrania.com\/es\/producto\/uaaau-recursos-para-acercar-el-arte-al-aula\/","og_locale":"es_ES","og_type":"article","og_title":"UAAAU! Recursos para acercar el arte al aula - Editorial Mediterr\u00e0nia","og_description":"\u00a1El llibre que el profesorado de nuestro pa\u00eds estaba esperando! Un Proyecto de Koala Art for Kids, ilustrado por Luisa Vera.","og_url":"https:\/\/editorialmediterrania.com\/es\/producto\/uaaau-recursos-para-acercar-el-arte-al-aula\/","og_site_name":"Editorial Mediterr\u00e0nia","article_modified_time":"2025-03-11T12:04:05+00:00","og_image":[{"width":229,"height":301,"url":"https:\/\/editorialmediterrania.com\/wp-content\/uploads\/2023\/08\/9788499797236-3.png","type":"image\/png"}],"twitter_card":"summary_large_image","twitter_site":"@edmediterrania","twitter_misc":{"Tiempo de lectura":"1 minuto"},"schema":{"@context":"https:\/\/schema.org","@graph":[{"@type":"WebPage","@id":"https:\/\/editorialmediterrania.com\/es\/producto\/uaaau-recursos-para-acercar-el-arte-al-aula\/","url":"https:\/\/editorialmediterrania.com\/es\/producto\/uaaau-recursos-para-acercar-el-arte-al-aula\/","name":"UAAAU! Recursos para acercar el arte al aula - Editorial Mediterr\u00e0nia","isPartOf":{"@id":"https:\/\/editorialmediterrania.com\/es\/#website"},"primaryImageOfPage":{"@id":"https:\/\/editorialmediterrania.com\/es\/producto\/uaaau-recursos-para-acercar-el-arte-al-aula\/#primaryimage"},"image":{"@id":"https:\/\/editorialmediterrania.com\/es\/producto\/uaaau-recursos-para-acercar-el-arte-al-aula\/#primaryimage"},"thumbnailUrl":"https:\/\/editorialmediterrania.com\/wp-content\/uploads\/2023\/08\/9788499797236-3.png","datePublished":"2022-03-15T16:49:52+00:00","dateModified":"2025-03-11T12:04:05+00:00","description":"\u00a1El llibre que el profesorado de nuestro pa\u00eds estaba esperando! Un Proyecto de Koala Art for Kids, ilustrado por Luisa Vera.","breadcrumb":{"@id":"https:\/\/editorialmediterrania.com\/es\/producto\/uaaau-recursos-para-acercar-el-arte-al-aula\/#breadcrumb"},"inLanguage":"es","potentialAction":[{"@type":"ReadAction","target":["https:\/\/editorialmediterrania.com\/es\/producto\/uaaau-recursos-para-acercar-el-arte-al-aula\/"]}]},{"@type":"ImageObject","inLanguage":"es","@id":"https:\/\/editorialmediterrania.com\/es\/producto\/uaaau-recursos-para-acercar-el-arte-al-aula\/#primaryimage","url":"https:\/\/editorialmediterrania.com\/wp-content\/uploads\/2023\/08\/9788499797236-3.png","contentUrl":"https:\/\/editorialmediterrania.com\/wp-content\/uploads\/2023\/08\/9788499797236-3.png","width":229,"height":301},{"@type":"BreadcrumbList","@id":"https:\/\/editorialmediterrania.com\/es\/producto\/uaaau-recursos-para-acercar-el-arte-al-aula\/#breadcrumb","itemListElement":[{"@type":"ListItem","position":1,"name":"Tienda de libros infantiles de arte","item":"https:\/\/editorialmediterrania.com\/es\/tienda-de-libros-infantiles-arte\/"},{"@type":"ListItem","position":2,"name":"UAAAU! Recursos para acercar el arte al aula"}]},{"@type":"WebSite","@id":"https:\/\/editorialmediterrania.com\/es\/#website","url":"https:\/\/editorialmediterrania.com\/es\/","name":"Editorial Mediterrania","description":"Llibres que t\u2019obriran nous mons","publisher":{"@id":"https:\/\/editorialmediterrania.com\/es\/#organization"},"alternateName":"Llibres infantils d'art, cultura i natura","potentialAction":[{"@type":"SearchAction","target":{"@type":"EntryPoint","urlTemplate":"https:\/\/editorialmediterrania.com\/es\/?s={search_term_string}"},"query-input":"required name=search_term_string"}],"inLanguage":"es"},{"@type":"Organization","@id":"https:\/\/editorialmediterrania.com\/es\/#organization","name":"Editorial Mediterrania","alternateName":"Llibres d'art, cultura i natura per infants i fam\u00edlies","url":"https:\/\/editorialmediterrania.com\/es\/","logo":{"@type":"ImageObject","inLanguage":"es","@id":"https:\/\/editorialmediterrania.com\/es\/#\/schema\/logo\/image\/","url":"https:\/\/editorialmediterrania.com\/wp-content\/uploads\/2023\/03\/LOGO-ED_MEDITERRANIA_OK-2.png","contentUrl":"https:\/\/editorialmediterrania.com\/wp-content\/uploads\/2023\/03\/LOGO-ED_MEDITERRANIA_OK-2.png","width":1200,"height":300,"caption":"Editorial Mediterrania"},"image":{"@id":"https:\/\/editorialmediterrania.com\/es\/#\/schema\/logo\/image\/"},"sameAs":["https:\/\/x.com\/edmediterrania","https:\/\/www.instagram.com\/editorialmediterrania\/"]}]}},"_links":{"self":[{"href":"https:\/\/editorialmediterrania.com\/es\/wp-json\/wp\/v2\/product\/35443","targetHints":{"allow":["GET"]}}],"collection":[{"href":"https:\/\/editorialmediterrania.com\/es\/wp-json\/wp\/v2\/product"}],"about":[{"href":"https:\/\/editorialmediterrania.com\/es\/wp-json\/wp\/v2\/types\/product"}],"wp:featuredmedia":[{"embeddable":true,"href":"https:\/\/editorialmediterrania.com\/es\/wp-json\/wp\/v2\/media\/35442"}],"wp:attachment":[{"href":"https:\/\/editorialmediterrania.com\/es\/wp-json\/wp\/v2\/media?parent=35443"}],"wp:term":[{"taxonomy":"product_cat","embeddable":true,"href":"https:\/\/editorialmediterrania.com\/es\/wp-json\/wp\/v2\/product_cat?post=35443"},{"taxonomy":"product_tag","embeddable":true,"href":"https:\/\/editorialmediterrania.com\/es\/wp-json\/wp\/v2\/product_tag?post=35443"},{"taxonomy":"autors","embeddable":true,"href":"https:\/\/editorialmediterrania.com\/es\/wp-json\/wp\/v2\/autors?post=35443"}],"curies":[{"name":"wp","href":"https:\/\/api.w.org\/{rel}","templated":true}]}}