{"id":3862,"date":"2013-02-12T16:55:12","date_gmt":"2013-02-12T15:55:12","guid":{"rendered":"http:\/\/editorialmediterraneatest.grupoormo.com\/product\/producto\/petita-historia-de-ripoll-2\/"},"modified":"2015-08-17T20:23:28","modified_gmt":"2015-08-17T18:23:28","slug":"petita-historia-de-ripoll","status":"publish","type":"product","link":"https:\/\/editorialmediterrania.com\/es\/producto\/petita-historia-de-ripoll\/","title":{"rendered":"Petita Hist\u00f2ria de Ripoll"},"content":{"rendered":"<p style=\"text-align: justify;\">Esta peque\u00f1a historia explica a los ni\u00f1os y ni\u00f1as, de manera amena y rigurosa, todo lo que ha sucedido en la villa de Ripoll des de hace m\u00e1s de mil a\u00f1os. El texto va acompa\u00f1ado de las ilustraciones a todo color de Pilar\u00edn Bay\u00e9s.<\/p>\n","protected":false},"excerpt":{"rendered":"<p>Esta peque\u00f1a historia explica a los ni\u00f1os y ni\u00f1as, de manera amena y rigurosa, todo lo que ha sucedido en la villa de Ripoll des de hace m\u00e1s de mil a\u00f1os. El texto va acompa\u00f1ado de las ilustraciones a todo color de Pilar\u00edn Bay\u00e9s.<\/p>\n","protected":false},"featured_media":21561,"template":"","meta":[],"product_cat":[30,103],"product_tag":[393,6058,6000,6019,6001,396],"autors":[],"class_list":{"0":"post-3862","1":"product","2":"type-product","3":"status-publish","4":"has-post-thumbnail","6":"product_cat-editorial-mediterrania","7":"product_cat-pequenas-historias","8":"product_tag-libro-infantil-es","9":"product_tag-llibre-de-contes-es","10":"product_tag-llibre-per-nens-es","11":"product_tag-llibres-de-contes-es","12":"product_tag-llibres-infantils-es","13":"product_tag-pilarin-bayes-es","15":"first","16":"outofstock","17":"purchasable","18":"product-type-simple","swatches":"rey-swatches","show_selected":""},"acf":[],"yoast_head":"<!-- This site is optimized with the Yoast SEO plugin v22.8 - https:\/\/yoast.com\/wordpress\/plugins\/seo\/ -->\n<title>Petita Hist\u00f2ria de Ripoll - Editorial Mediterrania<\/title>\n<meta name=\"description\" content=\"Libro infantil educativo peque\u00f1a historia sobre la fundaci\u00f3n, los festejos y lugares m\u00e1s importantes de Ripoll, para ni\u00f1os y ni\u00f1as entre 8 y 12 a\u00f1os\" \/>\n<meta name=\"robots\" content=\"index, follow, max-snippet:-1, max-image-preview:large, max-video-preview:-1\" \/>\n<link rel=\"canonical\" href=\"https:\/\/editorialmediterrania.com\/es\/producto\/petita-historia-de-ripoll\/\" \/>\n<meta property=\"og:locale\" content=\"es_ES\" \/>\n<meta property=\"og:type\" content=\"article\" \/>\n<meta property=\"og:title\" content=\"Petita Hist\u00f2ria de Ripoll - Editorial Mediterrania\" \/>\n<meta property=\"og:description\" content=\"Libro infantil educativo peque\u00f1a historia sobre la fundaci\u00f3n, los festejos y lugares m\u00e1s importantes de Ripoll, para ni\u00f1os y ni\u00f1as entre 8 y 12 a\u00f1os\" \/>\n<meta property=\"og:url\" content=\"https:\/\/editorialmediterrania.com\/es\/producto\/petita-historia-de-ripoll\/\" \/>\n<meta property=\"og:site_name\" content=\"Editorial Mediterr\u00e0nia\" \/>\n<meta property=\"article:modified_time\" content=\"2015-08-17T18:23:28+00:00\" \/>\n<meta property=\"og:image\" content=\"https:\/\/editorialmediterrania.com\/wp-content\/uploads\/2013\/02\/Petita-Historia-de-Ripoll.jpg\" \/>\n\t<meta property=\"og:image:width\" content=\"600\" \/>\n\t<meta property=\"og:image:height\" content=\"755\" \/>\n\t<meta property=\"og:image:type\" content=\"image\/jpeg\" \/>\n<meta name=\"twitter:card\" content=\"summary_large_image\" \/>\n<meta name=\"twitter:site\" content=\"@edmediterrania\" \/>\n<script type=\"application\/ld+json\" class=\"yoast-schema-graph\">{\"@context\":\"https:\/\/schema.org\",\"@graph\":[{\"@type\":\"WebPage\",\"@id\":\"https:\/\/editorialmediterrania.com\/es\/producto\/petita-historia-de-ripoll\/\",\"url\":\"https:\/\/editorialmediterrania.com\/es\/producto\/petita-historia-de-ripoll\/\",\"name\":\"Petita Hist\u00f2ria de Ripoll - Editorial Mediterrania\",\"isPartOf\":{\"@id\":\"https:\/\/editorialmediterrania.com\/es\/#website\"},\"primaryImageOfPage\":{\"@id\":\"https:\/\/editorialmediterrania.com\/es\/producto\/petita-historia-de-ripoll\/#primaryimage\"},\"image\":{\"@id\":\"https:\/\/editorialmediterrania.com\/es\/producto\/petita-historia-de-ripoll\/#primaryimage\"},\"thumbnailUrl\":\"https:\/\/editorialmediterrania.com\/wp-content\/uploads\/2013\/02\/Petita-Historia-de-Ripoll.jpg\",\"datePublished\":\"2013-02-12T15:55:12+00:00\",\"dateModified\":\"2015-08-17T18:23:28+00:00\",\"description\":\"Libro infantil educativo peque\u00f1a historia sobre la fundaci\u00f3n, los festejos y lugares m\u00e1s importantes de Ripoll, para ni\u00f1os y ni\u00f1as entre 8 y 12 a\u00f1os\",\"breadcrumb\":{\"@id\":\"https:\/\/editorialmediterrania.com\/es\/producto\/petita-historia-de-ripoll\/#breadcrumb\"},\"inLanguage\":\"es\",\"potentialAction\":[{\"@type\":\"ReadAction\",\"target\":[\"https:\/\/editorialmediterrania.com\/es\/producto\/petita-historia-de-ripoll\/\"]}]},{\"@type\":\"ImageObject\",\"inLanguage\":\"es\",\"@id\":\"https:\/\/editorialmediterrania.com\/es\/producto\/petita-historia-de-ripoll\/#primaryimage\",\"url\":\"https:\/\/editorialmediterrania.com\/wp-content\/uploads\/2013\/02\/Petita-Historia-de-Ripoll.jpg\",\"contentUrl\":\"https:\/\/editorialmediterrania.com\/wp-content\/uploads\/2013\/02\/Petita-Historia-de-Ripoll.jpg\",\"width\":600,\"height\":755,\"caption\":\"Petita-Historia-de-Ripoll - Editorial Mediterr\u00e0nia\"},{\"@type\":\"BreadcrumbList\",\"@id\":\"https:\/\/editorialmediterrania.com\/es\/producto\/petita-historia-de-ripoll\/#breadcrumb\",\"itemListElement\":[{\"@type\":\"ListItem\",\"position\":1,\"name\":\"Tienda de libros infantiles de arte\",\"item\":\"https:\/\/editorialmediterrania.com\/es\/tienda-de-libros-infantiles-arte\/\"},{\"@type\":\"ListItem\",\"position\":2,\"name\":\"Petita Hist\u00f2ria de Ripoll\"}]},{\"@type\":\"WebSite\",\"@id\":\"https:\/\/editorialmediterrania.com\/es\/#website\",\"url\":\"https:\/\/editorialmediterrania.com\/es\/\",\"name\":\"Editorial Mediterrania\",\"description\":\"Llibres que t\u2019obriran nous mons\",\"publisher\":{\"@id\":\"https:\/\/editorialmediterrania.com\/es\/#organization\"},\"alternateName\":\"Llibres infantils d'art, cultura i natura\",\"potentialAction\":[{\"@type\":\"SearchAction\",\"target\":{\"@type\":\"EntryPoint\",\"urlTemplate\":\"https:\/\/editorialmediterrania.com\/es\/?s={search_term_string}\"},\"query-input\":\"required name=search_term_string\"}],\"inLanguage\":\"es\"},{\"@type\":\"Organization\",\"@id\":\"https:\/\/editorialmediterrania.com\/es\/#organization\",\"name\":\"Editorial Mediterrania\",\"alternateName\":\"Llibres d'art, cultura i natura per infants i fam\u00edlies\",\"url\":\"https:\/\/editorialmediterrania.com\/es\/\",\"logo\":{\"@type\":\"ImageObject\",\"inLanguage\":\"es\",\"@id\":\"https:\/\/editorialmediterrania.com\/es\/#\/schema\/logo\/image\/\",\"url\":\"https:\/\/editorialmediterrania.com\/wp-content\/uploads\/2023\/03\/LOGO-ED_MEDITERRANIA_OK-2.png\",\"contentUrl\":\"https:\/\/editorialmediterrania.com\/wp-content\/uploads\/2023\/03\/LOGO-ED_MEDITERRANIA_OK-2.png\",\"width\":1200,\"height\":300,\"caption\":\"Editorial Mediterrania\"},\"image\":{\"@id\":\"https:\/\/editorialmediterrania.com\/es\/#\/schema\/logo\/image\/\"},\"sameAs\":[\"https:\/\/x.com\/edmediterrania\",\"https:\/\/www.instagram.com\/editorialmediterrania\/\"]}]}<\/script>\n<!-- \/ Yoast SEO plugin. -->","yoast_head_json":{"title":"Petita Hist\u00f2ria de Ripoll - Editorial Mediterrania","description":"Libro infantil educativo peque\u00f1a historia sobre la fundaci\u00f3n, los festejos y lugares m\u00e1s importantes de Ripoll, para ni\u00f1os y ni\u00f1as entre 8 y 12 a\u00f1os","robots":{"index":"index","follow":"follow","max-snippet":"max-snippet:-1","max-image-preview":"max-image-preview:large","max-video-preview":"max-video-preview:-1"},"canonical":"https:\/\/editorialmediterrania.com\/es\/producto\/petita-historia-de-ripoll\/","og_locale":"es_ES","og_type":"article","og_title":"Petita Hist\u00f2ria de Ripoll - Editorial Mediterrania","og_description":"Libro infantil educativo peque\u00f1a historia sobre la fundaci\u00f3n, los festejos y lugares m\u00e1s importantes de Ripoll, para ni\u00f1os y ni\u00f1as entre 8 y 12 a\u00f1os","og_url":"https:\/\/editorialmediterrania.com\/es\/producto\/petita-historia-de-ripoll\/","og_site_name":"Editorial Mediterr\u00e0nia","article_modified_time":"2015-08-17T18:23:28+00:00","og_image":[{"width":600,"height":755,"url":"https:\/\/editorialmediterrania.com\/wp-content\/uploads\/2013\/02\/Petita-Historia-de-Ripoll.jpg","type":"image\/jpeg"}],"twitter_card":"summary_large_image","twitter_site":"@edmediterrania","schema":{"@context":"https:\/\/schema.org","@graph":[{"@type":"WebPage","@id":"https:\/\/editorialmediterrania.com\/es\/producto\/petita-historia-de-ripoll\/","url":"https:\/\/editorialmediterrania.com\/es\/producto\/petita-historia-de-ripoll\/","name":"Petita Hist\u00f2ria de Ripoll - Editorial Mediterrania","isPartOf":{"@id":"https:\/\/editorialmediterrania.com\/es\/#website"},"primaryImageOfPage":{"@id":"https:\/\/editorialmediterrania.com\/es\/producto\/petita-historia-de-ripoll\/#primaryimage"},"image":{"@id":"https:\/\/editorialmediterrania.com\/es\/producto\/petita-historia-de-ripoll\/#primaryimage"},"thumbnailUrl":"https:\/\/editorialmediterrania.com\/wp-content\/uploads\/2013\/02\/Petita-Historia-de-Ripoll.jpg","datePublished":"2013-02-12T15:55:12+00:00","dateModified":"2015-08-17T18:23:28+00:00","description":"Libro infantil educativo peque\u00f1a historia sobre la fundaci\u00f3n, los festejos y lugares m\u00e1s importantes de Ripoll, para ni\u00f1os y ni\u00f1as entre 8 y 12 a\u00f1os","breadcrumb":{"@id":"https:\/\/editorialmediterrania.com\/es\/producto\/petita-historia-de-ripoll\/#breadcrumb"},"inLanguage":"es","potentialAction":[{"@type":"ReadAction","target":["https:\/\/editorialmediterrania.com\/es\/producto\/petita-historia-de-ripoll\/"]}]},{"@type":"ImageObject","inLanguage":"es","@id":"https:\/\/editorialmediterrania.com\/es\/producto\/petita-historia-de-ripoll\/#primaryimage","url":"https:\/\/editorialmediterrania.com\/wp-content\/uploads\/2013\/02\/Petita-Historia-de-Ripoll.jpg","contentUrl":"https:\/\/editorialmediterrania.com\/wp-content\/uploads\/2013\/02\/Petita-Historia-de-Ripoll.jpg","width":600,"height":755,"caption":"Petita-Historia-de-Ripoll - Editorial Mediterr\u00e0nia"},{"@type":"BreadcrumbList","@id":"https:\/\/editorialmediterrania.com\/es\/producto\/petita-historia-de-ripoll\/#breadcrumb","itemListElement":[{"@type":"ListItem","position":1,"name":"Tienda de libros infantiles de arte","item":"https:\/\/editorialmediterrania.com\/es\/tienda-de-libros-infantiles-arte\/"},{"@type":"ListItem","position":2,"name":"Petita Hist\u00f2ria de Ripoll"}]},{"@type":"WebSite","@id":"https:\/\/editorialmediterrania.com\/es\/#website","url":"https:\/\/editorialmediterrania.com\/es\/","name":"Editorial Mediterrania","description":"Llibres que t\u2019obriran nous mons","publisher":{"@id":"https:\/\/editorialmediterrania.com\/es\/#organization"},"alternateName":"Llibres infantils d'art, cultura i natura","potentialAction":[{"@type":"SearchAction","target":{"@type":"EntryPoint","urlTemplate":"https:\/\/editorialmediterrania.com\/es\/?s={search_term_string}"},"query-input":"required name=search_term_string"}],"inLanguage":"es"},{"@type":"Organization","@id":"https:\/\/editorialmediterrania.com\/es\/#organization","name":"Editorial Mediterrania","alternateName":"Llibres d'art, cultura i natura per infants i fam\u00edlies","url":"https:\/\/editorialmediterrania.com\/es\/","logo":{"@type":"ImageObject","inLanguage":"es","@id":"https:\/\/editorialmediterrania.com\/es\/#\/schema\/logo\/image\/","url":"https:\/\/editorialmediterrania.com\/wp-content\/uploads\/2023\/03\/LOGO-ED_MEDITERRANIA_OK-2.png","contentUrl":"https:\/\/editorialmediterrania.com\/wp-content\/uploads\/2023\/03\/LOGO-ED_MEDITERRANIA_OK-2.png","width":1200,"height":300,"caption":"Editorial Mediterrania"},"image":{"@id":"https:\/\/editorialmediterrania.com\/es\/#\/schema\/logo\/image\/"},"sameAs":["https:\/\/x.com\/edmediterrania","https:\/\/www.instagram.com\/editorialmediterrania\/"]}]}},"_links":{"self":[{"href":"https:\/\/editorialmediterrania.com\/es\/wp-json\/wp\/v2\/product\/3862","targetHints":{"allow":["GET"]}}],"collection":[{"href":"https:\/\/editorialmediterrania.com\/es\/wp-json\/wp\/v2\/product"}],"about":[{"href":"https:\/\/editorialmediterrania.com\/es\/wp-json\/wp\/v2\/types\/product"}],"wp:featuredmedia":[{"embeddable":true,"href":"https:\/\/editorialmediterrania.com\/es\/wp-json\/wp\/v2\/media\/21561"}],"wp:attachment":[{"href":"https:\/\/editorialmediterrania.com\/es\/wp-json\/wp\/v2\/media?parent=3862"}],"wp:term":[{"taxonomy":"product_cat","embeddable":true,"href":"https:\/\/editorialmediterrania.com\/es\/wp-json\/wp\/v2\/product_cat?post=3862"},{"taxonomy":"product_tag","embeddable":true,"href":"https:\/\/editorialmediterrania.com\/es\/wp-json\/wp\/v2\/product_tag?post=3862"},{"taxonomy":"autors","embeddable":true,"href":"https:\/\/editorialmediterrania.com\/es\/wp-json\/wp\/v2\/autors?post=3862"}],"curies":[{"name":"wp","href":"https:\/\/api.w.org\/{rel}","templated":true}]}}