{"id":41899,"date":"2023-05-17T10:26:54","date_gmt":"2023-08-01T07:58:46","guid":{"rendered":"http:\/\/editorialmediterrania.com\/producte\/el-pequeno-dali\/"},"modified":"2025-03-11T12:38:22","modified_gmt":"2025-03-11T11:38:22","slug":"el-pequeno-dali","status":"publish","type":"product","link":"https:\/\/editorialmediterrania.com\/es\/producto\/el-pequeno-dali\/","title":{"rendered":"El peque\u00f1o Dal\u00ed"},"content":{"rendered":"<p>Esta es la historia de Salvi, un peque\u00f1o genio nacido en <strong>Figueres<\/strong>. Un d\u00eda, jugando cerca del mar, encuentra una llave peque\u00f1a y brillante. Buscando qu\u00e9 abre, Salvi har\u00e1 un viaje<br \/>\nlleno de aventuras con personajes fant\u00e1sticos surgidos del propio imaginario de <strong>Salvador Dali\u0301<\/strong>.<\/p>\n","protected":false},"excerpt":{"rendered":"<p>\u00a1Descubre qui\u00e9n era Salvi!<\/p>\n","protected":false},"featured_media":41111,"template":"","meta":[],"product_cat":[28],"product_tag":[],"autors":[],"class_list":{"0":"post-41899","1":"product","2":"type-product","3":"status-publish","4":"has-post-thumbnail","6":"product_cat-arte-en-familia","8":"first","9":"instock","10":"taxable","11":"shipping-taxable","12":"purchasable","13":"product-type-variable","swatches":"rey-swatches","show_selected":""},"acf":[],"yoast_head":"<!-- This site is optimized with the Yoast SEO plugin v22.8 - https:\/\/yoast.com\/wordpress\/plugins\/seo\/ -->\n<title>El peque\u00f1o Dal\u00ed - Editorial Mediterr\u00e0nia<\/title>\n<meta name=\"description\" content=\"El peque\u00f1o Dal\u00ed es un cuento ilustrado para explorar la vida y pensamientos de Salvador Dal\u00ed de peque\u00f1o. Escrito por Anna Obiols y con ilustraciones de Subi.\" \/>\n<meta name=\"robots\" content=\"index, follow, max-snippet:-1, max-image-preview:large, max-video-preview:-1\" \/>\n<link rel=\"canonical\" href=\"https:\/\/editorialmediterrania.com\/es\/producto\/el-pequeno-dali\/\" \/>\n<meta property=\"og:locale\" content=\"es_ES\" \/>\n<meta property=\"og:type\" content=\"article\" \/>\n<meta property=\"og:title\" content=\"El peque\u00f1o Dal\u00ed - Editorial Mediterr\u00e0nia\" \/>\n<meta property=\"og:description\" content=\"El peque\u00f1o Dal\u00ed es un cuento ilustrado para explorar la vida y pensamientos de Salvador Dal\u00ed de peque\u00f1o. Escrito por Anna Obiols y con ilustraciones de Subi.\" \/>\n<meta property=\"og:url\" content=\"https:\/\/editorialmediterrania.com\/es\/producto\/el-pequeno-dali\/\" \/>\n<meta property=\"og:site_name\" content=\"Editorial Mediterr\u00e0nia\" \/>\n<meta property=\"article:modified_time\" content=\"2025-03-11T11:38:22+00:00\" \/>\n<meta property=\"og:image\" content=\"https:\/\/editorialmediterrania.com\/wp-content\/uploads\/2023\/08\/pequenodali_1.png\" \/>\n\t<meta property=\"og:image:width\" content=\"1068\" \/>\n\t<meta property=\"og:image:height\" content=\"1570\" \/>\n\t<meta property=\"og:image:type\" content=\"image\/png\" \/>\n<meta name=\"twitter:card\" content=\"summary_large_image\" \/>\n<meta name=\"twitter:site\" content=\"@edmediterrania\" \/>\n<script type=\"application\/ld+json\" class=\"yoast-schema-graph\">{\"@context\":\"https:\/\/schema.org\",\"@graph\":[{\"@type\":\"WebPage\",\"@id\":\"https:\/\/editorialmediterrania.com\/es\/producto\/el-pequeno-dali\/\",\"url\":\"https:\/\/editorialmediterrania.com\/es\/producto\/el-pequeno-dali\/\",\"name\":\"El peque\u00f1o Dal\u00ed - Editorial Mediterr\u00e0nia\",\"isPartOf\":{\"@id\":\"https:\/\/editorialmediterrania.com\/es\/#website\"},\"primaryImageOfPage\":{\"@id\":\"https:\/\/editorialmediterrania.com\/es\/producto\/el-pequeno-dali\/#primaryimage\"},\"image\":{\"@id\":\"https:\/\/editorialmediterrania.com\/es\/producto\/el-pequeno-dali\/#primaryimage\"},\"thumbnailUrl\":\"https:\/\/editorialmediterrania.com\/wp-content\/uploads\/2023\/08\/pequenodali_1.png\",\"datePublished\":\"2023-08-01T07:58:46+00:00\",\"dateModified\":\"2025-03-11T11:38:22+00:00\",\"description\":\"El peque\u00f1o Dal\u00ed es un cuento ilustrado para explorar la vida y pensamientos de Salvador Dal\u00ed de peque\u00f1o. Escrito por Anna Obiols y con ilustraciones de Subi.\",\"breadcrumb\":{\"@id\":\"https:\/\/editorialmediterrania.com\/es\/producto\/el-pequeno-dali\/#breadcrumb\"},\"inLanguage\":\"es\",\"potentialAction\":[{\"@type\":\"ReadAction\",\"target\":[\"https:\/\/editorialmediterrania.com\/es\/producto\/el-pequeno-dali\/\"]}]},{\"@type\":\"ImageObject\",\"inLanguage\":\"es\",\"@id\":\"https:\/\/editorialmediterrania.com\/es\/producto\/el-pequeno-dali\/#primaryimage\",\"url\":\"https:\/\/editorialmediterrania.com\/wp-content\/uploads\/2023\/08\/pequenodali_1.png\",\"contentUrl\":\"https:\/\/editorialmediterrania.com\/wp-content\/uploads\/2023\/08\/pequenodali_1.png\",\"width\":1068,\"height\":1570},{\"@type\":\"BreadcrumbList\",\"@id\":\"https:\/\/editorialmediterrania.com\/es\/producto\/el-pequeno-dali\/#breadcrumb\",\"itemListElement\":[{\"@type\":\"ListItem\",\"position\":1,\"name\":\"Tienda de libros infantiles de arte\",\"item\":\"https:\/\/editorialmediterrania.com\/es\/tienda-de-libros-infantiles-arte\/\"},{\"@type\":\"ListItem\",\"position\":2,\"name\":\"El peque\u00f1o Dal\u00ed\"}]},{\"@type\":\"WebSite\",\"@id\":\"https:\/\/editorialmediterrania.com\/es\/#website\",\"url\":\"https:\/\/editorialmediterrania.com\/es\/\",\"name\":\"Editorial Mediterrania\",\"description\":\"Llibres que t\u2019obriran nous mons\",\"publisher\":{\"@id\":\"https:\/\/editorialmediterrania.com\/es\/#organization\"},\"alternateName\":\"Llibres infantils d'art, cultura i natura\",\"potentialAction\":[{\"@type\":\"SearchAction\",\"target\":{\"@type\":\"EntryPoint\",\"urlTemplate\":\"https:\/\/editorialmediterrania.com\/es\/?s={search_term_string}\"},\"query-input\":\"required name=search_term_string\"}],\"inLanguage\":\"es\"},{\"@type\":\"Organization\",\"@id\":\"https:\/\/editorialmediterrania.com\/es\/#organization\",\"name\":\"Editorial Mediterrania\",\"alternateName\":\"Llibres d'art, cultura i natura per infants i fam\u00edlies\",\"url\":\"https:\/\/editorialmediterrania.com\/es\/\",\"logo\":{\"@type\":\"ImageObject\",\"inLanguage\":\"es\",\"@id\":\"https:\/\/editorialmediterrania.com\/es\/#\/schema\/logo\/image\/\",\"url\":\"https:\/\/editorialmediterrania.com\/wp-content\/uploads\/2023\/03\/LOGO-ED_MEDITERRANIA_OK-2.png\",\"contentUrl\":\"https:\/\/editorialmediterrania.com\/wp-content\/uploads\/2023\/03\/LOGO-ED_MEDITERRANIA_OK-2.png\",\"width\":1200,\"height\":300,\"caption\":\"Editorial Mediterrania\"},\"image\":{\"@id\":\"https:\/\/editorialmediterrania.com\/es\/#\/schema\/logo\/image\/\"},\"sameAs\":[\"https:\/\/x.com\/edmediterrania\",\"https:\/\/www.instagram.com\/editorialmediterrania\/\"]}]}<\/script>\n<!-- \/ Yoast SEO plugin. -->","yoast_head_json":{"title":"El peque\u00f1o Dal\u00ed - Editorial Mediterr\u00e0nia","description":"El peque\u00f1o Dal\u00ed es un cuento ilustrado para explorar la vida y pensamientos de Salvador Dal\u00ed de peque\u00f1o. Escrito por Anna Obiols y con ilustraciones de Subi.","robots":{"index":"index","follow":"follow","max-snippet":"max-snippet:-1","max-image-preview":"max-image-preview:large","max-video-preview":"max-video-preview:-1"},"canonical":"https:\/\/editorialmediterrania.com\/es\/producto\/el-pequeno-dali\/","og_locale":"es_ES","og_type":"article","og_title":"El peque\u00f1o Dal\u00ed - Editorial Mediterr\u00e0nia","og_description":"El peque\u00f1o Dal\u00ed es un cuento ilustrado para explorar la vida y pensamientos de Salvador Dal\u00ed de peque\u00f1o. Escrito por Anna Obiols y con ilustraciones de Subi.","og_url":"https:\/\/editorialmediterrania.com\/es\/producto\/el-pequeno-dali\/","og_site_name":"Editorial Mediterr\u00e0nia","article_modified_time":"2025-03-11T11:38:22+00:00","og_image":[{"width":1068,"height":1570,"url":"https:\/\/editorialmediterrania.com\/wp-content\/uploads\/2023\/08\/pequenodali_1.png","type":"image\/png"}],"twitter_card":"summary_large_image","twitter_site":"@edmediterrania","schema":{"@context":"https:\/\/schema.org","@graph":[{"@type":"WebPage","@id":"https:\/\/editorialmediterrania.com\/es\/producto\/el-pequeno-dali\/","url":"https:\/\/editorialmediterrania.com\/es\/producto\/el-pequeno-dali\/","name":"El peque\u00f1o Dal\u00ed - Editorial Mediterr\u00e0nia","isPartOf":{"@id":"https:\/\/editorialmediterrania.com\/es\/#website"},"primaryImageOfPage":{"@id":"https:\/\/editorialmediterrania.com\/es\/producto\/el-pequeno-dali\/#primaryimage"},"image":{"@id":"https:\/\/editorialmediterrania.com\/es\/producto\/el-pequeno-dali\/#primaryimage"},"thumbnailUrl":"https:\/\/editorialmediterrania.com\/wp-content\/uploads\/2023\/08\/pequenodali_1.png","datePublished":"2023-08-01T07:58:46+00:00","dateModified":"2025-03-11T11:38:22+00:00","description":"El peque\u00f1o Dal\u00ed es un cuento ilustrado para explorar la vida y pensamientos de Salvador Dal\u00ed de peque\u00f1o. Escrito por Anna Obiols y con ilustraciones de Subi.","breadcrumb":{"@id":"https:\/\/editorialmediterrania.com\/es\/producto\/el-pequeno-dali\/#breadcrumb"},"inLanguage":"es","potentialAction":[{"@type":"ReadAction","target":["https:\/\/editorialmediterrania.com\/es\/producto\/el-pequeno-dali\/"]}]},{"@type":"ImageObject","inLanguage":"es","@id":"https:\/\/editorialmediterrania.com\/es\/producto\/el-pequeno-dali\/#primaryimage","url":"https:\/\/editorialmediterrania.com\/wp-content\/uploads\/2023\/08\/pequenodali_1.png","contentUrl":"https:\/\/editorialmediterrania.com\/wp-content\/uploads\/2023\/08\/pequenodali_1.png","width":1068,"height":1570},{"@type":"BreadcrumbList","@id":"https:\/\/editorialmediterrania.com\/es\/producto\/el-pequeno-dali\/#breadcrumb","itemListElement":[{"@type":"ListItem","position":1,"name":"Tienda de libros infantiles de arte","item":"https:\/\/editorialmediterrania.com\/es\/tienda-de-libros-infantiles-arte\/"},{"@type":"ListItem","position":2,"name":"El peque\u00f1o Dal\u00ed"}]},{"@type":"WebSite","@id":"https:\/\/editorialmediterrania.com\/es\/#website","url":"https:\/\/editorialmediterrania.com\/es\/","name":"Editorial Mediterrania","description":"Llibres que t\u2019obriran nous mons","publisher":{"@id":"https:\/\/editorialmediterrania.com\/es\/#organization"},"alternateName":"Llibres infantils d'art, cultura i natura","potentialAction":[{"@type":"SearchAction","target":{"@type":"EntryPoint","urlTemplate":"https:\/\/editorialmediterrania.com\/es\/?s={search_term_string}"},"query-input":"required name=search_term_string"}],"inLanguage":"es"},{"@type":"Organization","@id":"https:\/\/editorialmediterrania.com\/es\/#organization","name":"Editorial Mediterrania","alternateName":"Llibres d'art, cultura i natura per infants i fam\u00edlies","url":"https:\/\/editorialmediterrania.com\/es\/","logo":{"@type":"ImageObject","inLanguage":"es","@id":"https:\/\/editorialmediterrania.com\/es\/#\/schema\/logo\/image\/","url":"https:\/\/editorialmediterrania.com\/wp-content\/uploads\/2023\/03\/LOGO-ED_MEDITERRANIA_OK-2.png","contentUrl":"https:\/\/editorialmediterrania.com\/wp-content\/uploads\/2023\/03\/LOGO-ED_MEDITERRANIA_OK-2.png","width":1200,"height":300,"caption":"Editorial Mediterrania"},"image":{"@id":"https:\/\/editorialmediterrania.com\/es\/#\/schema\/logo\/image\/"},"sameAs":["https:\/\/x.com\/edmediterrania","https:\/\/www.instagram.com\/editorialmediterrania\/"]}]}},"_links":{"self":[{"href":"https:\/\/editorialmediterrania.com\/es\/wp-json\/wp\/v2\/product\/41899","targetHints":{"allow":["GET"]}}],"collection":[{"href":"https:\/\/editorialmediterrania.com\/es\/wp-json\/wp\/v2\/product"}],"about":[{"href":"https:\/\/editorialmediterrania.com\/es\/wp-json\/wp\/v2\/types\/product"}],"wp:featuredmedia":[{"embeddable":true,"href":"https:\/\/editorialmediterrania.com\/es\/wp-json\/wp\/v2\/media\/41111"}],"wp:attachment":[{"href":"https:\/\/editorialmediterrania.com\/es\/wp-json\/wp\/v2\/media?parent=41899"}],"wp:term":[{"taxonomy":"product_cat","embeddable":true,"href":"https:\/\/editorialmediterrania.com\/es\/wp-json\/wp\/v2\/product_cat?post=41899"},{"taxonomy":"product_tag","embeddable":true,"href":"https:\/\/editorialmediterrania.com\/es\/wp-json\/wp\/v2\/product_tag?post=41899"},{"taxonomy":"autors","embeddable":true,"href":"https:\/\/editorialmediterrania.com\/es\/wp-json\/wp\/v2\/autors?post=41899"}],"curies":[{"name":"wp","href":"https:\/\/api.w.org\/{rel}","templated":true}]}}