{"id":42423,"date":"2023-12-11T11:28:28","date_gmt":"2023-12-11T10:28:28","guid":{"rendered":"https:\/\/editorialmediterrania.com\/?post_type=product&#038;p=42423"},"modified":"2026-02-13T11:38:14","modified_gmt":"2026-02-13T10:38:14","slug":"compta-amb-mi-una-canco-contada-de-txarango","status":"publish","type":"product","link":"https:\/\/editorialmediterrania.com\/es\/producto\/compta-amb-mi-una-canco-contada-de-txarango\/","title":{"rendered":"Compta amb mi. Una can\u00e7\u00f3 contada de Txarango"},"content":{"rendered":"<h2>Dona una ullada\u00a0al conte<\/h2>\n<p><iframe title=\"YouTube video player\" src=\"https:\/\/www.youtube.com\/embed\/mwvcwR8zEn8?si=H7vh6eWou8F40s9s\" width=\"560\" height=\"315\" frameborder=\"0\" allowfullscreen=\"allowfullscreen\"><\/iframe><\/p>\n<h2>Sabies que&#8230;<\/h2>\n<p><strong>Pots escoltar\u00a0la can\u00e7\u00f3<\/strong>\u00a0a\u00a0<strong><a title=\"Compta amb mi a Youtube\" href=\"https:\/\/www.youtube.com\/watch?v=uIKAukcBPDk\" target=\"_blank\" rel=\"noopener\">Youtube<\/a><\/strong>\u00a0i a\u00a0<a title=\"Compta amb mi a Spotify\" href=\"https:\/\/open.spotify.com\/track\/3wGM9XxGu10oQUxJt0oOfT?si=BBSrWc9lRYiJrkk_EB9iZQ\" target=\"_blank\" rel=\"noopener\"><strong>Spotify<\/strong>.<\/a><\/p>\n<p><strong>T&#8217;oferim activitats per fer a casa<\/strong>\u00a0relacionades amb el conte.\u00a0<strong>Descarrega-les gratu\u00eftament:<\/strong><\/p>\n<ul>\n<li>Solucionari de les activitats del final del llibre.\u00a0<a href=\"https:\/\/editorialmediterrania.com\/wp-content\/uploads\/2023\/12\/Editorial-Nanit-compta-amb-mi-Txarango-solucions-pagina-final.pdf\" target=\"_blank\" rel=\"noopener\"><strong>Descarrega el PDF<\/strong><\/a><\/li>\n<li><strong>Il\u00b7lustracions per pintar.<\/strong>\u00a0<a href=\"https:\/\/editorialmediterrania.com\/wp-content\/uploads\/2023\/12\/Editorial-Nanit-compta-amb-mi-Txarango-dibuix-per-pintar-colorejar.pdf\" target=\"_blank\" rel=\"noopener\"><strong>Descarrega el PDF<\/strong><\/a><\/li>\n<li>Voleu fer un\u00a0<strong>trencaclosques<\/strong>\u00a0amb una\u00a0de les il\u00b7lustracions?\u00a0<a href=\"https:\/\/editorialmediterrania.com\/wp-content\/uploads\/2023\/12\/Editorial-Nanit-compta-amb-mi-Txarango-trencaclosques.pdf\" target=\"_blank\" rel=\"noopener\"><strong>Descarrega el PDF<\/strong><\/a><\/li>\n<li>Us proposem converses per poder fer reflexions a partir del conte i l&#8217;<strong>arbre dels sentiments<\/strong>, una activitat ideal per revisar les sensacions del dia i ampliar el nostre vocabulari emocional.\u00a0<a href=\"https:\/\/editorialmediterrania.com\/wp-content\/uploads\/2023\/12\/Editorial-Nanit-compta-amb-mi-Txarango-converses.pdf\" target=\"_blank\" rel=\"noopener\"><strong>Descarrega el PDF<\/strong><\/a><\/li>\n<li>Voleu descobrir amb quin animal podrem c\u00f3rrer m\u00e9s r\u00e0pid que el vent?\u00a0<strong>Us convidem a resseguir els punts<\/strong>\u00a0i endevinar quin animal s&#8217;amaga en el dibuix.\u00a0<a href=\"https:\/\/editorialmediterrania.com\/wp-content\/uploads\/2023\/12\/Editorial-Nanit-descarregable-unir-punts-Compta-amb-mi.pdf\" target=\"_blank\" rel=\"noopener\"><strong>Descarrega el PDF<\/strong><\/a><\/li>\n<\/ul>\n<p>Gr\u00e0cies a la teva compra,\u00a0<strong>col\u00b7laborem amb diferents projectes solidaris<\/strong>.<\/p>\n","protected":false},"excerpt":{"rendered":"<p><strong>Compta amb mi<\/strong>\u00a0\u00e9s un conte infantil basat en la can\u00e7\u00f3 hom\u00f2nima de\u00a0<strong>Txarango<\/strong>\u00a0que representa un cant a l\u2019amor incondicional, una oportunitat per dir als m\u00e9s petits (i no tan petits) que comptin amb nosaltres,\u00a0que hi som i que volem escoltar-los.<\/p>\n<p>Il\u00b7lustrat per\u00a0Valent\u00ed Gubianas<\/p>\n","protected":false},"featured_media":42424,"template":"","meta":[],"product_cat":[6500],"product_tag":[],"autors":[],"class_list":{"0":"post-42423","1":"product","2":"type-product","3":"status-publish","4":"has-post-thumbnail","6":"product_cat-nanit","8":"first","9":"instock","10":"taxable","11":"shipping-taxable","12":"purchasable","13":"product-type-simple","swatches":"rey-swatches","show_selected":""},"acf":[],"yoast_head":"<!-- This site is optimized with the Yoast SEO plugin v22.8 - https:\/\/yoast.com\/wordpress\/plugins\/seo\/ -->\n<title>Compta amb mi. Una can\u00e7\u00f3 contada de Txarango - Editorial Mediterr\u00e0nia<\/title>\n<meta name=\"description\" content=\"Descobreix un m\u00f3n de meravelles a trav\u00e9s dels llibres de la nostra editorial especialitzada en art, cultura i natura per a fam\u00edlies. Amb il\u00b7lustracions fascinants i hist\u00f2ries enriquidores, inspirem el descobriment i la curiositat en petits i grans, connectant-los amb el patrimoni cultural i el meravell\u00f3s m\u00f3n natural que ens envolta\" \/>\n<meta name=\"robots\" content=\"index, follow, max-snippet:-1, max-image-preview:large, max-video-preview:-1\" \/>\n<link rel=\"canonical\" href=\"https:\/\/editorialmediterrania.com\/es\/producto\/compta-amb-mi-una-canco-contada-de-txarango\/\" \/>\n<meta property=\"og:locale\" content=\"es_ES\" \/>\n<meta property=\"og:type\" content=\"article\" \/>\n<meta property=\"og:title\" content=\"Compta amb mi. Una can\u00e7\u00f3 contada de Txarango - Editorial Mediterr\u00e0nia\" \/>\n<meta property=\"og:description\" content=\"Descobreix un m\u00f3n de meravelles a trav\u00e9s dels llibres de la nostra editorial especialitzada en art, cultura i natura per a fam\u00edlies. Amb il\u00b7lustracions fascinants i hist\u00f2ries enriquidores, inspirem el descobriment i la curiositat en petits i grans, connectant-los amb el patrimoni cultural i el meravell\u00f3s m\u00f3n natural que ens envolta\" \/>\n<meta property=\"og:url\" content=\"https:\/\/editorialmediterrania.com\/es\/producto\/compta-amb-mi-una-canco-contada-de-txarango\/\" \/>\n<meta property=\"og:site_name\" content=\"Editorial Mediterr\u00e0nia\" \/>\n<meta property=\"article:modified_time\" content=\"2026-02-13T10:38:14+00:00\" \/>\n<meta property=\"og:image\" content=\"https:\/\/editorialmediterrania.com\/wp-content\/uploads\/2023\/12\/Compta-amb-mi_coberta-scaled.jpg\" \/>\n\t<meta property=\"og:image:width\" content=\"2394\" \/>\n\t<meta property=\"og:image:height\" content=\"2560\" \/>\n\t<meta property=\"og:image:type\" content=\"image\/jpeg\" \/>\n<meta name=\"twitter:card\" content=\"summary_large_image\" \/>\n<meta name=\"twitter:site\" content=\"@edmediterrania\" \/>\n<meta name=\"twitter:label1\" content=\"Tiempo de lectura\" \/>\n\t<meta name=\"twitter:data1\" content=\"1 minuto\" \/>\n<script type=\"application\/ld+json\" class=\"yoast-schema-graph\">{\"@context\":\"https:\/\/schema.org\",\"@graph\":[{\"@type\":\"WebPage\",\"@id\":\"https:\/\/editorialmediterrania.com\/es\/producto\/compta-amb-mi-una-canco-contada-de-txarango\/\",\"url\":\"https:\/\/editorialmediterrania.com\/es\/producto\/compta-amb-mi-una-canco-contada-de-txarango\/\",\"name\":\"Compta amb mi. Una can\u00e7\u00f3 contada de Txarango - Editorial Mediterr\u00e0nia\",\"isPartOf\":{\"@id\":\"https:\/\/editorialmediterrania.com\/es\/#website\"},\"primaryImageOfPage\":{\"@id\":\"https:\/\/editorialmediterrania.com\/es\/producto\/compta-amb-mi-una-canco-contada-de-txarango\/#primaryimage\"},\"image\":{\"@id\":\"https:\/\/editorialmediterrania.com\/es\/producto\/compta-amb-mi-una-canco-contada-de-txarango\/#primaryimage\"},\"thumbnailUrl\":\"https:\/\/editorialmediterrania.com\/wp-content\/uploads\/2023\/12\/Compta-amb-mi_coberta-scaled.jpg\",\"datePublished\":\"2023-12-11T10:28:28+00:00\",\"dateModified\":\"2026-02-13T10:38:14+00:00\",\"description\":\"Descobreix un m\u00f3n de meravelles a trav\u00e9s dels llibres de la nostra editorial especialitzada en art, cultura i natura per a fam\u00edlies. Amb il\u00b7lustracions fascinants i hist\u00f2ries enriquidores, inspirem el descobriment i la curiositat en petits i grans, connectant-los amb el patrimoni cultural i el meravell\u00f3s m\u00f3n natural que ens envolta\",\"breadcrumb\":{\"@id\":\"https:\/\/editorialmediterrania.com\/es\/producto\/compta-amb-mi-una-canco-contada-de-txarango\/#breadcrumb\"},\"inLanguage\":\"es\",\"potentialAction\":[{\"@type\":\"ReadAction\",\"target\":[\"https:\/\/editorialmediterrania.com\/es\/producto\/compta-amb-mi-una-canco-contada-de-txarango\/\"]}]},{\"@type\":\"ImageObject\",\"inLanguage\":\"es\",\"@id\":\"https:\/\/editorialmediterrania.com\/es\/producto\/compta-amb-mi-una-canco-contada-de-txarango\/#primaryimage\",\"url\":\"https:\/\/editorialmediterrania.com\/wp-content\/uploads\/2023\/12\/Compta-amb-mi_coberta-scaled.jpg\",\"contentUrl\":\"https:\/\/editorialmediterrania.com\/wp-content\/uploads\/2023\/12\/Compta-amb-mi_coberta-scaled.jpg\",\"width\":2394,\"height\":2560},{\"@type\":\"BreadcrumbList\",\"@id\":\"https:\/\/editorialmediterrania.com\/es\/producto\/compta-amb-mi-una-canco-contada-de-txarango\/#breadcrumb\",\"itemListElement\":[{\"@type\":\"ListItem\",\"position\":1,\"name\":\"Tienda de libros infantiles de arte\",\"item\":\"https:\/\/editorialmediterrania.com\/es\/tienda-de-libros-infantiles-arte\/\"},{\"@type\":\"ListItem\",\"position\":2,\"name\":\"Compta amb mi. Una can\u00e7\u00f3 contada de Txarango\"}]},{\"@type\":\"WebSite\",\"@id\":\"https:\/\/editorialmediterrania.com\/es\/#website\",\"url\":\"https:\/\/editorialmediterrania.com\/es\/\",\"name\":\"Editorial Mediterrania\",\"description\":\"Llibres que t\u2019obriran nous mons\",\"publisher\":{\"@id\":\"https:\/\/editorialmediterrania.com\/es\/#organization\"},\"alternateName\":\"Llibres infantils d'art, cultura i natura\",\"potentialAction\":[{\"@type\":\"SearchAction\",\"target\":{\"@type\":\"EntryPoint\",\"urlTemplate\":\"https:\/\/editorialmediterrania.com\/es\/?s={search_term_string}\"},\"query-input\":\"required name=search_term_string\"}],\"inLanguage\":\"es\"},{\"@type\":\"Organization\",\"@id\":\"https:\/\/editorialmediterrania.com\/es\/#organization\",\"name\":\"Editorial Mediterrania\",\"alternateName\":\"Llibres d'art, cultura i natura per infants i fam\u00edlies\",\"url\":\"https:\/\/editorialmediterrania.com\/es\/\",\"logo\":{\"@type\":\"ImageObject\",\"inLanguage\":\"es\",\"@id\":\"https:\/\/editorialmediterrania.com\/es\/#\/schema\/logo\/image\/\",\"url\":\"https:\/\/editorialmediterrania.com\/wp-content\/uploads\/2023\/03\/LOGO-ED_MEDITERRANIA_OK-2.png\",\"contentUrl\":\"https:\/\/editorialmediterrania.com\/wp-content\/uploads\/2023\/03\/LOGO-ED_MEDITERRANIA_OK-2.png\",\"width\":1200,\"height\":300,\"caption\":\"Editorial Mediterrania\"},\"image\":{\"@id\":\"https:\/\/editorialmediterrania.com\/es\/#\/schema\/logo\/image\/\"},\"sameAs\":[\"https:\/\/x.com\/edmediterrania\",\"https:\/\/www.instagram.com\/editorialmediterrania\/\"]}]}<\/script>\n<!-- \/ Yoast SEO plugin. -->","yoast_head_json":{"title":"Compta amb mi. Una can\u00e7\u00f3 contada de Txarango - Editorial Mediterr\u00e0nia","description":"Descobreix un m\u00f3n de meravelles a trav\u00e9s dels llibres de la nostra editorial especialitzada en art, cultura i natura per a fam\u00edlies. Amb il\u00b7lustracions fascinants i hist\u00f2ries enriquidores, inspirem el descobriment i la curiositat en petits i grans, connectant-los amb el patrimoni cultural i el meravell\u00f3s m\u00f3n natural que ens envolta","robots":{"index":"index","follow":"follow","max-snippet":"max-snippet:-1","max-image-preview":"max-image-preview:large","max-video-preview":"max-video-preview:-1"},"canonical":"https:\/\/editorialmediterrania.com\/es\/producto\/compta-amb-mi-una-canco-contada-de-txarango\/","og_locale":"es_ES","og_type":"article","og_title":"Compta amb mi. Una can\u00e7\u00f3 contada de Txarango - Editorial Mediterr\u00e0nia","og_description":"Descobreix un m\u00f3n de meravelles a trav\u00e9s dels llibres de la nostra editorial especialitzada en art, cultura i natura per a fam\u00edlies. Amb il\u00b7lustracions fascinants i hist\u00f2ries enriquidores, inspirem el descobriment i la curiositat en petits i grans, connectant-los amb el patrimoni cultural i el meravell\u00f3s m\u00f3n natural que ens envolta","og_url":"https:\/\/editorialmediterrania.com\/es\/producto\/compta-amb-mi-una-canco-contada-de-txarango\/","og_site_name":"Editorial Mediterr\u00e0nia","article_modified_time":"2026-02-13T10:38:14+00:00","og_image":[{"width":2394,"height":2560,"url":"https:\/\/editorialmediterrania.com\/wp-content\/uploads\/2023\/12\/Compta-amb-mi_coberta-scaled.jpg","type":"image\/jpeg"}],"twitter_card":"summary_large_image","twitter_site":"@edmediterrania","twitter_misc":{"Tiempo de lectura":"1 minuto"},"schema":{"@context":"https:\/\/schema.org","@graph":[{"@type":"WebPage","@id":"https:\/\/editorialmediterrania.com\/es\/producto\/compta-amb-mi-una-canco-contada-de-txarango\/","url":"https:\/\/editorialmediterrania.com\/es\/producto\/compta-amb-mi-una-canco-contada-de-txarango\/","name":"Compta amb mi. Una can\u00e7\u00f3 contada de Txarango - Editorial Mediterr\u00e0nia","isPartOf":{"@id":"https:\/\/editorialmediterrania.com\/es\/#website"},"primaryImageOfPage":{"@id":"https:\/\/editorialmediterrania.com\/es\/producto\/compta-amb-mi-una-canco-contada-de-txarango\/#primaryimage"},"image":{"@id":"https:\/\/editorialmediterrania.com\/es\/producto\/compta-amb-mi-una-canco-contada-de-txarango\/#primaryimage"},"thumbnailUrl":"https:\/\/editorialmediterrania.com\/wp-content\/uploads\/2023\/12\/Compta-amb-mi_coberta-scaled.jpg","datePublished":"2023-12-11T10:28:28+00:00","dateModified":"2026-02-13T10:38:14+00:00","description":"Descobreix un m\u00f3n de meravelles a trav\u00e9s dels llibres de la nostra editorial especialitzada en art, cultura i natura per a fam\u00edlies. Amb il\u00b7lustracions fascinants i hist\u00f2ries enriquidores, inspirem el descobriment i la curiositat en petits i grans, connectant-los amb el patrimoni cultural i el meravell\u00f3s m\u00f3n natural que ens envolta","breadcrumb":{"@id":"https:\/\/editorialmediterrania.com\/es\/producto\/compta-amb-mi-una-canco-contada-de-txarango\/#breadcrumb"},"inLanguage":"es","potentialAction":[{"@type":"ReadAction","target":["https:\/\/editorialmediterrania.com\/es\/producto\/compta-amb-mi-una-canco-contada-de-txarango\/"]}]},{"@type":"ImageObject","inLanguage":"es","@id":"https:\/\/editorialmediterrania.com\/es\/producto\/compta-amb-mi-una-canco-contada-de-txarango\/#primaryimage","url":"https:\/\/editorialmediterrania.com\/wp-content\/uploads\/2023\/12\/Compta-amb-mi_coberta-scaled.jpg","contentUrl":"https:\/\/editorialmediterrania.com\/wp-content\/uploads\/2023\/12\/Compta-amb-mi_coberta-scaled.jpg","width":2394,"height":2560},{"@type":"BreadcrumbList","@id":"https:\/\/editorialmediterrania.com\/es\/producto\/compta-amb-mi-una-canco-contada-de-txarango\/#breadcrumb","itemListElement":[{"@type":"ListItem","position":1,"name":"Tienda de libros infantiles de arte","item":"https:\/\/editorialmediterrania.com\/es\/tienda-de-libros-infantiles-arte\/"},{"@type":"ListItem","position":2,"name":"Compta amb mi. Una can\u00e7\u00f3 contada de Txarango"}]},{"@type":"WebSite","@id":"https:\/\/editorialmediterrania.com\/es\/#website","url":"https:\/\/editorialmediterrania.com\/es\/","name":"Editorial Mediterrania","description":"Llibres que t\u2019obriran nous mons","publisher":{"@id":"https:\/\/editorialmediterrania.com\/es\/#organization"},"alternateName":"Llibres infantils d'art, cultura i natura","potentialAction":[{"@type":"SearchAction","target":{"@type":"EntryPoint","urlTemplate":"https:\/\/editorialmediterrania.com\/es\/?s={search_term_string}"},"query-input":"required name=search_term_string"}],"inLanguage":"es"},{"@type":"Organization","@id":"https:\/\/editorialmediterrania.com\/es\/#organization","name":"Editorial Mediterrania","alternateName":"Llibres d'art, cultura i natura per infants i fam\u00edlies","url":"https:\/\/editorialmediterrania.com\/es\/","logo":{"@type":"ImageObject","inLanguage":"es","@id":"https:\/\/editorialmediterrania.com\/es\/#\/schema\/logo\/image\/","url":"https:\/\/editorialmediterrania.com\/wp-content\/uploads\/2023\/03\/LOGO-ED_MEDITERRANIA_OK-2.png","contentUrl":"https:\/\/editorialmediterrania.com\/wp-content\/uploads\/2023\/03\/LOGO-ED_MEDITERRANIA_OK-2.png","width":1200,"height":300,"caption":"Editorial Mediterrania"},"image":{"@id":"https:\/\/editorialmediterrania.com\/es\/#\/schema\/logo\/image\/"},"sameAs":["https:\/\/x.com\/edmediterrania","https:\/\/www.instagram.com\/editorialmediterrania\/"]}]}},"_links":{"self":[{"href":"https:\/\/editorialmediterrania.com\/es\/wp-json\/wp\/v2\/product\/42423","targetHints":{"allow":["GET"]}}],"collection":[{"href":"https:\/\/editorialmediterrania.com\/es\/wp-json\/wp\/v2\/product"}],"about":[{"href":"https:\/\/editorialmediterrania.com\/es\/wp-json\/wp\/v2\/types\/product"}],"wp:featuredmedia":[{"embeddable":true,"href":"https:\/\/editorialmediterrania.com\/es\/wp-json\/wp\/v2\/media\/42424"}],"wp:attachment":[{"href":"https:\/\/editorialmediterrania.com\/es\/wp-json\/wp\/v2\/media?parent=42423"}],"wp:term":[{"taxonomy":"product_cat","embeddable":true,"href":"https:\/\/editorialmediterrania.com\/es\/wp-json\/wp\/v2\/product_cat?post=42423"},{"taxonomy":"product_tag","embeddable":true,"href":"https:\/\/editorialmediterrania.com\/es\/wp-json\/wp\/v2\/product_tag?post=42423"},{"taxonomy":"autors","embeddable":true,"href":"https:\/\/editorialmediterrania.com\/es\/wp-json\/wp\/v2\/autors?post=42423"}],"curies":[{"name":"wp","href":"https:\/\/api.w.org\/{rel}","templated":true}]}}