{"id":42430,"date":"2023-12-11T11:50:11","date_gmt":"2023-12-11T10:50:11","guid":{"rendered":"https:\/\/editorialmediterrania.com\/?post_type=product&#038;p=42430"},"modified":"2026-02-13T11:37:40","modified_gmt":"2026-02-13T10:37:40","slug":"bon-dia-una-canco-contada-dels-pets","status":"publish","type":"product","link":"https:\/\/editorialmediterrania.com\/es\/producto\/bon-dia-una-canco-contada-dels-pets\/","title":{"rendered":"Bon dia. Una can\u00e7\u00f3 contada d&#8217;Els Pets"},"content":{"rendered":"<h2>Dona una ullada\u00a0al conte<\/h2>\n<div data-url=\"https:\/\/issuu.com\/editorial-nanit\/docs\/issuu-conte-bon-dia-els-pets\" style=\"width: 1410px; height: 705px;\" class=\"issuuembed\"><\/div>\n<p><script type=\"text\/javascript\" src=\"\/\/e.issuu.com\/embed.js\" async=\"true\"><\/script><\/p>\n<h2>Sabies que&#8230;<\/h2>\n<p><strong>Pots escoltar\u00a0la can\u00e7\u00f3<\/strong>\u00a0a\u00a0<strong><a title=\"Bon dia a Youtube\" href=\"https:\/\/www.youtube.com\/watch?v=XgwnYXOfIkk\" target=\"_blank\" rel=\"noopener\">Youtube<\/a><\/strong>\u00a0i a\u00a0<a title=\"Bon dia a Spotify\" href=\"https:\/\/open.spotify.com\/track\/3twYwf9MIPgQUgynBhrX0I?si=_FMgnRT_QweIeBaKOc__3w\" target=\"_blank\" rel=\"noopener\"><strong>Spotify<\/strong>.<\/a><\/p>\n<p><strong>T&#8217;oferim activitats per fer a casa<\/strong>\u00a0relacionades amb el conte.\u00a0<strong>Descarrega-les gratu\u00eftament:<\/strong><\/p>\n<ul>\n<li>Solucionari de les activitats del final del llibre.\u00a0<a href=\"https:\/\/editorialmediterrania.com\/wp-content\/uploads\/2023\/12\/Editorial-Nanit-conte-bond-dia-els-pets-solucions-pagina-final.webp\" target=\"_blank\" rel=\"noopener\"><strong>Descarrega el PDF<\/strong><\/a><\/li>\n<li><strong>Il\u00b7lustracions per pintar.<\/strong>\u00a0<a href=\"https:\/\/editorialmediterrania.com\/wp-content\/uploads\/2023\/12\/editorial-nanit-els-pets-bon-dia-dibuix-per-pintar-colorejar.pdf\" target=\"_blank\" rel=\"noopener\"><strong>Descarrega el PDF<\/strong><\/a><\/li>\n<li><strong>Juguem a\u00a0les set difer\u00e8ncies?<\/strong>\u00a0Us hem preparat dues de les il\u00b7lustracions del conte per buscar-hi difer\u00e8ncies. Us hi animeu?<br \/>\n<a href=\"https:\/\/editorialmediterrania.com\/wp-content\/uploads\/2023\/12\/Editorial-nanit-Bon-dia-descarregables-7-diferencies1.pdf\" target=\"_blank\" rel=\"noopener\"><strong>Aqu\u00ed<\/strong><\/a>\u00a0i\u00a0<a href=\"https:\/\/editorialmediterrania.com\/wp-content\/uploads\/2023\/12\/Editorial-nanit-Bon-dia-descarregables-7-diferencies2.pdf\" target=\"_blank\" rel=\"noopener\"><strong>aqu\u00ed<\/strong><\/a><\/li>\n<li>Parlem de l&#8217;escola, de casa, del pas del temps?\u00a0<strong>Propostes per encetar converses<\/strong>\u00a0i parlar del que pensem i sentim.<br \/>\n<a href=\"https:\/\/editorialmediterrania.com\/wp-content\/uploads\/2023\/12\/Editorial-Nanit-Conte-Bon-dia-Els-Pets-Converses.pdf\" target=\"_blank\" rel=\"noopener\"><strong>Descarrega el PDF<\/strong><\/a><\/li>\n<\/ul>\n<p>Gr\u00e0cies a la teva compra,\u00a0<strong>col\u00b7laborem amb diferents projectes solidaris<\/strong>.<\/p>\n","protected":false},"excerpt":{"rendered":"<p><strong>Bon dia<\/strong>\u00a0\u00e9s un\u00a0<strong>conte infantil<\/strong>\u00a0basat en la can\u00e7\u00f3 hom\u00f2nima d\u2019<strong>Els Pets<\/strong>, que explica el despertar d\u2019un poble i us convida a viure l\u2019aventura d\u2019un \u201c<b>Bon dia!<\/b>\u201d.<\/p>\n<p>Si obriu les seves p\u00e0gines hi coneixereu la vella Montserrat, l&#8217;avi Josep, la Consol&#8230; i tots els personatges de la can\u00e7\u00f3 que, amb un somriure,\u00a0us cantaran la\u00a0tornada tan coneguda d&#8217;aquesta can\u00e7\u00f3 per acompanyar-vos\u00a0en el vostre\u00a0<strong>Bon dia<\/strong>\u00a0particular.<\/p>\n<p>Il\u00b7lustrat per\u00a0<strong>Marta Monta\u00f1\u00e1<\/strong><\/p>\n<p>Durant el 2020, Bon dia va ser\u00a0<strong>conte solidari<\/strong>\u00a0en favor de l<strong>&#8216;<a title=\"web Sant Joan de D\u00e9u\" href=\"https:\/\/solidaritat.santjoandedeu.org\/ca\" target=\"_blank\" rel=\"noopener\">Obra Social de Sant Joan de D\u00e9u<\/a><a title=\"web Sant Joan de D\u00e9u\" href=\"https:\/\/solidaritat.santjoandedeu.org\/ca\" target=\"_blank\" rel=\"noopener\">,<\/a><\/strong>\u00a0que contribueix a la millora de la salut i el benestar de les persones.<\/p>\n","protected":false},"featured_media":42431,"template":"","meta":[],"product_cat":[6500],"product_tag":[],"autors":[],"class_list":{"0":"post-42430","1":"product","2":"type-product","3":"status-publish","4":"has-post-thumbnail","6":"product_cat-nanit","8":"first","9":"instock","10":"taxable","11":"shipping-taxable","12":"purchasable","13":"product-type-simple","swatches":"rey-swatches","show_selected":""},"acf":[],"yoast_head":"<!-- This site is optimized with the Yoast SEO plugin v22.8 - https:\/\/yoast.com\/wordpress\/plugins\/seo\/ -->\n<title>Bon dia. Una can\u00e7\u00f3 contada d&#039;Els Pets - Editorial Mediterr\u00e0nia<\/title>\n<meta name=\"description\" content=\"Descobreix un m\u00f3n de meravelles a trav\u00e9s dels llibres de la nostra editorial especialitzada en art, cultura i natura per a fam\u00edlies. Amb il\u00b7lustracions fascinants i hist\u00f2ries enriquidores, inspirem el descobriment i la curiositat en petits i grans, connectant-los amb el patrimoni cultural i el meravell\u00f3s m\u00f3n natural que ens envolta\" \/>\n<meta name=\"robots\" content=\"index, follow, max-snippet:-1, max-image-preview:large, max-video-preview:-1\" \/>\n<link rel=\"canonical\" href=\"https:\/\/editorialmediterrania.com\/es\/producto\/bon-dia-una-canco-contada-dels-pets\/\" \/>\n<meta property=\"og:locale\" content=\"es_ES\" \/>\n<meta property=\"og:type\" content=\"article\" \/>\n<meta property=\"og:title\" content=\"Bon dia. Una can\u00e7\u00f3 contada d&#039;Els Pets - Editorial Mediterr\u00e0nia\" \/>\n<meta property=\"og:description\" content=\"Descobreix un m\u00f3n de meravelles a trav\u00e9s dels llibres de la nostra editorial especialitzada en art, cultura i natura per a fam\u00edlies. Amb il\u00b7lustracions fascinants i hist\u00f2ries enriquidores, inspirem el descobriment i la curiositat en petits i grans, connectant-los amb el patrimoni cultural i el meravell\u00f3s m\u00f3n natural que ens envolta\" \/>\n<meta property=\"og:url\" content=\"https:\/\/editorialmediterrania.com\/es\/producto\/bon-dia-una-canco-contada-dels-pets\/\" \/>\n<meta property=\"og:site_name\" content=\"Editorial Mediterr\u00e0nia\" \/>\n<meta property=\"article:modified_time\" content=\"2026-02-13T10:37:40+00:00\" \/>\n<meta property=\"og:image\" content=\"https:\/\/editorialmediterrania.com\/wp-content\/uploads\/2023\/12\/Bon-dia_coberta-scaled.jpg\" \/>\n\t<meta property=\"og:image:width\" content=\"2408\" \/>\n\t<meta property=\"og:image:height\" content=\"2560\" \/>\n\t<meta property=\"og:image:type\" content=\"image\/jpeg\" \/>\n<meta name=\"twitter:card\" content=\"summary_large_image\" \/>\n<meta name=\"twitter:site\" content=\"@edmediterrania\" \/>\n<meta name=\"twitter:label1\" content=\"Tiempo de lectura\" \/>\n\t<meta name=\"twitter:data1\" content=\"1 minuto\" \/>\n<script type=\"application\/ld+json\" class=\"yoast-schema-graph\">{\"@context\":\"https:\/\/schema.org\",\"@graph\":[{\"@type\":\"WebPage\",\"@id\":\"https:\/\/editorialmediterrania.com\/es\/producto\/bon-dia-una-canco-contada-dels-pets\/\",\"url\":\"https:\/\/editorialmediterrania.com\/es\/producto\/bon-dia-una-canco-contada-dels-pets\/\",\"name\":\"Bon dia. Una can\u00e7\u00f3 contada d'Els Pets - Editorial Mediterr\u00e0nia\",\"isPartOf\":{\"@id\":\"https:\/\/editorialmediterrania.com\/es\/#website\"},\"primaryImageOfPage\":{\"@id\":\"https:\/\/editorialmediterrania.com\/es\/producto\/bon-dia-una-canco-contada-dels-pets\/#primaryimage\"},\"image\":{\"@id\":\"https:\/\/editorialmediterrania.com\/es\/producto\/bon-dia-una-canco-contada-dels-pets\/#primaryimage\"},\"thumbnailUrl\":\"https:\/\/editorialmediterrania.com\/wp-content\/uploads\/2023\/12\/Bon-dia_coberta-scaled.jpg\",\"datePublished\":\"2023-12-11T10:50:11+00:00\",\"dateModified\":\"2026-02-13T10:37:40+00:00\",\"description\":\"Descobreix un m\u00f3n de meravelles a trav\u00e9s dels llibres de la nostra editorial especialitzada en art, cultura i natura per a fam\u00edlies. Amb il\u00b7lustracions fascinants i hist\u00f2ries enriquidores, inspirem el descobriment i la curiositat en petits i grans, connectant-los amb el patrimoni cultural i el meravell\u00f3s m\u00f3n natural que ens envolta\",\"breadcrumb\":{\"@id\":\"https:\/\/editorialmediterrania.com\/es\/producto\/bon-dia-una-canco-contada-dels-pets\/#breadcrumb\"},\"inLanguage\":\"es\",\"potentialAction\":[{\"@type\":\"ReadAction\",\"target\":[\"https:\/\/editorialmediterrania.com\/es\/producto\/bon-dia-una-canco-contada-dels-pets\/\"]}]},{\"@type\":\"ImageObject\",\"inLanguage\":\"es\",\"@id\":\"https:\/\/editorialmediterrania.com\/es\/producto\/bon-dia-una-canco-contada-dels-pets\/#primaryimage\",\"url\":\"https:\/\/editorialmediterrania.com\/wp-content\/uploads\/2023\/12\/Bon-dia_coberta-scaled.jpg\",\"contentUrl\":\"https:\/\/editorialmediterrania.com\/wp-content\/uploads\/2023\/12\/Bon-dia_coberta-scaled.jpg\",\"width\":2408,\"height\":2560},{\"@type\":\"BreadcrumbList\",\"@id\":\"https:\/\/editorialmediterrania.com\/es\/producto\/bon-dia-una-canco-contada-dels-pets\/#breadcrumb\",\"itemListElement\":[{\"@type\":\"ListItem\",\"position\":1,\"name\":\"Tienda de libros infantiles de arte\",\"item\":\"https:\/\/editorialmediterrania.com\/es\/tienda-de-libros-infantiles-arte\/\"},{\"@type\":\"ListItem\",\"position\":2,\"name\":\"Bon dia. Una can\u00e7\u00f3 contada d&#8217;Els Pets\"}]},{\"@type\":\"WebSite\",\"@id\":\"https:\/\/editorialmediterrania.com\/es\/#website\",\"url\":\"https:\/\/editorialmediterrania.com\/es\/\",\"name\":\"Editorial Mediterrania\",\"description\":\"Llibres que t\u2019obriran nous mons\",\"publisher\":{\"@id\":\"https:\/\/editorialmediterrania.com\/es\/#organization\"},\"alternateName\":\"Llibres infantils d'art, cultura i natura\",\"potentialAction\":[{\"@type\":\"SearchAction\",\"target\":{\"@type\":\"EntryPoint\",\"urlTemplate\":\"https:\/\/editorialmediterrania.com\/es\/?s={search_term_string}\"},\"query-input\":\"required name=search_term_string\"}],\"inLanguage\":\"es\"},{\"@type\":\"Organization\",\"@id\":\"https:\/\/editorialmediterrania.com\/es\/#organization\",\"name\":\"Editorial Mediterrania\",\"alternateName\":\"Llibres d'art, cultura i natura per infants i fam\u00edlies\",\"url\":\"https:\/\/editorialmediterrania.com\/es\/\",\"logo\":{\"@type\":\"ImageObject\",\"inLanguage\":\"es\",\"@id\":\"https:\/\/editorialmediterrania.com\/es\/#\/schema\/logo\/image\/\",\"url\":\"https:\/\/editorialmediterrania.com\/wp-content\/uploads\/2023\/03\/LOGO-ED_MEDITERRANIA_OK-2.png\",\"contentUrl\":\"https:\/\/editorialmediterrania.com\/wp-content\/uploads\/2023\/03\/LOGO-ED_MEDITERRANIA_OK-2.png\",\"width\":1200,\"height\":300,\"caption\":\"Editorial Mediterrania\"},\"image\":{\"@id\":\"https:\/\/editorialmediterrania.com\/es\/#\/schema\/logo\/image\/\"},\"sameAs\":[\"https:\/\/x.com\/edmediterrania\",\"https:\/\/www.instagram.com\/editorialmediterrania\/\"]}]}<\/script>\n<!-- \/ Yoast SEO plugin. -->","yoast_head_json":{"title":"Bon dia. Una can\u00e7\u00f3 contada d'Els Pets - Editorial Mediterr\u00e0nia","description":"Descobreix un m\u00f3n de meravelles a trav\u00e9s dels llibres de la nostra editorial especialitzada en art, cultura i natura per a fam\u00edlies. Amb il\u00b7lustracions fascinants i hist\u00f2ries enriquidores, inspirem el descobriment i la curiositat en petits i grans, connectant-los amb el patrimoni cultural i el meravell\u00f3s m\u00f3n natural que ens envolta","robots":{"index":"index","follow":"follow","max-snippet":"max-snippet:-1","max-image-preview":"max-image-preview:large","max-video-preview":"max-video-preview:-1"},"canonical":"https:\/\/editorialmediterrania.com\/es\/producto\/bon-dia-una-canco-contada-dels-pets\/","og_locale":"es_ES","og_type":"article","og_title":"Bon dia. Una can\u00e7\u00f3 contada d'Els Pets - Editorial Mediterr\u00e0nia","og_description":"Descobreix un m\u00f3n de meravelles a trav\u00e9s dels llibres de la nostra editorial especialitzada en art, cultura i natura per a fam\u00edlies. Amb il\u00b7lustracions fascinants i hist\u00f2ries enriquidores, inspirem el descobriment i la curiositat en petits i grans, connectant-los amb el patrimoni cultural i el meravell\u00f3s m\u00f3n natural que ens envolta","og_url":"https:\/\/editorialmediterrania.com\/es\/producto\/bon-dia-una-canco-contada-dels-pets\/","og_site_name":"Editorial Mediterr\u00e0nia","article_modified_time":"2026-02-13T10:37:40+00:00","og_image":[{"width":2408,"height":2560,"url":"https:\/\/editorialmediterrania.com\/wp-content\/uploads\/2023\/12\/Bon-dia_coberta-scaled.jpg","type":"image\/jpeg"}],"twitter_card":"summary_large_image","twitter_site":"@edmediterrania","twitter_misc":{"Tiempo de lectura":"1 minuto"},"schema":{"@context":"https:\/\/schema.org","@graph":[{"@type":"WebPage","@id":"https:\/\/editorialmediterrania.com\/es\/producto\/bon-dia-una-canco-contada-dels-pets\/","url":"https:\/\/editorialmediterrania.com\/es\/producto\/bon-dia-una-canco-contada-dels-pets\/","name":"Bon dia. Una can\u00e7\u00f3 contada d'Els Pets - Editorial Mediterr\u00e0nia","isPartOf":{"@id":"https:\/\/editorialmediterrania.com\/es\/#website"},"primaryImageOfPage":{"@id":"https:\/\/editorialmediterrania.com\/es\/producto\/bon-dia-una-canco-contada-dels-pets\/#primaryimage"},"image":{"@id":"https:\/\/editorialmediterrania.com\/es\/producto\/bon-dia-una-canco-contada-dels-pets\/#primaryimage"},"thumbnailUrl":"https:\/\/editorialmediterrania.com\/wp-content\/uploads\/2023\/12\/Bon-dia_coberta-scaled.jpg","datePublished":"2023-12-11T10:50:11+00:00","dateModified":"2026-02-13T10:37:40+00:00","description":"Descobreix un m\u00f3n de meravelles a trav\u00e9s dels llibres de la nostra editorial especialitzada en art, cultura i natura per a fam\u00edlies. Amb il\u00b7lustracions fascinants i hist\u00f2ries enriquidores, inspirem el descobriment i la curiositat en petits i grans, connectant-los amb el patrimoni cultural i el meravell\u00f3s m\u00f3n natural que ens envolta","breadcrumb":{"@id":"https:\/\/editorialmediterrania.com\/es\/producto\/bon-dia-una-canco-contada-dels-pets\/#breadcrumb"},"inLanguage":"es","potentialAction":[{"@type":"ReadAction","target":["https:\/\/editorialmediterrania.com\/es\/producto\/bon-dia-una-canco-contada-dels-pets\/"]}]},{"@type":"ImageObject","inLanguage":"es","@id":"https:\/\/editorialmediterrania.com\/es\/producto\/bon-dia-una-canco-contada-dels-pets\/#primaryimage","url":"https:\/\/editorialmediterrania.com\/wp-content\/uploads\/2023\/12\/Bon-dia_coberta-scaled.jpg","contentUrl":"https:\/\/editorialmediterrania.com\/wp-content\/uploads\/2023\/12\/Bon-dia_coberta-scaled.jpg","width":2408,"height":2560},{"@type":"BreadcrumbList","@id":"https:\/\/editorialmediterrania.com\/es\/producto\/bon-dia-una-canco-contada-dels-pets\/#breadcrumb","itemListElement":[{"@type":"ListItem","position":1,"name":"Tienda de libros infantiles de arte","item":"https:\/\/editorialmediterrania.com\/es\/tienda-de-libros-infantiles-arte\/"},{"@type":"ListItem","position":2,"name":"Bon dia. Una can\u00e7\u00f3 contada d&#8217;Els Pets"}]},{"@type":"WebSite","@id":"https:\/\/editorialmediterrania.com\/es\/#website","url":"https:\/\/editorialmediterrania.com\/es\/","name":"Editorial Mediterrania","description":"Llibres que t\u2019obriran nous mons","publisher":{"@id":"https:\/\/editorialmediterrania.com\/es\/#organization"},"alternateName":"Llibres infantils d'art, cultura i natura","potentialAction":[{"@type":"SearchAction","target":{"@type":"EntryPoint","urlTemplate":"https:\/\/editorialmediterrania.com\/es\/?s={search_term_string}"},"query-input":"required name=search_term_string"}],"inLanguage":"es"},{"@type":"Organization","@id":"https:\/\/editorialmediterrania.com\/es\/#organization","name":"Editorial Mediterrania","alternateName":"Llibres d'art, cultura i natura per infants i fam\u00edlies","url":"https:\/\/editorialmediterrania.com\/es\/","logo":{"@type":"ImageObject","inLanguage":"es","@id":"https:\/\/editorialmediterrania.com\/es\/#\/schema\/logo\/image\/","url":"https:\/\/editorialmediterrania.com\/wp-content\/uploads\/2023\/03\/LOGO-ED_MEDITERRANIA_OK-2.png","contentUrl":"https:\/\/editorialmediterrania.com\/wp-content\/uploads\/2023\/03\/LOGO-ED_MEDITERRANIA_OK-2.png","width":1200,"height":300,"caption":"Editorial Mediterrania"},"image":{"@id":"https:\/\/editorialmediterrania.com\/es\/#\/schema\/logo\/image\/"},"sameAs":["https:\/\/x.com\/edmediterrania","https:\/\/www.instagram.com\/editorialmediterrania\/"]}]}},"_links":{"self":[{"href":"https:\/\/editorialmediterrania.com\/es\/wp-json\/wp\/v2\/product\/42430","targetHints":{"allow":["GET"]}}],"collection":[{"href":"https:\/\/editorialmediterrania.com\/es\/wp-json\/wp\/v2\/product"}],"about":[{"href":"https:\/\/editorialmediterrania.com\/es\/wp-json\/wp\/v2\/types\/product"}],"wp:featuredmedia":[{"embeddable":true,"href":"https:\/\/editorialmediterrania.com\/es\/wp-json\/wp\/v2\/media\/42431"}],"wp:attachment":[{"href":"https:\/\/editorialmediterrania.com\/es\/wp-json\/wp\/v2\/media?parent=42430"}],"wp:term":[{"taxonomy":"product_cat","embeddable":true,"href":"https:\/\/editorialmediterrania.com\/es\/wp-json\/wp\/v2\/product_cat?post=42430"},{"taxonomy":"product_tag","embeddable":true,"href":"https:\/\/editorialmediterrania.com\/es\/wp-json\/wp\/v2\/product_tag?post=42430"},{"taxonomy":"autors","embeddable":true,"href":"https:\/\/editorialmediterrania.com\/es\/wp-json\/wp\/v2\/autors?post=42430"}],"curies":[{"name":"wp","href":"https:\/\/api.w.org\/{rel}","templated":true}]}}