{"id":42452,"date":"2023-12-11T12:15:54","date_gmt":"2023-12-11T11:15:54","guid":{"rendered":"https:\/\/editorialmediterrania.com\/?post_type=product&#038;p=42452"},"modified":"2026-02-13T11:32:18","modified_gmt":"2026-02-13T10:32:18","slug":"louisiana-o-els-camps-de-coto-una-canco-contada-dels-amics-de-les-arts","status":"publish","type":"product","link":"https:\/\/editorialmediterrania.com\/es\/producto\/louisiana-o-els-camps-de-coto-una-canco-contada-dels-amics-de-les-arts\/","title":{"rendered":"Louisiana o els camps de cot\u00f3. Una can\u00e7\u00f3 contada d&#8217;Els amics de les Arts"},"content":{"rendered":"<h2>Dona una ullada al conte<\/h2>\n<p><strong>Els Amics de les Arts<\/strong>\u00a0ens expliquen tot el conte en aquest cap\u00edtol d&#8217;<strong>Atrapats Aqu\u00ed<\/strong><br \/>\n<iframe title=\"YouTube video player\" src=\"https:\/\/www.youtube.com\/embed\/A_ZCPDPx6d0?si=lEq60wAURivDWND5\" width=\"560\" height=\"315\" frameborder=\"0\" allowfullscreen=\"allowfullscreen\"><\/iframe><\/p>\n<h2>Sabies que&#8230;<\/h2>\n<p><strong>Pots escoltar\u00a0la can\u00e7\u00f3<\/strong>\u00a0a\u00a0<a title=\"Louisiana a Youtube\" href=\"https:\/\/www.youtube.com\/watch?v=wOOY1cLH7F8\" target=\"_blank\" rel=\"noopener\">Youtube<\/a>\u00a0i a\u00a0<a title=\"Louisiana a Spotify\" href=\"https:\/\/open.spotify.com\/track\/3IeZmxji42gTJ781YVezCp?si=AMTyGBNXTo6r-8n7mTfjGA\" target=\"_blank\" rel=\"noopener\">Spotify.<\/a><\/p>\n<p><strong>T&#8217;oferim activitats per fer a casa<\/strong>\u00a0relacionades amb el conte.\u00a0<strong>Descarrega-les gratu\u00eftament:<\/strong><\/p>\n<ul>\n<li>Solucionari de les activitats del final del llibre.\u00a0<a href=\"https:\/\/editorialmediterrania.com\/wp-content\/uploads\/2023\/12\/Editorial-Nanit-conte-Lousiana-Amics-de-les-Arts-solucionari-activitats-finals1.webp\" target=\"_blank\" rel=\"noopener\"><strong>Descarrega les solucions aqu\u00ed.<\/strong><\/a><\/li>\n<li><strong>Il\u00b7lustracions per pintar.<\/strong>\u00a0<strong><a href=\"https:\/\/editorialmediterrania.com\/wp-content\/uploads\/2023\/12\/Editorial-Nanit-conte-Lousiana-Amics-de-les-Arts-dibuixos-per-pintar-colorejar-1-baixa.pdf\" target=\"_blank\" rel=\"noopener\">Aqu\u00ed<\/a>\u00a0<\/strong>i <a href=\"https:\/\/editorialmediterrania.com\/wp-content\/uploads\/2023\/12\/Editorial-Nanit-conte-Lousiana-Amics-de-les-Arts-dibuixos-per-pintar-colorejar-2-baixa.pdf\" target=\"_blank\" rel=\"noopener\"><strong>aqu\u00ed<\/strong><\/a><\/li>\n<li><strong>Us ve de gust resseguir punts?<\/strong>\u00a0A veure si sabeu quina il\u00b7lustraci\u00f3 s&#8217;amaga\u00a0<a href=\"https:\/\/editorialmediterrania.com\/wp-content\/uploads\/2023\/12\/Editorial-Nanit-conte-Lousiana-Amics-de-les-arts-resseguir-punts-scaled.webp\" target=\"_blank\" rel=\"noopener\"><strong>aqu\u00ed<\/strong>.<\/a><\/li>\n<li><strong>El selfie de les emocions<\/strong>\u00a0o\u00a0<strong>postals per demanar perd\u00f3.<\/strong>\u00a0<a href=\"https:\/\/editorialmediterrania.com\/wp-content\/uploads\/2023\/12\/Editorial-Nanit-Louisiana-Amics-de-les-Arts-converses.pdf\" target=\"_blank\" rel=\"noopener\"><strong>Descarrega el PDF aqu\u00ed.<\/strong><\/a><\/li>\n<li><strong>Plantilla per enviar una postal<\/strong>.\u00a0<a href=\"https:\/\/editorialmediterrania.com\/wp-content\/uploads\/2023\/12\/Editorial-nanit-postal-Louisiana.pdf\" target=\"_blank\" rel=\"noopener\"><strong>Descarrega-la aqu\u00ed.<\/strong><\/a><\/li>\n<\/ul>\n<p>Gr\u00e0cies a la teva compra,\u00a0<strong>col\u00b7laborem amb diferents projectes solidaris<\/strong>.<\/p>\n","protected":false},"excerpt":{"rendered":"<p><strong>Louisiana o els camps de cot\u00f3<\/strong>\u00a0\u00e9s un conte basat en la can\u00e7\u00f3 hom\u00f2nima d&#8217;<strong>Els Amics de les Arts<\/strong>.<\/p>\n<p>Un\u00a0<strong>conte infantil<\/strong>\u00a0que parla de la fam\u00edlia i la nost\u00e0lgia, tan necess\u00e0ria de vegades per valorar el que tenim. Acompanyant en Roger, el nostre protagonista, tamb\u00e9 aprendrem a valorar la riquesa que suposa la pluralitat i la diversitat de les diferents cultures que hi ha al m\u00f3n.<\/p>\n<p>Il\u00b7lustrat per\u00a0<strong>Txell Darn\u00e9<\/strong><\/p>\n","protected":false},"featured_media":42453,"template":"","meta":[],"product_cat":[6500],"product_tag":[],"autors":[6521],"class_list":{"0":"post-42452","1":"product","2":"type-product","3":"status-publish","4":"has-post-thumbnail","6":"product_cat-nanit","7":"autors-els-amics-de-les-arts","9":"first","10":"instock","11":"taxable","12":"shipping-taxable","13":"product-type-external","swatches":"rey-swatches","show_selected":""},"acf":[],"yoast_head":"<!-- This site is optimized with the Yoast SEO plugin v22.8 - https:\/\/yoast.com\/wordpress\/plugins\/seo\/ -->\n<title>Louisiana o els camps de cot\u00f3. Una can\u00e7\u00f3 contada d&#039;Els amics de les Arts - Editorial Mediterr\u00e0nia<\/title>\n<meta name=\"description\" content=\"Descobreix unLouisiana o els camps de cot\u00f3. Una can\u00e7\u00f3 contada d&#039;Els amics de les Arts\" \/>\n<meta name=\"robots\" content=\"index, follow, max-snippet:-1, max-image-preview:large, max-video-preview:-1\" \/>\n<link rel=\"canonical\" href=\"https:\/\/editorialmediterrania.com\/es\/producto\/louisiana-o-els-camps-de-coto-una-canco-contada-dels-amics-de-les-arts\/\" \/>\n<meta property=\"og:locale\" content=\"es_ES\" \/>\n<meta property=\"og:type\" content=\"article\" \/>\n<meta property=\"og:title\" content=\"Louisiana o els camps de cot\u00f3. Una can\u00e7\u00f3 contada d&#039;Els amics de les Arts - Editorial Mediterr\u00e0nia\" \/>\n<meta property=\"og:description\" content=\"Descobreix unLouisiana o els camps de cot\u00f3. Una can\u00e7\u00f3 contada d&#039;Els amics de les Arts\" \/>\n<meta property=\"og:url\" content=\"https:\/\/editorialmediterrania.com\/es\/producto\/louisiana-o-els-camps-de-coto-una-canco-contada-dels-amics-de-les-arts\/\" \/>\n<meta property=\"og:site_name\" content=\"Editorial Mediterr\u00e0nia\" \/>\n<meta property=\"article:modified_time\" content=\"2026-02-13T10:32:18+00:00\" \/>\n<meta property=\"og:image\" content=\"https:\/\/editorialmediterrania.com\/wp-content\/uploads\/2023\/12\/Coberta_Lousiana.png\" \/>\n\t<meta property=\"og:image:width\" content=\"1139\" \/>\n\t<meta property=\"og:image:height\" content=\"1141\" \/>\n\t<meta property=\"og:image:type\" content=\"image\/png\" \/>\n<meta name=\"twitter:card\" content=\"summary_large_image\" \/>\n<meta name=\"twitter:site\" content=\"@edmediterrania\" \/>\n<meta name=\"twitter:label1\" content=\"Tiempo de lectura\" \/>\n\t<meta name=\"twitter:data1\" content=\"1 minuto\" \/>\n<script type=\"application\/ld+json\" class=\"yoast-schema-graph\">{\"@context\":\"https:\/\/schema.org\",\"@graph\":[{\"@type\":\"WebPage\",\"@id\":\"https:\/\/editorialmediterrania.com\/es\/producto\/louisiana-o-els-camps-de-coto-una-canco-contada-dels-amics-de-les-arts\/\",\"url\":\"https:\/\/editorialmediterrania.com\/es\/producto\/louisiana-o-els-camps-de-coto-una-canco-contada-dels-amics-de-les-arts\/\",\"name\":\"Louisiana o els camps de cot\u00f3. Una can\u00e7\u00f3 contada d'Els amics de les Arts - Editorial Mediterr\u00e0nia\",\"isPartOf\":{\"@id\":\"https:\/\/editorialmediterrania.com\/es\/#website\"},\"primaryImageOfPage\":{\"@id\":\"https:\/\/editorialmediterrania.com\/es\/producto\/louisiana-o-els-camps-de-coto-una-canco-contada-dels-amics-de-les-arts\/#primaryimage\"},\"image\":{\"@id\":\"https:\/\/editorialmediterrania.com\/es\/producto\/louisiana-o-els-camps-de-coto-una-canco-contada-dels-amics-de-les-arts\/#primaryimage\"},\"thumbnailUrl\":\"https:\/\/editorialmediterrania.com\/wp-content\/uploads\/2023\/12\/Coberta_Lousiana.png\",\"datePublished\":\"2023-12-11T11:15:54+00:00\",\"dateModified\":\"2026-02-13T10:32:18+00:00\",\"description\":\"Descobreix unLouisiana o els camps de cot\u00f3. Una can\u00e7\u00f3 contada d'Els amics de les Arts\",\"breadcrumb\":{\"@id\":\"https:\/\/editorialmediterrania.com\/es\/producto\/louisiana-o-els-camps-de-coto-una-canco-contada-dels-amics-de-les-arts\/#breadcrumb\"},\"inLanguage\":\"es\",\"potentialAction\":[{\"@type\":\"ReadAction\",\"target\":[\"https:\/\/editorialmediterrania.com\/es\/producto\/louisiana-o-els-camps-de-coto-una-canco-contada-dels-amics-de-les-arts\/\"]}]},{\"@type\":\"ImageObject\",\"inLanguage\":\"es\",\"@id\":\"https:\/\/editorialmediterrania.com\/es\/producto\/louisiana-o-els-camps-de-coto-una-canco-contada-dels-amics-de-les-arts\/#primaryimage\",\"url\":\"https:\/\/editorialmediterrania.com\/wp-content\/uploads\/2023\/12\/Coberta_Lousiana.png\",\"contentUrl\":\"https:\/\/editorialmediterrania.com\/wp-content\/uploads\/2023\/12\/Coberta_Lousiana.png\",\"width\":1139,\"height\":1141},{\"@type\":\"BreadcrumbList\",\"@id\":\"https:\/\/editorialmediterrania.com\/es\/producto\/louisiana-o-els-camps-de-coto-una-canco-contada-dels-amics-de-les-arts\/#breadcrumb\",\"itemListElement\":[{\"@type\":\"ListItem\",\"position\":1,\"name\":\"Tienda de libros infantiles de arte\",\"item\":\"https:\/\/editorialmediterrania.com\/es\/tienda-de-libros-infantiles-arte\/\"},{\"@type\":\"ListItem\",\"position\":2,\"name\":\"Louisiana o els camps de cot\u00f3. Una can\u00e7\u00f3 contada d&#8217;Els amics de les Arts\"}]},{\"@type\":\"WebSite\",\"@id\":\"https:\/\/editorialmediterrania.com\/es\/#website\",\"url\":\"https:\/\/editorialmediterrania.com\/es\/\",\"name\":\"Editorial Mediterrania\",\"description\":\"Llibres que t\u2019obriran nous mons\",\"publisher\":{\"@id\":\"https:\/\/editorialmediterrania.com\/es\/#organization\"},\"alternateName\":\"Llibres infantils d'art, cultura i natura\",\"potentialAction\":[{\"@type\":\"SearchAction\",\"target\":{\"@type\":\"EntryPoint\",\"urlTemplate\":\"https:\/\/editorialmediterrania.com\/es\/?s={search_term_string}\"},\"query-input\":\"required name=search_term_string\"}],\"inLanguage\":\"es\"},{\"@type\":\"Organization\",\"@id\":\"https:\/\/editorialmediterrania.com\/es\/#organization\",\"name\":\"Editorial Mediterrania\",\"alternateName\":\"Llibres d'art, cultura i natura per infants i fam\u00edlies\",\"url\":\"https:\/\/editorialmediterrania.com\/es\/\",\"logo\":{\"@type\":\"ImageObject\",\"inLanguage\":\"es\",\"@id\":\"https:\/\/editorialmediterrania.com\/es\/#\/schema\/logo\/image\/\",\"url\":\"https:\/\/editorialmediterrania.com\/wp-content\/uploads\/2023\/03\/LOGO-ED_MEDITERRANIA_OK-2.png\",\"contentUrl\":\"https:\/\/editorialmediterrania.com\/wp-content\/uploads\/2023\/03\/LOGO-ED_MEDITERRANIA_OK-2.png\",\"width\":1200,\"height\":300,\"caption\":\"Editorial Mediterrania\"},\"image\":{\"@id\":\"https:\/\/editorialmediterrania.com\/es\/#\/schema\/logo\/image\/\"},\"sameAs\":[\"https:\/\/x.com\/edmediterrania\",\"https:\/\/www.instagram.com\/editorialmediterrania\/\"]}]}<\/script>\n<!-- \/ Yoast SEO plugin. -->","yoast_head_json":{"title":"Louisiana o els camps de cot\u00f3. Una can\u00e7\u00f3 contada d'Els amics de les Arts - Editorial Mediterr\u00e0nia","description":"Descobreix unLouisiana o els camps de cot\u00f3. Una can\u00e7\u00f3 contada d'Els amics de les Arts","robots":{"index":"index","follow":"follow","max-snippet":"max-snippet:-1","max-image-preview":"max-image-preview:large","max-video-preview":"max-video-preview:-1"},"canonical":"https:\/\/editorialmediterrania.com\/es\/producto\/louisiana-o-els-camps-de-coto-una-canco-contada-dels-amics-de-les-arts\/","og_locale":"es_ES","og_type":"article","og_title":"Louisiana o els camps de cot\u00f3. Una can\u00e7\u00f3 contada d'Els amics de les Arts - Editorial Mediterr\u00e0nia","og_description":"Descobreix unLouisiana o els camps de cot\u00f3. Una can\u00e7\u00f3 contada d'Els amics de les Arts","og_url":"https:\/\/editorialmediterrania.com\/es\/producto\/louisiana-o-els-camps-de-coto-una-canco-contada-dels-amics-de-les-arts\/","og_site_name":"Editorial Mediterr\u00e0nia","article_modified_time":"2026-02-13T10:32:18+00:00","og_image":[{"width":1139,"height":1141,"url":"https:\/\/editorialmediterrania.com\/wp-content\/uploads\/2023\/12\/Coberta_Lousiana.png","type":"image\/png"}],"twitter_card":"summary_large_image","twitter_site":"@edmediterrania","twitter_misc":{"Tiempo de lectura":"1 minuto"},"schema":{"@context":"https:\/\/schema.org","@graph":[{"@type":"WebPage","@id":"https:\/\/editorialmediterrania.com\/es\/producto\/louisiana-o-els-camps-de-coto-una-canco-contada-dels-amics-de-les-arts\/","url":"https:\/\/editorialmediterrania.com\/es\/producto\/louisiana-o-els-camps-de-coto-una-canco-contada-dels-amics-de-les-arts\/","name":"Louisiana o els camps de cot\u00f3. Una can\u00e7\u00f3 contada d'Els amics de les Arts - Editorial Mediterr\u00e0nia","isPartOf":{"@id":"https:\/\/editorialmediterrania.com\/es\/#website"},"primaryImageOfPage":{"@id":"https:\/\/editorialmediterrania.com\/es\/producto\/louisiana-o-els-camps-de-coto-una-canco-contada-dels-amics-de-les-arts\/#primaryimage"},"image":{"@id":"https:\/\/editorialmediterrania.com\/es\/producto\/louisiana-o-els-camps-de-coto-una-canco-contada-dels-amics-de-les-arts\/#primaryimage"},"thumbnailUrl":"https:\/\/editorialmediterrania.com\/wp-content\/uploads\/2023\/12\/Coberta_Lousiana.png","datePublished":"2023-12-11T11:15:54+00:00","dateModified":"2026-02-13T10:32:18+00:00","description":"Descobreix unLouisiana o els camps de cot\u00f3. Una can\u00e7\u00f3 contada d'Els amics de les Arts","breadcrumb":{"@id":"https:\/\/editorialmediterrania.com\/es\/producto\/louisiana-o-els-camps-de-coto-una-canco-contada-dels-amics-de-les-arts\/#breadcrumb"},"inLanguage":"es","potentialAction":[{"@type":"ReadAction","target":["https:\/\/editorialmediterrania.com\/es\/producto\/louisiana-o-els-camps-de-coto-una-canco-contada-dels-amics-de-les-arts\/"]}]},{"@type":"ImageObject","inLanguage":"es","@id":"https:\/\/editorialmediterrania.com\/es\/producto\/louisiana-o-els-camps-de-coto-una-canco-contada-dels-amics-de-les-arts\/#primaryimage","url":"https:\/\/editorialmediterrania.com\/wp-content\/uploads\/2023\/12\/Coberta_Lousiana.png","contentUrl":"https:\/\/editorialmediterrania.com\/wp-content\/uploads\/2023\/12\/Coberta_Lousiana.png","width":1139,"height":1141},{"@type":"BreadcrumbList","@id":"https:\/\/editorialmediterrania.com\/es\/producto\/louisiana-o-els-camps-de-coto-una-canco-contada-dels-amics-de-les-arts\/#breadcrumb","itemListElement":[{"@type":"ListItem","position":1,"name":"Tienda de libros infantiles de arte","item":"https:\/\/editorialmediterrania.com\/es\/tienda-de-libros-infantiles-arte\/"},{"@type":"ListItem","position":2,"name":"Louisiana o els camps de cot\u00f3. Una can\u00e7\u00f3 contada d&#8217;Els amics de les Arts"}]},{"@type":"WebSite","@id":"https:\/\/editorialmediterrania.com\/es\/#website","url":"https:\/\/editorialmediterrania.com\/es\/","name":"Editorial Mediterrania","description":"Llibres que t\u2019obriran nous mons","publisher":{"@id":"https:\/\/editorialmediterrania.com\/es\/#organization"},"alternateName":"Llibres infantils d'art, cultura i natura","potentialAction":[{"@type":"SearchAction","target":{"@type":"EntryPoint","urlTemplate":"https:\/\/editorialmediterrania.com\/es\/?s={search_term_string}"},"query-input":"required name=search_term_string"}],"inLanguage":"es"},{"@type":"Organization","@id":"https:\/\/editorialmediterrania.com\/es\/#organization","name":"Editorial Mediterrania","alternateName":"Llibres d'art, cultura i natura per infants i fam\u00edlies","url":"https:\/\/editorialmediterrania.com\/es\/","logo":{"@type":"ImageObject","inLanguage":"es","@id":"https:\/\/editorialmediterrania.com\/es\/#\/schema\/logo\/image\/","url":"https:\/\/editorialmediterrania.com\/wp-content\/uploads\/2023\/03\/LOGO-ED_MEDITERRANIA_OK-2.png","contentUrl":"https:\/\/editorialmediterrania.com\/wp-content\/uploads\/2023\/03\/LOGO-ED_MEDITERRANIA_OK-2.png","width":1200,"height":300,"caption":"Editorial Mediterrania"},"image":{"@id":"https:\/\/editorialmediterrania.com\/es\/#\/schema\/logo\/image\/"},"sameAs":["https:\/\/x.com\/edmediterrania","https:\/\/www.instagram.com\/editorialmediterrania\/"]}]}},"_links":{"self":[{"href":"https:\/\/editorialmediterrania.com\/es\/wp-json\/wp\/v2\/product\/42452","targetHints":{"allow":["GET"]}}],"collection":[{"href":"https:\/\/editorialmediterrania.com\/es\/wp-json\/wp\/v2\/product"}],"about":[{"href":"https:\/\/editorialmediterrania.com\/es\/wp-json\/wp\/v2\/types\/product"}],"wp:featuredmedia":[{"embeddable":true,"href":"https:\/\/editorialmediterrania.com\/es\/wp-json\/wp\/v2\/media\/42453"}],"wp:attachment":[{"href":"https:\/\/editorialmediterrania.com\/es\/wp-json\/wp\/v2\/media?parent=42452"}],"wp:term":[{"taxonomy":"product_cat","embeddable":true,"href":"https:\/\/editorialmediterrania.com\/es\/wp-json\/wp\/v2\/product_cat?post=42452"},{"taxonomy":"product_tag","embeddable":true,"href":"https:\/\/editorialmediterrania.com\/es\/wp-json\/wp\/v2\/product_tag?post=42452"},{"taxonomy":"autors","embeddable":true,"href":"https:\/\/editorialmediterrania.com\/es\/wp-json\/wp\/v2\/autors?post=42452"}],"curies":[{"name":"wp","href":"https:\/\/api.w.org\/{rel}","templated":true}]}}