{"id":42459,"date":"2023-12-11T12:20:05","date_gmt":"2023-12-11T11:20:05","guid":{"rendered":"https:\/\/editorialmediterrania.com\/?post_type=product&#038;p=42459"},"modified":"2026-02-13T11:31:37","modified_gmt":"2026-02-13T10:31:37","slug":"tu-fas-una-canco-contada-de-doctor-prats","status":"publish","type":"product","link":"https:\/\/editorialmediterrania.com\/es\/producto\/tu-fas-una-canco-contada-de-doctor-prats\/","title":{"rendered":"Tu fas. Una can\u00e7\u00f3 contada de Doctor Prats"},"content":{"rendered":"<h2>Dona una ullada al conte<br \/>\n<iframe title=\"YouTube video player\" src=\"https:\/\/www.youtube.com\/embed\/S9gIJVVpAXs?si=rM_0Fa980c0XifxL\" width=\"560\" height=\"315\" frameborder=\"0\" allowfullscreen=\"allowfullscreen\"><\/iframe><\/h2>\n<h2>Sabies que&#8230;<\/h2>\n<p><strong>Pots escoltar\u00a0la can\u00e7\u00f3<\/strong>\u00a0a\u00a0<strong><a title=\"Tu fas a Youtube\" href=\"https:\/\/www.youtube.com\/watch?v=5xv3jCmuqtU\" target=\"_blank\" rel=\"noopener\">Youtube<\/a><\/strong>\u00a0i a\u00a0<a title=\"Tu fas a Spotify\" href=\"https:\/\/open.spotify.com\/track\/3ctPgGrBfjWRiowL0Do8W5?si=1yKJjcekTzyCj6wyiXJEUA\" target=\"_blank\" rel=\"noopener\"><strong>Spotify<\/strong>.<\/a><\/p>\n<p><strong>T&#8217;oferim activitats per fer a casa<\/strong>\u00a0relacionades amb el conte.\u00a0<strong>Descarrega-les gratu\u00eftament:<\/strong><\/p>\n<ul>\n<li>Solucionari de les activitats del final del llibre.\u00a0<a href=\"https:\/\/editorialmediterrania.com\/wp-content\/uploads\/2023\/12\/Editorial-Nanit-conte-Doctor-Prats-Tu-fas-solucionari.pdf\" target=\"_blank\" rel=\"noopener\"><strong>Descarrega les solucions aqu\u00ed.<\/strong><\/a><\/li>\n<li><strong>Dues il\u00b7lustracions per pintar.<\/strong>\u00a0<a href=\"https:\/\/editorialmediterrania.com\/wp-content\/uploads\/2023\/12\/Editorial-Nanit-Doctor-Prats-Tu-fas-dibuixos-per-pintar-colorejar.pdf\" target=\"_blank\" rel=\"noopener\"><strong>Aqu\u00ed<\/strong><\/a><\/li>\n<li><strong>Com dibuixaries la teva fam\u00edlia?<\/strong>\u00a0<a href=\"https:\/\/editorialmediterrania.com\/wp-content\/uploads\/2023\/12\/Editorial-Nanit-Doctor-Prats-Tu-fas-activitat-familia.pdf\" target=\"_blank\" rel=\"noopener\"><strong>Et regalem una il\u00b7lustraci\u00f3 on poder-la dibuixar aqu\u00ed.<\/strong><\/a><\/li>\n<li><strong>Voleu enviar una postal del conte<\/strong>\u00a0a qui m\u00e9s estimeu?\u00a0<strong><a href=\"https:\/\/editorialmediterrania.com\/wp-content\/uploads\/2023\/12\/editorial_nanit_doctor_prats_postal_tu_fas.pdf\" target=\"_blank\" rel=\"noopener\">Descarregueu-la aqu\u00ed<\/a>\u00a0<\/strong>i trieu la que m\u00e9s us agradi.<\/li>\n<\/ul>\n<p>Gr\u00e0cies a la teva compra,\u00a0<strong>col\u00b7laborem amb diferents projectes solidaris<\/strong>.<\/p>\n","protected":false},"excerpt":{"rendered":"<p><strong>Tu fas<\/strong>\u00a0\u00e9s un conte basat en la can\u00e7\u00f3 hom\u00f2nima de\u00a0<strong>Doctor Prats<\/strong>.<\/p>\n<p>Un\u00a0<strong>conte infantil<\/strong>\u00a0que vol parlar de la fam\u00edlia, de totes, tinguin el color i la forma que tinguin. Una can\u00e7\u00f3 convertida a conte per\u00a0llegir-la a qui estimem\u00a0i poder-li dir com d&#8217;especial i important ha estat la seva arribada a les nostres vides.<\/p>\n<p>Il\u00b7lustrat per\u00a0<strong>Laia Carrera Crespo.<\/strong><\/p>\n","protected":false},"featured_media":42460,"template":"","meta":[],"product_cat":[6500],"product_tag":[6520],"autors":[],"class_list":{"0":"post-42459","1":"product","2":"type-product","3":"status-publish","4":"has-post-thumbnail","6":"product_cat-nanit","7":"product_tag-doctor-prats","9":"first","10":"instock","11":"taxable","12":"shipping-taxable","13":"purchasable","14":"product-type-simple","swatches":"rey-swatches","show_selected":""},"acf":[],"yoast_head":"<!-- This site is optimized with the Yoast SEO plugin v22.8 - https:\/\/yoast.com\/wordpress\/plugins\/seo\/ -->\n<title>Tu fas. Una can\u00e7\u00f3 contada de Doctor Prats - Editorial Mediterr\u00e0nia<\/title>\n<meta name=\"description\" content=\"Un\u00a0conte infantil\u00a0que vol parlar de la fam\u00edlia, de totes, tinguin el color i la forma que tinguin. Una can\u00e7\u00f3 convertida a conte per\u00a0llegir-la a qui estimem\" \/>\n<meta name=\"robots\" content=\"index, follow, max-snippet:-1, max-image-preview:large, max-video-preview:-1\" \/>\n<link rel=\"canonical\" href=\"https:\/\/editorialmediterrania.com\/es\/producto\/tu-fas-una-canco-contada-de-doctor-prats\/\" \/>\n<meta property=\"og:locale\" content=\"es_ES\" \/>\n<meta property=\"og:type\" content=\"article\" \/>\n<meta property=\"og:title\" content=\"Tu fas. Una can\u00e7\u00f3 contada de Doctor Prats - Editorial Mediterr\u00e0nia\" \/>\n<meta property=\"og:description\" content=\"Un\u00a0conte infantil\u00a0que vol parlar de la fam\u00edlia, de totes, tinguin el color i la forma que tinguin. Una can\u00e7\u00f3 convertida a conte per\u00a0llegir-la a qui estimem\" \/>\n<meta property=\"og:url\" content=\"https:\/\/editorialmediterrania.com\/es\/producto\/tu-fas-una-canco-contada-de-doctor-prats\/\" \/>\n<meta property=\"og:site_name\" content=\"Editorial Mediterr\u00e0nia\" \/>\n<meta property=\"article:modified_time\" content=\"2026-02-13T10:31:37+00:00\" \/>\n<meta property=\"og:image\" content=\"https:\/\/editorialmediterrania.com\/wp-content\/uploads\/2023\/12\/Coberta_TUFAS.jpg\" \/>\n\t<meta property=\"og:image:width\" content=\"523\" \/>\n\t<meta property=\"og:image:height\" content=\"530\" \/>\n\t<meta property=\"og:image:type\" content=\"image\/jpeg\" \/>\n<meta name=\"twitter:card\" content=\"summary_large_image\" \/>\n<meta name=\"twitter:site\" content=\"@edmediterrania\" \/>\n<meta name=\"twitter:label1\" content=\"Tiempo de lectura\" \/>\n\t<meta name=\"twitter:data1\" content=\"1 minuto\" \/>\n<script type=\"application\/ld+json\" class=\"yoast-schema-graph\">{\"@context\":\"https:\/\/schema.org\",\"@graph\":[{\"@type\":\"WebPage\",\"@id\":\"https:\/\/editorialmediterrania.com\/es\/producto\/tu-fas-una-canco-contada-de-doctor-prats\/\",\"url\":\"https:\/\/editorialmediterrania.com\/es\/producto\/tu-fas-una-canco-contada-de-doctor-prats\/\",\"name\":\"Tu fas. Una can\u00e7\u00f3 contada de Doctor Prats - Editorial Mediterr\u00e0nia\",\"isPartOf\":{\"@id\":\"https:\/\/editorialmediterrania.com\/es\/#website\"},\"primaryImageOfPage\":{\"@id\":\"https:\/\/editorialmediterrania.com\/es\/producto\/tu-fas-una-canco-contada-de-doctor-prats\/#primaryimage\"},\"image\":{\"@id\":\"https:\/\/editorialmediterrania.com\/es\/producto\/tu-fas-una-canco-contada-de-doctor-prats\/#primaryimage\"},\"thumbnailUrl\":\"https:\/\/editorialmediterrania.com\/wp-content\/uploads\/2023\/12\/Coberta_TUFAS.jpg\",\"datePublished\":\"2023-12-11T11:20:05+00:00\",\"dateModified\":\"2026-02-13T10:31:37+00:00\",\"description\":\"Un\u00a0conte infantil\u00a0que vol parlar de la fam\u00edlia, de totes, tinguin el color i la forma que tinguin. Una can\u00e7\u00f3 convertida a conte per\u00a0llegir-la a qui estimem\",\"breadcrumb\":{\"@id\":\"https:\/\/editorialmediterrania.com\/es\/producto\/tu-fas-una-canco-contada-de-doctor-prats\/#breadcrumb\"},\"inLanguage\":\"es\",\"potentialAction\":[{\"@type\":\"ReadAction\",\"target\":[\"https:\/\/editorialmediterrania.com\/es\/producto\/tu-fas-una-canco-contada-de-doctor-prats\/\"]}]},{\"@type\":\"ImageObject\",\"inLanguage\":\"es\",\"@id\":\"https:\/\/editorialmediterrania.com\/es\/producto\/tu-fas-una-canco-contada-de-doctor-prats\/#primaryimage\",\"url\":\"https:\/\/editorialmediterrania.com\/wp-content\/uploads\/2023\/12\/Coberta_TUFAS.jpg\",\"contentUrl\":\"https:\/\/editorialmediterrania.com\/wp-content\/uploads\/2023\/12\/Coberta_TUFAS.jpg\",\"width\":523,\"height\":530},{\"@type\":\"BreadcrumbList\",\"@id\":\"https:\/\/editorialmediterrania.com\/es\/producto\/tu-fas-una-canco-contada-de-doctor-prats\/#breadcrumb\",\"itemListElement\":[{\"@type\":\"ListItem\",\"position\":1,\"name\":\"Tienda de libros infantiles de arte\",\"item\":\"https:\/\/editorialmediterrania.com\/es\/tienda-de-libros-infantiles-arte\/\"},{\"@type\":\"ListItem\",\"position\":2,\"name\":\"Tu fas. Una can\u00e7\u00f3 contada de Doctor Prats\"}]},{\"@type\":\"WebSite\",\"@id\":\"https:\/\/editorialmediterrania.com\/es\/#website\",\"url\":\"https:\/\/editorialmediterrania.com\/es\/\",\"name\":\"Editorial Mediterrania\",\"description\":\"Llibres que t\u2019obriran nous mons\",\"publisher\":{\"@id\":\"https:\/\/editorialmediterrania.com\/es\/#organization\"},\"alternateName\":\"Llibres infantils d'art, cultura i natura\",\"potentialAction\":[{\"@type\":\"SearchAction\",\"target\":{\"@type\":\"EntryPoint\",\"urlTemplate\":\"https:\/\/editorialmediterrania.com\/es\/?s={search_term_string}\"},\"query-input\":\"required name=search_term_string\"}],\"inLanguage\":\"es\"},{\"@type\":\"Organization\",\"@id\":\"https:\/\/editorialmediterrania.com\/es\/#organization\",\"name\":\"Editorial Mediterrania\",\"alternateName\":\"Llibres d'art, cultura i natura per infants i fam\u00edlies\",\"url\":\"https:\/\/editorialmediterrania.com\/es\/\",\"logo\":{\"@type\":\"ImageObject\",\"inLanguage\":\"es\",\"@id\":\"https:\/\/editorialmediterrania.com\/es\/#\/schema\/logo\/image\/\",\"url\":\"https:\/\/editorialmediterrania.com\/wp-content\/uploads\/2023\/03\/LOGO-ED_MEDITERRANIA_OK-2.png\",\"contentUrl\":\"https:\/\/editorialmediterrania.com\/wp-content\/uploads\/2023\/03\/LOGO-ED_MEDITERRANIA_OK-2.png\",\"width\":1200,\"height\":300,\"caption\":\"Editorial Mediterrania\"},\"image\":{\"@id\":\"https:\/\/editorialmediterrania.com\/es\/#\/schema\/logo\/image\/\"},\"sameAs\":[\"https:\/\/x.com\/edmediterrania\",\"https:\/\/www.instagram.com\/editorialmediterrania\/\"]}]}<\/script>\n<!-- \/ Yoast SEO plugin. -->","yoast_head_json":{"title":"Tu fas. Una can\u00e7\u00f3 contada de Doctor Prats - Editorial Mediterr\u00e0nia","description":"Un\u00a0conte infantil\u00a0que vol parlar de la fam\u00edlia, de totes, tinguin el color i la forma que tinguin. Una can\u00e7\u00f3 convertida a conte per\u00a0llegir-la a qui estimem","robots":{"index":"index","follow":"follow","max-snippet":"max-snippet:-1","max-image-preview":"max-image-preview:large","max-video-preview":"max-video-preview:-1"},"canonical":"https:\/\/editorialmediterrania.com\/es\/producto\/tu-fas-una-canco-contada-de-doctor-prats\/","og_locale":"es_ES","og_type":"article","og_title":"Tu fas. Una can\u00e7\u00f3 contada de Doctor Prats - Editorial Mediterr\u00e0nia","og_description":"Un\u00a0conte infantil\u00a0que vol parlar de la fam\u00edlia, de totes, tinguin el color i la forma que tinguin. Una can\u00e7\u00f3 convertida a conte per\u00a0llegir-la a qui estimem","og_url":"https:\/\/editorialmediterrania.com\/es\/producto\/tu-fas-una-canco-contada-de-doctor-prats\/","og_site_name":"Editorial Mediterr\u00e0nia","article_modified_time":"2026-02-13T10:31:37+00:00","og_image":[{"width":523,"height":530,"url":"https:\/\/editorialmediterrania.com\/wp-content\/uploads\/2023\/12\/Coberta_TUFAS.jpg","type":"image\/jpeg"}],"twitter_card":"summary_large_image","twitter_site":"@edmediterrania","twitter_misc":{"Tiempo de lectura":"1 minuto"},"schema":{"@context":"https:\/\/schema.org","@graph":[{"@type":"WebPage","@id":"https:\/\/editorialmediterrania.com\/es\/producto\/tu-fas-una-canco-contada-de-doctor-prats\/","url":"https:\/\/editorialmediterrania.com\/es\/producto\/tu-fas-una-canco-contada-de-doctor-prats\/","name":"Tu fas. Una can\u00e7\u00f3 contada de Doctor Prats - Editorial Mediterr\u00e0nia","isPartOf":{"@id":"https:\/\/editorialmediterrania.com\/es\/#website"},"primaryImageOfPage":{"@id":"https:\/\/editorialmediterrania.com\/es\/producto\/tu-fas-una-canco-contada-de-doctor-prats\/#primaryimage"},"image":{"@id":"https:\/\/editorialmediterrania.com\/es\/producto\/tu-fas-una-canco-contada-de-doctor-prats\/#primaryimage"},"thumbnailUrl":"https:\/\/editorialmediterrania.com\/wp-content\/uploads\/2023\/12\/Coberta_TUFAS.jpg","datePublished":"2023-12-11T11:20:05+00:00","dateModified":"2026-02-13T10:31:37+00:00","description":"Un\u00a0conte infantil\u00a0que vol parlar de la fam\u00edlia, de totes, tinguin el color i la forma que tinguin. Una can\u00e7\u00f3 convertida a conte per\u00a0llegir-la a qui estimem","breadcrumb":{"@id":"https:\/\/editorialmediterrania.com\/es\/producto\/tu-fas-una-canco-contada-de-doctor-prats\/#breadcrumb"},"inLanguage":"es","potentialAction":[{"@type":"ReadAction","target":["https:\/\/editorialmediterrania.com\/es\/producto\/tu-fas-una-canco-contada-de-doctor-prats\/"]}]},{"@type":"ImageObject","inLanguage":"es","@id":"https:\/\/editorialmediterrania.com\/es\/producto\/tu-fas-una-canco-contada-de-doctor-prats\/#primaryimage","url":"https:\/\/editorialmediterrania.com\/wp-content\/uploads\/2023\/12\/Coberta_TUFAS.jpg","contentUrl":"https:\/\/editorialmediterrania.com\/wp-content\/uploads\/2023\/12\/Coberta_TUFAS.jpg","width":523,"height":530},{"@type":"BreadcrumbList","@id":"https:\/\/editorialmediterrania.com\/es\/producto\/tu-fas-una-canco-contada-de-doctor-prats\/#breadcrumb","itemListElement":[{"@type":"ListItem","position":1,"name":"Tienda de libros infantiles de arte","item":"https:\/\/editorialmediterrania.com\/es\/tienda-de-libros-infantiles-arte\/"},{"@type":"ListItem","position":2,"name":"Tu fas. Una can\u00e7\u00f3 contada de Doctor Prats"}]},{"@type":"WebSite","@id":"https:\/\/editorialmediterrania.com\/es\/#website","url":"https:\/\/editorialmediterrania.com\/es\/","name":"Editorial Mediterrania","description":"Llibres que t\u2019obriran nous mons","publisher":{"@id":"https:\/\/editorialmediterrania.com\/es\/#organization"},"alternateName":"Llibres infantils d'art, cultura i natura","potentialAction":[{"@type":"SearchAction","target":{"@type":"EntryPoint","urlTemplate":"https:\/\/editorialmediterrania.com\/es\/?s={search_term_string}"},"query-input":"required name=search_term_string"}],"inLanguage":"es"},{"@type":"Organization","@id":"https:\/\/editorialmediterrania.com\/es\/#organization","name":"Editorial Mediterrania","alternateName":"Llibres d'art, cultura i natura per infants i fam\u00edlies","url":"https:\/\/editorialmediterrania.com\/es\/","logo":{"@type":"ImageObject","inLanguage":"es","@id":"https:\/\/editorialmediterrania.com\/es\/#\/schema\/logo\/image\/","url":"https:\/\/editorialmediterrania.com\/wp-content\/uploads\/2023\/03\/LOGO-ED_MEDITERRANIA_OK-2.png","contentUrl":"https:\/\/editorialmediterrania.com\/wp-content\/uploads\/2023\/03\/LOGO-ED_MEDITERRANIA_OK-2.png","width":1200,"height":300,"caption":"Editorial Mediterrania"},"image":{"@id":"https:\/\/editorialmediterrania.com\/es\/#\/schema\/logo\/image\/"},"sameAs":["https:\/\/x.com\/edmediterrania","https:\/\/www.instagram.com\/editorialmediterrania\/"]}]}},"_links":{"self":[{"href":"https:\/\/editorialmediterrania.com\/es\/wp-json\/wp\/v2\/product\/42459","targetHints":{"allow":["GET"]}}],"collection":[{"href":"https:\/\/editorialmediterrania.com\/es\/wp-json\/wp\/v2\/product"}],"about":[{"href":"https:\/\/editorialmediterrania.com\/es\/wp-json\/wp\/v2\/types\/product"}],"wp:featuredmedia":[{"embeddable":true,"href":"https:\/\/editorialmediterrania.com\/es\/wp-json\/wp\/v2\/media\/42460"}],"wp:attachment":[{"href":"https:\/\/editorialmediterrania.com\/es\/wp-json\/wp\/v2\/media?parent=42459"}],"wp:term":[{"taxonomy":"product_cat","embeddable":true,"href":"https:\/\/editorialmediterrania.com\/es\/wp-json\/wp\/v2\/product_cat?post=42459"},{"taxonomy":"product_tag","embeddable":true,"href":"https:\/\/editorialmediterrania.com\/es\/wp-json\/wp\/v2\/product_tag?post=42459"},{"taxonomy":"autors","embeddable":true,"href":"https:\/\/editorialmediterrania.com\/es\/wp-json\/wp\/v2\/autors?post=42459"}],"curies":[{"name":"wp","href":"https:\/\/api.w.org\/{rel}","templated":true}]}}