{"id":42469,"date":"2023-12-11T12:24:45","date_gmt":"2023-12-11T11:24:45","guid":{"rendered":"https:\/\/editorialmediterrania.com\/?post_type=product&#038;p=42469"},"modified":"2026-02-13T11:31:00","modified_gmt":"2026-02-13T10:31:00","slug":"soc-dun-poble-una-canco-contada-de-roba-estesa","status":"publish","type":"product","link":"https:\/\/editorialmediterrania.com\/es\/producto\/soc-dun-poble-una-canco-contada-de-roba-estesa\/","title":{"rendered":"Soc d&#8217;un poble. Una can\u00e7\u00f3 contada de Roba Estesa"},"content":{"rendered":"<h2>Dona una ullada al conte<\/h2>\n<p><iframe title=\"YouTube video player\" src=\"https:\/\/www.youtube.com\/embed\/h_rn4CnRFdM?si=DzIJDyIq0b4U8WKQ\" width=\"560\" height=\"315\" frameborder=\"0\" allowfullscreen=\"allowfullscreen\"><\/iframe><\/p>\n<p>Roba Estesa ens llegeix i signa el conte amb llenguatge de signes en aquest v\u00eddeo:<\/p>\n<p><iframe title=\"YouTube video player\" src=\"https:\/\/www.youtube.com\/embed\/U-WFtXBfv88?si=bt-u3BeCaXJ-wkDf\" width=\"560\" height=\"315\" frameborder=\"0\" allowfullscreen=\"allowfullscreen\"><\/iframe><\/p>\n<h2>Sabies que&#8230;<\/h2>\n<p><strong>Pots escoltar\u00a0la can\u00e7\u00f3<\/strong>\u00a0a\u00a0<strong><a title=\"Soc d'un poble a Youtube\" href=\"https:\/\/youtu.be\/bGvyQCBz6BU\" target=\"_blank\" rel=\"noopener\">Youtube<\/a><\/strong>\u00a0i a\u00a0<strong><a title=\"Soc d'un poble a Spotify\" href=\"https:\/\/open.spotify.com\/track\/6WYE8tQHcHJEkalQS7VyAM?si=_9DW7gHiRJ2nwbXKhM5mpw\" target=\"_blank\" rel=\"noopener\">Spotify.<\/a><\/strong><\/p>\n<p><strong>T&#8217;oferim activitats per fer a casa<\/strong> relacionades amb el conte. <strong>Descarrega-les gratu\u00eftament:<\/strong><\/p>\n<ul>\n<li>Solucionari de les activitats del final del llibre. <a href=\"https:\/\/editorialmediterrania.com\/wp-content\/uploads\/2023\/12\/Editorial-Nanit-conte-Roba-Estesa-poble-solucionari.pdf\" target=\"_blank\" rel=\"noopener\"><strong>Descarrega les solucions aqu\u00ed.<\/strong><\/a><\/li>\n<li>Una preciosa\u00a0<strong>il\u00b7lustraci\u00f3 per pintar.<\/strong> <a href=\"https:\/\/editorialmediterrania.com\/wp-content\/uploads\/2023\/12\/Editorial-Nanit-dibuix-per-pintar-Roba-Estesa.pdf\" target=\"_blank\" rel=\"noopener\"><strong>Descarrega-la aqu\u00ed.<\/strong><\/a><\/li>\n<li><strong>Qu\u00e8 necessita la teva planta<\/strong>\u00a0per fer-se gran i donar fruits?\u00a0<a href=\"https:\/\/editorialmediterrania.com\/wp-content\/uploads\/2023\/12\/Editorial-Nanit-dibuixa-els-fruits-de-la-teva-plannta-Roba-Estesa.pdf\" target=\"_blank\" rel=\"noopener\"><strong>Pots dibuixar\u00a0els fruits de la teva planta aqu\u00ed<\/strong><\/a><\/li>\n<li>Us proposem una\u00a0<strong>sopa de lletres interactiva<\/strong>\u00a0per trobar\u00a0els valors de qu\u00e8 parla el conte.\u00a0<a title=\"educaplay.com\" href=\"https:\/\/es.educaplay.com\/recursos-educativos\/5630052-la_sopa_de_lletra_dels_valors.html\" target=\"_blank\" rel=\"noopener\"><strong>Hi podeu accedir aqu\u00ed.<\/strong><\/a><\/li>\n<\/ul>\n<p>Gr\u00e0cies a la teva compra,\u00a0<strong>col\u00b7laborem\u00a0en diferents projectes solidaris<\/strong>.<\/p>\n","protected":false},"excerpt":{"rendered":"<p><b>Soc d&#8217;un poble<\/b>\u00a0\u00e9s un conte basat en la can\u00e7\u00f3 hom\u00f2nima\u00a0de\u00a0<strong>Roba Estesa<\/strong>.<\/p>\n<p>Un\u00a0<strong>conte infantil<\/strong>\u00a0que vol parlar als m\u00e9s petits i no tan petits de\u00a0valors com la diversitat, el respecte i la tendresa, i que es basa en la idea que el m\u00f3n pot ser millor si cadascun de nosaltres hi posa el seu granet de sorra. T&#8217;hi apuntes?<\/p>\n<p>Il\u00b7lustrat per\u00a0<strong>Sonia Alins i Juanjo Barco<\/strong><\/p>\n","protected":false},"featured_media":42470,"template":"","meta":[],"product_cat":[6500],"product_tag":[6519],"autors":[],"class_list":{"0":"post-42469","1":"product","2":"type-product","3":"status-publish","4":"has-post-thumbnail","6":"product_cat-nanit","7":"product_tag-roba-estesa","9":"first","10":"instock","11":"taxable","12":"shipping-taxable","13":"purchasable","14":"product-type-simple","swatches":"rey-swatches","show_selected":""},"acf":[],"yoast_head":"<!-- This site is optimized with the Yoast SEO plugin v22.8 - https:\/\/yoast.com\/wordpress\/plugins\/seo\/ -->\n<title>Soc d&#039;un poble. Una can\u00e7\u00f3 contada de Roba Estesa - Editorial Mediterr\u00e0nia<\/title>\n<meta name=\"description\" content=\"Un\u00a0conte infantil\u00a0que vol parlar als m\u00e9s petits i no tan petits de\u00a0valors com la diversitat, el respecte i la tendresa\" \/>\n<meta name=\"robots\" content=\"index, follow, max-snippet:-1, max-image-preview:large, max-video-preview:-1\" \/>\n<link rel=\"canonical\" href=\"https:\/\/editorialmediterrania.com\/es\/producto\/soc-dun-poble-una-canco-contada-de-roba-estesa\/\" \/>\n<meta property=\"og:locale\" content=\"es_ES\" \/>\n<meta property=\"og:type\" content=\"article\" \/>\n<meta property=\"og:title\" content=\"Soc d&#039;un poble. Una can\u00e7\u00f3 contada de Roba Estesa - Editorial Mediterr\u00e0nia\" \/>\n<meta property=\"og:description\" content=\"Un\u00a0conte infantil\u00a0que vol parlar als m\u00e9s petits i no tan petits de\u00a0valors com la diversitat, el respecte i la tendresa\" \/>\n<meta property=\"og:url\" content=\"https:\/\/editorialmediterrania.com\/es\/producto\/soc-dun-poble-una-canco-contada-de-roba-estesa\/\" \/>\n<meta property=\"og:site_name\" content=\"Editorial Mediterr\u00e0nia\" \/>\n<meta property=\"article:modified_time\" content=\"2026-02-13T10:31:00+00:00\" \/>\n<meta property=\"og:image\" content=\"https:\/\/editorialmediterrania.com\/wp-content\/uploads\/2023\/12\/coberta_SOCDUNPOBLE.jpg\" \/>\n\t<meta property=\"og:image:width\" content=\"521\" \/>\n\t<meta property=\"og:image:height\" content=\"525\" \/>\n\t<meta property=\"og:image:type\" content=\"image\/jpeg\" \/>\n<meta name=\"twitter:card\" content=\"summary_large_image\" \/>\n<meta name=\"twitter:site\" content=\"@edmediterrania\" \/>\n<meta name=\"twitter:label1\" content=\"Tiempo de lectura\" \/>\n\t<meta name=\"twitter:data1\" content=\"1 minuto\" \/>\n<script type=\"application\/ld+json\" class=\"yoast-schema-graph\">{\"@context\":\"https:\/\/schema.org\",\"@graph\":[{\"@type\":\"WebPage\",\"@id\":\"https:\/\/editorialmediterrania.com\/es\/producto\/soc-dun-poble-una-canco-contada-de-roba-estesa\/\",\"url\":\"https:\/\/editorialmediterrania.com\/es\/producto\/soc-dun-poble-una-canco-contada-de-roba-estesa\/\",\"name\":\"Soc d'un poble. Una can\u00e7\u00f3 contada de Roba Estesa - Editorial Mediterr\u00e0nia\",\"isPartOf\":{\"@id\":\"https:\/\/editorialmediterrania.com\/es\/#website\"},\"primaryImageOfPage\":{\"@id\":\"https:\/\/editorialmediterrania.com\/es\/producto\/soc-dun-poble-una-canco-contada-de-roba-estesa\/#primaryimage\"},\"image\":{\"@id\":\"https:\/\/editorialmediterrania.com\/es\/producto\/soc-dun-poble-una-canco-contada-de-roba-estesa\/#primaryimage\"},\"thumbnailUrl\":\"https:\/\/editorialmediterrania.com\/wp-content\/uploads\/2023\/12\/coberta_SOCDUNPOBLE.jpg\",\"datePublished\":\"2023-12-11T11:24:45+00:00\",\"dateModified\":\"2026-02-13T10:31:00+00:00\",\"description\":\"Un\u00a0conte infantil\u00a0que vol parlar als m\u00e9s petits i no tan petits de\u00a0valors com la diversitat, el respecte i la tendresa\",\"breadcrumb\":{\"@id\":\"https:\/\/editorialmediterrania.com\/es\/producto\/soc-dun-poble-una-canco-contada-de-roba-estesa\/#breadcrumb\"},\"inLanguage\":\"es\",\"potentialAction\":[{\"@type\":\"ReadAction\",\"target\":[\"https:\/\/editorialmediterrania.com\/es\/producto\/soc-dun-poble-una-canco-contada-de-roba-estesa\/\"]}]},{\"@type\":\"ImageObject\",\"inLanguage\":\"es\",\"@id\":\"https:\/\/editorialmediterrania.com\/es\/producto\/soc-dun-poble-una-canco-contada-de-roba-estesa\/#primaryimage\",\"url\":\"https:\/\/editorialmediterrania.com\/wp-content\/uploads\/2023\/12\/coberta_SOCDUNPOBLE.jpg\",\"contentUrl\":\"https:\/\/editorialmediterrania.com\/wp-content\/uploads\/2023\/12\/coberta_SOCDUNPOBLE.jpg\",\"width\":521,\"height\":525},{\"@type\":\"BreadcrumbList\",\"@id\":\"https:\/\/editorialmediterrania.com\/es\/producto\/soc-dun-poble-una-canco-contada-de-roba-estesa\/#breadcrumb\",\"itemListElement\":[{\"@type\":\"ListItem\",\"position\":1,\"name\":\"Tienda de libros infantiles de arte\",\"item\":\"https:\/\/editorialmediterrania.com\/es\/tienda-de-libros-infantiles-arte\/\"},{\"@type\":\"ListItem\",\"position\":2,\"name\":\"Soc d&#8217;un poble. Una can\u00e7\u00f3 contada de Roba Estesa\"}]},{\"@type\":\"WebSite\",\"@id\":\"https:\/\/editorialmediterrania.com\/es\/#website\",\"url\":\"https:\/\/editorialmediterrania.com\/es\/\",\"name\":\"Editorial Mediterrania\",\"description\":\"Llibres que t\u2019obriran nous mons\",\"publisher\":{\"@id\":\"https:\/\/editorialmediterrania.com\/es\/#organization\"},\"alternateName\":\"Llibres infantils d'art, cultura i natura\",\"potentialAction\":[{\"@type\":\"SearchAction\",\"target\":{\"@type\":\"EntryPoint\",\"urlTemplate\":\"https:\/\/editorialmediterrania.com\/es\/?s={search_term_string}\"},\"query-input\":\"required name=search_term_string\"}],\"inLanguage\":\"es\"},{\"@type\":\"Organization\",\"@id\":\"https:\/\/editorialmediterrania.com\/es\/#organization\",\"name\":\"Editorial Mediterrania\",\"alternateName\":\"Llibres d'art, cultura i natura per infants i fam\u00edlies\",\"url\":\"https:\/\/editorialmediterrania.com\/es\/\",\"logo\":{\"@type\":\"ImageObject\",\"inLanguage\":\"es\",\"@id\":\"https:\/\/editorialmediterrania.com\/es\/#\/schema\/logo\/image\/\",\"url\":\"https:\/\/editorialmediterrania.com\/wp-content\/uploads\/2023\/03\/LOGO-ED_MEDITERRANIA_OK-2.png\",\"contentUrl\":\"https:\/\/editorialmediterrania.com\/wp-content\/uploads\/2023\/03\/LOGO-ED_MEDITERRANIA_OK-2.png\",\"width\":1200,\"height\":300,\"caption\":\"Editorial Mediterrania\"},\"image\":{\"@id\":\"https:\/\/editorialmediterrania.com\/es\/#\/schema\/logo\/image\/\"},\"sameAs\":[\"https:\/\/x.com\/edmediterrania\",\"https:\/\/www.instagram.com\/editorialmediterrania\/\"]}]}<\/script>\n<!-- \/ Yoast SEO plugin. -->","yoast_head_json":{"title":"Soc d'un poble. Una can\u00e7\u00f3 contada de Roba Estesa - Editorial Mediterr\u00e0nia","description":"Un\u00a0conte infantil\u00a0que vol parlar als m\u00e9s petits i no tan petits de\u00a0valors com la diversitat, el respecte i la tendresa","robots":{"index":"index","follow":"follow","max-snippet":"max-snippet:-1","max-image-preview":"max-image-preview:large","max-video-preview":"max-video-preview:-1"},"canonical":"https:\/\/editorialmediterrania.com\/es\/producto\/soc-dun-poble-una-canco-contada-de-roba-estesa\/","og_locale":"es_ES","og_type":"article","og_title":"Soc d'un poble. Una can\u00e7\u00f3 contada de Roba Estesa - Editorial Mediterr\u00e0nia","og_description":"Un\u00a0conte infantil\u00a0que vol parlar als m\u00e9s petits i no tan petits de\u00a0valors com la diversitat, el respecte i la tendresa","og_url":"https:\/\/editorialmediterrania.com\/es\/producto\/soc-dun-poble-una-canco-contada-de-roba-estesa\/","og_site_name":"Editorial Mediterr\u00e0nia","article_modified_time":"2026-02-13T10:31:00+00:00","og_image":[{"width":521,"height":525,"url":"https:\/\/editorialmediterrania.com\/wp-content\/uploads\/2023\/12\/coberta_SOCDUNPOBLE.jpg","type":"image\/jpeg"}],"twitter_card":"summary_large_image","twitter_site":"@edmediterrania","twitter_misc":{"Tiempo de lectura":"1 minuto"},"schema":{"@context":"https:\/\/schema.org","@graph":[{"@type":"WebPage","@id":"https:\/\/editorialmediterrania.com\/es\/producto\/soc-dun-poble-una-canco-contada-de-roba-estesa\/","url":"https:\/\/editorialmediterrania.com\/es\/producto\/soc-dun-poble-una-canco-contada-de-roba-estesa\/","name":"Soc d'un poble. Una can\u00e7\u00f3 contada de Roba Estesa - Editorial Mediterr\u00e0nia","isPartOf":{"@id":"https:\/\/editorialmediterrania.com\/es\/#website"},"primaryImageOfPage":{"@id":"https:\/\/editorialmediterrania.com\/es\/producto\/soc-dun-poble-una-canco-contada-de-roba-estesa\/#primaryimage"},"image":{"@id":"https:\/\/editorialmediterrania.com\/es\/producto\/soc-dun-poble-una-canco-contada-de-roba-estesa\/#primaryimage"},"thumbnailUrl":"https:\/\/editorialmediterrania.com\/wp-content\/uploads\/2023\/12\/coberta_SOCDUNPOBLE.jpg","datePublished":"2023-12-11T11:24:45+00:00","dateModified":"2026-02-13T10:31:00+00:00","description":"Un\u00a0conte infantil\u00a0que vol parlar als m\u00e9s petits i no tan petits de\u00a0valors com la diversitat, el respecte i la tendresa","breadcrumb":{"@id":"https:\/\/editorialmediterrania.com\/es\/producto\/soc-dun-poble-una-canco-contada-de-roba-estesa\/#breadcrumb"},"inLanguage":"es","potentialAction":[{"@type":"ReadAction","target":["https:\/\/editorialmediterrania.com\/es\/producto\/soc-dun-poble-una-canco-contada-de-roba-estesa\/"]}]},{"@type":"ImageObject","inLanguage":"es","@id":"https:\/\/editorialmediterrania.com\/es\/producto\/soc-dun-poble-una-canco-contada-de-roba-estesa\/#primaryimage","url":"https:\/\/editorialmediterrania.com\/wp-content\/uploads\/2023\/12\/coberta_SOCDUNPOBLE.jpg","contentUrl":"https:\/\/editorialmediterrania.com\/wp-content\/uploads\/2023\/12\/coberta_SOCDUNPOBLE.jpg","width":521,"height":525},{"@type":"BreadcrumbList","@id":"https:\/\/editorialmediterrania.com\/es\/producto\/soc-dun-poble-una-canco-contada-de-roba-estesa\/#breadcrumb","itemListElement":[{"@type":"ListItem","position":1,"name":"Tienda de libros infantiles de arte","item":"https:\/\/editorialmediterrania.com\/es\/tienda-de-libros-infantiles-arte\/"},{"@type":"ListItem","position":2,"name":"Soc d&#8217;un poble. Una can\u00e7\u00f3 contada de Roba Estesa"}]},{"@type":"WebSite","@id":"https:\/\/editorialmediterrania.com\/es\/#website","url":"https:\/\/editorialmediterrania.com\/es\/","name":"Editorial Mediterrania","description":"Llibres que t\u2019obriran nous mons","publisher":{"@id":"https:\/\/editorialmediterrania.com\/es\/#organization"},"alternateName":"Llibres infantils d'art, cultura i natura","potentialAction":[{"@type":"SearchAction","target":{"@type":"EntryPoint","urlTemplate":"https:\/\/editorialmediterrania.com\/es\/?s={search_term_string}"},"query-input":"required name=search_term_string"}],"inLanguage":"es"},{"@type":"Organization","@id":"https:\/\/editorialmediterrania.com\/es\/#organization","name":"Editorial Mediterrania","alternateName":"Llibres d'art, cultura i natura per infants i fam\u00edlies","url":"https:\/\/editorialmediterrania.com\/es\/","logo":{"@type":"ImageObject","inLanguage":"es","@id":"https:\/\/editorialmediterrania.com\/es\/#\/schema\/logo\/image\/","url":"https:\/\/editorialmediterrania.com\/wp-content\/uploads\/2023\/03\/LOGO-ED_MEDITERRANIA_OK-2.png","contentUrl":"https:\/\/editorialmediterrania.com\/wp-content\/uploads\/2023\/03\/LOGO-ED_MEDITERRANIA_OK-2.png","width":1200,"height":300,"caption":"Editorial Mediterrania"},"image":{"@id":"https:\/\/editorialmediterrania.com\/es\/#\/schema\/logo\/image\/"},"sameAs":["https:\/\/x.com\/edmediterrania","https:\/\/www.instagram.com\/editorialmediterrania\/"]}]}},"_links":{"self":[{"href":"https:\/\/editorialmediterrania.com\/es\/wp-json\/wp\/v2\/product\/42469","targetHints":{"allow":["GET"]}}],"collection":[{"href":"https:\/\/editorialmediterrania.com\/es\/wp-json\/wp\/v2\/product"}],"about":[{"href":"https:\/\/editorialmediterrania.com\/es\/wp-json\/wp\/v2\/types\/product"}],"wp:featuredmedia":[{"embeddable":true,"href":"https:\/\/editorialmediterrania.com\/es\/wp-json\/wp\/v2\/media\/42470"}],"wp:attachment":[{"href":"https:\/\/editorialmediterrania.com\/es\/wp-json\/wp\/v2\/media?parent=42469"}],"wp:term":[{"taxonomy":"product_cat","embeddable":true,"href":"https:\/\/editorialmediterrania.com\/es\/wp-json\/wp\/v2\/product_cat?post=42469"},{"taxonomy":"product_tag","embeddable":true,"href":"https:\/\/editorialmediterrania.com\/es\/wp-json\/wp\/v2\/product_tag?post=42469"},{"taxonomy":"autors","embeddable":true,"href":"https:\/\/editorialmediterrania.com\/es\/wp-json\/wp\/v2\/autors?post=42469"}],"curies":[{"name":"wp","href":"https:\/\/api.w.org\/{rel}","templated":true}]}}