{"id":42476,"date":"2023-12-11T12:40:14","date_gmt":"2023-12-11T11:40:14","guid":{"rendered":"https:\/\/editorialmediterrania.com\/?post_type=product&#038;p=42476"},"modified":"2026-03-12T16:20:10","modified_gmt":"2026-03-12T15:20:10","slug":"polls-una-canco-contada-de-xiula","status":"publish","type":"product","link":"https:\/\/editorialmediterrania.com\/es\/producto\/polls-una-canco-contada-de-xiula\/","title":{"rendered":"Polls. Una can\u00e7\u00f3 contada de Xiula"},"content":{"rendered":"<h2>Dona una ullada al conte<\/h2>\n<h2><iframe title=\"YouTube video player\" src=\"https:\/\/www.youtube.com\/embed\/MM6yId-G-nA?si=SyK4veETAj-Dpg97\" width=\"560\" height=\"315\" frameborder=\"0\" allowfullscreen=\"allowfullscreen\"><\/iframe><\/h2>\n<h2>Sabies que&#8230;<\/h2>\n<p><strong>Pots escoltar\u00a0la can\u00e7\u00f3<\/strong>\u00a0a\u00a0<strong><a title=\"Polls a Youtube\" href=\"https:\/\/youtu.be\/nBOjuOGwp8s\" target=\"_blank\" rel=\"noopener\">Youtube<\/a><\/strong>\u00a0i a\u00a0<a title=\"Polls a Spotify\" href=\"https:\/\/open.spotify.com\/track\/6EXJt9N4ohfe7uUlxGFeka?si=OfLwHpz2QOCn2B34MFKSww\" target=\"_blank\" rel=\"noopener\"><strong>Spotify<\/strong>.<\/a><\/p>\n<p><strong>T&#8217;oferim activitats per fer a casa<\/strong> relacionades amb el conte. <strong>Descarrega-les gratu\u00eftament:<\/strong><\/p>\n<ul>\n<li>L&#8217;\u00c0frica Fanlo ens regala\u00a0les guardes del conte per\u00a0<strong>dibuixar-hi les cares.<\/strong>\u00a0<a href=\"https:\/\/editorialmediterrania.com\/wp-content\/uploads\/2023\/12\/Editorial-Nanit-activitats-per-pintar-polls-xiula-dibuixar-cares.pdf\" target=\"_blank\" rel=\"noopener\"><strong>D<\/strong><strong>escarregueu el pd<\/strong><strong>f i gaudiu-ne!<\/strong><\/a><\/li>\n<li>Us ve de gust\u00a0<strong>completar els polls?<\/strong> <a href=\"https:\/\/editorialmediterrania.com\/wp-content\/uploads\/2023\/12\/Editorial-Nanit-activitats-per-pintar-polls-xiula-pinta-diferencies.pdf\" target=\"_blank\" rel=\"noopener\"><strong>Descarregueu el pdf aqu\u00ed.<\/strong>\u00a0<\/a><\/li>\n<\/ul>\n<p>Gr\u00e0cies a la teva compra,\u00a0<strong>col\u00b7laborem amb diferents projectes solidaris<\/strong>.<\/p>\n","protected":false},"excerpt":{"rendered":"<p><strong>Polls<\/strong>\u00a0\u00e9s un conte basat en la can\u00e7\u00f3 hom\u00f2nima de\u00a0<strong>Xiula.<\/strong><\/p>\n<p>Un\u00a0<strong>conte infantil<\/strong>\u00a0pensat per als m\u00e9s petits de la casa.\u00a0<strong>Polls<\/strong>\u00a0vol utilitzar la m\u00fasica per fomentar la lectura i, de passada, parlar d&#8217;aquests animalons tan menuts que ens fan anar tant de corcoll.<\/p>\n<p>Il\u00b7lustrat per\u00a0<strong>\u00c0frica Fanlo<\/strong><\/p>\n","protected":false},"featured_media":42477,"template":"","meta":[],"product_cat":[6500,6553,5585],"product_tag":[6518],"autors":[],"class_list":{"0":"post-42476","1":"product","2":"type-product","3":"status-publish","4":"has-post-thumbnail","6":"product_cat-nanit","7":"product_cat-nanit-petit","8":"product_cat-sense-categories","9":"product_tag-xiula","11":"first","12":"instock","13":"taxable","14":"shipping-taxable","15":"purchasable","16":"product-type-simple","swatches":"rey-swatches","show_selected":""},"acf":[],"yoast_head":"<!-- This site is optimized with the Yoast SEO plugin v22.8 - https:\/\/yoast.com\/wordpress\/plugins\/seo\/ -->\n<title>Polls. Una can\u00e7\u00f3 contada de Xiula - Editorial Mediterr\u00e0nia<\/title>\n<meta name=\"description\" content=\"Un\u00a0conte infantil\u00a0pensat per als m\u00e9s petits de la casa.\u00a0Polls\u00a0vol utilitzar la m\u00fasica per fomentar la lectura i, de passada, parlar d&#039;aquests animalons tan menuts que ens fan anar tant de corcoll.\" \/>\n<meta name=\"robots\" content=\"index, follow, max-snippet:-1, max-image-preview:large, max-video-preview:-1\" \/>\n<link rel=\"canonical\" href=\"https:\/\/editorialmediterrania.com\/es\/producto\/polls-una-canco-contada-de-xiula\/\" \/>\n<meta property=\"og:locale\" content=\"es_ES\" \/>\n<meta property=\"og:type\" content=\"article\" \/>\n<meta property=\"og:title\" content=\"Polls. Una can\u00e7\u00f3 contada de Xiula - Editorial Mediterr\u00e0nia\" \/>\n<meta property=\"og:description\" content=\"Un\u00a0conte infantil\u00a0pensat per als m\u00e9s petits de la casa.\u00a0Polls\u00a0vol utilitzar la m\u00fasica per fomentar la lectura i, de passada, parlar d&#039;aquests animalons tan menuts que ens fan anar tant de corcoll.\" \/>\n<meta property=\"og:url\" content=\"https:\/\/editorialmediterrania.com\/es\/producto\/polls-una-canco-contada-de-xiula\/\" \/>\n<meta property=\"og:site_name\" content=\"Editorial Mediterr\u00e0nia\" \/>\n<meta property=\"article:modified_time\" content=\"2026-03-12T15:20:10+00:00\" \/>\n<meta property=\"og:image\" content=\"https:\/\/editorialmediterrania.com\/wp-content\/uploads\/2023\/12\/Coberta_Polls.jpg\" \/>\n\t<meta property=\"og:image:width\" content=\"1655\" \/>\n\t<meta property=\"og:image:height\" content=\"1649\" \/>\n\t<meta property=\"og:image:type\" content=\"image\/jpeg\" \/>\n<meta name=\"twitter:card\" content=\"summary_large_image\" \/>\n<meta name=\"twitter:site\" content=\"@edmediterrania\" \/>\n<meta name=\"twitter:label1\" content=\"Tiempo de lectura\" \/>\n\t<meta name=\"twitter:data1\" content=\"1 minuto\" \/>\n<script type=\"application\/ld+json\" class=\"yoast-schema-graph\">{\"@context\":\"https:\/\/schema.org\",\"@graph\":[{\"@type\":\"WebPage\",\"@id\":\"https:\/\/editorialmediterrania.com\/es\/producto\/polls-una-canco-contada-de-xiula\/\",\"url\":\"https:\/\/editorialmediterrania.com\/es\/producto\/polls-una-canco-contada-de-xiula\/\",\"name\":\"Polls. Una can\u00e7\u00f3 contada de Xiula - Editorial Mediterr\u00e0nia\",\"isPartOf\":{\"@id\":\"https:\/\/editorialmediterrania.com\/es\/#website\"},\"primaryImageOfPage\":{\"@id\":\"https:\/\/editorialmediterrania.com\/es\/producto\/polls-una-canco-contada-de-xiula\/#primaryimage\"},\"image\":{\"@id\":\"https:\/\/editorialmediterrania.com\/es\/producto\/polls-una-canco-contada-de-xiula\/#primaryimage\"},\"thumbnailUrl\":\"https:\/\/editorialmediterrania.com\/wp-content\/uploads\/2023\/12\/Coberta_Polls.jpg\",\"datePublished\":\"2023-12-11T11:40:14+00:00\",\"dateModified\":\"2026-03-12T15:20:10+00:00\",\"description\":\"Un\u00a0conte infantil\u00a0pensat per als m\u00e9s petits de la casa.\u00a0Polls\u00a0vol utilitzar la m\u00fasica per fomentar la lectura i, de passada, parlar d'aquests animalons tan menuts que ens fan anar tant de corcoll.\",\"breadcrumb\":{\"@id\":\"https:\/\/editorialmediterrania.com\/es\/producto\/polls-una-canco-contada-de-xiula\/#breadcrumb\"},\"inLanguage\":\"es\",\"potentialAction\":[{\"@type\":\"ReadAction\",\"target\":[\"https:\/\/editorialmediterrania.com\/es\/producto\/polls-una-canco-contada-de-xiula\/\"]}]},{\"@type\":\"ImageObject\",\"inLanguage\":\"es\",\"@id\":\"https:\/\/editorialmediterrania.com\/es\/producto\/polls-una-canco-contada-de-xiula\/#primaryimage\",\"url\":\"https:\/\/editorialmediterrania.com\/wp-content\/uploads\/2023\/12\/Coberta_Polls.jpg\",\"contentUrl\":\"https:\/\/editorialmediterrania.com\/wp-content\/uploads\/2023\/12\/Coberta_Polls.jpg\",\"width\":1655,\"height\":1649},{\"@type\":\"BreadcrumbList\",\"@id\":\"https:\/\/editorialmediterrania.com\/es\/producto\/polls-una-canco-contada-de-xiula\/#breadcrumb\",\"itemListElement\":[{\"@type\":\"ListItem\",\"position\":1,\"name\":\"Tienda de libros infantiles de arte\",\"item\":\"https:\/\/editorialmediterrania.com\/es\/tienda-de-libros-infantiles-arte\/\"},{\"@type\":\"ListItem\",\"position\":2,\"name\":\"Polls. Una can\u00e7\u00f3 contada de Xiula\"}]},{\"@type\":\"WebSite\",\"@id\":\"https:\/\/editorialmediterrania.com\/es\/#website\",\"url\":\"https:\/\/editorialmediterrania.com\/es\/\",\"name\":\"Editorial Mediterrania\",\"description\":\"Llibres que t\u2019obriran nous mons\",\"publisher\":{\"@id\":\"https:\/\/editorialmediterrania.com\/es\/#organization\"},\"alternateName\":\"Llibres infantils d'art, cultura i natura\",\"potentialAction\":[{\"@type\":\"SearchAction\",\"target\":{\"@type\":\"EntryPoint\",\"urlTemplate\":\"https:\/\/editorialmediterrania.com\/es\/?s={search_term_string}\"},\"query-input\":\"required name=search_term_string\"}],\"inLanguage\":\"es\"},{\"@type\":\"Organization\",\"@id\":\"https:\/\/editorialmediterrania.com\/es\/#organization\",\"name\":\"Editorial Mediterrania\",\"alternateName\":\"Llibres d'art, cultura i natura per infants i fam\u00edlies\",\"url\":\"https:\/\/editorialmediterrania.com\/es\/\",\"logo\":{\"@type\":\"ImageObject\",\"inLanguage\":\"es\",\"@id\":\"https:\/\/editorialmediterrania.com\/es\/#\/schema\/logo\/image\/\",\"url\":\"https:\/\/editorialmediterrania.com\/wp-content\/uploads\/2023\/03\/LOGO-ED_MEDITERRANIA_OK-2.png\",\"contentUrl\":\"https:\/\/editorialmediterrania.com\/wp-content\/uploads\/2023\/03\/LOGO-ED_MEDITERRANIA_OK-2.png\",\"width\":1200,\"height\":300,\"caption\":\"Editorial Mediterrania\"},\"image\":{\"@id\":\"https:\/\/editorialmediterrania.com\/es\/#\/schema\/logo\/image\/\"},\"sameAs\":[\"https:\/\/x.com\/edmediterrania\",\"https:\/\/www.instagram.com\/editorialmediterrania\/\"]}]}<\/script>\n<!-- \/ Yoast SEO plugin. -->","yoast_head_json":{"title":"Polls. Una can\u00e7\u00f3 contada de Xiula - Editorial Mediterr\u00e0nia","description":"Un\u00a0conte infantil\u00a0pensat per als m\u00e9s petits de la casa.\u00a0Polls\u00a0vol utilitzar la m\u00fasica per fomentar la lectura i, de passada, parlar d'aquests animalons tan menuts que ens fan anar tant de corcoll.","robots":{"index":"index","follow":"follow","max-snippet":"max-snippet:-1","max-image-preview":"max-image-preview:large","max-video-preview":"max-video-preview:-1"},"canonical":"https:\/\/editorialmediterrania.com\/es\/producto\/polls-una-canco-contada-de-xiula\/","og_locale":"es_ES","og_type":"article","og_title":"Polls. Una can\u00e7\u00f3 contada de Xiula - Editorial Mediterr\u00e0nia","og_description":"Un\u00a0conte infantil\u00a0pensat per als m\u00e9s petits de la casa.\u00a0Polls\u00a0vol utilitzar la m\u00fasica per fomentar la lectura i, de passada, parlar d'aquests animalons tan menuts que ens fan anar tant de corcoll.","og_url":"https:\/\/editorialmediterrania.com\/es\/producto\/polls-una-canco-contada-de-xiula\/","og_site_name":"Editorial Mediterr\u00e0nia","article_modified_time":"2026-03-12T15:20:10+00:00","og_image":[{"width":1655,"height":1649,"url":"https:\/\/editorialmediterrania.com\/wp-content\/uploads\/2023\/12\/Coberta_Polls.jpg","type":"image\/jpeg"}],"twitter_card":"summary_large_image","twitter_site":"@edmediterrania","twitter_misc":{"Tiempo de lectura":"1 minuto"},"schema":{"@context":"https:\/\/schema.org","@graph":[{"@type":"WebPage","@id":"https:\/\/editorialmediterrania.com\/es\/producto\/polls-una-canco-contada-de-xiula\/","url":"https:\/\/editorialmediterrania.com\/es\/producto\/polls-una-canco-contada-de-xiula\/","name":"Polls. Una can\u00e7\u00f3 contada de Xiula - Editorial Mediterr\u00e0nia","isPartOf":{"@id":"https:\/\/editorialmediterrania.com\/es\/#website"},"primaryImageOfPage":{"@id":"https:\/\/editorialmediterrania.com\/es\/producto\/polls-una-canco-contada-de-xiula\/#primaryimage"},"image":{"@id":"https:\/\/editorialmediterrania.com\/es\/producto\/polls-una-canco-contada-de-xiula\/#primaryimage"},"thumbnailUrl":"https:\/\/editorialmediterrania.com\/wp-content\/uploads\/2023\/12\/Coberta_Polls.jpg","datePublished":"2023-12-11T11:40:14+00:00","dateModified":"2026-03-12T15:20:10+00:00","description":"Un\u00a0conte infantil\u00a0pensat per als m\u00e9s petits de la casa.\u00a0Polls\u00a0vol utilitzar la m\u00fasica per fomentar la lectura i, de passada, parlar d'aquests animalons tan menuts que ens fan anar tant de corcoll.","breadcrumb":{"@id":"https:\/\/editorialmediterrania.com\/es\/producto\/polls-una-canco-contada-de-xiula\/#breadcrumb"},"inLanguage":"es","potentialAction":[{"@type":"ReadAction","target":["https:\/\/editorialmediterrania.com\/es\/producto\/polls-una-canco-contada-de-xiula\/"]}]},{"@type":"ImageObject","inLanguage":"es","@id":"https:\/\/editorialmediterrania.com\/es\/producto\/polls-una-canco-contada-de-xiula\/#primaryimage","url":"https:\/\/editorialmediterrania.com\/wp-content\/uploads\/2023\/12\/Coberta_Polls.jpg","contentUrl":"https:\/\/editorialmediterrania.com\/wp-content\/uploads\/2023\/12\/Coberta_Polls.jpg","width":1655,"height":1649},{"@type":"BreadcrumbList","@id":"https:\/\/editorialmediterrania.com\/es\/producto\/polls-una-canco-contada-de-xiula\/#breadcrumb","itemListElement":[{"@type":"ListItem","position":1,"name":"Tienda de libros infantiles de arte","item":"https:\/\/editorialmediterrania.com\/es\/tienda-de-libros-infantiles-arte\/"},{"@type":"ListItem","position":2,"name":"Polls. Una can\u00e7\u00f3 contada de Xiula"}]},{"@type":"WebSite","@id":"https:\/\/editorialmediterrania.com\/es\/#website","url":"https:\/\/editorialmediterrania.com\/es\/","name":"Editorial Mediterrania","description":"Llibres que t\u2019obriran nous mons","publisher":{"@id":"https:\/\/editorialmediterrania.com\/es\/#organization"},"alternateName":"Llibres infantils d'art, cultura i natura","potentialAction":[{"@type":"SearchAction","target":{"@type":"EntryPoint","urlTemplate":"https:\/\/editorialmediterrania.com\/es\/?s={search_term_string}"},"query-input":"required name=search_term_string"}],"inLanguage":"es"},{"@type":"Organization","@id":"https:\/\/editorialmediterrania.com\/es\/#organization","name":"Editorial Mediterrania","alternateName":"Llibres d'art, cultura i natura per infants i fam\u00edlies","url":"https:\/\/editorialmediterrania.com\/es\/","logo":{"@type":"ImageObject","inLanguage":"es","@id":"https:\/\/editorialmediterrania.com\/es\/#\/schema\/logo\/image\/","url":"https:\/\/editorialmediterrania.com\/wp-content\/uploads\/2023\/03\/LOGO-ED_MEDITERRANIA_OK-2.png","contentUrl":"https:\/\/editorialmediterrania.com\/wp-content\/uploads\/2023\/03\/LOGO-ED_MEDITERRANIA_OK-2.png","width":1200,"height":300,"caption":"Editorial Mediterrania"},"image":{"@id":"https:\/\/editorialmediterrania.com\/es\/#\/schema\/logo\/image\/"},"sameAs":["https:\/\/x.com\/edmediterrania","https:\/\/www.instagram.com\/editorialmediterrania\/"]}]}},"_links":{"self":[{"href":"https:\/\/editorialmediterrania.com\/es\/wp-json\/wp\/v2\/product\/42476","targetHints":{"allow":["GET"]}}],"collection":[{"href":"https:\/\/editorialmediterrania.com\/es\/wp-json\/wp\/v2\/product"}],"about":[{"href":"https:\/\/editorialmediterrania.com\/es\/wp-json\/wp\/v2\/types\/product"}],"wp:featuredmedia":[{"embeddable":true,"href":"https:\/\/editorialmediterrania.com\/es\/wp-json\/wp\/v2\/media\/42477"}],"wp:attachment":[{"href":"https:\/\/editorialmediterrania.com\/es\/wp-json\/wp\/v2\/media?parent=42476"}],"wp:term":[{"taxonomy":"product_cat","embeddable":true,"href":"https:\/\/editorialmediterrania.com\/es\/wp-json\/wp\/v2\/product_cat?post=42476"},{"taxonomy":"product_tag","embeddable":true,"href":"https:\/\/editorialmediterrania.com\/es\/wp-json\/wp\/v2\/product_tag?post=42476"},{"taxonomy":"autors","embeddable":true,"href":"https:\/\/editorialmediterrania.com\/es\/wp-json\/wp\/v2\/autors?post=42476"}],"curies":[{"name":"wp","href":"https:\/\/api.w.org\/{rel}","templated":true}]}}