{"id":42483,"date":"2023-12-11T12:46:14","date_gmt":"2023-12-11T11:46:14","guid":{"rendered":"https:\/\/editorialmediterrania.com\/?post_type=product&#038;p=42483"},"modified":"2026-02-13T11:29:42","modified_gmt":"2026-02-13T10:29:42","slug":"aigua-una-canco-contada-de-cesk-freixas","status":"publish","type":"product","link":"https:\/\/editorialmediterrania.com\/es\/producto\/aigua-una-canco-contada-de-cesk-freixas\/","title":{"rendered":"Aigua. Una can\u00e7\u00f3 contada de Cesk Freixas"},"content":{"rendered":"<h2>Dona una ullada al conte<\/h2>\n<p><iframe title=\"YouTube video player\" src=\"https:\/\/www.youtube.com\/embed\/niNEFmX41zs?si=Cdusau_TtumXAMAY\" width=\"560\" height=\"315\" frameborder=\"0\" allowfullscreen=\"allowfullscreen\"><\/iframe><\/p>\n<h2>Sabies que&#8230;<\/h2>\n<p><strong>Pots escoltar\u00a0la can\u00e7\u00f3<\/strong>\u00a0a\u00a0<strong><a title=\"Aigua a Youtube\" href=\"https:\/\/youtu.be\/HPaUhLYZEKc\" target=\"_blank\" rel=\"noopener\">Youtube<\/a><\/strong>\u00a0i a\u00a0<strong><a title=\"Aigua a Spotify\" href=\"https:\/\/open.spotify.com\/track\/6B7D9kV1WopAzVGCi6qokk?si=dFnToeDrQgCpJIx79wTpMw\" target=\"_blank\" rel=\"noopener\">Spotify<\/a><a title=\"Tu fas a Spotify\" href=\"https:\/\/open.spotify.com\/track\/6B7D9kV1WopAzVGCi6qokk?si=dFnToeDrQgCpJIx79wTpMw\" target=\"_blank\" rel=\"noopener\">.<\/a><\/strong><\/p>\n<p><strong>T&#8217;oferim activitats per fer a casa<\/strong> relacionades amb el conte. <strong>Descarrega-les gratu\u00eftament:<\/strong><\/p>\n<ul>\n<li>Solucionari de les activitats del final del llibre.\u00a0<a href=\"https:\/\/editorialmediterrania.com\/wp-content\/uploads\/2023\/12\/Solucionari_Aigua_Cesk_Freixas.pdf\" target=\"_blank\" rel=\"noopener\"><strong>Descarrega les solucions.<\/strong><\/a><\/li>\n<li>L&#8217;Anna Gelats us regala dues il\u00b7lustracions del conte\u00a0<strong>per pintar.<\/strong>\u00a0<a href=\"https:\/\/editorialmediterrania.com\/wp-content\/uploads\/2023\/12\/Editorial-nanit-dibuixos-per-pintar-Aigua-Cesk-Freixas.pdf\" target=\"_blank\" rel=\"noopener\"><strong>Descarrega-les aqu\u00ed<\/strong><strong>.<\/strong><\/a><\/li>\n<\/ul>\n<p>Gr\u00e0cies a la teva compra,\u00a0<strong>col\u00b7laborem amb diferents projectes solidaris<\/strong>.<\/p>\n","protected":false},"excerpt":{"rendered":"<p><strong>Aigua<\/strong>\u00a0\u00e9s un conte basat en la can\u00e7\u00f3 hom\u00f2nima de\u00a0<strong>Cesk Freixas<\/strong>.<\/p>\n<p>\u00c9s un\u00a0<strong>conte infantil<\/strong>\u00a0pensat per fer entrar la for\u00e7a i la bellesa de la natura a casa i que vol parlar de l&#8217;incalculable valor d&#8217;una petita gota i, per tant, de la vitalitat, senzillesa i transpar\u00e8ncia dels\u00a0m\u00e9s petits i petites.<\/p>\n<p>Il\u00b7lustrat per\u00a0<strong>Anna Gelats Llobet<\/strong><\/p>\n","protected":false},"featured_media":42484,"template":"","meta":[],"product_cat":[6500],"product_tag":[],"autors":[6517],"class_list":{"0":"post-42483","1":"product","2":"type-product","3":"status-publish","4":"has-post-thumbnail","6":"product_cat-nanit","7":"autors-cesc-freixas","9":"first","10":"instock","11":"taxable","12":"shipping-taxable","13":"purchasable","14":"product-type-simple","swatches":"rey-swatches","show_selected":""},"acf":[],"yoast_head":"<!-- This site is optimized with the Yoast SEO plugin v22.8 - https:\/\/yoast.com\/wordpress\/plugins\/seo\/ -->\n<title>Aigua. Una can\u00e7\u00f3 contada de Cesk Freixas - Editorial Mediterr\u00e0nia<\/title>\n<meta name=\"description\" content=\"conte infantil\u00a0pensat per fer entrar la for\u00e7a i la bellesa de la natura a casa i que vol parlar de l&#039;incalculable valor d&#039;una petita gota\" \/>\n<meta name=\"robots\" content=\"index, follow, max-snippet:-1, max-image-preview:large, max-video-preview:-1\" \/>\n<link rel=\"canonical\" href=\"https:\/\/editorialmediterrania.com\/es\/producto\/aigua-una-canco-contada-de-cesk-freixas\/\" \/>\n<meta property=\"og:locale\" content=\"es_ES\" \/>\n<meta property=\"og:type\" content=\"article\" \/>\n<meta property=\"og:title\" content=\"Aigua. Una can\u00e7\u00f3 contada de Cesk Freixas - Editorial Mediterr\u00e0nia\" \/>\n<meta property=\"og:description\" content=\"conte infantil\u00a0pensat per fer entrar la for\u00e7a i la bellesa de la natura a casa i que vol parlar de l&#039;incalculable valor d&#039;una petita gota\" \/>\n<meta property=\"og:url\" content=\"https:\/\/editorialmediterrania.com\/es\/producto\/aigua-una-canco-contada-de-cesk-freixas\/\" \/>\n<meta property=\"og:site_name\" content=\"Editorial Mediterr\u00e0nia\" \/>\n<meta property=\"article:modified_time\" content=\"2026-02-13T10:29:42+00:00\" \/>\n<meta property=\"og:image\" content=\"https:\/\/editorialmediterrania.com\/wp-content\/uploads\/2023\/12\/Coberta_AIGUA.jpg\" \/>\n\t<meta property=\"og:image:width\" content=\"495\" \/>\n\t<meta property=\"og:image:height\" content=\"502\" \/>\n\t<meta property=\"og:image:type\" content=\"image\/jpeg\" \/>\n<meta name=\"twitter:card\" content=\"summary_large_image\" \/>\n<meta name=\"twitter:site\" content=\"@edmediterrania\" \/>\n<meta name=\"twitter:label1\" content=\"Tiempo de lectura\" \/>\n\t<meta name=\"twitter:data1\" content=\"1 minuto\" \/>\n<script type=\"application\/ld+json\" class=\"yoast-schema-graph\">{\"@context\":\"https:\/\/schema.org\",\"@graph\":[{\"@type\":\"WebPage\",\"@id\":\"https:\/\/editorialmediterrania.com\/es\/producto\/aigua-una-canco-contada-de-cesk-freixas\/\",\"url\":\"https:\/\/editorialmediterrania.com\/es\/producto\/aigua-una-canco-contada-de-cesk-freixas\/\",\"name\":\"Aigua. Una can\u00e7\u00f3 contada de Cesk Freixas - Editorial Mediterr\u00e0nia\",\"isPartOf\":{\"@id\":\"https:\/\/editorialmediterrania.com\/es\/#website\"},\"primaryImageOfPage\":{\"@id\":\"https:\/\/editorialmediterrania.com\/es\/producto\/aigua-una-canco-contada-de-cesk-freixas\/#primaryimage\"},\"image\":{\"@id\":\"https:\/\/editorialmediterrania.com\/es\/producto\/aigua-una-canco-contada-de-cesk-freixas\/#primaryimage\"},\"thumbnailUrl\":\"https:\/\/editorialmediterrania.com\/wp-content\/uploads\/2023\/12\/Coberta_AIGUA.jpg\",\"datePublished\":\"2023-12-11T11:46:14+00:00\",\"dateModified\":\"2026-02-13T10:29:42+00:00\",\"description\":\"conte infantil\u00a0pensat per fer entrar la for\u00e7a i la bellesa de la natura a casa i que vol parlar de l'incalculable valor d'una petita gota\",\"breadcrumb\":{\"@id\":\"https:\/\/editorialmediterrania.com\/es\/producto\/aigua-una-canco-contada-de-cesk-freixas\/#breadcrumb\"},\"inLanguage\":\"es\",\"potentialAction\":[{\"@type\":\"ReadAction\",\"target\":[\"https:\/\/editorialmediterrania.com\/es\/producto\/aigua-una-canco-contada-de-cesk-freixas\/\"]}]},{\"@type\":\"ImageObject\",\"inLanguage\":\"es\",\"@id\":\"https:\/\/editorialmediterrania.com\/es\/producto\/aigua-una-canco-contada-de-cesk-freixas\/#primaryimage\",\"url\":\"https:\/\/editorialmediterrania.com\/wp-content\/uploads\/2023\/12\/Coberta_AIGUA.jpg\",\"contentUrl\":\"https:\/\/editorialmediterrania.com\/wp-content\/uploads\/2023\/12\/Coberta_AIGUA.jpg\",\"width\":495,\"height\":502,\"caption\":\"PORTADA_aigua.indd\"},{\"@type\":\"BreadcrumbList\",\"@id\":\"https:\/\/editorialmediterrania.com\/es\/producto\/aigua-una-canco-contada-de-cesk-freixas\/#breadcrumb\",\"itemListElement\":[{\"@type\":\"ListItem\",\"position\":1,\"name\":\"Tienda de libros infantiles de arte\",\"item\":\"https:\/\/editorialmediterrania.com\/es\/tienda-de-libros-infantiles-arte\/\"},{\"@type\":\"ListItem\",\"position\":2,\"name\":\"Aigua. Una can\u00e7\u00f3 contada de Cesk Freixas\"}]},{\"@type\":\"WebSite\",\"@id\":\"https:\/\/editorialmediterrania.com\/es\/#website\",\"url\":\"https:\/\/editorialmediterrania.com\/es\/\",\"name\":\"Editorial Mediterrania\",\"description\":\"Llibres que t\u2019obriran nous mons\",\"publisher\":{\"@id\":\"https:\/\/editorialmediterrania.com\/es\/#organization\"},\"alternateName\":\"Llibres infantils d'art, cultura i natura\",\"potentialAction\":[{\"@type\":\"SearchAction\",\"target\":{\"@type\":\"EntryPoint\",\"urlTemplate\":\"https:\/\/editorialmediterrania.com\/es\/?s={search_term_string}\"},\"query-input\":\"required name=search_term_string\"}],\"inLanguage\":\"es\"},{\"@type\":\"Organization\",\"@id\":\"https:\/\/editorialmediterrania.com\/es\/#organization\",\"name\":\"Editorial Mediterrania\",\"alternateName\":\"Llibres d'art, cultura i natura per infants i fam\u00edlies\",\"url\":\"https:\/\/editorialmediterrania.com\/es\/\",\"logo\":{\"@type\":\"ImageObject\",\"inLanguage\":\"es\",\"@id\":\"https:\/\/editorialmediterrania.com\/es\/#\/schema\/logo\/image\/\",\"url\":\"https:\/\/editorialmediterrania.com\/wp-content\/uploads\/2023\/03\/LOGO-ED_MEDITERRANIA_OK-2.png\",\"contentUrl\":\"https:\/\/editorialmediterrania.com\/wp-content\/uploads\/2023\/03\/LOGO-ED_MEDITERRANIA_OK-2.png\",\"width\":1200,\"height\":300,\"caption\":\"Editorial Mediterrania\"},\"image\":{\"@id\":\"https:\/\/editorialmediterrania.com\/es\/#\/schema\/logo\/image\/\"},\"sameAs\":[\"https:\/\/x.com\/edmediterrania\",\"https:\/\/www.instagram.com\/editorialmediterrania\/\"]}]}<\/script>\n<!-- \/ Yoast SEO plugin. -->","yoast_head_json":{"title":"Aigua. Una can\u00e7\u00f3 contada de Cesk Freixas - Editorial Mediterr\u00e0nia","description":"conte infantil\u00a0pensat per fer entrar la for\u00e7a i la bellesa de la natura a casa i que vol parlar de l'incalculable valor d'una petita gota","robots":{"index":"index","follow":"follow","max-snippet":"max-snippet:-1","max-image-preview":"max-image-preview:large","max-video-preview":"max-video-preview:-1"},"canonical":"https:\/\/editorialmediterrania.com\/es\/producto\/aigua-una-canco-contada-de-cesk-freixas\/","og_locale":"es_ES","og_type":"article","og_title":"Aigua. Una can\u00e7\u00f3 contada de Cesk Freixas - Editorial Mediterr\u00e0nia","og_description":"conte infantil\u00a0pensat per fer entrar la for\u00e7a i la bellesa de la natura a casa i que vol parlar de l'incalculable valor d'una petita gota","og_url":"https:\/\/editorialmediterrania.com\/es\/producto\/aigua-una-canco-contada-de-cesk-freixas\/","og_site_name":"Editorial Mediterr\u00e0nia","article_modified_time":"2026-02-13T10:29:42+00:00","og_image":[{"width":495,"height":502,"url":"https:\/\/editorialmediterrania.com\/wp-content\/uploads\/2023\/12\/Coberta_AIGUA.jpg","type":"image\/jpeg"}],"twitter_card":"summary_large_image","twitter_site":"@edmediterrania","twitter_misc":{"Tiempo de lectura":"1 minuto"},"schema":{"@context":"https:\/\/schema.org","@graph":[{"@type":"WebPage","@id":"https:\/\/editorialmediterrania.com\/es\/producto\/aigua-una-canco-contada-de-cesk-freixas\/","url":"https:\/\/editorialmediterrania.com\/es\/producto\/aigua-una-canco-contada-de-cesk-freixas\/","name":"Aigua. Una can\u00e7\u00f3 contada de Cesk Freixas - Editorial Mediterr\u00e0nia","isPartOf":{"@id":"https:\/\/editorialmediterrania.com\/es\/#website"},"primaryImageOfPage":{"@id":"https:\/\/editorialmediterrania.com\/es\/producto\/aigua-una-canco-contada-de-cesk-freixas\/#primaryimage"},"image":{"@id":"https:\/\/editorialmediterrania.com\/es\/producto\/aigua-una-canco-contada-de-cesk-freixas\/#primaryimage"},"thumbnailUrl":"https:\/\/editorialmediterrania.com\/wp-content\/uploads\/2023\/12\/Coberta_AIGUA.jpg","datePublished":"2023-12-11T11:46:14+00:00","dateModified":"2026-02-13T10:29:42+00:00","description":"conte infantil\u00a0pensat per fer entrar la for\u00e7a i la bellesa de la natura a casa i que vol parlar de l'incalculable valor d'una petita gota","breadcrumb":{"@id":"https:\/\/editorialmediterrania.com\/es\/producto\/aigua-una-canco-contada-de-cesk-freixas\/#breadcrumb"},"inLanguage":"es","potentialAction":[{"@type":"ReadAction","target":["https:\/\/editorialmediterrania.com\/es\/producto\/aigua-una-canco-contada-de-cesk-freixas\/"]}]},{"@type":"ImageObject","inLanguage":"es","@id":"https:\/\/editorialmediterrania.com\/es\/producto\/aigua-una-canco-contada-de-cesk-freixas\/#primaryimage","url":"https:\/\/editorialmediterrania.com\/wp-content\/uploads\/2023\/12\/Coberta_AIGUA.jpg","contentUrl":"https:\/\/editorialmediterrania.com\/wp-content\/uploads\/2023\/12\/Coberta_AIGUA.jpg","width":495,"height":502,"caption":"PORTADA_aigua.indd"},{"@type":"BreadcrumbList","@id":"https:\/\/editorialmediterrania.com\/es\/producto\/aigua-una-canco-contada-de-cesk-freixas\/#breadcrumb","itemListElement":[{"@type":"ListItem","position":1,"name":"Tienda de libros infantiles de arte","item":"https:\/\/editorialmediterrania.com\/es\/tienda-de-libros-infantiles-arte\/"},{"@type":"ListItem","position":2,"name":"Aigua. Una can\u00e7\u00f3 contada de Cesk Freixas"}]},{"@type":"WebSite","@id":"https:\/\/editorialmediterrania.com\/es\/#website","url":"https:\/\/editorialmediterrania.com\/es\/","name":"Editorial Mediterrania","description":"Llibres que t\u2019obriran nous mons","publisher":{"@id":"https:\/\/editorialmediterrania.com\/es\/#organization"},"alternateName":"Llibres infantils d'art, cultura i natura","potentialAction":[{"@type":"SearchAction","target":{"@type":"EntryPoint","urlTemplate":"https:\/\/editorialmediterrania.com\/es\/?s={search_term_string}"},"query-input":"required name=search_term_string"}],"inLanguage":"es"},{"@type":"Organization","@id":"https:\/\/editorialmediterrania.com\/es\/#organization","name":"Editorial Mediterrania","alternateName":"Llibres d'art, cultura i natura per infants i fam\u00edlies","url":"https:\/\/editorialmediterrania.com\/es\/","logo":{"@type":"ImageObject","inLanguage":"es","@id":"https:\/\/editorialmediterrania.com\/es\/#\/schema\/logo\/image\/","url":"https:\/\/editorialmediterrania.com\/wp-content\/uploads\/2023\/03\/LOGO-ED_MEDITERRANIA_OK-2.png","contentUrl":"https:\/\/editorialmediterrania.com\/wp-content\/uploads\/2023\/03\/LOGO-ED_MEDITERRANIA_OK-2.png","width":1200,"height":300,"caption":"Editorial Mediterrania"},"image":{"@id":"https:\/\/editorialmediterrania.com\/es\/#\/schema\/logo\/image\/"},"sameAs":["https:\/\/x.com\/edmediterrania","https:\/\/www.instagram.com\/editorialmediterrania\/"]}]}},"_links":{"self":[{"href":"https:\/\/editorialmediterrania.com\/es\/wp-json\/wp\/v2\/product\/42483","targetHints":{"allow":["GET"]}}],"collection":[{"href":"https:\/\/editorialmediterrania.com\/es\/wp-json\/wp\/v2\/product"}],"about":[{"href":"https:\/\/editorialmediterrania.com\/es\/wp-json\/wp\/v2\/types\/product"}],"wp:featuredmedia":[{"embeddable":true,"href":"https:\/\/editorialmediterrania.com\/es\/wp-json\/wp\/v2\/media\/42484"}],"wp:attachment":[{"href":"https:\/\/editorialmediterrania.com\/es\/wp-json\/wp\/v2\/media?parent=42483"}],"wp:term":[{"taxonomy":"product_cat","embeddable":true,"href":"https:\/\/editorialmediterrania.com\/es\/wp-json\/wp\/v2\/product_cat?post=42483"},{"taxonomy":"product_tag","embeddable":true,"href":"https:\/\/editorialmediterrania.com\/es\/wp-json\/wp\/v2\/product_tag?post=42483"},{"taxonomy":"autors","embeddable":true,"href":"https:\/\/editorialmediterrania.com\/es\/wp-json\/wp\/v2\/autors?post=42483"}],"curies":[{"name":"wp","href":"https:\/\/api.w.org\/{rel}","templated":true}]}}