{"id":42498,"date":"2023-12-11T12:59:14","date_gmt":"2023-12-11T11:59:14","guid":{"rendered":"https:\/\/editorialmediterrania.com\/?post_type=product&#038;p=42498"},"modified":"2026-02-13T11:27:54","modified_gmt":"2026-02-13T10:27:54","slug":"42498","status":"publish","type":"product","link":"https:\/\/editorialmediterrania.com\/es\/producto\/42498\/","title":{"rendered":"Les veus del mar. Una can\u00e7\u00f3 contada de Gemma Humet"},"content":{"rendered":"<h2>Sabies que&#8230;<\/h2>\n<p><strong>Pots escoltar\u00a0la can\u00e7\u00f3<\/strong>\u00a0a\u00a0<strong><a title=\"Les veus del mar a Youtube\" href=\"https:\/\/youtu.be\/2YEzDOGdM9k\" target=\"_blank\" rel=\"noopener\">Youtube<\/a><\/strong>\u00a0i a\u00a0<strong><a title=\"Les veus del mar a Spotify\" href=\"https:\/\/open.spotify.com\/track\/35dHLAC0xPNQ8e9uW5fnOq?si=-fOKzeQdSRexRz07evRNtQ\" target=\"_blank\" rel=\"noopener\">Spotify<\/a><a title=\"Tu fas a Spotify\" href=\"https:\/\/open.spotify.com\/track\/6B7D9kV1WopAzVGCi6qokk?si=dFnToeDrQgCpJIx79wTpMw\" target=\"_blank\" rel=\"noopener\">.<\/a><\/strong><\/p>\n<p><strong>T&#8217;oferim activitats per fer a casa<\/strong> relacionades amb el conte. <strong>Descarrega-les gratu\u00eftament:<\/strong><\/p>\n<ul>\n<li>Solucionari de les activitats del final del llibre.\u00a0<a href=\"https:\/\/editorialmediterrania.com\/wp-content\/uploads\/2023\/12\/solucionari-editorial-nanit-les-veus-del-mar.pdf\" target=\"_blank\" rel=\"noopener\"><strong>Descarrega les solucions aqu\u00ed.<\/strong><\/a><\/li>\n<li>La Sara Serra ha buidat dues il\u00b7lustracions\u00a0<strong>perqu\u00e8 les pugueu pintar.<\/strong>\u00a0<a href=\"https:\/\/editorialmediterrania.com\/wp-content\/uploads\/2023\/12\/Editorial-nanit-dibuixos-per-pintar-Les-veus-del-mar.pdf\" target=\"_blank\" rel=\"noopener\"><strong>Descarrega-les aqu\u00ed.<\/strong><\/a><\/li>\n<li>Quin dibuix ha amagat la Sara darrere dels n\u00fameros?\u00a0<strong><a href=\"https:\/\/editorialmediterrania.com\/wp-content\/uploads\/2023\/12\/Editorial-nanit-dibuix-unir-punts-Les-veus-del-mar.pdf\" target=\"_blank\" rel=\"noopener\">Descarregueu-vos el pdf<\/a><a title=\"pdf unir punts\" href=\"https:\/\/cdn.shopify.com\/s\/files\/1\/0014\/9569\/5437\/files\/Editorial-nanit-dibuix-unir-punts-Les-veus-del-mar.pdf?v=1612345278\" target=\"_blank\" rel=\"noopener\">,<\/a><\/strong>\u00a0<strong>uniu els punts<\/strong>\u00a0i descobriu-ho.<\/li>\n<\/ul>\n<p>Gr\u00e0cies a la teva compra,\u00a0<strong>col\u00b7laborem amb diferents projectes solidaris<\/strong>.<\/p>\n","protected":false},"excerpt":{"rendered":"<p><strong>Les veus del mar\u00a0<\/strong>\u00e9s un conte basat en la can\u00e7\u00f3 hom\u00f2nima de\u00a0<strong>Gemma Humet<\/strong>.<\/p>\n<p>Aquest\u00a0<strong>conte infantil<\/strong>\u00a0parla de l&#8217;Amar, l&#8217;Azahar i en Samir i explica la hist\u00f2ria d&#8217;aquesta fam\u00edlia valenta, que marxa del seu pa\u00eds en guerra en busca d&#8217;un lloc on viure en pau. Una hist\u00f2ria plena d&#8217;esperan\u00e7a i amb un final obert, perqu\u00e8 nosaltres tenim la clau per obrir els murs que ens separen.<\/p>\n<p><strong>Les veus del mar<\/strong>\u00a0posa veu i noms a la migraci\u00f3 i pret\u00e9n recon\u00e8ixer la feina i el valor d&#8217;organitzacions, com\u00a0<strong>Open Arms<\/strong>, que il\u00b7luminen el mar amb un punt de llum i esperan\u00e7a.<\/p>\n<p>Il\u00b7lustrat per\u00a0<strong>Sara Serra Marginet<\/strong><\/p>\n","protected":false},"featured_media":42499,"template":"","meta":[],"product_cat":[6500],"product_tag":[6515],"autors":[],"class_list":{"0":"post-42498","1":"product","2":"type-product","3":"status-publish","4":"has-post-thumbnail","6":"product_cat-nanit","7":"product_tag-gemma-humet","9":"first","10":"instock","11":"taxable","12":"shipping-taxable","13":"purchasable","14":"product-type-simple","swatches":"rey-swatches","show_selected":""},"acf":[],"yoast_head":"<!-- This site is optimized with the Yoast SEO plugin v22.8 - https:\/\/yoast.com\/wordpress\/plugins\/seo\/ -->\n<title>Les veus del mar. Una can\u00e7\u00f3 contada de Gemma Humet - Editorial Mediterr\u00e0nia<\/title>\n<meta name=\"description\" content=\"Aquest\u00a0conte infantil\u00a0parla de l&#039;Amar, l&#039;Azahar i en Samir i explica la hist\u00f2ria d&#039;aquesta fam\u00edlia valenta, que marxa del seu pa\u00eds en guerra en busca d&#039;un lloc on viure en pau\" \/>\n<meta name=\"robots\" content=\"index, follow, max-snippet:-1, max-image-preview:large, max-video-preview:-1\" \/>\n<link rel=\"canonical\" href=\"https:\/\/editorialmediterrania.com\/es\/producto\/42498\/\" \/>\n<meta property=\"og:locale\" content=\"es_ES\" \/>\n<meta property=\"og:type\" content=\"article\" \/>\n<meta property=\"og:title\" content=\"Les veus del mar. Una can\u00e7\u00f3 contada de Gemma Humet - Editorial Mediterr\u00e0nia\" \/>\n<meta property=\"og:description\" content=\"Aquest\u00a0conte infantil\u00a0parla de l&#039;Amar, l&#039;Azahar i en Samir i explica la hist\u00f2ria d&#039;aquesta fam\u00edlia valenta, que marxa del seu pa\u00eds en guerra en busca d&#039;un lloc on viure en pau\" \/>\n<meta property=\"og:url\" content=\"https:\/\/editorialmediterrania.com\/es\/producto\/42498\/\" \/>\n<meta property=\"og:site_name\" content=\"Editorial Mediterr\u00e0nia\" \/>\n<meta property=\"article:modified_time\" content=\"2026-02-13T10:27:54+00:00\" \/>\n<meta property=\"og:image\" content=\"https:\/\/editorialmediterrania.com\/wp-content\/uploads\/2023\/12\/LES-VEUS-DEL-MAR_coberta.jpg\" \/>\n\t<meta property=\"og:image:width\" content=\"853\" \/>\n\t<meta property=\"og:image:height\" content=\"876\" \/>\n\t<meta property=\"og:image:type\" content=\"image\/jpeg\" \/>\n<meta name=\"twitter:card\" content=\"summary_large_image\" \/>\n<meta name=\"twitter:site\" content=\"@edmediterrania\" \/>\n<meta name=\"twitter:label1\" content=\"Tiempo de lectura\" \/>\n\t<meta name=\"twitter:data1\" content=\"1 minuto\" \/>\n<script type=\"application\/ld+json\" class=\"yoast-schema-graph\">{\"@context\":\"https:\/\/schema.org\",\"@graph\":[{\"@type\":\"WebPage\",\"@id\":\"https:\/\/editorialmediterrania.com\/es\/producto\/42498\/\",\"url\":\"https:\/\/editorialmediterrania.com\/es\/producto\/42498\/\",\"name\":\"Les veus del mar. Una can\u00e7\u00f3 contada de Gemma Humet - Editorial Mediterr\u00e0nia\",\"isPartOf\":{\"@id\":\"https:\/\/editorialmediterrania.com\/es\/#website\"},\"primaryImageOfPage\":{\"@id\":\"https:\/\/editorialmediterrania.com\/es\/producto\/42498\/#primaryimage\"},\"image\":{\"@id\":\"https:\/\/editorialmediterrania.com\/es\/producto\/42498\/#primaryimage\"},\"thumbnailUrl\":\"https:\/\/editorialmediterrania.com\/wp-content\/uploads\/2023\/12\/LES-VEUS-DEL-MAR_coberta.jpg\",\"datePublished\":\"2023-12-11T11:59:14+00:00\",\"dateModified\":\"2026-02-13T10:27:54+00:00\",\"description\":\"Aquest\u00a0conte infantil\u00a0parla de l'Amar, l'Azahar i en Samir i explica la hist\u00f2ria d'aquesta fam\u00edlia valenta, que marxa del seu pa\u00eds en guerra en busca d'un lloc on viure en pau\",\"breadcrumb\":{\"@id\":\"https:\/\/editorialmediterrania.com\/es\/producto\/42498\/#breadcrumb\"},\"inLanguage\":\"es\",\"potentialAction\":[{\"@type\":\"ReadAction\",\"target\":[\"https:\/\/editorialmediterrania.com\/es\/producto\/42498\/\"]}]},{\"@type\":\"ImageObject\",\"inLanguage\":\"es\",\"@id\":\"https:\/\/editorialmediterrania.com\/es\/producto\/42498\/#primaryimage\",\"url\":\"https:\/\/editorialmediterrania.com\/wp-content\/uploads\/2023\/12\/LES-VEUS-DEL-MAR_coberta.jpg\",\"contentUrl\":\"https:\/\/editorialmediterrania.com\/wp-content\/uploads\/2023\/12\/LES-VEUS-DEL-MAR_coberta.jpg\",\"width\":853,\"height\":876},{\"@type\":\"BreadcrumbList\",\"@id\":\"https:\/\/editorialmediterrania.com\/es\/producto\/42498\/#breadcrumb\",\"itemListElement\":[{\"@type\":\"ListItem\",\"position\":1,\"name\":\"Tienda de libros infantiles de arte\",\"item\":\"https:\/\/editorialmediterrania.com\/es\/tienda-de-libros-infantiles-arte\/\"},{\"@type\":\"ListItem\",\"position\":2,\"name\":\"Les veus del mar. Una can\u00e7\u00f3 contada de Gemma Humet\"}]},{\"@type\":\"WebSite\",\"@id\":\"https:\/\/editorialmediterrania.com\/es\/#website\",\"url\":\"https:\/\/editorialmediterrania.com\/es\/\",\"name\":\"Editorial Mediterrania\",\"description\":\"Llibres que t\u2019obriran nous mons\",\"publisher\":{\"@id\":\"https:\/\/editorialmediterrania.com\/es\/#organization\"},\"alternateName\":\"Llibres infantils d'art, cultura i natura\",\"potentialAction\":[{\"@type\":\"SearchAction\",\"target\":{\"@type\":\"EntryPoint\",\"urlTemplate\":\"https:\/\/editorialmediterrania.com\/es\/?s={search_term_string}\"},\"query-input\":\"required name=search_term_string\"}],\"inLanguage\":\"es\"},{\"@type\":\"Organization\",\"@id\":\"https:\/\/editorialmediterrania.com\/es\/#organization\",\"name\":\"Editorial Mediterrania\",\"alternateName\":\"Llibres d'art, cultura i natura per infants i fam\u00edlies\",\"url\":\"https:\/\/editorialmediterrania.com\/es\/\",\"logo\":{\"@type\":\"ImageObject\",\"inLanguage\":\"es\",\"@id\":\"https:\/\/editorialmediterrania.com\/es\/#\/schema\/logo\/image\/\",\"url\":\"https:\/\/editorialmediterrania.com\/wp-content\/uploads\/2023\/03\/LOGO-ED_MEDITERRANIA_OK-2.png\",\"contentUrl\":\"https:\/\/editorialmediterrania.com\/wp-content\/uploads\/2023\/03\/LOGO-ED_MEDITERRANIA_OK-2.png\",\"width\":1200,\"height\":300,\"caption\":\"Editorial Mediterrania\"},\"image\":{\"@id\":\"https:\/\/editorialmediterrania.com\/es\/#\/schema\/logo\/image\/\"},\"sameAs\":[\"https:\/\/x.com\/edmediterrania\",\"https:\/\/www.instagram.com\/editorialmediterrania\/\"]}]}<\/script>\n<!-- \/ Yoast SEO plugin. -->","yoast_head_json":{"title":"Les veus del mar. Una can\u00e7\u00f3 contada de Gemma Humet - Editorial Mediterr\u00e0nia","description":"Aquest\u00a0conte infantil\u00a0parla de l'Amar, l'Azahar i en Samir i explica la hist\u00f2ria d'aquesta fam\u00edlia valenta, que marxa del seu pa\u00eds en guerra en busca d'un lloc on viure en pau","robots":{"index":"index","follow":"follow","max-snippet":"max-snippet:-1","max-image-preview":"max-image-preview:large","max-video-preview":"max-video-preview:-1"},"canonical":"https:\/\/editorialmediterrania.com\/es\/producto\/42498\/","og_locale":"es_ES","og_type":"article","og_title":"Les veus del mar. Una can\u00e7\u00f3 contada de Gemma Humet - Editorial Mediterr\u00e0nia","og_description":"Aquest\u00a0conte infantil\u00a0parla de l'Amar, l'Azahar i en Samir i explica la hist\u00f2ria d'aquesta fam\u00edlia valenta, que marxa del seu pa\u00eds en guerra en busca d'un lloc on viure en pau","og_url":"https:\/\/editorialmediterrania.com\/es\/producto\/42498\/","og_site_name":"Editorial Mediterr\u00e0nia","article_modified_time":"2026-02-13T10:27:54+00:00","og_image":[{"width":853,"height":876,"url":"https:\/\/editorialmediterrania.com\/wp-content\/uploads\/2023\/12\/LES-VEUS-DEL-MAR_coberta.jpg","type":"image\/jpeg"}],"twitter_card":"summary_large_image","twitter_site":"@edmediterrania","twitter_misc":{"Tiempo de lectura":"1 minuto"},"schema":{"@context":"https:\/\/schema.org","@graph":[{"@type":"WebPage","@id":"https:\/\/editorialmediterrania.com\/es\/producto\/42498\/","url":"https:\/\/editorialmediterrania.com\/es\/producto\/42498\/","name":"Les veus del mar. Una can\u00e7\u00f3 contada de Gemma Humet - Editorial Mediterr\u00e0nia","isPartOf":{"@id":"https:\/\/editorialmediterrania.com\/es\/#website"},"primaryImageOfPage":{"@id":"https:\/\/editorialmediterrania.com\/es\/producto\/42498\/#primaryimage"},"image":{"@id":"https:\/\/editorialmediterrania.com\/es\/producto\/42498\/#primaryimage"},"thumbnailUrl":"https:\/\/editorialmediterrania.com\/wp-content\/uploads\/2023\/12\/LES-VEUS-DEL-MAR_coberta.jpg","datePublished":"2023-12-11T11:59:14+00:00","dateModified":"2026-02-13T10:27:54+00:00","description":"Aquest\u00a0conte infantil\u00a0parla de l'Amar, l'Azahar i en Samir i explica la hist\u00f2ria d'aquesta fam\u00edlia valenta, que marxa del seu pa\u00eds en guerra en busca d'un lloc on viure en pau","breadcrumb":{"@id":"https:\/\/editorialmediterrania.com\/es\/producto\/42498\/#breadcrumb"},"inLanguage":"es","potentialAction":[{"@type":"ReadAction","target":["https:\/\/editorialmediterrania.com\/es\/producto\/42498\/"]}]},{"@type":"ImageObject","inLanguage":"es","@id":"https:\/\/editorialmediterrania.com\/es\/producto\/42498\/#primaryimage","url":"https:\/\/editorialmediterrania.com\/wp-content\/uploads\/2023\/12\/LES-VEUS-DEL-MAR_coberta.jpg","contentUrl":"https:\/\/editorialmediterrania.com\/wp-content\/uploads\/2023\/12\/LES-VEUS-DEL-MAR_coberta.jpg","width":853,"height":876},{"@type":"BreadcrumbList","@id":"https:\/\/editorialmediterrania.com\/es\/producto\/42498\/#breadcrumb","itemListElement":[{"@type":"ListItem","position":1,"name":"Tienda de libros infantiles de arte","item":"https:\/\/editorialmediterrania.com\/es\/tienda-de-libros-infantiles-arte\/"},{"@type":"ListItem","position":2,"name":"Les veus del mar. Una can\u00e7\u00f3 contada de Gemma Humet"}]},{"@type":"WebSite","@id":"https:\/\/editorialmediterrania.com\/es\/#website","url":"https:\/\/editorialmediterrania.com\/es\/","name":"Editorial Mediterrania","description":"Llibres que t\u2019obriran nous mons","publisher":{"@id":"https:\/\/editorialmediterrania.com\/es\/#organization"},"alternateName":"Llibres infantils d'art, cultura i natura","potentialAction":[{"@type":"SearchAction","target":{"@type":"EntryPoint","urlTemplate":"https:\/\/editorialmediterrania.com\/es\/?s={search_term_string}"},"query-input":"required name=search_term_string"}],"inLanguage":"es"},{"@type":"Organization","@id":"https:\/\/editorialmediterrania.com\/es\/#organization","name":"Editorial Mediterrania","alternateName":"Llibres d'art, cultura i natura per infants i fam\u00edlies","url":"https:\/\/editorialmediterrania.com\/es\/","logo":{"@type":"ImageObject","inLanguage":"es","@id":"https:\/\/editorialmediterrania.com\/es\/#\/schema\/logo\/image\/","url":"https:\/\/editorialmediterrania.com\/wp-content\/uploads\/2023\/03\/LOGO-ED_MEDITERRANIA_OK-2.png","contentUrl":"https:\/\/editorialmediterrania.com\/wp-content\/uploads\/2023\/03\/LOGO-ED_MEDITERRANIA_OK-2.png","width":1200,"height":300,"caption":"Editorial Mediterrania"},"image":{"@id":"https:\/\/editorialmediterrania.com\/es\/#\/schema\/logo\/image\/"},"sameAs":["https:\/\/x.com\/edmediterrania","https:\/\/www.instagram.com\/editorialmediterrania\/"]}]}},"_links":{"self":[{"href":"https:\/\/editorialmediterrania.com\/es\/wp-json\/wp\/v2\/product\/42498","targetHints":{"allow":["GET"]}}],"collection":[{"href":"https:\/\/editorialmediterrania.com\/es\/wp-json\/wp\/v2\/product"}],"about":[{"href":"https:\/\/editorialmediterrania.com\/es\/wp-json\/wp\/v2\/types\/product"}],"wp:featuredmedia":[{"embeddable":true,"href":"https:\/\/editorialmediterrania.com\/es\/wp-json\/wp\/v2\/media\/42499"}],"wp:attachment":[{"href":"https:\/\/editorialmediterrania.com\/es\/wp-json\/wp\/v2\/media?parent=42498"}],"wp:term":[{"taxonomy":"product_cat","embeddable":true,"href":"https:\/\/editorialmediterrania.com\/es\/wp-json\/wp\/v2\/product_cat?post=42498"},{"taxonomy":"product_tag","embeddable":true,"href":"https:\/\/editorialmediterrania.com\/es\/wp-json\/wp\/v2\/product_tag?post=42498"},{"taxonomy":"autors","embeddable":true,"href":"https:\/\/editorialmediterrania.com\/es\/wp-json\/wp\/v2\/autors?post=42498"}],"curies":[{"name":"wp","href":"https:\/\/api.w.org\/{rel}","templated":true}]}}