{"id":42505,"date":"2023-12-11T13:06:54","date_gmt":"2023-12-11T12:06:54","guid":{"rendered":"https:\/\/editorialmediterrania.com\/?post_type=product&#038;p=42505"},"modified":"2026-02-13T11:26:43","modified_gmt":"2026-02-13T10:26:43","slug":"els-teus-somnis-una-canco-contada-de-sopa-de-cabra","status":"publish","type":"product","link":"https:\/\/editorialmediterrania.com\/es\/producto\/els-teus-somnis-una-canco-contada-de-sopa-de-cabra\/","title":{"rendered":"Els teus somnis. Una can\u00e7\u00f3 contada de Sopa de Cabra"},"content":{"rendered":"<h2>Sabies que&#8230;<\/h2>\n<p><strong>Aquesta obra ha rebut una ajuda a l&#8217;edici\u00f3 del Ministeri de Cultura i Esports<\/strong><\/p>\n<p><strong>Pots escoltar\u00a0la can\u00e7\u00f3<\/strong>\u00a0a\u00a0<a title=\"Els teus somnis a Youtube\" href=\"https:\/\/youtu.be\/A8KbdBPCQoI\" target=\"_blank\" rel=\"noopener\"><strong>Youtube<\/strong><\/a>\u00a0i a\u00a0<strong><a title=\"Els teus somnis a Spotify\" href=\"https:\/\/open.spotify.com\/track\/45QrLeTp1UeT8pfWPLikgB?si=ZUaR_kXPSvabV1rAQaDuVgcom\/track\/6B7D9kV1WopAzVGCi6qokk?si=dFnToeDrQgCpJIx79wTpMw\" target=\"_blank\" rel=\"noopener\">Spotify<\/a><a title=\"Tu fas a Spotify\" href=\"https:\/\/open.spotify.com\/track\/6B7D9kV1WopAzVGCi6qokk?si=dFnToeDrQgCpJIx79wTpMw\" target=\"_blank\" rel=\"noopener\">.<\/a><\/strong><\/p>\n<p><strong>T&#8217;oferim activitats per fer a casa<\/strong> relacionades amb el conte. <strong>Descarrega-les gratu\u00eftament:<\/strong><\/p>\n<ul>\n<li><strong>Solucionari<\/strong>\u00a0de les activitats del final del llibre.\u00a0<a href=\"https:\/\/editorialmediterrania.com\/wp-content\/uploads\/2023\/12\/pagina-solucionari-els-teus-somnis-editorial-nanit.pdf\" target=\"_blank\" rel=\"noopener\"><strong>Descarrega el solucionari aqu\u00ed.<\/strong><\/a><\/li>\n<li>La\u00a0Maria Ant\u00f2nia Roig\u00a0es una enamorada de les papallones (ses papaones, que en diu ella).\u00a0<strong>En voleu pintar algunes?<\/strong>\u00a0<a href=\"https:\/\/editorialmediterrania.com\/wp-content\/uploads\/2023\/12\/Els-teus-somnis-activitat-pintar-colorejar-Editorial-nanit.pdf\" target=\"_blank\" rel=\"noopener\"><strong>Descarregueu-les aqu\u00ed.<\/strong><\/a><\/li>\n<li>I els ocells, que us agraden? La Maria Ant\u00f2nia us ha preparat\u00a0<strong>una activitat per pintar i retallar<\/strong>\u00a0que segur que us encantar\u00e0!\u00a0<a href=\"https:\/\/editorialmediterrania.com\/wp-content\/uploads\/2023\/12\/Els-teus-somnis-activitat-retallar-Editorial-nanit.pdf\" target=\"_blank\" rel=\"noopener\"><strong>Descobriu-la aqu\u00ed.<\/strong><\/a><\/li>\n<\/ul>\n<p>Gr\u00e0cies a la teva compra,\u00a0<strong>col\u00b7laborem amb diferents projectes solidaris<\/strong>.<\/p>\n","protected":false},"excerpt":{"rendered":"<p><strong>Els teus somnis<\/strong>\u00a0\u00e9s un conte basat en la can\u00e7\u00f3 hom\u00f2nima de\u00a0<strong>Sopa de cabra<\/strong>.<\/p>\n<p>\u00c9s un\u00a0<strong>conte infantil<\/strong>\u00a0que vol acompanyar-nos a l&#8217;hora d&#8217;anar a dormir i ens convida a parlar dels somnis, dels conscients i dels inconscients, perqu\u00e8 tots s\u00f3n abra\u00e7ables.\u00a0Com \u00e9s la\u00a0porta que tanca els vostres\u00a0somnis? Ja en teniu la clau?<\/p>\n<p>Il\u00b7lustrat per\u00a0<strong>Maria Ant\u00f2nia Roig<\/strong><\/p>\n","protected":false},"featured_media":42506,"template":"","meta":[],"product_cat":[6500],"product_tag":[6514],"autors":[],"class_list":{"0":"post-42505","1":"product","2":"type-product","3":"status-publish","4":"has-post-thumbnail","6":"product_cat-nanit","7":"product_tag-sopa-de-cabra","9":"first","10":"instock","11":"taxable","12":"shipping-taxable","13":"purchasable","14":"product-type-simple","swatches":"rey-swatches","show_selected":""},"acf":[],"yoast_head":"<!-- This site is optimized with the Yoast SEO plugin v22.8 - https:\/\/yoast.com\/wordpress\/plugins\/seo\/ -->\n<title>Els teus somnis. Una can\u00e7\u00f3 contada de Sopa de Cabra - Editorial Mediterr\u00e0nia<\/title>\n<meta name=\"description\" content=\"\u00c9s un\u00a0conte infantil\u00a0que vol acompanyar-nos a l&#039;hora d&#039;anar a dormir i ens convida a parlar dels somnis, dels conscients i dels inconscients\" \/>\n<meta name=\"robots\" content=\"index, follow, max-snippet:-1, max-image-preview:large, max-video-preview:-1\" \/>\n<link rel=\"canonical\" href=\"https:\/\/editorialmediterrania.com\/es\/producto\/els-teus-somnis-una-canco-contada-de-sopa-de-cabra\/\" \/>\n<meta property=\"og:locale\" content=\"es_ES\" \/>\n<meta property=\"og:type\" content=\"article\" \/>\n<meta property=\"og:title\" content=\"Els teus somnis. Una can\u00e7\u00f3 contada de Sopa de Cabra - Editorial Mediterr\u00e0nia\" \/>\n<meta property=\"og:description\" content=\"\u00c9s un\u00a0conte infantil\u00a0que vol acompanyar-nos a l&#039;hora d&#039;anar a dormir i ens convida a parlar dels somnis, dels conscients i dels inconscients\" \/>\n<meta property=\"og:url\" content=\"https:\/\/editorialmediterrania.com\/es\/producto\/els-teus-somnis-una-canco-contada-de-sopa-de-cabra\/\" \/>\n<meta property=\"og:site_name\" content=\"Editorial Mediterr\u00e0nia\" \/>\n<meta property=\"article:modified_time\" content=\"2026-02-13T10:26:43+00:00\" \/>\n<meta property=\"og:image\" content=\"https:\/\/editorialmediterrania.com\/wp-content\/uploads\/2023\/12\/Els-teus-somnis-Sopa-de-cabra-editorial-nanit-coberta_480x.webp\" \/>\n\t<meta property=\"og:image:width\" content=\"480\" \/>\n\t<meta property=\"og:image:height\" content=\"480\" \/>\n\t<meta property=\"og:image:type\" content=\"image\/webp\" \/>\n<meta name=\"twitter:card\" content=\"summary_large_image\" \/>\n<meta name=\"twitter:site\" content=\"@edmediterrania\" \/>\n<meta name=\"twitter:label1\" content=\"Tiempo de lectura\" \/>\n\t<meta name=\"twitter:data1\" content=\"1 minuto\" \/>\n<script type=\"application\/ld+json\" class=\"yoast-schema-graph\">{\"@context\":\"https:\/\/schema.org\",\"@graph\":[{\"@type\":\"WebPage\",\"@id\":\"https:\/\/editorialmediterrania.com\/es\/producto\/els-teus-somnis-una-canco-contada-de-sopa-de-cabra\/\",\"url\":\"https:\/\/editorialmediterrania.com\/es\/producto\/els-teus-somnis-una-canco-contada-de-sopa-de-cabra\/\",\"name\":\"Els teus somnis. Una can\u00e7\u00f3 contada de Sopa de Cabra - Editorial Mediterr\u00e0nia\",\"isPartOf\":{\"@id\":\"https:\/\/editorialmediterrania.com\/es\/#website\"},\"primaryImageOfPage\":{\"@id\":\"https:\/\/editorialmediterrania.com\/es\/producto\/els-teus-somnis-una-canco-contada-de-sopa-de-cabra\/#primaryimage\"},\"image\":{\"@id\":\"https:\/\/editorialmediterrania.com\/es\/producto\/els-teus-somnis-una-canco-contada-de-sopa-de-cabra\/#primaryimage\"},\"thumbnailUrl\":\"https:\/\/editorialmediterrania.com\/wp-content\/uploads\/2023\/12\/Els-teus-somnis-Sopa-de-cabra-editorial-nanit-coberta_480x.webp\",\"datePublished\":\"2023-12-11T12:06:54+00:00\",\"dateModified\":\"2026-02-13T10:26:43+00:00\",\"description\":\"\u00c9s un\u00a0conte infantil\u00a0que vol acompanyar-nos a l'hora d'anar a dormir i ens convida a parlar dels somnis, dels conscients i dels inconscients\",\"breadcrumb\":{\"@id\":\"https:\/\/editorialmediterrania.com\/es\/producto\/els-teus-somnis-una-canco-contada-de-sopa-de-cabra\/#breadcrumb\"},\"inLanguage\":\"es\",\"potentialAction\":[{\"@type\":\"ReadAction\",\"target\":[\"https:\/\/editorialmediterrania.com\/es\/producto\/els-teus-somnis-una-canco-contada-de-sopa-de-cabra\/\"]}]},{\"@type\":\"ImageObject\",\"inLanguage\":\"es\",\"@id\":\"https:\/\/editorialmediterrania.com\/es\/producto\/els-teus-somnis-una-canco-contada-de-sopa-de-cabra\/#primaryimage\",\"url\":\"https:\/\/editorialmediterrania.com\/wp-content\/uploads\/2023\/12\/Els-teus-somnis-Sopa-de-cabra-editorial-nanit-coberta_480x.webp\",\"contentUrl\":\"https:\/\/editorialmediterrania.com\/wp-content\/uploads\/2023\/12\/Els-teus-somnis-Sopa-de-cabra-editorial-nanit-coberta_480x.webp\",\"width\":480,\"height\":480},{\"@type\":\"BreadcrumbList\",\"@id\":\"https:\/\/editorialmediterrania.com\/es\/producto\/els-teus-somnis-una-canco-contada-de-sopa-de-cabra\/#breadcrumb\",\"itemListElement\":[{\"@type\":\"ListItem\",\"position\":1,\"name\":\"Tienda de libros infantiles de arte\",\"item\":\"https:\/\/editorialmediterrania.com\/es\/tienda-de-libros-infantiles-arte\/\"},{\"@type\":\"ListItem\",\"position\":2,\"name\":\"Els teus somnis. Una can\u00e7\u00f3 contada de Sopa de Cabra\"}]},{\"@type\":\"WebSite\",\"@id\":\"https:\/\/editorialmediterrania.com\/es\/#website\",\"url\":\"https:\/\/editorialmediterrania.com\/es\/\",\"name\":\"Editorial Mediterrania\",\"description\":\"Llibres que t\u2019obriran nous mons\",\"publisher\":{\"@id\":\"https:\/\/editorialmediterrania.com\/es\/#organization\"},\"alternateName\":\"Llibres infantils d'art, cultura i natura\",\"potentialAction\":[{\"@type\":\"SearchAction\",\"target\":{\"@type\":\"EntryPoint\",\"urlTemplate\":\"https:\/\/editorialmediterrania.com\/es\/?s={search_term_string}\"},\"query-input\":\"required name=search_term_string\"}],\"inLanguage\":\"es\"},{\"@type\":\"Organization\",\"@id\":\"https:\/\/editorialmediterrania.com\/es\/#organization\",\"name\":\"Editorial Mediterrania\",\"alternateName\":\"Llibres d'art, cultura i natura per infants i fam\u00edlies\",\"url\":\"https:\/\/editorialmediterrania.com\/es\/\",\"logo\":{\"@type\":\"ImageObject\",\"inLanguage\":\"es\",\"@id\":\"https:\/\/editorialmediterrania.com\/es\/#\/schema\/logo\/image\/\",\"url\":\"https:\/\/editorialmediterrania.com\/wp-content\/uploads\/2023\/03\/LOGO-ED_MEDITERRANIA_OK-2.png\",\"contentUrl\":\"https:\/\/editorialmediterrania.com\/wp-content\/uploads\/2023\/03\/LOGO-ED_MEDITERRANIA_OK-2.png\",\"width\":1200,\"height\":300,\"caption\":\"Editorial Mediterrania\"},\"image\":{\"@id\":\"https:\/\/editorialmediterrania.com\/es\/#\/schema\/logo\/image\/\"},\"sameAs\":[\"https:\/\/x.com\/edmediterrania\",\"https:\/\/www.instagram.com\/editorialmediterrania\/\"]}]}<\/script>\n<!-- \/ Yoast SEO plugin. -->","yoast_head_json":{"title":"Els teus somnis. Una can\u00e7\u00f3 contada de Sopa de Cabra - Editorial Mediterr\u00e0nia","description":"\u00c9s un\u00a0conte infantil\u00a0que vol acompanyar-nos a l'hora d'anar a dormir i ens convida a parlar dels somnis, dels conscients i dels inconscients","robots":{"index":"index","follow":"follow","max-snippet":"max-snippet:-1","max-image-preview":"max-image-preview:large","max-video-preview":"max-video-preview:-1"},"canonical":"https:\/\/editorialmediterrania.com\/es\/producto\/els-teus-somnis-una-canco-contada-de-sopa-de-cabra\/","og_locale":"es_ES","og_type":"article","og_title":"Els teus somnis. Una can\u00e7\u00f3 contada de Sopa de Cabra - Editorial Mediterr\u00e0nia","og_description":"\u00c9s un\u00a0conte infantil\u00a0que vol acompanyar-nos a l'hora d'anar a dormir i ens convida a parlar dels somnis, dels conscients i dels inconscients","og_url":"https:\/\/editorialmediterrania.com\/es\/producto\/els-teus-somnis-una-canco-contada-de-sopa-de-cabra\/","og_site_name":"Editorial Mediterr\u00e0nia","article_modified_time":"2026-02-13T10:26:43+00:00","og_image":[{"width":480,"height":480,"url":"https:\/\/editorialmediterrania.com\/wp-content\/uploads\/2023\/12\/Els-teus-somnis-Sopa-de-cabra-editorial-nanit-coberta_480x.webp","type":"image\/webp"}],"twitter_card":"summary_large_image","twitter_site":"@edmediterrania","twitter_misc":{"Tiempo de lectura":"1 minuto"},"schema":{"@context":"https:\/\/schema.org","@graph":[{"@type":"WebPage","@id":"https:\/\/editorialmediterrania.com\/es\/producto\/els-teus-somnis-una-canco-contada-de-sopa-de-cabra\/","url":"https:\/\/editorialmediterrania.com\/es\/producto\/els-teus-somnis-una-canco-contada-de-sopa-de-cabra\/","name":"Els teus somnis. Una can\u00e7\u00f3 contada de Sopa de Cabra - Editorial Mediterr\u00e0nia","isPartOf":{"@id":"https:\/\/editorialmediterrania.com\/es\/#website"},"primaryImageOfPage":{"@id":"https:\/\/editorialmediterrania.com\/es\/producto\/els-teus-somnis-una-canco-contada-de-sopa-de-cabra\/#primaryimage"},"image":{"@id":"https:\/\/editorialmediterrania.com\/es\/producto\/els-teus-somnis-una-canco-contada-de-sopa-de-cabra\/#primaryimage"},"thumbnailUrl":"https:\/\/editorialmediterrania.com\/wp-content\/uploads\/2023\/12\/Els-teus-somnis-Sopa-de-cabra-editorial-nanit-coberta_480x.webp","datePublished":"2023-12-11T12:06:54+00:00","dateModified":"2026-02-13T10:26:43+00:00","description":"\u00c9s un\u00a0conte infantil\u00a0que vol acompanyar-nos a l'hora d'anar a dormir i ens convida a parlar dels somnis, dels conscients i dels inconscients","breadcrumb":{"@id":"https:\/\/editorialmediterrania.com\/es\/producto\/els-teus-somnis-una-canco-contada-de-sopa-de-cabra\/#breadcrumb"},"inLanguage":"es","potentialAction":[{"@type":"ReadAction","target":["https:\/\/editorialmediterrania.com\/es\/producto\/els-teus-somnis-una-canco-contada-de-sopa-de-cabra\/"]}]},{"@type":"ImageObject","inLanguage":"es","@id":"https:\/\/editorialmediterrania.com\/es\/producto\/els-teus-somnis-una-canco-contada-de-sopa-de-cabra\/#primaryimage","url":"https:\/\/editorialmediterrania.com\/wp-content\/uploads\/2023\/12\/Els-teus-somnis-Sopa-de-cabra-editorial-nanit-coberta_480x.webp","contentUrl":"https:\/\/editorialmediterrania.com\/wp-content\/uploads\/2023\/12\/Els-teus-somnis-Sopa-de-cabra-editorial-nanit-coberta_480x.webp","width":480,"height":480},{"@type":"BreadcrumbList","@id":"https:\/\/editorialmediterrania.com\/es\/producto\/els-teus-somnis-una-canco-contada-de-sopa-de-cabra\/#breadcrumb","itemListElement":[{"@type":"ListItem","position":1,"name":"Tienda de libros infantiles de arte","item":"https:\/\/editorialmediterrania.com\/es\/tienda-de-libros-infantiles-arte\/"},{"@type":"ListItem","position":2,"name":"Els teus somnis. Una can\u00e7\u00f3 contada de Sopa de Cabra"}]},{"@type":"WebSite","@id":"https:\/\/editorialmediterrania.com\/es\/#website","url":"https:\/\/editorialmediterrania.com\/es\/","name":"Editorial Mediterrania","description":"Llibres que t\u2019obriran nous mons","publisher":{"@id":"https:\/\/editorialmediterrania.com\/es\/#organization"},"alternateName":"Llibres infantils d'art, cultura i natura","potentialAction":[{"@type":"SearchAction","target":{"@type":"EntryPoint","urlTemplate":"https:\/\/editorialmediterrania.com\/es\/?s={search_term_string}"},"query-input":"required name=search_term_string"}],"inLanguage":"es"},{"@type":"Organization","@id":"https:\/\/editorialmediterrania.com\/es\/#organization","name":"Editorial Mediterrania","alternateName":"Llibres d'art, cultura i natura per infants i fam\u00edlies","url":"https:\/\/editorialmediterrania.com\/es\/","logo":{"@type":"ImageObject","inLanguage":"es","@id":"https:\/\/editorialmediterrania.com\/es\/#\/schema\/logo\/image\/","url":"https:\/\/editorialmediterrania.com\/wp-content\/uploads\/2023\/03\/LOGO-ED_MEDITERRANIA_OK-2.png","contentUrl":"https:\/\/editorialmediterrania.com\/wp-content\/uploads\/2023\/03\/LOGO-ED_MEDITERRANIA_OK-2.png","width":1200,"height":300,"caption":"Editorial Mediterrania"},"image":{"@id":"https:\/\/editorialmediterrania.com\/es\/#\/schema\/logo\/image\/"},"sameAs":["https:\/\/x.com\/edmediterrania","https:\/\/www.instagram.com\/editorialmediterrania\/"]}]}},"_links":{"self":[{"href":"https:\/\/editorialmediterrania.com\/es\/wp-json\/wp\/v2\/product\/42505","targetHints":{"allow":["GET"]}}],"collection":[{"href":"https:\/\/editorialmediterrania.com\/es\/wp-json\/wp\/v2\/product"}],"about":[{"href":"https:\/\/editorialmediterrania.com\/es\/wp-json\/wp\/v2\/types\/product"}],"wp:featuredmedia":[{"embeddable":true,"href":"https:\/\/editorialmediterrania.com\/es\/wp-json\/wp\/v2\/media\/42506"}],"wp:attachment":[{"href":"https:\/\/editorialmediterrania.com\/es\/wp-json\/wp\/v2\/media?parent=42505"}],"wp:term":[{"taxonomy":"product_cat","embeddable":true,"href":"https:\/\/editorialmediterrania.com\/es\/wp-json\/wp\/v2\/product_cat?post=42505"},{"taxonomy":"product_tag","embeddable":true,"href":"https:\/\/editorialmediterrania.com\/es\/wp-json\/wp\/v2\/product_tag?post=42505"},{"taxonomy":"autors","embeddable":true,"href":"https:\/\/editorialmediterrania.com\/es\/wp-json\/wp\/v2\/autors?post=42505"}],"curies":[{"name":"wp","href":"https:\/\/api.w.org\/{rel}","templated":true}]}}