{"id":42512,"date":"2023-12-11T13:12:46","date_gmt":"2023-12-11T12:12:46","guid":{"rendered":"https:\/\/editorialmediterrania.com\/?post_type=product&#038;p=42512"},"modified":"2026-02-13T11:26:10","modified_gmt":"2026-02-13T10:26:10","slug":"lequilibrista-una-canco-contada-de-la-tresca-i-la-verdesca","status":"publish","type":"product","link":"https:\/\/editorialmediterrania.com\/es\/producto\/lequilibrista-una-canco-contada-de-la-tresca-i-la-verdesca\/","title":{"rendered":"L&#8217;Equilibrista. Una can\u00e7\u00f3 contada de La Tresca i la Verdesca"},"content":{"rendered":"<h2>Un trosset del conte&#8230;<\/h2>\n<p><a href=\"https:\/\/editorialmediterrania.com\/wp-content\/uploads\/2023\/12\/conte-equilibrista-editorial-nanit-la-tresca-1_480x480.webp\"><img decoding=\"async\" class=\"alignnone size-medium wp-image-42513\" src=\"https:\/\/editorialmediterrania.com\/wp-content\/uploads\/2023\/12\/conte-equilibrista-editorial-nanit-la-tresca-1_480x480-300x150.webp\" alt=\"\" width=\"300\" height=\"150\" srcset=\"https:\/\/editorialmediterrania.com\/wp-content\/uploads\/2023\/12\/conte-equilibrista-editorial-nanit-la-tresca-1_480x480-300x150.webp 300w, https:\/\/editorialmediterrania.com\/wp-content\/uploads\/2023\/12\/conte-equilibrista-editorial-nanit-la-tresca-1_480x480.webp 480w\" sizes=\"(max-width: 300px) 100vw, 300px\" \/><\/a> <a href=\"https:\/\/editorialmediterrania.com\/wp-content\/uploads\/2023\/12\/conte-equilibrista-editorial-nanit-la-tresca-2_480x480.webp\"><img decoding=\"async\" class=\"alignnone size-medium wp-image-42516\" src=\"https:\/\/editorialmediterrania.com\/wp-content\/uploads\/2023\/12\/conte-equilibrista-editorial-nanit-la-tresca-2_480x480-300x150.webp\" alt=\"\" width=\"300\" height=\"150\" srcset=\"https:\/\/editorialmediterrania.com\/wp-content\/uploads\/2023\/12\/conte-equilibrista-editorial-nanit-la-tresca-2_480x480-300x150.webp 300w, https:\/\/editorialmediterrania.com\/wp-content\/uploads\/2023\/12\/conte-equilibrista-editorial-nanit-la-tresca-2_480x480.webp 480w\" sizes=\"(max-width: 300px) 100vw, 300px\" \/><\/a> <a href=\"https:\/\/editorialmediterrania.com\/wp-content\/uploads\/2023\/12\/conte-equilibrista-editorial-nanit-la-tresca-3_480x480.webp\"><img decoding=\"async\" class=\"alignnone size-medium wp-image-42519\" src=\"https:\/\/editorialmediterrania.com\/wp-content\/uploads\/2023\/12\/conte-equilibrista-editorial-nanit-la-tresca-3_480x480-300x150.webp\" alt=\"\" width=\"300\" height=\"150\" srcset=\"https:\/\/editorialmediterrania.com\/wp-content\/uploads\/2023\/12\/conte-equilibrista-editorial-nanit-la-tresca-3_480x480-300x150.webp 300w, https:\/\/editorialmediterrania.com\/wp-content\/uploads\/2023\/12\/conte-equilibrista-editorial-nanit-la-tresca-3_480x480.webp 480w\" sizes=\"(max-width: 300px) 100vw, 300px\" \/><\/a><\/p>\n<h2>Sabies que&#8230;<\/h2>\n<ul>\n<li><strong>Pots escoltar\u00a0la can\u00e7\u00f3<\/strong>\u00a0a\u00a0<a title=\"L'Equilibrista a Youtube\" href=\"https:\/\/youtu.be\/zr0heoR68rQ\" target=\"_blank\" rel=\"noopener\"><strong>Youtube<\/strong><\/a>\u00a0i a\u00a0<strong><a title=\"L'Equilibrista a Spotify\" href=\"https:\/\/open.spotify.com\/track\/21V0DKFrh1AJuH5XSto8ZF\" target=\"_blank\" rel=\"noopener\">Spotify<\/a><a title=\"Tu fas a Spotify\" href=\"https:\/\/open.spotify.com\/track\/6B7D9kV1WopAzVGCi6qokk?si=dFnToeDrQgCpJIx79wTpMw\" target=\"_blank\" rel=\"noopener\">.<\/a><\/strong><\/li>\n<li><strong>T&#8217;oferim activitats per fer a casa<\/strong> relacionades amb el conte. <strong>Descarrega-les gratu\u00eftament:<\/strong>\n<ul>\n<li>La\u00a0Merc\u00e8 Gal\u00ed ha dibuixat un elefant sense potes i el nostre equilibrista hi est\u00e0 dormint a sobre. Ai, que caur\u00e0 si no les hi dibuixeu.\u00a0<a href=\"https:\/\/editorialmediterrania.com\/wp-content\/uploads\/2023\/12\/conte-equilibrista-editorial-nanit-dibuix-per-pintar-elefant.pdf\" target=\"_blank\" rel=\"noopener\"><strong>Descarregueu el pdf.<\/strong><\/a><\/li>\n<li>Demanar perd\u00f3 no sempre \u00e9s f\u00e0cil i de vegades \u00e9s millor fer-ho per escrit. Si voleu, aqu\u00ed teniu un dibuix per pintar i demanar perd\u00f3.\u00a0<a href=\"https:\/\/editorialmediterrania.com\/wp-content\/uploads\/2023\/12\/conte-equilibrista-editorial-nanit-dibuix-per-demanar-perdo.pdf\" target=\"_blank\" rel=\"noopener\"><strong>Descarregueu-lo aqu\u00ed.<\/strong><\/a><\/li>\n<\/ul>\n<\/li>\n<li>Gr\u00e0cies a la teva compra,\u00a0<strong>col\u00b7laborem amb diferents projectes solidaris<\/strong>.<\/li>\n<\/ul>\n","protected":false},"excerpt":{"rendered":"<p><strong>L&#8217;Equilibrista<\/strong>\u00a0\u00e9s un conte basat en la can\u00e7\u00f3 hom\u00f2nima de\u00a0<a href=\"https:\/\/latresca.com\/\" target=\"_blank\" rel=\"noopener\"><strong>La Tresca i la Verdesca<\/strong><\/a>.<\/p>\n<p><strong>Il\u00b7lustrat i adaptat<\/strong>\u00a0per\u00a0<strong>Merc\u00e8 Gal\u00ed<\/strong>.<\/p>\n<p>Aquest<strong>\u00a0conte infantil\u00a0<\/strong>explica la hist\u00f2ria d\u2019un equilibrista, una mica maldestre, que mulla tots els seus companys i companyes del circ. Ai, ai, qu\u00e8 passar\u00e0 quan baixi de la corda fluixa?<\/p>\n<p><strong>Aquest \u00e9s un conte que parla de\u00a0<\/strong>riure amb la boca oberta, de fer equip i de perdonar els errors amb una riallada.<\/p>\n<p>Tamb\u00e9 vol ser\u00a0<strong>un conte reivindicatiu<\/strong>, que vol normalitzar la pres\u00e8ncia femenina dins del m\u00f3n del circ, per aix\u00f2 compta amb una cloenda de la pallassa\u00a0<a title=\"peplana.com\" href=\"http:\/\/pepaplana.com\/\" target=\"_blank\" rel=\"noopener\"><strong>Pepa Plana<\/strong>.<\/a><\/p>\n","protected":false},"featured_media":42522,"template":"","meta":[],"product_cat":[6500],"product_tag":[6513],"autors":[],"class_list":{"0":"post-42512","1":"product","2":"type-product","3":"status-publish","4":"has-post-thumbnail","6":"product_cat-nanit","7":"product_tag-la-tresca-i-la-verdesca","9":"first","10":"instock","11":"taxable","12":"shipping-taxable","13":"purchasable","14":"product-type-simple","swatches":"rey-swatches","show_selected":""},"acf":[],"yoast_head":"<!-- This site is optimized with the Yoast SEO plugin v22.8 - https:\/\/yoast.com\/wordpress\/plugins\/seo\/ -->\n<title>L&#039;Equilibrista. Una can\u00e7\u00f3 contada de La Tresca i la Verdesca - Editorial Mediterr\u00e0nia<\/title>\n<meta name=\"description\" content=\"Aquest \u00e9s un conte que parla de\u00a0riure amb la boca oberta, de fer equip i de perdonar els errors amb una riallada.\" \/>\n<meta name=\"robots\" content=\"index, follow, max-snippet:-1, max-image-preview:large, max-video-preview:-1\" \/>\n<link rel=\"canonical\" href=\"https:\/\/editorialmediterrania.com\/es\/producto\/lequilibrista-una-canco-contada-de-la-tresca-i-la-verdesca\/\" \/>\n<meta property=\"og:locale\" content=\"es_ES\" \/>\n<meta property=\"og:type\" content=\"article\" \/>\n<meta property=\"og:title\" content=\"L&#039;Equilibrista. Una can\u00e7\u00f3 contada de La Tresca i la Verdesca - Editorial Mediterr\u00e0nia\" \/>\n<meta property=\"og:description\" content=\"Aquest \u00e9s un conte que parla de\u00a0riure amb la boca oberta, de fer equip i de perdonar els errors amb una riallada.\" \/>\n<meta property=\"og:url\" content=\"https:\/\/editorialmediterrania.com\/es\/producto\/lequilibrista-una-canco-contada-de-la-tresca-i-la-verdesca\/\" \/>\n<meta property=\"og:site_name\" content=\"Editorial Mediterr\u00e0nia\" \/>\n<meta property=\"article:modified_time\" content=\"2026-02-13T10:26:10+00:00\" \/>\n<meta property=\"og:image\" content=\"https:\/\/editorialmediterrania.com\/wp-content\/uploads\/2023\/12\/L_EQUILIBRISTA_coberta.jpg\" \/>\n\t<meta property=\"og:image:width\" content=\"943\" \/>\n\t<meta property=\"og:image:height\" content=\"993\" \/>\n\t<meta property=\"og:image:type\" content=\"image\/jpeg\" \/>\n<meta name=\"twitter:card\" content=\"summary_large_image\" \/>\n<meta name=\"twitter:site\" content=\"@edmediterrania\" \/>\n<meta name=\"twitter:label1\" content=\"Tiempo de lectura\" \/>\n\t<meta name=\"twitter:data1\" content=\"2 minutos\" \/>\n<script type=\"application\/ld+json\" class=\"yoast-schema-graph\">{\"@context\":\"https:\/\/schema.org\",\"@graph\":[{\"@type\":\"WebPage\",\"@id\":\"https:\/\/editorialmediterrania.com\/es\/producto\/lequilibrista-una-canco-contada-de-la-tresca-i-la-verdesca\/\",\"url\":\"https:\/\/editorialmediterrania.com\/es\/producto\/lequilibrista-una-canco-contada-de-la-tresca-i-la-verdesca\/\",\"name\":\"L'Equilibrista. Una can\u00e7\u00f3 contada de La Tresca i la Verdesca - Editorial Mediterr\u00e0nia\",\"isPartOf\":{\"@id\":\"https:\/\/editorialmediterrania.com\/es\/#website\"},\"primaryImageOfPage\":{\"@id\":\"https:\/\/editorialmediterrania.com\/es\/producto\/lequilibrista-una-canco-contada-de-la-tresca-i-la-verdesca\/#primaryimage\"},\"image\":{\"@id\":\"https:\/\/editorialmediterrania.com\/es\/producto\/lequilibrista-una-canco-contada-de-la-tresca-i-la-verdesca\/#primaryimage\"},\"thumbnailUrl\":\"https:\/\/editorialmediterrania.com\/wp-content\/uploads\/2023\/12\/L_EQUILIBRISTA_coberta.jpg\",\"datePublished\":\"2023-12-11T12:12:46+00:00\",\"dateModified\":\"2026-02-13T10:26:10+00:00\",\"description\":\"Aquest \u00e9s un conte que parla de\u00a0riure amb la boca oberta, de fer equip i de perdonar els errors amb una riallada.\",\"breadcrumb\":{\"@id\":\"https:\/\/editorialmediterrania.com\/es\/producto\/lequilibrista-una-canco-contada-de-la-tresca-i-la-verdesca\/#breadcrumb\"},\"inLanguage\":\"es\",\"potentialAction\":[{\"@type\":\"ReadAction\",\"target\":[\"https:\/\/editorialmediterrania.com\/es\/producto\/lequilibrista-una-canco-contada-de-la-tresca-i-la-verdesca\/\"]}]},{\"@type\":\"ImageObject\",\"inLanguage\":\"es\",\"@id\":\"https:\/\/editorialmediterrania.com\/es\/producto\/lequilibrista-una-canco-contada-de-la-tresca-i-la-verdesca\/#primaryimage\",\"url\":\"https:\/\/editorialmediterrania.com\/wp-content\/uploads\/2023\/12\/L_EQUILIBRISTA_coberta.jpg\",\"contentUrl\":\"https:\/\/editorialmediterrania.com\/wp-content\/uploads\/2023\/12\/L_EQUILIBRISTA_coberta.jpg\",\"width\":943,\"height\":993},{\"@type\":\"BreadcrumbList\",\"@id\":\"https:\/\/editorialmediterrania.com\/es\/producto\/lequilibrista-una-canco-contada-de-la-tresca-i-la-verdesca\/#breadcrumb\",\"itemListElement\":[{\"@type\":\"ListItem\",\"position\":1,\"name\":\"Tienda de libros infantiles de arte\",\"item\":\"https:\/\/editorialmediterrania.com\/es\/tienda-de-libros-infantiles-arte\/\"},{\"@type\":\"ListItem\",\"position\":2,\"name\":\"L&#8217;Equilibrista. Una can\u00e7\u00f3 contada de La Tresca i la Verdesca\"}]},{\"@type\":\"WebSite\",\"@id\":\"https:\/\/editorialmediterrania.com\/es\/#website\",\"url\":\"https:\/\/editorialmediterrania.com\/es\/\",\"name\":\"Editorial Mediterrania\",\"description\":\"Llibres que t\u2019obriran nous mons\",\"publisher\":{\"@id\":\"https:\/\/editorialmediterrania.com\/es\/#organization\"},\"alternateName\":\"Llibres infantils d'art, cultura i natura\",\"potentialAction\":[{\"@type\":\"SearchAction\",\"target\":{\"@type\":\"EntryPoint\",\"urlTemplate\":\"https:\/\/editorialmediterrania.com\/es\/?s={search_term_string}\"},\"query-input\":\"required name=search_term_string\"}],\"inLanguage\":\"es\"},{\"@type\":\"Organization\",\"@id\":\"https:\/\/editorialmediterrania.com\/es\/#organization\",\"name\":\"Editorial Mediterrania\",\"alternateName\":\"Llibres d'art, cultura i natura per infants i fam\u00edlies\",\"url\":\"https:\/\/editorialmediterrania.com\/es\/\",\"logo\":{\"@type\":\"ImageObject\",\"inLanguage\":\"es\",\"@id\":\"https:\/\/editorialmediterrania.com\/es\/#\/schema\/logo\/image\/\",\"url\":\"https:\/\/editorialmediterrania.com\/wp-content\/uploads\/2023\/03\/LOGO-ED_MEDITERRANIA_OK-2.png\",\"contentUrl\":\"https:\/\/editorialmediterrania.com\/wp-content\/uploads\/2023\/03\/LOGO-ED_MEDITERRANIA_OK-2.png\",\"width\":1200,\"height\":300,\"caption\":\"Editorial Mediterrania\"},\"image\":{\"@id\":\"https:\/\/editorialmediterrania.com\/es\/#\/schema\/logo\/image\/\"},\"sameAs\":[\"https:\/\/x.com\/edmediterrania\",\"https:\/\/www.instagram.com\/editorialmediterrania\/\"]}]}<\/script>\n<!-- \/ Yoast SEO plugin. -->","yoast_head_json":{"title":"L'Equilibrista. Una can\u00e7\u00f3 contada de La Tresca i la Verdesca - Editorial Mediterr\u00e0nia","description":"Aquest \u00e9s un conte que parla de\u00a0riure amb la boca oberta, de fer equip i de perdonar els errors amb una riallada.","robots":{"index":"index","follow":"follow","max-snippet":"max-snippet:-1","max-image-preview":"max-image-preview:large","max-video-preview":"max-video-preview:-1"},"canonical":"https:\/\/editorialmediterrania.com\/es\/producto\/lequilibrista-una-canco-contada-de-la-tresca-i-la-verdesca\/","og_locale":"es_ES","og_type":"article","og_title":"L'Equilibrista. Una can\u00e7\u00f3 contada de La Tresca i la Verdesca - Editorial Mediterr\u00e0nia","og_description":"Aquest \u00e9s un conte que parla de\u00a0riure amb la boca oberta, de fer equip i de perdonar els errors amb una riallada.","og_url":"https:\/\/editorialmediterrania.com\/es\/producto\/lequilibrista-una-canco-contada-de-la-tresca-i-la-verdesca\/","og_site_name":"Editorial Mediterr\u00e0nia","article_modified_time":"2026-02-13T10:26:10+00:00","og_image":[{"width":943,"height":993,"url":"https:\/\/editorialmediterrania.com\/wp-content\/uploads\/2023\/12\/L_EQUILIBRISTA_coberta.jpg","type":"image\/jpeg"}],"twitter_card":"summary_large_image","twitter_site":"@edmediterrania","twitter_misc":{"Tiempo de lectura":"2 minutos"},"schema":{"@context":"https:\/\/schema.org","@graph":[{"@type":"WebPage","@id":"https:\/\/editorialmediterrania.com\/es\/producto\/lequilibrista-una-canco-contada-de-la-tresca-i-la-verdesca\/","url":"https:\/\/editorialmediterrania.com\/es\/producto\/lequilibrista-una-canco-contada-de-la-tresca-i-la-verdesca\/","name":"L'Equilibrista. Una can\u00e7\u00f3 contada de La Tresca i la Verdesca - Editorial Mediterr\u00e0nia","isPartOf":{"@id":"https:\/\/editorialmediterrania.com\/es\/#website"},"primaryImageOfPage":{"@id":"https:\/\/editorialmediterrania.com\/es\/producto\/lequilibrista-una-canco-contada-de-la-tresca-i-la-verdesca\/#primaryimage"},"image":{"@id":"https:\/\/editorialmediterrania.com\/es\/producto\/lequilibrista-una-canco-contada-de-la-tresca-i-la-verdesca\/#primaryimage"},"thumbnailUrl":"https:\/\/editorialmediterrania.com\/wp-content\/uploads\/2023\/12\/L_EQUILIBRISTA_coberta.jpg","datePublished":"2023-12-11T12:12:46+00:00","dateModified":"2026-02-13T10:26:10+00:00","description":"Aquest \u00e9s un conte que parla de\u00a0riure amb la boca oberta, de fer equip i de perdonar els errors amb una riallada.","breadcrumb":{"@id":"https:\/\/editorialmediterrania.com\/es\/producto\/lequilibrista-una-canco-contada-de-la-tresca-i-la-verdesca\/#breadcrumb"},"inLanguage":"es","potentialAction":[{"@type":"ReadAction","target":["https:\/\/editorialmediterrania.com\/es\/producto\/lequilibrista-una-canco-contada-de-la-tresca-i-la-verdesca\/"]}]},{"@type":"ImageObject","inLanguage":"es","@id":"https:\/\/editorialmediterrania.com\/es\/producto\/lequilibrista-una-canco-contada-de-la-tresca-i-la-verdesca\/#primaryimage","url":"https:\/\/editorialmediterrania.com\/wp-content\/uploads\/2023\/12\/L_EQUILIBRISTA_coberta.jpg","contentUrl":"https:\/\/editorialmediterrania.com\/wp-content\/uploads\/2023\/12\/L_EQUILIBRISTA_coberta.jpg","width":943,"height":993},{"@type":"BreadcrumbList","@id":"https:\/\/editorialmediterrania.com\/es\/producto\/lequilibrista-una-canco-contada-de-la-tresca-i-la-verdesca\/#breadcrumb","itemListElement":[{"@type":"ListItem","position":1,"name":"Tienda de libros infantiles de arte","item":"https:\/\/editorialmediterrania.com\/es\/tienda-de-libros-infantiles-arte\/"},{"@type":"ListItem","position":2,"name":"L&#8217;Equilibrista. Una can\u00e7\u00f3 contada de La Tresca i la Verdesca"}]},{"@type":"WebSite","@id":"https:\/\/editorialmediterrania.com\/es\/#website","url":"https:\/\/editorialmediterrania.com\/es\/","name":"Editorial Mediterrania","description":"Llibres que t\u2019obriran nous mons","publisher":{"@id":"https:\/\/editorialmediterrania.com\/es\/#organization"},"alternateName":"Llibres infantils d'art, cultura i natura","potentialAction":[{"@type":"SearchAction","target":{"@type":"EntryPoint","urlTemplate":"https:\/\/editorialmediterrania.com\/es\/?s={search_term_string}"},"query-input":"required name=search_term_string"}],"inLanguage":"es"},{"@type":"Organization","@id":"https:\/\/editorialmediterrania.com\/es\/#organization","name":"Editorial Mediterrania","alternateName":"Llibres d'art, cultura i natura per infants i fam\u00edlies","url":"https:\/\/editorialmediterrania.com\/es\/","logo":{"@type":"ImageObject","inLanguage":"es","@id":"https:\/\/editorialmediterrania.com\/es\/#\/schema\/logo\/image\/","url":"https:\/\/editorialmediterrania.com\/wp-content\/uploads\/2023\/03\/LOGO-ED_MEDITERRANIA_OK-2.png","contentUrl":"https:\/\/editorialmediterrania.com\/wp-content\/uploads\/2023\/03\/LOGO-ED_MEDITERRANIA_OK-2.png","width":1200,"height":300,"caption":"Editorial Mediterrania"},"image":{"@id":"https:\/\/editorialmediterrania.com\/es\/#\/schema\/logo\/image\/"},"sameAs":["https:\/\/x.com\/edmediterrania","https:\/\/www.instagram.com\/editorialmediterrania\/"]}]}},"_links":{"self":[{"href":"https:\/\/editorialmediterrania.com\/es\/wp-json\/wp\/v2\/product\/42512","targetHints":{"allow":["GET"]}}],"collection":[{"href":"https:\/\/editorialmediterrania.com\/es\/wp-json\/wp\/v2\/product"}],"about":[{"href":"https:\/\/editorialmediterrania.com\/es\/wp-json\/wp\/v2\/types\/product"}],"wp:featuredmedia":[{"embeddable":true,"href":"https:\/\/editorialmediterrania.com\/es\/wp-json\/wp\/v2\/media\/42522"}],"wp:attachment":[{"href":"https:\/\/editorialmediterrania.com\/es\/wp-json\/wp\/v2\/media?parent=42512"}],"wp:term":[{"taxonomy":"product_cat","embeddable":true,"href":"https:\/\/editorialmediterrania.com\/es\/wp-json\/wp\/v2\/product_cat?post=42512"},{"taxonomy":"product_tag","embeddable":true,"href":"https:\/\/editorialmediterrania.com\/es\/wp-json\/wp\/v2\/product_tag?post=42512"},{"taxonomy":"autors","embeddable":true,"href":"https:\/\/editorialmediterrania.com\/es\/wp-json\/wp\/v2\/autors?post=42512"}],"curies":[{"name":"wp","href":"https:\/\/api.w.org\/{rel}","templated":true}]}}