{"id":42544,"date":"2023-12-11T13:27:22","date_gmt":"2023-12-11T12:27:22","guid":{"rendered":"https:\/\/editorialmediterrania.com\/?post_type=product&#038;p=42544"},"modified":"2026-01-08T15:01:33","modified_gmt":"2026-01-08T14:01:33","slug":"el-gat-rumberu-una-canco-contada-de-la-pegatina","status":"publish","type":"product","link":"https:\/\/editorialmediterrania.com\/es\/producto\/el-gat-rumberu-una-canco-contada-de-la-pegatina\/","title":{"rendered":"El gat rumberu. Una can\u00e7\u00f3 contada de La Pegatina"},"content":{"rendered":"<h2>Dona una ullada al conte<\/h2>\n<p><strong><a href=\"https:\/\/editorialmediterrania.com\/wp-content\/uploads\/2023\/12\/el-gat-rumberu-la-pegatina-editorial-nanit-issuu.pdf\" target=\"_blank\" rel=\"noopener\">Descarrega el pdf aqu\u00ed.<\/a><\/strong><\/p>\n<h2>Sabies que&#8230;<\/h2>\n<p><strong>Pots escoltar\u00a0la can\u00e7\u00f3<\/strong>\u00a0a\u00a0<a title=\"El gat rumberu a Youtube\" href=\"https:\/\/youtu.be\/XYKeFkKmSt4\" target=\"_blank\" rel=\"noopener\"><strong>Youtube<\/strong><\/a>\u00a0i a\u00a0<strong><a title=\"El gat rumberu a Spotify\" href=\"https:\/\/open.spotify.com\/track\/08DYb8t9TaKxkiU2bzn0Nc?si=2ca0709364e248b4\" target=\"_blank\" rel=\"noopener\">Spotify<\/a><a title=\"Tu fas a Spotify\" href=\"https:\/\/open.spotify.com\/track\/6B7D9kV1WopAzVGCi6qokk?si=dFnToeDrQgCpJIx79wTpMw\" target=\"_blank\" rel=\"noopener\">.<\/a><\/strong><\/p>\n<p><strong>T&#8217;oferim activitats per fer a casa<\/strong> relacionades amb el conte. <strong>Descarrega-les gratu\u00eftament:<\/strong><\/p>\n<ul>\n<li>L&#8217;Anna Aparicio Catal\u00e0 us ha preparat una de les il\u00b7lustracions del conte per pintar. Passeu-ho b\u00e9 posant-hi tants colors com vulgueu!\u00a0<a href=\"https:\/\/editorialmediterrania.com\/wp-content\/uploads\/2023\/12\/editorial-nanit-Gat-Rumberu-dibuix-per-pintar.pdf\" target=\"_blank\" rel=\"noopener\"><strong>Descarregueu el pdf.<\/strong><\/a><\/li>\n<li>El nostre gat \u00e9s m\u00fasic i li encanten els instruments. Sabr\u00edeu dibuixar una guitarra? Nosaltres us hem comen\u00e7at el dibuix, us toca acabar-lo i, si voleu, dibuixar-ne d&#8217;altres. Quins instruments tindria la vostra banda ideal?\u00a0<a href=\"https:\/\/editorialmediterrania.com\/wp-content\/uploads\/2023\/12\/editorial-nanit-Gat-Rumberu-guitarra-per-dibuixar.pdf\" target=\"_blank\" rel=\"noopener\"><strong>Descarregueu-ho aqu\u00ed.<\/strong><\/a><\/li>\n<li>Aqu\u00ed us podeu descarregar el solucionari de les activitats que us proposem al final del conte. Ja heu jugat a fer rimes i heu comptat gats?<strong>\u00a0<a href=\"https:\/\/editorialmediterrania.com\/wp-content\/uploads\/2023\/12\/solucionari-final-conte-gat-rumberu.-la-pegatina-editorial-nanit.pdf\" target=\"_blank\" rel=\"noopener\">Descarregueu el solucionari.<\/a><\/strong><\/li>\n<\/ul>\n<p>Gr\u00e0cies a la teva compra,\u00a0<strong>col\u00b7laborem amb diferents projectes solidaris<\/strong>.<\/p>\n","protected":false},"excerpt":{"rendered":"<p><strong>El\u00a0gat rumberu<\/strong>\u00a0\u00e9s un conte basat en la can\u00e7\u00f3 hom\u00f2nima de\u00a0<strong>La Pegatina<\/strong>.<\/p>\n<p>\u00c9s un\u00a0<strong>conte infantil<\/strong>\u00a0que\u00a0ens explica la hist\u00f2ria d&#8217;un gat, una mica entremaliat, que prova diferents oficis i al final decideix fer-se m\u00fasic per fer ballar tot el m\u00f3n al so de la seva guitarra. Un conte per parlar de qu\u00e8 volem ser, qu\u00e8 ens agrada i poder riure amb aquest gat tan poc usual.<\/p>\n<p>Les il\u00b7lustracions s\u00f3n\u00a0d&#8217;<strong>Anna Aparicio Catal\u00e0<\/strong>\u00a0i s\u00f3n finalistes al concurs per a joves il\u00b7lustradors,\u00a0<a title=\"ves al web de la Golden Pinwheel\" href=\"http:\/\/www.ccbfgoldenpinwheel.com.cn\/en\" target=\"_blank\" rel=\"noopener\"><strong>Golden Pinwheel<\/strong><\/a>\u00a0de la Xina.<\/p>\n","protected":false},"featured_media":42548,"template":"","meta":[],"product_cat":[6505],"product_tag":[],"autors":[],"class_list":{"0":"post-42544","1":"product","2":"type-product","3":"status-publish","4":"has-post-thumbnail","6":"product_cat-nanit-es","8":"first","9":"instock","10":"taxable","11":"shipping-taxable","12":"purchasable","13":"product-type-simple","swatches":"rey-swatches","show_selected":""},"acf":[],"yoast_head":"<!-- This site is optimized with the Yoast SEO plugin v22.8 - https:\/\/yoast.com\/wordpress\/plugins\/seo\/ -->\n<title>El gat rumberu. Una can\u00e7\u00f3 contada de La Pegatina - Editorial Mediterr\u00e0nia<\/title>\n<meta name=\"description\" content=\"\u00c9s un\u00a0conte infantil\u00a0que\u00a0ens explica la hist\u00f2ria d&#039;un gat, una mica entremaliat, que prova diferents oficis i al final decideix fer-se m\u00fasic per fer ballar\" \/>\n<meta name=\"robots\" content=\"index, follow, max-snippet:-1, max-image-preview:large, max-video-preview:-1\" \/>\n<link rel=\"canonical\" href=\"https:\/\/editorialmediterrania.com\/es\/producto\/el-gat-rumberu-una-canco-contada-de-la-pegatina\/\" \/>\n<meta property=\"og:locale\" content=\"es_ES\" \/>\n<meta property=\"og:type\" content=\"article\" \/>\n<meta property=\"og:title\" content=\"El gat rumberu. Una can\u00e7\u00f3 contada de La Pegatina - Editorial Mediterr\u00e0nia\" \/>\n<meta property=\"og:description\" content=\"\u00c9s un\u00a0conte infantil\u00a0que\u00a0ens explica la hist\u00f2ria d&#039;un gat, una mica entremaliat, que prova diferents oficis i al final decideix fer-se m\u00fasic per fer ballar\" \/>\n<meta property=\"og:url\" content=\"https:\/\/editorialmediterrania.com\/es\/producto\/el-gat-rumberu-una-canco-contada-de-la-pegatina\/\" \/>\n<meta property=\"og:site_name\" content=\"Editorial Mediterr\u00e0nia\" \/>\n<meta property=\"article:modified_time\" content=\"2026-01-08T14:01:33+00:00\" \/>\n<meta property=\"og:image\" content=\"https:\/\/editorialmediterrania.com\/wp-content\/uploads\/2023\/12\/gat-rumberu_la-pegatina_conte-editorial-nanit-COBERTA_480x.webp\" \/>\n\t<meta property=\"og:image:width\" content=\"480\" \/>\n\t<meta property=\"og:image:height\" content=\"480\" \/>\n\t<meta property=\"og:image:type\" content=\"image\/webp\" \/>\n<meta name=\"twitter:card\" content=\"summary_large_image\" \/>\n<meta name=\"twitter:site\" content=\"@edmediterrania\" \/>\n<meta name=\"twitter:label1\" content=\"Tiempo de lectura\" \/>\n\t<meta name=\"twitter:data1\" content=\"1 minuto\" \/>\n<script type=\"application\/ld+json\" class=\"yoast-schema-graph\">{\"@context\":\"https:\/\/schema.org\",\"@graph\":[{\"@type\":\"WebPage\",\"@id\":\"https:\/\/editorialmediterrania.com\/es\/producto\/el-gat-rumberu-una-canco-contada-de-la-pegatina\/\",\"url\":\"https:\/\/editorialmediterrania.com\/es\/producto\/el-gat-rumberu-una-canco-contada-de-la-pegatina\/\",\"name\":\"El gat rumberu. Una can\u00e7\u00f3 contada de La Pegatina - Editorial Mediterr\u00e0nia\",\"isPartOf\":{\"@id\":\"https:\/\/editorialmediterrania.com\/es\/#website\"},\"primaryImageOfPage\":{\"@id\":\"https:\/\/editorialmediterrania.com\/es\/producto\/el-gat-rumberu-una-canco-contada-de-la-pegatina\/#primaryimage\"},\"image\":{\"@id\":\"https:\/\/editorialmediterrania.com\/es\/producto\/el-gat-rumberu-una-canco-contada-de-la-pegatina\/#primaryimage\"},\"thumbnailUrl\":\"https:\/\/editorialmediterrania.com\/wp-content\/uploads\/2023\/12\/gat-rumberu_la-pegatina_conte-editorial-nanit-COBERTA_480x.webp\",\"datePublished\":\"2023-12-11T12:27:22+00:00\",\"dateModified\":\"2026-01-08T14:01:33+00:00\",\"description\":\"\u00c9s un\u00a0conte infantil\u00a0que\u00a0ens explica la hist\u00f2ria d'un gat, una mica entremaliat, que prova diferents oficis i al final decideix fer-se m\u00fasic per fer ballar\",\"breadcrumb\":{\"@id\":\"https:\/\/editorialmediterrania.com\/es\/producto\/el-gat-rumberu-una-canco-contada-de-la-pegatina\/#breadcrumb\"},\"inLanguage\":\"es\",\"potentialAction\":[{\"@type\":\"ReadAction\",\"target\":[\"https:\/\/editorialmediterrania.com\/es\/producto\/el-gat-rumberu-una-canco-contada-de-la-pegatina\/\"]}]},{\"@type\":\"ImageObject\",\"inLanguage\":\"es\",\"@id\":\"https:\/\/editorialmediterrania.com\/es\/producto\/el-gat-rumberu-una-canco-contada-de-la-pegatina\/#primaryimage\",\"url\":\"https:\/\/editorialmediterrania.com\/wp-content\/uploads\/2023\/12\/gat-rumberu_la-pegatina_conte-editorial-nanit-COBERTA_480x.webp\",\"contentUrl\":\"https:\/\/editorialmediterrania.com\/wp-content\/uploads\/2023\/12\/gat-rumberu_la-pegatina_conte-editorial-nanit-COBERTA_480x.webp\",\"width\":480,\"height\":480},{\"@type\":\"BreadcrumbList\",\"@id\":\"https:\/\/editorialmediterrania.com\/es\/producto\/el-gat-rumberu-una-canco-contada-de-la-pegatina\/#breadcrumb\",\"itemListElement\":[{\"@type\":\"ListItem\",\"position\":1,\"name\":\"Tienda de libros infantiles de arte\",\"item\":\"https:\/\/editorialmediterrania.com\/es\/tienda-de-libros-infantiles-arte\/\"},{\"@type\":\"ListItem\",\"position\":2,\"name\":\"El gat rumberu. Una can\u00e7\u00f3 contada de La Pegatina\"}]},{\"@type\":\"WebSite\",\"@id\":\"https:\/\/editorialmediterrania.com\/es\/#website\",\"url\":\"https:\/\/editorialmediterrania.com\/es\/\",\"name\":\"Editorial Mediterrania\",\"description\":\"Llibres que t\u2019obriran nous mons\",\"publisher\":{\"@id\":\"https:\/\/editorialmediterrania.com\/es\/#organization\"},\"alternateName\":\"Llibres infantils d'art, cultura i natura\",\"potentialAction\":[{\"@type\":\"SearchAction\",\"target\":{\"@type\":\"EntryPoint\",\"urlTemplate\":\"https:\/\/editorialmediterrania.com\/es\/?s={search_term_string}\"},\"query-input\":\"required name=search_term_string\"}],\"inLanguage\":\"es\"},{\"@type\":\"Organization\",\"@id\":\"https:\/\/editorialmediterrania.com\/es\/#organization\",\"name\":\"Editorial Mediterrania\",\"alternateName\":\"Llibres d'art, cultura i natura per infants i fam\u00edlies\",\"url\":\"https:\/\/editorialmediterrania.com\/es\/\",\"logo\":{\"@type\":\"ImageObject\",\"inLanguage\":\"es\",\"@id\":\"https:\/\/editorialmediterrania.com\/es\/#\/schema\/logo\/image\/\",\"url\":\"https:\/\/editorialmediterrania.com\/wp-content\/uploads\/2023\/03\/LOGO-ED_MEDITERRANIA_OK-2.png\",\"contentUrl\":\"https:\/\/editorialmediterrania.com\/wp-content\/uploads\/2023\/03\/LOGO-ED_MEDITERRANIA_OK-2.png\",\"width\":1200,\"height\":300,\"caption\":\"Editorial Mediterrania\"},\"image\":{\"@id\":\"https:\/\/editorialmediterrania.com\/es\/#\/schema\/logo\/image\/\"},\"sameAs\":[\"https:\/\/x.com\/edmediterrania\",\"https:\/\/www.instagram.com\/editorialmediterrania\/\"]}]}<\/script>\n<!-- \/ Yoast SEO plugin. -->","yoast_head_json":{"title":"El gat rumberu. Una can\u00e7\u00f3 contada de La Pegatina - Editorial Mediterr\u00e0nia","description":"\u00c9s un\u00a0conte infantil\u00a0que\u00a0ens explica la hist\u00f2ria d'un gat, una mica entremaliat, que prova diferents oficis i al final decideix fer-se m\u00fasic per fer ballar","robots":{"index":"index","follow":"follow","max-snippet":"max-snippet:-1","max-image-preview":"max-image-preview:large","max-video-preview":"max-video-preview:-1"},"canonical":"https:\/\/editorialmediterrania.com\/es\/producto\/el-gat-rumberu-una-canco-contada-de-la-pegatina\/","og_locale":"es_ES","og_type":"article","og_title":"El gat rumberu. Una can\u00e7\u00f3 contada de La Pegatina - Editorial Mediterr\u00e0nia","og_description":"\u00c9s un\u00a0conte infantil\u00a0que\u00a0ens explica la hist\u00f2ria d'un gat, una mica entremaliat, que prova diferents oficis i al final decideix fer-se m\u00fasic per fer ballar","og_url":"https:\/\/editorialmediterrania.com\/es\/producto\/el-gat-rumberu-una-canco-contada-de-la-pegatina\/","og_site_name":"Editorial Mediterr\u00e0nia","article_modified_time":"2026-01-08T14:01:33+00:00","og_image":[{"width":480,"height":480,"url":"https:\/\/editorialmediterrania.com\/wp-content\/uploads\/2023\/12\/gat-rumberu_la-pegatina_conte-editorial-nanit-COBERTA_480x.webp","type":"image\/webp"}],"twitter_card":"summary_large_image","twitter_site":"@edmediterrania","twitter_misc":{"Tiempo de lectura":"1 minuto"},"schema":{"@context":"https:\/\/schema.org","@graph":[{"@type":"WebPage","@id":"https:\/\/editorialmediterrania.com\/es\/producto\/el-gat-rumberu-una-canco-contada-de-la-pegatina\/","url":"https:\/\/editorialmediterrania.com\/es\/producto\/el-gat-rumberu-una-canco-contada-de-la-pegatina\/","name":"El gat rumberu. Una can\u00e7\u00f3 contada de La Pegatina - Editorial Mediterr\u00e0nia","isPartOf":{"@id":"https:\/\/editorialmediterrania.com\/es\/#website"},"primaryImageOfPage":{"@id":"https:\/\/editorialmediterrania.com\/es\/producto\/el-gat-rumberu-una-canco-contada-de-la-pegatina\/#primaryimage"},"image":{"@id":"https:\/\/editorialmediterrania.com\/es\/producto\/el-gat-rumberu-una-canco-contada-de-la-pegatina\/#primaryimage"},"thumbnailUrl":"https:\/\/editorialmediterrania.com\/wp-content\/uploads\/2023\/12\/gat-rumberu_la-pegatina_conte-editorial-nanit-COBERTA_480x.webp","datePublished":"2023-12-11T12:27:22+00:00","dateModified":"2026-01-08T14:01:33+00:00","description":"\u00c9s un\u00a0conte infantil\u00a0que\u00a0ens explica la hist\u00f2ria d'un gat, una mica entremaliat, que prova diferents oficis i al final decideix fer-se m\u00fasic per fer ballar","breadcrumb":{"@id":"https:\/\/editorialmediterrania.com\/es\/producto\/el-gat-rumberu-una-canco-contada-de-la-pegatina\/#breadcrumb"},"inLanguage":"es","potentialAction":[{"@type":"ReadAction","target":["https:\/\/editorialmediterrania.com\/es\/producto\/el-gat-rumberu-una-canco-contada-de-la-pegatina\/"]}]},{"@type":"ImageObject","inLanguage":"es","@id":"https:\/\/editorialmediterrania.com\/es\/producto\/el-gat-rumberu-una-canco-contada-de-la-pegatina\/#primaryimage","url":"https:\/\/editorialmediterrania.com\/wp-content\/uploads\/2023\/12\/gat-rumberu_la-pegatina_conte-editorial-nanit-COBERTA_480x.webp","contentUrl":"https:\/\/editorialmediterrania.com\/wp-content\/uploads\/2023\/12\/gat-rumberu_la-pegatina_conte-editorial-nanit-COBERTA_480x.webp","width":480,"height":480},{"@type":"BreadcrumbList","@id":"https:\/\/editorialmediterrania.com\/es\/producto\/el-gat-rumberu-una-canco-contada-de-la-pegatina\/#breadcrumb","itemListElement":[{"@type":"ListItem","position":1,"name":"Tienda de libros infantiles de arte","item":"https:\/\/editorialmediterrania.com\/es\/tienda-de-libros-infantiles-arte\/"},{"@type":"ListItem","position":2,"name":"El gat rumberu. Una can\u00e7\u00f3 contada de La Pegatina"}]},{"@type":"WebSite","@id":"https:\/\/editorialmediterrania.com\/es\/#website","url":"https:\/\/editorialmediterrania.com\/es\/","name":"Editorial Mediterrania","description":"Llibres que t\u2019obriran nous mons","publisher":{"@id":"https:\/\/editorialmediterrania.com\/es\/#organization"},"alternateName":"Llibres infantils d'art, cultura i natura","potentialAction":[{"@type":"SearchAction","target":{"@type":"EntryPoint","urlTemplate":"https:\/\/editorialmediterrania.com\/es\/?s={search_term_string}"},"query-input":"required name=search_term_string"}],"inLanguage":"es"},{"@type":"Organization","@id":"https:\/\/editorialmediterrania.com\/es\/#organization","name":"Editorial Mediterrania","alternateName":"Llibres d'art, cultura i natura per infants i fam\u00edlies","url":"https:\/\/editorialmediterrania.com\/es\/","logo":{"@type":"ImageObject","inLanguage":"es","@id":"https:\/\/editorialmediterrania.com\/es\/#\/schema\/logo\/image\/","url":"https:\/\/editorialmediterrania.com\/wp-content\/uploads\/2023\/03\/LOGO-ED_MEDITERRANIA_OK-2.png","contentUrl":"https:\/\/editorialmediterrania.com\/wp-content\/uploads\/2023\/03\/LOGO-ED_MEDITERRANIA_OK-2.png","width":1200,"height":300,"caption":"Editorial Mediterrania"},"image":{"@id":"https:\/\/editorialmediterrania.com\/es\/#\/schema\/logo\/image\/"},"sameAs":["https:\/\/x.com\/edmediterrania","https:\/\/www.instagram.com\/editorialmediterrania\/"]}]}},"_links":{"self":[{"href":"https:\/\/editorialmediterrania.com\/es\/wp-json\/wp\/v2\/product\/42544","targetHints":{"allow":["GET"]}}],"collection":[{"href":"https:\/\/editorialmediterrania.com\/es\/wp-json\/wp\/v2\/product"}],"about":[{"href":"https:\/\/editorialmediterrania.com\/es\/wp-json\/wp\/v2\/types\/product"}],"wp:featuredmedia":[{"embeddable":true,"href":"https:\/\/editorialmediterrania.com\/es\/wp-json\/wp\/v2\/media\/42548"}],"wp:attachment":[{"href":"https:\/\/editorialmediterrania.com\/es\/wp-json\/wp\/v2\/media?parent=42544"}],"wp:term":[{"taxonomy":"product_cat","embeddable":true,"href":"https:\/\/editorialmediterrania.com\/es\/wp-json\/wp\/v2\/product_cat?post=42544"},{"taxonomy":"product_tag","embeddable":true,"href":"https:\/\/editorialmediterrania.com\/es\/wp-json\/wp\/v2\/product_tag?post=42544"},{"taxonomy":"autors","embeddable":true,"href":"https:\/\/editorialmediterrania.com\/es\/wp-json\/wp\/v2\/autors?post=42544"}],"curies":[{"name":"wp","href":"https:\/\/api.w.org\/{rel}","templated":true}]}}