{"id":42740,"date":"2024-02-01T12:56:56","date_gmt":"2024-02-01T11:56:56","guid":{"rendered":"https:\/\/editorialmediterrania.com\/?post_type=product&#038;p=42740"},"modified":"2026-01-29T10:08:43","modified_gmt":"2026-01-29T09:08:43","slug":"pintar-gaudi-stickers","status":"publish","type":"product","link":"https:\/\/editorialmediterrania.com\/es\/producto\/pintar-gaudi-stickers\/","title":{"rendered":"Pintar Gaud\u00ed amb stickers"},"content":{"rendered":"<p class=\"p2\">Apr\u00e8n quines s\u00f3n l<strong>es obres m\u00e9s interessants de Gaud\u00ed<\/strong> amb els dibuixos de la il\u00b7lustradora <a href=\"https:\/\/pilarin.cat\"><strong>Pilar\u00edn Bay\u00e9s<\/strong><\/a> i diverteix-te pintant el drac del <a href=\"https:\/\/parkguell.barcelona\/es?q=es\"><strong>Parc G\u00fcell<\/strong><\/a>, els balcons de la Pedrera o les torres de la bas\u00edlica de la Sagrada Fam\u00edlia.<\/p>\n<p class=\"p2\">Passa una estona divertida, entretinguda i apr\u00e8n el m\u00e9s important de l\u2019arquitectura de Gaud\u00ed, el gran mestre del Modernisme catal\u00e0.<\/p>\n","protected":false},"excerpt":{"rendered":"<p>Cont\u00e9 m\u00e9s de 25 enganxines<\/p>\n","protected":false},"featured_media":42741,"template":"","meta":[],"product_cat":[16,4363],"product_tag":[],"autors":[6507],"class_list":{"0":"post-42740","1":"product","2":"type-product","3":"status-publish","4":"has-post-thumbnail","6":"product_cat-editorial-mediterrania","7":"product_cat-pintem","8":"autors-pilarin-bayes","10":"first","11":"outofstock","12":"taxable","13":"shipping-taxable","14":"purchasable","15":"product-type-simple","swatches":"rey-swatches","show_selected":""},"acf":[],"yoast_head":"<!-- This site is optimized with the Yoast SEO plugin v22.8 - https:\/\/yoast.com\/wordpress\/plugins\/seo\/ -->\n<title>Pintar Gaud\u00ed amb stickers - Editorial Mediterr\u00e0nia<\/title>\n<meta name=\"description\" content=\"Les obres m\u00e9s interessants de Gaud\u00ed amb els dibuixos de la il\u00b7lustradora Pilar\u00edn Bay\u00e9s. El llibre t\u00e9 stickers per enganxar.\" \/>\n<meta name=\"robots\" content=\"index, follow, max-snippet:-1, max-image-preview:large, max-video-preview:-1\" \/>\n<link rel=\"canonical\" href=\"https:\/\/editorialmediterrania.com\/es\/producto\/pintar-gaudi-stickers\/\" \/>\n<meta property=\"og:locale\" content=\"es_ES\" \/>\n<meta property=\"og:type\" content=\"article\" \/>\n<meta property=\"og:title\" content=\"Pintar Gaud\u00ed amb stickers - Editorial Mediterr\u00e0nia\" \/>\n<meta property=\"og:description\" content=\"Les obres m\u00e9s interessants de Gaud\u00ed amb els dibuixos de la il\u00b7lustradora Pilar\u00edn Bay\u00e9s. El llibre t\u00e9 stickers per enganxar.\" \/>\n<meta property=\"og:url\" content=\"https:\/\/editorialmediterrania.com\/es\/producto\/pintar-gaudi-stickers\/\" \/>\n<meta property=\"og:site_name\" content=\"Editorial Mediterr\u00e0nia\" \/>\n<meta property=\"article:modified_time\" content=\"2026-01-29T09:08:43+00:00\" \/>\n<meta property=\"og:image\" content=\"https:\/\/editorialmediterrania.com\/wp-content\/uploads\/2024\/02\/9788419028815-1015x1024.png\" \/>\n\t<meta property=\"og:image:width\" content=\"1015\" \/>\n\t<meta property=\"og:image:height\" content=\"1024\" \/>\n\t<meta property=\"og:image:type\" content=\"image\/png\" \/>\n<meta name=\"twitter:card\" content=\"summary_large_image\" \/>\n<meta name=\"twitter:site\" content=\"@edmediterrania\" \/>\n<meta name=\"twitter:label1\" content=\"Tiempo de lectura\" \/>\n\t<meta name=\"twitter:data1\" content=\"1 minuto\" \/>\n<script type=\"application\/ld+json\" class=\"yoast-schema-graph\">{\"@context\":\"https:\/\/schema.org\",\"@graph\":[{\"@type\":\"WebPage\",\"@id\":\"https:\/\/editorialmediterrania.com\/es\/producto\/pintar-gaudi-stickers\/\",\"url\":\"https:\/\/editorialmediterrania.com\/es\/producto\/pintar-gaudi-stickers\/\",\"name\":\"Pintar Gaud\u00ed amb stickers - Editorial Mediterr\u00e0nia\",\"isPartOf\":{\"@id\":\"https:\/\/editorialmediterrania.com\/es\/#website\"},\"primaryImageOfPage\":{\"@id\":\"https:\/\/editorialmediterrania.com\/es\/producto\/pintar-gaudi-stickers\/#primaryimage\"},\"image\":{\"@id\":\"https:\/\/editorialmediterrania.com\/es\/producto\/pintar-gaudi-stickers\/#primaryimage\"},\"thumbnailUrl\":\"https:\/\/editorialmediterrania.com\/wp-content\/uploads\/2024\/02\/9788419028815.png\",\"datePublished\":\"2024-02-01T11:56:56+00:00\",\"dateModified\":\"2026-01-29T09:08:43+00:00\",\"description\":\"Les obres m\u00e9s interessants de Gaud\u00ed amb els dibuixos de la il\u00b7lustradora Pilar\u00edn Bay\u00e9s. El llibre t\u00e9 stickers per enganxar.\",\"breadcrumb\":{\"@id\":\"https:\/\/editorialmediterrania.com\/es\/producto\/pintar-gaudi-stickers\/#breadcrumb\"},\"inLanguage\":\"es\",\"potentialAction\":[{\"@type\":\"ReadAction\",\"target\":[\"https:\/\/editorialmediterrania.com\/es\/producto\/pintar-gaudi-stickers\/\"]}]},{\"@type\":\"ImageObject\",\"inLanguage\":\"es\",\"@id\":\"https:\/\/editorialmediterrania.com\/es\/producto\/pintar-gaudi-stickers\/#primaryimage\",\"url\":\"https:\/\/editorialmediterrania.com\/wp-content\/uploads\/2024\/02\/9788419028815.png\",\"contentUrl\":\"https:\/\/editorialmediterrania.com\/wp-content\/uploads\/2024\/02\/9788419028815.png\",\"width\":1430,\"height\":1442},{\"@type\":\"BreadcrumbList\",\"@id\":\"https:\/\/editorialmediterrania.com\/es\/producto\/pintar-gaudi-stickers\/#breadcrumb\",\"itemListElement\":[{\"@type\":\"ListItem\",\"position\":1,\"name\":\"Tienda de libros infantiles de arte\",\"item\":\"https:\/\/editorialmediterrania.com\/es\/tienda-de-libros-infantiles-arte\/\"},{\"@type\":\"ListItem\",\"position\":2,\"name\":\"Pintar Gaud\u00ed amb stickers\"}]},{\"@type\":\"WebSite\",\"@id\":\"https:\/\/editorialmediterrania.com\/es\/#website\",\"url\":\"https:\/\/editorialmediterrania.com\/es\/\",\"name\":\"Editorial Mediterrania\",\"description\":\"Llibres que t\u2019obriran nous mons\",\"publisher\":{\"@id\":\"https:\/\/editorialmediterrania.com\/es\/#organization\"},\"alternateName\":\"Llibres infantils d'art, cultura i natura\",\"potentialAction\":[{\"@type\":\"SearchAction\",\"target\":{\"@type\":\"EntryPoint\",\"urlTemplate\":\"https:\/\/editorialmediterrania.com\/es\/?s={search_term_string}\"},\"query-input\":\"required name=search_term_string\"}],\"inLanguage\":\"es\"},{\"@type\":\"Organization\",\"@id\":\"https:\/\/editorialmediterrania.com\/es\/#organization\",\"name\":\"Editorial Mediterrania\",\"alternateName\":\"Llibres d'art, cultura i natura per infants i fam\u00edlies\",\"url\":\"https:\/\/editorialmediterrania.com\/es\/\",\"logo\":{\"@type\":\"ImageObject\",\"inLanguage\":\"es\",\"@id\":\"https:\/\/editorialmediterrania.com\/es\/#\/schema\/logo\/image\/\",\"url\":\"https:\/\/editorialmediterrania.com\/wp-content\/uploads\/2023\/03\/LOGO-ED_MEDITERRANIA_OK-2.png\",\"contentUrl\":\"https:\/\/editorialmediterrania.com\/wp-content\/uploads\/2023\/03\/LOGO-ED_MEDITERRANIA_OK-2.png\",\"width\":1200,\"height\":300,\"caption\":\"Editorial Mediterrania\"},\"image\":{\"@id\":\"https:\/\/editorialmediterrania.com\/es\/#\/schema\/logo\/image\/\"},\"sameAs\":[\"https:\/\/x.com\/edmediterrania\",\"https:\/\/www.instagram.com\/editorialmediterrania\/\"]}]}<\/script>\n<!-- \/ Yoast SEO plugin. -->","yoast_head_json":{"title":"Pintar Gaud\u00ed amb stickers - Editorial Mediterr\u00e0nia","description":"Les obres m\u00e9s interessants de Gaud\u00ed amb els dibuixos de la il\u00b7lustradora Pilar\u00edn Bay\u00e9s. El llibre t\u00e9 stickers per enganxar.","robots":{"index":"index","follow":"follow","max-snippet":"max-snippet:-1","max-image-preview":"max-image-preview:large","max-video-preview":"max-video-preview:-1"},"canonical":"https:\/\/editorialmediterrania.com\/es\/producto\/pintar-gaudi-stickers\/","og_locale":"es_ES","og_type":"article","og_title":"Pintar Gaud\u00ed amb stickers - Editorial Mediterr\u00e0nia","og_description":"Les obres m\u00e9s interessants de Gaud\u00ed amb els dibuixos de la il\u00b7lustradora Pilar\u00edn Bay\u00e9s. El llibre t\u00e9 stickers per enganxar.","og_url":"https:\/\/editorialmediterrania.com\/es\/producto\/pintar-gaudi-stickers\/","og_site_name":"Editorial Mediterr\u00e0nia","article_modified_time":"2026-01-29T09:08:43+00:00","og_image":[{"width":1015,"height":1024,"url":"https:\/\/editorialmediterrania.com\/wp-content\/uploads\/2024\/02\/9788419028815-1015x1024.png","type":"image\/png"}],"twitter_card":"summary_large_image","twitter_site":"@edmediterrania","twitter_misc":{"Tiempo de lectura":"1 minuto"},"schema":{"@context":"https:\/\/schema.org","@graph":[{"@type":"WebPage","@id":"https:\/\/editorialmediterrania.com\/es\/producto\/pintar-gaudi-stickers\/","url":"https:\/\/editorialmediterrania.com\/es\/producto\/pintar-gaudi-stickers\/","name":"Pintar Gaud\u00ed amb stickers - Editorial Mediterr\u00e0nia","isPartOf":{"@id":"https:\/\/editorialmediterrania.com\/es\/#website"},"primaryImageOfPage":{"@id":"https:\/\/editorialmediterrania.com\/es\/producto\/pintar-gaudi-stickers\/#primaryimage"},"image":{"@id":"https:\/\/editorialmediterrania.com\/es\/producto\/pintar-gaudi-stickers\/#primaryimage"},"thumbnailUrl":"https:\/\/editorialmediterrania.com\/wp-content\/uploads\/2024\/02\/9788419028815.png","datePublished":"2024-02-01T11:56:56+00:00","dateModified":"2026-01-29T09:08:43+00:00","description":"Les obres m\u00e9s interessants de Gaud\u00ed amb els dibuixos de la il\u00b7lustradora Pilar\u00edn Bay\u00e9s. El llibre t\u00e9 stickers per enganxar.","breadcrumb":{"@id":"https:\/\/editorialmediterrania.com\/es\/producto\/pintar-gaudi-stickers\/#breadcrumb"},"inLanguage":"es","potentialAction":[{"@type":"ReadAction","target":["https:\/\/editorialmediterrania.com\/es\/producto\/pintar-gaudi-stickers\/"]}]},{"@type":"ImageObject","inLanguage":"es","@id":"https:\/\/editorialmediterrania.com\/es\/producto\/pintar-gaudi-stickers\/#primaryimage","url":"https:\/\/editorialmediterrania.com\/wp-content\/uploads\/2024\/02\/9788419028815.png","contentUrl":"https:\/\/editorialmediterrania.com\/wp-content\/uploads\/2024\/02\/9788419028815.png","width":1430,"height":1442},{"@type":"BreadcrumbList","@id":"https:\/\/editorialmediterrania.com\/es\/producto\/pintar-gaudi-stickers\/#breadcrumb","itemListElement":[{"@type":"ListItem","position":1,"name":"Tienda de libros infantiles de arte","item":"https:\/\/editorialmediterrania.com\/es\/tienda-de-libros-infantiles-arte\/"},{"@type":"ListItem","position":2,"name":"Pintar Gaud\u00ed amb stickers"}]},{"@type":"WebSite","@id":"https:\/\/editorialmediterrania.com\/es\/#website","url":"https:\/\/editorialmediterrania.com\/es\/","name":"Editorial Mediterrania","description":"Llibres que t\u2019obriran nous mons","publisher":{"@id":"https:\/\/editorialmediterrania.com\/es\/#organization"},"alternateName":"Llibres infantils d'art, cultura i natura","potentialAction":[{"@type":"SearchAction","target":{"@type":"EntryPoint","urlTemplate":"https:\/\/editorialmediterrania.com\/es\/?s={search_term_string}"},"query-input":"required name=search_term_string"}],"inLanguage":"es"},{"@type":"Organization","@id":"https:\/\/editorialmediterrania.com\/es\/#organization","name":"Editorial Mediterrania","alternateName":"Llibres d'art, cultura i natura per infants i fam\u00edlies","url":"https:\/\/editorialmediterrania.com\/es\/","logo":{"@type":"ImageObject","inLanguage":"es","@id":"https:\/\/editorialmediterrania.com\/es\/#\/schema\/logo\/image\/","url":"https:\/\/editorialmediterrania.com\/wp-content\/uploads\/2023\/03\/LOGO-ED_MEDITERRANIA_OK-2.png","contentUrl":"https:\/\/editorialmediterrania.com\/wp-content\/uploads\/2023\/03\/LOGO-ED_MEDITERRANIA_OK-2.png","width":1200,"height":300,"caption":"Editorial Mediterrania"},"image":{"@id":"https:\/\/editorialmediterrania.com\/es\/#\/schema\/logo\/image\/"},"sameAs":["https:\/\/x.com\/edmediterrania","https:\/\/www.instagram.com\/editorialmediterrania\/"]}]}},"_links":{"self":[{"href":"https:\/\/editorialmediterrania.com\/es\/wp-json\/wp\/v2\/product\/42740","targetHints":{"allow":["GET"]}}],"collection":[{"href":"https:\/\/editorialmediterrania.com\/es\/wp-json\/wp\/v2\/product"}],"about":[{"href":"https:\/\/editorialmediterrania.com\/es\/wp-json\/wp\/v2\/types\/product"}],"wp:featuredmedia":[{"embeddable":true,"href":"https:\/\/editorialmediterrania.com\/es\/wp-json\/wp\/v2\/media\/42741"}],"wp:attachment":[{"href":"https:\/\/editorialmediterrania.com\/es\/wp-json\/wp\/v2\/media?parent=42740"}],"wp:term":[{"taxonomy":"product_cat","embeddable":true,"href":"https:\/\/editorialmediterrania.com\/es\/wp-json\/wp\/v2\/product_cat?post=42740"},{"taxonomy":"product_tag","embeddable":true,"href":"https:\/\/editorialmediterrania.com\/es\/wp-json\/wp\/v2\/product_tag?post=42740"},{"taxonomy":"autors","embeddable":true,"href":"https:\/\/editorialmediterrania.com\/es\/wp-json\/wp\/v2\/autors?post=42740"}],"curies":[{"name":"wp","href":"https:\/\/api.w.org\/{rel}","templated":true}]}}