{"id":42775,"date":"2024-02-19T12:11:27","date_gmt":"2024-02-19T11:11:27","guid":{"rendered":"https:\/\/editorialmediterrania.com\/?post_type=product&#038;p=42775"},"modified":"2025-08-29T10:56:07","modified_gmt":"2025-08-29T08:56:07","slug":"petita-historia-de-la-proteccio-civil","status":"publish","type":"product","link":"https:\/\/editorialmediterrania.com\/es\/producto\/petita-historia-de-la-proteccio-civil\/","title":{"rendered":"Petita hist\u00f2ria de la Protecci\u00f3 civil"},"content":{"rendered":"<p><span class=\"s10\">Aquesta petita histo\u0300ria recull la histo\u0300ria <\/span><span class=\"s10\">d<\/span><span class=\"s10\">e la <\/span><strong><span class=\"s10\">P<\/span><span class=\"s10\">rotecci<\/span><span class=\"s10\">\u00f3 <\/span><span class=\"s10\">C<\/span><span class=\"s10\">ivil<\/span><span class=\"s10\">.<\/span><\/strong><\/p>\n<p><span class=\"s10\">Explica com <\/span><span class=\"s10\">funciona l&#8217;organisme, qui hi treballa i per<\/span><span class=\"s10\">qu<\/span><span class=\"s10\">\u00e8 <\/span><span class=\"s10\">\u00e9s tan important.<\/span><\/p>\n","protected":false},"excerpt":{"rendered":"<p>Aquesta petita histo\u0300ria recull la histo\u0300ria de la Protecci\u00f3 Civil. Explica com funciona l&#8217;organisme, qui hi treballa i perqu\u00e8 \u00e9s tan important.<\/p>\n","protected":false},"featured_media":42776,"template":"","meta":[],"product_cat":[16,73],"product_tag":[],"autors":[],"class_list":{"0":"post-42775","1":"product","2":"type-product","3":"status-publish","4":"has-post-thumbnail","6":"product_cat-editorial-mediterrania","7":"product_cat-petites-histories","9":"first","10":"outofstock","11":"taxable","12":"shipping-taxable","13":"purchasable","14":"product-type-simple","swatches":"rey-swatches","show_selected":""},"acf":[],"yoast_head":"<!-- This site is optimized with the Yoast SEO plugin v22.8 - https:\/\/yoast.com\/wordpress\/plugins\/seo\/ -->\n<title>Petita hist\u00f2ria de la Protecci\u00f3 civil - Editorial Mediterr\u00e0nia<\/title>\n<meta name=\"description\" content=\"Aquesta petita hist\u00f2ria recull la hist\u00f2ria de la Protecci\u00f3 Civil.Explica com funciona l&#039;organisme, qui hi treballa i perqu\u00e8 \u00e9s tan important.\" \/>\n<meta name=\"robots\" content=\"index, follow, max-snippet:-1, max-image-preview:large, max-video-preview:-1\" \/>\n<link rel=\"canonical\" href=\"https:\/\/editorialmediterrania.com\/es\/producto\/petita-historia-de-la-proteccio-civil\/\" \/>\n<meta property=\"og:locale\" content=\"es_ES\" \/>\n<meta property=\"og:type\" content=\"article\" \/>\n<meta property=\"og:title\" content=\"Petita hist\u00f2ria de la Protecci\u00f3 civil - Editorial Mediterr\u00e0nia\" \/>\n<meta property=\"og:description\" content=\"Aquesta petita hist\u00f2ria recull la hist\u00f2ria de la Protecci\u00f3 Civil.Explica com funciona l&#039;organisme, qui hi treballa i perqu\u00e8 \u00e9s tan important.\" \/>\n<meta property=\"og:url\" content=\"https:\/\/editorialmediterrania.com\/es\/producto\/petita-historia-de-la-proteccio-civil\/\" \/>\n<meta property=\"og:site_name\" content=\"Editorial Mediterr\u00e0nia\" \/>\n<meta property=\"article:modified_time\" content=\"2025-08-29T08:56:07+00:00\" \/>\n<meta property=\"og:image\" content=\"https:\/\/editorialmediterrania.com\/wp-content\/uploads\/2024\/02\/Captura-de-pantalla-2024-02-19-a-les-12.09.54-838x1024.png\" \/>\n\t<meta property=\"og:image:width\" content=\"838\" \/>\n\t<meta property=\"og:image:height\" content=\"1024\" \/>\n\t<meta property=\"og:image:type\" content=\"image\/png\" \/>\n<meta name=\"twitter:card\" content=\"summary_large_image\" \/>\n<meta name=\"twitter:site\" content=\"@edmediterrania\" \/>\n<meta name=\"twitter:label1\" content=\"Tiempo de lectura\" \/>\n\t<meta name=\"twitter:data1\" content=\"1 minuto\" \/>\n<script type=\"application\/ld+json\" class=\"yoast-schema-graph\">{\"@context\":\"https:\/\/schema.org\",\"@graph\":[{\"@type\":\"WebPage\",\"@id\":\"https:\/\/editorialmediterrania.com\/es\/producto\/petita-historia-de-la-proteccio-civil\/\",\"url\":\"https:\/\/editorialmediterrania.com\/es\/producto\/petita-historia-de-la-proteccio-civil\/\",\"name\":\"Petita hist\u00f2ria de la Protecci\u00f3 civil - Editorial Mediterr\u00e0nia\",\"isPartOf\":{\"@id\":\"https:\/\/editorialmediterrania.com\/es\/#website\"},\"primaryImageOfPage\":{\"@id\":\"https:\/\/editorialmediterrania.com\/es\/producto\/petita-historia-de-la-proteccio-civil\/#primaryimage\"},\"image\":{\"@id\":\"https:\/\/editorialmediterrania.com\/es\/producto\/petita-historia-de-la-proteccio-civil\/#primaryimage\"},\"thumbnailUrl\":\"https:\/\/editorialmediterrania.com\/wp-content\/uploads\/2024\/02\/Captura-de-pantalla-2024-02-19-a-les-12.09.54.png\",\"datePublished\":\"2024-02-19T11:11:27+00:00\",\"dateModified\":\"2025-08-29T08:56:07+00:00\",\"description\":\"Aquesta petita hist\u00f2ria recull la hist\u00f2ria de la Protecci\u00f3 Civil.Explica com funciona l'organisme, qui hi treballa i perqu\u00e8 \u00e9s tan important.\",\"breadcrumb\":{\"@id\":\"https:\/\/editorialmediterrania.com\/es\/producto\/petita-historia-de-la-proteccio-civil\/#breadcrumb\"},\"inLanguage\":\"es\",\"potentialAction\":[{\"@type\":\"ReadAction\",\"target\":[\"https:\/\/editorialmediterrania.com\/es\/producto\/petita-historia-de-la-proteccio-civil\/\"]}]},{\"@type\":\"ImageObject\",\"inLanguage\":\"es\",\"@id\":\"https:\/\/editorialmediterrania.com\/es\/producto\/petita-historia-de-la-proteccio-civil\/#primaryimage\",\"url\":\"https:\/\/editorialmediterrania.com\/wp-content\/uploads\/2024\/02\/Captura-de-pantalla-2024-02-19-a-les-12.09.54.png\",\"contentUrl\":\"https:\/\/editorialmediterrania.com\/wp-content\/uploads\/2024\/02\/Captura-de-pantalla-2024-02-19-a-les-12.09.54.png\",\"width\":974,\"height\":1190},{\"@type\":\"BreadcrumbList\",\"@id\":\"https:\/\/editorialmediterrania.com\/es\/producto\/petita-historia-de-la-proteccio-civil\/#breadcrumb\",\"itemListElement\":[{\"@type\":\"ListItem\",\"position\":1,\"name\":\"Tienda de libros infantiles de arte\",\"item\":\"https:\/\/editorialmediterrania.com\/es\/tienda-de-libros-infantiles-arte\/\"},{\"@type\":\"ListItem\",\"position\":2,\"name\":\"Petita hist\u00f2ria de la Protecci\u00f3 civil\"}]},{\"@type\":\"WebSite\",\"@id\":\"https:\/\/editorialmediterrania.com\/es\/#website\",\"url\":\"https:\/\/editorialmediterrania.com\/es\/\",\"name\":\"Editorial Mediterrania\",\"description\":\"Llibres que t\u2019obriran nous mons\",\"publisher\":{\"@id\":\"https:\/\/editorialmediterrania.com\/es\/#organization\"},\"alternateName\":\"Llibres infantils d'art, cultura i natura\",\"potentialAction\":[{\"@type\":\"SearchAction\",\"target\":{\"@type\":\"EntryPoint\",\"urlTemplate\":\"https:\/\/editorialmediterrania.com\/es\/?s={search_term_string}\"},\"query-input\":\"required name=search_term_string\"}],\"inLanguage\":\"es\"},{\"@type\":\"Organization\",\"@id\":\"https:\/\/editorialmediterrania.com\/es\/#organization\",\"name\":\"Editorial Mediterrania\",\"alternateName\":\"Llibres d'art, cultura i natura per infants i fam\u00edlies\",\"url\":\"https:\/\/editorialmediterrania.com\/es\/\",\"logo\":{\"@type\":\"ImageObject\",\"inLanguage\":\"es\",\"@id\":\"https:\/\/editorialmediterrania.com\/es\/#\/schema\/logo\/image\/\",\"url\":\"https:\/\/editorialmediterrania.com\/wp-content\/uploads\/2023\/03\/LOGO-ED_MEDITERRANIA_OK-2.png\",\"contentUrl\":\"https:\/\/editorialmediterrania.com\/wp-content\/uploads\/2023\/03\/LOGO-ED_MEDITERRANIA_OK-2.png\",\"width\":1200,\"height\":300,\"caption\":\"Editorial Mediterrania\"},\"image\":{\"@id\":\"https:\/\/editorialmediterrania.com\/es\/#\/schema\/logo\/image\/\"},\"sameAs\":[\"https:\/\/x.com\/edmediterrania\",\"https:\/\/www.instagram.com\/editorialmediterrania\/\"]}]}<\/script>\n<!-- \/ Yoast SEO plugin. -->","yoast_head_json":{"title":"Petita hist\u00f2ria de la Protecci\u00f3 civil - Editorial Mediterr\u00e0nia","description":"Aquesta petita hist\u00f2ria recull la hist\u00f2ria de la Protecci\u00f3 Civil.Explica com funciona l'organisme, qui hi treballa i perqu\u00e8 \u00e9s tan important.","robots":{"index":"index","follow":"follow","max-snippet":"max-snippet:-1","max-image-preview":"max-image-preview:large","max-video-preview":"max-video-preview:-1"},"canonical":"https:\/\/editorialmediterrania.com\/es\/producto\/petita-historia-de-la-proteccio-civil\/","og_locale":"es_ES","og_type":"article","og_title":"Petita hist\u00f2ria de la Protecci\u00f3 civil - Editorial Mediterr\u00e0nia","og_description":"Aquesta petita hist\u00f2ria recull la hist\u00f2ria de la Protecci\u00f3 Civil.Explica com funciona l'organisme, qui hi treballa i perqu\u00e8 \u00e9s tan important.","og_url":"https:\/\/editorialmediterrania.com\/es\/producto\/petita-historia-de-la-proteccio-civil\/","og_site_name":"Editorial Mediterr\u00e0nia","article_modified_time":"2025-08-29T08:56:07+00:00","og_image":[{"width":838,"height":1024,"url":"https:\/\/editorialmediterrania.com\/wp-content\/uploads\/2024\/02\/Captura-de-pantalla-2024-02-19-a-les-12.09.54-838x1024.png","type":"image\/png"}],"twitter_card":"summary_large_image","twitter_site":"@edmediterrania","twitter_misc":{"Tiempo de lectura":"1 minuto"},"schema":{"@context":"https:\/\/schema.org","@graph":[{"@type":"WebPage","@id":"https:\/\/editorialmediterrania.com\/es\/producto\/petita-historia-de-la-proteccio-civil\/","url":"https:\/\/editorialmediterrania.com\/es\/producto\/petita-historia-de-la-proteccio-civil\/","name":"Petita hist\u00f2ria de la Protecci\u00f3 civil - Editorial Mediterr\u00e0nia","isPartOf":{"@id":"https:\/\/editorialmediterrania.com\/es\/#website"},"primaryImageOfPage":{"@id":"https:\/\/editorialmediterrania.com\/es\/producto\/petita-historia-de-la-proteccio-civil\/#primaryimage"},"image":{"@id":"https:\/\/editorialmediterrania.com\/es\/producto\/petita-historia-de-la-proteccio-civil\/#primaryimage"},"thumbnailUrl":"https:\/\/editorialmediterrania.com\/wp-content\/uploads\/2024\/02\/Captura-de-pantalla-2024-02-19-a-les-12.09.54.png","datePublished":"2024-02-19T11:11:27+00:00","dateModified":"2025-08-29T08:56:07+00:00","description":"Aquesta petita hist\u00f2ria recull la hist\u00f2ria de la Protecci\u00f3 Civil.Explica com funciona l'organisme, qui hi treballa i perqu\u00e8 \u00e9s tan important.","breadcrumb":{"@id":"https:\/\/editorialmediterrania.com\/es\/producto\/petita-historia-de-la-proteccio-civil\/#breadcrumb"},"inLanguage":"es","potentialAction":[{"@type":"ReadAction","target":["https:\/\/editorialmediterrania.com\/es\/producto\/petita-historia-de-la-proteccio-civil\/"]}]},{"@type":"ImageObject","inLanguage":"es","@id":"https:\/\/editorialmediterrania.com\/es\/producto\/petita-historia-de-la-proteccio-civil\/#primaryimage","url":"https:\/\/editorialmediterrania.com\/wp-content\/uploads\/2024\/02\/Captura-de-pantalla-2024-02-19-a-les-12.09.54.png","contentUrl":"https:\/\/editorialmediterrania.com\/wp-content\/uploads\/2024\/02\/Captura-de-pantalla-2024-02-19-a-les-12.09.54.png","width":974,"height":1190},{"@type":"BreadcrumbList","@id":"https:\/\/editorialmediterrania.com\/es\/producto\/petita-historia-de-la-proteccio-civil\/#breadcrumb","itemListElement":[{"@type":"ListItem","position":1,"name":"Tienda de libros infantiles de arte","item":"https:\/\/editorialmediterrania.com\/es\/tienda-de-libros-infantiles-arte\/"},{"@type":"ListItem","position":2,"name":"Petita hist\u00f2ria de la Protecci\u00f3 civil"}]},{"@type":"WebSite","@id":"https:\/\/editorialmediterrania.com\/es\/#website","url":"https:\/\/editorialmediterrania.com\/es\/","name":"Editorial Mediterrania","description":"Llibres que t\u2019obriran nous mons","publisher":{"@id":"https:\/\/editorialmediterrania.com\/es\/#organization"},"alternateName":"Llibres infantils d'art, cultura i natura","potentialAction":[{"@type":"SearchAction","target":{"@type":"EntryPoint","urlTemplate":"https:\/\/editorialmediterrania.com\/es\/?s={search_term_string}"},"query-input":"required name=search_term_string"}],"inLanguage":"es"},{"@type":"Organization","@id":"https:\/\/editorialmediterrania.com\/es\/#organization","name":"Editorial Mediterrania","alternateName":"Llibres d'art, cultura i natura per infants i fam\u00edlies","url":"https:\/\/editorialmediterrania.com\/es\/","logo":{"@type":"ImageObject","inLanguage":"es","@id":"https:\/\/editorialmediterrania.com\/es\/#\/schema\/logo\/image\/","url":"https:\/\/editorialmediterrania.com\/wp-content\/uploads\/2023\/03\/LOGO-ED_MEDITERRANIA_OK-2.png","contentUrl":"https:\/\/editorialmediterrania.com\/wp-content\/uploads\/2023\/03\/LOGO-ED_MEDITERRANIA_OK-2.png","width":1200,"height":300,"caption":"Editorial Mediterrania"},"image":{"@id":"https:\/\/editorialmediterrania.com\/es\/#\/schema\/logo\/image\/"},"sameAs":["https:\/\/x.com\/edmediterrania","https:\/\/www.instagram.com\/editorialmediterrania\/"]}]}},"_links":{"self":[{"href":"https:\/\/editorialmediterrania.com\/es\/wp-json\/wp\/v2\/product\/42775","targetHints":{"allow":["GET"]}}],"collection":[{"href":"https:\/\/editorialmediterrania.com\/es\/wp-json\/wp\/v2\/product"}],"about":[{"href":"https:\/\/editorialmediterrania.com\/es\/wp-json\/wp\/v2\/types\/product"}],"wp:featuredmedia":[{"embeddable":true,"href":"https:\/\/editorialmediterrania.com\/es\/wp-json\/wp\/v2\/media\/42776"}],"wp:attachment":[{"href":"https:\/\/editorialmediterrania.com\/es\/wp-json\/wp\/v2\/media?parent=42775"}],"wp:term":[{"taxonomy":"product_cat","embeddable":true,"href":"https:\/\/editorialmediterrania.com\/es\/wp-json\/wp\/v2\/product_cat?post=42775"},{"taxonomy":"product_tag","embeddable":true,"href":"https:\/\/editorialmediterrania.com\/es\/wp-json\/wp\/v2\/product_tag?post=42775"},{"taxonomy":"autors","embeddable":true,"href":"https:\/\/editorialmediterrania.com\/es\/wp-json\/wp\/v2\/autors?post=42775"}],"curies":[{"name":"wp","href":"https:\/\/api.w.org\/{rel}","templated":true}]}}