{"id":42801,"date":"2024-02-19T15:43:09","date_gmt":"2024-02-19T14:43:09","guid":{"rendered":"https:\/\/editorialmediterrania.com\/?post_type=product&#038;p=42801"},"modified":"2026-01-22T13:05:12","modified_gmt":"2026-01-22T12:05:12","slug":"la-llegenda-de-sant-jordi-la-llegenda-de-la-princesa","status":"publish","type":"product","link":"https:\/\/editorialmediterrania.com\/es\/producto\/la-llegenda-de-sant-jordi-la-llegenda-de-la-princesa\/","title":{"rendered":"La llegenda de Sant Jordi \/ La llegenda de la princesa"},"content":{"rendered":"<p>Una col\u00b7lecci\u00f3 capicua perqu\u00e8 els m\u00e9s petits comencin a llegir de la m\u00e0 d\u2019una de les artistes m\u00e9s estimades del pa\u00eds,<a href=\"https:\/\/pilarin.cat\"><strong> Pilar\u00edn Bay\u00e9s<\/strong><\/a>.<\/p>\n<p><strong>Edici\u00f3 especial Sant Jordi.<\/strong> Aquesta vegada podreu trobar, per una banda, <strong>La llegenda de Sant Jordi<\/strong> i, per l\u2019altra, <strong>La llegenda de la princesa!<\/strong><\/p>\n","protected":false},"excerpt":{"rendered":"<p>Els contes cla\u0300ssics per llegir en fami\u0301lia!<\/p>\n","protected":false},"featured_media":46579,"template":"","meta":[],"product_cat":[16,6289],"product_tag":[4362,2455],"autors":[],"class_list":{"0":"post-42801","1":"product","2":"type-product","3":"status-publish","4":"has-post-thumbnail","6":"product_cat-editorial-mediterrania","7":"product_cat-dues-lectures","8":"product_tag-pilarin-bayes","9":"product_tag-sant-jordi","11":"first","12":"instock","13":"taxable","14":"shipping-taxable","15":"purchasable","16":"product-type-simple","swatches":"rey-swatches","show_selected":""},"acf":[],"yoast_head":"<!-- This site is optimized with the Yoast SEO plugin v22.8 - https:\/\/yoast.com\/wordpress\/plugins\/seo\/ -->\n<title>La llegenda de Sant Jordi \/ La llegenda de la princesa - Editorial Mediterr\u00e0nia<\/title>\n<meta name=\"description\" content=\"Sant Jordi i la princesa el llibre de la Pilar\u00edn Bay\u00e9s per llegir amb lletra de pal i amb lletra d&#039;impremta. Ideal per a nens i nenes de 3 a 8 anys.\" \/>\n<meta name=\"robots\" content=\"index, follow, max-snippet:-1, max-image-preview:large, max-video-preview:-1\" \/>\n<link rel=\"canonical\" href=\"https:\/\/editorialmediterrania.com\/es\/producto\/la-llegenda-de-sant-jordi-la-llegenda-de-la-princesa\/\" \/>\n<meta property=\"og:locale\" content=\"es_ES\" \/>\n<meta property=\"og:type\" content=\"article\" \/>\n<meta property=\"og:title\" content=\"La llegenda de Sant Jordi \/ La llegenda de la princesa - Editorial Mediterr\u00e0nia\" \/>\n<meta property=\"og:description\" content=\"Sant Jordi i la princesa el llibre de la Pilar\u00edn Bay\u00e9s per llegir amb lletra de pal i amb lletra d&#039;impremta. Ideal per a nens i nenes de 3 a 8 anys.\" \/>\n<meta property=\"og:url\" content=\"https:\/\/editorialmediterrania.com\/es\/producto\/la-llegenda-de-sant-jordi-la-llegenda-de-la-princesa\/\" \/>\n<meta property=\"og:site_name\" content=\"Editorial Mediterr\u00e0nia\" \/>\n<meta property=\"article:modified_time\" content=\"2026-01-22T12:05:12+00:00\" \/>\n<meta property=\"og:image\" content=\"https:\/\/editorialmediterrania.com\/wp-content\/uploads\/2024\/02\/Mockup_Dues-Lectures-Princesa-1024x1024.png\" \/>\n\t<meta property=\"og:image:width\" content=\"1024\" \/>\n\t<meta property=\"og:image:height\" content=\"1024\" \/>\n\t<meta property=\"og:image:type\" content=\"image\/png\" \/>\n<meta name=\"twitter:card\" content=\"summary_large_image\" \/>\n<meta name=\"twitter:site\" content=\"@edmediterrania\" \/>\n<meta name=\"twitter:label1\" content=\"Tiempo de lectura\" \/>\n\t<meta name=\"twitter:data1\" content=\"1 minuto\" \/>\n<script type=\"application\/ld+json\" class=\"yoast-schema-graph\">{\"@context\":\"https:\/\/schema.org\",\"@graph\":[{\"@type\":\"WebPage\",\"@id\":\"https:\/\/editorialmediterrania.com\/es\/producto\/la-llegenda-de-sant-jordi-la-llegenda-de-la-princesa\/\",\"url\":\"https:\/\/editorialmediterrania.com\/es\/producto\/la-llegenda-de-sant-jordi-la-llegenda-de-la-princesa\/\",\"name\":\"La llegenda de Sant Jordi \/ La llegenda de la princesa - Editorial Mediterr\u00e0nia\",\"isPartOf\":{\"@id\":\"https:\/\/editorialmediterrania.com\/es\/#website\"},\"primaryImageOfPage\":{\"@id\":\"https:\/\/editorialmediterrania.com\/es\/producto\/la-llegenda-de-sant-jordi-la-llegenda-de-la-princesa\/#primaryimage\"},\"image\":{\"@id\":\"https:\/\/editorialmediterrania.com\/es\/producto\/la-llegenda-de-sant-jordi-la-llegenda-de-la-princesa\/#primaryimage\"},\"thumbnailUrl\":\"https:\/\/editorialmediterrania.com\/wp-content\/uploads\/2024\/02\/Mockup_Dues-Lectures-Princesa.png\",\"datePublished\":\"2024-02-19T14:43:09+00:00\",\"dateModified\":\"2026-01-22T12:05:12+00:00\",\"description\":\"Sant Jordi i la princesa el llibre de la Pilar\u00edn Bay\u00e9s per llegir amb lletra de pal i amb lletra d'impremta. Ideal per a nens i nenes de 3 a 8 anys.\",\"breadcrumb\":{\"@id\":\"https:\/\/editorialmediterrania.com\/es\/producto\/la-llegenda-de-sant-jordi-la-llegenda-de-la-princesa\/#breadcrumb\"},\"inLanguage\":\"es\",\"potentialAction\":[{\"@type\":\"ReadAction\",\"target\":[\"https:\/\/editorialmediterrania.com\/es\/producto\/la-llegenda-de-sant-jordi-la-llegenda-de-la-princesa\/\"]}]},{\"@type\":\"ImageObject\",\"inLanguage\":\"es\",\"@id\":\"https:\/\/editorialmediterrania.com\/es\/producto\/la-llegenda-de-sant-jordi-la-llegenda-de-la-princesa\/#primaryimage\",\"url\":\"https:\/\/editorialmediterrania.com\/wp-content\/uploads\/2024\/02\/Mockup_Dues-Lectures-Princesa.png\",\"contentUrl\":\"https:\/\/editorialmediterrania.com\/wp-content\/uploads\/2024\/02\/Mockup_Dues-Lectures-Princesa.png\",\"width\":2480,\"height\":2480},{\"@type\":\"BreadcrumbList\",\"@id\":\"https:\/\/editorialmediterrania.com\/es\/producto\/la-llegenda-de-sant-jordi-la-llegenda-de-la-princesa\/#breadcrumb\",\"itemListElement\":[{\"@type\":\"ListItem\",\"position\":1,\"name\":\"Tienda de libros infantiles de arte\",\"item\":\"https:\/\/editorialmediterrania.com\/es\/tienda-de-libros-infantiles-arte\/\"},{\"@type\":\"ListItem\",\"position\":2,\"name\":\"La llegenda de Sant Jordi \/ La llegenda de la princesa\"}]},{\"@type\":\"WebSite\",\"@id\":\"https:\/\/editorialmediterrania.com\/es\/#website\",\"url\":\"https:\/\/editorialmediterrania.com\/es\/\",\"name\":\"Editorial Mediterrania\",\"description\":\"Llibres que t\u2019obriran nous mons\",\"publisher\":{\"@id\":\"https:\/\/editorialmediterrania.com\/es\/#organization\"},\"alternateName\":\"Llibres infantils d'art, cultura i natura\",\"potentialAction\":[{\"@type\":\"SearchAction\",\"target\":{\"@type\":\"EntryPoint\",\"urlTemplate\":\"https:\/\/editorialmediterrania.com\/es\/?s={search_term_string}\"},\"query-input\":\"required name=search_term_string\"}],\"inLanguage\":\"es\"},{\"@type\":\"Organization\",\"@id\":\"https:\/\/editorialmediterrania.com\/es\/#organization\",\"name\":\"Editorial Mediterrania\",\"alternateName\":\"Llibres d'art, cultura i natura per infants i fam\u00edlies\",\"url\":\"https:\/\/editorialmediterrania.com\/es\/\",\"logo\":{\"@type\":\"ImageObject\",\"inLanguage\":\"es\",\"@id\":\"https:\/\/editorialmediterrania.com\/es\/#\/schema\/logo\/image\/\",\"url\":\"https:\/\/editorialmediterrania.com\/wp-content\/uploads\/2023\/03\/LOGO-ED_MEDITERRANIA_OK-2.png\",\"contentUrl\":\"https:\/\/editorialmediterrania.com\/wp-content\/uploads\/2023\/03\/LOGO-ED_MEDITERRANIA_OK-2.png\",\"width\":1200,\"height\":300,\"caption\":\"Editorial Mediterrania\"},\"image\":{\"@id\":\"https:\/\/editorialmediterrania.com\/es\/#\/schema\/logo\/image\/\"},\"sameAs\":[\"https:\/\/x.com\/edmediterrania\",\"https:\/\/www.instagram.com\/editorialmediterrania\/\"]}]}<\/script>\n<!-- \/ Yoast SEO plugin. -->","yoast_head_json":{"title":"La llegenda de Sant Jordi \/ La llegenda de la princesa - Editorial Mediterr\u00e0nia","description":"Sant Jordi i la princesa el llibre de la Pilar\u00edn Bay\u00e9s per llegir amb lletra de pal i amb lletra d'impremta. Ideal per a nens i nenes de 3 a 8 anys.","robots":{"index":"index","follow":"follow","max-snippet":"max-snippet:-1","max-image-preview":"max-image-preview:large","max-video-preview":"max-video-preview:-1"},"canonical":"https:\/\/editorialmediterrania.com\/es\/producto\/la-llegenda-de-sant-jordi-la-llegenda-de-la-princesa\/","og_locale":"es_ES","og_type":"article","og_title":"La llegenda de Sant Jordi \/ La llegenda de la princesa - Editorial Mediterr\u00e0nia","og_description":"Sant Jordi i la princesa el llibre de la Pilar\u00edn Bay\u00e9s per llegir amb lletra de pal i amb lletra d'impremta. Ideal per a nens i nenes de 3 a 8 anys.","og_url":"https:\/\/editorialmediterrania.com\/es\/producto\/la-llegenda-de-sant-jordi-la-llegenda-de-la-princesa\/","og_site_name":"Editorial Mediterr\u00e0nia","article_modified_time":"2026-01-22T12:05:12+00:00","og_image":[{"width":1024,"height":1024,"url":"https:\/\/editorialmediterrania.com\/wp-content\/uploads\/2024\/02\/Mockup_Dues-Lectures-Princesa-1024x1024.png","type":"image\/png"}],"twitter_card":"summary_large_image","twitter_site":"@edmediterrania","twitter_misc":{"Tiempo de lectura":"1 minuto"},"schema":{"@context":"https:\/\/schema.org","@graph":[{"@type":"WebPage","@id":"https:\/\/editorialmediterrania.com\/es\/producto\/la-llegenda-de-sant-jordi-la-llegenda-de-la-princesa\/","url":"https:\/\/editorialmediterrania.com\/es\/producto\/la-llegenda-de-sant-jordi-la-llegenda-de-la-princesa\/","name":"La llegenda de Sant Jordi \/ La llegenda de la princesa - Editorial Mediterr\u00e0nia","isPartOf":{"@id":"https:\/\/editorialmediterrania.com\/es\/#website"},"primaryImageOfPage":{"@id":"https:\/\/editorialmediterrania.com\/es\/producto\/la-llegenda-de-sant-jordi-la-llegenda-de-la-princesa\/#primaryimage"},"image":{"@id":"https:\/\/editorialmediterrania.com\/es\/producto\/la-llegenda-de-sant-jordi-la-llegenda-de-la-princesa\/#primaryimage"},"thumbnailUrl":"https:\/\/editorialmediterrania.com\/wp-content\/uploads\/2024\/02\/Mockup_Dues-Lectures-Princesa.png","datePublished":"2024-02-19T14:43:09+00:00","dateModified":"2026-01-22T12:05:12+00:00","description":"Sant Jordi i la princesa el llibre de la Pilar\u00edn Bay\u00e9s per llegir amb lletra de pal i amb lletra d'impremta. Ideal per a nens i nenes de 3 a 8 anys.","breadcrumb":{"@id":"https:\/\/editorialmediterrania.com\/es\/producto\/la-llegenda-de-sant-jordi-la-llegenda-de-la-princesa\/#breadcrumb"},"inLanguage":"es","potentialAction":[{"@type":"ReadAction","target":["https:\/\/editorialmediterrania.com\/es\/producto\/la-llegenda-de-sant-jordi-la-llegenda-de-la-princesa\/"]}]},{"@type":"ImageObject","inLanguage":"es","@id":"https:\/\/editorialmediterrania.com\/es\/producto\/la-llegenda-de-sant-jordi-la-llegenda-de-la-princesa\/#primaryimage","url":"https:\/\/editorialmediterrania.com\/wp-content\/uploads\/2024\/02\/Mockup_Dues-Lectures-Princesa.png","contentUrl":"https:\/\/editorialmediterrania.com\/wp-content\/uploads\/2024\/02\/Mockup_Dues-Lectures-Princesa.png","width":2480,"height":2480},{"@type":"BreadcrumbList","@id":"https:\/\/editorialmediterrania.com\/es\/producto\/la-llegenda-de-sant-jordi-la-llegenda-de-la-princesa\/#breadcrumb","itemListElement":[{"@type":"ListItem","position":1,"name":"Tienda de libros infantiles de arte","item":"https:\/\/editorialmediterrania.com\/es\/tienda-de-libros-infantiles-arte\/"},{"@type":"ListItem","position":2,"name":"La llegenda de Sant Jordi \/ La llegenda de la princesa"}]},{"@type":"WebSite","@id":"https:\/\/editorialmediterrania.com\/es\/#website","url":"https:\/\/editorialmediterrania.com\/es\/","name":"Editorial Mediterrania","description":"Llibres que t\u2019obriran nous mons","publisher":{"@id":"https:\/\/editorialmediterrania.com\/es\/#organization"},"alternateName":"Llibres infantils d'art, cultura i natura","potentialAction":[{"@type":"SearchAction","target":{"@type":"EntryPoint","urlTemplate":"https:\/\/editorialmediterrania.com\/es\/?s={search_term_string}"},"query-input":"required name=search_term_string"}],"inLanguage":"es"},{"@type":"Organization","@id":"https:\/\/editorialmediterrania.com\/es\/#organization","name":"Editorial Mediterrania","alternateName":"Llibres d'art, cultura i natura per infants i fam\u00edlies","url":"https:\/\/editorialmediterrania.com\/es\/","logo":{"@type":"ImageObject","inLanguage":"es","@id":"https:\/\/editorialmediterrania.com\/es\/#\/schema\/logo\/image\/","url":"https:\/\/editorialmediterrania.com\/wp-content\/uploads\/2023\/03\/LOGO-ED_MEDITERRANIA_OK-2.png","contentUrl":"https:\/\/editorialmediterrania.com\/wp-content\/uploads\/2023\/03\/LOGO-ED_MEDITERRANIA_OK-2.png","width":1200,"height":300,"caption":"Editorial Mediterrania"},"image":{"@id":"https:\/\/editorialmediterrania.com\/es\/#\/schema\/logo\/image\/"},"sameAs":["https:\/\/x.com\/edmediterrania","https:\/\/www.instagram.com\/editorialmediterrania\/"]}]}},"_links":{"self":[{"href":"https:\/\/editorialmediterrania.com\/es\/wp-json\/wp\/v2\/product\/42801","targetHints":{"allow":["GET"]}}],"collection":[{"href":"https:\/\/editorialmediterrania.com\/es\/wp-json\/wp\/v2\/product"}],"about":[{"href":"https:\/\/editorialmediterrania.com\/es\/wp-json\/wp\/v2\/types\/product"}],"wp:featuredmedia":[{"embeddable":true,"href":"https:\/\/editorialmediterrania.com\/es\/wp-json\/wp\/v2\/media\/46579"}],"wp:attachment":[{"href":"https:\/\/editorialmediterrania.com\/es\/wp-json\/wp\/v2\/media?parent=42801"}],"wp:term":[{"taxonomy":"product_cat","embeddable":true,"href":"https:\/\/editorialmediterrania.com\/es\/wp-json\/wp\/v2\/product_cat?post=42801"},{"taxonomy":"product_tag","embeddable":true,"href":"https:\/\/editorialmediterrania.com\/es\/wp-json\/wp\/v2\/product_tag?post=42801"},{"taxonomy":"autors","embeddable":true,"href":"https:\/\/editorialmediterrania.com\/es\/wp-json\/wp\/v2\/autors?post=42801"}],"curies":[{"name":"wp","href":"https:\/\/api.w.org\/{rel}","templated":true}]}}