{"id":42980,"date":"2024-03-01T08:55:09","date_gmt":"2024-03-01T07:55:09","guid":{"rendered":"https:\/\/editorialmediterrania.com\/?post_type=product&#038;p=42980"},"modified":"2025-07-24T10:59:58","modified_gmt":"2025-07-24T08:59:58","slug":"petita-historia-de-la-passio-desparreguera","status":"publish","type":"product","link":"https:\/\/editorialmediterrania.com\/es\/producto\/petita-historia-de-la-passio-desparreguera\/","title":{"rendered":"Petita hist\u00f2ria de la Passi\u00f3 d&#8217;Esparreguera"},"content":{"rendered":"<p>La petita hist\u00f2ria de <a href=\"https:\/\/lapassio.net\"><strong>La Passi\u00f3 d&#8217;Esparreguera<\/strong><\/a> dona a con\u00e8ixer un dels espectacles m\u00e9s importants i distintius a nivell cultural i social del territori.<\/p>\n<p>Esparreguera, vila mil\u00b7len\u00e0ria situada a la riba dreta del riu Llobregat i porta d\u2019entrada al <a href=\"https:\/\/www.turismebaixllobregat.com\/es\/organizate\/naturaleza\/parc-natural-de-la-muntanya-de-montserrat\"><strong>Parc Natural de Montserrat<\/strong><\/a> celebra cada <a href=\"https:\/\/lapassio.net\"><strong>Setmana Santa<\/strong><\/a>, entre els mesos de mar\u00e7 i maig, l&#8217;espectacle de La Passi\u00f3 en un total de nou representacions.<\/p>\n","protected":false},"excerpt":{"rendered":"<p>La petita hist\u00f2ria de La Passi\u00f3 d&#8217;Esparreguera dona a con\u00e8ixer un dels espectacles m\u00e9s importants i distintius a nivell cultural i social del territori. Esparreguera, vila mil\u00b7len\u00e0ria situada a la riba dreta del riu Llobregat i porta d\u2019entrada al Parc Natural de Montserrat celebra cada Setmana Santa, entre els mesos de mar\u00e7 i maig, l&#8217;espectacle [&hellip;]<\/p>\n","protected":false},"featured_media":42981,"template":"","meta":[],"product_cat":[16,73],"product_tag":[],"autors":[],"class_list":{"0":"post-42980","1":"product","2":"type-product","3":"status-publish","4":"has-post-thumbnail","6":"product_cat-editorial-mediterrania","7":"product_cat-petites-histories","9":"first","10":"instock","11":"taxable","12":"shipping-taxable","13":"purchasable","14":"product-type-simple","swatches":"rey-swatches","show_selected":""},"acf":[],"yoast_head":"<!-- This site is optimized with the Yoast SEO plugin v22.8 - https:\/\/yoast.com\/wordpress\/plugins\/seo\/ -->\n<title>Petita hist\u00f2ria de la Passi\u00f3 d&#039;Esparreguera - Editorial Mediterr\u00e0nia<\/title>\n<meta name=\"description\" content=\"La petita hist\u00f2ria de La Passi\u00f3 d&#039;Esparreguera dona a con\u00e8ixer un dels espectacles m\u00e9s importants i distintius a nivell cultural i social del territori.\" \/>\n<meta name=\"robots\" content=\"index, follow, max-snippet:-1, max-image-preview:large, max-video-preview:-1\" \/>\n<link rel=\"canonical\" href=\"https:\/\/editorialmediterrania.com\/es\/producto\/petita-historia-de-la-passio-desparreguera\/\" \/>\n<meta property=\"og:locale\" content=\"es_ES\" \/>\n<meta property=\"og:type\" content=\"article\" \/>\n<meta property=\"og:title\" content=\"Petita hist\u00f2ria de la Passi\u00f3 d&#039;Esparreguera - Editorial Mediterr\u00e0nia\" \/>\n<meta property=\"og:description\" content=\"La petita hist\u00f2ria de La Passi\u00f3 d&#039;Esparreguera dona a con\u00e8ixer un dels espectacles m\u00e9s importants i distintius a nivell cultural i social del territori.\" \/>\n<meta property=\"og:url\" content=\"https:\/\/editorialmediterrania.com\/es\/producto\/petita-historia-de-la-passio-desparreguera\/\" \/>\n<meta property=\"og:site_name\" content=\"Editorial Mediterr\u00e0nia\" \/>\n<meta property=\"article:modified_time\" content=\"2025-07-24T08:59:58+00:00\" \/>\n<meta property=\"og:image\" content=\"https:\/\/editorialmediterrania.com\/wp-content\/uploads\/2024\/03\/9788419028761-855x1024.png\" \/>\n\t<meta property=\"og:image:width\" content=\"855\" \/>\n\t<meta property=\"og:image:height\" content=\"1024\" \/>\n\t<meta property=\"og:image:type\" content=\"image\/png\" \/>\n<meta name=\"twitter:card\" content=\"summary_large_image\" \/>\n<meta name=\"twitter:site\" content=\"@edmediterrania\" \/>\n<meta name=\"twitter:label1\" content=\"Tiempo de lectura\" \/>\n\t<meta name=\"twitter:data1\" content=\"1 minuto\" \/>\n<script type=\"application\/ld+json\" class=\"yoast-schema-graph\">{\"@context\":\"https:\/\/schema.org\",\"@graph\":[{\"@type\":\"WebPage\",\"@id\":\"https:\/\/editorialmediterrania.com\/es\/producto\/petita-historia-de-la-passio-desparreguera\/\",\"url\":\"https:\/\/editorialmediterrania.com\/es\/producto\/petita-historia-de-la-passio-desparreguera\/\",\"name\":\"Petita hist\u00f2ria de la Passi\u00f3 d'Esparreguera - Editorial Mediterr\u00e0nia\",\"isPartOf\":{\"@id\":\"https:\/\/editorialmediterrania.com\/es\/#website\"},\"primaryImageOfPage\":{\"@id\":\"https:\/\/editorialmediterrania.com\/es\/producto\/petita-historia-de-la-passio-desparreguera\/#primaryimage\"},\"image\":{\"@id\":\"https:\/\/editorialmediterrania.com\/es\/producto\/petita-historia-de-la-passio-desparreguera\/#primaryimage\"},\"thumbnailUrl\":\"https:\/\/editorialmediterrania.com\/wp-content\/uploads\/2024\/03\/9788419028761.png\",\"datePublished\":\"2024-03-01T07:55:09+00:00\",\"dateModified\":\"2025-07-24T08:59:58+00:00\",\"description\":\"La petita hist\u00f2ria de La Passi\u00f3 d'Esparreguera dona a con\u00e8ixer un dels espectacles m\u00e9s importants i distintius a nivell cultural i social del territori.\",\"breadcrumb\":{\"@id\":\"https:\/\/editorialmediterrania.com\/es\/producto\/petita-historia-de-la-passio-desparreguera\/#breadcrumb\"},\"inLanguage\":\"es\",\"potentialAction\":[{\"@type\":\"ReadAction\",\"target\":[\"https:\/\/editorialmediterrania.com\/es\/producto\/petita-historia-de-la-passio-desparreguera\/\"]}]},{\"@type\":\"ImageObject\",\"inLanguage\":\"es\",\"@id\":\"https:\/\/editorialmediterrania.com\/es\/producto\/petita-historia-de-la-passio-desparreguera\/#primaryimage\",\"url\":\"https:\/\/editorialmediterrania.com\/wp-content\/uploads\/2024\/03\/9788419028761.png\",\"contentUrl\":\"https:\/\/editorialmediterrania.com\/wp-content\/uploads\/2024\/03\/9788419028761.png\",\"width\":984,\"height\":1178},{\"@type\":\"BreadcrumbList\",\"@id\":\"https:\/\/editorialmediterrania.com\/es\/producto\/petita-historia-de-la-passio-desparreguera\/#breadcrumb\",\"itemListElement\":[{\"@type\":\"ListItem\",\"position\":1,\"name\":\"Tienda de libros infantiles de arte\",\"item\":\"https:\/\/editorialmediterrania.com\/es\/tienda-de-libros-infantiles-arte\/\"},{\"@type\":\"ListItem\",\"position\":2,\"name\":\"Petita hist\u00f2ria de la Passi\u00f3 d&#8217;Esparreguera\"}]},{\"@type\":\"WebSite\",\"@id\":\"https:\/\/editorialmediterrania.com\/es\/#website\",\"url\":\"https:\/\/editorialmediterrania.com\/es\/\",\"name\":\"Editorial Mediterrania\",\"description\":\"Llibres que t\u2019obriran nous mons\",\"publisher\":{\"@id\":\"https:\/\/editorialmediterrania.com\/es\/#organization\"},\"alternateName\":\"Llibres infantils d'art, cultura i natura\",\"potentialAction\":[{\"@type\":\"SearchAction\",\"target\":{\"@type\":\"EntryPoint\",\"urlTemplate\":\"https:\/\/editorialmediterrania.com\/es\/?s={search_term_string}\"},\"query-input\":\"required name=search_term_string\"}],\"inLanguage\":\"es\"},{\"@type\":\"Organization\",\"@id\":\"https:\/\/editorialmediterrania.com\/es\/#organization\",\"name\":\"Editorial Mediterrania\",\"alternateName\":\"Llibres d'art, cultura i natura per infants i fam\u00edlies\",\"url\":\"https:\/\/editorialmediterrania.com\/es\/\",\"logo\":{\"@type\":\"ImageObject\",\"inLanguage\":\"es\",\"@id\":\"https:\/\/editorialmediterrania.com\/es\/#\/schema\/logo\/image\/\",\"url\":\"https:\/\/editorialmediterrania.com\/wp-content\/uploads\/2023\/03\/LOGO-ED_MEDITERRANIA_OK-2.png\",\"contentUrl\":\"https:\/\/editorialmediterrania.com\/wp-content\/uploads\/2023\/03\/LOGO-ED_MEDITERRANIA_OK-2.png\",\"width\":1200,\"height\":300,\"caption\":\"Editorial Mediterrania\"},\"image\":{\"@id\":\"https:\/\/editorialmediterrania.com\/es\/#\/schema\/logo\/image\/\"},\"sameAs\":[\"https:\/\/x.com\/edmediterrania\",\"https:\/\/www.instagram.com\/editorialmediterrania\/\"]}]}<\/script>\n<!-- \/ Yoast SEO plugin. -->","yoast_head_json":{"title":"Petita hist\u00f2ria de la Passi\u00f3 d'Esparreguera - Editorial Mediterr\u00e0nia","description":"La petita hist\u00f2ria de La Passi\u00f3 d'Esparreguera dona a con\u00e8ixer un dels espectacles m\u00e9s importants i distintius a nivell cultural i social del territori.","robots":{"index":"index","follow":"follow","max-snippet":"max-snippet:-1","max-image-preview":"max-image-preview:large","max-video-preview":"max-video-preview:-1"},"canonical":"https:\/\/editorialmediterrania.com\/es\/producto\/petita-historia-de-la-passio-desparreguera\/","og_locale":"es_ES","og_type":"article","og_title":"Petita hist\u00f2ria de la Passi\u00f3 d'Esparreguera - Editorial Mediterr\u00e0nia","og_description":"La petita hist\u00f2ria de La Passi\u00f3 d'Esparreguera dona a con\u00e8ixer un dels espectacles m\u00e9s importants i distintius a nivell cultural i social del territori.","og_url":"https:\/\/editorialmediterrania.com\/es\/producto\/petita-historia-de-la-passio-desparreguera\/","og_site_name":"Editorial Mediterr\u00e0nia","article_modified_time":"2025-07-24T08:59:58+00:00","og_image":[{"width":855,"height":1024,"url":"https:\/\/editorialmediterrania.com\/wp-content\/uploads\/2024\/03\/9788419028761-855x1024.png","type":"image\/png"}],"twitter_card":"summary_large_image","twitter_site":"@edmediterrania","twitter_misc":{"Tiempo de lectura":"1 minuto"},"schema":{"@context":"https:\/\/schema.org","@graph":[{"@type":"WebPage","@id":"https:\/\/editorialmediterrania.com\/es\/producto\/petita-historia-de-la-passio-desparreguera\/","url":"https:\/\/editorialmediterrania.com\/es\/producto\/petita-historia-de-la-passio-desparreguera\/","name":"Petita hist\u00f2ria de la Passi\u00f3 d'Esparreguera - Editorial Mediterr\u00e0nia","isPartOf":{"@id":"https:\/\/editorialmediterrania.com\/es\/#website"},"primaryImageOfPage":{"@id":"https:\/\/editorialmediterrania.com\/es\/producto\/petita-historia-de-la-passio-desparreguera\/#primaryimage"},"image":{"@id":"https:\/\/editorialmediterrania.com\/es\/producto\/petita-historia-de-la-passio-desparreguera\/#primaryimage"},"thumbnailUrl":"https:\/\/editorialmediterrania.com\/wp-content\/uploads\/2024\/03\/9788419028761.png","datePublished":"2024-03-01T07:55:09+00:00","dateModified":"2025-07-24T08:59:58+00:00","description":"La petita hist\u00f2ria de La Passi\u00f3 d'Esparreguera dona a con\u00e8ixer un dels espectacles m\u00e9s importants i distintius a nivell cultural i social del territori.","breadcrumb":{"@id":"https:\/\/editorialmediterrania.com\/es\/producto\/petita-historia-de-la-passio-desparreguera\/#breadcrumb"},"inLanguage":"es","potentialAction":[{"@type":"ReadAction","target":["https:\/\/editorialmediterrania.com\/es\/producto\/petita-historia-de-la-passio-desparreguera\/"]}]},{"@type":"ImageObject","inLanguage":"es","@id":"https:\/\/editorialmediterrania.com\/es\/producto\/petita-historia-de-la-passio-desparreguera\/#primaryimage","url":"https:\/\/editorialmediterrania.com\/wp-content\/uploads\/2024\/03\/9788419028761.png","contentUrl":"https:\/\/editorialmediterrania.com\/wp-content\/uploads\/2024\/03\/9788419028761.png","width":984,"height":1178},{"@type":"BreadcrumbList","@id":"https:\/\/editorialmediterrania.com\/es\/producto\/petita-historia-de-la-passio-desparreguera\/#breadcrumb","itemListElement":[{"@type":"ListItem","position":1,"name":"Tienda de libros infantiles de arte","item":"https:\/\/editorialmediterrania.com\/es\/tienda-de-libros-infantiles-arte\/"},{"@type":"ListItem","position":2,"name":"Petita hist\u00f2ria de la Passi\u00f3 d&#8217;Esparreguera"}]},{"@type":"WebSite","@id":"https:\/\/editorialmediterrania.com\/es\/#website","url":"https:\/\/editorialmediterrania.com\/es\/","name":"Editorial Mediterrania","description":"Llibres que t\u2019obriran nous mons","publisher":{"@id":"https:\/\/editorialmediterrania.com\/es\/#organization"},"alternateName":"Llibres infantils d'art, cultura i natura","potentialAction":[{"@type":"SearchAction","target":{"@type":"EntryPoint","urlTemplate":"https:\/\/editorialmediterrania.com\/es\/?s={search_term_string}"},"query-input":"required name=search_term_string"}],"inLanguage":"es"},{"@type":"Organization","@id":"https:\/\/editorialmediterrania.com\/es\/#organization","name":"Editorial Mediterrania","alternateName":"Llibres d'art, cultura i natura per infants i fam\u00edlies","url":"https:\/\/editorialmediterrania.com\/es\/","logo":{"@type":"ImageObject","inLanguage":"es","@id":"https:\/\/editorialmediterrania.com\/es\/#\/schema\/logo\/image\/","url":"https:\/\/editorialmediterrania.com\/wp-content\/uploads\/2023\/03\/LOGO-ED_MEDITERRANIA_OK-2.png","contentUrl":"https:\/\/editorialmediterrania.com\/wp-content\/uploads\/2023\/03\/LOGO-ED_MEDITERRANIA_OK-2.png","width":1200,"height":300,"caption":"Editorial Mediterrania"},"image":{"@id":"https:\/\/editorialmediterrania.com\/es\/#\/schema\/logo\/image\/"},"sameAs":["https:\/\/x.com\/edmediterrania","https:\/\/www.instagram.com\/editorialmediterrania\/"]}]}},"_links":{"self":[{"href":"https:\/\/editorialmediterrania.com\/es\/wp-json\/wp\/v2\/product\/42980","targetHints":{"allow":["GET"]}}],"collection":[{"href":"https:\/\/editorialmediterrania.com\/es\/wp-json\/wp\/v2\/product"}],"about":[{"href":"https:\/\/editorialmediterrania.com\/es\/wp-json\/wp\/v2\/types\/product"}],"wp:featuredmedia":[{"embeddable":true,"href":"https:\/\/editorialmediterrania.com\/es\/wp-json\/wp\/v2\/media\/42981"}],"wp:attachment":[{"href":"https:\/\/editorialmediterrania.com\/es\/wp-json\/wp\/v2\/media?parent=42980"}],"wp:term":[{"taxonomy":"product_cat","embeddable":true,"href":"https:\/\/editorialmediterrania.com\/es\/wp-json\/wp\/v2\/product_cat?post=42980"},{"taxonomy":"product_tag","embeddable":true,"href":"https:\/\/editorialmediterrania.com\/es\/wp-json\/wp\/v2\/product_tag?post=42980"},{"taxonomy":"autors","embeddable":true,"href":"https:\/\/editorialmediterrania.com\/es\/wp-json\/wp\/v2\/autors?post=42980"}],"curies":[{"name":"wp","href":"https:\/\/api.w.org\/{rel}","templated":true}]}}