{"id":44666,"date":"2024-08-28T09:34:47","date_gmt":"2024-08-28T07:34:47","guid":{"rendered":"https:\/\/editorialmediterrania.com\/?post_type=product&#038;p=44666"},"modified":"2024-10-02T14:52:37","modified_gmt":"2024-10-02T12:52:37","slug":"ja-vaig-a-lescola-amb-pictogrames","status":"publish","type":"product","link":"https:\/\/editorialmediterrania.com\/es\/producto\/ja-vaig-a-lescola-amb-pictogrames\/","title":{"rendered":"JA VAIG A L&#8217;ESCOLA AMB PICTOGRAMES"},"content":{"rendered":"<p><strong><em>Ja vaig a l&#8217;escola<\/em><\/strong>\u00a0\u00e9s un <strong>conte il\u00b7lustrat<\/strong> creat especialment per a tots els nens i nenes que comencen <strong>I3<\/strong>. Sabem que l&#8217;inici de l&#8217;escola \u00e9s un moment emocionant i ple de novetats, i aquest llibre est\u00e0 dissenyat per acompanyar els m\u00e9s petits en aquesta nova etapa, ajudant-los a descobrir el que els espera.<\/p>\n<p>Per tal de <strong>facilitar l&#8217;aprenentatge dels nouvinguts, dels nens amb necessitats especials<\/strong> i assegurar que tothom ho pugui entendre, hem adaptat el conte a <strong>pictogrames<\/strong>!<\/p>\n<p>Els <strong>pictogrames<\/strong> s\u00f3n una eina essencial dins dels <strong>Sistemes Augmentatius i Alternatius de Comunicaci\u00f3 (SAAC)<\/strong>, que s\u00f3n formes d\u2019expressi\u00f3 alternatives al llenguatge parlat, pensades per augmentar i\/o compensar les dificultats de comunicaci\u00f3 i llenguatge de moltes persones amb discapacitat.<\/p>\n<p>Aix\u00ed que mestres i educadors\/es\u00a0<strong><em>Ja vaig a l&#8217;escola<\/em><\/strong>\u00a0no nom\u00e9s ser\u00e0 un <strong>conte<\/strong> per gaudir, sin\u00f3 tamb\u00e9 una eina inclusiva que ajudar\u00e0 tots els <strong>infants<\/strong> a comen\u00e7ar aquesta nova aventura amb confian\u00e7a i seguretat!<\/p>\n","protected":false},"excerpt":{"rendered":"<h2><strong>ATENCI\u00d3!<\/strong>\u00a0<a href=\"https:\/\/mailchi.mp\/faa6cb4ab286\/formulari-contacte-ja-vaig-a-lescola\">Descarrega&#8217;t el <strong>conte<\/strong> amb pictogrames <\/a><strong>gratu\u00eftament fent click <a href=\"https:\/\/mailchi.mp\/faa6cb4ab286\/formulari-contacte-ja-vaig-a-lescola\">AQU\u00cd!<\/a><\/strong><\/h2>\n<h2><strong><a href=\"https:\/\/editorialmediterrania.com\/wp-content\/uploads\/2024\/08\/ja-vaig-a-lescola-subtitols.mov\">VEURE V\u00cdDEO<\/a><\/strong><\/h2>\n<p>Material ideal per a mestres i educadors\/es<\/p>\n","protected":false},"featured_media":44667,"template":"","meta":[],"product_cat":[6535,16],"product_tag":[],"autors":[],"class_list":{"0":"post-44666","1":"product","2":"type-product","3":"status-publish","4":"has-post-thumbnail","6":"product_cat-ja-vaig-a-lescola","7":"product_cat-editorial-mediterrania","9":"first","10":"instock","11":"downloadable","12":"taxable","13":"shipping-taxable","14":"product-type-simple","swatches":"rey-swatches","show_selected":""},"acf":[],"yoast_head":"<!-- This site is optimized with the Yoast SEO plugin v22.8 - https:\/\/yoast.com\/wordpress\/plugins\/seo\/ -->\n<title>JA VAIG A L&#039;ESCOLA AMB PICTOGRAMES - Editorial Mediterr\u00e0nia<\/title>\n<meta name=\"description\" content=\"Ja vaig a l&#039;escola\u00a0\u00e9s un conte il\u00b7lustrat creat especialment per a tots els nens i nenes que comencen I3\" \/>\n<meta name=\"robots\" content=\"index, follow, max-snippet:-1, max-image-preview:large, max-video-preview:-1\" \/>\n<link rel=\"canonical\" href=\"https:\/\/editorialmediterrania.com\/es\/producto\/ja-vaig-a-lescola-amb-pictogrames\/\" \/>\n<meta property=\"og:locale\" content=\"es_ES\" \/>\n<meta property=\"og:type\" content=\"article\" \/>\n<meta property=\"og:title\" content=\"JA VAIG A L&#039;ESCOLA AMB PICTOGRAMES - Editorial Mediterr\u00e0nia\" \/>\n<meta property=\"og:description\" content=\"Ja vaig a l&#039;escola\u00a0\u00e9s un conte il\u00b7lustrat creat especialment per a tots els nens i nenes que comencen I3\" \/>\n<meta property=\"og:url\" content=\"https:\/\/editorialmediterrania.com\/es\/producto\/ja-vaig-a-lescola-amb-pictogrames\/\" \/>\n<meta property=\"og:site_name\" content=\"Editorial Mediterr\u00e0nia\" \/>\n<meta property=\"article:modified_time\" content=\"2024-10-02T12:52:37+00:00\" \/>\n<meta property=\"og:image\" content=\"https:\/\/editorialmediterrania.com\/wp-content\/uploads\/2024\/08\/Diseno-sin-titulo-5.png\" \/>\n\t<meta property=\"og:image:width\" content=\"1080\" \/>\n\t<meta property=\"og:image:height\" content=\"1080\" \/>\n\t<meta property=\"og:image:type\" content=\"image\/png\" \/>\n<meta name=\"twitter:card\" content=\"summary_large_image\" \/>\n<meta name=\"twitter:site\" content=\"@edmediterrania\" \/>\n<meta name=\"twitter:label1\" content=\"Tiempo de lectura\" \/>\n\t<meta name=\"twitter:data1\" content=\"2 minutos\" \/>\n<script type=\"application\/ld+json\" class=\"yoast-schema-graph\">{\"@context\":\"https:\/\/schema.org\",\"@graph\":[{\"@type\":\"WebPage\",\"@id\":\"https:\/\/editorialmediterrania.com\/es\/producto\/ja-vaig-a-lescola-amb-pictogrames\/\",\"url\":\"https:\/\/editorialmediterrania.com\/es\/producto\/ja-vaig-a-lescola-amb-pictogrames\/\",\"name\":\"JA VAIG A L'ESCOLA AMB PICTOGRAMES - Editorial Mediterr\u00e0nia\",\"isPartOf\":{\"@id\":\"https:\/\/editorialmediterrania.com\/es\/#website\"},\"primaryImageOfPage\":{\"@id\":\"https:\/\/editorialmediterrania.com\/es\/producto\/ja-vaig-a-lescola-amb-pictogrames\/#primaryimage\"},\"image\":{\"@id\":\"https:\/\/editorialmediterrania.com\/es\/producto\/ja-vaig-a-lescola-amb-pictogrames\/#primaryimage\"},\"thumbnailUrl\":\"https:\/\/editorialmediterrania.com\/wp-content\/uploads\/2024\/08\/Diseno-sin-titulo-5.png\",\"datePublished\":\"2024-08-28T07:34:47+00:00\",\"dateModified\":\"2024-10-02T12:52:37+00:00\",\"description\":\"Ja vaig a l'escola\u00a0\u00e9s un conte il\u00b7lustrat creat especialment per a tots els nens i nenes que comencen I3\",\"breadcrumb\":{\"@id\":\"https:\/\/editorialmediterrania.com\/es\/producto\/ja-vaig-a-lescola-amb-pictogrames\/#breadcrumb\"},\"inLanguage\":\"es\",\"potentialAction\":[{\"@type\":\"ReadAction\",\"target\":[\"https:\/\/editorialmediterrania.com\/es\/producto\/ja-vaig-a-lescola-amb-pictogrames\/\"]}]},{\"@type\":\"ImageObject\",\"inLanguage\":\"es\",\"@id\":\"https:\/\/editorialmediterrania.com\/es\/producto\/ja-vaig-a-lescola-amb-pictogrames\/#primaryimage\",\"url\":\"https:\/\/editorialmediterrania.com\/wp-content\/uploads\/2024\/08\/Diseno-sin-titulo-5.png\",\"contentUrl\":\"https:\/\/editorialmediterrania.com\/wp-content\/uploads\/2024\/08\/Diseno-sin-titulo-5.png\",\"width\":1080,\"height\":1080,\"caption\":\"Conte descarregable gratis amb pictogrames\"},{\"@type\":\"BreadcrumbList\",\"@id\":\"https:\/\/editorialmediterrania.com\/es\/producto\/ja-vaig-a-lescola-amb-pictogrames\/#breadcrumb\",\"itemListElement\":[{\"@type\":\"ListItem\",\"position\":1,\"name\":\"Tienda de libros infantiles de arte\",\"item\":\"https:\/\/editorialmediterrania.com\/es\/tienda-de-libros-infantiles-arte\/\"},{\"@type\":\"ListItem\",\"position\":2,\"name\":\"JA VAIG A L&#8217;ESCOLA AMB PICTOGRAMES\"}]},{\"@type\":\"WebSite\",\"@id\":\"https:\/\/editorialmediterrania.com\/es\/#website\",\"url\":\"https:\/\/editorialmediterrania.com\/es\/\",\"name\":\"Editorial Mediterrania\",\"description\":\"Llibres que t\u2019obriran nous mons\",\"publisher\":{\"@id\":\"https:\/\/editorialmediterrania.com\/es\/#organization\"},\"alternateName\":\"Llibres infantils d'art, cultura i natura\",\"potentialAction\":[{\"@type\":\"SearchAction\",\"target\":{\"@type\":\"EntryPoint\",\"urlTemplate\":\"https:\/\/editorialmediterrania.com\/es\/?s={search_term_string}\"},\"query-input\":\"required name=search_term_string\"}],\"inLanguage\":\"es\"},{\"@type\":\"Organization\",\"@id\":\"https:\/\/editorialmediterrania.com\/es\/#organization\",\"name\":\"Editorial Mediterrania\",\"alternateName\":\"Llibres d'art, cultura i natura per infants i fam\u00edlies\",\"url\":\"https:\/\/editorialmediterrania.com\/es\/\",\"logo\":{\"@type\":\"ImageObject\",\"inLanguage\":\"es\",\"@id\":\"https:\/\/editorialmediterrania.com\/es\/#\/schema\/logo\/image\/\",\"url\":\"https:\/\/editorialmediterrania.com\/wp-content\/uploads\/2023\/03\/LOGO-ED_MEDITERRANIA_OK-2.png\",\"contentUrl\":\"https:\/\/editorialmediterrania.com\/wp-content\/uploads\/2023\/03\/LOGO-ED_MEDITERRANIA_OK-2.png\",\"width\":1200,\"height\":300,\"caption\":\"Editorial Mediterrania\"},\"image\":{\"@id\":\"https:\/\/editorialmediterrania.com\/es\/#\/schema\/logo\/image\/\"},\"sameAs\":[\"https:\/\/x.com\/edmediterrania\",\"https:\/\/www.instagram.com\/editorialmediterrania\/\"]}]}<\/script>\n<!-- \/ Yoast SEO plugin. -->","yoast_head_json":{"title":"JA VAIG A L'ESCOLA AMB PICTOGRAMES - Editorial Mediterr\u00e0nia","description":"Ja vaig a l'escola\u00a0\u00e9s un conte il\u00b7lustrat creat especialment per a tots els nens i nenes que comencen I3","robots":{"index":"index","follow":"follow","max-snippet":"max-snippet:-1","max-image-preview":"max-image-preview:large","max-video-preview":"max-video-preview:-1"},"canonical":"https:\/\/editorialmediterrania.com\/es\/producto\/ja-vaig-a-lescola-amb-pictogrames\/","og_locale":"es_ES","og_type":"article","og_title":"JA VAIG A L'ESCOLA AMB PICTOGRAMES - Editorial Mediterr\u00e0nia","og_description":"Ja vaig a l'escola\u00a0\u00e9s un conte il\u00b7lustrat creat especialment per a tots els nens i nenes que comencen I3","og_url":"https:\/\/editorialmediterrania.com\/es\/producto\/ja-vaig-a-lescola-amb-pictogrames\/","og_site_name":"Editorial Mediterr\u00e0nia","article_modified_time":"2024-10-02T12:52:37+00:00","og_image":[{"width":1080,"height":1080,"url":"https:\/\/editorialmediterrania.com\/wp-content\/uploads\/2024\/08\/Diseno-sin-titulo-5.png","type":"image\/png"}],"twitter_card":"summary_large_image","twitter_site":"@edmediterrania","twitter_misc":{"Tiempo de lectura":"2 minutos"},"schema":{"@context":"https:\/\/schema.org","@graph":[{"@type":"WebPage","@id":"https:\/\/editorialmediterrania.com\/es\/producto\/ja-vaig-a-lescola-amb-pictogrames\/","url":"https:\/\/editorialmediterrania.com\/es\/producto\/ja-vaig-a-lescola-amb-pictogrames\/","name":"JA VAIG A L'ESCOLA AMB PICTOGRAMES - Editorial Mediterr\u00e0nia","isPartOf":{"@id":"https:\/\/editorialmediterrania.com\/es\/#website"},"primaryImageOfPage":{"@id":"https:\/\/editorialmediterrania.com\/es\/producto\/ja-vaig-a-lescola-amb-pictogrames\/#primaryimage"},"image":{"@id":"https:\/\/editorialmediterrania.com\/es\/producto\/ja-vaig-a-lescola-amb-pictogrames\/#primaryimage"},"thumbnailUrl":"https:\/\/editorialmediterrania.com\/wp-content\/uploads\/2024\/08\/Diseno-sin-titulo-5.png","datePublished":"2024-08-28T07:34:47+00:00","dateModified":"2024-10-02T12:52:37+00:00","description":"Ja vaig a l'escola\u00a0\u00e9s un conte il\u00b7lustrat creat especialment per a tots els nens i nenes que comencen I3","breadcrumb":{"@id":"https:\/\/editorialmediterrania.com\/es\/producto\/ja-vaig-a-lescola-amb-pictogrames\/#breadcrumb"},"inLanguage":"es","potentialAction":[{"@type":"ReadAction","target":["https:\/\/editorialmediterrania.com\/es\/producto\/ja-vaig-a-lescola-amb-pictogrames\/"]}]},{"@type":"ImageObject","inLanguage":"es","@id":"https:\/\/editorialmediterrania.com\/es\/producto\/ja-vaig-a-lescola-amb-pictogrames\/#primaryimage","url":"https:\/\/editorialmediterrania.com\/wp-content\/uploads\/2024\/08\/Diseno-sin-titulo-5.png","contentUrl":"https:\/\/editorialmediterrania.com\/wp-content\/uploads\/2024\/08\/Diseno-sin-titulo-5.png","width":1080,"height":1080,"caption":"Conte descarregable gratis amb pictogrames"},{"@type":"BreadcrumbList","@id":"https:\/\/editorialmediterrania.com\/es\/producto\/ja-vaig-a-lescola-amb-pictogrames\/#breadcrumb","itemListElement":[{"@type":"ListItem","position":1,"name":"Tienda de libros infantiles de arte","item":"https:\/\/editorialmediterrania.com\/es\/tienda-de-libros-infantiles-arte\/"},{"@type":"ListItem","position":2,"name":"JA VAIG A L&#8217;ESCOLA AMB PICTOGRAMES"}]},{"@type":"WebSite","@id":"https:\/\/editorialmediterrania.com\/es\/#website","url":"https:\/\/editorialmediterrania.com\/es\/","name":"Editorial Mediterrania","description":"Llibres que t\u2019obriran nous mons","publisher":{"@id":"https:\/\/editorialmediterrania.com\/es\/#organization"},"alternateName":"Llibres infantils d'art, cultura i natura","potentialAction":[{"@type":"SearchAction","target":{"@type":"EntryPoint","urlTemplate":"https:\/\/editorialmediterrania.com\/es\/?s={search_term_string}"},"query-input":"required name=search_term_string"}],"inLanguage":"es"},{"@type":"Organization","@id":"https:\/\/editorialmediterrania.com\/es\/#organization","name":"Editorial Mediterrania","alternateName":"Llibres d'art, cultura i natura per infants i fam\u00edlies","url":"https:\/\/editorialmediterrania.com\/es\/","logo":{"@type":"ImageObject","inLanguage":"es","@id":"https:\/\/editorialmediterrania.com\/es\/#\/schema\/logo\/image\/","url":"https:\/\/editorialmediterrania.com\/wp-content\/uploads\/2023\/03\/LOGO-ED_MEDITERRANIA_OK-2.png","contentUrl":"https:\/\/editorialmediterrania.com\/wp-content\/uploads\/2023\/03\/LOGO-ED_MEDITERRANIA_OK-2.png","width":1200,"height":300,"caption":"Editorial Mediterrania"},"image":{"@id":"https:\/\/editorialmediterrania.com\/es\/#\/schema\/logo\/image\/"},"sameAs":["https:\/\/x.com\/edmediterrania","https:\/\/www.instagram.com\/editorialmediterrania\/"]}]}},"_links":{"self":[{"href":"https:\/\/editorialmediterrania.com\/es\/wp-json\/wp\/v2\/product\/44666","targetHints":{"allow":["GET"]}}],"collection":[{"href":"https:\/\/editorialmediterrania.com\/es\/wp-json\/wp\/v2\/product"}],"about":[{"href":"https:\/\/editorialmediterrania.com\/es\/wp-json\/wp\/v2\/types\/product"}],"wp:featuredmedia":[{"embeddable":true,"href":"https:\/\/editorialmediterrania.com\/es\/wp-json\/wp\/v2\/media\/44667"}],"wp:attachment":[{"href":"https:\/\/editorialmediterrania.com\/es\/wp-json\/wp\/v2\/media?parent=44666"}],"wp:term":[{"taxonomy":"product_cat","embeddable":true,"href":"https:\/\/editorialmediterrania.com\/es\/wp-json\/wp\/v2\/product_cat?post=44666"},{"taxonomy":"product_tag","embeddable":true,"href":"https:\/\/editorialmediterrania.com\/es\/wp-json\/wp\/v2\/product_tag?post=44666"},{"taxonomy":"autors","embeddable":true,"href":"https:\/\/editorialmediterrania.com\/es\/wp-json\/wp\/v2\/autors?post=44666"}],"curies":[{"name":"wp","href":"https:\/\/api.w.org\/{rel}","templated":true}]}}