{"id":46469,"date":"2025-01-31T10:51:54","date_gmt":"2025-03-11T09:02:06","guid":{"rendered":"https:\/\/editorialmediterrania.com\/producte\/el-museu-dart-den-babar\/"},"modified":"2025-03-11T12:26:37","modified_gmt":"2025-03-11T11:26:37","slug":"el-museo-de-arte-de-babar","status":"publish","type":"product","link":"https:\/\/editorialmediterrania.com\/es\/producto\/el-museo-de-arte-de-babar\/","title":{"rendered":"El museo de arte de Babar"},"content":{"rendered":"<p>Este <strong>cuento<\/strong> ilustrado no solo presenta una historia entra\u00f1able, sino que adapta e ilustra obras de arte ic\u00f3nicas dentro del universo de <strong>Babar<\/strong>, fusionando la magia del personaje con algunos de los grandes maestros de la <strong>historia del arte<\/strong>.<\/p>\n<p>Entre las piezas m\u00e1s reconocidas, podemos encontrar <strong><em>Las se\u00f1oritas de Avignon<\/em><\/strong> <strong>de Picasso<\/strong>, <strong><em>Aparici\u00f3n de un rostro<\/em><em> y un frutero<\/em> en la playa de Salvador Dal\u00ed, <em>El grito <\/em>de Munch, <em>Las Meninas de Vel\u00e1zquez <\/em>o <em>La creaci\u00f3n de Ad\u00e1n<\/em> de la Capilla Sixtina<\/strong>, todas reinventadas con el carism\u00e1tico estilo de este cl\u00e1sico de la literatura infantil.<\/p>\n<p>Este <strong>libro<\/strong> vuelve a unir generaciones: <strong>un cl\u00e1sico de la literatura infantil y de la televisi\u00f3n de los a\u00f1os 70 i 80 <\/strong>que ahora permite a los m\u00e1s peque\u00f1os descubrir el universo de <strong>Babar<\/strong> y compartirlo en familia.<\/p>\n<p>Este cuento, recomendado para ni\u00f1os y ni\u00f1as a <strong>partir de 5 a\u00f1os<\/strong>, llega a una edici\u00f3n en<strong> tapa dura<\/strong> con <strong>ilustraciones a todo color,<\/strong> manteniendo la magia visual del cl\u00e1sico original.<\/p>\n","protected":false},"excerpt":{"rendered":"<p>La familia <strong>Babar<\/strong> ha tenido una gran idea: convertir la antigua estaci\u00f3n de tren de Villa Celeste en un museo \u00fanico, lleno de obras de arte y esculturas de todo el mundo. En esta aventura, ni\u00f1os y adultos tendr\u00e1n la oportunidad de descubrir los grandes maestros de la historia del arte, como<strong> Dal\u00ed, Picasso, Goya o Vel\u00e1zquez,<\/strong> a trav\u00e9s de un viaje lleno de curiosidades y creatividad.<\/p>\n","protected":false},"featured_media":46353,"template":"","meta":[],"product_cat":[30,28],"product_tag":[],"autors":[],"class_list":{"0":"post-46469","1":"product","2":"type-product","3":"status-publish","4":"has-post-thumbnail","6":"product_cat-editorial-mediterrania","7":"product_cat-arte-en-familia","9":"first","10":"instock","11":"taxable","12":"shipping-taxable","13":"purchasable","14":"product-type-variable","swatches":"rey-swatches","show_selected":""},"acf":[],"yoast_head":"<!-- This site is optimized with the Yoast SEO plugin v22.8 - https:\/\/yoast.com\/wordpress\/plugins\/seo\/ -->\n<title>El museo de arte de Babar - Editorial Mediterr\u00e0nia<\/title>\n<meta name=\"description\" content=\"La familia Babar ha tenido la gran idea de convertir la antigua estaci\u00f3n de tren de Villa Celeste en un museo \u00fanico, lleno de obras de arte y esculturas de todo el mundo.\" \/>\n<meta name=\"robots\" content=\"index, follow, max-snippet:-1, max-image-preview:large, max-video-preview:-1\" \/>\n<link rel=\"canonical\" href=\"https:\/\/editorialmediterrania.com\/es\/producto\/el-museo-de-arte-de-babar\/\" \/>\n<meta property=\"og:locale\" content=\"es_ES\" \/>\n<meta property=\"og:type\" content=\"article\" \/>\n<meta property=\"og:title\" content=\"El museo de arte de Babar - Editorial Mediterr\u00e0nia\" \/>\n<meta property=\"og:description\" content=\"La familia Babar ha tenido la gran idea de convertir la antigua estaci\u00f3n de tren de Villa Celeste en un museo \u00fanico, lleno de obras de arte y esculturas de todo el mundo.\" \/>\n<meta property=\"og:url\" content=\"https:\/\/editorialmediterrania.com\/es\/producto\/el-museo-de-arte-de-babar\/\" \/>\n<meta property=\"og:site_name\" content=\"Editorial Mediterr\u00e0nia\" \/>\n<meta property=\"article:modified_time\" content=\"2025-03-11T11:26:37+00:00\" \/>\n<meta property=\"og:image\" content=\"https:\/\/editorialmediterrania.com\/wp-content\/uploads\/2025\/01\/EL-MUSEU-DART-DEN-BABAR.png\" \/>\n\t<meta property=\"og:image:width\" content=\"922\" \/>\n\t<meta property=\"og:image:height\" content=\"1280\" \/>\n\t<meta property=\"og:image:type\" content=\"image\/png\" \/>\n<meta name=\"twitter:card\" content=\"summary_large_image\" \/>\n<meta name=\"twitter:site\" content=\"@edmediterrania\" \/>\n<meta name=\"twitter:label1\" content=\"Tiempo de lectura\" \/>\n\t<meta name=\"twitter:data1\" content=\"1 minuto\" \/>\n<script type=\"application\/ld+json\" class=\"yoast-schema-graph\">{\"@context\":\"https:\/\/schema.org\",\"@graph\":[{\"@type\":\"WebPage\",\"@id\":\"https:\/\/editorialmediterrania.com\/es\/producto\/el-museo-de-arte-de-babar\/\",\"url\":\"https:\/\/editorialmediterrania.com\/es\/producto\/el-museo-de-arte-de-babar\/\",\"name\":\"El museo de arte de Babar - Editorial Mediterr\u00e0nia\",\"isPartOf\":{\"@id\":\"https:\/\/editorialmediterrania.com\/es\/#website\"},\"primaryImageOfPage\":{\"@id\":\"https:\/\/editorialmediterrania.com\/es\/producto\/el-museo-de-arte-de-babar\/#primaryimage\"},\"image\":{\"@id\":\"https:\/\/editorialmediterrania.com\/es\/producto\/el-museo-de-arte-de-babar\/#primaryimage\"},\"thumbnailUrl\":\"https:\/\/editorialmediterrania.com\/wp-content\/uploads\/2025\/01\/Mockup_Babar_CAT.png\",\"datePublished\":\"2025-03-11T09:02:06+00:00\",\"dateModified\":\"2025-03-11T11:26:37+00:00\",\"description\":\"La familia Babar ha tenido la gran idea de convertir la antigua estaci\u00f3n de tren de Villa Celeste en un museo \u00fanico, lleno de obras de arte y esculturas de todo el mundo.\",\"breadcrumb\":{\"@id\":\"https:\/\/editorialmediterrania.com\/es\/producto\/el-museo-de-arte-de-babar\/#breadcrumb\"},\"inLanguage\":\"es\",\"potentialAction\":[{\"@type\":\"ReadAction\",\"target\":[\"https:\/\/editorialmediterrania.com\/es\/producto\/el-museo-de-arte-de-babar\/\"]}]},{\"@type\":\"ImageObject\",\"inLanguage\":\"es\",\"@id\":\"https:\/\/editorialmediterrania.com\/es\/producto\/el-museo-de-arte-de-babar\/#primaryimage\",\"url\":\"https:\/\/editorialmediterrania.com\/wp-content\/uploads\/2025\/01\/Mockup_Babar_CAT.png\",\"contentUrl\":\"https:\/\/editorialmediterrania.com\/wp-content\/uploads\/2025\/01\/Mockup_Babar_CAT.png\",\"width\":1080,\"height\":1350},{\"@type\":\"BreadcrumbList\",\"@id\":\"https:\/\/editorialmediterrania.com\/es\/producto\/el-museo-de-arte-de-babar\/#breadcrumb\",\"itemListElement\":[{\"@type\":\"ListItem\",\"position\":1,\"name\":\"Tienda de libros infantiles de arte\",\"item\":\"https:\/\/editorialmediterrania.com\/es\/tienda-de-libros-infantiles-arte\/\"},{\"@type\":\"ListItem\",\"position\":2,\"name\":\"El museo de arte de Babar\"}]},{\"@type\":\"WebSite\",\"@id\":\"https:\/\/editorialmediterrania.com\/es\/#website\",\"url\":\"https:\/\/editorialmediterrania.com\/es\/\",\"name\":\"Editorial Mediterrania\",\"description\":\"Llibres que t\u2019obriran nous mons\",\"publisher\":{\"@id\":\"https:\/\/editorialmediterrania.com\/es\/#organization\"},\"alternateName\":\"Llibres infantils d'art, cultura i natura\",\"potentialAction\":[{\"@type\":\"SearchAction\",\"target\":{\"@type\":\"EntryPoint\",\"urlTemplate\":\"https:\/\/editorialmediterrania.com\/es\/?s={search_term_string}\"},\"query-input\":\"required name=search_term_string\"}],\"inLanguage\":\"es\"},{\"@type\":\"Organization\",\"@id\":\"https:\/\/editorialmediterrania.com\/es\/#organization\",\"name\":\"Editorial Mediterrania\",\"alternateName\":\"Llibres d'art, cultura i natura per infants i fam\u00edlies\",\"url\":\"https:\/\/editorialmediterrania.com\/es\/\",\"logo\":{\"@type\":\"ImageObject\",\"inLanguage\":\"es\",\"@id\":\"https:\/\/editorialmediterrania.com\/es\/#\/schema\/logo\/image\/\",\"url\":\"https:\/\/editorialmediterrania.com\/wp-content\/uploads\/2023\/03\/LOGO-ED_MEDITERRANIA_OK-2.png\",\"contentUrl\":\"https:\/\/editorialmediterrania.com\/wp-content\/uploads\/2023\/03\/LOGO-ED_MEDITERRANIA_OK-2.png\",\"width\":1200,\"height\":300,\"caption\":\"Editorial Mediterrania\"},\"image\":{\"@id\":\"https:\/\/editorialmediterrania.com\/es\/#\/schema\/logo\/image\/\"},\"sameAs\":[\"https:\/\/x.com\/edmediterrania\",\"https:\/\/www.instagram.com\/editorialmediterrania\/\"]}]}<\/script>\n<!-- \/ Yoast SEO plugin. -->","yoast_head_json":{"title":"El museo de arte de Babar - Editorial Mediterr\u00e0nia","description":"La familia Babar ha tenido la gran idea de convertir la antigua estaci\u00f3n de tren de Villa Celeste en un museo \u00fanico, lleno de obras de arte y esculturas de todo el mundo.","robots":{"index":"index","follow":"follow","max-snippet":"max-snippet:-1","max-image-preview":"max-image-preview:large","max-video-preview":"max-video-preview:-1"},"canonical":"https:\/\/editorialmediterrania.com\/es\/producto\/el-museo-de-arte-de-babar\/","og_locale":"es_ES","og_type":"article","og_title":"El museo de arte de Babar - Editorial Mediterr\u00e0nia","og_description":"La familia Babar ha tenido la gran idea de convertir la antigua estaci\u00f3n de tren de Villa Celeste en un museo \u00fanico, lleno de obras de arte y esculturas de todo el mundo.","og_url":"https:\/\/editorialmediterrania.com\/es\/producto\/el-museo-de-arte-de-babar\/","og_site_name":"Editorial Mediterr\u00e0nia","article_modified_time":"2025-03-11T11:26:37+00:00","og_image":[{"width":922,"height":1280,"url":"https:\/\/editorialmediterrania.com\/wp-content\/uploads\/2025\/01\/EL-MUSEU-DART-DEN-BABAR.png","type":"image\/png"}],"twitter_card":"summary_large_image","twitter_site":"@edmediterrania","twitter_misc":{"Tiempo de lectura":"1 minuto"},"schema":{"@context":"https:\/\/schema.org","@graph":[{"@type":"WebPage","@id":"https:\/\/editorialmediterrania.com\/es\/producto\/el-museo-de-arte-de-babar\/","url":"https:\/\/editorialmediterrania.com\/es\/producto\/el-museo-de-arte-de-babar\/","name":"El museo de arte de Babar - Editorial Mediterr\u00e0nia","isPartOf":{"@id":"https:\/\/editorialmediterrania.com\/es\/#website"},"primaryImageOfPage":{"@id":"https:\/\/editorialmediterrania.com\/es\/producto\/el-museo-de-arte-de-babar\/#primaryimage"},"image":{"@id":"https:\/\/editorialmediterrania.com\/es\/producto\/el-museo-de-arte-de-babar\/#primaryimage"},"thumbnailUrl":"https:\/\/editorialmediterrania.com\/wp-content\/uploads\/2025\/01\/Mockup_Babar_CAT.png","datePublished":"2025-03-11T09:02:06+00:00","dateModified":"2025-03-11T11:26:37+00:00","description":"La familia Babar ha tenido la gran idea de convertir la antigua estaci\u00f3n de tren de Villa Celeste en un museo \u00fanico, lleno de obras de arte y esculturas de todo el mundo.","breadcrumb":{"@id":"https:\/\/editorialmediterrania.com\/es\/producto\/el-museo-de-arte-de-babar\/#breadcrumb"},"inLanguage":"es","potentialAction":[{"@type":"ReadAction","target":["https:\/\/editorialmediterrania.com\/es\/producto\/el-museo-de-arte-de-babar\/"]}]},{"@type":"ImageObject","inLanguage":"es","@id":"https:\/\/editorialmediterrania.com\/es\/producto\/el-museo-de-arte-de-babar\/#primaryimage","url":"https:\/\/editorialmediterrania.com\/wp-content\/uploads\/2025\/01\/Mockup_Babar_CAT.png","contentUrl":"https:\/\/editorialmediterrania.com\/wp-content\/uploads\/2025\/01\/Mockup_Babar_CAT.png","width":1080,"height":1350},{"@type":"BreadcrumbList","@id":"https:\/\/editorialmediterrania.com\/es\/producto\/el-museo-de-arte-de-babar\/#breadcrumb","itemListElement":[{"@type":"ListItem","position":1,"name":"Tienda de libros infantiles de arte","item":"https:\/\/editorialmediterrania.com\/es\/tienda-de-libros-infantiles-arte\/"},{"@type":"ListItem","position":2,"name":"El museo de arte de Babar"}]},{"@type":"WebSite","@id":"https:\/\/editorialmediterrania.com\/es\/#website","url":"https:\/\/editorialmediterrania.com\/es\/","name":"Editorial Mediterrania","description":"Llibres que t\u2019obriran nous mons","publisher":{"@id":"https:\/\/editorialmediterrania.com\/es\/#organization"},"alternateName":"Llibres infantils d'art, cultura i natura","potentialAction":[{"@type":"SearchAction","target":{"@type":"EntryPoint","urlTemplate":"https:\/\/editorialmediterrania.com\/es\/?s={search_term_string}"},"query-input":"required name=search_term_string"}],"inLanguage":"es"},{"@type":"Organization","@id":"https:\/\/editorialmediterrania.com\/es\/#organization","name":"Editorial Mediterrania","alternateName":"Llibres d'art, cultura i natura per infants i fam\u00edlies","url":"https:\/\/editorialmediterrania.com\/es\/","logo":{"@type":"ImageObject","inLanguage":"es","@id":"https:\/\/editorialmediterrania.com\/es\/#\/schema\/logo\/image\/","url":"https:\/\/editorialmediterrania.com\/wp-content\/uploads\/2023\/03\/LOGO-ED_MEDITERRANIA_OK-2.png","contentUrl":"https:\/\/editorialmediterrania.com\/wp-content\/uploads\/2023\/03\/LOGO-ED_MEDITERRANIA_OK-2.png","width":1200,"height":300,"caption":"Editorial Mediterrania"},"image":{"@id":"https:\/\/editorialmediterrania.com\/es\/#\/schema\/logo\/image\/"},"sameAs":["https:\/\/x.com\/edmediterrania","https:\/\/www.instagram.com\/editorialmediterrania\/"]}]}},"_links":{"self":[{"href":"https:\/\/editorialmediterrania.com\/es\/wp-json\/wp\/v2\/product\/46469","targetHints":{"allow":["GET"]}}],"collection":[{"href":"https:\/\/editorialmediterrania.com\/es\/wp-json\/wp\/v2\/product"}],"about":[{"href":"https:\/\/editorialmediterrania.com\/es\/wp-json\/wp\/v2\/types\/product"}],"wp:featuredmedia":[{"embeddable":true,"href":"https:\/\/editorialmediterrania.com\/es\/wp-json\/wp\/v2\/media\/46353"}],"wp:attachment":[{"href":"https:\/\/editorialmediterrania.com\/es\/wp-json\/wp\/v2\/media?parent=46469"}],"wp:term":[{"taxonomy":"product_cat","embeddable":true,"href":"https:\/\/editorialmediterrania.com\/es\/wp-json\/wp\/v2\/product_cat?post=46469"},{"taxonomy":"product_tag","embeddable":true,"href":"https:\/\/editorialmediterrania.com\/es\/wp-json\/wp\/v2\/product_tag?post=46469"},{"taxonomy":"autors","embeddable":true,"href":"https:\/\/editorialmediterrania.com\/es\/wp-json\/wp\/v2\/autors?post=46469"}],"curies":[{"name":"wp","href":"https:\/\/api.w.org\/{rel}","templated":true}]}}