{"id":46472,"date":"2024-04-17T11:18:05","date_gmt":"2025-03-11T09:33:21","guid":{"rendered":"https:\/\/editorialmediterrania.com\/producte\/historia-de-lart-en-15-gats\/"},"modified":"2025-03-11T10:33:21","modified_gmt":"2025-03-11T09:33:21","slug":"historia-de-lart-en-15-gats","status":"publish","type":"product","link":"https:\/\/editorialmediterrania.com\/es\/producto\/historia-de-lart-en-15-gats\/","title":{"rendered":"Historia del arte en 15 gatos"},"content":{"rendered":"<p><span class=\"OYPEnA text-decoration-none text-strikethrough-none\">Qu\u00e9 ten\u00edan en com\u00fan <strong>Picasso, Monet y Georgia O\u2019Keefe<\/strong>? Exacto: los tres fueron grandes artistas&#8230; y grandes amantes de los gatos. Aprender\u00e1s a distinguir los movimientos pict\u00f3ricos m\u00e1s importantes de la historia e ilustrados de manera \u00fanica y divertida, conocer\u00e1s el sorprendente gato cubista, el gato surrealista y daliniano y muchos m\u00e1s.  <\/span><\/p>\n<p>Este libro es una versi\u00f3n adaptada y m\u00e1s accesible de <strong><a href=\"https:\/\/editorialmediterrania.com\/producto\/historia-de-lart-en-21-gats\/\">\u00abHistoria del arte en 21 gatos\u00bb<\/a><\/strong>, pensada para un p\u00fablico m\u00e1s joven o para los que prefieren un formato m\u00e1s sencillo y robusto. Es una buena idea ofrecer una versi\u00f3n de cart\u00f3n para los que est\u00e9n empezando a explorar el arte. <\/p>\n<p>Il\u00b7lustrado por Nia Gould.<\/p>\n","protected":false},"excerpt":{"rendered":"<p>Qu\u00e9 ten\u00edan en com\u00fan Picasso, Monet y Georgia O\u2019Keefe? Exacto: los tres fueron grandes artistas&#8230; y grandes amantes de los gatos. Aprender\u00e1s a distinguir los movimientos pict\u00f3ricos m\u00e1s importantes de la historia e ilustrados de manera \u00fanica y divertida, conocer\u00e1s el sorprendente gato cubista, el gato surrealista y daliniano y muchos m\u00e1s. Este libro es [&hellip;]<\/p>\n","protected":false},"featured_media":43907,"template":"","meta":[],"product_cat":[30,28],"product_tag":[],"autors":[],"class_list":{"0":"post-46472","1":"product","2":"type-product","3":"status-publish","4":"has-post-thumbnail","6":"product_cat-editorial-mediterrania","7":"product_cat-arte-en-familia","9":"first","10":"instock","11":"taxable","12":"shipping-taxable","13":"purchasable","14":"product-type-variable","swatches":"rey-swatches","show_selected":""},"acf":[],"yoast_head":"<!-- This site is optimized with the Yoast SEO plugin v22.8 - https:\/\/yoast.com\/wordpress\/plugins\/seo\/ -->\n<title>Historia del arte en 15 gatos - Editorial Mediterr\u00e0nia<\/title>\n<meta name=\"description\" content=\"Este libro es una versi\u00f3n adaptada y m\u00e1s accesible de &quot;Historia del arte en 21 gatos&quot;, pensada para un p\u00fablico m\u00e1s joven.\" \/>\n<meta name=\"robots\" content=\"index, follow, max-snippet:-1, max-image-preview:large, max-video-preview:-1\" \/>\n<link rel=\"canonical\" href=\"https:\/\/editorialmediterrania.com\/es\/producto\/historia-de-lart-en-15-gats\/\" \/>\n<meta property=\"og:locale\" content=\"es_ES\" \/>\n<meta property=\"og:type\" content=\"article\" \/>\n<meta property=\"og:title\" content=\"Historia del arte en 15 gatos - Editorial Mediterr\u00e0nia\" \/>\n<meta property=\"og:description\" content=\"Este libro es una versi\u00f3n adaptada y m\u00e1s accesible de &quot;Historia del arte en 21 gatos&quot;, pensada para un p\u00fablico m\u00e1s joven.\" \/>\n<meta property=\"og:url\" content=\"https:\/\/editorialmediterrania.com\/es\/producto\/historia-de-lart-en-15-gats\/\" \/>\n<meta property=\"og:site_name\" content=\"Editorial Mediterr\u00e0nia\" \/>\n<meta property=\"og:image\" content=\"https:\/\/editorialmediterrania.com\/wp-content\/uploads\/2024\/04\/9788419028785.png\" \/>\n\t<meta property=\"og:image:width\" content=\"630\" \/>\n\t<meta property=\"og:image:height\" content=\"544\" \/>\n\t<meta property=\"og:image:type\" content=\"image\/png\" \/>\n<meta name=\"twitter:card\" content=\"summary_large_image\" \/>\n<meta name=\"twitter:site\" content=\"@edmediterrania\" \/>\n<meta name=\"twitter:label1\" content=\"Tiempo de lectura\" \/>\n\t<meta name=\"twitter:data1\" content=\"1 minuto\" \/>\n<script type=\"application\/ld+json\" class=\"yoast-schema-graph\">{\"@context\":\"https:\/\/schema.org\",\"@graph\":[{\"@type\":\"WebPage\",\"@id\":\"https:\/\/editorialmediterrania.com\/es\/producto\/historia-de-lart-en-15-gats\/\",\"url\":\"https:\/\/editorialmediterrania.com\/es\/producto\/historia-de-lart-en-15-gats\/\",\"name\":\"Historia del arte en 15 gatos - Editorial Mediterr\u00e0nia\",\"isPartOf\":{\"@id\":\"https:\/\/editorialmediterrania.com\/es\/#website\"},\"primaryImageOfPage\":{\"@id\":\"https:\/\/editorialmediterrania.com\/es\/producto\/historia-de-lart-en-15-gats\/#primaryimage\"},\"image\":{\"@id\":\"https:\/\/editorialmediterrania.com\/es\/producto\/historia-de-lart-en-15-gats\/#primaryimage\"},\"thumbnailUrl\":\"https:\/\/editorialmediterrania.com\/wp-content\/uploads\/2024\/04\/9788419028785.png\",\"datePublished\":\"2025-03-11T09:33:21+00:00\",\"dateModified\":\"2025-03-11T09:33:21+00:00\",\"description\":\"Este libro es una versi\u00f3n adaptada y m\u00e1s accesible de \\\"Historia del arte en 21 gatos\\\", pensada para un p\u00fablico m\u00e1s joven.\",\"breadcrumb\":{\"@id\":\"https:\/\/editorialmediterrania.com\/es\/producto\/historia-de-lart-en-15-gats\/#breadcrumb\"},\"inLanguage\":\"es\",\"potentialAction\":[{\"@type\":\"ReadAction\",\"target\":[\"https:\/\/editorialmediterrania.com\/es\/producto\/historia-de-lart-en-15-gats\/\"]}]},{\"@type\":\"ImageObject\",\"inLanguage\":\"es\",\"@id\":\"https:\/\/editorialmediterrania.com\/es\/producto\/historia-de-lart-en-15-gats\/#primaryimage\",\"url\":\"https:\/\/editorialmediterrania.com\/wp-content\/uploads\/2024\/04\/9788419028785.png\",\"contentUrl\":\"https:\/\/editorialmediterrania.com\/wp-content\/uploads\/2024\/04\/9788419028785.png\",\"width\":630,\"height\":544},{\"@type\":\"BreadcrumbList\",\"@id\":\"https:\/\/editorialmediterrania.com\/es\/producto\/historia-de-lart-en-15-gats\/#breadcrumb\",\"itemListElement\":[{\"@type\":\"ListItem\",\"position\":1,\"name\":\"Tienda de libros infantiles de arte\",\"item\":\"https:\/\/editorialmediterrania.com\/es\/tienda-de-libros-infantiles-arte\/\"},{\"@type\":\"ListItem\",\"position\":2,\"name\":\"Historia del arte en 15 gatos\"}]},{\"@type\":\"WebSite\",\"@id\":\"https:\/\/editorialmediterrania.com\/es\/#website\",\"url\":\"https:\/\/editorialmediterrania.com\/es\/\",\"name\":\"Editorial Mediterrania\",\"description\":\"Llibres que t\u2019obriran nous mons\",\"publisher\":{\"@id\":\"https:\/\/editorialmediterrania.com\/es\/#organization\"},\"alternateName\":\"Llibres infantils d'art, cultura i natura\",\"potentialAction\":[{\"@type\":\"SearchAction\",\"target\":{\"@type\":\"EntryPoint\",\"urlTemplate\":\"https:\/\/editorialmediterrania.com\/es\/?s={search_term_string}\"},\"query-input\":\"required name=search_term_string\"}],\"inLanguage\":\"es\"},{\"@type\":\"Organization\",\"@id\":\"https:\/\/editorialmediterrania.com\/es\/#organization\",\"name\":\"Editorial Mediterrania\",\"alternateName\":\"Llibres d'art, cultura i natura per infants i fam\u00edlies\",\"url\":\"https:\/\/editorialmediterrania.com\/es\/\",\"logo\":{\"@type\":\"ImageObject\",\"inLanguage\":\"es\",\"@id\":\"https:\/\/editorialmediterrania.com\/es\/#\/schema\/logo\/image\/\",\"url\":\"https:\/\/editorialmediterrania.com\/wp-content\/uploads\/2023\/03\/LOGO-ED_MEDITERRANIA_OK-2.png\",\"contentUrl\":\"https:\/\/editorialmediterrania.com\/wp-content\/uploads\/2023\/03\/LOGO-ED_MEDITERRANIA_OK-2.png\",\"width\":1200,\"height\":300,\"caption\":\"Editorial Mediterrania\"},\"image\":{\"@id\":\"https:\/\/editorialmediterrania.com\/es\/#\/schema\/logo\/image\/\"},\"sameAs\":[\"https:\/\/x.com\/edmediterrania\",\"https:\/\/www.instagram.com\/editorialmediterrania\/\"]}]}<\/script>\n<!-- \/ Yoast SEO plugin. -->","yoast_head_json":{"title":"Historia del arte en 15 gatos - Editorial Mediterr\u00e0nia","description":"Este libro es una versi\u00f3n adaptada y m\u00e1s accesible de \"Historia del arte en 21 gatos\", pensada para un p\u00fablico m\u00e1s joven.","robots":{"index":"index","follow":"follow","max-snippet":"max-snippet:-1","max-image-preview":"max-image-preview:large","max-video-preview":"max-video-preview:-1"},"canonical":"https:\/\/editorialmediterrania.com\/es\/producto\/historia-de-lart-en-15-gats\/","og_locale":"es_ES","og_type":"article","og_title":"Historia del arte en 15 gatos - Editorial Mediterr\u00e0nia","og_description":"Este libro es una versi\u00f3n adaptada y m\u00e1s accesible de \"Historia del arte en 21 gatos\", pensada para un p\u00fablico m\u00e1s joven.","og_url":"https:\/\/editorialmediterrania.com\/es\/producto\/historia-de-lart-en-15-gats\/","og_site_name":"Editorial Mediterr\u00e0nia","og_image":[{"width":630,"height":544,"url":"https:\/\/editorialmediterrania.com\/wp-content\/uploads\/2024\/04\/9788419028785.png","type":"image\/png"}],"twitter_card":"summary_large_image","twitter_site":"@edmediterrania","twitter_misc":{"Tiempo de lectura":"1 minuto"},"schema":{"@context":"https:\/\/schema.org","@graph":[{"@type":"WebPage","@id":"https:\/\/editorialmediterrania.com\/es\/producto\/historia-de-lart-en-15-gats\/","url":"https:\/\/editorialmediterrania.com\/es\/producto\/historia-de-lart-en-15-gats\/","name":"Historia del arte en 15 gatos - Editorial Mediterr\u00e0nia","isPartOf":{"@id":"https:\/\/editorialmediterrania.com\/es\/#website"},"primaryImageOfPage":{"@id":"https:\/\/editorialmediterrania.com\/es\/producto\/historia-de-lart-en-15-gats\/#primaryimage"},"image":{"@id":"https:\/\/editorialmediterrania.com\/es\/producto\/historia-de-lart-en-15-gats\/#primaryimage"},"thumbnailUrl":"https:\/\/editorialmediterrania.com\/wp-content\/uploads\/2024\/04\/9788419028785.png","datePublished":"2025-03-11T09:33:21+00:00","dateModified":"2025-03-11T09:33:21+00:00","description":"Este libro es una versi\u00f3n adaptada y m\u00e1s accesible de \"Historia del arte en 21 gatos\", pensada para un p\u00fablico m\u00e1s joven.","breadcrumb":{"@id":"https:\/\/editorialmediterrania.com\/es\/producto\/historia-de-lart-en-15-gats\/#breadcrumb"},"inLanguage":"es","potentialAction":[{"@type":"ReadAction","target":["https:\/\/editorialmediterrania.com\/es\/producto\/historia-de-lart-en-15-gats\/"]}]},{"@type":"ImageObject","inLanguage":"es","@id":"https:\/\/editorialmediterrania.com\/es\/producto\/historia-de-lart-en-15-gats\/#primaryimage","url":"https:\/\/editorialmediterrania.com\/wp-content\/uploads\/2024\/04\/9788419028785.png","contentUrl":"https:\/\/editorialmediterrania.com\/wp-content\/uploads\/2024\/04\/9788419028785.png","width":630,"height":544},{"@type":"BreadcrumbList","@id":"https:\/\/editorialmediterrania.com\/es\/producto\/historia-de-lart-en-15-gats\/#breadcrumb","itemListElement":[{"@type":"ListItem","position":1,"name":"Tienda de libros infantiles de arte","item":"https:\/\/editorialmediterrania.com\/es\/tienda-de-libros-infantiles-arte\/"},{"@type":"ListItem","position":2,"name":"Historia del arte en 15 gatos"}]},{"@type":"WebSite","@id":"https:\/\/editorialmediterrania.com\/es\/#website","url":"https:\/\/editorialmediterrania.com\/es\/","name":"Editorial Mediterrania","description":"Llibres que t\u2019obriran nous mons","publisher":{"@id":"https:\/\/editorialmediterrania.com\/es\/#organization"},"alternateName":"Llibres infantils d'art, cultura i natura","potentialAction":[{"@type":"SearchAction","target":{"@type":"EntryPoint","urlTemplate":"https:\/\/editorialmediterrania.com\/es\/?s={search_term_string}"},"query-input":"required name=search_term_string"}],"inLanguage":"es"},{"@type":"Organization","@id":"https:\/\/editorialmediterrania.com\/es\/#organization","name":"Editorial Mediterrania","alternateName":"Llibres d'art, cultura i natura per infants i fam\u00edlies","url":"https:\/\/editorialmediterrania.com\/es\/","logo":{"@type":"ImageObject","inLanguage":"es","@id":"https:\/\/editorialmediterrania.com\/es\/#\/schema\/logo\/image\/","url":"https:\/\/editorialmediterrania.com\/wp-content\/uploads\/2023\/03\/LOGO-ED_MEDITERRANIA_OK-2.png","contentUrl":"https:\/\/editorialmediterrania.com\/wp-content\/uploads\/2023\/03\/LOGO-ED_MEDITERRANIA_OK-2.png","width":1200,"height":300,"caption":"Editorial Mediterrania"},"image":{"@id":"https:\/\/editorialmediterrania.com\/es\/#\/schema\/logo\/image\/"},"sameAs":["https:\/\/x.com\/edmediterrania","https:\/\/www.instagram.com\/editorialmediterrania\/"]}]}},"_links":{"self":[{"href":"https:\/\/editorialmediterrania.com\/es\/wp-json\/wp\/v2\/product\/46472","targetHints":{"allow":["GET"]}}],"collection":[{"href":"https:\/\/editorialmediterrania.com\/es\/wp-json\/wp\/v2\/product"}],"about":[{"href":"https:\/\/editorialmediterrania.com\/es\/wp-json\/wp\/v2\/types\/product"}],"wp:featuredmedia":[{"embeddable":true,"href":"https:\/\/editorialmediterrania.com\/es\/wp-json\/wp\/v2\/media\/43907"}],"wp:attachment":[{"href":"https:\/\/editorialmediterrania.com\/es\/wp-json\/wp\/v2\/media?parent=46472"}],"wp:term":[{"taxonomy":"product_cat","embeddable":true,"href":"https:\/\/editorialmediterrania.com\/es\/wp-json\/wp\/v2\/product_cat?post=46472"},{"taxonomy":"product_tag","embeddable":true,"href":"https:\/\/editorialmediterrania.com\/es\/wp-json\/wp\/v2\/product_tag?post=46472"},{"taxonomy":"autors","embeddable":true,"href":"https:\/\/editorialmediterrania.com\/es\/wp-json\/wp\/v2\/autors?post=46472"}],"curies":[{"name":"wp","href":"https:\/\/api.w.org\/{rel}","templated":true}]}}