{"id":47353,"date":"2025-07-25T08:35:13","date_gmt":"2025-07-25T06:35:13","guid":{"rendered":"https:\/\/editorialmediterrania.com\/producte\/ser-un-pirata-una-canco-contada-del-pony-pisador\/"},"modified":"2026-03-12T16:21:21","modified_gmt":"2026-03-12T15:21:21","slug":"ser-un-pirata-una-canco-contada-del-pony-pisador","status":"publish","type":"product","link":"https:\/\/editorialmediterrania.com\/es\/producto\/ser-un-pirata-una-canco-contada-del-pony-pisador\/","title":{"rendered":"Ser un Pirata. Una can\u00e7\u00f3 contada d\u2019El Pony Pisador"},"content":{"rendered":"<p>En <strong>Gustau<\/strong> somia en ser un gran <strong>pirata<\/strong> i s\u2019embarca en una aventura plena de mar, m\u00fasica i&#8230; sorpreses! Descobrir\u00e0 que ser <strong>pirata<\/strong> \u00e9s molt divertit, per\u00f2 tamb\u00e9 una mica perill\u00f3s. Amb molt d\u2019humor i l\u2019ajuda del seu amic <strong>Garrafa<\/strong>, aprendr\u00e0 que tot \u2014fins i tot perdre un peu\u2014 pot formar part de ser un aut\u00e8ntic <strong>pirata<\/strong>.<\/p>\n<p>&nbsp;<\/p>\n","protected":false},"excerpt":{"rendered":"<p>Tot \u00e9s part de ser un pirata \u00e9s un conte basat en la can\u00e7\u00f3 hom\u00f2nima d\u2019<strong>El Pony Pisador<\/strong>, on l\u2019aventura t\u2019ensenya a acceptar-ho tot amb humor.<\/p>\n","protected":false},"featured_media":47351,"template":"","meta":[],"product_cat":[6505,6555],"product_tag":[],"autors":[],"class_list":{"0":"post-47353","1":"product","2":"type-product","3":"status-publish","4":"has-post-thumbnail","6":"product_cat-nanit-es","7":"product_cat-nanit-petit","9":"first","10":"instock","11":"taxable","12":"shipping-taxable","13":"purchasable","14":"product-type-simple","swatches":"rey-swatches","show_selected":""},"acf":[],"yoast_head":"<!-- This site is optimized with the Yoast SEO plugin v22.8 - https:\/\/yoast.com\/wordpress\/plugins\/seo\/ -->\n<title>Ser un Pirata. Una can\u00e7\u00f3 contada d\u2019El Pony Pisador - Editorial Mediterr\u00e0nia<\/title>\n<meta name=\"description\" content=\"Ser un pirata \u00e9s un conte basat en la can\u00e7\u00f3 d\u2019El Pony Pisador, on l\u2019aventura t\u2019ensenya a acceptar-ho tot amb humor. Amb il\u00b7lustracions de Kim Amate.\" \/>\n<meta name=\"robots\" content=\"index, follow, max-snippet:-1, max-image-preview:large, max-video-preview:-1\" \/>\n<link rel=\"canonical\" href=\"https:\/\/editorialmediterrania.com\/es\/producto\/ser-un-pirata-una-canco-contada-del-pony-pisador\/\" \/>\n<meta property=\"og:locale\" content=\"es_ES\" \/>\n<meta property=\"og:type\" content=\"article\" \/>\n<meta property=\"og:title\" content=\"Ser un Pirata. Una can\u00e7\u00f3 contada d\u2019El Pony Pisador - Editorial Mediterr\u00e0nia\" \/>\n<meta property=\"og:description\" content=\"Ser un pirata \u00e9s un conte basat en la can\u00e7\u00f3 d\u2019El Pony Pisador, on l\u2019aventura t\u2019ensenya a acceptar-ho tot amb humor. Amb il\u00b7lustracions de Kim Amate.\" \/>\n<meta property=\"og:url\" content=\"https:\/\/editorialmediterrania.com\/es\/producto\/ser-un-pirata-una-canco-contada-del-pony-pisador\/\" \/>\n<meta property=\"og:site_name\" content=\"Editorial Mediterr\u00e0nia\" \/>\n<meta property=\"article:modified_time\" content=\"2026-03-12T15:21:21+00:00\" \/>\n<meta property=\"og:image\" content=\"https:\/\/editorialmediterrania.com\/wp-content\/uploads\/2025\/07\/9788410478053-1006x1024.png\" \/>\n\t<meta property=\"og:image:width\" content=\"1006\" \/>\n\t<meta property=\"og:image:height\" content=\"1024\" \/>\n\t<meta property=\"og:image:type\" content=\"image\/png\" \/>\n<meta name=\"twitter:card\" content=\"summary_large_image\" \/>\n<meta name=\"twitter:site\" content=\"@edmediterrania\" \/>\n<script type=\"application\/ld+json\" class=\"yoast-schema-graph\">{\"@context\":\"https:\/\/schema.org\",\"@graph\":[{\"@type\":\"WebPage\",\"@id\":\"https:\/\/editorialmediterrania.com\/es\/producto\/ser-un-pirata-una-canco-contada-del-pony-pisador\/\",\"url\":\"https:\/\/editorialmediterrania.com\/es\/producto\/ser-un-pirata-una-canco-contada-del-pony-pisador\/\",\"name\":\"Ser un Pirata. Una can\u00e7\u00f3 contada d\u2019El Pony Pisador - Editorial Mediterr\u00e0nia\",\"isPartOf\":{\"@id\":\"https:\/\/editorialmediterrania.com\/es\/#website\"},\"primaryImageOfPage\":{\"@id\":\"https:\/\/editorialmediterrania.com\/es\/producto\/ser-un-pirata-una-canco-contada-del-pony-pisador\/#primaryimage\"},\"image\":{\"@id\":\"https:\/\/editorialmediterrania.com\/es\/producto\/ser-un-pirata-una-canco-contada-del-pony-pisador\/#primaryimage\"},\"thumbnailUrl\":\"https:\/\/editorialmediterrania.com\/wp-content\/uploads\/2025\/07\/9788410478053.png\",\"datePublished\":\"2025-07-25T06:35:13+00:00\",\"dateModified\":\"2026-03-12T15:21:21+00:00\",\"description\":\"Ser un pirata \u00e9s un conte basat en la can\u00e7\u00f3 d\u2019El Pony Pisador, on l\u2019aventura t\u2019ensenya a acceptar-ho tot amb humor. Amb il\u00b7lustracions de Kim Amate.\",\"breadcrumb\":{\"@id\":\"https:\/\/editorialmediterrania.com\/es\/producto\/ser-un-pirata-una-canco-contada-del-pony-pisador\/#breadcrumb\"},\"inLanguage\":\"es\",\"potentialAction\":[{\"@type\":\"ReadAction\",\"target\":[\"https:\/\/editorialmediterrania.com\/es\/producto\/ser-un-pirata-una-canco-contada-del-pony-pisador\/\"]}]},{\"@type\":\"ImageObject\",\"inLanguage\":\"es\",\"@id\":\"https:\/\/editorialmediterrania.com\/es\/producto\/ser-un-pirata-una-canco-contada-del-pony-pisador\/#primaryimage\",\"url\":\"https:\/\/editorialmediterrania.com\/wp-content\/uploads\/2025\/07\/9788410478053.png\",\"contentUrl\":\"https:\/\/editorialmediterrania.com\/wp-content\/uploads\/2025\/07\/9788410478053.png\",\"width\":1198,\"height\":1220,\"caption\":\"ser un pirata\"},{\"@type\":\"BreadcrumbList\",\"@id\":\"https:\/\/editorialmediterrania.com\/es\/producto\/ser-un-pirata-una-canco-contada-del-pony-pisador\/#breadcrumb\",\"itemListElement\":[{\"@type\":\"ListItem\",\"position\":1,\"name\":\"Tienda de libros infantiles de arte\",\"item\":\"https:\/\/editorialmediterrania.com\/es\/tienda-de-libros-infantiles-arte\/\"},{\"@type\":\"ListItem\",\"position\":2,\"name\":\"Ser un Pirata. Una can\u00e7\u00f3 contada d\u2019El Pony Pisador\"}]},{\"@type\":\"WebSite\",\"@id\":\"https:\/\/editorialmediterrania.com\/es\/#website\",\"url\":\"https:\/\/editorialmediterrania.com\/es\/\",\"name\":\"Editorial Mediterrania\",\"description\":\"Llibres que t\u2019obriran nous mons\",\"publisher\":{\"@id\":\"https:\/\/editorialmediterrania.com\/es\/#organization\"},\"alternateName\":\"Llibres infantils d'art, cultura i natura\",\"potentialAction\":[{\"@type\":\"SearchAction\",\"target\":{\"@type\":\"EntryPoint\",\"urlTemplate\":\"https:\/\/editorialmediterrania.com\/es\/?s={search_term_string}\"},\"query-input\":\"required name=search_term_string\"}],\"inLanguage\":\"es\"},{\"@type\":\"Organization\",\"@id\":\"https:\/\/editorialmediterrania.com\/es\/#organization\",\"name\":\"Editorial Mediterrania\",\"alternateName\":\"Llibres d'art, cultura i natura per infants i fam\u00edlies\",\"url\":\"https:\/\/editorialmediterrania.com\/es\/\",\"logo\":{\"@type\":\"ImageObject\",\"inLanguage\":\"es\",\"@id\":\"https:\/\/editorialmediterrania.com\/es\/#\/schema\/logo\/image\/\",\"url\":\"https:\/\/editorialmediterrania.com\/wp-content\/uploads\/2023\/03\/LOGO-ED_MEDITERRANIA_OK-2.png\",\"contentUrl\":\"https:\/\/editorialmediterrania.com\/wp-content\/uploads\/2023\/03\/LOGO-ED_MEDITERRANIA_OK-2.png\",\"width\":1200,\"height\":300,\"caption\":\"Editorial Mediterrania\"},\"image\":{\"@id\":\"https:\/\/editorialmediterrania.com\/es\/#\/schema\/logo\/image\/\"},\"sameAs\":[\"https:\/\/x.com\/edmediterrania\",\"https:\/\/www.instagram.com\/editorialmediterrania\/\"]}]}<\/script>\n<!-- \/ Yoast SEO plugin. -->","yoast_head_json":{"title":"Ser un Pirata. Una can\u00e7\u00f3 contada d\u2019El Pony Pisador - Editorial Mediterr\u00e0nia","description":"Ser un pirata \u00e9s un conte basat en la can\u00e7\u00f3 d\u2019El Pony Pisador, on l\u2019aventura t\u2019ensenya a acceptar-ho tot amb humor. Amb il\u00b7lustracions de Kim Amate.","robots":{"index":"index","follow":"follow","max-snippet":"max-snippet:-1","max-image-preview":"max-image-preview:large","max-video-preview":"max-video-preview:-1"},"canonical":"https:\/\/editorialmediterrania.com\/es\/producto\/ser-un-pirata-una-canco-contada-del-pony-pisador\/","og_locale":"es_ES","og_type":"article","og_title":"Ser un Pirata. Una can\u00e7\u00f3 contada d\u2019El Pony Pisador - Editorial Mediterr\u00e0nia","og_description":"Ser un pirata \u00e9s un conte basat en la can\u00e7\u00f3 d\u2019El Pony Pisador, on l\u2019aventura t\u2019ensenya a acceptar-ho tot amb humor. Amb il\u00b7lustracions de Kim Amate.","og_url":"https:\/\/editorialmediterrania.com\/es\/producto\/ser-un-pirata-una-canco-contada-del-pony-pisador\/","og_site_name":"Editorial Mediterr\u00e0nia","article_modified_time":"2026-03-12T15:21:21+00:00","og_image":[{"width":1006,"height":1024,"url":"https:\/\/editorialmediterrania.com\/wp-content\/uploads\/2025\/07\/9788410478053-1006x1024.png","type":"image\/png"}],"twitter_card":"summary_large_image","twitter_site":"@edmediterrania","schema":{"@context":"https:\/\/schema.org","@graph":[{"@type":"WebPage","@id":"https:\/\/editorialmediterrania.com\/es\/producto\/ser-un-pirata-una-canco-contada-del-pony-pisador\/","url":"https:\/\/editorialmediterrania.com\/es\/producto\/ser-un-pirata-una-canco-contada-del-pony-pisador\/","name":"Ser un Pirata. Una can\u00e7\u00f3 contada d\u2019El Pony Pisador - Editorial Mediterr\u00e0nia","isPartOf":{"@id":"https:\/\/editorialmediterrania.com\/es\/#website"},"primaryImageOfPage":{"@id":"https:\/\/editorialmediterrania.com\/es\/producto\/ser-un-pirata-una-canco-contada-del-pony-pisador\/#primaryimage"},"image":{"@id":"https:\/\/editorialmediterrania.com\/es\/producto\/ser-un-pirata-una-canco-contada-del-pony-pisador\/#primaryimage"},"thumbnailUrl":"https:\/\/editorialmediterrania.com\/wp-content\/uploads\/2025\/07\/9788410478053.png","datePublished":"2025-07-25T06:35:13+00:00","dateModified":"2026-03-12T15:21:21+00:00","description":"Ser un pirata \u00e9s un conte basat en la can\u00e7\u00f3 d\u2019El Pony Pisador, on l\u2019aventura t\u2019ensenya a acceptar-ho tot amb humor. Amb il\u00b7lustracions de Kim Amate.","breadcrumb":{"@id":"https:\/\/editorialmediterrania.com\/es\/producto\/ser-un-pirata-una-canco-contada-del-pony-pisador\/#breadcrumb"},"inLanguage":"es","potentialAction":[{"@type":"ReadAction","target":["https:\/\/editorialmediterrania.com\/es\/producto\/ser-un-pirata-una-canco-contada-del-pony-pisador\/"]}]},{"@type":"ImageObject","inLanguage":"es","@id":"https:\/\/editorialmediterrania.com\/es\/producto\/ser-un-pirata-una-canco-contada-del-pony-pisador\/#primaryimage","url":"https:\/\/editorialmediterrania.com\/wp-content\/uploads\/2025\/07\/9788410478053.png","contentUrl":"https:\/\/editorialmediterrania.com\/wp-content\/uploads\/2025\/07\/9788410478053.png","width":1198,"height":1220,"caption":"ser un pirata"},{"@type":"BreadcrumbList","@id":"https:\/\/editorialmediterrania.com\/es\/producto\/ser-un-pirata-una-canco-contada-del-pony-pisador\/#breadcrumb","itemListElement":[{"@type":"ListItem","position":1,"name":"Tienda de libros infantiles de arte","item":"https:\/\/editorialmediterrania.com\/es\/tienda-de-libros-infantiles-arte\/"},{"@type":"ListItem","position":2,"name":"Ser un Pirata. Una can\u00e7\u00f3 contada d\u2019El Pony Pisador"}]},{"@type":"WebSite","@id":"https:\/\/editorialmediterrania.com\/es\/#website","url":"https:\/\/editorialmediterrania.com\/es\/","name":"Editorial Mediterrania","description":"Llibres que t\u2019obriran nous mons","publisher":{"@id":"https:\/\/editorialmediterrania.com\/es\/#organization"},"alternateName":"Llibres infantils d'art, cultura i natura","potentialAction":[{"@type":"SearchAction","target":{"@type":"EntryPoint","urlTemplate":"https:\/\/editorialmediterrania.com\/es\/?s={search_term_string}"},"query-input":"required name=search_term_string"}],"inLanguage":"es"},{"@type":"Organization","@id":"https:\/\/editorialmediterrania.com\/es\/#organization","name":"Editorial Mediterrania","alternateName":"Llibres d'art, cultura i natura per infants i fam\u00edlies","url":"https:\/\/editorialmediterrania.com\/es\/","logo":{"@type":"ImageObject","inLanguage":"es","@id":"https:\/\/editorialmediterrania.com\/es\/#\/schema\/logo\/image\/","url":"https:\/\/editorialmediterrania.com\/wp-content\/uploads\/2023\/03\/LOGO-ED_MEDITERRANIA_OK-2.png","contentUrl":"https:\/\/editorialmediterrania.com\/wp-content\/uploads\/2023\/03\/LOGO-ED_MEDITERRANIA_OK-2.png","width":1200,"height":300,"caption":"Editorial Mediterrania"},"image":{"@id":"https:\/\/editorialmediterrania.com\/es\/#\/schema\/logo\/image\/"},"sameAs":["https:\/\/x.com\/edmediterrania","https:\/\/www.instagram.com\/editorialmediterrania\/"]}]}},"_links":{"self":[{"href":"https:\/\/editorialmediterrania.com\/es\/wp-json\/wp\/v2\/product\/47353","targetHints":{"allow":["GET"]}}],"collection":[{"href":"https:\/\/editorialmediterrania.com\/es\/wp-json\/wp\/v2\/product"}],"about":[{"href":"https:\/\/editorialmediterrania.com\/es\/wp-json\/wp\/v2\/types\/product"}],"wp:featuredmedia":[{"embeddable":true,"href":"https:\/\/editorialmediterrania.com\/es\/wp-json\/wp\/v2\/media\/47351"}],"wp:attachment":[{"href":"https:\/\/editorialmediterrania.com\/es\/wp-json\/wp\/v2\/media?parent=47353"}],"wp:term":[{"taxonomy":"product_cat","embeddable":true,"href":"https:\/\/editorialmediterrania.com\/es\/wp-json\/wp\/v2\/product_cat?post=47353"},{"taxonomy":"product_tag","embeddable":true,"href":"https:\/\/editorialmediterrania.com\/es\/wp-json\/wp\/v2\/product_tag?post=47353"},{"taxonomy":"autors","embeddable":true,"href":"https:\/\/editorialmediterrania.com\/es\/wp-json\/wp\/v2\/autors?post=47353"}],"curies":[{"name":"wp","href":"https:\/\/api.w.org\/{rel}","templated":true}]}}