{"id":47359,"date":"2025-07-25T08:46:56","date_gmt":"2025-07-25T06:46:56","guid":{"rendered":"https:\/\/editorialmediterrania.com\/producte\/historia-de-lart-en-21-gossos\/"},"modified":"2026-01-28T10:17:57","modified_gmt":"2026-01-28T09:17:57","slug":"historia-de-lart-en-21-gossos","status":"publish","type":"product","link":"https:\/\/editorialmediterrania.com\/es\/producto\/historia-de-lart-en-21-gossos\/","title":{"rendered":"HISTORIA DEL ARTE EN 21 PERROS"},"content":{"rendered":"<p><strong data-start=\"132\" data-end=\"204\">Acompa\u00f1a a 21 perros en un divertido paseo por la historia del arte.<br \/>\n<\/strong><br \/>\nDesde los bustos del antiguo Egipto hasta las ic\u00f3nicas serigraf\u00edas de los a\u00f1os sesenta, el retrato ha sido una de las formas de expresi\u00f3n favoritas de pintores, escultores y fot\u00f3grafos. Esta gu\u00eda, tan amena como fascinante, re\u00fane 21 obras maestras imprescindibles de la historia del arte, reinterpretadas con protagonistas muy especiales: elegantes y carism\u00e1ticos perros.<\/p>\n<p>Con una mirada creativa y original sobre un g\u00e9nero cl\u00e1sico, este homenaje perruno encantar\u00e1 por igual a amantes del arte y del mundo canino.<\/p>\n<p>&#8230; y recuerda que tambi\u00e9n tenemos <strong>Historia del arte en 21 gatos<\/strong>!<\/p>\n","protected":false},"excerpt":{"rendered":"<p>21 obras y retratos de artistas importantes como <strong>Van Gogh, Edvard Much y Da Vinchi<\/strong>, entre otros.<\/p>\n","protected":false},"featured_media":47360,"template":"","meta":[],"product_cat":[30,28],"product_tag":[],"autors":[],"class_list":{"0":"post-47359","1":"product","2":"type-product","3":"status-publish","4":"has-post-thumbnail","6":"product_cat-editorial-mediterrania","7":"product_cat-arte-en-familia","9":"first","10":"instock","11":"taxable","12":"shipping-taxable","13":"purchasable","14":"product-type-variable","swatches":"rey-swatches","show_selected":""},"acf":[],"yoast_head":"<!-- This site is optimized with the Yoast SEO plugin v22.8 - https:\/\/yoast.com\/wordpress\/plugins\/seo\/ -->\n<title>HISTORIA DEL ARTE EN 21 PERROS - Editorial Mediterr\u00e0nia<\/title>\n<meta name=\"description\" content=\"Acompanya 21 gossos en un passeig per la hist\u00f2riade l&#039;art.\" \/>\n<meta name=\"robots\" content=\"index, follow, max-snippet:-1, max-image-preview:large, max-video-preview:-1\" \/>\n<link rel=\"canonical\" href=\"https:\/\/editorialmediterrania.com\/es\/producto\/historia-de-lart-en-21-gossos\/\" \/>\n<meta property=\"og:locale\" content=\"es_ES\" \/>\n<meta property=\"og:type\" content=\"article\" \/>\n<meta property=\"og:title\" content=\"HISTORIA DEL ARTE EN 21 PERROS - Editorial Mediterr\u00e0nia\" \/>\n<meta property=\"og:description\" content=\"Acompanya 21 gossos en un passeig per la hist\u00f2riade l&#039;art.\" \/>\n<meta property=\"og:url\" content=\"https:\/\/editorialmediterrania.com\/es\/producto\/historia-de-lart-en-21-gossos\/\" \/>\n<meta property=\"og:site_name\" content=\"Editorial Mediterr\u00e0nia\" \/>\n<meta property=\"article:modified_time\" content=\"2026-01-28T09:17:57+00:00\" \/>\n<meta property=\"og:image\" content=\"https:\/\/editorialmediterrania.com\/wp-content\/uploads\/2025\/07\/HISTORIA-DEL-ARTE-EN-21-PERROS-e1757067784574-802x1024.png\" \/>\n\t<meta property=\"og:image:width\" content=\"802\" \/>\n\t<meta property=\"og:image:height\" content=\"1024\" \/>\n\t<meta property=\"og:image:type\" content=\"image\/png\" \/>\n<meta name=\"twitter:card\" content=\"summary_large_image\" \/>\n<meta name=\"twitter:site\" content=\"@edmediterrania\" \/>\n<meta name=\"twitter:label1\" content=\"Tiempo de lectura\" \/>\n\t<meta name=\"twitter:data1\" content=\"1 minuto\" \/>\n<script type=\"application\/ld+json\" class=\"yoast-schema-graph\">{\"@context\":\"https:\/\/schema.org\",\"@graph\":[{\"@type\":\"WebPage\",\"@id\":\"https:\/\/editorialmediterrania.com\/es\/producto\/historia-de-lart-en-21-gossos\/\",\"url\":\"https:\/\/editorialmediterrania.com\/es\/producto\/historia-de-lart-en-21-gossos\/\",\"name\":\"HISTORIA DEL ARTE EN 21 PERROS - Editorial Mediterr\u00e0nia\",\"isPartOf\":{\"@id\":\"https:\/\/editorialmediterrania.com\/es\/#website\"},\"primaryImageOfPage\":{\"@id\":\"https:\/\/editorialmediterrania.com\/es\/producto\/historia-de-lart-en-21-gossos\/#primaryimage\"},\"image\":{\"@id\":\"https:\/\/editorialmediterrania.com\/es\/producto\/historia-de-lart-en-21-gossos\/#primaryimage\"},\"thumbnailUrl\":\"https:\/\/editorialmediterrania.com\/wp-content\/uploads\/2025\/07\/HISTORIA-DEL-ARTE-EN-21-PERROS-e1757067784574.png\",\"datePublished\":\"2025-07-25T06:46:56+00:00\",\"dateModified\":\"2026-01-28T09:17:57+00:00\",\"description\":\"Acompanya 21 gossos en un passeig per la hist\u00f2riade l'art.\",\"breadcrumb\":{\"@id\":\"https:\/\/editorialmediterrania.com\/es\/producto\/historia-de-lart-en-21-gossos\/#breadcrumb\"},\"inLanguage\":\"es\",\"potentialAction\":[{\"@type\":\"ReadAction\",\"target\":[\"https:\/\/editorialmediterrania.com\/es\/producto\/historia-de-lart-en-21-gossos\/\"]}]},{\"@type\":\"ImageObject\",\"inLanguage\":\"es\",\"@id\":\"https:\/\/editorialmediterrania.com\/es\/producto\/historia-de-lart-en-21-gossos\/#primaryimage\",\"url\":\"https:\/\/editorialmediterrania.com\/wp-content\/uploads\/2025\/07\/HISTORIA-DEL-ARTE-EN-21-PERROS-e1757067784574.png\",\"contentUrl\":\"https:\/\/editorialmediterrania.com\/wp-content\/uploads\/2025\/07\/HISTORIA-DEL-ARTE-EN-21-PERROS-e1757067784574.png\",\"width\":1146,\"height\":1464,\"caption\":\"HISTORIA DEL ARTE EN 21 PERROS\"},{\"@type\":\"BreadcrumbList\",\"@id\":\"https:\/\/editorialmediterrania.com\/es\/producto\/historia-de-lart-en-21-gossos\/#breadcrumb\",\"itemListElement\":[{\"@type\":\"ListItem\",\"position\":1,\"name\":\"Tienda de libros infantiles de arte\",\"item\":\"https:\/\/editorialmediterrania.com\/es\/tienda-de-libros-infantiles-arte\/\"},{\"@type\":\"ListItem\",\"position\":2,\"name\":\"HISTORIA DEL ARTE EN 21 PERROS\"}]},{\"@type\":\"WebSite\",\"@id\":\"https:\/\/editorialmediterrania.com\/es\/#website\",\"url\":\"https:\/\/editorialmediterrania.com\/es\/\",\"name\":\"Editorial Mediterrania\",\"description\":\"Llibres que t\u2019obriran nous mons\",\"publisher\":{\"@id\":\"https:\/\/editorialmediterrania.com\/es\/#organization\"},\"alternateName\":\"Llibres infantils d'art, cultura i natura\",\"potentialAction\":[{\"@type\":\"SearchAction\",\"target\":{\"@type\":\"EntryPoint\",\"urlTemplate\":\"https:\/\/editorialmediterrania.com\/es\/?s={search_term_string}\"},\"query-input\":\"required name=search_term_string\"}],\"inLanguage\":\"es\"},{\"@type\":\"Organization\",\"@id\":\"https:\/\/editorialmediterrania.com\/es\/#organization\",\"name\":\"Editorial Mediterrania\",\"alternateName\":\"Llibres d'art, cultura i natura per infants i fam\u00edlies\",\"url\":\"https:\/\/editorialmediterrania.com\/es\/\",\"logo\":{\"@type\":\"ImageObject\",\"inLanguage\":\"es\",\"@id\":\"https:\/\/editorialmediterrania.com\/es\/#\/schema\/logo\/image\/\",\"url\":\"https:\/\/editorialmediterrania.com\/wp-content\/uploads\/2023\/03\/LOGO-ED_MEDITERRANIA_OK-2.png\",\"contentUrl\":\"https:\/\/editorialmediterrania.com\/wp-content\/uploads\/2023\/03\/LOGO-ED_MEDITERRANIA_OK-2.png\",\"width\":1200,\"height\":300,\"caption\":\"Editorial Mediterrania\"},\"image\":{\"@id\":\"https:\/\/editorialmediterrania.com\/es\/#\/schema\/logo\/image\/\"},\"sameAs\":[\"https:\/\/x.com\/edmediterrania\",\"https:\/\/www.instagram.com\/editorialmediterrania\/\"]}]}<\/script>\n<!-- \/ Yoast SEO plugin. -->","yoast_head_json":{"title":"HISTORIA DEL ARTE EN 21 PERROS - Editorial Mediterr\u00e0nia","description":"Acompanya 21 gossos en un passeig per la hist\u00f2riade l'art.","robots":{"index":"index","follow":"follow","max-snippet":"max-snippet:-1","max-image-preview":"max-image-preview:large","max-video-preview":"max-video-preview:-1"},"canonical":"https:\/\/editorialmediterrania.com\/es\/producto\/historia-de-lart-en-21-gossos\/","og_locale":"es_ES","og_type":"article","og_title":"HISTORIA DEL ARTE EN 21 PERROS - Editorial Mediterr\u00e0nia","og_description":"Acompanya 21 gossos en un passeig per la hist\u00f2riade l'art.","og_url":"https:\/\/editorialmediterrania.com\/es\/producto\/historia-de-lart-en-21-gossos\/","og_site_name":"Editorial Mediterr\u00e0nia","article_modified_time":"2026-01-28T09:17:57+00:00","og_image":[{"width":802,"height":1024,"url":"https:\/\/editorialmediterrania.com\/wp-content\/uploads\/2025\/07\/HISTORIA-DEL-ARTE-EN-21-PERROS-e1757067784574-802x1024.png","type":"image\/png"}],"twitter_card":"summary_large_image","twitter_site":"@edmediterrania","twitter_misc":{"Tiempo de lectura":"1 minuto"},"schema":{"@context":"https:\/\/schema.org","@graph":[{"@type":"WebPage","@id":"https:\/\/editorialmediterrania.com\/es\/producto\/historia-de-lart-en-21-gossos\/","url":"https:\/\/editorialmediterrania.com\/es\/producto\/historia-de-lart-en-21-gossos\/","name":"HISTORIA DEL ARTE EN 21 PERROS - Editorial Mediterr\u00e0nia","isPartOf":{"@id":"https:\/\/editorialmediterrania.com\/es\/#website"},"primaryImageOfPage":{"@id":"https:\/\/editorialmediterrania.com\/es\/producto\/historia-de-lart-en-21-gossos\/#primaryimage"},"image":{"@id":"https:\/\/editorialmediterrania.com\/es\/producto\/historia-de-lart-en-21-gossos\/#primaryimage"},"thumbnailUrl":"https:\/\/editorialmediterrania.com\/wp-content\/uploads\/2025\/07\/HISTORIA-DEL-ARTE-EN-21-PERROS-e1757067784574.png","datePublished":"2025-07-25T06:46:56+00:00","dateModified":"2026-01-28T09:17:57+00:00","description":"Acompanya 21 gossos en un passeig per la hist\u00f2riade l'art.","breadcrumb":{"@id":"https:\/\/editorialmediterrania.com\/es\/producto\/historia-de-lart-en-21-gossos\/#breadcrumb"},"inLanguage":"es","potentialAction":[{"@type":"ReadAction","target":["https:\/\/editorialmediterrania.com\/es\/producto\/historia-de-lart-en-21-gossos\/"]}]},{"@type":"ImageObject","inLanguage":"es","@id":"https:\/\/editorialmediterrania.com\/es\/producto\/historia-de-lart-en-21-gossos\/#primaryimage","url":"https:\/\/editorialmediterrania.com\/wp-content\/uploads\/2025\/07\/HISTORIA-DEL-ARTE-EN-21-PERROS-e1757067784574.png","contentUrl":"https:\/\/editorialmediterrania.com\/wp-content\/uploads\/2025\/07\/HISTORIA-DEL-ARTE-EN-21-PERROS-e1757067784574.png","width":1146,"height":1464,"caption":"HISTORIA DEL ARTE EN 21 PERROS"},{"@type":"BreadcrumbList","@id":"https:\/\/editorialmediterrania.com\/es\/producto\/historia-de-lart-en-21-gossos\/#breadcrumb","itemListElement":[{"@type":"ListItem","position":1,"name":"Tienda de libros infantiles de arte","item":"https:\/\/editorialmediterrania.com\/es\/tienda-de-libros-infantiles-arte\/"},{"@type":"ListItem","position":2,"name":"HISTORIA DEL ARTE EN 21 PERROS"}]},{"@type":"WebSite","@id":"https:\/\/editorialmediterrania.com\/es\/#website","url":"https:\/\/editorialmediterrania.com\/es\/","name":"Editorial Mediterrania","description":"Llibres que t\u2019obriran nous mons","publisher":{"@id":"https:\/\/editorialmediterrania.com\/es\/#organization"},"alternateName":"Llibres infantils d'art, cultura i natura","potentialAction":[{"@type":"SearchAction","target":{"@type":"EntryPoint","urlTemplate":"https:\/\/editorialmediterrania.com\/es\/?s={search_term_string}"},"query-input":"required name=search_term_string"}],"inLanguage":"es"},{"@type":"Organization","@id":"https:\/\/editorialmediterrania.com\/es\/#organization","name":"Editorial Mediterrania","alternateName":"Llibres d'art, cultura i natura per infants i fam\u00edlies","url":"https:\/\/editorialmediterrania.com\/es\/","logo":{"@type":"ImageObject","inLanguage":"es","@id":"https:\/\/editorialmediterrania.com\/es\/#\/schema\/logo\/image\/","url":"https:\/\/editorialmediterrania.com\/wp-content\/uploads\/2023\/03\/LOGO-ED_MEDITERRANIA_OK-2.png","contentUrl":"https:\/\/editorialmediterrania.com\/wp-content\/uploads\/2023\/03\/LOGO-ED_MEDITERRANIA_OK-2.png","width":1200,"height":300,"caption":"Editorial Mediterrania"},"image":{"@id":"https:\/\/editorialmediterrania.com\/es\/#\/schema\/logo\/image\/"},"sameAs":["https:\/\/x.com\/edmediterrania","https:\/\/www.instagram.com\/editorialmediterrania\/"]}]}},"_links":{"self":[{"href":"https:\/\/editorialmediterrania.com\/es\/wp-json\/wp\/v2\/product\/47359","targetHints":{"allow":["GET"]}}],"collection":[{"href":"https:\/\/editorialmediterrania.com\/es\/wp-json\/wp\/v2\/product"}],"about":[{"href":"https:\/\/editorialmediterrania.com\/es\/wp-json\/wp\/v2\/types\/product"}],"wp:featuredmedia":[{"embeddable":true,"href":"https:\/\/editorialmediterrania.com\/es\/wp-json\/wp\/v2\/media\/47360"}],"wp:attachment":[{"href":"https:\/\/editorialmediterrania.com\/es\/wp-json\/wp\/v2\/media?parent=47359"}],"wp:term":[{"taxonomy":"product_cat","embeddable":true,"href":"https:\/\/editorialmediterrania.com\/es\/wp-json\/wp\/v2\/product_cat?post=47359"},{"taxonomy":"product_tag","embeddable":true,"href":"https:\/\/editorialmediterrania.com\/es\/wp-json\/wp\/v2\/product_tag?post=47359"},{"taxonomy":"autors","embeddable":true,"href":"https:\/\/editorialmediterrania.com\/es\/wp-json\/wp\/v2\/autors?post=47359"}],"curies":[{"name":"wp","href":"https:\/\/api.w.org\/{rel}","templated":true}]}}