{"id":47377,"date":"2025-07-25T10:08:55","date_gmt":"2025-07-25T08:08:55","guid":{"rendered":"https:\/\/editorialmediterrania.com\/producte\/el-tresor-de-nadal\/"},"modified":"2025-11-24T15:24:17","modified_gmt":"2025-11-24T14:24:17","slug":"el-tresor-de-nadal","status":"publish","type":"product","link":"https:\/\/editorialmediterrania.com\/es\/producto\/el-tresor-de-nadal\/","title":{"rendered":"EL TESORO DE NAVIDAD"},"content":{"rendered":"<p data-start=\"47\" data-end=\"280\"><strong data-start=\"47\" data-end=\"77\">\u00a1BIENVENIDOS A LA NAVIDAD!<\/strong><br data-start=\"77\" data-end=\"80\" \/>Arrem\u00e1ngate, ad\u00e9ntrate en la naturaleza y descubre el estilo de vida autosuficiente y ecol\u00f3gico de las casas rurales con este precioso libro lleno de actividades navide\u00f1as para disfrutar en familia.<\/p>\n<p data-start=\"282\" data-end=\"467\">Conoce qu\u00e9 hace \u00fanica esta estaci\u00f3n, aprende nuevas habilidades de cocina, jardiner\u00eda y manualidades, y aprovecha al m\u00e1ximo los regalos que nos ofrece la naturaleza durante el invierno.<\/p>\n<p data-start=\"469\" data-end=\"746\">\u2014 Libro impreso de forma sostenible, con papel 100 % reciclado<br data-start=\"531\" data-end=\"534\" \/>\u2014 Ideas de alimentaci\u00f3n local y de temporada, para plantar o cocinar en casa<br data-start=\"610\" data-end=\"613\" \/>\u2014 Recetas divertidas y f\u00e1ciles para hacer con los m\u00e1s peque\u00f1os<br data-start=\"675\" data-end=\"678\" \/>\u2014 Manualidades y consejos para no desperdiciar nada de los alimentos<\/p>\n<p data-start=\"748\" data-end=\"820\"><strong data-start=\"748\" data-end=\"783\">Texto de Angela Ferraro-Fanning<\/strong><br data-start=\"783\" data-end=\"786\" \/><strong data-start=\"786\" data-end=\"820\">Ilustraciones de AnneliesDraws<\/strong><\/p>\n","protected":false},"excerpt":{"rendered":"<p>\u00a1BIENVENIDOS A LA NAVIDAD!Arrem\u00e1ngate, ad\u00e9ntrate en la naturaleza y descubre el estilo de vida autosuficiente y ecol\u00f3gico de las casas rurales con este precioso libro lleno de actividades navide\u00f1as para disfrutar en familia. Conoce qu\u00e9 hace \u00fanica esta estaci\u00f3n, aprende nuevas habilidades de cocina, jardiner\u00eda y manualidades, y aprovecha al m\u00e1ximo los regalos que nos [&hellip;]<\/p>\n","protected":false},"featured_media":47375,"template":"","meta":[],"product_cat":[30,6293],"product_tag":[],"autors":[],"class_list":{"0":"post-47377","1":"product","2":"type-product","3":"status-publish","4":"has-post-thumbnail","6":"product_cat-editorial-mediterrania","7":"product_cat-pequena-casa-rural","9":"first","10":"instock","11":"taxable","12":"shipping-taxable","13":"purchasable","14":"product-type-variable","swatches":"rey-swatches","show_selected":""},"acf":[],"yoast_head":"<!-- This site is optimized with the Yoast SEO plugin v22.8 - https:\/\/yoast.com\/wordpress\/plugins\/seo\/ -->\n<title>EL TESORO DE NAVIDAD - Editorial Mediterr\u00e0nia<\/title>\n<meta name=\"description\" content=\"Arrem\u00e1ngate, ad\u00e9ntrate en la naturaleza y descubre el estilo de vida autosuficiente y ecol\u00f3gico de las casas rurales con este precioso libro lleno de actividades navide\u00f1as para disfrutar en familia.\" \/>\n<meta name=\"robots\" content=\"index, follow, max-snippet:-1, max-image-preview:large, max-video-preview:-1\" \/>\n<link rel=\"canonical\" href=\"https:\/\/editorialmediterrania.com\/es\/producto\/el-tresor-de-nadal\/\" \/>\n<meta property=\"og:locale\" content=\"es_ES\" \/>\n<meta property=\"og:type\" content=\"article\" \/>\n<meta property=\"og:title\" content=\"EL TESORO DE NAVIDAD - Editorial Mediterr\u00e0nia\" \/>\n<meta property=\"og:description\" content=\"Arrem\u00e1ngate, ad\u00e9ntrate en la naturaleza y descubre el estilo de vida autosuficiente y ecol\u00f3gico de las casas rurales con este precioso libro lleno de actividades navide\u00f1as para disfrutar en familia.\" \/>\n<meta property=\"og:url\" content=\"https:\/\/editorialmediterrania.com\/es\/producto\/el-tresor-de-nadal\/\" \/>\n<meta property=\"og:site_name\" content=\"Editorial Mediterr\u00e0nia\" \/>\n<meta property=\"article:modified_time\" content=\"2025-11-24T14:24:17+00:00\" \/>\n<meta property=\"og:image\" content=\"https:\/\/editorialmediterrania.com\/wp-content\/uploads\/2025\/07\/9788410478404.png\" \/>\n\t<meta property=\"og:image:width\" content=\"573\" \/>\n\t<meta property=\"og:image:height\" content=\"709\" \/>\n\t<meta property=\"og:image:type\" content=\"image\/png\" \/>\n<meta name=\"twitter:card\" content=\"summary_large_image\" \/>\n<meta name=\"twitter:site\" content=\"@edmediterrania\" \/>\n<meta name=\"twitter:label1\" content=\"Tiempo de lectura\" \/>\n\t<meta name=\"twitter:data1\" content=\"1 minuto\" \/>\n<script type=\"application\/ld+json\" class=\"yoast-schema-graph\">{\"@context\":\"https:\/\/schema.org\",\"@graph\":[{\"@type\":\"WebPage\",\"@id\":\"https:\/\/editorialmediterrania.com\/es\/producto\/el-tresor-de-nadal\/\",\"url\":\"https:\/\/editorialmediterrania.com\/es\/producto\/el-tresor-de-nadal\/\",\"name\":\"EL TESORO DE NAVIDAD - Editorial Mediterr\u00e0nia\",\"isPartOf\":{\"@id\":\"https:\/\/editorialmediterrania.com\/es\/#website\"},\"primaryImageOfPage\":{\"@id\":\"https:\/\/editorialmediterrania.com\/es\/producto\/el-tresor-de-nadal\/#primaryimage\"},\"image\":{\"@id\":\"https:\/\/editorialmediterrania.com\/es\/producto\/el-tresor-de-nadal\/#primaryimage\"},\"thumbnailUrl\":\"https:\/\/editorialmediterrania.com\/wp-content\/uploads\/2025\/07\/9788410478404.png\",\"datePublished\":\"2025-07-25T08:08:55+00:00\",\"dateModified\":\"2025-11-24T14:24:17+00:00\",\"description\":\"Arrem\u00e1ngate, ad\u00e9ntrate en la naturaleza y descubre el estilo de vida autosuficiente y ecol\u00f3gico de las casas rurales con este precioso libro lleno de actividades navide\u00f1as para disfrutar en familia.\",\"breadcrumb\":{\"@id\":\"https:\/\/editorialmediterrania.com\/es\/producto\/el-tresor-de-nadal\/#breadcrumb\"},\"inLanguage\":\"es\",\"potentialAction\":[{\"@type\":\"ReadAction\",\"target\":[\"https:\/\/editorialmediterrania.com\/es\/producto\/el-tresor-de-nadal\/\"]}]},{\"@type\":\"ImageObject\",\"inLanguage\":\"es\",\"@id\":\"https:\/\/editorialmediterrania.com\/es\/producto\/el-tresor-de-nadal\/#primaryimage\",\"url\":\"https:\/\/editorialmediterrania.com\/wp-content\/uploads\/2025\/07\/9788410478404.png\",\"contentUrl\":\"https:\/\/editorialmediterrania.com\/wp-content\/uploads\/2025\/07\/9788410478404.png\",\"width\":573,\"height\":709,\"caption\":\"EL TESORO DE NAVIDAD\"},{\"@type\":\"BreadcrumbList\",\"@id\":\"https:\/\/editorialmediterrania.com\/es\/producto\/el-tresor-de-nadal\/#breadcrumb\",\"itemListElement\":[{\"@type\":\"ListItem\",\"position\":1,\"name\":\"Tienda de libros infantiles de arte\",\"item\":\"https:\/\/editorialmediterrania.com\/es\/tienda-de-libros-infantiles-arte\/\"},{\"@type\":\"ListItem\",\"position\":2,\"name\":\"EL TESORO DE NAVIDAD\"}]},{\"@type\":\"WebSite\",\"@id\":\"https:\/\/editorialmediterrania.com\/es\/#website\",\"url\":\"https:\/\/editorialmediterrania.com\/es\/\",\"name\":\"Editorial Mediterrania\",\"description\":\"Llibres que t\u2019obriran nous mons\",\"publisher\":{\"@id\":\"https:\/\/editorialmediterrania.com\/es\/#organization\"},\"alternateName\":\"Llibres infantils d'art, cultura i natura\",\"potentialAction\":[{\"@type\":\"SearchAction\",\"target\":{\"@type\":\"EntryPoint\",\"urlTemplate\":\"https:\/\/editorialmediterrania.com\/es\/?s={search_term_string}\"},\"query-input\":\"required name=search_term_string\"}],\"inLanguage\":\"es\"},{\"@type\":\"Organization\",\"@id\":\"https:\/\/editorialmediterrania.com\/es\/#organization\",\"name\":\"Editorial Mediterrania\",\"alternateName\":\"Llibres d'art, cultura i natura per infants i fam\u00edlies\",\"url\":\"https:\/\/editorialmediterrania.com\/es\/\",\"logo\":{\"@type\":\"ImageObject\",\"inLanguage\":\"es\",\"@id\":\"https:\/\/editorialmediterrania.com\/es\/#\/schema\/logo\/image\/\",\"url\":\"https:\/\/editorialmediterrania.com\/wp-content\/uploads\/2023\/03\/LOGO-ED_MEDITERRANIA_OK-2.png\",\"contentUrl\":\"https:\/\/editorialmediterrania.com\/wp-content\/uploads\/2023\/03\/LOGO-ED_MEDITERRANIA_OK-2.png\",\"width\":1200,\"height\":300,\"caption\":\"Editorial Mediterrania\"},\"image\":{\"@id\":\"https:\/\/editorialmediterrania.com\/es\/#\/schema\/logo\/image\/\"},\"sameAs\":[\"https:\/\/x.com\/edmediterrania\",\"https:\/\/www.instagram.com\/editorialmediterrania\/\"]}]}<\/script>\n<!-- \/ Yoast SEO plugin. -->","yoast_head_json":{"title":"EL TESORO DE NAVIDAD - Editorial Mediterr\u00e0nia","description":"Arrem\u00e1ngate, ad\u00e9ntrate en la naturaleza y descubre el estilo de vida autosuficiente y ecol\u00f3gico de las casas rurales con este precioso libro lleno de actividades navide\u00f1as para disfrutar en familia.","robots":{"index":"index","follow":"follow","max-snippet":"max-snippet:-1","max-image-preview":"max-image-preview:large","max-video-preview":"max-video-preview:-1"},"canonical":"https:\/\/editorialmediterrania.com\/es\/producto\/el-tresor-de-nadal\/","og_locale":"es_ES","og_type":"article","og_title":"EL TESORO DE NAVIDAD - Editorial Mediterr\u00e0nia","og_description":"Arrem\u00e1ngate, ad\u00e9ntrate en la naturaleza y descubre el estilo de vida autosuficiente y ecol\u00f3gico de las casas rurales con este precioso libro lleno de actividades navide\u00f1as para disfrutar en familia.","og_url":"https:\/\/editorialmediterrania.com\/es\/producto\/el-tresor-de-nadal\/","og_site_name":"Editorial Mediterr\u00e0nia","article_modified_time":"2025-11-24T14:24:17+00:00","og_image":[{"width":573,"height":709,"url":"https:\/\/editorialmediterrania.com\/wp-content\/uploads\/2025\/07\/9788410478404.png","type":"image\/png"}],"twitter_card":"summary_large_image","twitter_site":"@edmediterrania","twitter_misc":{"Tiempo de lectura":"1 minuto"},"schema":{"@context":"https:\/\/schema.org","@graph":[{"@type":"WebPage","@id":"https:\/\/editorialmediterrania.com\/es\/producto\/el-tresor-de-nadal\/","url":"https:\/\/editorialmediterrania.com\/es\/producto\/el-tresor-de-nadal\/","name":"EL TESORO DE NAVIDAD - Editorial Mediterr\u00e0nia","isPartOf":{"@id":"https:\/\/editorialmediterrania.com\/es\/#website"},"primaryImageOfPage":{"@id":"https:\/\/editorialmediterrania.com\/es\/producto\/el-tresor-de-nadal\/#primaryimage"},"image":{"@id":"https:\/\/editorialmediterrania.com\/es\/producto\/el-tresor-de-nadal\/#primaryimage"},"thumbnailUrl":"https:\/\/editorialmediterrania.com\/wp-content\/uploads\/2025\/07\/9788410478404.png","datePublished":"2025-07-25T08:08:55+00:00","dateModified":"2025-11-24T14:24:17+00:00","description":"Arrem\u00e1ngate, ad\u00e9ntrate en la naturaleza y descubre el estilo de vida autosuficiente y ecol\u00f3gico de las casas rurales con este precioso libro lleno de actividades navide\u00f1as para disfrutar en familia.","breadcrumb":{"@id":"https:\/\/editorialmediterrania.com\/es\/producto\/el-tresor-de-nadal\/#breadcrumb"},"inLanguage":"es","potentialAction":[{"@type":"ReadAction","target":["https:\/\/editorialmediterrania.com\/es\/producto\/el-tresor-de-nadal\/"]}]},{"@type":"ImageObject","inLanguage":"es","@id":"https:\/\/editorialmediterrania.com\/es\/producto\/el-tresor-de-nadal\/#primaryimage","url":"https:\/\/editorialmediterrania.com\/wp-content\/uploads\/2025\/07\/9788410478404.png","contentUrl":"https:\/\/editorialmediterrania.com\/wp-content\/uploads\/2025\/07\/9788410478404.png","width":573,"height":709,"caption":"EL TESORO DE NAVIDAD"},{"@type":"BreadcrumbList","@id":"https:\/\/editorialmediterrania.com\/es\/producto\/el-tresor-de-nadal\/#breadcrumb","itemListElement":[{"@type":"ListItem","position":1,"name":"Tienda de libros infantiles de arte","item":"https:\/\/editorialmediterrania.com\/es\/tienda-de-libros-infantiles-arte\/"},{"@type":"ListItem","position":2,"name":"EL TESORO DE NAVIDAD"}]},{"@type":"WebSite","@id":"https:\/\/editorialmediterrania.com\/es\/#website","url":"https:\/\/editorialmediterrania.com\/es\/","name":"Editorial Mediterrania","description":"Llibres que t\u2019obriran nous mons","publisher":{"@id":"https:\/\/editorialmediterrania.com\/es\/#organization"},"alternateName":"Llibres infantils d'art, cultura i natura","potentialAction":[{"@type":"SearchAction","target":{"@type":"EntryPoint","urlTemplate":"https:\/\/editorialmediterrania.com\/es\/?s={search_term_string}"},"query-input":"required name=search_term_string"}],"inLanguage":"es"},{"@type":"Organization","@id":"https:\/\/editorialmediterrania.com\/es\/#organization","name":"Editorial Mediterrania","alternateName":"Llibres d'art, cultura i natura per infants i fam\u00edlies","url":"https:\/\/editorialmediterrania.com\/es\/","logo":{"@type":"ImageObject","inLanguage":"es","@id":"https:\/\/editorialmediterrania.com\/es\/#\/schema\/logo\/image\/","url":"https:\/\/editorialmediterrania.com\/wp-content\/uploads\/2023\/03\/LOGO-ED_MEDITERRANIA_OK-2.png","contentUrl":"https:\/\/editorialmediterrania.com\/wp-content\/uploads\/2023\/03\/LOGO-ED_MEDITERRANIA_OK-2.png","width":1200,"height":300,"caption":"Editorial Mediterrania"},"image":{"@id":"https:\/\/editorialmediterrania.com\/es\/#\/schema\/logo\/image\/"},"sameAs":["https:\/\/x.com\/edmediterrania","https:\/\/www.instagram.com\/editorialmediterrania\/"]}]}},"_links":{"self":[{"href":"https:\/\/editorialmediterrania.com\/es\/wp-json\/wp\/v2\/product\/47377","targetHints":{"allow":["GET"]}}],"collection":[{"href":"https:\/\/editorialmediterrania.com\/es\/wp-json\/wp\/v2\/product"}],"about":[{"href":"https:\/\/editorialmediterrania.com\/es\/wp-json\/wp\/v2\/types\/product"}],"wp:featuredmedia":[{"embeddable":true,"href":"https:\/\/editorialmediterrania.com\/es\/wp-json\/wp\/v2\/media\/47375"}],"wp:attachment":[{"href":"https:\/\/editorialmediterrania.com\/es\/wp-json\/wp\/v2\/media?parent=47377"}],"wp:term":[{"taxonomy":"product_cat","embeddable":true,"href":"https:\/\/editorialmediterrania.com\/es\/wp-json\/wp\/v2\/product_cat?post=47377"},{"taxonomy":"product_tag","embeddable":true,"href":"https:\/\/editorialmediterrania.com\/es\/wp-json\/wp\/v2\/product_tag?post=47377"},{"taxonomy":"autors","embeddable":true,"href":"https:\/\/editorialmediterrania.com\/es\/wp-json\/wp\/v2\/autors?post=47377"}],"curies":[{"name":"wp","href":"https:\/\/api.w.org\/{rel}","templated":true}]}}