{"id":47972,"date":"2025-11-14T10:58:23","date_gmt":"2025-11-14T09:58:23","guid":{"rendered":"https:\/\/editorialmediterrania.com\/?post_type=product&#038;p=47972"},"modified":"2025-11-14T11:16:03","modified_gmt":"2025-11-14T10:16:03","slug":"fra-cinto-duran-quan-es-fa-surar-la-fe","status":"publish","type":"product","link":"https:\/\/editorialmediterrania.com\/es\/producto\/fra-cinto-duran-quan-es-fa-surar-la-fe\/","title":{"rendered":"Fra Cinto Duran: quan es fa surar la fe"},"content":{"rendered":"<div class=\"page\" title=\"Page 1\">\n<div class=\"section\">\n<div class=\"layoutArea\">\n<div class=\"column\">\n<p>Dotze converses pausades, reflexives, sinceres. Des del convent caputxi\u0301 d&#8217;Arenys, fra Jacint, o Cinto, Duran conversa amb el periodista Jordi Roige\u0301 i va desgranant temes humans i divins, de l&#8217;ahir i de l&#8217;avui.<\/p>\n<p>Des de la seva visio\u0301 d&#8217;home d&#8217;Esgle\u0301sia i com a referent en la formacio\u0301 d&#8217;aquells que han mostrat la seva voluntat d&#8217;incorporar-se a l&#8217;Orde dels caputxins, fa un repa\u0300s lu\u0301cid de les darreres de\u0300cades. Aquest llibre constitueix un document que, en paraules del mateix Jordi Roige\u0301, uneix fe, literatura, filosofia, poli\u0301tica, cultura i vida a trave\u0301s de les paraules d\u2019un home savi amb criteri propi.<\/p>\n<\/div>\n<\/div>\n<\/div>\n<\/div>\n","protected":false},"excerpt":{"rendered":"<div class=\"page\" title=\"Page 1\">\n<div class=\"section\">\n<div class=\"layoutArea\">\n<div class=\"column\">\n<p>Converses amb Jordi Roig\u00e9<\/p>\n<\/div>\n<\/div>\n<\/div>\n<\/div>\n","protected":false},"featured_media":47976,"template":"","meta":[],"product_cat":[6541,3351],"product_tag":[5983,377,739,5617,1196],"autors":[],"class_list":{"0":"post-47972","1":"product","2":"type-product","3":"status-publish","4":"has-post-thumbnail","6":"product_cat-a-la-caputxina","7":"product_cat-mediterrania-productes","8":"product_tag-llibre-de-nens","9":"product_tag-llibre-infantil","10":"product_tag-nadal","11":"product_tag-pessebre","12":"product_tag-tradicions","14":"first","15":"instock","16":"purchasable","17":"product-type-simple","swatches":"rey-swatches","show_selected":""},"acf":[],"yoast_head":"<!-- This site is optimized with the Yoast SEO plugin v22.8 - https:\/\/yoast.com\/wordpress\/plugins\/seo\/ -->\n<title>Llibre infantil Fra Cinto Duran: quan es fa surar la fe - Editorial Mediterr\u00e0nia<\/title>\n<meta name=\"description\" content=\"Aquest llibre infantil, El nostre pessebre, aporta una s\u00edntesi hist\u00f2rica sobre l\u2019origen del pessebre, que es remunta a l\u2019experi\u00e8ncia del Nadal a\u00a0Greccio viscuda l\u2019any 1223 pel mateix sant Francesc d\u2019Ass\u00eds.\" \/>\n<meta name=\"robots\" content=\"index, follow, max-snippet:-1, max-image-preview:large, max-video-preview:-1\" \/>\n<link rel=\"canonical\" href=\"https:\/\/editorialmediterrania.com\/es\/producto\/fra-cinto-duran-quan-es-fa-surar-la-fe\/\" \/>\n<meta property=\"og:locale\" content=\"es_ES\" \/>\n<meta property=\"og:type\" content=\"article\" \/>\n<meta property=\"og:title\" content=\"Llibre infantil Fra Cinto Duran: quan es fa surar la fe - Editorial Mediterr\u00e0nia\" \/>\n<meta property=\"og:description\" content=\"Aquest llibre infantil, El nostre pessebre, aporta una s\u00edntesi hist\u00f2rica sobre l\u2019origen del pessebre, que es remunta a l\u2019experi\u00e8ncia del Nadal a\u00a0Greccio viscuda l\u2019any 1223 pel mateix sant Francesc d\u2019Ass\u00eds.\" \/>\n<meta property=\"og:url\" content=\"https:\/\/editorialmediterrania.com\/es\/producto\/fra-cinto-duran-quan-es-fa-surar-la-fe\/\" \/>\n<meta property=\"og:site_name\" content=\"Editorial Mediterr\u00e0nia\" \/>\n<meta property=\"article:modified_time\" content=\"2025-11-14T10:16:03+00:00\" \/>\n<meta property=\"og:image\" content=\"https:\/\/editorialmediterrania.com\/wp-content\/uploads\/2025\/11\/Captura-de-pantalla-2025-11-14-a-les-11.11.11.png\" \/>\n\t<meta property=\"og:image:width\" content=\"537\" \/>\n\t<meta property=\"og:image:height\" content=\"749\" \/>\n\t<meta property=\"og:image:type\" content=\"image\/png\" \/>\n<meta name=\"twitter:card\" content=\"summary_large_image\" \/>\n<meta name=\"twitter:site\" content=\"@edmediterrania\" \/>\n<meta name=\"twitter:label1\" content=\"Tiempo de lectura\" \/>\n\t<meta name=\"twitter:data1\" content=\"1 minuto\" \/>\n<script type=\"application\/ld+json\" class=\"yoast-schema-graph\">{\"@context\":\"https:\/\/schema.org\",\"@graph\":[{\"@type\":\"WebPage\",\"@id\":\"https:\/\/editorialmediterrania.com\/es\/producto\/fra-cinto-duran-quan-es-fa-surar-la-fe\/\",\"url\":\"https:\/\/editorialmediterrania.com\/es\/producto\/fra-cinto-duran-quan-es-fa-surar-la-fe\/\",\"name\":\"Llibre infantil Fra Cinto Duran: quan es fa surar la fe - Editorial Mediterr\u00e0nia\",\"isPartOf\":{\"@id\":\"https:\/\/editorialmediterrania.com\/es\/#website\"},\"primaryImageOfPage\":{\"@id\":\"https:\/\/editorialmediterrania.com\/es\/producto\/fra-cinto-duran-quan-es-fa-surar-la-fe\/#primaryimage\"},\"image\":{\"@id\":\"https:\/\/editorialmediterrania.com\/es\/producto\/fra-cinto-duran-quan-es-fa-surar-la-fe\/#primaryimage\"},\"thumbnailUrl\":\"https:\/\/editorialmediterrania.com\/wp-content\/uploads\/2025\/11\/Captura-de-pantalla-2025-11-14-a-les-11.11.11.png\",\"datePublished\":\"2025-11-14T09:58:23+00:00\",\"dateModified\":\"2025-11-14T10:16:03+00:00\",\"description\":\"Aquest llibre infantil, El nostre pessebre, aporta una s\u00edntesi hist\u00f2rica sobre l\u2019origen del pessebre, que es remunta a l\u2019experi\u00e8ncia del Nadal a\u00a0Greccio viscuda l\u2019any 1223 pel mateix sant Francesc d\u2019Ass\u00eds.\",\"breadcrumb\":{\"@id\":\"https:\/\/editorialmediterrania.com\/es\/producto\/fra-cinto-duran-quan-es-fa-surar-la-fe\/#breadcrumb\"},\"inLanguage\":\"es\",\"potentialAction\":[{\"@type\":\"ReadAction\",\"target\":[\"https:\/\/editorialmediterrania.com\/es\/producto\/fra-cinto-duran-quan-es-fa-surar-la-fe\/\"]}]},{\"@type\":\"ImageObject\",\"inLanguage\":\"es\",\"@id\":\"https:\/\/editorialmediterrania.com\/es\/producto\/fra-cinto-duran-quan-es-fa-surar-la-fe\/#primaryimage\",\"url\":\"https:\/\/editorialmediterrania.com\/wp-content\/uploads\/2025\/11\/Captura-de-pantalla-2025-11-14-a-les-11.11.11.png\",\"contentUrl\":\"https:\/\/editorialmediterrania.com\/wp-content\/uploads\/2025\/11\/Captura-de-pantalla-2025-11-14-a-les-11.11.11.png\",\"width\":537,\"height\":749},{\"@type\":\"BreadcrumbList\",\"@id\":\"https:\/\/editorialmediterrania.com\/es\/producto\/fra-cinto-duran-quan-es-fa-surar-la-fe\/#breadcrumb\",\"itemListElement\":[{\"@type\":\"ListItem\",\"position\":1,\"name\":\"Tienda de libros infantiles de arte\",\"item\":\"https:\/\/editorialmediterrania.com\/es\/tienda-de-libros-infantiles-arte\/\"},{\"@type\":\"ListItem\",\"position\":2,\"name\":\"Fra Cinto Duran: quan es fa surar la fe\"}]},{\"@type\":\"WebSite\",\"@id\":\"https:\/\/editorialmediterrania.com\/es\/#website\",\"url\":\"https:\/\/editorialmediterrania.com\/es\/\",\"name\":\"Editorial Mediterrania\",\"description\":\"Llibres que t\u2019obriran nous mons\",\"publisher\":{\"@id\":\"https:\/\/editorialmediterrania.com\/es\/#organization\"},\"alternateName\":\"Llibres infantils d'art, cultura i natura\",\"potentialAction\":[{\"@type\":\"SearchAction\",\"target\":{\"@type\":\"EntryPoint\",\"urlTemplate\":\"https:\/\/editorialmediterrania.com\/es\/?s={search_term_string}\"},\"query-input\":\"required name=search_term_string\"}],\"inLanguage\":\"es\"},{\"@type\":\"Organization\",\"@id\":\"https:\/\/editorialmediterrania.com\/es\/#organization\",\"name\":\"Editorial Mediterrania\",\"alternateName\":\"Llibres d'art, cultura i natura per infants i fam\u00edlies\",\"url\":\"https:\/\/editorialmediterrania.com\/es\/\",\"logo\":{\"@type\":\"ImageObject\",\"inLanguage\":\"es\",\"@id\":\"https:\/\/editorialmediterrania.com\/es\/#\/schema\/logo\/image\/\",\"url\":\"https:\/\/editorialmediterrania.com\/wp-content\/uploads\/2023\/03\/LOGO-ED_MEDITERRANIA_OK-2.png\",\"contentUrl\":\"https:\/\/editorialmediterrania.com\/wp-content\/uploads\/2023\/03\/LOGO-ED_MEDITERRANIA_OK-2.png\",\"width\":1200,\"height\":300,\"caption\":\"Editorial Mediterrania\"},\"image\":{\"@id\":\"https:\/\/editorialmediterrania.com\/es\/#\/schema\/logo\/image\/\"},\"sameAs\":[\"https:\/\/x.com\/edmediterrania\",\"https:\/\/www.instagram.com\/editorialmediterrania\/\"]}]}<\/script>\n<!-- \/ Yoast SEO plugin. -->","yoast_head_json":{"title":"Llibre infantil Fra Cinto Duran: quan es fa surar la fe - Editorial Mediterr\u00e0nia","description":"Aquest llibre infantil, El nostre pessebre, aporta una s\u00edntesi hist\u00f2rica sobre l\u2019origen del pessebre, que es remunta a l\u2019experi\u00e8ncia del Nadal a\u00a0Greccio viscuda l\u2019any 1223 pel mateix sant Francesc d\u2019Ass\u00eds.","robots":{"index":"index","follow":"follow","max-snippet":"max-snippet:-1","max-image-preview":"max-image-preview:large","max-video-preview":"max-video-preview:-1"},"canonical":"https:\/\/editorialmediterrania.com\/es\/producto\/fra-cinto-duran-quan-es-fa-surar-la-fe\/","og_locale":"es_ES","og_type":"article","og_title":"Llibre infantil Fra Cinto Duran: quan es fa surar la fe - Editorial Mediterr\u00e0nia","og_description":"Aquest llibre infantil, El nostre pessebre, aporta una s\u00edntesi hist\u00f2rica sobre l\u2019origen del pessebre, que es remunta a l\u2019experi\u00e8ncia del Nadal a\u00a0Greccio viscuda l\u2019any 1223 pel mateix sant Francesc d\u2019Ass\u00eds.","og_url":"https:\/\/editorialmediterrania.com\/es\/producto\/fra-cinto-duran-quan-es-fa-surar-la-fe\/","og_site_name":"Editorial Mediterr\u00e0nia","article_modified_time":"2025-11-14T10:16:03+00:00","og_image":[{"width":537,"height":749,"url":"https:\/\/editorialmediterrania.com\/wp-content\/uploads\/2025\/11\/Captura-de-pantalla-2025-11-14-a-les-11.11.11.png","type":"image\/png"}],"twitter_card":"summary_large_image","twitter_site":"@edmediterrania","twitter_misc":{"Tiempo de lectura":"1 minuto"},"schema":{"@context":"https:\/\/schema.org","@graph":[{"@type":"WebPage","@id":"https:\/\/editorialmediterrania.com\/es\/producto\/fra-cinto-duran-quan-es-fa-surar-la-fe\/","url":"https:\/\/editorialmediterrania.com\/es\/producto\/fra-cinto-duran-quan-es-fa-surar-la-fe\/","name":"Llibre infantil Fra Cinto Duran: quan es fa surar la fe - Editorial Mediterr\u00e0nia","isPartOf":{"@id":"https:\/\/editorialmediterrania.com\/es\/#website"},"primaryImageOfPage":{"@id":"https:\/\/editorialmediterrania.com\/es\/producto\/fra-cinto-duran-quan-es-fa-surar-la-fe\/#primaryimage"},"image":{"@id":"https:\/\/editorialmediterrania.com\/es\/producto\/fra-cinto-duran-quan-es-fa-surar-la-fe\/#primaryimage"},"thumbnailUrl":"https:\/\/editorialmediterrania.com\/wp-content\/uploads\/2025\/11\/Captura-de-pantalla-2025-11-14-a-les-11.11.11.png","datePublished":"2025-11-14T09:58:23+00:00","dateModified":"2025-11-14T10:16:03+00:00","description":"Aquest llibre infantil, El nostre pessebre, aporta una s\u00edntesi hist\u00f2rica sobre l\u2019origen del pessebre, que es remunta a l\u2019experi\u00e8ncia del Nadal a\u00a0Greccio viscuda l\u2019any 1223 pel mateix sant Francesc d\u2019Ass\u00eds.","breadcrumb":{"@id":"https:\/\/editorialmediterrania.com\/es\/producto\/fra-cinto-duran-quan-es-fa-surar-la-fe\/#breadcrumb"},"inLanguage":"es","potentialAction":[{"@type":"ReadAction","target":["https:\/\/editorialmediterrania.com\/es\/producto\/fra-cinto-duran-quan-es-fa-surar-la-fe\/"]}]},{"@type":"ImageObject","inLanguage":"es","@id":"https:\/\/editorialmediterrania.com\/es\/producto\/fra-cinto-duran-quan-es-fa-surar-la-fe\/#primaryimage","url":"https:\/\/editorialmediterrania.com\/wp-content\/uploads\/2025\/11\/Captura-de-pantalla-2025-11-14-a-les-11.11.11.png","contentUrl":"https:\/\/editorialmediterrania.com\/wp-content\/uploads\/2025\/11\/Captura-de-pantalla-2025-11-14-a-les-11.11.11.png","width":537,"height":749},{"@type":"BreadcrumbList","@id":"https:\/\/editorialmediterrania.com\/es\/producto\/fra-cinto-duran-quan-es-fa-surar-la-fe\/#breadcrumb","itemListElement":[{"@type":"ListItem","position":1,"name":"Tienda de libros infantiles de arte","item":"https:\/\/editorialmediterrania.com\/es\/tienda-de-libros-infantiles-arte\/"},{"@type":"ListItem","position":2,"name":"Fra Cinto Duran: quan es fa surar la fe"}]},{"@type":"WebSite","@id":"https:\/\/editorialmediterrania.com\/es\/#website","url":"https:\/\/editorialmediterrania.com\/es\/","name":"Editorial Mediterrania","description":"Llibres que t\u2019obriran nous mons","publisher":{"@id":"https:\/\/editorialmediterrania.com\/es\/#organization"},"alternateName":"Llibres infantils d'art, cultura i natura","potentialAction":[{"@type":"SearchAction","target":{"@type":"EntryPoint","urlTemplate":"https:\/\/editorialmediterrania.com\/es\/?s={search_term_string}"},"query-input":"required name=search_term_string"}],"inLanguage":"es"},{"@type":"Organization","@id":"https:\/\/editorialmediterrania.com\/es\/#organization","name":"Editorial Mediterrania","alternateName":"Llibres d'art, cultura i natura per infants i fam\u00edlies","url":"https:\/\/editorialmediterrania.com\/es\/","logo":{"@type":"ImageObject","inLanguage":"es","@id":"https:\/\/editorialmediterrania.com\/es\/#\/schema\/logo\/image\/","url":"https:\/\/editorialmediterrania.com\/wp-content\/uploads\/2023\/03\/LOGO-ED_MEDITERRANIA_OK-2.png","contentUrl":"https:\/\/editorialmediterrania.com\/wp-content\/uploads\/2023\/03\/LOGO-ED_MEDITERRANIA_OK-2.png","width":1200,"height":300,"caption":"Editorial Mediterrania"},"image":{"@id":"https:\/\/editorialmediterrania.com\/es\/#\/schema\/logo\/image\/"},"sameAs":["https:\/\/x.com\/edmediterrania","https:\/\/www.instagram.com\/editorialmediterrania\/"]}]}},"_links":{"self":[{"href":"https:\/\/editorialmediterrania.com\/es\/wp-json\/wp\/v2\/product\/47972","targetHints":{"allow":["GET"]}}],"collection":[{"href":"https:\/\/editorialmediterrania.com\/es\/wp-json\/wp\/v2\/product"}],"about":[{"href":"https:\/\/editorialmediterrania.com\/es\/wp-json\/wp\/v2\/types\/product"}],"wp:featuredmedia":[{"embeddable":true,"href":"https:\/\/editorialmediterrania.com\/es\/wp-json\/wp\/v2\/media\/47976"}],"wp:attachment":[{"href":"https:\/\/editorialmediterrania.com\/es\/wp-json\/wp\/v2\/media?parent=47972"}],"wp:term":[{"taxonomy":"product_cat","embeddable":true,"href":"https:\/\/editorialmediterrania.com\/es\/wp-json\/wp\/v2\/product_cat?post=47972"},{"taxonomy":"product_tag","embeddable":true,"href":"https:\/\/editorialmediterrania.com\/es\/wp-json\/wp\/v2\/product_tag?post=47972"},{"taxonomy":"autors","embeddable":true,"href":"https:\/\/editorialmediterrania.com\/es\/wp-json\/wp\/v2\/autors?post=47972"}],"curies":[{"name":"wp","href":"https:\/\/api.w.org\/{rel}","templated":true}]}}