{"id":48235,"date":"2024-11-18T10:58:41","date_gmt":"2024-11-18T09:58:41","guid":{"rendered":"https:\/\/editorialmediterrania.com\/producte\/labeja-de-gaudi\/"},"modified":"2026-01-29T10:15:58","modified_gmt":"2026-01-29T09:15:58","slug":"labeja-de-gaudi","status":"publish","type":"product","link":"https:\/\/editorialmediterrania.com\/es\/producto\/labeja-de-gaudi\/","title":{"rendered":"La abeja de Gaud\u00ed"},"content":{"rendered":"<p class=\"cvGsUA direction-ltr align-justify para-style-body\"><span class=\"a_GcMg font-feature-liga-off font-feature-clig-off font-feature-calt-off text-decoration-none text-strikethrough-none\">En esta obra, la autora invita a redescubrir a Gaud\u00ed y su obra desde una perspectiva inesperada: el imaginario \u00edntimo del arquitecto.<\/span><\/p>\n<p class=\"cvGsUA direction-ltr align-justify para-style-body\"><span class=\"a_GcMg font-feature-liga-off font-feature-clig-off font-feature-calt-off text-decoration-none text-strikethrough-none\">A trav\u00e9s de esta gu\u00eda que combina el rigor y la interpretaci\u00f3n, la autora explora los or\u00edgenes personales del genio -su juventud, los a\u00f1os de estudiante, los primeros proyectos- para revelar c\u00f3mo aquel imaginario primero influy\u00f3 en sus obras.<\/span><\/p>\n<p class=\"cvGsUA direction-ltr align-justify para-style-body\"><span class=\"a_GcMg font-feature-liga-off font-feature-clig-off font-feature-calt-off text-decoration-none text-strikethrough-none\">El recorregut descobreix la importa\u0300ncia simbo\u0300lica d\u2019una figura clau: la seva \u00ababella\u00bb, meta\u0300fora d\u2019un amor discret que, segons aquesta mirada, travessa la seva arquitectura com un homenatge persistent.<\/span><\/p>\n<p class=\"cvGsUA direction-ltr align-start para-style-body\"><span class=\"a_GcMg font-feature-liga-off font-feature-clig-off font-feature-calt-off text-decoration-none text-strikethrough-none\">Repensar las influencias y los or\u00edgenes del genio y dar una nueva visi\u00f3n, sensible bajo la coraza del trabajo, ser\u00e1n las premisas que nos permitir\u00e1n realizar una reinterpretaci\u00f3n global de Gaud\u00ed y su obra.<\/span><\/p>\n","protected":false},"excerpt":{"rendered":"<p>El simbolismo del amor en su arquitectura.<\/p>\n","protected":false},"featured_media":48007,"template":"","meta":[],"product_cat":[3350,198],"product_tag":[2589],"autors":[],"class_list":{"0":"post-48235","1":"product","2":"type-product","3":"status-publish","4":"has-post-thumbnail","6":"product_cat-mediterrania-productes","7":"product_cat-arte-adulto","8":"product_tag-sagrada-familia-es","10":"first","11":"instock","12":"purchasable","13":"product-type-variable","14":"has-default-attributes","swatches":"rey-swatches","show_selected":""},"acf":[],"yoast_head":"<!-- This site is optimized with the Yoast SEO plugin v22.8 - https:\/\/yoast.com\/wordpress\/plugins\/seo\/ -->\n<title>La abeja de Gaud\u00ed - Editorial Mediterr\u00e0nia<\/title>\n<meta name=\"description\" content=\"Libro sobre la historia de los vitrales de la Sagrada Familia. El a\u00f1o 1999, el pintor Joan Vila-Grau recibi\u00f3 el pedido de dise\u00f1ar y realizar los vitrales que forman el gran ventanal de la fachada de Poniente de la Sagrada Familia.\" \/>\n<meta name=\"robots\" content=\"index, follow, max-snippet:-1, max-image-preview:large, max-video-preview:-1\" \/>\n<link rel=\"canonical\" href=\"https:\/\/editorialmediterrania.com\/es\/producto\/labeja-de-gaudi\/\" \/>\n<meta property=\"og:locale\" content=\"es_ES\" \/>\n<meta property=\"og:type\" content=\"article\" \/>\n<meta property=\"og:title\" content=\"La abeja de Gaud\u00ed - Editorial Mediterr\u00e0nia\" \/>\n<meta property=\"og:description\" content=\"Libro sobre la historia de los vitrales de la Sagrada Familia. El a\u00f1o 1999, el pintor Joan Vila-Grau recibi\u00f3 el pedido de dise\u00f1ar y realizar los vitrales que forman el gran ventanal de la fachada de Poniente de la Sagrada Familia.\" \/>\n<meta property=\"og:url\" content=\"https:\/\/editorialmediterrania.com\/es\/producto\/labeja-de-gaudi\/\" \/>\n<meta property=\"og:site_name\" content=\"Editorial Mediterr\u00e0nia\" \/>\n<meta property=\"article:modified_time\" content=\"2026-01-29T09:15:58+00:00\" \/>\n<meta property=\"og:image\" content=\"https:\/\/editorialmediterrania.com\/wp-content\/uploads\/2025\/11\/Captura-de-pantalla-2025-11-18-a-les-10.56.29-e1763461769760.png\" \/>\n\t<meta property=\"og:image:width\" content=\"398\" \/>\n\t<meta property=\"og:image:height\" content=\"617\" \/>\n\t<meta property=\"og:image:type\" content=\"image\/png\" \/>\n<meta name=\"twitter:card\" content=\"summary_large_image\" \/>\n<meta name=\"twitter:site\" content=\"@edmediterrania\" \/>\n<meta name=\"twitter:label1\" content=\"Tiempo de lectura\" \/>\n\t<meta name=\"twitter:data1\" content=\"1 minuto\" \/>\n<script type=\"application\/ld+json\" class=\"yoast-schema-graph\">{\"@context\":\"https:\/\/schema.org\",\"@graph\":[{\"@type\":\"WebPage\",\"@id\":\"https:\/\/editorialmediterrania.com\/es\/producto\/labeja-de-gaudi\/\",\"url\":\"https:\/\/editorialmediterrania.com\/es\/producto\/labeja-de-gaudi\/\",\"name\":\"La abeja de Gaud\u00ed - Editorial Mediterr\u00e0nia\",\"isPartOf\":{\"@id\":\"https:\/\/editorialmediterrania.com\/es\/#website\"},\"primaryImageOfPage\":{\"@id\":\"https:\/\/editorialmediterrania.com\/es\/producto\/labeja-de-gaudi\/#primaryimage\"},\"image\":{\"@id\":\"https:\/\/editorialmediterrania.com\/es\/producto\/labeja-de-gaudi\/#primaryimage\"},\"thumbnailUrl\":\"https:\/\/editorialmediterrania.com\/wp-content\/uploads\/2025\/11\/Captura-de-pantalla-2025-11-18-a-les-10.56.29-e1763461769760.png\",\"datePublished\":\"2024-11-18T09:58:41+00:00\",\"dateModified\":\"2026-01-29T09:15:58+00:00\",\"description\":\"Libro sobre la historia de los vitrales de la Sagrada Familia. El a\u00f1o 1999, el pintor Joan Vila-Grau recibi\u00f3 el pedido de dise\u00f1ar y realizar los vitrales que forman el gran ventanal de la fachada de Poniente de la Sagrada Familia.\",\"breadcrumb\":{\"@id\":\"https:\/\/editorialmediterrania.com\/es\/producto\/labeja-de-gaudi\/#breadcrumb\"},\"inLanguage\":\"es\",\"potentialAction\":[{\"@type\":\"ReadAction\",\"target\":[\"https:\/\/editorialmediterrania.com\/es\/producto\/labeja-de-gaudi\/\"]}]},{\"@type\":\"ImageObject\",\"inLanguage\":\"es\",\"@id\":\"https:\/\/editorialmediterrania.com\/es\/producto\/labeja-de-gaudi\/#primaryimage\",\"url\":\"https:\/\/editorialmediterrania.com\/wp-content\/uploads\/2025\/11\/Captura-de-pantalla-2025-11-18-a-les-10.56.29-e1763461769760.png\",\"contentUrl\":\"https:\/\/editorialmediterrania.com\/wp-content\/uploads\/2025\/11\/Captura-de-pantalla-2025-11-18-a-les-10.56.29-e1763461769760.png\",\"width\":398,\"height\":617},{\"@type\":\"BreadcrumbList\",\"@id\":\"https:\/\/editorialmediterrania.com\/es\/producto\/labeja-de-gaudi\/#breadcrumb\",\"itemListElement\":[{\"@type\":\"ListItem\",\"position\":1,\"name\":\"Tienda de libros infantiles de arte\",\"item\":\"https:\/\/editorialmediterrania.com\/es\/tienda-de-libros-infantiles-arte\/\"},{\"@type\":\"ListItem\",\"position\":2,\"name\":\"La abeja de Gaud\u00ed\"}]},{\"@type\":\"WebSite\",\"@id\":\"https:\/\/editorialmediterrania.com\/es\/#website\",\"url\":\"https:\/\/editorialmediterrania.com\/es\/\",\"name\":\"Editorial Mediterrania\",\"description\":\"Llibres que t\u2019obriran nous mons\",\"publisher\":{\"@id\":\"https:\/\/editorialmediterrania.com\/es\/#organization\"},\"alternateName\":\"Llibres infantils d'art, cultura i natura\",\"potentialAction\":[{\"@type\":\"SearchAction\",\"target\":{\"@type\":\"EntryPoint\",\"urlTemplate\":\"https:\/\/editorialmediterrania.com\/es\/?s={search_term_string}\"},\"query-input\":\"required name=search_term_string\"}],\"inLanguage\":\"es\"},{\"@type\":\"Organization\",\"@id\":\"https:\/\/editorialmediterrania.com\/es\/#organization\",\"name\":\"Editorial Mediterrania\",\"alternateName\":\"Llibres d'art, cultura i natura per infants i fam\u00edlies\",\"url\":\"https:\/\/editorialmediterrania.com\/es\/\",\"logo\":{\"@type\":\"ImageObject\",\"inLanguage\":\"es\",\"@id\":\"https:\/\/editorialmediterrania.com\/es\/#\/schema\/logo\/image\/\",\"url\":\"https:\/\/editorialmediterrania.com\/wp-content\/uploads\/2023\/03\/LOGO-ED_MEDITERRANIA_OK-2.png\",\"contentUrl\":\"https:\/\/editorialmediterrania.com\/wp-content\/uploads\/2023\/03\/LOGO-ED_MEDITERRANIA_OK-2.png\",\"width\":1200,\"height\":300,\"caption\":\"Editorial Mediterrania\"},\"image\":{\"@id\":\"https:\/\/editorialmediterrania.com\/es\/#\/schema\/logo\/image\/\"},\"sameAs\":[\"https:\/\/x.com\/edmediterrania\",\"https:\/\/www.instagram.com\/editorialmediterrania\/\"]}]}<\/script>\n<!-- \/ Yoast SEO plugin. -->","yoast_head_json":{"title":"La abeja de Gaud\u00ed - Editorial Mediterr\u00e0nia","description":"Libro sobre la historia de los vitrales de la Sagrada Familia. El a\u00f1o 1999, el pintor Joan Vila-Grau recibi\u00f3 el pedido de dise\u00f1ar y realizar los vitrales que forman el gran ventanal de la fachada de Poniente de la Sagrada Familia.","robots":{"index":"index","follow":"follow","max-snippet":"max-snippet:-1","max-image-preview":"max-image-preview:large","max-video-preview":"max-video-preview:-1"},"canonical":"https:\/\/editorialmediterrania.com\/es\/producto\/labeja-de-gaudi\/","og_locale":"es_ES","og_type":"article","og_title":"La abeja de Gaud\u00ed - Editorial Mediterr\u00e0nia","og_description":"Libro sobre la historia de los vitrales de la Sagrada Familia. El a\u00f1o 1999, el pintor Joan Vila-Grau recibi\u00f3 el pedido de dise\u00f1ar y realizar los vitrales que forman el gran ventanal de la fachada de Poniente de la Sagrada Familia.","og_url":"https:\/\/editorialmediterrania.com\/es\/producto\/labeja-de-gaudi\/","og_site_name":"Editorial Mediterr\u00e0nia","article_modified_time":"2026-01-29T09:15:58+00:00","og_image":[{"width":398,"height":617,"url":"https:\/\/editorialmediterrania.com\/wp-content\/uploads\/2025\/11\/Captura-de-pantalla-2025-11-18-a-les-10.56.29-e1763461769760.png","type":"image\/png"}],"twitter_card":"summary_large_image","twitter_site":"@edmediterrania","twitter_misc":{"Tiempo de lectura":"1 minuto"},"schema":{"@context":"https:\/\/schema.org","@graph":[{"@type":"WebPage","@id":"https:\/\/editorialmediterrania.com\/es\/producto\/labeja-de-gaudi\/","url":"https:\/\/editorialmediterrania.com\/es\/producto\/labeja-de-gaudi\/","name":"La abeja de Gaud\u00ed - Editorial Mediterr\u00e0nia","isPartOf":{"@id":"https:\/\/editorialmediterrania.com\/es\/#website"},"primaryImageOfPage":{"@id":"https:\/\/editorialmediterrania.com\/es\/producto\/labeja-de-gaudi\/#primaryimage"},"image":{"@id":"https:\/\/editorialmediterrania.com\/es\/producto\/labeja-de-gaudi\/#primaryimage"},"thumbnailUrl":"https:\/\/editorialmediterrania.com\/wp-content\/uploads\/2025\/11\/Captura-de-pantalla-2025-11-18-a-les-10.56.29-e1763461769760.png","datePublished":"2024-11-18T09:58:41+00:00","dateModified":"2026-01-29T09:15:58+00:00","description":"Libro sobre la historia de los vitrales de la Sagrada Familia. El a\u00f1o 1999, el pintor Joan Vila-Grau recibi\u00f3 el pedido de dise\u00f1ar y realizar los vitrales que forman el gran ventanal de la fachada de Poniente de la Sagrada Familia.","breadcrumb":{"@id":"https:\/\/editorialmediterrania.com\/es\/producto\/labeja-de-gaudi\/#breadcrumb"},"inLanguage":"es","potentialAction":[{"@type":"ReadAction","target":["https:\/\/editorialmediterrania.com\/es\/producto\/labeja-de-gaudi\/"]}]},{"@type":"ImageObject","inLanguage":"es","@id":"https:\/\/editorialmediterrania.com\/es\/producto\/labeja-de-gaudi\/#primaryimage","url":"https:\/\/editorialmediterrania.com\/wp-content\/uploads\/2025\/11\/Captura-de-pantalla-2025-11-18-a-les-10.56.29-e1763461769760.png","contentUrl":"https:\/\/editorialmediterrania.com\/wp-content\/uploads\/2025\/11\/Captura-de-pantalla-2025-11-18-a-les-10.56.29-e1763461769760.png","width":398,"height":617},{"@type":"BreadcrumbList","@id":"https:\/\/editorialmediterrania.com\/es\/producto\/labeja-de-gaudi\/#breadcrumb","itemListElement":[{"@type":"ListItem","position":1,"name":"Tienda de libros infantiles de arte","item":"https:\/\/editorialmediterrania.com\/es\/tienda-de-libros-infantiles-arte\/"},{"@type":"ListItem","position":2,"name":"La abeja de Gaud\u00ed"}]},{"@type":"WebSite","@id":"https:\/\/editorialmediterrania.com\/es\/#website","url":"https:\/\/editorialmediterrania.com\/es\/","name":"Editorial Mediterrania","description":"Llibres que t\u2019obriran nous mons","publisher":{"@id":"https:\/\/editorialmediterrania.com\/es\/#organization"},"alternateName":"Llibres infantils d'art, cultura i natura","potentialAction":[{"@type":"SearchAction","target":{"@type":"EntryPoint","urlTemplate":"https:\/\/editorialmediterrania.com\/es\/?s={search_term_string}"},"query-input":"required name=search_term_string"}],"inLanguage":"es"},{"@type":"Organization","@id":"https:\/\/editorialmediterrania.com\/es\/#organization","name":"Editorial Mediterrania","alternateName":"Llibres d'art, cultura i natura per infants i fam\u00edlies","url":"https:\/\/editorialmediterrania.com\/es\/","logo":{"@type":"ImageObject","inLanguage":"es","@id":"https:\/\/editorialmediterrania.com\/es\/#\/schema\/logo\/image\/","url":"https:\/\/editorialmediterrania.com\/wp-content\/uploads\/2023\/03\/LOGO-ED_MEDITERRANIA_OK-2.png","contentUrl":"https:\/\/editorialmediterrania.com\/wp-content\/uploads\/2023\/03\/LOGO-ED_MEDITERRANIA_OK-2.png","width":1200,"height":300,"caption":"Editorial Mediterrania"},"image":{"@id":"https:\/\/editorialmediterrania.com\/es\/#\/schema\/logo\/image\/"},"sameAs":["https:\/\/x.com\/edmediterrania","https:\/\/www.instagram.com\/editorialmediterrania\/"]}]}},"_links":{"self":[{"href":"https:\/\/editorialmediterrania.com\/es\/wp-json\/wp\/v2\/product\/48235","targetHints":{"allow":["GET"]}}],"collection":[{"href":"https:\/\/editorialmediterrania.com\/es\/wp-json\/wp\/v2\/product"}],"about":[{"href":"https:\/\/editorialmediterrania.com\/es\/wp-json\/wp\/v2\/types\/product"}],"wp:featuredmedia":[{"embeddable":true,"href":"https:\/\/editorialmediterrania.com\/es\/wp-json\/wp\/v2\/media\/48007"}],"wp:attachment":[{"href":"https:\/\/editorialmediterrania.com\/es\/wp-json\/wp\/v2\/media?parent=48235"}],"wp:term":[{"taxonomy":"product_cat","embeddable":true,"href":"https:\/\/editorialmediterrania.com\/es\/wp-json\/wp\/v2\/product_cat?post=48235"},{"taxonomy":"product_tag","embeddable":true,"href":"https:\/\/editorialmediterrania.com\/es\/wp-json\/wp\/v2\/product_tag?post=48235"},{"taxonomy":"autors","embeddable":true,"href":"https:\/\/editorialmediterrania.com\/es\/wp-json\/wp\/v2\/autors?post=48235"}],"curies":[{"name":"wp","href":"https:\/\/api.w.org\/{rel}","templated":true}]}}