{"id":48421,"date":"2026-01-28T11:06:43","date_gmt":"2026-01-28T10:06:43","guid":{"rendered":"https:\/\/editorialmediterrania.com\/?post_type=product&#038;p=48421"},"modified":"2026-03-09T16:06:24","modified_gmt":"2026-03-09T15:06:24","slug":"el-ingenio-invisible-un-universo-de-mujeres-steam-vol-1","status":"publish","type":"product","link":"https:\/\/editorialmediterrania.com\/es\/producto\/el-ingenio-invisible-un-universo-de-mujeres-steam-vol-1\/","title":{"rendered":"El ingenio (in)visible. Un universo de mujeres STEAM Vol.1"},"content":{"rendered":"<p>El primer t\u00edtulo de la colecci\u00f3n El ingenio (in)visible descubre las historias fascinantes de mujeres que han marcado la ciencia y la tecnolog\u00eda.<br \/>\nEste primer volumen, explica qui\u00e9n eran las mujeres STEAM, mujeres que a menudo han quedado fuera de los libros y de la historia. Desde alquimistas de la antig\u00fcedad hasta inventoras que han revolucionado la vida moderna, este t\u00edtulo reivindica su legado y reflexiona sobre por qu\u00e9, todav\u00eda hoy, la presencia femenina es tan minoritaria.<br \/>\nUn viaje divulgativo e inspirador que invita a recuperar referentes, romper estereotipos y dar visibilidad a las pioneras que han construido \u2014y contin\u00faan construyendo\u2014 nuestro mundo.<\/p>\n","protected":false},"excerpt":{"rendered":"<p>El primer t\u00edtulo de la colecci\u00f3n El ingenio (in)visible descubre las historias fascinantes de mujeres que han marcado la ciencia y la tecnolog\u00eda. Este primer volumen, explica qui\u00e9n eran las mujeres STEAM, mujeres que a menudo han quedado fuera de los libros y de la historia. Desde alquimistas de la antig\u00fcedad hasta inventoras que han [&hellip;]<\/p>\n","protected":false},"featured_media":48410,"template":"","meta":[],"product_cat":[3350],"product_tag":[],"autors":[6551],"class_list":{"0":"post-48421","1":"product","2":"type-product","3":"status-publish","4":"has-post-thumbnail","6":"product_cat-mediterrania-productes","7":"autors-nuria-salan","9":"first","10":"instock","11":"featured","12":"taxable","13":"shipping-taxable","14":"purchasable","15":"product-type-variable","swatches":"rey-swatches","show_selected":""},"acf":[],"yoast_head":"<!-- This site is optimized with the Yoast SEO plugin v22.8 - https:\/\/yoast.com\/wordpress\/plugins\/seo\/ -->\n<title>El ingenio (in)visible. Un universo de mujeres STEAM Vol.1 - Editorial Mediterr\u00e0nia<\/title>\n<meta name=\"description\" content=\"Descobreix un m\u00f3n de meravelles a trav\u00e9s dels llibres de la nostra editorial especialitzada en art, cultura i natura per a fam\u00edlies. Amb il\u00b7lustracions fascinants i hist\u00f2ries enriquidores, inspirem el descobriment i la curiositat en petits i grans, connectant-los amb el patrimoni cultural i el meravell\u00f3s m\u00f3n natural que ens envolta\" \/>\n<meta name=\"robots\" content=\"index, follow, max-snippet:-1, max-image-preview:large, max-video-preview:-1\" \/>\n<link rel=\"canonical\" href=\"https:\/\/editorialmediterrania.com\/es\/producto\/el-ingenio-invisible-un-universo-de-mujeres-steam-vol-1\/\" \/>\n<meta property=\"og:locale\" content=\"es_ES\" \/>\n<meta property=\"og:type\" content=\"article\" \/>\n<meta property=\"og:title\" content=\"El ingenio (in)visible. Un universo de mujeres STEAM Vol.1 - Editorial Mediterr\u00e0nia\" \/>\n<meta property=\"og:description\" content=\"Descobreix un m\u00f3n de meravelles a trav\u00e9s dels llibres de la nostra editorial especialitzada en art, cultura i natura per a fam\u00edlies. Amb il\u00b7lustracions fascinants i hist\u00f2ries enriquidores, inspirem el descobriment i la curiositat en petits i grans, connectant-los amb el patrimoni cultural i el meravell\u00f3s m\u00f3n natural que ens envolta\" \/>\n<meta property=\"og:url\" content=\"https:\/\/editorialmediterrania.com\/es\/producto\/el-ingenio-invisible-un-universo-de-mujeres-steam-vol-1\/\" \/>\n<meta property=\"og:site_name\" content=\"Editorial Mediterr\u00e0nia\" \/>\n<meta property=\"article:modified_time\" content=\"2026-03-09T15:06:24+00:00\" \/>\n<meta property=\"og:image\" content=\"https:\/\/editorialmediterrania.com\/wp-content\/uploads\/2026\/01\/9791388106118.png\" \/>\n\t<meta property=\"og:image:width\" content=\"828\" \/>\n\t<meta property=\"og:image:height\" content=\"1164\" \/>\n\t<meta property=\"og:image:type\" content=\"image\/png\" \/>\n<meta name=\"twitter:card\" content=\"summary_large_image\" \/>\n<meta name=\"twitter:site\" content=\"@edmediterrania\" \/>\n<meta name=\"twitter:label1\" content=\"Tiempo de lectura\" \/>\n\t<meta name=\"twitter:data1\" content=\"1 minuto\" \/>\n<script type=\"application\/ld+json\" class=\"yoast-schema-graph\">{\"@context\":\"https:\/\/schema.org\",\"@graph\":[{\"@type\":\"WebPage\",\"@id\":\"https:\/\/editorialmediterrania.com\/es\/producto\/el-ingenio-invisible-un-universo-de-mujeres-steam-vol-1\/\",\"url\":\"https:\/\/editorialmediterrania.com\/es\/producto\/el-ingenio-invisible-un-universo-de-mujeres-steam-vol-1\/\",\"name\":\"El ingenio (in)visible. Un universo de mujeres STEAM Vol.1 - Editorial Mediterr\u00e0nia\",\"isPartOf\":{\"@id\":\"https:\/\/editorialmediterrania.com\/es\/#website\"},\"primaryImageOfPage\":{\"@id\":\"https:\/\/editorialmediterrania.com\/es\/producto\/el-ingenio-invisible-un-universo-de-mujeres-steam-vol-1\/#primaryimage\"},\"image\":{\"@id\":\"https:\/\/editorialmediterrania.com\/es\/producto\/el-ingenio-invisible-un-universo-de-mujeres-steam-vol-1\/#primaryimage\"},\"thumbnailUrl\":\"https:\/\/editorialmediterrania.com\/wp-content\/uploads\/2026\/01\/9791388106118.png\",\"datePublished\":\"2026-01-28T10:06:43+00:00\",\"dateModified\":\"2026-03-09T15:06:24+00:00\",\"description\":\"Descobreix un m\u00f3n de meravelles a trav\u00e9s dels llibres de la nostra editorial especialitzada en art, cultura i natura per a fam\u00edlies. Amb il\u00b7lustracions fascinants i hist\u00f2ries enriquidores, inspirem el descobriment i la curiositat en petits i grans, connectant-los amb el patrimoni cultural i el meravell\u00f3s m\u00f3n natural que ens envolta\",\"breadcrumb\":{\"@id\":\"https:\/\/editorialmediterrania.com\/es\/producto\/el-ingenio-invisible-un-universo-de-mujeres-steam-vol-1\/#breadcrumb\"},\"inLanguage\":\"es\",\"potentialAction\":[{\"@type\":\"ReadAction\",\"target\":[\"https:\/\/editorialmediterrania.com\/es\/producto\/el-ingenio-invisible-un-universo-de-mujeres-steam-vol-1\/\"]}]},{\"@type\":\"ImageObject\",\"inLanguage\":\"es\",\"@id\":\"https:\/\/editorialmediterrania.com\/es\/producto\/el-ingenio-invisible-un-universo-de-mujeres-steam-vol-1\/#primaryimage\",\"url\":\"https:\/\/editorialmediterrania.com\/wp-content\/uploads\/2026\/01\/9791388106118.png\",\"contentUrl\":\"https:\/\/editorialmediterrania.com\/wp-content\/uploads\/2026\/01\/9791388106118.png\",\"width\":828,\"height\":1164},{\"@type\":\"BreadcrumbList\",\"@id\":\"https:\/\/editorialmediterrania.com\/es\/producto\/el-ingenio-invisible-un-universo-de-mujeres-steam-vol-1\/#breadcrumb\",\"itemListElement\":[{\"@type\":\"ListItem\",\"position\":1,\"name\":\"Tienda de libros infantiles de arte\",\"item\":\"https:\/\/editorialmediterrania.com\/es\/tienda-de-libros-infantiles-arte\/\"},{\"@type\":\"ListItem\",\"position\":2,\"name\":\"El ingenio (in)visible. Un universo de mujeres STEAM Vol.1\"}]},{\"@type\":\"WebSite\",\"@id\":\"https:\/\/editorialmediterrania.com\/es\/#website\",\"url\":\"https:\/\/editorialmediterrania.com\/es\/\",\"name\":\"Editorial Mediterrania\",\"description\":\"Llibres que t\u2019obriran nous mons\",\"publisher\":{\"@id\":\"https:\/\/editorialmediterrania.com\/es\/#organization\"},\"alternateName\":\"Llibres infantils d'art, cultura i natura\",\"potentialAction\":[{\"@type\":\"SearchAction\",\"target\":{\"@type\":\"EntryPoint\",\"urlTemplate\":\"https:\/\/editorialmediterrania.com\/es\/?s={search_term_string}\"},\"query-input\":\"required name=search_term_string\"}],\"inLanguage\":\"es\"},{\"@type\":\"Organization\",\"@id\":\"https:\/\/editorialmediterrania.com\/es\/#organization\",\"name\":\"Editorial Mediterrania\",\"alternateName\":\"Llibres d'art, cultura i natura per infants i fam\u00edlies\",\"url\":\"https:\/\/editorialmediterrania.com\/es\/\",\"logo\":{\"@type\":\"ImageObject\",\"inLanguage\":\"es\",\"@id\":\"https:\/\/editorialmediterrania.com\/es\/#\/schema\/logo\/image\/\",\"url\":\"https:\/\/editorialmediterrania.com\/wp-content\/uploads\/2023\/03\/LOGO-ED_MEDITERRANIA_OK-2.png\",\"contentUrl\":\"https:\/\/editorialmediterrania.com\/wp-content\/uploads\/2023\/03\/LOGO-ED_MEDITERRANIA_OK-2.png\",\"width\":1200,\"height\":300,\"caption\":\"Editorial Mediterrania\"},\"image\":{\"@id\":\"https:\/\/editorialmediterrania.com\/es\/#\/schema\/logo\/image\/\"},\"sameAs\":[\"https:\/\/x.com\/edmediterrania\",\"https:\/\/www.instagram.com\/editorialmediterrania\/\"]}]}<\/script>\n<!-- \/ Yoast SEO plugin. -->","yoast_head_json":{"title":"El ingenio (in)visible. Un universo de mujeres STEAM Vol.1 - Editorial Mediterr\u00e0nia","description":"Descobreix un m\u00f3n de meravelles a trav\u00e9s dels llibres de la nostra editorial especialitzada en art, cultura i natura per a fam\u00edlies. Amb il\u00b7lustracions fascinants i hist\u00f2ries enriquidores, inspirem el descobriment i la curiositat en petits i grans, connectant-los amb el patrimoni cultural i el meravell\u00f3s m\u00f3n natural que ens envolta","robots":{"index":"index","follow":"follow","max-snippet":"max-snippet:-1","max-image-preview":"max-image-preview:large","max-video-preview":"max-video-preview:-1"},"canonical":"https:\/\/editorialmediterrania.com\/es\/producto\/el-ingenio-invisible-un-universo-de-mujeres-steam-vol-1\/","og_locale":"es_ES","og_type":"article","og_title":"El ingenio (in)visible. Un universo de mujeres STEAM Vol.1 - Editorial Mediterr\u00e0nia","og_description":"Descobreix un m\u00f3n de meravelles a trav\u00e9s dels llibres de la nostra editorial especialitzada en art, cultura i natura per a fam\u00edlies. Amb il\u00b7lustracions fascinants i hist\u00f2ries enriquidores, inspirem el descobriment i la curiositat en petits i grans, connectant-los amb el patrimoni cultural i el meravell\u00f3s m\u00f3n natural que ens envolta","og_url":"https:\/\/editorialmediterrania.com\/es\/producto\/el-ingenio-invisible-un-universo-de-mujeres-steam-vol-1\/","og_site_name":"Editorial Mediterr\u00e0nia","article_modified_time":"2026-03-09T15:06:24+00:00","og_image":[{"width":828,"height":1164,"url":"https:\/\/editorialmediterrania.com\/wp-content\/uploads\/2026\/01\/9791388106118.png","type":"image\/png"}],"twitter_card":"summary_large_image","twitter_site":"@edmediterrania","twitter_misc":{"Tiempo de lectura":"1 minuto"},"schema":{"@context":"https:\/\/schema.org","@graph":[{"@type":"WebPage","@id":"https:\/\/editorialmediterrania.com\/es\/producto\/el-ingenio-invisible-un-universo-de-mujeres-steam-vol-1\/","url":"https:\/\/editorialmediterrania.com\/es\/producto\/el-ingenio-invisible-un-universo-de-mujeres-steam-vol-1\/","name":"El ingenio (in)visible. Un universo de mujeres STEAM Vol.1 - Editorial Mediterr\u00e0nia","isPartOf":{"@id":"https:\/\/editorialmediterrania.com\/es\/#website"},"primaryImageOfPage":{"@id":"https:\/\/editorialmediterrania.com\/es\/producto\/el-ingenio-invisible-un-universo-de-mujeres-steam-vol-1\/#primaryimage"},"image":{"@id":"https:\/\/editorialmediterrania.com\/es\/producto\/el-ingenio-invisible-un-universo-de-mujeres-steam-vol-1\/#primaryimage"},"thumbnailUrl":"https:\/\/editorialmediterrania.com\/wp-content\/uploads\/2026\/01\/9791388106118.png","datePublished":"2026-01-28T10:06:43+00:00","dateModified":"2026-03-09T15:06:24+00:00","description":"Descobreix un m\u00f3n de meravelles a trav\u00e9s dels llibres de la nostra editorial especialitzada en art, cultura i natura per a fam\u00edlies. Amb il\u00b7lustracions fascinants i hist\u00f2ries enriquidores, inspirem el descobriment i la curiositat en petits i grans, connectant-los amb el patrimoni cultural i el meravell\u00f3s m\u00f3n natural que ens envolta","breadcrumb":{"@id":"https:\/\/editorialmediterrania.com\/es\/producto\/el-ingenio-invisible-un-universo-de-mujeres-steam-vol-1\/#breadcrumb"},"inLanguage":"es","potentialAction":[{"@type":"ReadAction","target":["https:\/\/editorialmediterrania.com\/es\/producto\/el-ingenio-invisible-un-universo-de-mujeres-steam-vol-1\/"]}]},{"@type":"ImageObject","inLanguage":"es","@id":"https:\/\/editorialmediterrania.com\/es\/producto\/el-ingenio-invisible-un-universo-de-mujeres-steam-vol-1\/#primaryimage","url":"https:\/\/editorialmediterrania.com\/wp-content\/uploads\/2026\/01\/9791388106118.png","contentUrl":"https:\/\/editorialmediterrania.com\/wp-content\/uploads\/2026\/01\/9791388106118.png","width":828,"height":1164},{"@type":"BreadcrumbList","@id":"https:\/\/editorialmediterrania.com\/es\/producto\/el-ingenio-invisible-un-universo-de-mujeres-steam-vol-1\/#breadcrumb","itemListElement":[{"@type":"ListItem","position":1,"name":"Tienda de libros infantiles de arte","item":"https:\/\/editorialmediterrania.com\/es\/tienda-de-libros-infantiles-arte\/"},{"@type":"ListItem","position":2,"name":"El ingenio (in)visible. Un universo de mujeres STEAM Vol.1"}]},{"@type":"WebSite","@id":"https:\/\/editorialmediterrania.com\/es\/#website","url":"https:\/\/editorialmediterrania.com\/es\/","name":"Editorial Mediterrania","description":"Llibres que t\u2019obriran nous mons","publisher":{"@id":"https:\/\/editorialmediterrania.com\/es\/#organization"},"alternateName":"Llibres infantils d'art, cultura i natura","potentialAction":[{"@type":"SearchAction","target":{"@type":"EntryPoint","urlTemplate":"https:\/\/editorialmediterrania.com\/es\/?s={search_term_string}"},"query-input":"required name=search_term_string"}],"inLanguage":"es"},{"@type":"Organization","@id":"https:\/\/editorialmediterrania.com\/es\/#organization","name":"Editorial Mediterrania","alternateName":"Llibres d'art, cultura i natura per infants i fam\u00edlies","url":"https:\/\/editorialmediterrania.com\/es\/","logo":{"@type":"ImageObject","inLanguage":"es","@id":"https:\/\/editorialmediterrania.com\/es\/#\/schema\/logo\/image\/","url":"https:\/\/editorialmediterrania.com\/wp-content\/uploads\/2023\/03\/LOGO-ED_MEDITERRANIA_OK-2.png","contentUrl":"https:\/\/editorialmediterrania.com\/wp-content\/uploads\/2023\/03\/LOGO-ED_MEDITERRANIA_OK-2.png","width":1200,"height":300,"caption":"Editorial Mediterrania"},"image":{"@id":"https:\/\/editorialmediterrania.com\/es\/#\/schema\/logo\/image\/"},"sameAs":["https:\/\/x.com\/edmediterrania","https:\/\/www.instagram.com\/editorialmediterrania\/"]}]}},"_links":{"self":[{"href":"https:\/\/editorialmediterrania.com\/es\/wp-json\/wp\/v2\/product\/48421","targetHints":{"allow":["GET"]}}],"collection":[{"href":"https:\/\/editorialmediterrania.com\/es\/wp-json\/wp\/v2\/product"}],"about":[{"href":"https:\/\/editorialmediterrania.com\/es\/wp-json\/wp\/v2\/types\/product"}],"wp:featuredmedia":[{"embeddable":true,"href":"https:\/\/editorialmediterrania.com\/es\/wp-json\/wp\/v2\/media\/48410"}],"wp:attachment":[{"href":"https:\/\/editorialmediterrania.com\/es\/wp-json\/wp\/v2\/media?parent=48421"}],"wp:term":[{"taxonomy":"product_cat","embeddable":true,"href":"https:\/\/editorialmediterrania.com\/es\/wp-json\/wp\/v2\/product_cat?post=48421"},{"taxonomy":"product_tag","embeddable":true,"href":"https:\/\/editorialmediterrania.com\/es\/wp-json\/wp\/v2\/product_tag?post=48421"},{"taxonomy":"autors","embeddable":true,"href":"https:\/\/editorialmediterrania.com\/es\/wp-json\/wp\/v2\/autors?post=48421"}],"curies":[{"name":"wp","href":"https:\/\/api.w.org\/{rel}","templated":true}]}}