{"id":48427,"date":"2026-01-28T11:23:21","date_gmt":"2026-01-28T10:23:21","guid":{"rendered":"https:\/\/editorialmediterrania.com\/?post_type=product&#038;p=48427"},"modified":"2026-05-07T10:02:10","modified_gmt":"2026-05-07T08:02:10","slug":"el-ingenio-invisible-un-universo-de-mujeres-steam-vol-2","status":"publish","type":"product","link":"https:\/\/editorialmediterrania.com\/es\/producto\/el-ingenio-invisible-un-universo-de-mujeres-steam-vol-2\/","title":{"rendered":"El ingenio (in)visible. Un universo de mujeres STEAM Vol.2"},"content":{"rendered":"<p>A veces, la historia olvida nombres imprescindibles. Este libro, dentro del conjunto \u00abEl ingenio (in)visible\u00bb, emprende un viaje para recuperar a las mujeres que, desde la ciencia, la tecnolog\u00eda, las humanidades, las artes y otros muchos \u00e1mbitos, han contribuido a transformar el mundo. <\/p>\n<p>Sus hitos quiz\u00e1s no siempre nos son familiares, pero esto no quiere decir que no estuvieran. Silenciosamente y generosamente, estas mujeres nos han acompa\u00f1ado desde siempre. Ahora es el momento de conocerlas, reconocerlas e incorporarlas a nuestro universo cotidiano.  <\/p>\n<p>Un viaje largo, como el de Itaca, lleno de descubrimientos, referentes y posibilidades. Y quien sabe si, alg\u00fan d\u00eda, t\u00fa tambi\u00e9n formar\u00e1s parte. <\/p>\n","protected":false},"excerpt":{"rendered":"<p>La continuaci\u00f3n de un viaje para hacer visibles nuevas mujeres STEAM e incorporar su legado a nuestro propio universo.<\/p>\n","protected":false},"featured_media":48978,"template":"","meta":[],"product_cat":[3350],"product_tag":[],"autors":[],"class_list":{"0":"post-48427","1":"product","2":"type-product","3":"status-publish","4":"has-post-thumbnail","6":"product_cat-mediterrania-productes","8":"first","9":"instock","10":"featured","11":"taxable","12":"shipping-taxable","13":"purchasable","14":"product-type-variable","swatches":"rey-swatches","show_selected":""},"acf":[],"yoast_head":"<!-- This site is optimized with the Yoast SEO plugin v22.8 - https:\/\/yoast.com\/wordpress\/plugins\/seo\/ -->\n<title>El ingenio (in)visible. Un universo de mujeres STEAM Vol.2 - Editorial Mediterr\u00e0nia<\/title>\n<meta name=\"description\" content=\"La continuaci\u00f3n de un viaje para hacer visibles nuevas mujeres STEAM e incorporar su legado a nuestro propio universo.\" \/>\n<meta name=\"robots\" content=\"index, follow, max-snippet:-1, max-image-preview:large, max-video-preview:-1\" \/>\n<link rel=\"canonical\" href=\"https:\/\/editorialmediterrania.com\/es\/producto\/el-ingenio-invisible-un-universo-de-mujeres-steam-vol-2\/\" \/>\n<meta property=\"og:locale\" content=\"es_ES\" \/>\n<meta property=\"og:type\" content=\"article\" \/>\n<meta property=\"og:title\" content=\"El ingenio (in)visible. Un universo de mujeres STEAM Vol.2 - Editorial Mediterr\u00e0nia\" \/>\n<meta property=\"og:description\" content=\"La continuaci\u00f3n de un viaje para hacer visibles nuevas mujeres STEAM e incorporar su legado a nuestro propio universo.\" \/>\n<meta property=\"og:url\" content=\"https:\/\/editorialmediterrania.com\/es\/producto\/el-ingenio-invisible-un-universo-de-mujeres-steam-vol-2\/\" \/>\n<meta property=\"og:site_name\" content=\"Editorial Mediterr\u00e0nia\" \/>\n<meta property=\"article:modified_time\" content=\"2026-05-07T08:02:10+00:00\" \/>\n<meta property=\"og:image\" content=\"https:\/\/editorialmediterrania.com\/wp-content\/uploads\/2026\/01\/Vol.2-castellano-1.png\" \/>\n\t<meta property=\"og:image:width\" content=\"828\" \/>\n\t<meta property=\"og:image:height\" content=\"1138\" \/>\n\t<meta property=\"og:image:type\" content=\"image\/png\" \/>\n<meta name=\"twitter:card\" content=\"summary_large_image\" \/>\n<meta name=\"twitter:site\" content=\"@edmediterrania\" \/>\n<meta name=\"twitter:label1\" content=\"Tiempo de lectura\" \/>\n\t<meta name=\"twitter:data1\" content=\"1 minuto\" \/>\n<script type=\"application\/ld+json\" class=\"yoast-schema-graph\">{\"@context\":\"https:\/\/schema.org\",\"@graph\":[{\"@type\":\"WebPage\",\"@id\":\"https:\/\/editorialmediterrania.com\/es\/producto\/el-ingenio-invisible-un-universo-de-mujeres-steam-vol-2\/\",\"url\":\"https:\/\/editorialmediterrania.com\/es\/producto\/el-ingenio-invisible-un-universo-de-mujeres-steam-vol-2\/\",\"name\":\"El ingenio (in)visible. Un universo de mujeres STEAM Vol.2 - Editorial Mediterr\u00e0nia\",\"isPartOf\":{\"@id\":\"https:\/\/editorialmediterrania.com\/es\/#website\"},\"primaryImageOfPage\":{\"@id\":\"https:\/\/editorialmediterrania.com\/es\/producto\/el-ingenio-invisible-un-universo-de-mujeres-steam-vol-2\/#primaryimage\"},\"image\":{\"@id\":\"https:\/\/editorialmediterrania.com\/es\/producto\/el-ingenio-invisible-un-universo-de-mujeres-steam-vol-2\/#primaryimage\"},\"thumbnailUrl\":\"https:\/\/editorialmediterrania.com\/wp-content\/uploads\/2026\/01\/Vol.2-castellano-1.png\",\"datePublished\":\"2026-01-28T10:23:21+00:00\",\"dateModified\":\"2026-05-07T08:02:10+00:00\",\"description\":\"La continuaci\u00f3n de un viaje para hacer visibles nuevas mujeres STEAM e incorporar su legado a nuestro propio universo.\",\"breadcrumb\":{\"@id\":\"https:\/\/editorialmediterrania.com\/es\/producto\/el-ingenio-invisible-un-universo-de-mujeres-steam-vol-2\/#breadcrumb\"},\"inLanguage\":\"es\",\"potentialAction\":[{\"@type\":\"ReadAction\",\"target\":[\"https:\/\/editorialmediterrania.com\/es\/producto\/el-ingenio-invisible-un-universo-de-mujeres-steam-vol-2\/\"]}]},{\"@type\":\"ImageObject\",\"inLanguage\":\"es\",\"@id\":\"https:\/\/editorialmediterrania.com\/es\/producto\/el-ingenio-invisible-un-universo-de-mujeres-steam-vol-2\/#primaryimage\",\"url\":\"https:\/\/editorialmediterrania.com\/wp-content\/uploads\/2026\/01\/Vol.2-castellano-1.png\",\"contentUrl\":\"https:\/\/editorialmediterrania.com\/wp-content\/uploads\/2026\/01\/Vol.2-castellano-1.png\",\"width\":828,\"height\":1138},{\"@type\":\"BreadcrumbList\",\"@id\":\"https:\/\/editorialmediterrania.com\/es\/producto\/el-ingenio-invisible-un-universo-de-mujeres-steam-vol-2\/#breadcrumb\",\"itemListElement\":[{\"@type\":\"ListItem\",\"position\":1,\"name\":\"Tienda de libros infantiles de arte\",\"item\":\"https:\/\/editorialmediterrania.com\/es\/tienda-de-libros-infantiles-arte\/\"},{\"@type\":\"ListItem\",\"position\":2,\"name\":\"El ingenio (in)visible. Un universo de mujeres STEAM Vol.2\"}]},{\"@type\":\"WebSite\",\"@id\":\"https:\/\/editorialmediterrania.com\/es\/#website\",\"url\":\"https:\/\/editorialmediterrania.com\/es\/\",\"name\":\"Editorial Mediterrania\",\"description\":\"Llibres que t\u2019obriran nous mons\",\"publisher\":{\"@id\":\"https:\/\/editorialmediterrania.com\/es\/#organization\"},\"alternateName\":\"Llibres infantils d'art, cultura i natura\",\"potentialAction\":[{\"@type\":\"SearchAction\",\"target\":{\"@type\":\"EntryPoint\",\"urlTemplate\":\"https:\/\/editorialmediterrania.com\/es\/?s={search_term_string}\"},\"query-input\":\"required name=search_term_string\"}],\"inLanguage\":\"es\"},{\"@type\":\"Organization\",\"@id\":\"https:\/\/editorialmediterrania.com\/es\/#organization\",\"name\":\"Editorial Mediterrania\",\"alternateName\":\"Llibres d'art, cultura i natura per infants i fam\u00edlies\",\"url\":\"https:\/\/editorialmediterrania.com\/es\/\",\"logo\":{\"@type\":\"ImageObject\",\"inLanguage\":\"es\",\"@id\":\"https:\/\/editorialmediterrania.com\/es\/#\/schema\/logo\/image\/\",\"url\":\"https:\/\/editorialmediterrania.com\/wp-content\/uploads\/2023\/03\/LOGO-ED_MEDITERRANIA_OK-2.png\",\"contentUrl\":\"https:\/\/editorialmediterrania.com\/wp-content\/uploads\/2023\/03\/LOGO-ED_MEDITERRANIA_OK-2.png\",\"width\":1200,\"height\":300,\"caption\":\"Editorial Mediterrania\"},\"image\":{\"@id\":\"https:\/\/editorialmediterrania.com\/es\/#\/schema\/logo\/image\/\"},\"sameAs\":[\"https:\/\/x.com\/edmediterrania\",\"https:\/\/www.instagram.com\/editorialmediterrania\/\"]}]}<\/script>\n<!-- \/ Yoast SEO plugin. -->","yoast_head_json":{"title":"El ingenio (in)visible. Un universo de mujeres STEAM Vol.2 - Editorial Mediterr\u00e0nia","description":"La continuaci\u00f3n de un viaje para hacer visibles nuevas mujeres STEAM e incorporar su legado a nuestro propio universo.","robots":{"index":"index","follow":"follow","max-snippet":"max-snippet:-1","max-image-preview":"max-image-preview:large","max-video-preview":"max-video-preview:-1"},"canonical":"https:\/\/editorialmediterrania.com\/es\/producto\/el-ingenio-invisible-un-universo-de-mujeres-steam-vol-2\/","og_locale":"es_ES","og_type":"article","og_title":"El ingenio (in)visible. Un universo de mujeres STEAM Vol.2 - Editorial Mediterr\u00e0nia","og_description":"La continuaci\u00f3n de un viaje para hacer visibles nuevas mujeres STEAM e incorporar su legado a nuestro propio universo.","og_url":"https:\/\/editorialmediterrania.com\/es\/producto\/el-ingenio-invisible-un-universo-de-mujeres-steam-vol-2\/","og_site_name":"Editorial Mediterr\u00e0nia","article_modified_time":"2026-05-07T08:02:10+00:00","og_image":[{"width":828,"height":1138,"url":"https:\/\/editorialmediterrania.com\/wp-content\/uploads\/2026\/01\/Vol.2-castellano-1.png","type":"image\/png"}],"twitter_card":"summary_large_image","twitter_site":"@edmediterrania","twitter_misc":{"Tiempo de lectura":"1 minuto"},"schema":{"@context":"https:\/\/schema.org","@graph":[{"@type":"WebPage","@id":"https:\/\/editorialmediterrania.com\/es\/producto\/el-ingenio-invisible-un-universo-de-mujeres-steam-vol-2\/","url":"https:\/\/editorialmediterrania.com\/es\/producto\/el-ingenio-invisible-un-universo-de-mujeres-steam-vol-2\/","name":"El ingenio (in)visible. Un universo de mujeres STEAM Vol.2 - Editorial Mediterr\u00e0nia","isPartOf":{"@id":"https:\/\/editorialmediterrania.com\/es\/#website"},"primaryImageOfPage":{"@id":"https:\/\/editorialmediterrania.com\/es\/producto\/el-ingenio-invisible-un-universo-de-mujeres-steam-vol-2\/#primaryimage"},"image":{"@id":"https:\/\/editorialmediterrania.com\/es\/producto\/el-ingenio-invisible-un-universo-de-mujeres-steam-vol-2\/#primaryimage"},"thumbnailUrl":"https:\/\/editorialmediterrania.com\/wp-content\/uploads\/2026\/01\/Vol.2-castellano-1.png","datePublished":"2026-01-28T10:23:21+00:00","dateModified":"2026-05-07T08:02:10+00:00","description":"La continuaci\u00f3n de un viaje para hacer visibles nuevas mujeres STEAM e incorporar su legado a nuestro propio universo.","breadcrumb":{"@id":"https:\/\/editorialmediterrania.com\/es\/producto\/el-ingenio-invisible-un-universo-de-mujeres-steam-vol-2\/#breadcrumb"},"inLanguage":"es","potentialAction":[{"@type":"ReadAction","target":["https:\/\/editorialmediterrania.com\/es\/producto\/el-ingenio-invisible-un-universo-de-mujeres-steam-vol-2\/"]}]},{"@type":"ImageObject","inLanguage":"es","@id":"https:\/\/editorialmediterrania.com\/es\/producto\/el-ingenio-invisible-un-universo-de-mujeres-steam-vol-2\/#primaryimage","url":"https:\/\/editorialmediterrania.com\/wp-content\/uploads\/2026\/01\/Vol.2-castellano-1.png","contentUrl":"https:\/\/editorialmediterrania.com\/wp-content\/uploads\/2026\/01\/Vol.2-castellano-1.png","width":828,"height":1138},{"@type":"BreadcrumbList","@id":"https:\/\/editorialmediterrania.com\/es\/producto\/el-ingenio-invisible-un-universo-de-mujeres-steam-vol-2\/#breadcrumb","itemListElement":[{"@type":"ListItem","position":1,"name":"Tienda de libros infantiles de arte","item":"https:\/\/editorialmediterrania.com\/es\/tienda-de-libros-infantiles-arte\/"},{"@type":"ListItem","position":2,"name":"El ingenio (in)visible. Un universo de mujeres STEAM Vol.2"}]},{"@type":"WebSite","@id":"https:\/\/editorialmediterrania.com\/es\/#website","url":"https:\/\/editorialmediterrania.com\/es\/","name":"Editorial Mediterrania","description":"Llibres que t\u2019obriran nous mons","publisher":{"@id":"https:\/\/editorialmediterrania.com\/es\/#organization"},"alternateName":"Llibres infantils d'art, cultura i natura","potentialAction":[{"@type":"SearchAction","target":{"@type":"EntryPoint","urlTemplate":"https:\/\/editorialmediterrania.com\/es\/?s={search_term_string}"},"query-input":"required name=search_term_string"}],"inLanguage":"es"},{"@type":"Organization","@id":"https:\/\/editorialmediterrania.com\/es\/#organization","name":"Editorial Mediterrania","alternateName":"Llibres d'art, cultura i natura per infants i fam\u00edlies","url":"https:\/\/editorialmediterrania.com\/es\/","logo":{"@type":"ImageObject","inLanguage":"es","@id":"https:\/\/editorialmediterrania.com\/es\/#\/schema\/logo\/image\/","url":"https:\/\/editorialmediterrania.com\/wp-content\/uploads\/2023\/03\/LOGO-ED_MEDITERRANIA_OK-2.png","contentUrl":"https:\/\/editorialmediterrania.com\/wp-content\/uploads\/2023\/03\/LOGO-ED_MEDITERRANIA_OK-2.png","width":1200,"height":300,"caption":"Editorial Mediterrania"},"image":{"@id":"https:\/\/editorialmediterrania.com\/es\/#\/schema\/logo\/image\/"},"sameAs":["https:\/\/x.com\/edmediterrania","https:\/\/www.instagram.com\/editorialmediterrania\/"]}]}},"_links":{"self":[{"href":"https:\/\/editorialmediterrania.com\/es\/wp-json\/wp\/v2\/product\/48427","targetHints":{"allow":["GET"]}}],"collection":[{"href":"https:\/\/editorialmediterrania.com\/es\/wp-json\/wp\/v2\/product"}],"about":[{"href":"https:\/\/editorialmediterrania.com\/es\/wp-json\/wp\/v2\/types\/product"}],"wp:featuredmedia":[{"embeddable":true,"href":"https:\/\/editorialmediterrania.com\/es\/wp-json\/wp\/v2\/media\/48978"}],"wp:attachment":[{"href":"https:\/\/editorialmediterrania.com\/es\/wp-json\/wp\/v2\/media?parent=48427"}],"wp:term":[{"taxonomy":"product_cat","embeddable":true,"href":"https:\/\/editorialmediterrania.com\/es\/wp-json\/wp\/v2\/product_cat?post=48427"},{"taxonomy":"product_tag","embeddable":true,"href":"https:\/\/editorialmediterrania.com\/es\/wp-json\/wp\/v2\/product_tag?post=48427"},{"taxonomy":"autors","embeddable":true,"href":"https:\/\/editorialmediterrania.com\/es\/wp-json\/wp\/v2\/autors?post=48427"}],"curies":[{"name":"wp","href":"https:\/\/api.w.org\/{rel}","templated":true}]}}