{"id":48430,"date":"2026-01-21T17:01:46","date_gmt":"2026-01-21T16:01:46","guid":{"rendered":"https:\/\/editorialmediterrania.com\/?post_type=product&#038;p=48430"},"modified":"2026-01-30T09:48:34","modified_gmt":"2026-01-30T08:48:34","slug":"una-ventana-en-el-bolsillo","status":"publish","type":"product","link":"https:\/\/editorialmediterrania.com\/es\/producto\/una-ventana-en-el-bolsillo\/","title":{"rendered":"Una ventana en el bolsillo"},"content":{"rendered":"<div class=\"page\" title=\"Page 1\">\n<div class=\"section\">\n<div class=\"layoutArea\">\n<div class=\"column\">\n<p>Kas es un perro muy curioso y observador: sus amos, Max y Carla, no pueden vivir sin el mo\u0301vil, \u00a1y sus padres tampoco esta\u0301n mucho mejor! Entre likes, hashtags y videos de TikTok, la familia parece ma\u0301s pendiente de las pantallas que de lo que pasa en su alrededor.<\/p>\n<p>Pero un fin de semana en la montan\u0303a lo cambiara\u0301 todo. Entre canciones al coche, platos \u201cpet friendly\u201d y coreografi\u0301as en la plaza, el Kas descubrira\u0301 \u2014y nos recordara\u0301\u2014 que las mejores historias no siempre se graban&#8230; se viven.<\/p>\n<p>Una aventura divertida y tierna sobre las redes, los algoritmos y la importancia de desconectar para reconectar.<\/p>\n<\/div>\n<\/div>\n<\/div>\n<\/div>\n","protected":false},"excerpt":{"rendered":"<p>Kas es un perro muy curioso y observador: sus amos, Max y Carla, no pueden vivir sin el mo\u0301vil, \u00a1y sus padres tampoco esta\u0301n mucho mejor! Entre likes, hashtags y videos de TikTok, la familia parece ma\u0301s pendiente de las pantallas que de lo que pasa en su alrededor. Pero un fin de semana en [&hellip;]<\/p>\n","protected":false},"featured_media":48300,"template":"","meta":[],"product_cat":[30],"product_tag":[],"autors":[],"class_list":{"0":"post-48430","1":"product","2":"type-product","3":"status-publish","4":"has-post-thumbnail","6":"product_cat-editorial-mediterrania","8":"first","9":"instock","10":"featured","11":"taxable","12":"shipping-taxable","13":"purchasable","14":"product-type-variable","swatches":"rey-swatches","show_selected":""},"acf":[],"yoast_head":"<!-- This site is optimized with the Yoast SEO plugin v22.8 - https:\/\/yoast.com\/wordpress\/plugins\/seo\/ -->\n<title>Una ventana en el bolsillo - Editorial Mediterr\u00e0nia<\/title>\n<meta name=\"description\" content=\"Descobreix un m\u00f3n de meravelles a trav\u00e9s dels llibres de la nostra editorial especialitzada en art, cultura i natura per a fam\u00edlies. Amb il\u00b7lustracions fascinants i hist\u00f2ries enriquidores, inspirem el descobriment i la curiositat en petits i grans, connectant-los amb el patrimoni cultural i el meravell\u00f3s m\u00f3n natural que ens envolta\" \/>\n<meta name=\"robots\" content=\"index, follow, max-snippet:-1, max-image-preview:large, max-video-preview:-1\" \/>\n<link rel=\"canonical\" href=\"https:\/\/editorialmediterrania.com\/es\/producto\/una-ventana-en-el-bolsillo\/\" \/>\n<meta property=\"og:locale\" content=\"es_ES\" \/>\n<meta property=\"og:type\" content=\"article\" \/>\n<meta property=\"og:title\" content=\"Una ventana en el bolsillo - Editorial Mediterr\u00e0nia\" \/>\n<meta property=\"og:description\" content=\"Descobreix un m\u00f3n de meravelles a trav\u00e9s dels llibres de la nostra editorial especialitzada en art, cultura i natura per a fam\u00edlies. Amb il\u00b7lustracions fascinants i hist\u00f2ries enriquidores, inspirem el descobriment i la curiositat en petits i grans, connectant-los amb el patrimoni cultural i el meravell\u00f3s m\u00f3n natural que ens envolta\" \/>\n<meta property=\"og:url\" content=\"https:\/\/editorialmediterrania.com\/es\/producto\/una-ventana-en-el-bolsillo\/\" \/>\n<meta property=\"og:site_name\" content=\"Editorial Mediterr\u00e0nia\" \/>\n<meta property=\"article:modified_time\" content=\"2026-01-30T08:48:34+00:00\" \/>\n<meta property=\"og:image\" content=\"https:\/\/editorialmediterrania.com\/wp-content\/uploads\/2026\/01\/9791388106088.png\" \/>\n\t<meta property=\"og:image:width\" content=\"978\" \/>\n\t<meta property=\"og:image:height\" content=\"976\" \/>\n\t<meta property=\"og:image:type\" content=\"image\/png\" \/>\n<meta name=\"twitter:card\" content=\"summary_large_image\" \/>\n<meta name=\"twitter:site\" content=\"@edmediterrania\" \/>\n<meta name=\"twitter:label1\" content=\"Tiempo de lectura\" \/>\n\t<meta name=\"twitter:data1\" content=\"1 minuto\" \/>\n<script type=\"application\/ld+json\" class=\"yoast-schema-graph\">{\"@context\":\"https:\/\/schema.org\",\"@graph\":[{\"@type\":\"WebPage\",\"@id\":\"https:\/\/editorialmediterrania.com\/es\/producto\/una-ventana-en-el-bolsillo\/\",\"url\":\"https:\/\/editorialmediterrania.com\/es\/producto\/una-ventana-en-el-bolsillo\/\",\"name\":\"Una ventana en el bolsillo - Editorial Mediterr\u00e0nia\",\"isPartOf\":{\"@id\":\"https:\/\/editorialmediterrania.com\/es\/#website\"},\"primaryImageOfPage\":{\"@id\":\"https:\/\/editorialmediterrania.com\/es\/producto\/una-ventana-en-el-bolsillo\/#primaryimage\"},\"image\":{\"@id\":\"https:\/\/editorialmediterrania.com\/es\/producto\/una-ventana-en-el-bolsillo\/#primaryimage\"},\"thumbnailUrl\":\"https:\/\/editorialmediterrania.com\/wp-content\/uploads\/2026\/01\/9791388106088.png\",\"datePublished\":\"2026-01-21T16:01:46+00:00\",\"dateModified\":\"2026-01-30T08:48:34+00:00\",\"description\":\"Descobreix un m\u00f3n de meravelles a trav\u00e9s dels llibres de la nostra editorial especialitzada en art, cultura i natura per a fam\u00edlies. Amb il\u00b7lustracions fascinants i hist\u00f2ries enriquidores, inspirem el descobriment i la curiositat en petits i grans, connectant-los amb el patrimoni cultural i el meravell\u00f3s m\u00f3n natural que ens envolta\",\"breadcrumb\":{\"@id\":\"https:\/\/editorialmediterrania.com\/es\/producto\/una-ventana-en-el-bolsillo\/#breadcrumb\"},\"inLanguage\":\"es\",\"potentialAction\":[{\"@type\":\"ReadAction\",\"target\":[\"https:\/\/editorialmediterrania.com\/es\/producto\/una-ventana-en-el-bolsillo\/\"]}]},{\"@type\":\"ImageObject\",\"inLanguage\":\"es\",\"@id\":\"https:\/\/editorialmediterrania.com\/es\/producto\/una-ventana-en-el-bolsillo\/#primaryimage\",\"url\":\"https:\/\/editorialmediterrania.com\/wp-content\/uploads\/2026\/01\/9791388106088.png\",\"contentUrl\":\"https:\/\/editorialmediterrania.com\/wp-content\/uploads\/2026\/01\/9791388106088.png\",\"width\":978,\"height\":976},{\"@type\":\"BreadcrumbList\",\"@id\":\"https:\/\/editorialmediterrania.com\/es\/producto\/una-ventana-en-el-bolsillo\/#breadcrumb\",\"itemListElement\":[{\"@type\":\"ListItem\",\"position\":1,\"name\":\"Tienda de libros infantiles de arte\",\"item\":\"https:\/\/editorialmediterrania.com\/es\/tienda-de-libros-infantiles-arte\/\"},{\"@type\":\"ListItem\",\"position\":2,\"name\":\"Una ventana en el bolsillo\"}]},{\"@type\":\"WebSite\",\"@id\":\"https:\/\/editorialmediterrania.com\/es\/#website\",\"url\":\"https:\/\/editorialmediterrania.com\/es\/\",\"name\":\"Editorial Mediterrania\",\"description\":\"Llibres que t\u2019obriran nous mons\",\"publisher\":{\"@id\":\"https:\/\/editorialmediterrania.com\/es\/#organization\"},\"alternateName\":\"Llibres infantils d'art, cultura i natura\",\"potentialAction\":[{\"@type\":\"SearchAction\",\"target\":{\"@type\":\"EntryPoint\",\"urlTemplate\":\"https:\/\/editorialmediterrania.com\/es\/?s={search_term_string}\"},\"query-input\":\"required name=search_term_string\"}],\"inLanguage\":\"es\"},{\"@type\":\"Organization\",\"@id\":\"https:\/\/editorialmediterrania.com\/es\/#organization\",\"name\":\"Editorial Mediterrania\",\"alternateName\":\"Llibres d'art, cultura i natura per infants i fam\u00edlies\",\"url\":\"https:\/\/editorialmediterrania.com\/es\/\",\"logo\":{\"@type\":\"ImageObject\",\"inLanguage\":\"es\",\"@id\":\"https:\/\/editorialmediterrania.com\/es\/#\/schema\/logo\/image\/\",\"url\":\"https:\/\/editorialmediterrania.com\/wp-content\/uploads\/2023\/03\/LOGO-ED_MEDITERRANIA_OK-2.png\",\"contentUrl\":\"https:\/\/editorialmediterrania.com\/wp-content\/uploads\/2023\/03\/LOGO-ED_MEDITERRANIA_OK-2.png\",\"width\":1200,\"height\":300,\"caption\":\"Editorial Mediterrania\"},\"image\":{\"@id\":\"https:\/\/editorialmediterrania.com\/es\/#\/schema\/logo\/image\/\"},\"sameAs\":[\"https:\/\/x.com\/edmediterrania\",\"https:\/\/www.instagram.com\/editorialmediterrania\/\"]}]}<\/script>\n<!-- \/ Yoast SEO plugin. -->","yoast_head_json":{"title":"Una ventana en el bolsillo - Editorial Mediterr\u00e0nia","description":"Descobreix un m\u00f3n de meravelles a trav\u00e9s dels llibres de la nostra editorial especialitzada en art, cultura i natura per a fam\u00edlies. Amb il\u00b7lustracions fascinants i hist\u00f2ries enriquidores, inspirem el descobriment i la curiositat en petits i grans, connectant-los amb el patrimoni cultural i el meravell\u00f3s m\u00f3n natural que ens envolta","robots":{"index":"index","follow":"follow","max-snippet":"max-snippet:-1","max-image-preview":"max-image-preview:large","max-video-preview":"max-video-preview:-1"},"canonical":"https:\/\/editorialmediterrania.com\/es\/producto\/una-ventana-en-el-bolsillo\/","og_locale":"es_ES","og_type":"article","og_title":"Una ventana en el bolsillo - Editorial Mediterr\u00e0nia","og_description":"Descobreix un m\u00f3n de meravelles a trav\u00e9s dels llibres de la nostra editorial especialitzada en art, cultura i natura per a fam\u00edlies. Amb il\u00b7lustracions fascinants i hist\u00f2ries enriquidores, inspirem el descobriment i la curiositat en petits i grans, connectant-los amb el patrimoni cultural i el meravell\u00f3s m\u00f3n natural que ens envolta","og_url":"https:\/\/editorialmediterrania.com\/es\/producto\/una-ventana-en-el-bolsillo\/","og_site_name":"Editorial Mediterr\u00e0nia","article_modified_time":"2026-01-30T08:48:34+00:00","og_image":[{"width":978,"height":976,"url":"https:\/\/editorialmediterrania.com\/wp-content\/uploads\/2026\/01\/9791388106088.png","type":"image\/png"}],"twitter_card":"summary_large_image","twitter_site":"@edmediterrania","twitter_misc":{"Tiempo de lectura":"1 minuto"},"schema":{"@context":"https:\/\/schema.org","@graph":[{"@type":"WebPage","@id":"https:\/\/editorialmediterrania.com\/es\/producto\/una-ventana-en-el-bolsillo\/","url":"https:\/\/editorialmediterrania.com\/es\/producto\/una-ventana-en-el-bolsillo\/","name":"Una ventana en el bolsillo - Editorial Mediterr\u00e0nia","isPartOf":{"@id":"https:\/\/editorialmediterrania.com\/es\/#website"},"primaryImageOfPage":{"@id":"https:\/\/editorialmediterrania.com\/es\/producto\/una-ventana-en-el-bolsillo\/#primaryimage"},"image":{"@id":"https:\/\/editorialmediterrania.com\/es\/producto\/una-ventana-en-el-bolsillo\/#primaryimage"},"thumbnailUrl":"https:\/\/editorialmediterrania.com\/wp-content\/uploads\/2026\/01\/9791388106088.png","datePublished":"2026-01-21T16:01:46+00:00","dateModified":"2026-01-30T08:48:34+00:00","description":"Descobreix un m\u00f3n de meravelles a trav\u00e9s dels llibres de la nostra editorial especialitzada en art, cultura i natura per a fam\u00edlies. Amb il\u00b7lustracions fascinants i hist\u00f2ries enriquidores, inspirem el descobriment i la curiositat en petits i grans, connectant-los amb el patrimoni cultural i el meravell\u00f3s m\u00f3n natural que ens envolta","breadcrumb":{"@id":"https:\/\/editorialmediterrania.com\/es\/producto\/una-ventana-en-el-bolsillo\/#breadcrumb"},"inLanguage":"es","potentialAction":[{"@type":"ReadAction","target":["https:\/\/editorialmediterrania.com\/es\/producto\/una-ventana-en-el-bolsillo\/"]}]},{"@type":"ImageObject","inLanguage":"es","@id":"https:\/\/editorialmediterrania.com\/es\/producto\/una-ventana-en-el-bolsillo\/#primaryimage","url":"https:\/\/editorialmediterrania.com\/wp-content\/uploads\/2026\/01\/9791388106088.png","contentUrl":"https:\/\/editorialmediterrania.com\/wp-content\/uploads\/2026\/01\/9791388106088.png","width":978,"height":976},{"@type":"BreadcrumbList","@id":"https:\/\/editorialmediterrania.com\/es\/producto\/una-ventana-en-el-bolsillo\/#breadcrumb","itemListElement":[{"@type":"ListItem","position":1,"name":"Tienda de libros infantiles de arte","item":"https:\/\/editorialmediterrania.com\/es\/tienda-de-libros-infantiles-arte\/"},{"@type":"ListItem","position":2,"name":"Una ventana en el bolsillo"}]},{"@type":"WebSite","@id":"https:\/\/editorialmediterrania.com\/es\/#website","url":"https:\/\/editorialmediterrania.com\/es\/","name":"Editorial Mediterrania","description":"Llibres que t\u2019obriran nous mons","publisher":{"@id":"https:\/\/editorialmediterrania.com\/es\/#organization"},"alternateName":"Llibres infantils d'art, cultura i natura","potentialAction":[{"@type":"SearchAction","target":{"@type":"EntryPoint","urlTemplate":"https:\/\/editorialmediterrania.com\/es\/?s={search_term_string}"},"query-input":"required name=search_term_string"}],"inLanguage":"es"},{"@type":"Organization","@id":"https:\/\/editorialmediterrania.com\/es\/#organization","name":"Editorial Mediterrania","alternateName":"Llibres d'art, cultura i natura per infants i fam\u00edlies","url":"https:\/\/editorialmediterrania.com\/es\/","logo":{"@type":"ImageObject","inLanguage":"es","@id":"https:\/\/editorialmediterrania.com\/es\/#\/schema\/logo\/image\/","url":"https:\/\/editorialmediterrania.com\/wp-content\/uploads\/2023\/03\/LOGO-ED_MEDITERRANIA_OK-2.png","contentUrl":"https:\/\/editorialmediterrania.com\/wp-content\/uploads\/2023\/03\/LOGO-ED_MEDITERRANIA_OK-2.png","width":1200,"height":300,"caption":"Editorial Mediterrania"},"image":{"@id":"https:\/\/editorialmediterrania.com\/es\/#\/schema\/logo\/image\/"},"sameAs":["https:\/\/x.com\/edmediterrania","https:\/\/www.instagram.com\/editorialmediterrania\/"]}]}},"_links":{"self":[{"href":"https:\/\/editorialmediterrania.com\/es\/wp-json\/wp\/v2\/product\/48430","targetHints":{"allow":["GET"]}}],"collection":[{"href":"https:\/\/editorialmediterrania.com\/es\/wp-json\/wp\/v2\/product"}],"about":[{"href":"https:\/\/editorialmediterrania.com\/es\/wp-json\/wp\/v2\/types\/product"}],"wp:featuredmedia":[{"embeddable":true,"href":"https:\/\/editorialmediterrania.com\/es\/wp-json\/wp\/v2\/media\/48300"}],"wp:attachment":[{"href":"https:\/\/editorialmediterrania.com\/es\/wp-json\/wp\/v2\/media?parent=48430"}],"wp:term":[{"taxonomy":"product_cat","embeddable":true,"href":"https:\/\/editorialmediterrania.com\/es\/wp-json\/wp\/v2\/product_cat?post=48430"},{"taxonomy":"product_tag","embeddable":true,"href":"https:\/\/editorialmediterrania.com\/es\/wp-json\/wp\/v2\/product_tag?post=48430"},{"taxonomy":"autors","embeddable":true,"href":"https:\/\/editorialmediterrania.com\/es\/wp-json\/wp\/v2\/autors?post=48430"}],"curies":[{"name":"wp","href":"https:\/\/api.w.org\/{rel}","templated":true}]}}