{"id":486,"date":"2012-10-24T09:17:05","date_gmt":"2012-10-24T09:17:05","guid":{"rendered":"http:\/\/mediterrania.adgency.es\/producto\/producto\/entre-reixes-records-de-la-preso-model-2\/"},"modified":"2015-07-30T08:54:59","modified_gmt":"2015-07-30T06:54:59","slug":"entre-reixes-records-de-la-preso-model","status":"publish","type":"product","link":"https:\/\/editorialmediterrania.com\/es\/producto\/entre-reixes-records-de-la-preso-model\/","title":{"rendered":"Entre reixes: records de la pres\u00f3 Model"},"content":{"rendered":"<p style=\"text-align: justify;\">Fray Ricard, poco despu\u00e9s de volver de su exilio y habiendo sido v\u00edctima de las persecuciones religiosas durante la guerra civil, asum\u00eda el dif\u00edcil encargo de acompa\u00f1ar a los condenados hasta el momento de su ejecuci\u00f3n. Una tarea de gran complejidad, pero a\u00fan m\u00e1s si pensamos que muchos de los presos compart\u00edan ideolog\u00eda con aquellos que mataron a sus hermanos y ten\u00edan una ideolog\u00eda totalmente opuesta a la suya.<br \/>\nDesarroll\u00f3 su tarea, como nos explica el provincial en su presentaci\u00f3n, \u00ab&#8230;sin ninguna acusaci\u00f3n, ning\u00fan juicio, ninguna insinuaci\u00f3n, ning\u00fan reproche, ninguna defensa, ninguna apolog\u00eda, ninguna justificaci\u00f3n, un testimonio que refleja su calidad humana indiscutible\u00bb.<br \/>\nCumpli\u00f3 su encargo, pero adem\u00e1s fue consciente de las injusticias, el maltrato, de la barbarie de la guerra y sus consecuencias, se supo colocar al lado de la victimas y sus familiares, e intent\u00f3 ayudarles en todo aquello que pudo.<\/p>\n<p>&nbsp;<\/p>\n","protected":false},"excerpt":{"rendered":"<p>Fray Ricard, poco despu\u00e9s de volver de su exilio y habiendo sido v\u00edctima de las persecuciones religiosas durante la guerra civil, asum\u00eda el dif\u00edcil encargo de acompa\u00f1ar a los condenados hasta el momento de su ejecuci\u00f3n. Una tarea de gran complejidad, pero a\u00fan m\u00e1s si pensamos que muchos de los presos compart\u00edan ideolog\u00eda con aquellos [&hellip;]<\/p>\n","protected":false},"featured_media":20533,"template":"","meta":[],"product_cat":[6542,3350],"product_tag":[2181],"autors":[],"class_list":{"0":"post-486","1":"product","2":"type-product","3":"status-publish","4":"has-post-thumbnail","6":"product_cat-a-la-caputxina-es","7":"product_cat-mediterrania-productes","8":"product_tag-llibres-dassaig-es","10":"first","11":"instock","12":"purchasable","13":"product-type-simple","swatches":"rey-swatches","show_selected":""},"acf":[],"yoast_head":"<!-- This site is optimized with the Yoast SEO plugin v22.8 - https:\/\/yoast.com\/wordpress\/plugins\/seo\/ -->\n<title>Entre Reixes: Records de la Pres\u00f3 Model - Editorial Mediterrania<\/title>\n<meta name=\"description\" content=\"Fray Ricard, despu\u00e9s de volver de su exilio despu\u00e9s de la guerra civil, asum\u00eda el encargo de acompa\u00f1ar a los condenados hasta elsu ejecuci\u00f3n.\" \/>\n<meta name=\"robots\" content=\"index, follow, max-snippet:-1, max-image-preview:large, max-video-preview:-1\" \/>\n<link rel=\"canonical\" href=\"https:\/\/editorialmediterrania.com\/es\/producto\/entre-reixes-records-de-la-preso-model\/\" \/>\n<meta property=\"og:locale\" content=\"es_ES\" \/>\n<meta property=\"og:type\" content=\"article\" \/>\n<meta property=\"og:title\" content=\"Entre Reixes: Records de la Pres\u00f3 Model - Editorial Mediterrania\" \/>\n<meta property=\"og:description\" content=\"Fray Ricard, despu\u00e9s de volver de su exilio despu\u00e9s de la guerra civil, asum\u00eda el encargo de acompa\u00f1ar a los condenados hasta elsu ejecuci\u00f3n.\" \/>\n<meta property=\"og:url\" content=\"https:\/\/editorialmediterrania.com\/es\/producto\/entre-reixes-records-de-la-preso-model\/\" \/>\n<meta property=\"og:site_name\" content=\"Editorial Mediterr\u00e0nia\" \/>\n<meta property=\"article:modified_time\" content=\"2015-07-30T06:54:59+00:00\" \/>\n<meta property=\"og:image\" content=\"https:\/\/editorialmediterrania.com\/wp-content\/uploads\/2012\/10\/entre-reixes_records-de-la-preso-model.jpg\" \/>\n\t<meta property=\"og:image:width\" content=\"600\" \/>\n\t<meta property=\"og:image:height\" content=\"835\" \/>\n\t<meta property=\"og:image:type\" content=\"image\/jpeg\" \/>\n<meta name=\"twitter:card\" content=\"summary_large_image\" \/>\n<meta name=\"twitter:site\" content=\"@edmediterrania\" \/>\n<meta name=\"twitter:label1\" content=\"Tiempo de lectura\" \/>\n\t<meta name=\"twitter:data1\" content=\"1 minuto\" \/>\n<script type=\"application\/ld+json\" class=\"yoast-schema-graph\">{\"@context\":\"https:\/\/schema.org\",\"@graph\":[{\"@type\":\"WebPage\",\"@id\":\"https:\/\/editorialmediterrania.com\/es\/producto\/entre-reixes-records-de-la-preso-model\/\",\"url\":\"https:\/\/editorialmediterrania.com\/es\/producto\/entre-reixes-records-de-la-preso-model\/\",\"name\":\"Entre Reixes: Records de la Pres\u00f3 Model - Editorial Mediterrania\",\"isPartOf\":{\"@id\":\"https:\/\/editorialmediterrania.com\/es\/#website\"},\"primaryImageOfPage\":{\"@id\":\"https:\/\/editorialmediterrania.com\/es\/producto\/entre-reixes-records-de-la-preso-model\/#primaryimage\"},\"image\":{\"@id\":\"https:\/\/editorialmediterrania.com\/es\/producto\/entre-reixes-records-de-la-preso-model\/#primaryimage\"},\"thumbnailUrl\":\"https:\/\/editorialmediterrania.com\/wp-content\/uploads\/2012\/10\/entre-reixes_records-de-la-preso-model.jpg\",\"datePublished\":\"2012-10-24T09:17:05+00:00\",\"dateModified\":\"2015-07-30T06:54:59+00:00\",\"description\":\"Fray Ricard, despu\u00e9s de volver de su exilio despu\u00e9s de la guerra civil, asum\u00eda el encargo de acompa\u00f1ar a los condenados hasta elsu ejecuci\u00f3n.\",\"breadcrumb\":{\"@id\":\"https:\/\/editorialmediterrania.com\/es\/producto\/entre-reixes-records-de-la-preso-model\/#breadcrumb\"},\"inLanguage\":\"es\",\"potentialAction\":[{\"@type\":\"ReadAction\",\"target\":[\"https:\/\/editorialmediterrania.com\/es\/producto\/entre-reixes-records-de-la-preso-model\/\"]}]},{\"@type\":\"ImageObject\",\"inLanguage\":\"es\",\"@id\":\"https:\/\/editorialmediterrania.com\/es\/producto\/entre-reixes-records-de-la-preso-model\/#primaryimage\",\"url\":\"https:\/\/editorialmediterrania.com\/wp-content\/uploads\/2012\/10\/entre-reixes_records-de-la-preso-model.jpg\",\"contentUrl\":\"https:\/\/editorialmediterrania.com\/wp-content\/uploads\/2012\/10\/entre-reixes_records-de-la-preso-model.jpg\",\"width\":600,\"height\":835},{\"@type\":\"BreadcrumbList\",\"@id\":\"https:\/\/editorialmediterrania.com\/es\/producto\/entre-reixes-records-de-la-preso-model\/#breadcrumb\",\"itemListElement\":[{\"@type\":\"ListItem\",\"position\":1,\"name\":\"Tienda de libros infantiles de arte\",\"item\":\"https:\/\/editorialmediterrania.com\/es\/tienda-de-libros-infantiles-arte\/\"},{\"@type\":\"ListItem\",\"position\":2,\"name\":\"Entre reixes: records de la pres\u00f3 Model\"}]},{\"@type\":\"WebSite\",\"@id\":\"https:\/\/editorialmediterrania.com\/es\/#website\",\"url\":\"https:\/\/editorialmediterrania.com\/es\/\",\"name\":\"Editorial Mediterrania\",\"description\":\"Llibres que t\u2019obriran nous mons\",\"publisher\":{\"@id\":\"https:\/\/editorialmediterrania.com\/es\/#organization\"},\"alternateName\":\"Llibres infantils d'art, cultura i natura\",\"potentialAction\":[{\"@type\":\"SearchAction\",\"target\":{\"@type\":\"EntryPoint\",\"urlTemplate\":\"https:\/\/editorialmediterrania.com\/es\/?s={search_term_string}\"},\"query-input\":\"required name=search_term_string\"}],\"inLanguage\":\"es\"},{\"@type\":\"Organization\",\"@id\":\"https:\/\/editorialmediterrania.com\/es\/#organization\",\"name\":\"Editorial Mediterrania\",\"alternateName\":\"Llibres d'art, cultura i natura per infants i fam\u00edlies\",\"url\":\"https:\/\/editorialmediterrania.com\/es\/\",\"logo\":{\"@type\":\"ImageObject\",\"inLanguage\":\"es\",\"@id\":\"https:\/\/editorialmediterrania.com\/es\/#\/schema\/logo\/image\/\",\"url\":\"https:\/\/editorialmediterrania.com\/wp-content\/uploads\/2023\/03\/LOGO-ED_MEDITERRANIA_OK-2.png\",\"contentUrl\":\"https:\/\/editorialmediterrania.com\/wp-content\/uploads\/2023\/03\/LOGO-ED_MEDITERRANIA_OK-2.png\",\"width\":1200,\"height\":300,\"caption\":\"Editorial Mediterrania\"},\"image\":{\"@id\":\"https:\/\/editorialmediterrania.com\/es\/#\/schema\/logo\/image\/\"},\"sameAs\":[\"https:\/\/x.com\/edmediterrania\",\"https:\/\/www.instagram.com\/editorialmediterrania\/\"]}]}<\/script>\n<!-- \/ Yoast SEO plugin. -->","yoast_head_json":{"title":"Entre Reixes: Records de la Pres\u00f3 Model - Editorial Mediterrania","description":"Fray Ricard, despu\u00e9s de volver de su exilio despu\u00e9s de la guerra civil, asum\u00eda el encargo de acompa\u00f1ar a los condenados hasta elsu ejecuci\u00f3n.","robots":{"index":"index","follow":"follow","max-snippet":"max-snippet:-1","max-image-preview":"max-image-preview:large","max-video-preview":"max-video-preview:-1"},"canonical":"https:\/\/editorialmediterrania.com\/es\/producto\/entre-reixes-records-de-la-preso-model\/","og_locale":"es_ES","og_type":"article","og_title":"Entre Reixes: Records de la Pres\u00f3 Model - Editorial Mediterrania","og_description":"Fray Ricard, despu\u00e9s de volver de su exilio despu\u00e9s de la guerra civil, asum\u00eda el encargo de acompa\u00f1ar a los condenados hasta elsu ejecuci\u00f3n.","og_url":"https:\/\/editorialmediterrania.com\/es\/producto\/entre-reixes-records-de-la-preso-model\/","og_site_name":"Editorial Mediterr\u00e0nia","article_modified_time":"2015-07-30T06:54:59+00:00","og_image":[{"width":600,"height":835,"url":"https:\/\/editorialmediterrania.com\/wp-content\/uploads\/2012\/10\/entre-reixes_records-de-la-preso-model.jpg","type":"image\/jpeg"}],"twitter_card":"summary_large_image","twitter_site":"@edmediterrania","twitter_misc":{"Tiempo de lectura":"1 minuto"},"schema":{"@context":"https:\/\/schema.org","@graph":[{"@type":"WebPage","@id":"https:\/\/editorialmediterrania.com\/es\/producto\/entre-reixes-records-de-la-preso-model\/","url":"https:\/\/editorialmediterrania.com\/es\/producto\/entre-reixes-records-de-la-preso-model\/","name":"Entre Reixes: Records de la Pres\u00f3 Model - Editorial Mediterrania","isPartOf":{"@id":"https:\/\/editorialmediterrania.com\/es\/#website"},"primaryImageOfPage":{"@id":"https:\/\/editorialmediterrania.com\/es\/producto\/entre-reixes-records-de-la-preso-model\/#primaryimage"},"image":{"@id":"https:\/\/editorialmediterrania.com\/es\/producto\/entre-reixes-records-de-la-preso-model\/#primaryimage"},"thumbnailUrl":"https:\/\/editorialmediterrania.com\/wp-content\/uploads\/2012\/10\/entre-reixes_records-de-la-preso-model.jpg","datePublished":"2012-10-24T09:17:05+00:00","dateModified":"2015-07-30T06:54:59+00:00","description":"Fray Ricard, despu\u00e9s de volver de su exilio despu\u00e9s de la guerra civil, asum\u00eda el encargo de acompa\u00f1ar a los condenados hasta elsu ejecuci\u00f3n.","breadcrumb":{"@id":"https:\/\/editorialmediterrania.com\/es\/producto\/entre-reixes-records-de-la-preso-model\/#breadcrumb"},"inLanguage":"es","potentialAction":[{"@type":"ReadAction","target":["https:\/\/editorialmediterrania.com\/es\/producto\/entre-reixes-records-de-la-preso-model\/"]}]},{"@type":"ImageObject","inLanguage":"es","@id":"https:\/\/editorialmediterrania.com\/es\/producto\/entre-reixes-records-de-la-preso-model\/#primaryimage","url":"https:\/\/editorialmediterrania.com\/wp-content\/uploads\/2012\/10\/entre-reixes_records-de-la-preso-model.jpg","contentUrl":"https:\/\/editorialmediterrania.com\/wp-content\/uploads\/2012\/10\/entre-reixes_records-de-la-preso-model.jpg","width":600,"height":835},{"@type":"BreadcrumbList","@id":"https:\/\/editorialmediterrania.com\/es\/producto\/entre-reixes-records-de-la-preso-model\/#breadcrumb","itemListElement":[{"@type":"ListItem","position":1,"name":"Tienda de libros infantiles de arte","item":"https:\/\/editorialmediterrania.com\/es\/tienda-de-libros-infantiles-arte\/"},{"@type":"ListItem","position":2,"name":"Entre reixes: records de la pres\u00f3 Model"}]},{"@type":"WebSite","@id":"https:\/\/editorialmediterrania.com\/es\/#website","url":"https:\/\/editorialmediterrania.com\/es\/","name":"Editorial Mediterrania","description":"Llibres que t\u2019obriran nous mons","publisher":{"@id":"https:\/\/editorialmediterrania.com\/es\/#organization"},"alternateName":"Llibres infantils d'art, cultura i natura","potentialAction":[{"@type":"SearchAction","target":{"@type":"EntryPoint","urlTemplate":"https:\/\/editorialmediterrania.com\/es\/?s={search_term_string}"},"query-input":"required name=search_term_string"}],"inLanguage":"es"},{"@type":"Organization","@id":"https:\/\/editorialmediterrania.com\/es\/#organization","name":"Editorial Mediterrania","alternateName":"Llibres d'art, cultura i natura per infants i fam\u00edlies","url":"https:\/\/editorialmediterrania.com\/es\/","logo":{"@type":"ImageObject","inLanguage":"es","@id":"https:\/\/editorialmediterrania.com\/es\/#\/schema\/logo\/image\/","url":"https:\/\/editorialmediterrania.com\/wp-content\/uploads\/2023\/03\/LOGO-ED_MEDITERRANIA_OK-2.png","contentUrl":"https:\/\/editorialmediterrania.com\/wp-content\/uploads\/2023\/03\/LOGO-ED_MEDITERRANIA_OK-2.png","width":1200,"height":300,"caption":"Editorial Mediterrania"},"image":{"@id":"https:\/\/editorialmediterrania.com\/es\/#\/schema\/logo\/image\/"},"sameAs":["https:\/\/x.com\/edmediterrania","https:\/\/www.instagram.com\/editorialmediterrania\/"]}]}},"_links":{"self":[{"href":"https:\/\/editorialmediterrania.com\/es\/wp-json\/wp\/v2\/product\/486","targetHints":{"allow":["GET"]}}],"collection":[{"href":"https:\/\/editorialmediterrania.com\/es\/wp-json\/wp\/v2\/product"}],"about":[{"href":"https:\/\/editorialmediterrania.com\/es\/wp-json\/wp\/v2\/types\/product"}],"wp:featuredmedia":[{"embeddable":true,"href":"https:\/\/editorialmediterrania.com\/es\/wp-json\/wp\/v2\/media\/20533"}],"wp:attachment":[{"href":"https:\/\/editorialmediterrania.com\/es\/wp-json\/wp\/v2\/media?parent=486"}],"wp:term":[{"taxonomy":"product_cat","embeddable":true,"href":"https:\/\/editorialmediterrania.com\/es\/wp-json\/wp\/v2\/product_cat?post=486"},{"taxonomy":"product_tag","embeddable":true,"href":"https:\/\/editorialmediterrania.com\/es\/wp-json\/wp\/v2\/product_tag?post=486"},{"taxonomy":"autors","embeddable":true,"href":"https:\/\/editorialmediterrania.com\/es\/wp-json\/wp\/v2\/autors?post=486"}],"curies":[{"name":"wp","href":"https:\/\/api.w.org\/{rel}","templated":true}]}}