{"id":48681,"date":"2026-02-16T09:56:32","date_gmt":"2026-02-16T08:56:32","guid":{"rendered":"https:\/\/editorialmediterrania.com\/?post_type=product&#038;p=48681"},"modified":"2026-03-20T10:02:38","modified_gmt":"2026-03-20T09:02:38","slug":"canon-a-la-mar-una-canco-contada-de-les-anxovetes","status":"publish","type":"product","link":"https:\/\/editorialmediterrania.com\/es\/producto\/canon-a-la-mar-una-canco-contada-de-les-anxovetes\/","title":{"rendered":"C\u00e0non a la mar. Una can\u00e7\u00f3 contada de Les Anxovetes."},"content":{"rendered":"<div class=\"page\" title=\"Page 1\">\n<div class=\"section\">\n<div class=\"layoutArea\">\n<div class=\"column\">\n<p>L\u2019Ona e\u0301s una nena fascinada per la mar i els seus misteris. Somia ser marinera, viatgera o sirena, i converteix la seva habitacio\u0301 en un petit laboratori mari\u0301. A l\u2019escola, un caragol mari\u0301 unira\u0300 la mu\u0301sica i la mar en una canc\u0327o\u0301 difi\u0301cil d\u2019oblidar.<\/p>\n<\/div>\n<\/div>\n<\/div>\n<\/div>\n<p>&nbsp;<\/p>\n","protected":false},"excerpt":{"rendered":"<p><span style=\"color: #484f56; font-size: 1.125rem;\">Ca\u0300non a la mar e\u0301s un llibre basat en la canc\u0327o\u0301 de <\/span><strong style=\"color: #484f56; font-size: 1.125rem;\">Les Anxovetes<\/strong><span style=\"color: #484f56; font-size: 1.125rem;\">, un grup que amb un estil viu <\/span><span style=\"color: #484f56; font-size: 1.125rem;\">i fresc canta havaneres amb olor de mar.<\/span><\/p>\n","protected":false},"featured_media":48684,"template":"","meta":[],"product_cat":[6505],"product_tag":[],"autors":[],"class_list":{"0":"post-48681","1":"product","2":"type-product","3":"status-publish","4":"has-post-thumbnail","6":"product_cat-nanit-es","8":"first","9":"instock","10":"taxable","11":"shipping-taxable","12":"purchasable","13":"product-type-simple","swatches":"rey-swatches","show_selected":""},"acf":[],"yoast_head":"<!-- This site is optimized with the Yoast SEO plugin v22.8 - https:\/\/yoast.com\/wordpress\/plugins\/seo\/ -->\n<title>C\u00e0non a la mar. Una can\u00e7\u00f3 contada de Les Anxovetes. - Editorial Mediterr\u00e0nia<\/title>\n<meta name=\"description\" content=\"Ca\u0300non a la mar e\u0301s un llibre basat en la canc\u0327o\u0301 de Les Anxovetes, un grup que amb un estil viu i fresc canta havaneres amb olor de mar\" \/>\n<meta name=\"robots\" content=\"index, follow, max-snippet:-1, max-image-preview:large, max-video-preview:-1\" \/>\n<link rel=\"canonical\" href=\"https:\/\/editorialmediterrania.com\/es\/producto\/canon-a-la-mar-una-canco-contada-de-les-anxovetes\/\" \/>\n<meta property=\"og:locale\" content=\"es_ES\" \/>\n<meta property=\"og:type\" content=\"article\" \/>\n<meta property=\"og:title\" content=\"C\u00e0non a la mar. Una can\u00e7\u00f3 contada de Les Anxovetes. - Editorial Mediterr\u00e0nia\" \/>\n<meta property=\"og:description\" content=\"Ca\u0300non a la mar e\u0301s un llibre basat en la canc\u0327o\u0301 de Les Anxovetes, un grup que amb un estil viu i fresc canta havaneres amb olor de mar\" \/>\n<meta property=\"og:url\" content=\"https:\/\/editorialmediterrania.com\/es\/producto\/canon-a-la-mar-una-canco-contada-de-les-anxovetes\/\" \/>\n<meta property=\"og:site_name\" content=\"Editorial Mediterr\u00e0nia\" \/>\n<meta property=\"article:modified_time\" content=\"2026-03-20T09:02:38+00:00\" \/>\n<meta property=\"og:image\" content=\"https:\/\/editorialmediterrania.com\/wp-content\/uploads\/2026\/02\/9791388106163.jpg\" \/>\n\t<meta property=\"og:image:width\" content=\"2492\" \/>\n\t<meta property=\"og:image:height\" content=\"2528\" \/>\n\t<meta property=\"og:image:type\" content=\"image\/jpeg\" \/>\n<meta name=\"twitter:card\" content=\"summary_large_image\" \/>\n<meta name=\"twitter:site\" content=\"@edmediterrania\" \/>\n<script type=\"application\/ld+json\" class=\"yoast-schema-graph\">{\"@context\":\"https:\/\/schema.org\",\"@graph\":[{\"@type\":\"WebPage\",\"@id\":\"https:\/\/editorialmediterrania.com\/es\/producto\/canon-a-la-mar-una-canco-contada-de-les-anxovetes\/\",\"url\":\"https:\/\/editorialmediterrania.com\/es\/producto\/canon-a-la-mar-una-canco-contada-de-les-anxovetes\/\",\"name\":\"C\u00e0non a la mar. Una can\u00e7\u00f3 contada de Les Anxovetes. - Editorial Mediterr\u00e0nia\",\"isPartOf\":{\"@id\":\"https:\/\/editorialmediterrania.com\/es\/#website\"},\"primaryImageOfPage\":{\"@id\":\"https:\/\/editorialmediterrania.com\/es\/producto\/canon-a-la-mar-una-canco-contada-de-les-anxovetes\/#primaryimage\"},\"image\":{\"@id\":\"https:\/\/editorialmediterrania.com\/es\/producto\/canon-a-la-mar-una-canco-contada-de-les-anxovetes\/#primaryimage\"},\"thumbnailUrl\":\"https:\/\/editorialmediterrania.com\/wp-content\/uploads\/2026\/02\/9791388106163.jpg\",\"datePublished\":\"2026-02-16T08:56:32+00:00\",\"dateModified\":\"2026-03-20T09:02:38+00:00\",\"description\":\"Ca\u0300non a la mar e\u0301s un llibre basat en la canc\u0327o\u0301 de Les Anxovetes, un grup que amb un estil viu i fresc canta havaneres amb olor de mar\",\"breadcrumb\":{\"@id\":\"https:\/\/editorialmediterrania.com\/es\/producto\/canon-a-la-mar-una-canco-contada-de-les-anxovetes\/#breadcrumb\"},\"inLanguage\":\"es\",\"potentialAction\":[{\"@type\":\"ReadAction\",\"target\":[\"https:\/\/editorialmediterrania.com\/es\/producto\/canon-a-la-mar-una-canco-contada-de-les-anxovetes\/\"]}]},{\"@type\":\"ImageObject\",\"inLanguage\":\"es\",\"@id\":\"https:\/\/editorialmediterrania.com\/es\/producto\/canon-a-la-mar-una-canco-contada-de-les-anxovetes\/#primaryimage\",\"url\":\"https:\/\/editorialmediterrania.com\/wp-content\/uploads\/2026\/02\/9791388106163.jpg\",\"contentUrl\":\"https:\/\/editorialmediterrania.com\/wp-content\/uploads\/2026\/02\/9791388106163.jpg\",\"width\":2492,\"height\":2528},{\"@type\":\"BreadcrumbList\",\"@id\":\"https:\/\/editorialmediterrania.com\/es\/producto\/canon-a-la-mar-una-canco-contada-de-les-anxovetes\/#breadcrumb\",\"itemListElement\":[{\"@type\":\"ListItem\",\"position\":1,\"name\":\"Tienda de libros infantiles de arte\",\"item\":\"https:\/\/editorialmediterrania.com\/es\/tienda-de-libros-infantiles-arte\/\"},{\"@type\":\"ListItem\",\"position\":2,\"name\":\"C\u00e0non a la mar. Una can\u00e7\u00f3 contada de Les Anxovetes.\"}]},{\"@type\":\"WebSite\",\"@id\":\"https:\/\/editorialmediterrania.com\/es\/#website\",\"url\":\"https:\/\/editorialmediterrania.com\/es\/\",\"name\":\"Editorial Mediterrania\",\"description\":\"Llibres que t\u2019obriran nous mons\",\"publisher\":{\"@id\":\"https:\/\/editorialmediterrania.com\/es\/#organization\"},\"alternateName\":\"Llibres infantils d'art, cultura i natura\",\"potentialAction\":[{\"@type\":\"SearchAction\",\"target\":{\"@type\":\"EntryPoint\",\"urlTemplate\":\"https:\/\/editorialmediterrania.com\/es\/?s={search_term_string}\"},\"query-input\":\"required name=search_term_string\"}],\"inLanguage\":\"es\"},{\"@type\":\"Organization\",\"@id\":\"https:\/\/editorialmediterrania.com\/es\/#organization\",\"name\":\"Editorial Mediterrania\",\"alternateName\":\"Llibres d'art, cultura i natura per infants i fam\u00edlies\",\"url\":\"https:\/\/editorialmediterrania.com\/es\/\",\"logo\":{\"@type\":\"ImageObject\",\"inLanguage\":\"es\",\"@id\":\"https:\/\/editorialmediterrania.com\/es\/#\/schema\/logo\/image\/\",\"url\":\"https:\/\/editorialmediterrania.com\/wp-content\/uploads\/2023\/03\/LOGO-ED_MEDITERRANIA_OK-2.png\",\"contentUrl\":\"https:\/\/editorialmediterrania.com\/wp-content\/uploads\/2023\/03\/LOGO-ED_MEDITERRANIA_OK-2.png\",\"width\":1200,\"height\":300,\"caption\":\"Editorial Mediterrania\"},\"image\":{\"@id\":\"https:\/\/editorialmediterrania.com\/es\/#\/schema\/logo\/image\/\"},\"sameAs\":[\"https:\/\/x.com\/edmediterrania\",\"https:\/\/www.instagram.com\/editorialmediterrania\/\"]}]}<\/script>\n<!-- \/ Yoast SEO plugin. -->","yoast_head_json":{"title":"C\u00e0non a la mar. Una can\u00e7\u00f3 contada de Les Anxovetes. - Editorial Mediterr\u00e0nia","description":"Ca\u0300non a la mar e\u0301s un llibre basat en la canc\u0327o\u0301 de Les Anxovetes, un grup que amb un estil viu i fresc canta havaneres amb olor de mar","robots":{"index":"index","follow":"follow","max-snippet":"max-snippet:-1","max-image-preview":"max-image-preview:large","max-video-preview":"max-video-preview:-1"},"canonical":"https:\/\/editorialmediterrania.com\/es\/producto\/canon-a-la-mar-una-canco-contada-de-les-anxovetes\/","og_locale":"es_ES","og_type":"article","og_title":"C\u00e0non a la mar. Una can\u00e7\u00f3 contada de Les Anxovetes. - Editorial Mediterr\u00e0nia","og_description":"Ca\u0300non a la mar e\u0301s un llibre basat en la canc\u0327o\u0301 de Les Anxovetes, un grup que amb un estil viu i fresc canta havaneres amb olor de mar","og_url":"https:\/\/editorialmediterrania.com\/es\/producto\/canon-a-la-mar-una-canco-contada-de-les-anxovetes\/","og_site_name":"Editorial Mediterr\u00e0nia","article_modified_time":"2026-03-20T09:02:38+00:00","og_image":[{"width":2492,"height":2528,"url":"https:\/\/editorialmediterrania.com\/wp-content\/uploads\/2026\/02\/9791388106163.jpg","type":"image\/jpeg"}],"twitter_card":"summary_large_image","twitter_site":"@edmediterrania","schema":{"@context":"https:\/\/schema.org","@graph":[{"@type":"WebPage","@id":"https:\/\/editorialmediterrania.com\/es\/producto\/canon-a-la-mar-una-canco-contada-de-les-anxovetes\/","url":"https:\/\/editorialmediterrania.com\/es\/producto\/canon-a-la-mar-una-canco-contada-de-les-anxovetes\/","name":"C\u00e0non a la mar. Una can\u00e7\u00f3 contada de Les Anxovetes. - Editorial Mediterr\u00e0nia","isPartOf":{"@id":"https:\/\/editorialmediterrania.com\/es\/#website"},"primaryImageOfPage":{"@id":"https:\/\/editorialmediterrania.com\/es\/producto\/canon-a-la-mar-una-canco-contada-de-les-anxovetes\/#primaryimage"},"image":{"@id":"https:\/\/editorialmediterrania.com\/es\/producto\/canon-a-la-mar-una-canco-contada-de-les-anxovetes\/#primaryimage"},"thumbnailUrl":"https:\/\/editorialmediterrania.com\/wp-content\/uploads\/2026\/02\/9791388106163.jpg","datePublished":"2026-02-16T08:56:32+00:00","dateModified":"2026-03-20T09:02:38+00:00","description":"Ca\u0300non a la mar e\u0301s un llibre basat en la canc\u0327o\u0301 de Les Anxovetes, un grup que amb un estil viu i fresc canta havaneres amb olor de mar","breadcrumb":{"@id":"https:\/\/editorialmediterrania.com\/es\/producto\/canon-a-la-mar-una-canco-contada-de-les-anxovetes\/#breadcrumb"},"inLanguage":"es","potentialAction":[{"@type":"ReadAction","target":["https:\/\/editorialmediterrania.com\/es\/producto\/canon-a-la-mar-una-canco-contada-de-les-anxovetes\/"]}]},{"@type":"ImageObject","inLanguage":"es","@id":"https:\/\/editorialmediterrania.com\/es\/producto\/canon-a-la-mar-una-canco-contada-de-les-anxovetes\/#primaryimage","url":"https:\/\/editorialmediterrania.com\/wp-content\/uploads\/2026\/02\/9791388106163.jpg","contentUrl":"https:\/\/editorialmediterrania.com\/wp-content\/uploads\/2026\/02\/9791388106163.jpg","width":2492,"height":2528},{"@type":"BreadcrumbList","@id":"https:\/\/editorialmediterrania.com\/es\/producto\/canon-a-la-mar-una-canco-contada-de-les-anxovetes\/#breadcrumb","itemListElement":[{"@type":"ListItem","position":1,"name":"Tienda de libros infantiles de arte","item":"https:\/\/editorialmediterrania.com\/es\/tienda-de-libros-infantiles-arte\/"},{"@type":"ListItem","position":2,"name":"C\u00e0non a la mar. Una can\u00e7\u00f3 contada de Les Anxovetes."}]},{"@type":"WebSite","@id":"https:\/\/editorialmediterrania.com\/es\/#website","url":"https:\/\/editorialmediterrania.com\/es\/","name":"Editorial Mediterrania","description":"Llibres que t\u2019obriran nous mons","publisher":{"@id":"https:\/\/editorialmediterrania.com\/es\/#organization"},"alternateName":"Llibres infantils d'art, cultura i natura","potentialAction":[{"@type":"SearchAction","target":{"@type":"EntryPoint","urlTemplate":"https:\/\/editorialmediterrania.com\/es\/?s={search_term_string}"},"query-input":"required name=search_term_string"}],"inLanguage":"es"},{"@type":"Organization","@id":"https:\/\/editorialmediterrania.com\/es\/#organization","name":"Editorial Mediterrania","alternateName":"Llibres d'art, cultura i natura per infants i fam\u00edlies","url":"https:\/\/editorialmediterrania.com\/es\/","logo":{"@type":"ImageObject","inLanguage":"es","@id":"https:\/\/editorialmediterrania.com\/es\/#\/schema\/logo\/image\/","url":"https:\/\/editorialmediterrania.com\/wp-content\/uploads\/2023\/03\/LOGO-ED_MEDITERRANIA_OK-2.png","contentUrl":"https:\/\/editorialmediterrania.com\/wp-content\/uploads\/2023\/03\/LOGO-ED_MEDITERRANIA_OK-2.png","width":1200,"height":300,"caption":"Editorial Mediterrania"},"image":{"@id":"https:\/\/editorialmediterrania.com\/es\/#\/schema\/logo\/image\/"},"sameAs":["https:\/\/x.com\/edmediterrania","https:\/\/www.instagram.com\/editorialmediterrania\/"]}]}},"_links":{"self":[{"href":"https:\/\/editorialmediterrania.com\/es\/wp-json\/wp\/v2\/product\/48681","targetHints":{"allow":["GET"]}}],"collection":[{"href":"https:\/\/editorialmediterrania.com\/es\/wp-json\/wp\/v2\/product"}],"about":[{"href":"https:\/\/editorialmediterrania.com\/es\/wp-json\/wp\/v2\/types\/product"}],"wp:featuredmedia":[{"embeddable":true,"href":"https:\/\/editorialmediterrania.com\/es\/wp-json\/wp\/v2\/media\/48684"}],"wp:attachment":[{"href":"https:\/\/editorialmediterrania.com\/es\/wp-json\/wp\/v2\/media?parent=48681"}],"wp:term":[{"taxonomy":"product_cat","embeddable":true,"href":"https:\/\/editorialmediterrania.com\/es\/wp-json\/wp\/v2\/product_cat?post=48681"},{"taxonomy":"product_tag","embeddable":true,"href":"https:\/\/editorialmediterrania.com\/es\/wp-json\/wp\/v2\/product_tag?post=48681"},{"taxonomy":"autors","embeddable":true,"href":"https:\/\/editorialmediterrania.com\/es\/wp-json\/wp\/v2\/autors?post=48681"}],"curies":[{"name":"wp","href":"https:\/\/api.w.org\/{rel}","templated":true}]}}