{"id":48962,"date":"2026-02-20T10:42:01","date_gmt":"2026-02-20T09:42:01","guid":{"rendered":"https:\/\/editorialmediterrania.com\/producte\/bullet-journal-barcelona\/"},"modified":"2026-03-06T12:02:38","modified_gmt":"2026-03-06T11:02:38","slug":"bullet-journal-barcelona","status":"publish","type":"product","link":"https:\/\/editorialmediterrania.com\/es\/producto\/bullet-journal-barcelona\/","title":{"rendered":"Bullet Journal Barcelona"},"content":{"rendered":"<p data-start=\"91\" data-end=\"331\"><strong>Maximiza tu tiempo con la herramienta perfecta de gesti\u00f3n y organizaci\u00f3n.<\/strong><\/p>\n<p data-start=\"91\" data-end=\"331\">Ya est\u00e1 disponible el Bullet Journal de Editorial Mediterr\u00e0nia.<\/p>\n<p data-start=\"91\" data-end=\"331\">Adem\u00e1s de peque\u00f1os detalles ilustrados a todo color, el Bullet Journal incluye una secci\u00f3n final que consta de un apartado por notas y un planificador. \u00a1Es la herramienta perfecta para mantener tu organizaci\u00f3n con un sistema flexible y \u00e1gil, que te permite disponer de toda la libertad que t\u00fa desees!<\/p>\n<p data-start=\"91\" data-end=\"331\"><strong>Las claves del bullet journal<\/strong><\/p>\n<ul>\n<li data-start=\"91\" data-end=\"331\">P\u00e1ginas numeradas y con plantilla de puntos para facilitar su uso.<\/li>\n<li data-start=\"91\" data-end=\"331\">Combina flexibilidad y organizaci\u00f3n gracias al sistema de \u00abregistraci\u00f3n r\u00e1pida\u00bb con s\u00edmbolos.<\/li>\n<li data-start=\"91\" data-end=\"331\">Encuadernaci\u00f3n con goma de cierre y cinta de lectura, pr\u00e1ctica y sencilla.<\/li>\n<li data-start=\"91\" data-end=\"331\">Papel con un gramaje consistente, para evitar el traspaso de tinta entre p\u00e1ginas.<\/li>\n<\/ul>\n","protected":false},"excerpt":{"rendered":"<p>Un bullet journal flexible e ilustrado que combina organizaci\u00f3n, libertad y un sistema pr\u00e1ctico para planificar tu d\u00eda a d\u00eda.<\/p>\n","protected":false},"featured_media":48714,"template":"","meta":[],"product_cat":[30,3350,4570],"product_tag":[],"autors":[],"class_list":{"0":"post-48962","1":"product","2":"type-product","3":"status-publish","4":"has-post-thumbnail","6":"product_cat-editorial-mediterrania","7":"product_cat-mediterrania-productes","8":"product_cat-productos","10":"first","11":"instock","12":"taxable","13":"shipping-taxable","14":"purchasable","15":"product-type-simple","swatches":"rey-swatches","show_selected":""},"acf":[],"yoast_head":"<!-- This site is optimized with the Yoast SEO plugin v22.8 - https:\/\/yoast.com\/wordpress\/plugins\/seo\/ -->\n<title>Bullet Journal Barcelona - Editorial Mediterr\u00e0nia<\/title>\n<meta name=\"description\" content=\"Un bullet journal flexible e ilustrado que combina organizaci\u00f3n, libertad y un sistema pr\u00e1ctico para planificar tu d\u00eda a d\u00eda.\" \/>\n<meta name=\"robots\" content=\"index, follow, max-snippet:-1, max-image-preview:large, max-video-preview:-1\" \/>\n<link rel=\"canonical\" href=\"https:\/\/editorialmediterrania.com\/es\/producto\/bullet-journal-barcelona\/\" \/>\n<meta property=\"og:locale\" content=\"es_ES\" \/>\n<meta property=\"og:type\" content=\"article\" \/>\n<meta property=\"og:title\" content=\"Bullet Journal Barcelona - Editorial Mediterr\u00e0nia\" \/>\n<meta property=\"og:description\" content=\"Un bullet journal flexible e ilustrado que combina organizaci\u00f3n, libertad y un sistema pr\u00e1ctico para planificar tu d\u00eda a d\u00eda.\" \/>\n<meta property=\"og:url\" content=\"https:\/\/editorialmediterrania.com\/es\/producto\/bullet-journal-barcelona\/\" \/>\n<meta property=\"og:site_name\" content=\"Editorial Mediterr\u00e0nia\" \/>\n<meta property=\"article:modified_time\" content=\"2026-03-06T11:02:38+00:00\" \/>\n<meta property=\"og:image\" content=\"https:\/\/editorialmediterrania.com\/wp-content\/uploads\/2026\/02\/Portada-Bullet-Journal-Barcelona-780x1024.png\" \/>\n\t<meta property=\"og:image:width\" content=\"780\" \/>\n\t<meta property=\"og:image:height\" content=\"1024\" \/>\n\t<meta property=\"og:image:type\" content=\"image\/png\" \/>\n<meta name=\"twitter:card\" content=\"summary_large_image\" \/>\n<meta name=\"twitter:site\" content=\"@edmediterrania\" \/>\n<meta name=\"twitter:label1\" content=\"Tiempo de lectura\" \/>\n\t<meta name=\"twitter:data1\" content=\"1 minuto\" \/>\n<script type=\"application\/ld+json\" class=\"yoast-schema-graph\">{\"@context\":\"https:\/\/schema.org\",\"@graph\":[{\"@type\":\"WebPage\",\"@id\":\"https:\/\/editorialmediterrania.com\/es\/producto\/bullet-journal-barcelona\/\",\"url\":\"https:\/\/editorialmediterrania.com\/es\/producto\/bullet-journal-barcelona\/\",\"name\":\"Bullet Journal Barcelona - Editorial Mediterr\u00e0nia\",\"isPartOf\":{\"@id\":\"https:\/\/editorialmediterrania.com\/es\/#website\"},\"primaryImageOfPage\":{\"@id\":\"https:\/\/editorialmediterrania.com\/es\/producto\/bullet-journal-barcelona\/#primaryimage\"},\"image\":{\"@id\":\"https:\/\/editorialmediterrania.com\/es\/producto\/bullet-journal-barcelona\/#primaryimage\"},\"thumbnailUrl\":\"https:\/\/editorialmediterrania.com\/wp-content\/uploads\/2026\/02\/Portada-Bullet-Journal-Barcelona.png\",\"datePublished\":\"2026-02-20T09:42:01+00:00\",\"dateModified\":\"2026-03-06T11:02:38+00:00\",\"description\":\"Un bullet journal flexible e ilustrado que combina organizaci\u00f3n, libertad y un sistema pr\u00e1ctico para planificar tu d\u00eda a d\u00eda.\",\"breadcrumb\":{\"@id\":\"https:\/\/editorialmediterrania.com\/es\/producto\/bullet-journal-barcelona\/#breadcrumb\"},\"inLanguage\":\"es\",\"potentialAction\":[{\"@type\":\"ReadAction\",\"target\":[\"https:\/\/editorialmediterrania.com\/es\/producto\/bullet-journal-barcelona\/\"]}]},{\"@type\":\"ImageObject\",\"inLanguage\":\"es\",\"@id\":\"https:\/\/editorialmediterrania.com\/es\/producto\/bullet-journal-barcelona\/#primaryimage\",\"url\":\"https:\/\/editorialmediterrania.com\/wp-content\/uploads\/2026\/02\/Portada-Bullet-Journal-Barcelona.png\",\"contentUrl\":\"https:\/\/editorialmediterrania.com\/wp-content\/uploads\/2026\/02\/Portada-Bullet-Journal-Barcelona.png\",\"width\":1524,\"height\":2000},{\"@type\":\"BreadcrumbList\",\"@id\":\"https:\/\/editorialmediterrania.com\/es\/producto\/bullet-journal-barcelona\/#breadcrumb\",\"itemListElement\":[{\"@type\":\"ListItem\",\"position\":1,\"name\":\"Tienda de libros infantiles de arte\",\"item\":\"https:\/\/editorialmediterrania.com\/es\/tienda-de-libros-infantiles-arte\/\"},{\"@type\":\"ListItem\",\"position\":2,\"name\":\"Bullet Journal Barcelona\"}]},{\"@type\":\"WebSite\",\"@id\":\"https:\/\/editorialmediterrania.com\/es\/#website\",\"url\":\"https:\/\/editorialmediterrania.com\/es\/\",\"name\":\"Editorial Mediterrania\",\"description\":\"Llibres que t\u2019obriran nous mons\",\"publisher\":{\"@id\":\"https:\/\/editorialmediterrania.com\/es\/#organization\"},\"alternateName\":\"Llibres infantils d'art, cultura i natura\",\"potentialAction\":[{\"@type\":\"SearchAction\",\"target\":{\"@type\":\"EntryPoint\",\"urlTemplate\":\"https:\/\/editorialmediterrania.com\/es\/?s={search_term_string}\"},\"query-input\":\"required name=search_term_string\"}],\"inLanguage\":\"es\"},{\"@type\":\"Organization\",\"@id\":\"https:\/\/editorialmediterrania.com\/es\/#organization\",\"name\":\"Editorial Mediterrania\",\"alternateName\":\"Llibres d'art, cultura i natura per infants i fam\u00edlies\",\"url\":\"https:\/\/editorialmediterrania.com\/es\/\",\"logo\":{\"@type\":\"ImageObject\",\"inLanguage\":\"es\",\"@id\":\"https:\/\/editorialmediterrania.com\/es\/#\/schema\/logo\/image\/\",\"url\":\"https:\/\/editorialmediterrania.com\/wp-content\/uploads\/2023\/03\/LOGO-ED_MEDITERRANIA_OK-2.png\",\"contentUrl\":\"https:\/\/editorialmediterrania.com\/wp-content\/uploads\/2023\/03\/LOGO-ED_MEDITERRANIA_OK-2.png\",\"width\":1200,\"height\":300,\"caption\":\"Editorial Mediterrania\"},\"image\":{\"@id\":\"https:\/\/editorialmediterrania.com\/es\/#\/schema\/logo\/image\/\"},\"sameAs\":[\"https:\/\/x.com\/edmediterrania\",\"https:\/\/www.instagram.com\/editorialmediterrania\/\"]}]}<\/script>\n<!-- \/ Yoast SEO plugin. -->","yoast_head_json":{"title":"Bullet Journal Barcelona - Editorial Mediterr\u00e0nia","description":"Un bullet journal flexible e ilustrado que combina organizaci\u00f3n, libertad y un sistema pr\u00e1ctico para planificar tu d\u00eda a d\u00eda.","robots":{"index":"index","follow":"follow","max-snippet":"max-snippet:-1","max-image-preview":"max-image-preview:large","max-video-preview":"max-video-preview:-1"},"canonical":"https:\/\/editorialmediterrania.com\/es\/producto\/bullet-journal-barcelona\/","og_locale":"es_ES","og_type":"article","og_title":"Bullet Journal Barcelona - Editorial Mediterr\u00e0nia","og_description":"Un bullet journal flexible e ilustrado que combina organizaci\u00f3n, libertad y un sistema pr\u00e1ctico para planificar tu d\u00eda a d\u00eda.","og_url":"https:\/\/editorialmediterrania.com\/es\/producto\/bullet-journal-barcelona\/","og_site_name":"Editorial Mediterr\u00e0nia","article_modified_time":"2026-03-06T11:02:38+00:00","og_image":[{"width":780,"height":1024,"url":"https:\/\/editorialmediterrania.com\/wp-content\/uploads\/2026\/02\/Portada-Bullet-Journal-Barcelona-780x1024.png","type":"image\/png"}],"twitter_card":"summary_large_image","twitter_site":"@edmediterrania","twitter_misc":{"Tiempo de lectura":"1 minuto"},"schema":{"@context":"https:\/\/schema.org","@graph":[{"@type":"WebPage","@id":"https:\/\/editorialmediterrania.com\/es\/producto\/bullet-journal-barcelona\/","url":"https:\/\/editorialmediterrania.com\/es\/producto\/bullet-journal-barcelona\/","name":"Bullet Journal Barcelona - Editorial Mediterr\u00e0nia","isPartOf":{"@id":"https:\/\/editorialmediterrania.com\/es\/#website"},"primaryImageOfPage":{"@id":"https:\/\/editorialmediterrania.com\/es\/producto\/bullet-journal-barcelona\/#primaryimage"},"image":{"@id":"https:\/\/editorialmediterrania.com\/es\/producto\/bullet-journal-barcelona\/#primaryimage"},"thumbnailUrl":"https:\/\/editorialmediterrania.com\/wp-content\/uploads\/2026\/02\/Portada-Bullet-Journal-Barcelona.png","datePublished":"2026-02-20T09:42:01+00:00","dateModified":"2026-03-06T11:02:38+00:00","description":"Un bullet journal flexible e ilustrado que combina organizaci\u00f3n, libertad y un sistema pr\u00e1ctico para planificar tu d\u00eda a d\u00eda.","breadcrumb":{"@id":"https:\/\/editorialmediterrania.com\/es\/producto\/bullet-journal-barcelona\/#breadcrumb"},"inLanguage":"es","potentialAction":[{"@type":"ReadAction","target":["https:\/\/editorialmediterrania.com\/es\/producto\/bullet-journal-barcelona\/"]}]},{"@type":"ImageObject","inLanguage":"es","@id":"https:\/\/editorialmediterrania.com\/es\/producto\/bullet-journal-barcelona\/#primaryimage","url":"https:\/\/editorialmediterrania.com\/wp-content\/uploads\/2026\/02\/Portada-Bullet-Journal-Barcelona.png","contentUrl":"https:\/\/editorialmediterrania.com\/wp-content\/uploads\/2026\/02\/Portada-Bullet-Journal-Barcelona.png","width":1524,"height":2000},{"@type":"BreadcrumbList","@id":"https:\/\/editorialmediterrania.com\/es\/producto\/bullet-journal-barcelona\/#breadcrumb","itemListElement":[{"@type":"ListItem","position":1,"name":"Tienda de libros infantiles de arte","item":"https:\/\/editorialmediterrania.com\/es\/tienda-de-libros-infantiles-arte\/"},{"@type":"ListItem","position":2,"name":"Bullet Journal Barcelona"}]},{"@type":"WebSite","@id":"https:\/\/editorialmediterrania.com\/es\/#website","url":"https:\/\/editorialmediterrania.com\/es\/","name":"Editorial Mediterrania","description":"Llibres que t\u2019obriran nous mons","publisher":{"@id":"https:\/\/editorialmediterrania.com\/es\/#organization"},"alternateName":"Llibres infantils d'art, cultura i natura","potentialAction":[{"@type":"SearchAction","target":{"@type":"EntryPoint","urlTemplate":"https:\/\/editorialmediterrania.com\/es\/?s={search_term_string}"},"query-input":"required name=search_term_string"}],"inLanguage":"es"},{"@type":"Organization","@id":"https:\/\/editorialmediterrania.com\/es\/#organization","name":"Editorial Mediterrania","alternateName":"Llibres d'art, cultura i natura per infants i fam\u00edlies","url":"https:\/\/editorialmediterrania.com\/es\/","logo":{"@type":"ImageObject","inLanguage":"es","@id":"https:\/\/editorialmediterrania.com\/es\/#\/schema\/logo\/image\/","url":"https:\/\/editorialmediterrania.com\/wp-content\/uploads\/2023\/03\/LOGO-ED_MEDITERRANIA_OK-2.png","contentUrl":"https:\/\/editorialmediterrania.com\/wp-content\/uploads\/2023\/03\/LOGO-ED_MEDITERRANIA_OK-2.png","width":1200,"height":300,"caption":"Editorial Mediterrania"},"image":{"@id":"https:\/\/editorialmediterrania.com\/es\/#\/schema\/logo\/image\/"},"sameAs":["https:\/\/x.com\/edmediterrania","https:\/\/www.instagram.com\/editorialmediterrania\/"]}]}},"_links":{"self":[{"href":"https:\/\/editorialmediterrania.com\/es\/wp-json\/wp\/v2\/product\/48962","targetHints":{"allow":["GET"]}}],"collection":[{"href":"https:\/\/editorialmediterrania.com\/es\/wp-json\/wp\/v2\/product"}],"about":[{"href":"https:\/\/editorialmediterrania.com\/es\/wp-json\/wp\/v2\/types\/product"}],"wp:featuredmedia":[{"embeddable":true,"href":"https:\/\/editorialmediterrania.com\/es\/wp-json\/wp\/v2\/media\/48714"}],"wp:attachment":[{"href":"https:\/\/editorialmediterrania.com\/es\/wp-json\/wp\/v2\/media?parent=48962"}],"wp:term":[{"taxonomy":"product_cat","embeddable":true,"href":"https:\/\/editorialmediterrania.com\/es\/wp-json\/wp\/v2\/product_cat?post=48962"},{"taxonomy":"product_tag","embeddable":true,"href":"https:\/\/editorialmediterrania.com\/es\/wp-json\/wp\/v2\/product_tag?post=48962"},{"taxonomy":"autors","embeddable":true,"href":"https:\/\/editorialmediterrania.com\/es\/wp-json\/wp\/v2\/autors?post=48962"}],"curies":[{"name":"wp","href":"https:\/\/api.w.org\/{rel}","templated":true}]}}