{"id":48987,"date":"2026-02-16T10:40:47","date_gmt":"2026-02-16T09:40:47","guid":{"rendered":"https:\/\/editorialmediterrania.com\/producte\/una-nube-de-color-cisne\/"},"modified":"2026-03-06T13:12:30","modified_gmt":"2026-03-06T12:12:30","slug":"una-nube-de-color-cisne","status":"publish","type":"product","link":"https:\/\/editorialmediterrania.com\/es\/producto\/una-nube-de-color-cisne\/","title":{"rendered":"Un n\u00favol de color cigne"},"content":{"rendered":"<div class=\"page\" title=\"P\u00e1gina 1\">\n<div class=\"section\">\n<div class=\"layoutArea\">\n<div class=\"column\">\n<p>Una nube color de cisne re\u00fane una delicada elecci\u00f3n de poemas de Merc\u00e8 Rodoreda que invita a los ni\u00f1os a observar la naturaleza con ojos po\u00e9ticos.<\/p>\n<p>Mariposas, nubes, animales y paisajes se convierten en im\u00e1genes llenas de luz, color y emoci\u00f3n. Un viaje sensorial y l\u00edrico que celebra la belleza del mundo y el placer de la contemplaci\u00f3n, pensado para leer despacio.<\/p>\n<\/div>\n<\/div>\n<\/div>\n<\/div>\n","protected":false},"excerpt":{"rendered":"<p>Una delicada elecci\u00f3n de poemas de la Merc\u00e8 Rodoreda para descubrir la naturaleza con ojos po\u00e9ticos.<\/p>\n","protected":false},"featured_media":48699,"template":"","meta":[],"product_cat":[30,5691],"product_tag":[],"autors":[],"class_list":{"0":"post-48987","1":"product","2":"type-product","3":"status-publish","4":"has-post-thumbnail","6":"product_cat-editorial-mediterrania","7":"product_cat-poesia-es","9":"first","10":"instock","11":"featured","12":"taxable","13":"shipping-taxable","14":"purchasable","15":"product-type-simple","swatches":"rey-swatches","show_selected":""},"acf":[],"yoast_head":"<!-- This site is optimized with the Yoast SEO plugin v22.8 - https:\/\/yoast.com\/wordpress\/plugins\/seo\/ -->\n<title>Un n\u00favol de color cigne - Editorial Mediterr\u00e0nia<\/title>\n<meta name=\"description\" content=\"Una delicada elecci\u00f3n de poemas de la Merc\u00e8 Rodoreda para descubrir la naturaleza con ojos po\u00e9ticos.\" \/>\n<meta name=\"robots\" content=\"index, follow, max-snippet:-1, max-image-preview:large, max-video-preview:-1\" \/>\n<link rel=\"canonical\" href=\"https:\/\/editorialmediterrania.com\/es\/producto\/una-nube-de-color-cisne\/\" \/>\n<meta property=\"og:locale\" content=\"es_ES\" \/>\n<meta property=\"og:type\" content=\"article\" \/>\n<meta property=\"og:title\" content=\"Un n\u00favol de color cigne - Editorial Mediterr\u00e0nia\" \/>\n<meta property=\"og:description\" content=\"Una delicada elecci\u00f3n de poemas de la Merc\u00e8 Rodoreda para descubrir la naturaleza con ojos po\u00e9ticos.\" \/>\n<meta property=\"og:url\" content=\"https:\/\/editorialmediterrania.com\/es\/producto\/una-nube-de-color-cisne\/\" \/>\n<meta property=\"og:site_name\" content=\"Editorial Mediterr\u00e0nia\" \/>\n<meta property=\"article:modified_time\" content=\"2026-03-06T12:12:30+00:00\" \/>\n<meta property=\"og:image\" content=\"https:\/\/editorialmediterrania.com\/wp-content\/uploads\/2026\/02\/9791388106170.jpg\" \/>\n\t<meta property=\"og:image:width\" content=\"2362\" \/>\n\t<meta property=\"og:image:height\" content=\"2362\" \/>\n\t<meta property=\"og:image:type\" content=\"image\/jpeg\" \/>\n<meta name=\"twitter:card\" content=\"summary_large_image\" \/>\n<meta name=\"twitter:site\" content=\"@edmediterrania\" \/>\n<script type=\"application\/ld+json\" class=\"yoast-schema-graph\">{\"@context\":\"https:\/\/schema.org\",\"@graph\":[{\"@type\":\"WebPage\",\"@id\":\"https:\/\/editorialmediterrania.com\/es\/producto\/una-nube-de-color-cisne\/\",\"url\":\"https:\/\/editorialmediterrania.com\/es\/producto\/una-nube-de-color-cisne\/\",\"name\":\"Un n\u00favol de color cigne - Editorial Mediterr\u00e0nia\",\"isPartOf\":{\"@id\":\"https:\/\/editorialmediterrania.com\/es\/#website\"},\"primaryImageOfPage\":{\"@id\":\"https:\/\/editorialmediterrania.com\/es\/producto\/una-nube-de-color-cisne\/#primaryimage\"},\"image\":{\"@id\":\"https:\/\/editorialmediterrania.com\/es\/producto\/una-nube-de-color-cisne\/#primaryimage\"},\"thumbnailUrl\":\"https:\/\/editorialmediterrania.com\/wp-content\/uploads\/2026\/02\/9791388106170.jpg\",\"datePublished\":\"2026-02-16T09:40:47+00:00\",\"dateModified\":\"2026-03-06T12:12:30+00:00\",\"description\":\"Una delicada elecci\u00f3n de poemas de la Merc\u00e8 Rodoreda para descubrir la naturaleza con ojos po\u00e9ticos.\",\"breadcrumb\":{\"@id\":\"https:\/\/editorialmediterrania.com\/es\/producto\/una-nube-de-color-cisne\/#breadcrumb\"},\"inLanguage\":\"es\",\"potentialAction\":[{\"@type\":\"ReadAction\",\"target\":[\"https:\/\/editorialmediterrania.com\/es\/producto\/una-nube-de-color-cisne\/\"]}]},{\"@type\":\"ImageObject\",\"inLanguage\":\"es\",\"@id\":\"https:\/\/editorialmediterrania.com\/es\/producto\/una-nube-de-color-cisne\/#primaryimage\",\"url\":\"https:\/\/editorialmediterrania.com\/wp-content\/uploads\/2026\/02\/9791388106170.jpg\",\"contentUrl\":\"https:\/\/editorialmediterrania.com\/wp-content\/uploads\/2026\/02\/9791388106170.jpg\",\"width\":2362,\"height\":2362},{\"@type\":\"BreadcrumbList\",\"@id\":\"https:\/\/editorialmediterrania.com\/es\/producto\/una-nube-de-color-cisne\/#breadcrumb\",\"itemListElement\":[{\"@type\":\"ListItem\",\"position\":1,\"name\":\"Tienda de libros infantiles de arte\",\"item\":\"https:\/\/editorialmediterrania.com\/es\/tienda-de-libros-infantiles-arte\/\"},{\"@type\":\"ListItem\",\"position\":2,\"name\":\"Un n\u00favol de color cigne\"}]},{\"@type\":\"WebSite\",\"@id\":\"https:\/\/editorialmediterrania.com\/es\/#website\",\"url\":\"https:\/\/editorialmediterrania.com\/es\/\",\"name\":\"Editorial Mediterrania\",\"description\":\"Llibres que t\u2019obriran nous mons\",\"publisher\":{\"@id\":\"https:\/\/editorialmediterrania.com\/es\/#organization\"},\"alternateName\":\"Llibres infantils d'art, cultura i natura\",\"potentialAction\":[{\"@type\":\"SearchAction\",\"target\":{\"@type\":\"EntryPoint\",\"urlTemplate\":\"https:\/\/editorialmediterrania.com\/es\/?s={search_term_string}\"},\"query-input\":\"required name=search_term_string\"}],\"inLanguage\":\"es\"},{\"@type\":\"Organization\",\"@id\":\"https:\/\/editorialmediterrania.com\/es\/#organization\",\"name\":\"Editorial Mediterrania\",\"alternateName\":\"Llibres d'art, cultura i natura per infants i fam\u00edlies\",\"url\":\"https:\/\/editorialmediterrania.com\/es\/\",\"logo\":{\"@type\":\"ImageObject\",\"inLanguage\":\"es\",\"@id\":\"https:\/\/editorialmediterrania.com\/es\/#\/schema\/logo\/image\/\",\"url\":\"https:\/\/editorialmediterrania.com\/wp-content\/uploads\/2023\/03\/LOGO-ED_MEDITERRANIA_OK-2.png\",\"contentUrl\":\"https:\/\/editorialmediterrania.com\/wp-content\/uploads\/2023\/03\/LOGO-ED_MEDITERRANIA_OK-2.png\",\"width\":1200,\"height\":300,\"caption\":\"Editorial Mediterrania\"},\"image\":{\"@id\":\"https:\/\/editorialmediterrania.com\/es\/#\/schema\/logo\/image\/\"},\"sameAs\":[\"https:\/\/x.com\/edmediterrania\",\"https:\/\/www.instagram.com\/editorialmediterrania\/\"]}]}<\/script>\n<!-- \/ Yoast SEO plugin. -->","yoast_head_json":{"title":"Un n\u00favol de color cigne - Editorial Mediterr\u00e0nia","description":"Una delicada elecci\u00f3n de poemas de la Merc\u00e8 Rodoreda para descubrir la naturaleza con ojos po\u00e9ticos.","robots":{"index":"index","follow":"follow","max-snippet":"max-snippet:-1","max-image-preview":"max-image-preview:large","max-video-preview":"max-video-preview:-1"},"canonical":"https:\/\/editorialmediterrania.com\/es\/producto\/una-nube-de-color-cisne\/","og_locale":"es_ES","og_type":"article","og_title":"Un n\u00favol de color cigne - Editorial Mediterr\u00e0nia","og_description":"Una delicada elecci\u00f3n de poemas de la Merc\u00e8 Rodoreda para descubrir la naturaleza con ojos po\u00e9ticos.","og_url":"https:\/\/editorialmediterrania.com\/es\/producto\/una-nube-de-color-cisne\/","og_site_name":"Editorial Mediterr\u00e0nia","article_modified_time":"2026-03-06T12:12:30+00:00","og_image":[{"width":2362,"height":2362,"url":"https:\/\/editorialmediterrania.com\/wp-content\/uploads\/2026\/02\/9791388106170.jpg","type":"image\/jpeg"}],"twitter_card":"summary_large_image","twitter_site":"@edmediterrania","schema":{"@context":"https:\/\/schema.org","@graph":[{"@type":"WebPage","@id":"https:\/\/editorialmediterrania.com\/es\/producto\/una-nube-de-color-cisne\/","url":"https:\/\/editorialmediterrania.com\/es\/producto\/una-nube-de-color-cisne\/","name":"Un n\u00favol de color cigne - Editorial Mediterr\u00e0nia","isPartOf":{"@id":"https:\/\/editorialmediterrania.com\/es\/#website"},"primaryImageOfPage":{"@id":"https:\/\/editorialmediterrania.com\/es\/producto\/una-nube-de-color-cisne\/#primaryimage"},"image":{"@id":"https:\/\/editorialmediterrania.com\/es\/producto\/una-nube-de-color-cisne\/#primaryimage"},"thumbnailUrl":"https:\/\/editorialmediterrania.com\/wp-content\/uploads\/2026\/02\/9791388106170.jpg","datePublished":"2026-02-16T09:40:47+00:00","dateModified":"2026-03-06T12:12:30+00:00","description":"Una delicada elecci\u00f3n de poemas de la Merc\u00e8 Rodoreda para descubrir la naturaleza con ojos po\u00e9ticos.","breadcrumb":{"@id":"https:\/\/editorialmediterrania.com\/es\/producto\/una-nube-de-color-cisne\/#breadcrumb"},"inLanguage":"es","potentialAction":[{"@type":"ReadAction","target":["https:\/\/editorialmediterrania.com\/es\/producto\/una-nube-de-color-cisne\/"]}]},{"@type":"ImageObject","inLanguage":"es","@id":"https:\/\/editorialmediterrania.com\/es\/producto\/una-nube-de-color-cisne\/#primaryimage","url":"https:\/\/editorialmediterrania.com\/wp-content\/uploads\/2026\/02\/9791388106170.jpg","contentUrl":"https:\/\/editorialmediterrania.com\/wp-content\/uploads\/2026\/02\/9791388106170.jpg","width":2362,"height":2362},{"@type":"BreadcrumbList","@id":"https:\/\/editorialmediterrania.com\/es\/producto\/una-nube-de-color-cisne\/#breadcrumb","itemListElement":[{"@type":"ListItem","position":1,"name":"Tienda de libros infantiles de arte","item":"https:\/\/editorialmediterrania.com\/es\/tienda-de-libros-infantiles-arte\/"},{"@type":"ListItem","position":2,"name":"Un n\u00favol de color cigne"}]},{"@type":"WebSite","@id":"https:\/\/editorialmediterrania.com\/es\/#website","url":"https:\/\/editorialmediterrania.com\/es\/","name":"Editorial Mediterrania","description":"Llibres que t\u2019obriran nous mons","publisher":{"@id":"https:\/\/editorialmediterrania.com\/es\/#organization"},"alternateName":"Llibres infantils d'art, cultura i natura","potentialAction":[{"@type":"SearchAction","target":{"@type":"EntryPoint","urlTemplate":"https:\/\/editorialmediterrania.com\/es\/?s={search_term_string}"},"query-input":"required name=search_term_string"}],"inLanguage":"es"},{"@type":"Organization","@id":"https:\/\/editorialmediterrania.com\/es\/#organization","name":"Editorial Mediterrania","alternateName":"Llibres d'art, cultura i natura per infants i fam\u00edlies","url":"https:\/\/editorialmediterrania.com\/es\/","logo":{"@type":"ImageObject","inLanguage":"es","@id":"https:\/\/editorialmediterrania.com\/es\/#\/schema\/logo\/image\/","url":"https:\/\/editorialmediterrania.com\/wp-content\/uploads\/2023\/03\/LOGO-ED_MEDITERRANIA_OK-2.png","contentUrl":"https:\/\/editorialmediterrania.com\/wp-content\/uploads\/2023\/03\/LOGO-ED_MEDITERRANIA_OK-2.png","width":1200,"height":300,"caption":"Editorial Mediterrania"},"image":{"@id":"https:\/\/editorialmediterrania.com\/es\/#\/schema\/logo\/image\/"},"sameAs":["https:\/\/x.com\/edmediterrania","https:\/\/www.instagram.com\/editorialmediterrania\/"]}]}},"_links":{"self":[{"href":"https:\/\/editorialmediterrania.com\/es\/wp-json\/wp\/v2\/product\/48987","targetHints":{"allow":["GET"]}}],"collection":[{"href":"https:\/\/editorialmediterrania.com\/es\/wp-json\/wp\/v2\/product"}],"about":[{"href":"https:\/\/editorialmediterrania.com\/es\/wp-json\/wp\/v2\/types\/product"}],"wp:featuredmedia":[{"embeddable":true,"href":"https:\/\/editorialmediterrania.com\/es\/wp-json\/wp\/v2\/media\/48699"}],"wp:attachment":[{"href":"https:\/\/editorialmediterrania.com\/es\/wp-json\/wp\/v2\/media?parent=48987"}],"wp:term":[{"taxonomy":"product_cat","embeddable":true,"href":"https:\/\/editorialmediterrania.com\/es\/wp-json\/wp\/v2\/product_cat?post=48987"},{"taxonomy":"product_tag","embeddable":true,"href":"https:\/\/editorialmediterrania.com\/es\/wp-json\/wp\/v2\/product_tag?post=48987"},{"taxonomy":"autors","embeddable":true,"href":"https:\/\/editorialmediterrania.com\/es\/wp-json\/wp\/v2\/autors?post=48987"}],"curies":[{"name":"wp","href":"https:\/\/api.w.org\/{rel}","templated":true}]}}