{"id":49161,"date":"2023-03-25T11:10:44","date_gmt":"2023-03-25T10:10:44","guid":{"rendered":"https:\/\/editorialmediterrania.com\/?post_type=product&#038;p=49161"},"modified":"2026-04-01T09:57:12","modified_gmt":"2026-04-01T07:57:12","slug":"el-gat-rumberu-una-cancion-contada-de-la-pegatina","status":"publish","type":"product","link":"https:\/\/editorialmediterrania.com\/es\/producto\/el-gat-rumberu-una-cancion-contada-de-la-pegatina\/","title":{"rendered":"El gat rumberu. Una canci\u00f3n contada de La Pegatina"},"content":{"rendered":"<div class=\"page\" title=\"P\u00e1gina 1\">\n<div class=\"section\">\n<div class=\"layoutArea\">\n<div class=\"column\">\n<p>El gato rumbero es un gato travieso y despistado al que no le gustaba la escuela. Como ten\u00eda que espabilarse, intent\u00f3 hacer de bombero, pero se dio cuenta de que no hab\u00eda nacido para ser un h\u00e9roe. Vivi\u00f3 mil y una aventuras haciendo de poeta, de abogado y de pay\u00e9s. Hasta que descubri\u00f3 que su vocaci\u00f3n era ser m\u00fasico y hacer bailar a la gente de los pueblos y ciudades.<\/p>\n<\/div>\n<\/div>\n<\/div>\n<\/div>\n<p>&nbsp;<\/p>\n","protected":false},"excerpt":{"rendered":"<div class=\"page\" title=\"P\u00e1gina 1\">\n<div class=\"section\">\n<div class=\"layoutArea\">\n<div class=\"column\">\n<p>El <strong>gat rumberu <\/strong>es un cuento basado en la canci\u00f3n hom\u00f3nima de <strong>La Pegatina<\/strong> que habla de un gato, divertido y alocado, que nos cuenta las peripecias de las siete vidas que ha vivido.<\/p>\n<\/div>\n<\/div>\n<\/div>\n<\/div>\n","protected":false},"featured_media":49167,"template":"","meta":[],"product_cat":[6505],"product_tag":[],"autors":[],"class_list":{"0":"post-49161","1":"product","2":"type-product","3":"status-publish","4":"has-post-thumbnail","6":"product_cat-nanit-es","8":"first","9":"instock","10":"taxable","11":"shipping-taxable","12":"purchasable","13":"product-type-simple","swatches":"rey-swatches","show_selected":""},"acf":[],"yoast_head":"<!-- This site is optimized with the Yoast SEO plugin v22.8 - https:\/\/yoast.com\/wordpress\/plugins\/seo\/ -->\n<title>El gat rumberu. Una canci\u00f3n contada de La Pegatina - Editorial Mediterr\u00e0nia<\/title>\n<meta name=\"description\" content=\"El gat rumberu es un cuento basado en la canci\u00f3n hom\u00f3nima de La Pegatina que habla de un gato, divertido y alocado, que nos cuenta las peripecias de las siete vidas que ha vivido.\" \/>\n<meta name=\"robots\" content=\"index, follow, max-snippet:-1, max-image-preview:large, max-video-preview:-1\" \/>\n<link rel=\"canonical\" href=\"https:\/\/editorialmediterrania.com\/es\/producto\/el-gat-rumberu-una-cancion-contada-de-la-pegatina\/\" \/>\n<meta property=\"og:locale\" content=\"es_ES\" \/>\n<meta property=\"og:type\" content=\"article\" \/>\n<meta property=\"og:title\" content=\"El gat rumberu. Una canci\u00f3n contada de La Pegatina - Editorial Mediterr\u00e0nia\" \/>\n<meta property=\"og:description\" content=\"El gat rumberu es un cuento basado en la canci\u00f3n hom\u00f3nima de La Pegatina que habla de un gato, divertido y alocado, que nos cuenta las peripecias de las siete vidas que ha vivido.\" \/>\n<meta property=\"og:url\" content=\"https:\/\/editorialmediterrania.com\/es\/producto\/el-gat-rumberu-una-cancion-contada-de-la-pegatina\/\" \/>\n<meta property=\"og:site_name\" content=\"Editorial Mediterr\u00e0nia\" \/>\n<meta property=\"article:modified_time\" content=\"2026-04-01T07:57:12+00:00\" \/>\n<meta property=\"og:image\" content=\"https:\/\/editorialmediterrania.com\/wp-content\/uploads\/2026\/03\/Coberta_EL-GAT-RUMBERU.jpg\" \/>\n\t<meta property=\"og:image:width\" content=\"1890\" \/>\n\t<meta property=\"og:image:height\" content=\"1890\" \/>\n\t<meta property=\"og:image:type\" content=\"image\/jpeg\" \/>\n<meta name=\"twitter:card\" content=\"summary_large_image\" \/>\n<meta name=\"twitter:site\" content=\"@edmediterrania\" \/>\n<script type=\"application\/ld+json\" class=\"yoast-schema-graph\">{\"@context\":\"https:\/\/schema.org\",\"@graph\":[{\"@type\":\"WebPage\",\"@id\":\"https:\/\/editorialmediterrania.com\/es\/producto\/el-gat-rumberu-una-cancion-contada-de-la-pegatina\/\",\"url\":\"https:\/\/editorialmediterrania.com\/es\/producto\/el-gat-rumberu-una-cancion-contada-de-la-pegatina\/\",\"name\":\"El gat rumberu. Una canci\u00f3n contada de La Pegatina - Editorial Mediterr\u00e0nia\",\"isPartOf\":{\"@id\":\"https:\/\/editorialmediterrania.com\/es\/#website\"},\"primaryImageOfPage\":{\"@id\":\"https:\/\/editorialmediterrania.com\/es\/producto\/el-gat-rumberu-una-cancion-contada-de-la-pegatina\/#primaryimage\"},\"image\":{\"@id\":\"https:\/\/editorialmediterrania.com\/es\/producto\/el-gat-rumberu-una-cancion-contada-de-la-pegatina\/#primaryimage\"},\"thumbnailUrl\":\"https:\/\/editorialmediterrania.com\/wp-content\/uploads\/2026\/03\/Coberta_EL-GAT-RUMBERU.jpg\",\"datePublished\":\"2023-03-25T10:10:44+00:00\",\"dateModified\":\"2026-04-01T07:57:12+00:00\",\"description\":\"El gat rumberu es un cuento basado en la canci\u00f3n hom\u00f3nima de La Pegatina que habla de un gato, divertido y alocado, que nos cuenta las peripecias de las siete vidas que ha vivido.\",\"breadcrumb\":{\"@id\":\"https:\/\/editorialmediterrania.com\/es\/producto\/el-gat-rumberu-una-cancion-contada-de-la-pegatina\/#breadcrumb\"},\"inLanguage\":\"es\",\"potentialAction\":[{\"@type\":\"ReadAction\",\"target\":[\"https:\/\/editorialmediterrania.com\/es\/producto\/el-gat-rumberu-una-cancion-contada-de-la-pegatina\/\"]}]},{\"@type\":\"ImageObject\",\"inLanguage\":\"es\",\"@id\":\"https:\/\/editorialmediterrania.com\/es\/producto\/el-gat-rumberu-una-cancion-contada-de-la-pegatina\/#primaryimage\",\"url\":\"https:\/\/editorialmediterrania.com\/wp-content\/uploads\/2026\/03\/Coberta_EL-GAT-RUMBERU.jpg\",\"contentUrl\":\"https:\/\/editorialmediterrania.com\/wp-content\/uploads\/2026\/03\/Coberta_EL-GAT-RUMBERU.jpg\",\"width\":1890,\"height\":1890},{\"@type\":\"BreadcrumbList\",\"@id\":\"https:\/\/editorialmediterrania.com\/es\/producto\/el-gat-rumberu-una-cancion-contada-de-la-pegatina\/#breadcrumb\",\"itemListElement\":[{\"@type\":\"ListItem\",\"position\":1,\"name\":\"Tienda de libros infantiles de arte\",\"item\":\"https:\/\/editorialmediterrania.com\/es\/tienda-de-libros-infantiles-arte\/\"},{\"@type\":\"ListItem\",\"position\":2,\"name\":\"Privat: El gat rumberu. Una canci\u00f3n contada de La Pegatina\"}]},{\"@type\":\"WebSite\",\"@id\":\"https:\/\/editorialmediterrania.com\/es\/#website\",\"url\":\"https:\/\/editorialmediterrania.com\/es\/\",\"name\":\"Editorial Mediterrania\",\"description\":\"Llibres que t\u2019obriran nous mons\",\"publisher\":{\"@id\":\"https:\/\/editorialmediterrania.com\/es\/#organization\"},\"alternateName\":\"Llibres infantils d'art, cultura i natura\",\"potentialAction\":[{\"@type\":\"SearchAction\",\"target\":{\"@type\":\"EntryPoint\",\"urlTemplate\":\"https:\/\/editorialmediterrania.com\/es\/?s={search_term_string}\"},\"query-input\":\"required name=search_term_string\"}],\"inLanguage\":\"es\"},{\"@type\":\"Organization\",\"@id\":\"https:\/\/editorialmediterrania.com\/es\/#organization\",\"name\":\"Editorial Mediterrania\",\"alternateName\":\"Llibres d'art, cultura i natura per infants i fam\u00edlies\",\"url\":\"https:\/\/editorialmediterrania.com\/es\/\",\"logo\":{\"@type\":\"ImageObject\",\"inLanguage\":\"es\",\"@id\":\"https:\/\/editorialmediterrania.com\/es\/#\/schema\/logo\/image\/\",\"url\":\"https:\/\/editorialmediterrania.com\/wp-content\/uploads\/2023\/03\/LOGO-ED_MEDITERRANIA_OK-2.png\",\"contentUrl\":\"https:\/\/editorialmediterrania.com\/wp-content\/uploads\/2023\/03\/LOGO-ED_MEDITERRANIA_OK-2.png\",\"width\":1200,\"height\":300,\"caption\":\"Editorial Mediterrania\"},\"image\":{\"@id\":\"https:\/\/editorialmediterrania.com\/es\/#\/schema\/logo\/image\/\"},\"sameAs\":[\"https:\/\/x.com\/edmediterrania\",\"https:\/\/www.instagram.com\/editorialmediterrania\/\"]}]}<\/script>\n<!-- \/ Yoast SEO plugin. -->","yoast_head_json":{"title":"El gat rumberu. Una canci\u00f3n contada de La Pegatina - Editorial Mediterr\u00e0nia","description":"El gat rumberu es un cuento basado en la canci\u00f3n hom\u00f3nima de La Pegatina que habla de un gato, divertido y alocado, que nos cuenta las peripecias de las siete vidas que ha vivido.","robots":{"index":"index","follow":"follow","max-snippet":"max-snippet:-1","max-image-preview":"max-image-preview:large","max-video-preview":"max-video-preview:-1"},"canonical":"https:\/\/editorialmediterrania.com\/es\/producto\/el-gat-rumberu-una-cancion-contada-de-la-pegatina\/","og_locale":"es_ES","og_type":"article","og_title":"El gat rumberu. Una canci\u00f3n contada de La Pegatina - Editorial Mediterr\u00e0nia","og_description":"El gat rumberu es un cuento basado en la canci\u00f3n hom\u00f3nima de La Pegatina que habla de un gato, divertido y alocado, que nos cuenta las peripecias de las siete vidas que ha vivido.","og_url":"https:\/\/editorialmediterrania.com\/es\/producto\/el-gat-rumberu-una-cancion-contada-de-la-pegatina\/","og_site_name":"Editorial Mediterr\u00e0nia","article_modified_time":"2026-04-01T07:57:12+00:00","og_image":[{"width":1890,"height":1890,"url":"https:\/\/editorialmediterrania.com\/wp-content\/uploads\/2026\/03\/Coberta_EL-GAT-RUMBERU.jpg","type":"image\/jpeg"}],"twitter_card":"summary_large_image","twitter_site":"@edmediterrania","schema":{"@context":"https:\/\/schema.org","@graph":[{"@type":"WebPage","@id":"https:\/\/editorialmediterrania.com\/es\/producto\/el-gat-rumberu-una-cancion-contada-de-la-pegatina\/","url":"https:\/\/editorialmediterrania.com\/es\/producto\/el-gat-rumberu-una-cancion-contada-de-la-pegatina\/","name":"El gat rumberu. Una canci\u00f3n contada de La Pegatina - Editorial Mediterr\u00e0nia","isPartOf":{"@id":"https:\/\/editorialmediterrania.com\/es\/#website"},"primaryImageOfPage":{"@id":"https:\/\/editorialmediterrania.com\/es\/producto\/el-gat-rumberu-una-cancion-contada-de-la-pegatina\/#primaryimage"},"image":{"@id":"https:\/\/editorialmediterrania.com\/es\/producto\/el-gat-rumberu-una-cancion-contada-de-la-pegatina\/#primaryimage"},"thumbnailUrl":"https:\/\/editorialmediterrania.com\/wp-content\/uploads\/2026\/03\/Coberta_EL-GAT-RUMBERU.jpg","datePublished":"2023-03-25T10:10:44+00:00","dateModified":"2026-04-01T07:57:12+00:00","description":"El gat rumberu es un cuento basado en la canci\u00f3n hom\u00f3nima de La Pegatina que habla de un gato, divertido y alocado, que nos cuenta las peripecias de las siete vidas que ha vivido.","breadcrumb":{"@id":"https:\/\/editorialmediterrania.com\/es\/producto\/el-gat-rumberu-una-cancion-contada-de-la-pegatina\/#breadcrumb"},"inLanguage":"es","potentialAction":[{"@type":"ReadAction","target":["https:\/\/editorialmediterrania.com\/es\/producto\/el-gat-rumberu-una-cancion-contada-de-la-pegatina\/"]}]},{"@type":"ImageObject","inLanguage":"es","@id":"https:\/\/editorialmediterrania.com\/es\/producto\/el-gat-rumberu-una-cancion-contada-de-la-pegatina\/#primaryimage","url":"https:\/\/editorialmediterrania.com\/wp-content\/uploads\/2026\/03\/Coberta_EL-GAT-RUMBERU.jpg","contentUrl":"https:\/\/editorialmediterrania.com\/wp-content\/uploads\/2026\/03\/Coberta_EL-GAT-RUMBERU.jpg","width":1890,"height":1890},{"@type":"BreadcrumbList","@id":"https:\/\/editorialmediterrania.com\/es\/producto\/el-gat-rumberu-una-cancion-contada-de-la-pegatina\/#breadcrumb","itemListElement":[{"@type":"ListItem","position":1,"name":"Tienda de libros infantiles de arte","item":"https:\/\/editorialmediterrania.com\/es\/tienda-de-libros-infantiles-arte\/"},{"@type":"ListItem","position":2,"name":"Privat: El gat rumberu. Una canci\u00f3n contada de La Pegatina"}]},{"@type":"WebSite","@id":"https:\/\/editorialmediterrania.com\/es\/#website","url":"https:\/\/editorialmediterrania.com\/es\/","name":"Editorial Mediterrania","description":"Llibres que t\u2019obriran nous mons","publisher":{"@id":"https:\/\/editorialmediterrania.com\/es\/#organization"},"alternateName":"Llibres infantils d'art, cultura i natura","potentialAction":[{"@type":"SearchAction","target":{"@type":"EntryPoint","urlTemplate":"https:\/\/editorialmediterrania.com\/es\/?s={search_term_string}"},"query-input":"required name=search_term_string"}],"inLanguage":"es"},{"@type":"Organization","@id":"https:\/\/editorialmediterrania.com\/es\/#organization","name":"Editorial Mediterrania","alternateName":"Llibres d'art, cultura i natura per infants i fam\u00edlies","url":"https:\/\/editorialmediterrania.com\/es\/","logo":{"@type":"ImageObject","inLanguage":"es","@id":"https:\/\/editorialmediterrania.com\/es\/#\/schema\/logo\/image\/","url":"https:\/\/editorialmediterrania.com\/wp-content\/uploads\/2023\/03\/LOGO-ED_MEDITERRANIA_OK-2.png","contentUrl":"https:\/\/editorialmediterrania.com\/wp-content\/uploads\/2023\/03\/LOGO-ED_MEDITERRANIA_OK-2.png","width":1200,"height":300,"caption":"Editorial Mediterrania"},"image":{"@id":"https:\/\/editorialmediterrania.com\/es\/#\/schema\/logo\/image\/"},"sameAs":["https:\/\/x.com\/edmediterrania","https:\/\/www.instagram.com\/editorialmediterrania\/"]}]}},"_links":{"self":[{"href":"https:\/\/editorialmediterrania.com\/es\/wp-json\/wp\/v2\/product\/49161","targetHints":{"allow":["GET"]}}],"collection":[{"href":"https:\/\/editorialmediterrania.com\/es\/wp-json\/wp\/v2\/product"}],"about":[{"href":"https:\/\/editorialmediterrania.com\/es\/wp-json\/wp\/v2\/types\/product"}],"wp:featuredmedia":[{"embeddable":true,"href":"https:\/\/editorialmediterrania.com\/es\/wp-json\/wp\/v2\/media\/49167"}],"wp:attachment":[{"href":"https:\/\/editorialmediterrania.com\/es\/wp-json\/wp\/v2\/media?parent=49161"}],"wp:term":[{"taxonomy":"product_cat","embeddable":true,"href":"https:\/\/editorialmediterrania.com\/es\/wp-json\/wp\/v2\/product_cat?post=49161"},{"taxonomy":"product_tag","embeddable":true,"href":"https:\/\/editorialmediterrania.com\/es\/wp-json\/wp\/v2\/product_tag?post=49161"},{"taxonomy":"autors","embeddable":true,"href":"https:\/\/editorialmediterrania.com\/es\/wp-json\/wp\/v2\/autors?post=49161"}],"curies":[{"name":"wp","href":"https:\/\/api.w.org\/{rel}","templated":true}]}}