{"id":49662,"date":"2026-05-14T11:45:46","date_gmt":"2026-05-14T09:45:46","guid":{"rendered":"https:\/\/editorialmediterrania.com\/producte\/pequena-historia-de-los-contaminantes-organicos-persistentes\/"},"modified":"2026-05-14T13:00:08","modified_gmt":"2026-05-14T11:00:08","slug":"pequena-historia-de-los-contaminantes-organicos-persistentes","status":"publish","type":"product","link":"https:\/\/editorialmediterrania.com\/es\/producto\/pequena-historia-de-los-contaminantes-organicos-persistentes\/","title":{"rendered":"Peque\u00f1a historia de los Contaminantes org\u00e1nicos persistentes"},"content":{"rendered":"<p>En un marco cada vez m\u00e1s urgente de lucha contra la contaminaci\u00f3n, y especialmente contra los COP (contaminantes org\u00e1nicos persistentes), nace la iniciativa de hacer un libro como \u00e9ste. Se ha intentado explicar, con el m\u00e1ximo rigor, un problema muy complejo que con demasiada frecuencia pasa desapercibido. Sin una tarea de divulgaci\u00f3n destinada a todas las generaciones, ser\u00e1 muy dif\u00edcil crear conciencia para resolver un problema que cada vez afecta a m\u00e1s personas en todo el mundo.<\/p>\n<p>&nbsp;<\/p>\n","protected":false},"excerpt":{"rendered":"<p class=\"p1\">Una Peque\u00f1a Historia que nos acerca al mundo de los <strong>contaminantes org\u00e1nicos persistentes<\/strong> y su impacto en el medio marino, con una mirada divulgativa y llena de detalles por descubrir. Un libro para <strong>aprender a observar el entorno<\/strong> con esp\u00edritu cr\u00edtico y conciencia ambiental.<\/p>\n<p>Creaci\u00f3n literaria de <strong>Jordi Moles Matinero<\/strong> con ilustraciones de <strong>Pilar\u00edn Bay\u00e9s.<\/strong><\/p>\n","protected":false},"featured_media":49469,"template":"","meta":[],"product_cat":[30,103],"product_tag":[],"autors":[],"class_list":{"0":"post-49662","1":"product","2":"type-product","3":"status-publish","4":"has-post-thumbnail","6":"product_cat-editorial-mediterrania","7":"product_cat-pequenas-historias","9":"first","10":"instock","11":"taxable","12":"shipping-taxable","13":"purchasable","14":"product-type-variable","swatches":"rey-swatches","show_selected":""},"acf":[],"yoast_head":"<!-- This site is optimized with the Yoast SEO plugin v22.8 - https:\/\/yoast.com\/wordpress\/plugins\/seo\/ -->\n<title>Peque\u00f1a historia de los Contaminantes org\u00e1nicos persistentes - Editorial Mediterr\u00e0nia<\/title>\n<meta name=\"description\" content=\"Una Peque\u00f1a Historia que nos acerca al mundo de los contaminantes org\u00e1nicos persistentes y su impacto en el medio marino, con una mirada divulgativa y llena de detalles por descubrir. Un libro para aprender a observar el entorno con esp\u00edritu cr\u00edtico y conciencia ambiental.\" \/>\n<meta name=\"robots\" content=\"index, follow, max-snippet:-1, max-image-preview:large, max-video-preview:-1\" \/>\n<link rel=\"canonical\" href=\"https:\/\/editorialmediterrania.com\/es\/producto\/pequena-historia-de-los-contaminantes-organicos-persistentes\/\" \/>\n<meta property=\"og:locale\" content=\"es_ES\" \/>\n<meta property=\"og:type\" content=\"article\" \/>\n<meta property=\"og:title\" content=\"Peque\u00f1a historia de los Contaminantes org\u00e1nicos persistentes - Editorial Mediterr\u00e0nia\" \/>\n<meta property=\"og:description\" content=\"Una Peque\u00f1a Historia que nos acerca al mundo de los contaminantes org\u00e1nicos persistentes y su impacto en el medio marino, con una mirada divulgativa y llena de detalles por descubrir. Un libro para aprender a observar el entorno con esp\u00edritu cr\u00edtico y conciencia ambiental.\" \/>\n<meta property=\"og:url\" content=\"https:\/\/editorialmediterrania.com\/es\/producto\/pequena-historia-de-los-contaminantes-organicos-persistentes\/\" \/>\n<meta property=\"og:site_name\" content=\"Editorial Mediterr\u00e0nia\" \/>\n<meta property=\"article:modified_time\" content=\"2026-05-14T11:00:08+00:00\" \/>\n<meta property=\"og:image\" content=\"https:\/\/editorialmediterrania.com\/wp-content\/uploads\/2026\/04\/PH-Contaminants-organics-persistents-847x1024.jpg\" \/>\n\t<meta property=\"og:image:width\" content=\"847\" \/>\n\t<meta property=\"og:image:height\" content=\"1024\" \/>\n\t<meta property=\"og:image:type\" content=\"image\/jpeg\" \/>\n<meta name=\"twitter:card\" content=\"summary_large_image\" \/>\n<meta name=\"twitter:site\" content=\"@edmediterrania\" \/>\n<script type=\"application\/ld+json\" class=\"yoast-schema-graph\">{\"@context\":\"https:\/\/schema.org\",\"@graph\":[{\"@type\":\"WebPage\",\"@id\":\"https:\/\/editorialmediterrania.com\/es\/producto\/pequena-historia-de-los-contaminantes-organicos-persistentes\/\",\"url\":\"https:\/\/editorialmediterrania.com\/es\/producto\/pequena-historia-de-los-contaminantes-organicos-persistentes\/\",\"name\":\"Peque\u00f1a historia de los Contaminantes org\u00e1nicos persistentes - Editorial Mediterr\u00e0nia\",\"isPartOf\":{\"@id\":\"https:\/\/editorialmediterrania.com\/es\/#website\"},\"primaryImageOfPage\":{\"@id\":\"https:\/\/editorialmediterrania.com\/es\/producto\/pequena-historia-de-los-contaminantes-organicos-persistentes\/#primaryimage\"},\"image\":{\"@id\":\"https:\/\/editorialmediterrania.com\/es\/producto\/pequena-historia-de-los-contaminantes-organicos-persistentes\/#primaryimage\"},\"thumbnailUrl\":\"https:\/\/editorialmediterrania.com\/wp-content\/uploads\/2026\/04\/PH-Contaminants-organics-persistents.jpg\",\"datePublished\":\"2026-05-14T09:45:46+00:00\",\"dateModified\":\"2026-05-14T11:00:08+00:00\",\"description\":\"Una Peque\u00f1a Historia que nos acerca al mundo de los contaminantes org\u00e1nicos persistentes y su impacto en el medio marino, con una mirada divulgativa y llena de detalles por descubrir. Un libro para aprender a observar el entorno con esp\u00edritu cr\u00edtico y conciencia ambiental.\",\"breadcrumb\":{\"@id\":\"https:\/\/editorialmediterrania.com\/es\/producto\/pequena-historia-de-los-contaminantes-organicos-persistentes\/#breadcrumb\"},\"inLanguage\":\"es\",\"potentialAction\":[{\"@type\":\"ReadAction\",\"target\":[\"https:\/\/editorialmediterrania.com\/es\/producto\/pequena-historia-de-los-contaminantes-organicos-persistentes\/\"]}]},{\"@type\":\"ImageObject\",\"inLanguage\":\"es\",\"@id\":\"https:\/\/editorialmediterrania.com\/es\/producto\/pequena-historia-de-los-contaminantes-organicos-persistentes\/#primaryimage\",\"url\":\"https:\/\/editorialmediterrania.com\/wp-content\/uploads\/2026\/04\/PH-Contaminants-organics-persistents.jpg\",\"contentUrl\":\"https:\/\/editorialmediterrania.com\/wp-content\/uploads\/2026\/04\/PH-Contaminants-organics-persistents.jpg\",\"width\":1346,\"height\":1627},{\"@type\":\"BreadcrumbList\",\"@id\":\"https:\/\/editorialmediterrania.com\/es\/producto\/pequena-historia-de-los-contaminantes-organicos-persistentes\/#breadcrumb\",\"itemListElement\":[{\"@type\":\"ListItem\",\"position\":1,\"name\":\"Tienda de libros infantiles de arte\",\"item\":\"https:\/\/editorialmediterrania.com\/es\/tienda-de-libros-infantiles-arte\/\"},{\"@type\":\"ListItem\",\"position\":2,\"name\":\"Peque\u00f1a historia de los Contaminantes org\u00e1nicos persistentes\"}]},{\"@type\":\"WebSite\",\"@id\":\"https:\/\/editorialmediterrania.com\/es\/#website\",\"url\":\"https:\/\/editorialmediterrania.com\/es\/\",\"name\":\"Editorial Mediterrania\",\"description\":\"Llibres que t\u2019obriran nous mons\",\"publisher\":{\"@id\":\"https:\/\/editorialmediterrania.com\/es\/#organization\"},\"alternateName\":\"Llibres infantils d'art, cultura i natura\",\"potentialAction\":[{\"@type\":\"SearchAction\",\"target\":{\"@type\":\"EntryPoint\",\"urlTemplate\":\"https:\/\/editorialmediterrania.com\/es\/?s={search_term_string}\"},\"query-input\":\"required name=search_term_string\"}],\"inLanguage\":\"es\"},{\"@type\":\"Organization\",\"@id\":\"https:\/\/editorialmediterrania.com\/es\/#organization\",\"name\":\"Editorial Mediterrania\",\"alternateName\":\"Llibres d'art, cultura i natura per infants i fam\u00edlies\",\"url\":\"https:\/\/editorialmediterrania.com\/es\/\",\"logo\":{\"@type\":\"ImageObject\",\"inLanguage\":\"es\",\"@id\":\"https:\/\/editorialmediterrania.com\/es\/#\/schema\/logo\/image\/\",\"url\":\"https:\/\/editorialmediterrania.com\/wp-content\/uploads\/2023\/03\/LOGO-ED_MEDITERRANIA_OK-2.png\",\"contentUrl\":\"https:\/\/editorialmediterrania.com\/wp-content\/uploads\/2023\/03\/LOGO-ED_MEDITERRANIA_OK-2.png\",\"width\":1200,\"height\":300,\"caption\":\"Editorial Mediterrania\"},\"image\":{\"@id\":\"https:\/\/editorialmediterrania.com\/es\/#\/schema\/logo\/image\/\"},\"sameAs\":[\"https:\/\/x.com\/edmediterrania\",\"https:\/\/www.instagram.com\/editorialmediterrania\/\"]}]}<\/script>\n<!-- \/ Yoast SEO plugin. -->","yoast_head_json":{"title":"Peque\u00f1a historia de los Contaminantes org\u00e1nicos persistentes - Editorial Mediterr\u00e0nia","description":"Una Peque\u00f1a Historia que nos acerca al mundo de los contaminantes org\u00e1nicos persistentes y su impacto en el medio marino, con una mirada divulgativa y llena de detalles por descubrir. Un libro para aprender a observar el entorno con esp\u00edritu cr\u00edtico y conciencia ambiental.","robots":{"index":"index","follow":"follow","max-snippet":"max-snippet:-1","max-image-preview":"max-image-preview:large","max-video-preview":"max-video-preview:-1"},"canonical":"https:\/\/editorialmediterrania.com\/es\/producto\/pequena-historia-de-los-contaminantes-organicos-persistentes\/","og_locale":"es_ES","og_type":"article","og_title":"Peque\u00f1a historia de los Contaminantes org\u00e1nicos persistentes - Editorial Mediterr\u00e0nia","og_description":"Una Peque\u00f1a Historia que nos acerca al mundo de los contaminantes org\u00e1nicos persistentes y su impacto en el medio marino, con una mirada divulgativa y llena de detalles por descubrir. Un libro para aprender a observar el entorno con esp\u00edritu cr\u00edtico y conciencia ambiental.","og_url":"https:\/\/editorialmediterrania.com\/es\/producto\/pequena-historia-de-los-contaminantes-organicos-persistentes\/","og_site_name":"Editorial Mediterr\u00e0nia","article_modified_time":"2026-05-14T11:00:08+00:00","og_image":[{"width":847,"height":1024,"url":"https:\/\/editorialmediterrania.com\/wp-content\/uploads\/2026\/04\/PH-Contaminants-organics-persistents-847x1024.jpg","type":"image\/jpeg"}],"twitter_card":"summary_large_image","twitter_site":"@edmediterrania","schema":{"@context":"https:\/\/schema.org","@graph":[{"@type":"WebPage","@id":"https:\/\/editorialmediterrania.com\/es\/producto\/pequena-historia-de-los-contaminantes-organicos-persistentes\/","url":"https:\/\/editorialmediterrania.com\/es\/producto\/pequena-historia-de-los-contaminantes-organicos-persistentes\/","name":"Peque\u00f1a historia de los Contaminantes org\u00e1nicos persistentes - Editorial Mediterr\u00e0nia","isPartOf":{"@id":"https:\/\/editorialmediterrania.com\/es\/#website"},"primaryImageOfPage":{"@id":"https:\/\/editorialmediterrania.com\/es\/producto\/pequena-historia-de-los-contaminantes-organicos-persistentes\/#primaryimage"},"image":{"@id":"https:\/\/editorialmediterrania.com\/es\/producto\/pequena-historia-de-los-contaminantes-organicos-persistentes\/#primaryimage"},"thumbnailUrl":"https:\/\/editorialmediterrania.com\/wp-content\/uploads\/2026\/04\/PH-Contaminants-organics-persistents.jpg","datePublished":"2026-05-14T09:45:46+00:00","dateModified":"2026-05-14T11:00:08+00:00","description":"Una Peque\u00f1a Historia que nos acerca al mundo de los contaminantes org\u00e1nicos persistentes y su impacto en el medio marino, con una mirada divulgativa y llena de detalles por descubrir. Un libro para aprender a observar el entorno con esp\u00edritu cr\u00edtico y conciencia ambiental.","breadcrumb":{"@id":"https:\/\/editorialmediterrania.com\/es\/producto\/pequena-historia-de-los-contaminantes-organicos-persistentes\/#breadcrumb"},"inLanguage":"es","potentialAction":[{"@type":"ReadAction","target":["https:\/\/editorialmediterrania.com\/es\/producto\/pequena-historia-de-los-contaminantes-organicos-persistentes\/"]}]},{"@type":"ImageObject","inLanguage":"es","@id":"https:\/\/editorialmediterrania.com\/es\/producto\/pequena-historia-de-los-contaminantes-organicos-persistentes\/#primaryimage","url":"https:\/\/editorialmediterrania.com\/wp-content\/uploads\/2026\/04\/PH-Contaminants-organics-persistents.jpg","contentUrl":"https:\/\/editorialmediterrania.com\/wp-content\/uploads\/2026\/04\/PH-Contaminants-organics-persistents.jpg","width":1346,"height":1627},{"@type":"BreadcrumbList","@id":"https:\/\/editorialmediterrania.com\/es\/producto\/pequena-historia-de-los-contaminantes-organicos-persistentes\/#breadcrumb","itemListElement":[{"@type":"ListItem","position":1,"name":"Tienda de libros infantiles de arte","item":"https:\/\/editorialmediterrania.com\/es\/tienda-de-libros-infantiles-arte\/"},{"@type":"ListItem","position":2,"name":"Peque\u00f1a historia de los Contaminantes org\u00e1nicos persistentes"}]},{"@type":"WebSite","@id":"https:\/\/editorialmediterrania.com\/es\/#website","url":"https:\/\/editorialmediterrania.com\/es\/","name":"Editorial Mediterrania","description":"Llibres que t\u2019obriran nous mons","publisher":{"@id":"https:\/\/editorialmediterrania.com\/es\/#organization"},"alternateName":"Llibres infantils d'art, cultura i natura","potentialAction":[{"@type":"SearchAction","target":{"@type":"EntryPoint","urlTemplate":"https:\/\/editorialmediterrania.com\/es\/?s={search_term_string}"},"query-input":"required name=search_term_string"}],"inLanguage":"es"},{"@type":"Organization","@id":"https:\/\/editorialmediterrania.com\/es\/#organization","name":"Editorial Mediterrania","alternateName":"Llibres d'art, cultura i natura per infants i fam\u00edlies","url":"https:\/\/editorialmediterrania.com\/es\/","logo":{"@type":"ImageObject","inLanguage":"es","@id":"https:\/\/editorialmediterrania.com\/es\/#\/schema\/logo\/image\/","url":"https:\/\/editorialmediterrania.com\/wp-content\/uploads\/2023\/03\/LOGO-ED_MEDITERRANIA_OK-2.png","contentUrl":"https:\/\/editorialmediterrania.com\/wp-content\/uploads\/2023\/03\/LOGO-ED_MEDITERRANIA_OK-2.png","width":1200,"height":300,"caption":"Editorial Mediterrania"},"image":{"@id":"https:\/\/editorialmediterrania.com\/es\/#\/schema\/logo\/image\/"},"sameAs":["https:\/\/x.com\/edmediterrania","https:\/\/www.instagram.com\/editorialmediterrania\/"]}]}},"_links":{"self":[{"href":"https:\/\/editorialmediterrania.com\/es\/wp-json\/wp\/v2\/product\/49662","targetHints":{"allow":["GET"]}}],"collection":[{"href":"https:\/\/editorialmediterrania.com\/es\/wp-json\/wp\/v2\/product"}],"about":[{"href":"https:\/\/editorialmediterrania.com\/es\/wp-json\/wp\/v2\/types\/product"}],"wp:featuredmedia":[{"embeddable":true,"href":"https:\/\/editorialmediterrania.com\/es\/wp-json\/wp\/v2\/media\/49469"}],"wp:attachment":[{"href":"https:\/\/editorialmediterrania.com\/es\/wp-json\/wp\/v2\/media?parent=49662"}],"wp:term":[{"taxonomy":"product_cat","embeddable":true,"href":"https:\/\/editorialmediterrania.com\/es\/wp-json\/wp\/v2\/product_cat?post=49662"},{"taxonomy":"product_tag","embeddable":true,"href":"https:\/\/editorialmediterrania.com\/es\/wp-json\/wp\/v2\/product_tag?post=49662"},{"taxonomy":"autors","embeddable":true,"href":"https:\/\/editorialmediterrania.com\/es\/wp-json\/wp\/v2\/autors?post=49662"}],"curies":[{"name":"wp","href":"https:\/\/api.w.org\/{rel}","templated":true}]}}